{"id":295,"date":"2026-03-02T04:11:09","date_gmt":"2026-03-02T04:11:09","guid":{"rendered":"https:\/\/lydaily.qweb.com.vn\/?post_type=product&#038;p=295"},"modified":"2026-03-13T05:52:17","modified_gmt":"2026-03-13T05:52:17","slug":"vien-nhai-canxi-ca-tuyet-fine-japan-vi-socola-70-vien","status":"publish","type":"product","link":"https:\/\/lydaily.vn\/jp\/san-pham\/vien-nhai-canxi-ca-tuyet-fine-japan-vi-socola-70-vien\/","title":{"rendered":"Vi\u00ean nhai canxi c\u00e1 tuy\u1ebft Fine Japan v\u1ecb socola 70 vi\u00ean"},"content":{"rendered":"<h2><strong>Th\u00e0nh ph\u1ea7n<\/strong><\/h2>\n<p>Canxi t\u1eeb x\u01b0\u01a1ng c\u00e1 tuy\u1ebft: B\u1ed5 sung canxi t\u1ef1 nhi\u00ean, d\u1ec5 h\u1ea5p thu, gi\u00fap x\u01b0\u01a1ng v\u00e0 r\u0103ng ch\u1eafc kh\u1ecfe, h\u1ed7 tr\u1ee3 ph\u00e1t tri\u1ec3n chi\u1ec1u cao, ph\u00f2ng c\u00f2i x\u01b0\u01a1ng, lo\u00e3ng x\u01b0\u01a1ng.<\/p>\n<p>Vitamin D3: Gi\u00fap c\u01a1 th\u1ec3 h\u1ea5p thu canxi t\u1ed1t h\u01a1n, h\u1ed7 tr\u1ee3 x\u01b0\u01a1ng d\u00e0i v\u00e0 ch\u1eafc, t\u0103ng s\u1ee9c \u0111\u1ec1 kh\u00e1ng.<\/p>\n<p>Vitamin K: Gi\u00fap canxi g\u1eafn v\u00e0o x\u01b0\u01a1ng \u0111\u00fang ch\u1ed7, tr\u00e1nh l\u1eafng \u0111\u1ecdng \u1edf m\u1ea1ch m\u00e1u, t\u0103ng m\u1eadt \u0111\u1ed9 x\u01b0\u01a1ng, ng\u0103n lo\u00e3ng x\u01b0\u01a1ng s\u1edbm.<\/p>\n<p>Vitamin C: H\u1ed7 tr\u1ee3 t\u1ea1o collagen cho x\u01b0\u01a1ng v\u00e0 s\u1ee5n, gi\u00fap da, n\u01b0\u1edbu kh\u1ecfe m\u1ea1nh v\u00e0 t\u0103ng h\u1ea5p thu s\u1eaft.<\/p>\n<div>\n<h2><strong>C\u00f4ng d\u1ee5ng s\u1ea3n ph\u1ea9m<\/strong><\/h2>\n<div>\n<p>Ngu\u1ed3n canxi t\u1eeb x\u01b0\u01a1ng c\u00e1 tuy\u1ebft (natural marine calcium) \u2013 d\u1ec5 h\u1ea5p thu v\u00e0 th\u00e2n thi\u1ec7n v\u1edbi c\u01a1 th\u1ec3.<\/p>\n<p>C\u00f4ng th\u1ee9c b\u1ed5 sung vitamin D3, vitamin K, v\u00e0 c\u00e1c vi ch\u1ea5t gi\u00fap t\u0103ng h\u1ea5p thu canxi, h\u1ed7 tr\u1ee3 x\u01b0\u01a1ng &amp; r\u0103ng ch\u1eafc kh\u1ecfe.<\/p>\n<p>G\u00f3i nh\u1ecf g\u1ecdn, ti\u1ec7n d\u00f9ng cho tr\u1ebb em, d\u1ea1ng vi\u00ean nhai ho\u1eb7c u\u1ed1ng, ph\u00f9 h\u1ee3p v\u1edbi tr\u1ebb t\u1eeb 6 tu\u1ed5i.<\/p>\n<p>H\u1ed7 tr\u1ee3 b\u1ed5 sung canxi v\u00e0 vitamin gi\u00fap t\u0103ng c\u01b0\u1eddng h\u1ea5p thu canxi v\u00e0 h\u1ed7 tr\u1ee3 x\u01b0\u01a1ng \u2013 r\u0103ng ch\u1eafc kh\u1ecfe cho tr\u1ebb em.<\/p>\n<p>H\u1ed7 tr\u1ee3 ph\u00e1t tri\u1ec3n h\u1ec7 x\u01b0\u01a1ng v\u00e0 r\u0103ng kh\u1ecfe m\u1ea1nh trong giai \u0111o\u1ea1n ph\u00e1t tri\u1ec3n c\u1ee7a tr\u1ebb.<\/p>\n<p>H\u1ed7 tr\u1ee3 b\u1ed5 sung vi ch\u1ea5t khi ch\u1ebf \u0111\u1ed9 \u0103n h\u00e0ng ng\u00e0y c\u00f3 th\u1ec3 thi\u1ebfu canxi ho\u1eb7c vitamin D, K.<\/p>\n<h2><strong>\u0110\u1ed1i t\u01b0\u1ee3ng s\u1eed d\u1ee5ng<\/strong><\/h2>\n<div>\n<p>Tr\u1ebb em t\u1eeb 6 tu\u1ed5i tr\u1edf l\u00ean c\u00f3 nhu c\u1ea7u b\u1ed5 sung canxi v\u00e0 vi ch\u1ea5t \u0111\u1ec3 ph\u00e1t tri\u1ec3n x\u01b0\u01a1ng, r\u0103ng kh\u1ecfe m\u1ea1nh.<\/p>\n<p>Tr\u1ebb em c\u00f3 ch\u1ebf \u0111\u1ed9 \u0103n thi\u1ebfu canxi (\u00edt u\u1ed1ng s\u1eefa, \u00edt \u0103n c\u00e1, h\u1ea3i s\u1ea3n) ho\u1eb7c \u0111ang trong giai \u0111o\u1ea1n ph\u00e1t tri\u1ec3n nhanh (t\u0103ng chi\u1ec1u cao).<\/p>\n<p>Ph\u1ee5 huynh c\u00f3 nhu c\u1ea7u b\u1ed5 sung dinh d\u01b0\u1ee1ng cho con \u0111\u1ec3 \u0111\u1ea3m b\u1ea3o ph\u00e1t tri\u1ec3n to\u00e0n di\u1ec7n v\u1ec1 x\u01b0\u01a1ng v\u00e0 s\u1ee9c kh\u1ecfe.<\/p>\n<p><strong>H\u01b0\u1edbng d\u1eabn s\u1eed d\u1ee5ng<\/strong><\/p>\n<p>Li\u1ec1u d\u00f9ng: 10 vi\u00ean m\u1ed7i ng\u00e0y, nhai k\u1ef9 r\u1ed3i u\u1ed1ng v\u1edbi n\u01b0\u1edbc.<\/p>\n<p>Tr\u1ebb em t\u1eeb 6 tu\u1ed5i c\u1ea7n c\u00f3 ng\u01b0\u1eddi l\u1edbn gi\u00e1m s\u00e1t s\u1eed d\u1ee5ng \u0111\u1ec3 tr\u00e1nh b\u1ecb ngh\u1eb9n.<\/p>\n<\/div>\n<\/div>\n<\/div>\n","protected":false},"excerpt":{"rendered":"<p>Vi\u00ean nhai canxi c\u00e1 tuy\u1ebft Fine Japan l\u00e0 m\u1ed9t s\u1ea3n ph\u1ea9m b\u1ed5 sung canxi v\u00e0 c\u00e1c d\u01b0\u1ee1ng ch\u1ea5t h\u1ed7 tr\u1ee3 x\u01b0\u01a1ng \u0111\u01b0\u1ee3c \u01b0a chu\u1ed9ng c\u1ee7a th\u01b0\u01a1ng hi\u1ec7u Fine Japan Co., Ltd., m\u1ed9t c\u00f4ng ty n\u1ed5i ti\u1ebfng v\u1edbi c\u00e1c s\u1ea3n ph\u1ea9m s\u1ee9c kh\u1ecfe ch\u1ea5t l\u01b0\u1ee3ng cao. S\u1ea3n ph\u1ea9m \u0111\u1eb7c bi\u1ec7t s\u1eed d\u1ee5ng ngu\u1ed3n Canxi t\u1ef1 nhi\u00ean chi\u1ebft xu\u1ea5t t\u1eeb x\u01b0\u01a1ng c\u00e1 tuy\u1ebft (Fish Bone Calcium), m\u1ed9t d\u1ea1ng canxi d\u1ec5 h\u1ea5p thu v\u00e0 th\u00e2n thi\u1ec7n v\u1edbi c\u01a1 th\u1ec3.<\/p>\n<p><strong>&#8211; Th\u01b0\u01a1ng hi\u1ec7u:<\/strong>\u00a0Fine Japan<br \/>\n<strong>&#8211; Xu\u1ea5t x\u1ee9:\u00a0<\/strong>Nh\u1eadt B\u1ea3n<br \/>\n<strong>&#8211; Quy c\u00e1ch \u0111\u00f3ng g\u00f3i:\u00a0<\/strong>H\u1ed9p 70 vi\u00ean<\/p>\n<h2><strong>Th\u00e0nh ph\u1ea7n<\/strong><\/h2>\n<p>Canxi t\u1eeb x\u01b0\u01a1ng c\u00e1 tuy\u1ebft: B\u1ed5 sung canxi t\u1ef1 nhi\u00ean, d\u1ec5 h\u1ea5p thu, gi\u00fap x\u01b0\u01a1ng v\u00e0 r\u0103ng ch\u1eafc kh\u1ecfe, h\u1ed7 tr\u1ee3 ph\u00e1t tri\u1ec3n chi\u1ec1u cao, ph\u00f2ng c\u00f2i x\u01b0\u01a1ng, lo\u00e3ng x\u01b0\u01a1ng.<\/p>\n<p>Vitamin D3: Gi\u00fap c\u01a1 th\u1ec3 h\u1ea5p thu canxi t\u1ed1t h\u01a1n, h\u1ed7 tr\u1ee3 x\u01b0\u01a1ng d\u00e0i v\u00e0 ch\u1eafc, t\u0103ng s\u1ee9c \u0111\u1ec1 kh\u00e1ng.<\/p>\n<p>Vitamin K: Gi\u00fap canxi g\u1eafn v\u00e0o x\u01b0\u01a1ng \u0111\u00fang ch\u1ed7, tr\u00e1nh l\u1eafng \u0111\u1ecdng \u1edf m\u1ea1ch m\u00e1u, t\u0103ng m\u1eadt \u0111\u1ed9 x\u01b0\u01a1ng, ng\u0103n lo\u00e3ng x\u01b0\u01a1ng s\u1edbm.<\/p>\n<p>Vitamin C: H\u1ed7 tr\u1ee3 t\u1ea1o collagen cho x\u01b0\u01a1ng v\u00e0 s\u1ee5n, gi\u00fap da, n\u01b0\u1edbu kh\u1ecfe m\u1ea1nh v\u00e0 t\u0103ng h\u1ea5p thu s\u1eaft.<\/p>\n<div>\n<h2><strong>C\u00f4ng d\u1ee5ng s\u1ea3n ph\u1ea9m<\/strong><\/h2>\n<div>\n<p>Ngu\u1ed3n canxi t\u1eeb x\u01b0\u01a1ng c\u00e1 tuy\u1ebft (natural marine calcium) \u2013 d\u1ec5 h\u1ea5p thu v\u00e0 th\u00e2n thi\u1ec7n v\u1edbi c\u01a1 th\u1ec3.<\/p>\n<p>C\u00f4ng th\u1ee9c b\u1ed5 sung vitamin D3, vitamin K, v\u00e0 c\u00e1c vi ch\u1ea5t gi\u00fap t\u0103ng h\u1ea5p thu canxi, h\u1ed7 tr\u1ee3 x\u01b0\u01a1ng &amp; r\u0103ng ch\u1eafc kh\u1ecfe.<\/p>\n<p>G\u00f3i nh\u1ecf g\u1ecdn, ti\u1ec7n d\u00f9ng cho tr\u1ebb em, d\u1ea1ng vi\u00ean nhai ho\u1eb7c u\u1ed1ng, ph\u00f9 h\u1ee3p v\u1edbi tr\u1ebb t\u1eeb 6 tu\u1ed5i.<\/p>\n<p>H\u1ed7 tr\u1ee3 b\u1ed5 sung canxi v\u00e0 vitamin gi\u00fap t\u0103ng c\u01b0\u1eddng h\u1ea5p thu canxi v\u00e0 h\u1ed7 tr\u1ee3 x\u01b0\u01a1ng \u2013 r\u0103ng ch\u1eafc kh\u1ecfe cho tr\u1ebb em.<\/p>\n<p>H\u1ed7 tr\u1ee3 ph\u00e1t tri\u1ec3n h\u1ec7 x\u01b0\u01a1ng v\u00e0 r\u0103ng kh\u1ecfe m\u1ea1nh trong giai \u0111o\u1ea1n ph\u00e1t tri\u1ec3n c\u1ee7a tr\u1ebb.<\/p>\n<\/div>\n<\/div>\n","protected":false},"featured_media":296,"comment_status":"open","ping_status":"closed","template":"","meta":[],"product_brand":[],"product_cat":[21],"product_tag":[],"class_list":{"0":"post-295","1":"product","2":"type-product","3":"status-publish","4":"has-post-thumbnail","6":"product_cat-thuc-pham-chuc-nang","8":"first","9":"instock","10":"shipping-taxable","11":"purchasable","12":"product-type-simple"},"yoast_head":"<!-- This site is optimized with the Yoast SEO Premium plugin v22.3 (Yoast SEO v27.1.1) - https:\/\/yoast.com\/product\/yoast-seo-premium-wordpress\/ -->\n<title>Vi\u00ean nhai canxi c\u00e1 tuy\u1ebft Fine Japan v\u1ecb socola 70 vi\u00ean - Ly Daily<\/title>\n<meta name=\"robots\" content=\"index, follow, max-snippet:-1, max-image-preview:large, max-video-preview:-1\" \/>\n<link rel=\"canonical\" href=\"https:\/\/lydaily.vn\/jp\/san-pham\/vien-nhai-canxi-ca-tuyet-fine-japan-vi-socola-70-vien\/\" \/>\n<meta property=\"og:locale\" content=\"vi_VN\" \/>\n<meta property=\"og:type\" content=\"article\" \/>\n<meta property=\"og:title\" content=\"Vi\u00ean nhai canxi c\u00e1 tuy\u1ebft Fine Japan v\u1ecb socola 70 vi\u00ean\" \/>\n<meta property=\"og:description\" content=\"Vi\u00ean nhai canxi c\u00e1 tuy\u1ebft Fine Japan l\u00e0 m\u1ed9t s\u1ea3n ph\u1ea9m b\u1ed5 sung canxi v\u00e0 c\u00e1c d\u01b0\u1ee1ng ch\u1ea5t h\u1ed7 tr\u1ee3 x\u01b0\u01a1ng \u0111\u01b0\u1ee3c \u01b0a chu\u1ed9ng c\u1ee7a th\u01b0\u01a1ng hi\u1ec7u Fine Japan Co., Ltd., m\u1ed9t c\u00f4ng ty n\u1ed5i ti\u1ebfng v\u1edbi c\u00e1c s\u1ea3n ph\u1ea9m s\u1ee9c kh\u1ecfe ch\u1ea5t l\u01b0\u1ee3ng cao. S\u1ea3n ph\u1ea9m \u0111\u1eb7c bi\u1ec7t s\u1eed d\u1ee5ng ngu\u1ed3n Canxi t\u1ef1 nhi\u00ean chi\u1ebft xu\u1ea5t t\u1eeb x\u01b0\u01a1ng c\u00e1 tuy\u1ebft (Fish Bone Calcium), m\u1ed9t d\u1ea1ng canxi d\u1ec5 h\u1ea5p thu v\u00e0 th\u00e2n thi\u1ec7n v\u1edbi c\u01a1 th\u1ec3.  - Th\u01b0\u01a1ng hi\u1ec7u:\u00a0Fine Japan - Xu\u1ea5t x\u1ee9:\u00a0Nh\u1eadt B\u1ea3n - Quy c\u00e1ch \u0111\u00f3ng g\u00f3i:\u00a0H\u1ed9p 70 vi\u00ean Th\u00e0nh ph\u1ea7n Canxi t\u1eeb x\u01b0\u01a1ng c\u00e1 tuy\u1ebft: B\u1ed5 sung canxi t\u1ef1 nhi\u00ean, d\u1ec5 h\u1ea5p thu, gi\u00fap x\u01b0\u01a1ng v\u00e0 r\u0103ng ch\u1eafc kh\u1ecfe, h\u1ed7 tr\u1ee3 ph\u00e1t tri\u1ec3n chi\u1ec1u cao, ph\u00f2ng c\u00f2i x\u01b0\u01a1ng, lo\u00e3ng x\u01b0\u01a1ng.  Vitamin D3: Gi\u00fap c\u01a1 th\u1ec3 h\u1ea5p thu canxi t\u1ed1t h\u01a1n, h\u1ed7 tr\u1ee3 x\u01b0\u01a1ng d\u00e0i v\u00e0 ch\u1eafc, t\u0103ng s\u1ee9c \u0111\u1ec1 kh\u00e1ng.  Vitamin K: Gi\u00fap canxi g\u1eafn v\u00e0o x\u01b0\u01a1ng \u0111\u00fang ch\u1ed7, tr\u00e1nh l\u1eafng \u0111\u1ecdng \u1edf m\u1ea1ch m\u00e1u, t\u0103ng m\u1eadt \u0111\u1ed9 x\u01b0\u01a1ng, ng\u0103n lo\u00e3ng x\u01b0\u01a1ng s\u1edbm.  Vitamin C: H\u1ed7 tr\u1ee3 t\u1ea1o collagen cho x\u01b0\u01a1ng v\u00e0 s\u1ee5n, gi\u00fap da, n\u01b0\u1edbu kh\u1ecfe m\u1ea1nh v\u00e0 t\u0103ng h\u1ea5p thu s\u1eaft.  C\u00f4ng d\u1ee5ng s\u1ea3n ph\u1ea9m   Ngu\u1ed3n canxi t\u1eeb x\u01b0\u01a1ng c\u00e1 tuy\u1ebft (natural marine calcium) \u2013 d\u1ec5 h\u1ea5p thu v\u00e0 th\u00e2n thi\u1ec7n v\u1edbi c\u01a1 th\u1ec3.  C\u00f4ng th\u1ee9c b\u1ed5 sung vitamin D3, vitamin K, v\u00e0 c\u00e1c vi ch\u1ea5t gi\u00fap t\u0103ng h\u1ea5p thu canxi, h\u1ed7 tr\u1ee3 x\u01b0\u01a1ng &amp; r\u0103ng ch\u1eafc kh\u1ecfe.  G\u00f3i nh\u1ecf g\u1ecdn, ti\u1ec7n d\u00f9ng cho tr\u1ebb em, d\u1ea1ng vi\u00ean nhai ho\u1eb7c u\u1ed1ng, ph\u00f9 h\u1ee3p v\u1edbi tr\u1ebb t\u1eeb 6 tu\u1ed5i.  H\u1ed7 tr\u1ee3 b\u1ed5 sung canxi v\u00e0 vitamin gi\u00fap t\u0103ng c\u01b0\u1eddng h\u1ea5p thu canxi v\u00e0 h\u1ed7 tr\u1ee3 x\u01b0\u01a1ng \u2013 r\u0103ng ch\u1eafc kh\u1ecfe cho tr\u1ebb em.  H\u1ed7 tr\u1ee3 ph\u00e1t tri\u1ec3n h\u1ec7 x\u01b0\u01a1ng v\u00e0 r\u0103ng kh\u1ecfe m\u1ea1nh trong giai \u0111o\u1ea1n ph\u00e1t tri\u1ec3n c\u1ee7a tr\u1ebb.\" \/>\n<meta property=\"og:url\" content=\"https:\/\/lydaily.vn\/jp\/san-pham\/vien-nhai-canxi-ca-tuyet-fine-japan-vi-socola-70-vien\/\" \/>\n<meta property=\"og:site_name\" content=\"Ly Daily\" \/>\n<meta property=\"article:modified_time\" content=\"2026-03-13T05:52:17+00:00\" \/>\n<meta property=\"og:image\" content=\"https:\/\/lydaily.vn\/jp\/wp-content\/uploads\/2026\/03\/Vien-nhai-canxi-ca-tuyet-Fine-Japan-vi-socola-70-vien.jpg\" \/>\n\t<meta property=\"og:image:width\" content=\"2048\" \/>\n\t<meta property=\"og:image:height\" content=\"2048\" \/>\n\t<meta property=\"og:image:type\" content=\"image\/jpeg\" \/>\n<meta name=\"twitter:card\" content=\"summary_large_image\" \/>\n<meta name=\"twitter:label1\" content=\"\u01af\u1edbc t\u00ednh th\u1eddi gian \u0111\u1ecdc\" \/>\n\t<meta name=\"twitter:data1\" content=\"3 ph\u00fat\" \/>\n<script type=\"application\/ld+json\" class=\"yoast-schema-graph\">{\"@context\":\"https:\/\/schema.org\",\"@graph\":[{\"@type\":\"WebPage\",\"@id\":\"https:\/\/lydaily.vn\/jp\/san-pham\/vien-nhai-canxi-ca-tuyet-fine-japan-vi-socola-70-vien\/\",\"url\":\"https:\/\/lydaily.vn\/jp\/san-pham\/vien-nhai-canxi-ca-tuyet-fine-japan-vi-socola-70-vien\/\",\"name\":\"Vi\u00ean nhai canxi c\u00e1 tuy\u1ebft Fine Japan v\u1ecb socola 70 vi\u00ean - Ly Daily\",\"isPartOf\":{\"@id\":\"https:\/\/lydaily.vn\/jp\/#website\"},\"primaryImageOfPage\":{\"@id\":\"https:\/\/lydaily.vn\/jp\/san-pham\/vien-nhai-canxi-ca-tuyet-fine-japan-vi-socola-70-vien\/#primaryimage\"},\"image\":{\"@id\":\"https:\/\/lydaily.vn\/jp\/san-pham\/vien-nhai-canxi-ca-tuyet-fine-japan-vi-socola-70-vien\/#primaryimage\"},\"thumbnailUrl\":\"https:\/\/lydaily.vn\/jp\/wp-content\/uploads\/2026\/03\/Vien-nhai-canxi-ca-tuyet-Fine-Japan-vi-socola-70-vien.jpg\",\"datePublished\":\"2026-03-02T04:11:09+00:00\",\"dateModified\":\"2026-03-13T05:52:17+00:00\",\"breadcrumb\":{\"@id\":\"https:\/\/lydaily.vn\/jp\/san-pham\/vien-nhai-canxi-ca-tuyet-fine-japan-vi-socola-70-vien\/#breadcrumb\"},\"inLanguage\":\"vi\",\"potentialAction\":[{\"@type\":\"ReadAction\",\"target\":[\"https:\/\/lydaily.vn\/jp\/san-pham\/vien-nhai-canxi-ca-tuyet-fine-japan-vi-socola-70-vien\/\"]}]},{\"@type\":\"ImageObject\",\"inLanguage\":\"vi\",\"@id\":\"https:\/\/lydaily.vn\/jp\/san-pham\/vien-nhai-canxi-ca-tuyet-fine-japan-vi-socola-70-vien\/#primaryimage\",\"url\":\"https:\/\/lydaily.vn\/jp\/wp-content\/uploads\/2026\/03\/Vien-nhai-canxi-ca-tuyet-Fine-Japan-vi-socola-70-vien.jpg\",\"contentUrl\":\"https:\/\/lydaily.vn\/jp\/wp-content\/uploads\/2026\/03\/Vien-nhai-canxi-ca-tuyet-Fine-Japan-vi-socola-70-vien.jpg\",\"width\":2048,\"height\":2048},{\"@type\":\"BreadcrumbList\",\"@id\":\"https:\/\/lydaily.vn\/jp\/san-pham\/vien-nhai-canxi-ca-tuyet-fine-japan-vi-socola-70-vien\/#breadcrumb\",\"itemListElement\":[{\"@type\":\"ListItem\",\"position\":1,\"name\":\"Home\",\"item\":\"https:\/\/lydaily.vn\/jp\/\"},{\"@type\":\"ListItem\",\"position\":2,\"name\":\"S\u1ea3n ph\u1ea9m\",\"item\":\"https:\/\/lydaily.vn\/jp\/san-pham\/\"},{\"@type\":\"ListItem\",\"position\":3,\"name\":\"Vi\u00ean nhai canxi c\u00e1 tuy\u1ebft Fine Japan v\u1ecb socola 70 vi\u00ean\"}]},{\"@type\":\"WebSite\",\"@id\":\"https:\/\/lydaily.vn\/jp\/#website\",\"url\":\"https:\/\/lydaily.vn\/jp\/\",\"name\":\"Ly Daily\",\"description\":\"Th\u1ef1c Ph\u1ea9m Ch\u1ee9c N\u0103ng &amp; M\u1ef9 Ph\u1ea9m t\u1ea1i Nh\u1eadt B\u1ea3n v\u00e0 Vi\u1ec7t Nam\",\"potentialAction\":[{\"@type\":\"SearchAction\",\"target\":{\"@type\":\"EntryPoint\",\"urlTemplate\":\"https:\/\/lydaily.vn\/jp\/?s={search_term_string}\"},\"query-input\":{\"@type\":\"PropertyValueSpecification\",\"valueRequired\":true,\"valueName\":\"search_term_string\"}}],\"inLanguage\":\"vi\"}]}<\/script>\n<!-- \/ Yoast SEO Premium plugin. -->","yoast_head_json":{"title":"Vi\u00ean nhai canxi c\u00e1 tuy\u1ebft Fine Japan v\u1ecb socola 70 vi\u00ean - Ly Daily","robots":{"index":"index","follow":"follow","max-snippet":"max-snippet:-1","max-image-preview":"max-image-preview:large","max-video-preview":"max-video-preview:-1"},"canonical":"https:\/\/lydaily.vn\/jp\/san-pham\/vien-nhai-canxi-ca-tuyet-fine-japan-vi-socola-70-vien\/","og_locale":"vi_VN","og_type":"article","og_title":"Vi\u00ean nhai canxi c\u00e1 tuy\u1ebft Fine Japan v\u1ecb socola 70 vi\u00ean","og_description":"Vi\u00ean nhai canxi c\u00e1 tuy\u1ebft Fine Japan l\u00e0 m\u1ed9t s\u1ea3n ph\u1ea9m b\u1ed5 sung canxi v\u00e0 c\u00e1c d\u01b0\u1ee1ng ch\u1ea5t h\u1ed7 tr\u1ee3 x\u01b0\u01a1ng \u0111\u01b0\u1ee3c \u01b0a chu\u1ed9ng c\u1ee7a th\u01b0\u01a1ng hi\u1ec7u Fine Japan Co., Ltd., m\u1ed9t c\u00f4ng ty n\u1ed5i ti\u1ebfng v\u1edbi c\u00e1c s\u1ea3n ph\u1ea9m s\u1ee9c kh\u1ecfe ch\u1ea5t l\u01b0\u1ee3ng cao. S\u1ea3n ph\u1ea9m \u0111\u1eb7c bi\u1ec7t s\u1eed d\u1ee5ng ngu\u1ed3n Canxi t\u1ef1 nhi\u00ean chi\u1ebft xu\u1ea5t t\u1eeb x\u01b0\u01a1ng c\u00e1 tuy\u1ebft (Fish Bone Calcium), m\u1ed9t d\u1ea1ng canxi d\u1ec5 h\u1ea5p thu v\u00e0 th\u00e2n thi\u1ec7n v\u1edbi c\u01a1 th\u1ec3.  - Th\u01b0\u01a1ng hi\u1ec7u:\u00a0Fine Japan - Xu\u1ea5t x\u1ee9:\u00a0Nh\u1eadt B\u1ea3n - Quy c\u00e1ch \u0111\u00f3ng g\u00f3i:\u00a0H\u1ed9p 70 vi\u00ean Th\u00e0nh ph\u1ea7n Canxi t\u1eeb x\u01b0\u01a1ng c\u00e1 tuy\u1ebft: B\u1ed5 sung canxi t\u1ef1 nhi\u00ean, d\u1ec5 h\u1ea5p thu, gi\u00fap x\u01b0\u01a1ng v\u00e0 r\u0103ng ch\u1eafc kh\u1ecfe, h\u1ed7 tr\u1ee3 ph\u00e1t tri\u1ec3n chi\u1ec1u cao, ph\u00f2ng c\u00f2i x\u01b0\u01a1ng, lo\u00e3ng x\u01b0\u01a1ng.  Vitamin D3: Gi\u00fap c\u01a1 th\u1ec3 h\u1ea5p thu canxi t\u1ed1t h\u01a1n, h\u1ed7 tr\u1ee3 x\u01b0\u01a1ng d\u00e0i v\u00e0 ch\u1eafc, t\u0103ng s\u1ee9c \u0111\u1ec1 kh\u00e1ng.  Vitamin K: Gi\u00fap canxi g\u1eafn v\u00e0o x\u01b0\u01a1ng \u0111\u00fang ch\u1ed7, tr\u00e1nh l\u1eafng \u0111\u1ecdng \u1edf m\u1ea1ch m\u00e1u, t\u0103ng m\u1eadt \u0111\u1ed9 x\u01b0\u01a1ng, ng\u0103n lo\u00e3ng x\u01b0\u01a1ng s\u1edbm.  Vitamin C: H\u1ed7 tr\u1ee3 t\u1ea1o collagen cho x\u01b0\u01a1ng v\u00e0 s\u1ee5n, gi\u00fap da, n\u01b0\u1edbu kh\u1ecfe m\u1ea1nh v\u00e0 t\u0103ng h\u1ea5p thu s\u1eaft.  C\u00f4ng d\u1ee5ng s\u1ea3n ph\u1ea9m   Ngu\u1ed3n canxi t\u1eeb x\u01b0\u01a1ng c\u00e1 tuy\u1ebft (natural marine calcium) \u2013 d\u1ec5 h\u1ea5p thu v\u00e0 th\u00e2n thi\u1ec7n v\u1edbi c\u01a1 th\u1ec3.  C\u00f4ng th\u1ee9c b\u1ed5 sung vitamin D3, vitamin K, v\u00e0 c\u00e1c vi ch\u1ea5t gi\u00fap t\u0103ng h\u1ea5p thu canxi, h\u1ed7 tr\u1ee3 x\u01b0\u01a1ng &amp; r\u0103ng ch\u1eafc kh\u1ecfe.  G\u00f3i nh\u1ecf g\u1ecdn, ti\u1ec7n d\u00f9ng cho tr\u1ebb em, d\u1ea1ng vi\u00ean nhai ho\u1eb7c u\u1ed1ng, ph\u00f9 h\u1ee3p v\u1edbi tr\u1ebb t\u1eeb 6 tu\u1ed5i.  H\u1ed7 tr\u1ee3 b\u1ed5 sung canxi v\u00e0 vitamin gi\u00fap t\u0103ng c\u01b0\u1eddng h\u1ea5p thu canxi v\u00e0 h\u1ed7 tr\u1ee3 x\u01b0\u01a1ng \u2013 r\u0103ng ch\u1eafc kh\u1ecfe cho tr\u1ebb em.  H\u1ed7 tr\u1ee3 ph\u00e1t tri\u1ec3n h\u1ec7 x\u01b0\u01a1ng v\u00e0 r\u0103ng kh\u1ecfe m\u1ea1nh trong giai \u0111o\u1ea1n ph\u00e1t tri\u1ec3n c\u1ee7a tr\u1ebb.","og_url":"https:\/\/lydaily.vn\/jp\/san-pham\/vien-nhai-canxi-ca-tuyet-fine-japan-vi-socola-70-vien\/","og_site_name":"Ly Daily","article_modified_time":"2026-03-13T05:52:17+00:00","og_image":[{"width":2048,"height":2048,"url":"https:\/\/lydaily.vn\/jp\/wp-content\/uploads\/2026\/03\/Vien-nhai-canxi-ca-tuyet-Fine-Japan-vi-socola-70-vien.jpg","type":"image\/jpeg"}],"twitter_card":"summary_large_image","twitter_misc":{"\u01af\u1edbc t\u00ednh th\u1eddi gian \u0111\u1ecdc":"3 ph\u00fat"},"schema":{"@context":"https:\/\/schema.org","@graph":[{"@type":"WebPage","@id":"https:\/\/lydaily.vn\/jp\/san-pham\/vien-nhai-canxi-ca-tuyet-fine-japan-vi-socola-70-vien\/","url":"https:\/\/lydaily.vn\/jp\/san-pham\/vien-nhai-canxi-ca-tuyet-fine-japan-vi-socola-70-vien\/","name":"Vi\u00ean nhai canxi c\u00e1 tuy\u1ebft Fine Japan v\u1ecb socola 70 vi\u00ean - Ly Daily","isPartOf":{"@id":"https:\/\/lydaily.vn\/jp\/#website"},"primaryImageOfPage":{"@id":"https:\/\/lydaily.vn\/jp\/san-pham\/vien-nhai-canxi-ca-tuyet-fine-japan-vi-socola-70-vien\/#primaryimage"},"image":{"@id":"https:\/\/lydaily.vn\/jp\/san-pham\/vien-nhai-canxi-ca-tuyet-fine-japan-vi-socola-70-vien\/#primaryimage"},"thumbnailUrl":"https:\/\/lydaily.vn\/jp\/wp-content\/uploads\/2026\/03\/Vien-nhai-canxi-ca-tuyet-Fine-Japan-vi-socola-70-vien.jpg","datePublished":"2026-03-02T04:11:09+00:00","dateModified":"2026-03-13T05:52:17+00:00","breadcrumb":{"@id":"https:\/\/lydaily.vn\/jp\/san-pham\/vien-nhai-canxi-ca-tuyet-fine-japan-vi-socola-70-vien\/#breadcrumb"},"inLanguage":"vi","potentialAction":[{"@type":"ReadAction","target":["https:\/\/lydaily.vn\/jp\/san-pham\/vien-nhai-canxi-ca-tuyet-fine-japan-vi-socola-70-vien\/"]}]},{"@type":"ImageObject","inLanguage":"vi","@id":"https:\/\/lydaily.vn\/jp\/san-pham\/vien-nhai-canxi-ca-tuyet-fine-japan-vi-socola-70-vien\/#primaryimage","url":"https:\/\/lydaily.vn\/jp\/wp-content\/uploads\/2026\/03\/Vien-nhai-canxi-ca-tuyet-Fine-Japan-vi-socola-70-vien.jpg","contentUrl":"https:\/\/lydaily.vn\/jp\/wp-content\/uploads\/2026\/03\/Vien-nhai-canxi-ca-tuyet-Fine-Japan-vi-socola-70-vien.jpg","width":2048,"height":2048},{"@type":"BreadcrumbList","@id":"https:\/\/lydaily.vn\/jp\/san-pham\/vien-nhai-canxi-ca-tuyet-fine-japan-vi-socola-70-vien\/#breadcrumb","itemListElement":[{"@type":"ListItem","position":1,"name":"Home","item":"https:\/\/lydaily.vn\/jp\/"},{"@type":"ListItem","position":2,"name":"S\u1ea3n ph\u1ea9m","item":"https:\/\/lydaily.vn\/jp\/san-pham\/"},{"@type":"ListItem","position":3,"name":"Vi\u00ean nhai canxi c\u00e1 tuy\u1ebft Fine Japan v\u1ecb socola 70 vi\u00ean"}]},{"@type":"WebSite","@id":"https:\/\/lydaily.vn\/jp\/#website","url":"https:\/\/lydaily.vn\/jp\/","name":"Ly Daily","description":"Th\u1ef1c Ph\u1ea9m Ch\u1ee9c N\u0103ng &amp; M\u1ef9 Ph\u1ea9m t\u1ea1i Nh\u1eadt B\u1ea3n v\u00e0 Vi\u1ec7t Nam","potentialAction":[{"@type":"SearchAction","target":{"@type":"EntryPoint","urlTemplate":"https:\/\/lydaily.vn\/jp\/?s={search_term_string}"},"query-input":{"@type":"PropertyValueSpecification","valueRequired":true,"valueName":"search_term_string"}}],"inLanguage":"vi"}]}},"_links":{"self":[{"href":"https:\/\/lydaily.vn\/jp\/wp-json\/wp\/v2\/product\/295","targetHints":{"allow":["GET"]}}],"collection":[{"href":"https:\/\/lydaily.vn\/jp\/wp-json\/wp\/v2\/product"}],"about":[{"href":"https:\/\/lydaily.vn\/jp\/wp-json\/wp\/v2\/types\/product"}],"replies":[{"embeddable":true,"href":"https:\/\/lydaily.vn\/jp\/wp-json\/wp\/v2\/comments?post=295"}],"wp:featuredmedia":[{"embeddable":true,"href":"https:\/\/lydaily.vn\/jp\/wp-json\/wp\/v2\/media\/296"}],"wp:attachment":[{"href":"https:\/\/lydaily.vn\/jp\/wp-json\/wp\/v2\/media?parent=295"}],"wp:term":[{"taxonomy":"product_brand","embeddable":true,"href":"https:\/\/lydaily.vn\/jp\/wp-json\/wp\/v2\/product_brand?post=295"},{"taxonomy":"product_cat","embeddable":true,"href":"https:\/\/lydaily.vn\/jp\/wp-json\/wp\/v2\/product_cat?post=295"},{"taxonomy":"product_tag","embeddable":true,"href":"https:\/\/lydaily.vn\/jp\/wp-json\/wp\/v2\/product_tag?post=295"}],"curies":[{"name":"wp","href":"https:\/\/api.w.org\/{rel}","templated":true}]}}