{"id":293,"date":"2026-03-02T04:09:04","date_gmt":"2026-03-02T04:09:04","guid":{"rendered":"https:\/\/lydaily.qweb.com.vn\/?post_type=product&#038;p=293"},"modified":"2026-03-13T05:51:45","modified_gmt":"2026-03-13T05:51:45","slug":"nam-linh-chi-vang-lingzhi-mushroom-han-quoc-tui-xanh-1kg","status":"publish","type":"product","link":"https:\/\/lydaily.vn\/jp\/san-pham\/nam-linh-chi-vang-lingzhi-mushroom-han-quoc-tui-xanh-1kg\/","title":{"rendered":"N\u1ea5m linh chi v\u00e0ng Lingzhi Mushroom H\u00e0n Qu\u1ed1c t\u00fai xanh 1kg"},"content":{"rendered":"<p><strong>N\u1ea5m linh chi\u00a0<\/strong>\u0111\u01b0\u1ee3c xem nh\u01b0 l\u00e0 m\u1ed9t lo\u1ea1i ti\u00ean \u0111an,\u00a0v\u00ec \u201cLinh chi l\u00e0 lo\u1ea1i th\u1ea3o m\u1ed9c\u00a0k\u1ebft tinh \u0111\u01b0\u1ee3c c\u00e1i qu\u00fd c\u1ee7a tr\u1eddi \u0111\u1ea5t, c\u1ee7a m\u00e2y m\u01b0a tr\u00ean n\u00fai cao, c\u00e1i qu\u00fd c\u1ee7a ng\u0169 h\u00e0nh trong ng\u00e0y \u0111\u00eam m\u00e0 khoe n\u0103m s\u1eafc n\u00ean c\u00f3 th\u1ec3 gi\u1eef g\u00ecn s\u1ee9c kh\u1ecfe cho c\u00e1c b\u1eadc \u0111\u1ebf v\u01b0\u01a1ng\u201d (Th\u1ea7n n\u00f4ng b\u1ea3n th\u1ea3o \u2013 tri\u1ec1u \u0111\u1ea1i \u0110\u00f4ng H\u00e1n, 25-220 n\u0103m tr\u01b0\u1edbc C\u00f4ng nguy\u00ean ).<\/p>\n<p><strong>N\u1ea5m linh chi<\/strong>\u00a0c\u00f3 t\u00e1c d\u1ee5ng r\u1ea5t t\u1ed1t cho s\u1ee9c kh\u1ecfe, \u0111\u1ed3ng th\u1eddi \u0111\u01b0\u1ee3c nhi\u1ec1u nh\u00e0 khoa h\u1ecdc ch\u1ee9ng minh v\u00e0 c\u00f4ng nh\u1eadn gi\u00e1 tr\u1ecb c\u1ee7a n\u1ea5m linh chi c\u00f3 ch\u1ee9a g\u1ea7n 200 c\u00e1c th\u00e0nh ph\u1ea7n ho\u1ea1t ch\u1ea5t nh\u01b0 acid amin, c\u00e1c kho\u00e1ng t\u1ed1 vi l\u01b0\u1ee3ng \u0111\u1ee7 lo\u1ea1i, c\u00e1c acid h\u1eefu c\u01a1, trong \u0111\u00f3 c\u00f3 m\u1ed9t s\u1ed1 th\u00e0nh ph\u1ea7n d\u01b0.\u1ee3c t\u00ednh m\u1ea1nh, h\u1ed7 tr\u1ee3 \u0111i\u1ec1u tr\u1ecb r\u1ea5t nhi\u1ec1u lo\u1ea1i b\u1ec7nh.<\/p>\n<h2><strong>T\u00e1c d\u1ee5ng c\u1ee7a n\u1ea5m linh chi v\u00e0ng\u00a0\u0111\u1ed1i v\u1edbi s\u1ee9c kh\u1ecfe.<\/strong><\/h2>\n<p><strong>N\u1ea5m linh chi H\u00e0n Qu\u1ed1c<\/strong>\u00a0t\u00fai xanh 1kg c\u00f3 ch\u1ee9a h\u00e0m l\u01b0\u1ee3ng c\u00e1c th\u00e0nh ph\u1ea7n dinh d\u01b0\u1ee1ng cao, l\u00e0 th\u1ea3o m\u1ed9c\u00a0t\u1ef1 nhi\u00ean an to\u00e0n, l\u00e0nh t\u00ednh, kh\u00f4ng g\u00e2y t\u00e1c d\u1ee5ng ph\u1ee5 c\u00f3 h\u1ea1i cho s\u1ee9c kh\u1ecfe, mang l\u1ea1i nh\u1eefng c\u00f4ng d\u1ee5ng tuy\u1ec7t v\u1eddi cho s\u1ee9c kh\u1ecfe ng\u01b0\u1eddi d\u00f9ng nh\u01b0:<\/p>\n<ul>\n<li><strong>N\u1ea5m linh chi\u00a0h\u00e0n qu\u1ed1c<\/strong>\u00a0c\u00f3 t\u00e1c d\u1ee5ng kh\u00e1ng vi\u00eam, kh\u00e1ng khu\u1ea9n, kh\u00e1ng \u0111\u1ed9c t\u1ed1.<\/li>\n<li>Ch\u1ed1ng nhi\u1ec5m m.\u1ee1, x\u01a1 m\u1ea1.ch v\u00e0 c\u00e1c bi\u1ebfn ch\u1ee9ng (b\u1ec7nh x\u01a1 v.\u1eefa \u0111.\u1ed9ng m.\u1ea1ch v\u00e0nh).<\/li>\n<li>\u0110i\u1ec1u h\u00f2a v\u00e0 \u1ed5n \u0111\u1ecbnh huy\u1ebft \u00e1p, c\u00f3 t\u00e1c d\u1ee5ng r\u1ea5t t\u1ed1t cho nh\u1eefng b\u1ec7nh nh\u00e2n m\u1eafc b\u1ec7nh ti.\u1ec3u \u0111\u01b0.\u1eddng k\u00e8m theo huy\u1ebft \u00e1p cao.<\/li>\n<li>Gi\u00fap c\u01a1 th\u1ec3 th\u1ea3i lo\u1ea1i nhanh c\u00e1c ch\u1ea5t \u0111\u1ed9c, k\u1ec3 c\u1ea3 c\u00e1c kim lo\u1ea1i n\u1eb7ng.<\/li>\n<li>Gi\u00fap l\u00e0m gi\u1ea3m m\u1ec7t m\u1ecfi, c\u0103ng th\u1eb3ng, gi\u00fap an th\u1ea7n, th\u01b0 gi\u00e3n b\u1eafp th\u1ecbt, h\u1ed7 tr\u1ee3 \u0111i\u1ec1u tr\u1ecb ch\u1ee9ng \u0111au \u0111\u1ea7u, m\u1ea5t ng\u1ee7, suy nh\u01b0\u1ee3c th\u1ea7n kinh c\u0169ng r\u1ea5t t\u1ed1t. T\u0103ng c\u01b0\u1eddng t\u00ed nh\u1edb cho ng\u01b0\u1eddi gi\u00e0.<\/li>\n<li>T\u0103ng c\u01b0\u1eddng ho\u1ea1t \u0111\u1ed9ng c\u1ee7a h\u1ec7 th\u1ed1ng mi\u1ec5n d\u1ecbch v\u00e0 kh\u00e1ng si\u00eau vi, gi\u00fap c\u01a1 th\u1ec3 lu\u00f4n t\u01b0\u01a1i tr\u1ebb v\u00e0 t\u0103ng tu\u1ed5i.<\/li>\n<li>Th\u00fac \u0111\u1ea9y ti\u00eau h\u00f3a t\u1ed1t, gi\u00fap c\u01a1 th\u1ec3 h\u1ea5p thu d\u01b0\u1ee1ng ch\u1ea5t t\u1ed1i \u0111a, b\u1ea3o v\u1ec7 d\u1ea1 d\u00e0y.<\/li>\n<li>Gi\u00fap th\u01b0 gi\u00e3n th\u1ea7n kinh, l\u00e0m gi\u1ea3m \u1ea3nh h\u01b0\u1edfng c\u1ee7a caff.eine v\u00e0 l\u00e0m th\u01b0 gi\u00e3n b\u1eafp th\u1ecbt.<\/li>\n<li><strong>N\u00e2\u0301m linh chi\u00a0Ha\u0300n Qu\u00f4\u0301c\u00a0<\/strong>l\u00e0m t\u0103ng c\u01b0\u1eddng ho\u1ea1t \u0111\u1ed9ng c\u1ee7a nang th\u01b0\u1ee3ng th\u1eadn.<\/li>\n<\/ul>\n","protected":false},"excerpt":{"rendered":"<p><em><strong>N\u1ea5m Linh Chi V\u00e0ng Lingzhi Mushroom H\u00e0n Qu\u1ed1c t\u00fai x<\/strong><strong>anh 1kg<\/strong>\u00a0l\u00e0 m\u1ed9t trong nh\u1eefng s\u1ea3n ph\u1ea9m thu\u1ed9c h\u1ecd n\u1ea5m linh chi, l\u00e0 th\u1ea3o m\u1ed9c\u00a0t\u1ef1 nhi\u00ean v\u00f4 c\u00f9ng qu\u00fd hi\u1ebfm \u0111\u01b0\u1ee3c \u0111\u00e1nh gi\u00e1 qu\u00fd h\u01a1n h\u1eb3n nh\u00e2n s\u00e2m, c\u00f3 v\u1ecb nh\u1ea1t, t\u00ednh \u1ea5m, l\u00e0 m\u1ed9t lo\u1ea1i nguy\u00ean li\u1ec7u\u00a0qu\u00fd mang l\u1ea1i r\u1ea5t nhi\u1ec1u c\u00f4ng d\u1ee5ng cho s\u1ee9c kh\u1ecfe con ng\u01b0\u1eddi, \u0111\u01b0\u1ee3c s\u1eed d\u1ee5ng r\u1ea5t nhi\u1ec1u trong nh\u1eefng s\u1ea3n ph\u1ea9m\u00a0y h\u1ecdc c\u1ed5 truy\u1ec1n xa x\u01b0a.<\/em><\/p>\n","protected":false},"featured_media":294,"comment_status":"open","ping_status":"closed","template":"","meta":[],"product_brand":[],"product_cat":[21],"product_tag":[],"class_list":{"0":"post-293","1":"product","2":"type-product","3":"status-publish","4":"has-post-thumbnail","6":"product_cat-thuc-pham-chuc-nang","8":"first","9":"instock","10":"shipping-taxable","11":"purchasable","12":"product-type-simple"},"yoast_head":"<!-- This site is optimized with the Yoast SEO Premium plugin v22.3 (Yoast SEO v27.1.1) - https:\/\/yoast.com\/product\/yoast-seo-premium-wordpress\/ -->\n<title>N\u1ea5m linh chi v\u00e0ng Lingzhi Mushroom H\u00e0n Qu\u1ed1c t\u00fai xanh 1kg - Ly Daily<\/title>\n<meta name=\"robots\" content=\"index, follow, max-snippet:-1, max-image-preview:large, max-video-preview:-1\" \/>\n<link rel=\"canonical\" href=\"https:\/\/lydaily.vn\/jp\/san-pham\/nam-linh-chi-vang-lingzhi-mushroom-han-quoc-tui-xanh-1kg\/\" \/>\n<meta property=\"og:locale\" content=\"vi_VN\" \/>\n<meta property=\"og:type\" content=\"article\" \/>\n<meta property=\"og:title\" content=\"N\u1ea5m linh chi v\u00e0ng Lingzhi Mushroom H\u00e0n Qu\u1ed1c t\u00fai xanh 1kg\" \/>\n<meta property=\"og:description\" content=\"N\u1ea5m Linh Chi V\u00e0ng Lingzhi Mushroom H\u00e0n Qu\u1ed1c t\u00fai xanh 1kg\u00a0l\u00e0 m\u1ed9t trong nh\u1eefng s\u1ea3n ph\u1ea9m thu\u1ed9c h\u1ecd n\u1ea5m linh chi, l\u00e0 th\u1ea3o m\u1ed9c\u00a0t\u1ef1 nhi\u00ean v\u00f4 c\u00f9ng qu\u00fd hi\u1ebfm \u0111\u01b0\u1ee3c \u0111\u00e1nh gi\u00e1 qu\u00fd h\u01a1n h\u1eb3n nh\u00e2n s\u00e2m, c\u00f3 v\u1ecb nh\u1ea1t, t\u00ednh \u1ea5m, l\u00e0 m\u1ed9t lo\u1ea1i nguy\u00ean li\u1ec7u\u00a0qu\u00fd mang l\u1ea1i r\u1ea5t nhi\u1ec1u c\u00f4ng d\u1ee5ng cho s\u1ee9c kh\u1ecfe con ng\u01b0\u1eddi, \u0111\u01b0\u1ee3c s\u1eed d\u1ee5ng r\u1ea5t nhi\u1ec1u trong nh\u1eefng s\u1ea3n ph\u1ea9m\u00a0y h\u1ecdc c\u1ed5 truy\u1ec1n xa x\u01b0a.\" \/>\n<meta property=\"og:url\" content=\"https:\/\/lydaily.vn\/jp\/san-pham\/nam-linh-chi-vang-lingzhi-mushroom-han-quoc-tui-xanh-1kg\/\" \/>\n<meta property=\"og:site_name\" content=\"Ly Daily\" \/>\n<meta property=\"article:modified_time\" content=\"2026-03-13T05:51:45+00:00\" \/>\n<meta property=\"og:image\" content=\"https:\/\/lydaily.vn\/jp\/wp-content\/uploads\/2026\/03\/Nam-linh-chi-vang-Lingzhi-Mushroom-Han-Quoc-tui-xanh-1kg.jpg\" \/>\n\t<meta property=\"og:image:width\" content=\"600\" \/>\n\t<meta property=\"og:image:height\" content=\"600\" \/>\n\t<meta property=\"og:image:type\" content=\"image\/jpeg\" \/>\n<meta name=\"twitter:card\" content=\"summary_large_image\" \/>\n<meta name=\"twitter:label1\" content=\"\u01af\u1edbc t\u00ednh th\u1eddi gian \u0111\u1ecdc\" \/>\n\t<meta name=\"twitter:data1\" content=\"3 ph\u00fat\" \/>\n<script type=\"application\/ld+json\" class=\"yoast-schema-graph\">{\"@context\":\"https:\/\/schema.org\",\"@graph\":[{\"@type\":\"WebPage\",\"@id\":\"https:\/\/lydaily.vn\/jp\/san-pham\/nam-linh-chi-vang-lingzhi-mushroom-han-quoc-tui-xanh-1kg\/\",\"url\":\"https:\/\/lydaily.vn\/jp\/san-pham\/nam-linh-chi-vang-lingzhi-mushroom-han-quoc-tui-xanh-1kg\/\",\"name\":\"N\u1ea5m linh chi v\u00e0ng Lingzhi Mushroom H\u00e0n Qu\u1ed1c t\u00fai xanh 1kg - Ly Daily\",\"isPartOf\":{\"@id\":\"https:\/\/lydaily.vn\/jp\/#website\"},\"primaryImageOfPage\":{\"@id\":\"https:\/\/lydaily.vn\/jp\/san-pham\/nam-linh-chi-vang-lingzhi-mushroom-han-quoc-tui-xanh-1kg\/#primaryimage\"},\"image\":{\"@id\":\"https:\/\/lydaily.vn\/jp\/san-pham\/nam-linh-chi-vang-lingzhi-mushroom-han-quoc-tui-xanh-1kg\/#primaryimage\"},\"thumbnailUrl\":\"https:\/\/lydaily.vn\/jp\/wp-content\/uploads\/2026\/03\/Nam-linh-chi-vang-Lingzhi-Mushroom-Han-Quoc-tui-xanh-1kg.jpg\",\"datePublished\":\"2026-03-02T04:09:04+00:00\",\"dateModified\":\"2026-03-13T05:51:45+00:00\",\"breadcrumb\":{\"@id\":\"https:\/\/lydaily.vn\/jp\/san-pham\/nam-linh-chi-vang-lingzhi-mushroom-han-quoc-tui-xanh-1kg\/#breadcrumb\"},\"inLanguage\":\"vi\",\"potentialAction\":[{\"@type\":\"ReadAction\",\"target\":[\"https:\/\/lydaily.vn\/jp\/san-pham\/nam-linh-chi-vang-lingzhi-mushroom-han-quoc-tui-xanh-1kg\/\"]}]},{\"@type\":\"ImageObject\",\"inLanguage\":\"vi\",\"@id\":\"https:\/\/lydaily.vn\/jp\/san-pham\/nam-linh-chi-vang-lingzhi-mushroom-han-quoc-tui-xanh-1kg\/#primaryimage\",\"url\":\"https:\/\/lydaily.vn\/jp\/wp-content\/uploads\/2026\/03\/Nam-linh-chi-vang-Lingzhi-Mushroom-Han-Quoc-tui-xanh-1kg.jpg\",\"contentUrl\":\"https:\/\/lydaily.vn\/jp\/wp-content\/uploads\/2026\/03\/Nam-linh-chi-vang-Lingzhi-Mushroom-Han-Quoc-tui-xanh-1kg.jpg\",\"width\":600,\"height\":600},{\"@type\":\"BreadcrumbList\",\"@id\":\"https:\/\/lydaily.vn\/jp\/san-pham\/nam-linh-chi-vang-lingzhi-mushroom-han-quoc-tui-xanh-1kg\/#breadcrumb\",\"itemListElement\":[{\"@type\":\"ListItem\",\"position\":1,\"name\":\"Home\",\"item\":\"https:\/\/lydaily.vn\/jp\/\"},{\"@type\":\"ListItem\",\"position\":2,\"name\":\"S\u1ea3n ph\u1ea9m\",\"item\":\"https:\/\/lydaily.vn\/jp\/san-pham\/\"},{\"@type\":\"ListItem\",\"position\":3,\"name\":\"N\u1ea5m linh chi v\u00e0ng Lingzhi Mushroom H\u00e0n Qu\u1ed1c t\u00fai xanh 1kg\"}]},{\"@type\":\"WebSite\",\"@id\":\"https:\/\/lydaily.vn\/jp\/#website\",\"url\":\"https:\/\/lydaily.vn\/jp\/\",\"name\":\"Ly Daily\",\"description\":\"Th\u1ef1c Ph\u1ea9m Ch\u1ee9c N\u0103ng &amp; M\u1ef9 Ph\u1ea9m t\u1ea1i Nh\u1eadt B\u1ea3n v\u00e0 Vi\u1ec7t Nam\",\"potentialAction\":[{\"@type\":\"SearchAction\",\"target\":{\"@type\":\"EntryPoint\",\"urlTemplate\":\"https:\/\/lydaily.vn\/jp\/?s={search_term_string}\"},\"query-input\":{\"@type\":\"PropertyValueSpecification\",\"valueRequired\":true,\"valueName\":\"search_term_string\"}}],\"inLanguage\":\"vi\"}]}<\/script>\n<!-- \/ Yoast SEO Premium plugin. -->","yoast_head_json":{"title":"N\u1ea5m linh chi v\u00e0ng Lingzhi Mushroom H\u00e0n Qu\u1ed1c t\u00fai xanh 1kg - Ly Daily","robots":{"index":"index","follow":"follow","max-snippet":"max-snippet:-1","max-image-preview":"max-image-preview:large","max-video-preview":"max-video-preview:-1"},"canonical":"https:\/\/lydaily.vn\/jp\/san-pham\/nam-linh-chi-vang-lingzhi-mushroom-han-quoc-tui-xanh-1kg\/","og_locale":"vi_VN","og_type":"article","og_title":"N\u1ea5m linh chi v\u00e0ng Lingzhi Mushroom H\u00e0n Qu\u1ed1c t\u00fai xanh 1kg","og_description":"N\u1ea5m Linh Chi V\u00e0ng Lingzhi Mushroom H\u00e0n Qu\u1ed1c t\u00fai xanh 1kg\u00a0l\u00e0 m\u1ed9t trong nh\u1eefng s\u1ea3n ph\u1ea9m thu\u1ed9c h\u1ecd n\u1ea5m linh chi, l\u00e0 th\u1ea3o m\u1ed9c\u00a0t\u1ef1 nhi\u00ean v\u00f4 c\u00f9ng qu\u00fd hi\u1ebfm \u0111\u01b0\u1ee3c \u0111\u00e1nh gi\u00e1 qu\u00fd h\u01a1n h\u1eb3n nh\u00e2n s\u00e2m, c\u00f3 v\u1ecb nh\u1ea1t, t\u00ednh \u1ea5m, l\u00e0 m\u1ed9t lo\u1ea1i nguy\u00ean li\u1ec7u\u00a0qu\u00fd mang l\u1ea1i r\u1ea5t nhi\u1ec1u c\u00f4ng d\u1ee5ng cho s\u1ee9c kh\u1ecfe con ng\u01b0\u1eddi, \u0111\u01b0\u1ee3c s\u1eed d\u1ee5ng r\u1ea5t nhi\u1ec1u trong nh\u1eefng s\u1ea3n ph\u1ea9m\u00a0y h\u1ecdc c\u1ed5 truy\u1ec1n xa x\u01b0a.","og_url":"https:\/\/lydaily.vn\/jp\/san-pham\/nam-linh-chi-vang-lingzhi-mushroom-han-quoc-tui-xanh-1kg\/","og_site_name":"Ly Daily","article_modified_time":"2026-03-13T05:51:45+00:00","og_image":[{"width":600,"height":600,"url":"https:\/\/lydaily.vn\/jp\/wp-content\/uploads\/2026\/03\/Nam-linh-chi-vang-Lingzhi-Mushroom-Han-Quoc-tui-xanh-1kg.jpg","type":"image\/jpeg"}],"twitter_card":"summary_large_image","twitter_misc":{"\u01af\u1edbc t\u00ednh th\u1eddi gian \u0111\u1ecdc":"3 ph\u00fat"},"schema":{"@context":"https:\/\/schema.org","@graph":[{"@type":"WebPage","@id":"https:\/\/lydaily.vn\/jp\/san-pham\/nam-linh-chi-vang-lingzhi-mushroom-han-quoc-tui-xanh-1kg\/","url":"https:\/\/lydaily.vn\/jp\/san-pham\/nam-linh-chi-vang-lingzhi-mushroom-han-quoc-tui-xanh-1kg\/","name":"N\u1ea5m linh chi v\u00e0ng Lingzhi Mushroom H\u00e0n Qu\u1ed1c t\u00fai xanh 1kg - Ly Daily","isPartOf":{"@id":"https:\/\/lydaily.vn\/jp\/#website"},"primaryImageOfPage":{"@id":"https:\/\/lydaily.vn\/jp\/san-pham\/nam-linh-chi-vang-lingzhi-mushroom-han-quoc-tui-xanh-1kg\/#primaryimage"},"image":{"@id":"https:\/\/lydaily.vn\/jp\/san-pham\/nam-linh-chi-vang-lingzhi-mushroom-han-quoc-tui-xanh-1kg\/#primaryimage"},"thumbnailUrl":"https:\/\/lydaily.vn\/jp\/wp-content\/uploads\/2026\/03\/Nam-linh-chi-vang-Lingzhi-Mushroom-Han-Quoc-tui-xanh-1kg.jpg","datePublished":"2026-03-02T04:09:04+00:00","dateModified":"2026-03-13T05:51:45+00:00","breadcrumb":{"@id":"https:\/\/lydaily.vn\/jp\/san-pham\/nam-linh-chi-vang-lingzhi-mushroom-han-quoc-tui-xanh-1kg\/#breadcrumb"},"inLanguage":"vi","potentialAction":[{"@type":"ReadAction","target":["https:\/\/lydaily.vn\/jp\/san-pham\/nam-linh-chi-vang-lingzhi-mushroom-han-quoc-tui-xanh-1kg\/"]}]},{"@type":"ImageObject","inLanguage":"vi","@id":"https:\/\/lydaily.vn\/jp\/san-pham\/nam-linh-chi-vang-lingzhi-mushroom-han-quoc-tui-xanh-1kg\/#primaryimage","url":"https:\/\/lydaily.vn\/jp\/wp-content\/uploads\/2026\/03\/Nam-linh-chi-vang-Lingzhi-Mushroom-Han-Quoc-tui-xanh-1kg.jpg","contentUrl":"https:\/\/lydaily.vn\/jp\/wp-content\/uploads\/2026\/03\/Nam-linh-chi-vang-Lingzhi-Mushroom-Han-Quoc-tui-xanh-1kg.jpg","width":600,"height":600},{"@type":"BreadcrumbList","@id":"https:\/\/lydaily.vn\/jp\/san-pham\/nam-linh-chi-vang-lingzhi-mushroom-han-quoc-tui-xanh-1kg\/#breadcrumb","itemListElement":[{"@type":"ListItem","position":1,"name":"Home","item":"https:\/\/lydaily.vn\/jp\/"},{"@type":"ListItem","position":2,"name":"S\u1ea3n ph\u1ea9m","item":"https:\/\/lydaily.vn\/jp\/san-pham\/"},{"@type":"ListItem","position":3,"name":"N\u1ea5m linh chi v\u00e0ng Lingzhi Mushroom H\u00e0n Qu\u1ed1c t\u00fai xanh 1kg"}]},{"@type":"WebSite","@id":"https:\/\/lydaily.vn\/jp\/#website","url":"https:\/\/lydaily.vn\/jp\/","name":"Ly Daily","description":"Th\u1ef1c Ph\u1ea9m Ch\u1ee9c N\u0103ng &amp; M\u1ef9 Ph\u1ea9m t\u1ea1i Nh\u1eadt B\u1ea3n v\u00e0 Vi\u1ec7t Nam","potentialAction":[{"@type":"SearchAction","target":{"@type":"EntryPoint","urlTemplate":"https:\/\/lydaily.vn\/jp\/?s={search_term_string}"},"query-input":{"@type":"PropertyValueSpecification","valueRequired":true,"valueName":"search_term_string"}}],"inLanguage":"vi"}]}},"_links":{"self":[{"href":"https:\/\/lydaily.vn\/jp\/wp-json\/wp\/v2\/product\/293","targetHints":{"allow":["GET"]}}],"collection":[{"href":"https:\/\/lydaily.vn\/jp\/wp-json\/wp\/v2\/product"}],"about":[{"href":"https:\/\/lydaily.vn\/jp\/wp-json\/wp\/v2\/types\/product"}],"replies":[{"embeddable":true,"href":"https:\/\/lydaily.vn\/jp\/wp-json\/wp\/v2\/comments?post=293"}],"wp:featuredmedia":[{"embeddable":true,"href":"https:\/\/lydaily.vn\/jp\/wp-json\/wp\/v2\/media\/294"}],"wp:attachment":[{"href":"https:\/\/lydaily.vn\/jp\/wp-json\/wp\/v2\/media?parent=293"}],"wp:term":[{"taxonomy":"product_brand","embeddable":true,"href":"https:\/\/lydaily.vn\/jp\/wp-json\/wp\/v2\/product_brand?post=293"},{"taxonomy":"product_cat","embeddable":true,"href":"https:\/\/lydaily.vn\/jp\/wp-json\/wp\/v2\/product_cat?post=293"},{"taxonomy":"product_tag","embeddable":true,"href":"https:\/\/lydaily.vn\/jp\/wp-json\/wp\/v2\/product_tag?post=293"}],"curies":[{"name":"wp","href":"https:\/\/api.w.org\/{rel}","templated":true}]}}