{"id":291,"date":"2026-03-02T04:06:59","date_gmt":"2026-03-02T04:06:59","guid":{"rendered":"https:\/\/lydaily.qweb.com.vn\/?post_type=product&#038;p=291"},"modified":"2026-03-13T05:51:14","modified_gmt":"2026-03-13T05:51:14","slug":"tao-do","status":"publish","type":"product","link":"https:\/\/lydaily.vn\/jp\/san-pham\/tao-do\/","title":{"rendered":"T\u00e1o \u0111\u1ecf"},"content":{"rendered":"<h3><\/h3>\n<h3><strong>Th\u00e0nh ph\u1ea7n dinh d\u01b0\u1ee1ng trong s\u1ea3n ph\u1ea9m<\/strong><\/h3>\n<p>T\u00e1o \u0111\u1ecf l\u00e0 ngu\u1ed3n cung c\u1ea5p n\u0103ng l\u01b0\u1ee3ng, phenolic, flavonoid, axit triterpenic, vitamin C, h\u00e0m l\u01b0\u1ee3ng vitamin, kho\u00e1ng ch\u1ea5t, ch\u1ea5t x\u01a1 cao v\u00e0 m\u1ed9t s\u1ed1 ch\u1ea5t kh\u00e1c. Theo m\u1ed9t s\u1ed1 th\u00f4ng tin, trong 100g t\u00e1o \u0111\u1ecf kh\u00f4 c\u00f3 kho\u1ea3ng t\u1eeb 65 &#8211; 80 kcal t\u00f9y theo lo\u1ea1i.<\/p>\n<h3><strong>T\u00e1c d\u1ee5ng c\u1ee7a s\u1ea3n ph\u1ea9m v\u1edbi s\u1ee9c kh\u1ecfe<\/strong><\/h3>\n<p>M\u1ed9t s\u1ed1 l\u1ee3i \u00edch c\u1ee7a s\u1ea3n ph\u1ea9m \u0111\u1ed1i v\u1edbi s\u1ee9c kh\u1ecfe nh\u01b0:<\/p>\n<ul>\n<li>Cung c\u1ea5p n\u0103ng l\u01b0\u1ee3ng<\/li>\n<li>B\u1ed5 sung ch\u1ea5t x\u01a1<\/li>\n<li>H\u1ed7 tr\u1ee3 gi\u1ea3m c\u00e2n<\/li>\n<li>T\u1ed1t cho tim m\u1ea1ch<\/li>\n<li>C\u1ea3i thi\u1ec7n h\u1ec7 ti\u00eau h\u00f3a<\/li>\n<li>L\u00e0m \u0111\u1eb9p da<\/li>\n<li>Kh\u00e1ng khu\u1ea9n v\u00e0 ch\u1ed1ng vi\u00eam<\/li>\n<li>Ch\u1eafc kh\u1ecfe x\u01b0\u01a1ng<\/li>\n<li>\u2026<\/li>\n<\/ul>\n<h3><strong>H\u01b0\u1edbng d\u1eabn s\u1eed d\u1ee5ng s\u1ea3n ph\u1ea9m<\/strong><\/h3>\n<p>Khi d\u00f9ng b\u1ea1n ch\u1ec9 c\u1ea7n k\u1ebft h\u1ee3p qu\u1ea3 t\u00e1o \u0111\u1ecf v\u1edbi c\u00e1c lo\u1ea1i th\u1ef1c ph\u1ea9m kh\u00e1c \u0111\u1ec3 n\u1ea5u \u0103n. T\u00f9y theo m\u00f3n \u0103n m\u00e0 c\u00e1ch ch\u1ebf bi\u1ebfn s\u1ebd kh\u00e1c nhau t\u1ea1o n\u00ean nhi\u1ec1u m\u00f3n \u0103n th\u01a1m ngon.<\/p>\n","protected":false},"excerpt":{"rendered":"<p>T\u00e1o \u0111\u1ecf\u00a0l\u00e0 lo\u1ea1i tr\u00e1i c\u00e2y c\u00f3 ngu\u1ed3n g\u1ed1c t\u1eeb c\u00e1c n\u01b0\u1edbc v\u00f9ng Nam \u00c1, \u0111\u00e2y v\u1eeba l\u00e0 lo\u1ea1i qu\u1ea3 th\u01a1m ngon l\u1ea1i r\u1ea5t c\u00f3 gi\u00e1 tr\u1ecb v\u1ec1 m\u1eb7t dinh d\u01b0\u1ee1ng. T\u00e1o \u0111\u1ecf n\u1ed5i ti\u1ebfng l\u00e0 th\u1ef1c ph\u1ea9m mang \u0111\u1ebfn nhi\u1ec1u l\u1ee3i \u00edch cho s\u1ee9c kh\u1ecfe con ng\u01b0\u1eddi v\u1edbi v\u1ecb ng\u1ecdt, th\u01a1m. Qu\u1ea3 t\u00e1o \u0111\u1ecf kh\u00f4 th\u01b0\u1eddng c\u00f3 l\u1edbp v\u1ecf m\u00e0u \u0111\u1ecf t\u00eda, th\u1ecbt qu\u1ea3 h\u01a1i v\u00e0ng, ng\u1ecdt v\u00e0 h\u1ea1t r\u1ea5t nh\u1ecf. Ng\u01b0\u1eddi ta th\u01b0\u1eddng d\u00f9ng t\u00e1o \u0111\u1ecf trong c\u00e1c m\u00f3n ch\u00e8, tr\u00e0, h\u1ea7m,&#8230;.<\/p>\n","protected":false},"featured_media":292,"comment_status":"open","ping_status":"closed","template":"","meta":[],"product_brand":[],"product_cat":[21],"product_tag":[],"class_list":{"0":"post-291","1":"product","2":"type-product","3":"status-publish","4":"has-post-thumbnail","6":"product_cat-thuc-pham-chuc-nang","8":"first","9":"instock","10":"shipping-taxable","11":"purchasable","12":"product-type-simple"},"yoast_head":"<!-- This site is optimized with the Yoast SEO Premium plugin v22.3 (Yoast SEO v27.1.1) - https:\/\/yoast.com\/product\/yoast-seo-premium-wordpress\/ -->\n<title>T\u00e1o \u0111\u1ecf - Ly Daily<\/title>\n<meta name=\"robots\" content=\"index, follow, max-snippet:-1, max-image-preview:large, max-video-preview:-1\" \/>\n<link rel=\"canonical\" href=\"https:\/\/lydaily.vn\/jp\/san-pham\/tao-do\/\" \/>\n<meta property=\"og:locale\" content=\"vi_VN\" \/>\n<meta property=\"og:type\" content=\"article\" \/>\n<meta property=\"og:title\" content=\"T\u00e1o \u0111\u1ecf\" \/>\n<meta property=\"og:description\" content=\"T\u00e1o \u0111\u1ecf\u00a0l\u00e0 lo\u1ea1i tr\u00e1i c\u00e2y c\u00f3 ngu\u1ed3n g\u1ed1c t\u1eeb c\u00e1c n\u01b0\u1edbc v\u00f9ng Nam \u00c1, \u0111\u00e2y v\u1eeba l\u00e0 lo\u1ea1i qu\u1ea3 th\u01a1m ngon l\u1ea1i r\u1ea5t c\u00f3 gi\u00e1 tr\u1ecb v\u1ec1 m\u1eb7t dinh d\u01b0\u1ee1ng. T\u00e1o \u0111\u1ecf n\u1ed5i ti\u1ebfng l\u00e0 th\u1ef1c ph\u1ea9m mang \u0111\u1ebfn nhi\u1ec1u l\u1ee3i \u00edch cho s\u1ee9c kh\u1ecfe con ng\u01b0\u1eddi v\u1edbi v\u1ecb ng\u1ecdt, th\u01a1m. Qu\u1ea3 t\u00e1o \u0111\u1ecf kh\u00f4 th\u01b0\u1eddng c\u00f3 l\u1edbp v\u1ecf m\u00e0u \u0111\u1ecf t\u00eda, th\u1ecbt qu\u1ea3 h\u01a1i v\u00e0ng, ng\u1ecdt v\u00e0 h\u1ea1t r\u1ea5t nh\u1ecf. Ng\u01b0\u1eddi ta th\u01b0\u1eddng d\u00f9ng t\u00e1o \u0111\u1ecf trong c\u00e1c m\u00f3n ch\u00e8, tr\u00e0, h\u1ea7m,....\" \/>\n<meta property=\"og:url\" content=\"https:\/\/lydaily.vn\/jp\/san-pham\/tao-do\/\" \/>\n<meta property=\"og:site_name\" content=\"Ly Daily\" \/>\n<meta property=\"article:modified_time\" content=\"2026-03-13T05:51:14+00:00\" \/>\n<meta property=\"og:image\" content=\"https:\/\/lydaily.vn\/jp\/wp-content\/uploads\/2026\/03\/Tao-do.jpg\" \/>\n\t<meta property=\"og:image:width\" content=\"667\" \/>\n\t<meta property=\"og:image:height\" content=\"667\" \/>\n\t<meta property=\"og:image:type\" content=\"image\/jpeg\" \/>\n<meta name=\"twitter:card\" content=\"summary_large_image\" \/>\n<meta name=\"twitter:label1\" content=\"\u01af\u1edbc t\u00ednh th\u1eddi gian \u0111\u1ecdc\" \/>\n\t<meta name=\"twitter:data1\" content=\"2 ph\u00fat\" \/>\n<script type=\"application\/ld+json\" class=\"yoast-schema-graph\">{\"@context\":\"https:\/\/schema.org\",\"@graph\":[{\"@type\":\"WebPage\",\"@id\":\"https:\/\/lydaily.vn\/jp\/san-pham\/tao-do\/\",\"url\":\"https:\/\/lydaily.vn\/jp\/san-pham\/tao-do\/\",\"name\":\"T\u00e1o \u0111\u1ecf - Ly Daily\",\"isPartOf\":{\"@id\":\"https:\/\/lydaily.vn\/jp\/#website\"},\"primaryImageOfPage\":{\"@id\":\"https:\/\/lydaily.vn\/jp\/san-pham\/tao-do\/#primaryimage\"},\"image\":{\"@id\":\"https:\/\/lydaily.vn\/jp\/san-pham\/tao-do\/#primaryimage\"},\"thumbnailUrl\":\"https:\/\/lydaily.vn\/jp\/wp-content\/uploads\/2026\/03\/Tao-do.jpg\",\"datePublished\":\"2026-03-02T04:06:59+00:00\",\"dateModified\":\"2026-03-13T05:51:14+00:00\",\"breadcrumb\":{\"@id\":\"https:\/\/lydaily.vn\/jp\/san-pham\/tao-do\/#breadcrumb\"},\"inLanguage\":\"vi\",\"potentialAction\":[{\"@type\":\"ReadAction\",\"target\":[\"https:\/\/lydaily.vn\/jp\/san-pham\/tao-do\/\"]}]},{\"@type\":\"ImageObject\",\"inLanguage\":\"vi\",\"@id\":\"https:\/\/lydaily.vn\/jp\/san-pham\/tao-do\/#primaryimage\",\"url\":\"https:\/\/lydaily.vn\/jp\/wp-content\/uploads\/2026\/03\/Tao-do.jpg\",\"contentUrl\":\"https:\/\/lydaily.vn\/jp\/wp-content\/uploads\/2026\/03\/Tao-do.jpg\",\"width\":667,\"height\":667},{\"@type\":\"BreadcrumbList\",\"@id\":\"https:\/\/lydaily.vn\/jp\/san-pham\/tao-do\/#breadcrumb\",\"itemListElement\":[{\"@type\":\"ListItem\",\"position\":1,\"name\":\"Home\",\"item\":\"https:\/\/lydaily.vn\/jp\/\"},{\"@type\":\"ListItem\",\"position\":2,\"name\":\"S\u1ea3n ph\u1ea9m\",\"item\":\"https:\/\/lydaily.vn\/jp\/san-pham\/\"},{\"@type\":\"ListItem\",\"position\":3,\"name\":\"T\u00e1o \u0111\u1ecf\"}]},{\"@type\":\"WebSite\",\"@id\":\"https:\/\/lydaily.vn\/jp\/#website\",\"url\":\"https:\/\/lydaily.vn\/jp\/\",\"name\":\"Ly Daily\",\"description\":\"Th\u1ef1c Ph\u1ea9m Ch\u1ee9c N\u0103ng &amp; M\u1ef9 Ph\u1ea9m t\u1ea1i Nh\u1eadt B\u1ea3n v\u00e0 Vi\u1ec7t Nam\",\"potentialAction\":[{\"@type\":\"SearchAction\",\"target\":{\"@type\":\"EntryPoint\",\"urlTemplate\":\"https:\/\/lydaily.vn\/jp\/?s={search_term_string}\"},\"query-input\":{\"@type\":\"PropertyValueSpecification\",\"valueRequired\":true,\"valueName\":\"search_term_string\"}}],\"inLanguage\":\"vi\"}]}<\/script>\n<!-- \/ Yoast SEO Premium plugin. -->","yoast_head_json":{"title":"T\u00e1o \u0111\u1ecf - Ly Daily","robots":{"index":"index","follow":"follow","max-snippet":"max-snippet:-1","max-image-preview":"max-image-preview:large","max-video-preview":"max-video-preview:-1"},"canonical":"https:\/\/lydaily.vn\/jp\/san-pham\/tao-do\/","og_locale":"vi_VN","og_type":"article","og_title":"T\u00e1o \u0111\u1ecf","og_description":"T\u00e1o \u0111\u1ecf\u00a0l\u00e0 lo\u1ea1i tr\u00e1i c\u00e2y c\u00f3 ngu\u1ed3n g\u1ed1c t\u1eeb c\u00e1c n\u01b0\u1edbc v\u00f9ng Nam \u00c1, \u0111\u00e2y v\u1eeba l\u00e0 lo\u1ea1i qu\u1ea3 th\u01a1m ngon l\u1ea1i r\u1ea5t c\u00f3 gi\u00e1 tr\u1ecb v\u1ec1 m\u1eb7t dinh d\u01b0\u1ee1ng. T\u00e1o \u0111\u1ecf n\u1ed5i ti\u1ebfng l\u00e0 th\u1ef1c ph\u1ea9m mang \u0111\u1ebfn nhi\u1ec1u l\u1ee3i \u00edch cho s\u1ee9c kh\u1ecfe con ng\u01b0\u1eddi v\u1edbi v\u1ecb ng\u1ecdt, th\u01a1m. Qu\u1ea3 t\u00e1o \u0111\u1ecf kh\u00f4 th\u01b0\u1eddng c\u00f3 l\u1edbp v\u1ecf m\u00e0u \u0111\u1ecf t\u00eda, th\u1ecbt qu\u1ea3 h\u01a1i v\u00e0ng, ng\u1ecdt v\u00e0 h\u1ea1t r\u1ea5t nh\u1ecf. Ng\u01b0\u1eddi ta th\u01b0\u1eddng d\u00f9ng t\u00e1o \u0111\u1ecf trong c\u00e1c m\u00f3n ch\u00e8, tr\u00e0, h\u1ea7m,....","og_url":"https:\/\/lydaily.vn\/jp\/san-pham\/tao-do\/","og_site_name":"Ly Daily","article_modified_time":"2026-03-13T05:51:14+00:00","og_image":[{"width":667,"height":667,"url":"https:\/\/lydaily.vn\/jp\/wp-content\/uploads\/2026\/03\/Tao-do.jpg","type":"image\/jpeg"}],"twitter_card":"summary_large_image","twitter_misc":{"\u01af\u1edbc t\u00ednh th\u1eddi gian \u0111\u1ecdc":"2 ph\u00fat"},"schema":{"@context":"https:\/\/schema.org","@graph":[{"@type":"WebPage","@id":"https:\/\/lydaily.vn\/jp\/san-pham\/tao-do\/","url":"https:\/\/lydaily.vn\/jp\/san-pham\/tao-do\/","name":"T\u00e1o \u0111\u1ecf - Ly Daily","isPartOf":{"@id":"https:\/\/lydaily.vn\/jp\/#website"},"primaryImageOfPage":{"@id":"https:\/\/lydaily.vn\/jp\/san-pham\/tao-do\/#primaryimage"},"image":{"@id":"https:\/\/lydaily.vn\/jp\/san-pham\/tao-do\/#primaryimage"},"thumbnailUrl":"https:\/\/lydaily.vn\/jp\/wp-content\/uploads\/2026\/03\/Tao-do.jpg","datePublished":"2026-03-02T04:06:59+00:00","dateModified":"2026-03-13T05:51:14+00:00","breadcrumb":{"@id":"https:\/\/lydaily.vn\/jp\/san-pham\/tao-do\/#breadcrumb"},"inLanguage":"vi","potentialAction":[{"@type":"ReadAction","target":["https:\/\/lydaily.vn\/jp\/san-pham\/tao-do\/"]}]},{"@type":"ImageObject","inLanguage":"vi","@id":"https:\/\/lydaily.vn\/jp\/san-pham\/tao-do\/#primaryimage","url":"https:\/\/lydaily.vn\/jp\/wp-content\/uploads\/2026\/03\/Tao-do.jpg","contentUrl":"https:\/\/lydaily.vn\/jp\/wp-content\/uploads\/2026\/03\/Tao-do.jpg","width":667,"height":667},{"@type":"BreadcrumbList","@id":"https:\/\/lydaily.vn\/jp\/san-pham\/tao-do\/#breadcrumb","itemListElement":[{"@type":"ListItem","position":1,"name":"Home","item":"https:\/\/lydaily.vn\/jp\/"},{"@type":"ListItem","position":2,"name":"S\u1ea3n ph\u1ea9m","item":"https:\/\/lydaily.vn\/jp\/san-pham\/"},{"@type":"ListItem","position":3,"name":"T\u00e1o \u0111\u1ecf"}]},{"@type":"WebSite","@id":"https:\/\/lydaily.vn\/jp\/#website","url":"https:\/\/lydaily.vn\/jp\/","name":"Ly Daily","description":"Th\u1ef1c Ph\u1ea9m Ch\u1ee9c N\u0103ng &amp; M\u1ef9 Ph\u1ea9m t\u1ea1i Nh\u1eadt B\u1ea3n v\u00e0 Vi\u1ec7t Nam","potentialAction":[{"@type":"SearchAction","target":{"@type":"EntryPoint","urlTemplate":"https:\/\/lydaily.vn\/jp\/?s={search_term_string}"},"query-input":{"@type":"PropertyValueSpecification","valueRequired":true,"valueName":"search_term_string"}}],"inLanguage":"vi"}]}},"_links":{"self":[{"href":"https:\/\/lydaily.vn\/jp\/wp-json\/wp\/v2\/product\/291","targetHints":{"allow":["GET"]}}],"collection":[{"href":"https:\/\/lydaily.vn\/jp\/wp-json\/wp\/v2\/product"}],"about":[{"href":"https:\/\/lydaily.vn\/jp\/wp-json\/wp\/v2\/types\/product"}],"replies":[{"embeddable":true,"href":"https:\/\/lydaily.vn\/jp\/wp-json\/wp\/v2\/comments?post=291"}],"wp:featuredmedia":[{"embeddable":true,"href":"https:\/\/lydaily.vn\/jp\/wp-json\/wp\/v2\/media\/292"}],"wp:attachment":[{"href":"https:\/\/lydaily.vn\/jp\/wp-json\/wp\/v2\/media?parent=291"}],"wp:term":[{"taxonomy":"product_brand","embeddable":true,"href":"https:\/\/lydaily.vn\/jp\/wp-json\/wp\/v2\/product_brand?post=291"},{"taxonomy":"product_cat","embeddable":true,"href":"https:\/\/lydaily.vn\/jp\/wp-json\/wp\/v2\/product_cat?post=291"},{"taxonomy":"product_tag","embeddable":true,"href":"https:\/\/lydaily.vn\/jp\/wp-json\/wp\/v2\/product_tag?post=291"}],"curies":[{"name":"wp","href":"https:\/\/api.w.org\/{rel}","templated":true}]}}