{"id":289,"date":"2026-03-02T04:04:31","date_gmt":"2026-03-02T04:04:31","guid":{"rendered":"https:\/\/lydaily.qweb.com.vn\/?post_type=product&#038;p=289"},"modified":"2026-03-02T16:24:46","modified_gmt":"2026-03-02T16:24:46","slug":"dau-ca-hoi-omega-3-pure-alaska-333mg-540-vien","status":"publish","type":"product","link":"https:\/\/lydaily.vn\/jp\/san-pham\/dau-ca-hoi-omega-3-pure-alaska-333mg-540-vien\/","title":{"rendered":"D\u1ea7u C\u00e1 H\u1ed3i Omega-3 Pure Alaska 333mg 540 Vi\u00ean"},"content":{"rendered":"<p>Vi\u00ean u\u1ed1ng d\u1ea7u c\u00e1 h\u1ed3i Pure c\u00f3 th\u00e0nh ph\u1ea7n ch\u00ednh v\u00e0 quan tr\u1ecdng nh\u1ea5t l\u00e0 d\u1ea7u c\u00e1 h\u1ed3i \u0111\u00e1nh b\u1eaft t\u1eeb \u0111\u1ea1i d\u01b0\u01a1ng, ch\u1ee7 y\u1ebfu l\u00e0 l\u01b0u v\u1ef1c Alaska. V\u00f9ng bi\u1ec3n n\u00e0y l\u00e0 n\u01a1i c\u00f3 kh\u00ed h\u1eadu l\u1ea1nh l\u1ebdo quanh n\u0103m, mang \u0111\u1ebfn cho c\u00e1c \u0111\u00e0n c\u00e1 m\u00f4i tr\u01b0\u1eddng s\u1ed1ng s\u1ea1ch, \u00edt b\u1ecb x\u00e2m l\u1ea5n b\u1edfi con ng\u01b0\u1eddi. V\u1edbi \u0111\u1eb7c th\u00f9 kh\u00ed h\u1eadu l\u1ea1nh, c\u00e1 h\u1ed3i l\u1edbn l\u00ean \u1edf \u0111\u00e2y c\u00f2n c\u00f3 l\u1edbp m\u1ee1 d\u01b0\u1edbi da d\u00e0y h\u01a1n b\u00ecnh th\u01b0\u1eddng v\u00e0 th\u1ecbt s\u0103n ch\u1eafc h\u01a1n \u0111\u1ec3 th\u00edch \u1ee9ng. L\u01b0\u1ee3ng d\u1ea7u omega-3 l\u1ea5y \u0111\u01b0\u1ee3c v\u00ec th\u1ebf nhi\u1ec1u h\u01a1n v\u00e0 gi\u00e0u axit amin, d\u01b0\u1ee1ng ch\u1ea5t h\u01a1n c\u00e1c lo\u00e0i c\u00e1 kh\u00e1c. D\u1ea7u c\u00e1 h\u1ed3i c\u00f2n c\u00f3 \u0111\u1ed9 tinh khi\u1ebft cao, d\u1ec5 h\u1ea5p th\u1ee5.<\/p>\n<p>Omega-3 t\u1eeb d\u1ea7u c\u00e1 h\u1ed3i gi\u00fap nu\u00f4i d\u01b0\u1ee1ng \u0111\u00f4i m\u1eaft s\u00e1ng kh\u1ecfe, t\u0103ng c\u01b0\u1eddng ch\u1ea5t b\u00e9o t\u1ed1t cho c\u01a1 th\u1ec3. B\u1ed5 sung DHA t\u1ed1t cho tr\u00ed n\u00e3o. T\u1eeb ngu\u1ed3n d\u1ea7u c\u00e1 h\u1ed3i, ng\u01b0\u1eddi ta chi\u1ebft xu\u1ea5t th\u00eam axit b\u00e9o EPA v\u00e0 EDA. Hai ch\u1ea5t n\u00e0y gi\u00fap b\u1ea3o v\u1ec7 h\u1ec7 tim m\u1ea1ch kh\u1ecfe m\u1ea1nh, gi\u1ea3m \u0111\u01b0\u1eddng huy\u1ebft v\u00e0 h\u1ed7 tr\u1ee3 gi\u1ea3m ph\u00ec t\u1eafc m\u1ea1ch nh\u1edd ph\u00e2n gi\u1ea3i cholesterol t\u00edch t\u1ee5 \u1edf th\u00e0nh m\u1ea1ch.<\/p>\n<h2>C\u00f4ng d\u1ee5ng vi\u00ean u\u1ed1ng d\u1ea7u c\u00e1 h\u1ed3i Omega-3 Pure Alaska 333mg<\/h2>\n<ul>\n<li>B\u1ed5 sung omega-3 v\u00e0 c\u00e1c axit b\u00e9o kh\u00f4ng no kh\u00e1c t\u1ed1t cho c\u01a1 th\u1ec3 v\u1edbi h\u00e0m l\u01b0\u1ee3ng c\u1ea7n thi\u1ebft, v\u1ed1n kh\u00f3 t\u1ef1 h\u1ea5p th\u1ee5 \u0111\u1ee7. Omega-3 gi\u00fap t\u0103ng c\u01b0\u1eddng ho\u1ea1t \u0111\u1ed9ng c\u1ee7a h\u1ec7 tim m\u1ea1ch, huy\u1ebft \u00e1p, \u0111i\u1ec1u h\u00f2a \u0111\u01b0\u1eddng huy\u1ebft. H\u1ed7 tr\u1ee3 ph\u00f2ng ng\u1eeba v\u00e0 gi\u1ea3m m\u1ee1 m\u00e1u, m\u1ee1 gan, gan nhi\u1ec5m m\u1ee1, m\u00e1u nhi\u1ec5m m\u1ee1,\u2026<\/li>\n<li>T\u0103ng c\u01b0\u1eddng d\u01b0\u1ee1ng ch\u1ea5t cho m\u1eaft s\u00e1ng kh\u1ecfe. Ph\u00f2ng ng\u1eeba m\u1eaft m\u1edd, vi\u1ec5n th\u1ecb, qu\u00e1ng g\u00e0, gi\u1ea3m th\u1ecb l\u1ef1c, m\u1ecfi m\u1eaft, kh\u00f4 m\u1eaft,\u2026<\/li>\n<li>Ng\u0103n ng\u1eeba suy gi\u1ea3m tr\u00ed nh\u1edb v\u00e0 c\u00e1c b\u1ec7nh \u0111\u00e3ng tr\u00ed \u1edf ng\u01b0\u1eddi gi\u00e0. Cung c\u1ea5p \u0111\u1ee7 l\u01b0\u1ee3ng DHA c\u1ea7n thi\u1ebft cho tr\u00ed n\u00e3o tr\u1ebb nh\u1ecf ph\u00e1t tri\u1ec3n. T\u0103ng c\u01b0\u1eddng tr\u00ed tu\u1ec7 v\u00e0 s\u1ef1 t\u1eadp trung cho ng\u01b0\u1eddi tr\u01b0\u1edfng th\u00e0nh, gi\u00fap l\u00e0m vi\u1ec7c hi\u1ec7u qu\u1ea3 cao, nhanh h\u01a1n. Gi\u1ea3m tr\u1ea7m c\u1ea3m v\u00e0 stress, c\u0103ng th\u1eb3ng,\u2026<\/li>\n<li>H\u1ed7 tr\u1ee3 gi\u1ea3m t\u00edch t\u1ee5 cholesterol \u1edf th\u00e0nh m\u1ea1ch, ph\u00f2ng ng\u1eeba \u0111\u1ed9t qu\u1ef5, tai bi\u1ebfn. Ng\u0103n h\u00ecnh th\u00e0nh x\u01a1 v\u1eefa \u0111\u1ed9ng m\u1ea1ch, \u1ed5n \u0111\u1ecbnh huy\u1ebft \u00e1p.<\/li>\n<li>Gi\u1ea3m m\u1ee1 th\u1eeba v\u00e0 k\u00edch th\u00edch \u0111\u1ed1t ch\u00e1y ch\u1ea5t b\u00e9o no, h\u1ed7 tr\u1ee3 gi\u1ea3m c\u00e2n. Gi\u00fap duy tr\u00ec v\u00f3c d\u00e1ng s\u0103n ch\u1eafc thon th\u1ea3, c\u1ea3i thi\u1ec7n l\u00e0n da. D\u01b0\u1ee1ng da s\u0103n ch\u1eafc, m\u1ec1m m\u1ea1i kh\u00f4ng c\u00f2n kh\u00f4 da.<\/li>\n<\/ul>\n<h2>H\u01b0\u1edbng d\u1eabn s\u1eed d\u1ee5ng<\/h2>\n<p>Vi\u00ean u\u1ed1ng d\u1ea7u c\u00e1 h\u1ed3i Omega-3 \u0111\u00f3ng g\u00f3i theo h\u1ed9p 540 vi\u00ean (u\u1ed1ng trong 180 ng\u00e0y). Ng\u01b0\u1eddi l\u1edbn u\u1ed1ng 3 vi\u00ean m\u1ed7i ng\u00e0y v\u1edbi n\u01b0\u1edbc ho\u1eb7c n\u01b0\u1edbc \u1ea5m. N\u00ean u\u1ed1ng tr\u01b0\u1edbc b\u1eefa \u0103n \u0111\u1ec3 h\u1ea5p th\u1ee5 d\u1ea7u c\u00e1 t\u1ed1t h\u01a1n. U\u1ed1ng sau b\u1eefa \u0103n d\u00e0nh cho ng\u01b0\u1eddi mu\u1ed1n ki\u1ec3m so\u00e1t c\u00e2n n\u1eb7ng, tr\u00e1nh t\u00edch t\u1ee5 ch\u1ea5t b\u00e9o. \u0110\u1ec3 \u0111\u1ea1t hi\u1ec7u qu\u1ea3 t\u1ed1t nh\u1ea5t, duy tr\u00ec s\u1eed d\u1ee5ng li\u00ean t\u1ee5c 3-6 th\u00e1ng.<\/p>\n<p>B\u1ea3o qu\u1ea3n n\u01a1i tho\u00e1ng m\u00e1t, tr\u00e1nh \u00e1nh s\u00e1ng tr\u1ef1c ti\u1ebfp. Tr\u00e1nh xa t\u1ea7m tay tr\u1ebb em. V\u1eb7n k\u1ef9 n\u1eafp \u0111\u1ec3 tr\u00e1nh vi khu\u1ea9n. S\u1ea3n ph\u1ea9m kh\u00f4ng ph\u1ea3i l\u00e0 thu\u1ed1c v\u00e0 kh\u00f4ng c\u00f3 t\u00e1c d\u1ee5ng thay th\u1ebf thu\u1ed1c ch\u1eefa b\u1ec7nh.<\/p>\n","protected":false},"excerpt":{"rendered":"<div class=\"product-short-description\">\n<p>D\u1ea7u c\u00e1 h\u1ed3i Omega-3 Pure Alaska 333mg cung c\u1ea5p cho b\u1ea1n ngu\u1ed3n d\u1ed3i d\u00e0o omega-3 cho m\u1eaft s\u00e1ng v\u00e0 tim m\u1ea1ch kh\u1ecfe m\u1ea1nh.<\/p>\n<\/div>\n<form class=\"cart\" action=\"https:\/\/japonstore.vn\/san-pham\/dau-ca-hoi-omega-3-pure-alaska-333mg\/\" enctype=\"multipart\/form-data\" method=\"post\">\n<div class=\"ux-quantity quantity buttons_added\"><\/div>\n<\/form>\n","protected":false},"featured_media":290,"comment_status":"open","ping_status":"closed","template":"","meta":[],"product_brand":[],"product_cat":[21],"product_tag":[],"class_list":{"0":"post-289","1":"product","2":"type-product","3":"status-publish","4":"has-post-thumbnail","6":"product_cat-thuc-pham-chuc-nang","8":"first","9":"instock","10":"shipping-taxable","11":"purchasable","12":"product-type-simple"},"yoast_head":"<!-- This site is optimized with the Yoast SEO Premium plugin v22.3 (Yoast SEO v27.1.1) - https:\/\/yoast.com\/product\/yoast-seo-premium-wordpress\/ -->\n<title>D\u1ea7u C\u00e1 H\u1ed3i Omega-3 Pure Alaska 333mg 540 Vi\u00ean - Ly Daily<\/title>\n<meta name=\"robots\" content=\"index, follow, max-snippet:-1, max-image-preview:large, max-video-preview:-1\" \/>\n<link rel=\"canonical\" href=\"https:\/\/lydaily.vn\/jp\/san-pham\/dau-ca-hoi-omega-3-pure-alaska-333mg-540-vien\/\" \/>\n<meta property=\"og:locale\" content=\"vi_VN\" \/>\n<meta property=\"og:type\" content=\"article\" \/>\n<meta property=\"og:title\" content=\"D\u1ea7u C\u00e1 H\u1ed3i Omega-3 Pure Alaska 333mg 540 Vi\u00ean\" \/>\n<meta property=\"og:description\" content=\"D\u1ea7u c\u00e1 h\u1ed3i Omega-3 Pure Alaska 333mg cung c\u1ea5p cho b\u1ea1n ngu\u1ed3n d\u1ed3i d\u00e0o omega-3 cho m\u1eaft s\u00e1ng v\u00e0 tim m\u1ea1ch kh\u1ecfe m\u1ea1nh.\" \/>\n<meta property=\"og:url\" content=\"https:\/\/lydaily.vn\/jp\/san-pham\/dau-ca-hoi-omega-3-pure-alaska-333mg-540-vien\/\" \/>\n<meta property=\"og:site_name\" content=\"Ly Daily\" \/>\n<meta property=\"article:modified_time\" content=\"2026-03-02T16:24:46+00:00\" \/>\n<meta property=\"og:image\" content=\"https:\/\/lydaily.vn\/jp\/wp-content\/uploads\/2026\/03\/Dau-Ca-Hoi-Omega-3-Pure-Alaska-333mg-540-Vien.jpg\" \/>\n\t<meta property=\"og:image:width\" content=\"600\" \/>\n\t<meta property=\"og:image:height\" content=\"600\" \/>\n\t<meta property=\"og:image:type\" content=\"image\/jpeg\" \/>\n<meta name=\"twitter:card\" content=\"summary_large_image\" \/>\n<meta name=\"twitter:label1\" content=\"\u01af\u1edbc t\u00ednh th\u1eddi gian \u0111\u1ecdc\" \/>\n\t<meta name=\"twitter:data1\" content=\"4 ph\u00fat\" \/>\n<script type=\"application\/ld+json\" class=\"yoast-schema-graph\">{\"@context\":\"https:\/\/schema.org\",\"@graph\":[{\"@type\":\"WebPage\",\"@id\":\"https:\/\/lydaily.vn\/jp\/san-pham\/dau-ca-hoi-omega-3-pure-alaska-333mg-540-vien\/\",\"url\":\"https:\/\/lydaily.vn\/jp\/san-pham\/dau-ca-hoi-omega-3-pure-alaska-333mg-540-vien\/\",\"name\":\"D\u1ea7u C\u00e1 H\u1ed3i Omega-3 Pure Alaska 333mg 540 Vi\u00ean - Ly Daily\",\"isPartOf\":{\"@id\":\"https:\/\/lydaily.vn\/jp\/#website\"},\"primaryImageOfPage\":{\"@id\":\"https:\/\/lydaily.vn\/jp\/san-pham\/dau-ca-hoi-omega-3-pure-alaska-333mg-540-vien\/#primaryimage\"},\"image\":{\"@id\":\"https:\/\/lydaily.vn\/jp\/san-pham\/dau-ca-hoi-omega-3-pure-alaska-333mg-540-vien\/#primaryimage\"},\"thumbnailUrl\":\"https:\/\/lydaily.vn\/jp\/wp-content\/uploads\/2026\/03\/Dau-Ca-Hoi-Omega-3-Pure-Alaska-333mg-540-Vien.jpg\",\"datePublished\":\"2026-03-02T04:04:31+00:00\",\"dateModified\":\"2026-03-02T16:24:46+00:00\",\"breadcrumb\":{\"@id\":\"https:\/\/lydaily.vn\/jp\/san-pham\/dau-ca-hoi-omega-3-pure-alaska-333mg-540-vien\/#breadcrumb\"},\"inLanguage\":\"vi\",\"potentialAction\":[{\"@type\":\"ReadAction\",\"target\":[\"https:\/\/lydaily.vn\/jp\/san-pham\/dau-ca-hoi-omega-3-pure-alaska-333mg-540-vien\/\"]}]},{\"@type\":\"ImageObject\",\"inLanguage\":\"vi\",\"@id\":\"https:\/\/lydaily.vn\/jp\/san-pham\/dau-ca-hoi-omega-3-pure-alaska-333mg-540-vien\/#primaryimage\",\"url\":\"https:\/\/lydaily.vn\/jp\/wp-content\/uploads\/2026\/03\/Dau-Ca-Hoi-Omega-3-Pure-Alaska-333mg-540-Vien.jpg\",\"contentUrl\":\"https:\/\/lydaily.vn\/jp\/wp-content\/uploads\/2026\/03\/Dau-Ca-Hoi-Omega-3-Pure-Alaska-333mg-540-Vien.jpg\",\"width\":600,\"height\":600},{\"@type\":\"BreadcrumbList\",\"@id\":\"https:\/\/lydaily.vn\/jp\/san-pham\/dau-ca-hoi-omega-3-pure-alaska-333mg-540-vien\/#breadcrumb\",\"itemListElement\":[{\"@type\":\"ListItem\",\"position\":1,\"name\":\"Home\",\"item\":\"https:\/\/lydaily.vn\/jp\/\"},{\"@type\":\"ListItem\",\"position\":2,\"name\":\"S\u1ea3n ph\u1ea9m\",\"item\":\"https:\/\/lydaily.vn\/jp\/san-pham\/\"},{\"@type\":\"ListItem\",\"position\":3,\"name\":\"D\u1ea7u C\u00e1 H\u1ed3i Omega-3 Pure Alaska 333mg 540 Vi\u00ean\"}]},{\"@type\":\"WebSite\",\"@id\":\"https:\/\/lydaily.vn\/jp\/#website\",\"url\":\"https:\/\/lydaily.vn\/jp\/\",\"name\":\"Ly Daily\",\"description\":\"Th\u1ef1c Ph\u1ea9m Ch\u1ee9c N\u0103ng &amp; M\u1ef9 Ph\u1ea9m t\u1ea1i Nh\u1eadt B\u1ea3n v\u00e0 Vi\u1ec7t Nam\",\"potentialAction\":[{\"@type\":\"SearchAction\",\"target\":{\"@type\":\"EntryPoint\",\"urlTemplate\":\"https:\/\/lydaily.vn\/jp\/?s={search_term_string}\"},\"query-input\":{\"@type\":\"PropertyValueSpecification\",\"valueRequired\":true,\"valueName\":\"search_term_string\"}}],\"inLanguage\":\"vi\"}]}<\/script>\n<!-- \/ Yoast SEO Premium plugin. -->","yoast_head_json":{"title":"D\u1ea7u C\u00e1 H\u1ed3i Omega-3 Pure Alaska 333mg 540 Vi\u00ean - Ly Daily","robots":{"index":"index","follow":"follow","max-snippet":"max-snippet:-1","max-image-preview":"max-image-preview:large","max-video-preview":"max-video-preview:-1"},"canonical":"https:\/\/lydaily.vn\/jp\/san-pham\/dau-ca-hoi-omega-3-pure-alaska-333mg-540-vien\/","og_locale":"vi_VN","og_type":"article","og_title":"D\u1ea7u C\u00e1 H\u1ed3i Omega-3 Pure Alaska 333mg 540 Vi\u00ean","og_description":"D\u1ea7u c\u00e1 h\u1ed3i Omega-3 Pure Alaska 333mg cung c\u1ea5p cho b\u1ea1n ngu\u1ed3n d\u1ed3i d\u00e0o omega-3 cho m\u1eaft s\u00e1ng v\u00e0 tim m\u1ea1ch kh\u1ecfe m\u1ea1nh.","og_url":"https:\/\/lydaily.vn\/jp\/san-pham\/dau-ca-hoi-omega-3-pure-alaska-333mg-540-vien\/","og_site_name":"Ly Daily","article_modified_time":"2026-03-02T16:24:46+00:00","og_image":[{"width":600,"height":600,"url":"https:\/\/lydaily.vn\/jp\/wp-content\/uploads\/2026\/03\/Dau-Ca-Hoi-Omega-3-Pure-Alaska-333mg-540-Vien.jpg","type":"image\/jpeg"}],"twitter_card":"summary_large_image","twitter_misc":{"\u01af\u1edbc t\u00ednh th\u1eddi gian \u0111\u1ecdc":"4 ph\u00fat"},"schema":{"@context":"https:\/\/schema.org","@graph":[{"@type":"WebPage","@id":"https:\/\/lydaily.vn\/jp\/san-pham\/dau-ca-hoi-omega-3-pure-alaska-333mg-540-vien\/","url":"https:\/\/lydaily.vn\/jp\/san-pham\/dau-ca-hoi-omega-3-pure-alaska-333mg-540-vien\/","name":"D\u1ea7u C\u00e1 H\u1ed3i Omega-3 Pure Alaska 333mg 540 Vi\u00ean - Ly Daily","isPartOf":{"@id":"https:\/\/lydaily.vn\/jp\/#website"},"primaryImageOfPage":{"@id":"https:\/\/lydaily.vn\/jp\/san-pham\/dau-ca-hoi-omega-3-pure-alaska-333mg-540-vien\/#primaryimage"},"image":{"@id":"https:\/\/lydaily.vn\/jp\/san-pham\/dau-ca-hoi-omega-3-pure-alaska-333mg-540-vien\/#primaryimage"},"thumbnailUrl":"https:\/\/lydaily.vn\/jp\/wp-content\/uploads\/2026\/03\/Dau-Ca-Hoi-Omega-3-Pure-Alaska-333mg-540-Vien.jpg","datePublished":"2026-03-02T04:04:31+00:00","dateModified":"2026-03-02T16:24:46+00:00","breadcrumb":{"@id":"https:\/\/lydaily.vn\/jp\/san-pham\/dau-ca-hoi-omega-3-pure-alaska-333mg-540-vien\/#breadcrumb"},"inLanguage":"vi","potentialAction":[{"@type":"ReadAction","target":["https:\/\/lydaily.vn\/jp\/san-pham\/dau-ca-hoi-omega-3-pure-alaska-333mg-540-vien\/"]}]},{"@type":"ImageObject","inLanguage":"vi","@id":"https:\/\/lydaily.vn\/jp\/san-pham\/dau-ca-hoi-omega-3-pure-alaska-333mg-540-vien\/#primaryimage","url":"https:\/\/lydaily.vn\/jp\/wp-content\/uploads\/2026\/03\/Dau-Ca-Hoi-Omega-3-Pure-Alaska-333mg-540-Vien.jpg","contentUrl":"https:\/\/lydaily.vn\/jp\/wp-content\/uploads\/2026\/03\/Dau-Ca-Hoi-Omega-3-Pure-Alaska-333mg-540-Vien.jpg","width":600,"height":600},{"@type":"BreadcrumbList","@id":"https:\/\/lydaily.vn\/jp\/san-pham\/dau-ca-hoi-omega-3-pure-alaska-333mg-540-vien\/#breadcrumb","itemListElement":[{"@type":"ListItem","position":1,"name":"Home","item":"https:\/\/lydaily.vn\/jp\/"},{"@type":"ListItem","position":2,"name":"S\u1ea3n ph\u1ea9m","item":"https:\/\/lydaily.vn\/jp\/san-pham\/"},{"@type":"ListItem","position":3,"name":"D\u1ea7u C\u00e1 H\u1ed3i Omega-3 Pure Alaska 333mg 540 Vi\u00ean"}]},{"@type":"WebSite","@id":"https:\/\/lydaily.vn\/jp\/#website","url":"https:\/\/lydaily.vn\/jp\/","name":"Ly Daily","description":"Th\u1ef1c Ph\u1ea9m Ch\u1ee9c N\u0103ng &amp; M\u1ef9 Ph\u1ea9m t\u1ea1i Nh\u1eadt B\u1ea3n v\u00e0 Vi\u1ec7t Nam","potentialAction":[{"@type":"SearchAction","target":{"@type":"EntryPoint","urlTemplate":"https:\/\/lydaily.vn\/jp\/?s={search_term_string}"},"query-input":{"@type":"PropertyValueSpecification","valueRequired":true,"valueName":"search_term_string"}}],"inLanguage":"vi"}]}},"_links":{"self":[{"href":"https:\/\/lydaily.vn\/jp\/wp-json\/wp\/v2\/product\/289","targetHints":{"allow":["GET"]}}],"collection":[{"href":"https:\/\/lydaily.vn\/jp\/wp-json\/wp\/v2\/product"}],"about":[{"href":"https:\/\/lydaily.vn\/jp\/wp-json\/wp\/v2\/types\/product"}],"replies":[{"embeddable":true,"href":"https:\/\/lydaily.vn\/jp\/wp-json\/wp\/v2\/comments?post=289"}],"wp:featuredmedia":[{"embeddable":true,"href":"https:\/\/lydaily.vn\/jp\/wp-json\/wp\/v2\/media\/290"}],"wp:attachment":[{"href":"https:\/\/lydaily.vn\/jp\/wp-json\/wp\/v2\/media?parent=289"}],"wp:term":[{"taxonomy":"product_brand","embeddable":true,"href":"https:\/\/lydaily.vn\/jp\/wp-json\/wp\/v2\/product_brand?post=289"},{"taxonomy":"product_cat","embeddable":true,"href":"https:\/\/lydaily.vn\/jp\/wp-json\/wp\/v2\/product_cat?post=289"},{"taxonomy":"product_tag","embeddable":true,"href":"https:\/\/lydaily.vn\/jp\/wp-json\/wp\/v2\/product_tag?post=289"}],"curies":[{"name":"wp","href":"https:\/\/api.w.org\/{rel}","templated":true}]}}