{"id":287,"date":"2026-03-02T04:02:28","date_gmt":"2026-03-02T04:02:28","guid":{"rendered":"https:\/\/lydaily.qweb.com.vn\/?post_type=product&#038;p=287"},"modified":"2026-03-02T15:59:10","modified_gmt":"2026-03-02T15:59:10","slug":"dau-nhuyen-the-kori-krill-oil-omega-3-nhat-ban-152-vien","status":"publish","type":"product","link":"https:\/\/lydaily.vn\/jp\/san-pham\/dau-nhuyen-the-kori-krill-oil-omega-3-nhat-ban-152-vien\/","title":{"rendered":"D\u1ea7u nhuy\u1ec5n th\u1ec3 Kori Krill Oil Omega 3 Nh\u1eadt B\u1ea3n 152 vi\u00ean"},"content":{"rendered":"<p>D\u1ea7u nhuy\u1ec5n th\u1ec3 (Krill Oil) \u0111ang \u0111\u01b0\u1ee3c nhi\u1ec1u ng\u01b0\u1eddi t\u00ecm ki\u1ebfm v\u00e0 l\u1ef1a ch\u1ecdn b\u1edfi mang l\u1ea1i nhi\u1ec1u l\u1ee3i \u00edch b\u1ea3o v\u1ec7 tim m\u1ea1ch. R\u1ea5t nhi\u1ec1u b\u00e1c s\u0129 v\u00e0 chuy\u00ean gia khuy\u00ean d\u00f9ng d\u1ea7u nhuy\u1ec5n th\u1ec3 \u0111\u1ec3 nh\u1eadn \u0111\u01b0\u1ee3c ngu\u1ed3n Omega 3 t\u1ef1 nhi\u00ean v\u00e0 hi\u1ec7u qu\u1ea3 cao.<\/p>\n<p><strong>Kori Krill Oil Omega 3<\/strong>\u00a0c\u1ee7a Nh\u1eadt B\u1ea3n<strong>\u00a0<\/strong>l\u00e0 s\u1ea3n ph\u1ea9m \u0111ang r\u1ea5t \u0111\u01b0\u1ee3c \u01b0a chu\u1ed9ng hi\u1ec7n nay. Vi\u00ean nang d\u1ea7u nhuy\u1ec5n th\u1ec3 \u0111\u01b0\u1ee3c chi\u1ebft xu\u1ea5t t\u1eeb Nam c\u1ef1c &#8211; v\u00f9ng bi\u1ec3n l\u1ea1nh, s\u1ea1ch v\u00e0 c\u00f3 ngu\u1ed3n krill d\u1ed3i d\u00e0o.\u00a0D\u1ea7u nhuy\u1ec5n th\u1ec3 Kori Krill Oil 152 vi\u00ean kh\u00f4ng ch\u1ec9 cung c\u1ea5p\u00a0Omega 3\u00a0m\u00e0 c\u00f2n ch\u1ee9a nhi\u1ec1u Astaxanthin v\u00e0 Choline h\u1ed7 tr\u1ee3 ch\u1ed1ng oxy h\u00f3a, t\u0103ng c\u01b0\u1eddng mi\u1ec5n d\u1ecbch v\u00e0 b\u1ea3o v\u1ec7 h\u1ec7 th\u1ea7n kinh.<\/p>\n<h3>Th\u00e0nh ph\u1ea7n ch\u00ednh<\/h3>\n<p><strong><u>Omega 3<\/u><\/strong>: L\u00e0 lo\u1ea1i acid b\u00e9o quan tr\u1ecdng \u0111\u1ed1i v\u1edbi m\u00e0ng t\u1ebf b\u00e0o. Omega 3 l\u00e0 ti\u1ec1n ch\u1ea5t t\u1ea1o ra DHA v\u00e0 EPA. H\u00e0m l\u01b0\u1ee3ng Omega 3 trong Kori Krill Oil c\u1ee7a Nh\u1eadt ph\u00f9 h\u1ee3p v\u1edbi m\u1ecdi \u0111\u1ed1i t\u01b0\u1ee3ng t\u1eeb tu\u1ed5i tr\u01b0\u1edfng th\u00e0nh. \u0110\u1eb7c bi\u1ec7t Omega 3 n\u00e0y tan trong n\u01b0\u1edbc v\u00e0 trong d\u1ea7u, h\u1ea5p thu t\u1ed1t.<\/p>\n<p><u><strong>DHA<\/strong><\/u>: DHA l\u00e0 acid b\u00e9o quan tr\u1ecdng \u0111\u1ed1i v\u1edbi ch\u1ee9c n\u0103ng n\u00e3o. DHA t\u1ea1o n\u00ean m\u00e0ng t\u1ebf b\u00e0o n\u00e3o, \u1ea3nh h\u01b0\u1edfng \u0111\u1ebfn \u201c\u0111\u1ed9 nh\u1ea1y\u201d c\u1ee7a th\u1ea7n kinh. Khi \u0111\u01b0\u1ee3c b\u1ed5 sung DHA \u0111\u1ea7y \u0111\u1ee7, n\u00e3o s\u1ebd ho\u1ea1t \u0111\u1ed9ng hi\u1ec7u qu\u1ea3, c\u1ea3i thi\u1ec7n c\u00e1c v\u1ea5n \u0111\u1ec1 v\u1ec1 tr\u00ed nh\u1edb, nh\u1eadn th\u1ee9c,..<\/p>\n<p>B\u00ean c\u1ea1nh \u0111\u00f3, DHA c\u00f2n b\u1ed3i b\u1ed5 gi\u00e1c m\u1ea1c, t\u0103ng c\u01b0\u1eddng th\u1ecb l\u1ef1c, l\u00e0m s\u00e1ng m\u1eaft.<\/p>\n<p><strong><u>EPA:<\/u><\/strong>\u00a0R\u1ea5t t\u1ed1t \u0111\u1ec3 l\u00e0m gi\u1ea3m vi\u00eam, b\u1ea3o v\u1ec7 tim, \u0111\u1ed3ng th\u1eddi l\u00e0m gi\u1ea3m lo \u00e2u, ng\u0103n ng\u1eeba tr\u1ea7m c\u1ea3m. Nhi\u1ec1u nghi\u00ean c\u1ee9u c\u00f2n cho th\u1ea5y EPA l\u00e0m gi\u1ea3m c\u00e1c tri\u1ec7u ch\u1ee9ng b\u1ed1c h\u1ecfa \u1edf tu\u1ed5i\u00a0ti\u1ec1n m\u00e3n kinh\u2026<\/p>\n<p><strong><u>Astaxanthin<\/u><\/strong>: L\u00e0 ch\u1ea5t ch\u1ed1ng oxy h\u00f3a r\u1ea5t m\u1ea1nh c\u00f3 nhi\u1ec1u trong c\u00e1c lo\u1ea1i h\u1ea3i s\u1ea3n v\u00e0 t\u00f4m. Astaxanthin trung h\u00f2a g\u1ed1c t\u1ef1 do trong c\u01a1 th\u1ec3, r\u1ea5t t\u1ed1t cho s\u1ee9c kh\u1ecfe v\u00e0 l\u00e0m \u0111\u1eb9p da.<\/p>\n<p><strong><u>Choline<\/u><\/strong>: D\u01b0\u1ee1ng ch\u1ea5t t\u1ed1t cho n\u00e3o b\u1ed9 v\u00e0 h\u1ec7 th\u1ea7n kinh, \u0111\u1ed3ng th\u1eddi duy tr\u00ec ch\u1ee9c n\u0103ng gan, trao \u0111\u1ed5i ch\u1ea5t,..<\/p>\n<h3>C\u00f4ng d\u1ee5ng c\u1ee7a d\u1ea7u nhuy\u1ec5n th\u1ec3 Kori Krill Oil Omega 3 Nh\u1eadt B\u1ea3n<\/h3>\n<h4><u>H\u1ed7 tr\u1ee3 ch\u1ee9c n\u0103ng n\u00e3o<\/u><\/h4>\n<p><strong>&#8211; D\u1ea7u nhuy\u1ec5n th\u1ec3 Kori Krill Oil\u00a0<\/strong>b\u1ed5 sung d\u01b0\u1ee1ng ch\u1ea5t t\u1ed1t cho n\u00e3o b\u1ed9 v\u00e0 h\u1ec7 th\u1ea7n kinh trung \u01b0\u01a1ng<\/p>\n<p>&#8211; T\u0103ng c\u01b0\u1eddng tr\u00ed nh\u1edb, ch\u1ee9c n\u0103ng nh\u1eadn th\u1ee9c. \u0110\u1ed3ng th\u1eddi gi\u1ea3m nguy c\u01a1 l\u00fa l\u1eabn, qu\u00ean tr\u01b0\u1edbc qu\u00ean sau (\u1edf ng\u01b0\u1eddi l\u1edbn tu\u1ed5i).<\/p>\n<p>&#8211; H\u1ed7 tr\u1ee3 gi\u1ea3m c\u0103ng th\u1eb3ng stress cho ng\u01b0\u1eddi l\u00e0m vi\u1ec7c tr\u00ed \u00f3c, c\u1ea3i thi\u1ec7n t\u00e2m tr\u1ea1ng<\/p>\n<h4><u>B\u1ea3o v\u1ec7 tim m\u1ea1ch<\/u><\/h4>\n<p>&#8211; Omega 3 l\u00e0 ch\u1ea5t b\u00e9o t\u1ed1t cho tim m\u1ea1ch nh\u1edd l\u00e0m gi\u1ea3m cholesterol, gi\u1ea3m nguy c\u01a1 x\u01a1 v\u1eefa m\u1ea1ch m\u00e1u<\/p>\n<p>&#8211; T\u0103ng tu\u1ea7n ho\u00e0n m\u00e1u trong th\u00e0nh m\u1ea1ch, duy tr\u00ec \u1ed5n \u0111\u1ecbnh\u00a0huy\u1ebft \u00e1p<\/p>\n<p>&#8211; Ch\u1ed1ng vi\u00eam tim v\u00e0 h\u1ed7 tr\u1ee3 ph\u00f2ng ng\u1eeba c\u00e1c b\u1ec7nh l\u00fd tim m\u1ea1ch th\u01b0\u1eddng g\u1eb7p nh\u01b0 \u0111\u1ed9t qu\u1ef5, nh\u1ed3i m\u00e1u c\u01a1 tim,&#8230;<\/p>\n<h4><u>T\u0103ng c\u01b0\u1eddng mi\u1ec5n d\u1ecbch v\u00e0 s\u1ee9c kh\u1ecfe chung<\/u><\/h4>\n<p>&#8211; Krill Oil n\u00e2ng cao h\u1ec7 mi\u1ec5n d\u1ecbch, b\u1ea3o v\u1ec7 c\u01a1 th\u1ec3 tr\u01b0\u1edbc g\u1ed1c t\u1ef1 do g\u00e2y h\u1ea1i<\/p>\n<p>&#8211; H\u1ed7 tr\u1ee3 l\u00e0m gi\u1ea3m vi\u00eam nh\u01b0 vi\u00eam kh\u1edbp, vi\u00eam da,&#8230;<\/p>\n<p>&#8211; B\u1ed3i b\u1ed5 gi\u00e1c m\u1ea1c, t\u0103ng c\u01b0\u1eddng th\u1ecb l\u1ef1c<\/p>\n<p>&#8211; T\u0103ng c\u01b0\u1eddng hi\u1ec7u su\u1ea5t t\u1eadp luy\u1ec7n th\u1ec3 d\u1ee5c th\u1ec3 thao<\/p>\n","protected":false},"excerpt":{"rendered":"<div class=\"rowl\">\n<p class=\"intro\">D\u1ea7u nhuy\u1ec5n th\u1ec3 Kori Krill Oil Omega 3 c\u1ee7a Nh\u1eadt B\u1ea3n h\u1ed9p 152 vi\u00ean c\u00f3 ngu\u1ed3n g\u1ed1c t\u1eeb Nam c\u1ef1c, tinh khi\u1ebft, gi\u00e0u omega 3 t\u1ed1t cho tim m\u1ea1ch, tr\u00ed n\u00e3o,&#8230;<\/p>\n<\/div>\n<div class=\"rowr\"><\/div>\n","protected":false},"featured_media":288,"comment_status":"open","ping_status":"closed","template":"","meta":[],"product_brand":[],"product_cat":[21],"product_tag":[],"class_list":{"0":"post-287","1":"product","2":"type-product","3":"status-publish","4":"has-post-thumbnail","6":"product_cat-thuc-pham-chuc-nang","8":"first","9":"instock","10":"shipping-taxable","11":"purchasable","12":"product-type-simple"},"yoast_head":"<!-- This site is optimized with the Yoast SEO Premium plugin v22.3 (Yoast SEO v27.1.1) - https:\/\/yoast.com\/product\/yoast-seo-premium-wordpress\/ -->\n<title>D\u1ea7u nhuy\u1ec5n th\u1ec3 Kori Krill Oil Omega 3 Nh\u1eadt B\u1ea3n 152 vi\u00ean - Ly Daily<\/title>\n<meta name=\"robots\" content=\"index, follow, max-snippet:-1, max-image-preview:large, max-video-preview:-1\" \/>\n<link rel=\"canonical\" href=\"https:\/\/lydaily.vn\/jp\/san-pham\/dau-nhuyen-the-kori-krill-oil-omega-3-nhat-ban-152-vien\/\" \/>\n<meta property=\"og:locale\" content=\"vi_VN\" \/>\n<meta property=\"og:type\" content=\"article\" \/>\n<meta property=\"og:title\" content=\"D\u1ea7u nhuy\u1ec5n th\u1ec3 Kori Krill Oil Omega 3 Nh\u1eadt B\u1ea3n 152 vi\u00ean\" \/>\n<meta property=\"og:description\" content=\"D\u1ea7u nhuy\u1ec5n th\u1ec3 Kori Krill Oil Omega 3 c\u1ee7a Nh\u1eadt B\u1ea3n h\u1ed9p 152 vi\u00ean c\u00f3 ngu\u1ed3n g\u1ed1c t\u1eeb Nam c\u1ef1c, tinh khi\u1ebft, gi\u00e0u omega 3 t\u1ed1t cho tim m\u1ea1ch, tr\u00ed n\u00e3o,...\" \/>\n<meta property=\"og:url\" content=\"https:\/\/lydaily.vn\/jp\/san-pham\/dau-nhuyen-the-kori-krill-oil-omega-3-nhat-ban-152-vien\/\" \/>\n<meta property=\"og:site_name\" content=\"Ly Daily\" \/>\n<meta property=\"article:modified_time\" content=\"2026-03-02T15:59:10+00:00\" \/>\n<meta property=\"og:image\" content=\"https:\/\/lydaily.vn\/jp\/wp-content\/uploads\/2026\/03\/Thuc-pham-chuc-nang-Dau-nhuyen-the-Kori-Krill-Oil-Omega-3-Nhat-Ban-152-vien.jpg\" \/>\n\t<meta property=\"og:image:width\" content=\"600\" \/>\n\t<meta property=\"og:image:height\" content=\"600\" \/>\n\t<meta property=\"og:image:type\" content=\"image\/jpeg\" \/>\n<meta name=\"twitter:card\" content=\"summary_large_image\" \/>\n<meta name=\"twitter:label1\" content=\"\u01af\u1edbc t\u00ednh th\u1eddi gian \u0111\u1ecdc\" \/>\n\t<meta name=\"twitter:data1\" content=\"4 ph\u00fat\" \/>\n<script type=\"application\/ld+json\" class=\"yoast-schema-graph\">{\"@context\":\"https:\/\/schema.org\",\"@graph\":[{\"@type\":\"WebPage\",\"@id\":\"https:\/\/lydaily.vn\/jp\/san-pham\/dau-nhuyen-the-kori-krill-oil-omega-3-nhat-ban-152-vien\/\",\"url\":\"https:\/\/lydaily.vn\/jp\/san-pham\/dau-nhuyen-the-kori-krill-oil-omega-3-nhat-ban-152-vien\/\",\"name\":\"D\u1ea7u nhuy\u1ec5n th\u1ec3 Kori Krill Oil Omega 3 Nh\u1eadt B\u1ea3n 152 vi\u00ean - Ly Daily\",\"isPartOf\":{\"@id\":\"https:\/\/lydaily.vn\/jp\/#website\"},\"primaryImageOfPage\":{\"@id\":\"https:\/\/lydaily.vn\/jp\/san-pham\/dau-nhuyen-the-kori-krill-oil-omega-3-nhat-ban-152-vien\/#primaryimage\"},\"image\":{\"@id\":\"https:\/\/lydaily.vn\/jp\/san-pham\/dau-nhuyen-the-kori-krill-oil-omega-3-nhat-ban-152-vien\/#primaryimage\"},\"thumbnailUrl\":\"https:\/\/lydaily.vn\/jp\/wp-content\/uploads\/2026\/03\/Thuc-pham-chuc-nang-Dau-nhuyen-the-Kori-Krill-Oil-Omega-3-Nhat-Ban-152-vien.jpg\",\"datePublished\":\"2026-03-02T04:02:28+00:00\",\"dateModified\":\"2026-03-02T15:59:10+00:00\",\"breadcrumb\":{\"@id\":\"https:\/\/lydaily.vn\/jp\/san-pham\/dau-nhuyen-the-kori-krill-oil-omega-3-nhat-ban-152-vien\/#breadcrumb\"},\"inLanguage\":\"vi\",\"potentialAction\":[{\"@type\":\"ReadAction\",\"target\":[\"https:\/\/lydaily.vn\/jp\/san-pham\/dau-nhuyen-the-kori-krill-oil-omega-3-nhat-ban-152-vien\/\"]}]},{\"@type\":\"ImageObject\",\"inLanguage\":\"vi\",\"@id\":\"https:\/\/lydaily.vn\/jp\/san-pham\/dau-nhuyen-the-kori-krill-oil-omega-3-nhat-ban-152-vien\/#primaryimage\",\"url\":\"https:\/\/lydaily.vn\/jp\/wp-content\/uploads\/2026\/03\/Thuc-pham-chuc-nang-Dau-nhuyen-the-Kori-Krill-Oil-Omega-3-Nhat-Ban-152-vien.jpg\",\"contentUrl\":\"https:\/\/lydaily.vn\/jp\/wp-content\/uploads\/2026\/03\/Thuc-pham-chuc-nang-Dau-nhuyen-the-Kori-Krill-Oil-Omega-3-Nhat-Ban-152-vien.jpg\",\"width\":600,\"height\":600},{\"@type\":\"BreadcrumbList\",\"@id\":\"https:\/\/lydaily.vn\/jp\/san-pham\/dau-nhuyen-the-kori-krill-oil-omega-3-nhat-ban-152-vien\/#breadcrumb\",\"itemListElement\":[{\"@type\":\"ListItem\",\"position\":1,\"name\":\"Home\",\"item\":\"https:\/\/lydaily.vn\/jp\/\"},{\"@type\":\"ListItem\",\"position\":2,\"name\":\"S\u1ea3n ph\u1ea9m\",\"item\":\"https:\/\/lydaily.vn\/jp\/san-pham\/\"},{\"@type\":\"ListItem\",\"position\":3,\"name\":\"D\u1ea7u nhuy\u1ec5n th\u1ec3 Kori Krill Oil Omega 3 Nh\u1eadt B\u1ea3n 152 vi\u00ean\"}]},{\"@type\":\"WebSite\",\"@id\":\"https:\/\/lydaily.vn\/jp\/#website\",\"url\":\"https:\/\/lydaily.vn\/jp\/\",\"name\":\"Ly Daily\",\"description\":\"Th\u1ef1c Ph\u1ea9m Ch\u1ee9c N\u0103ng &amp; M\u1ef9 Ph\u1ea9m t\u1ea1i Nh\u1eadt B\u1ea3n v\u00e0 Vi\u1ec7t Nam\",\"potentialAction\":[{\"@type\":\"SearchAction\",\"target\":{\"@type\":\"EntryPoint\",\"urlTemplate\":\"https:\/\/lydaily.vn\/jp\/?s={search_term_string}\"},\"query-input\":{\"@type\":\"PropertyValueSpecification\",\"valueRequired\":true,\"valueName\":\"search_term_string\"}}],\"inLanguage\":\"vi\"}]}<\/script>\n<!-- \/ Yoast SEO Premium plugin. -->","yoast_head_json":{"title":"D\u1ea7u nhuy\u1ec5n th\u1ec3 Kori Krill Oil Omega 3 Nh\u1eadt B\u1ea3n 152 vi\u00ean - Ly Daily","robots":{"index":"index","follow":"follow","max-snippet":"max-snippet:-1","max-image-preview":"max-image-preview:large","max-video-preview":"max-video-preview:-1"},"canonical":"https:\/\/lydaily.vn\/jp\/san-pham\/dau-nhuyen-the-kori-krill-oil-omega-3-nhat-ban-152-vien\/","og_locale":"vi_VN","og_type":"article","og_title":"D\u1ea7u nhuy\u1ec5n th\u1ec3 Kori Krill Oil Omega 3 Nh\u1eadt B\u1ea3n 152 vi\u00ean","og_description":"D\u1ea7u nhuy\u1ec5n th\u1ec3 Kori Krill Oil Omega 3 c\u1ee7a Nh\u1eadt B\u1ea3n h\u1ed9p 152 vi\u00ean c\u00f3 ngu\u1ed3n g\u1ed1c t\u1eeb Nam c\u1ef1c, tinh khi\u1ebft, gi\u00e0u omega 3 t\u1ed1t cho tim m\u1ea1ch, tr\u00ed n\u00e3o,...","og_url":"https:\/\/lydaily.vn\/jp\/san-pham\/dau-nhuyen-the-kori-krill-oil-omega-3-nhat-ban-152-vien\/","og_site_name":"Ly Daily","article_modified_time":"2026-03-02T15:59:10+00:00","og_image":[{"width":600,"height":600,"url":"https:\/\/lydaily.vn\/jp\/wp-content\/uploads\/2026\/03\/Thuc-pham-chuc-nang-Dau-nhuyen-the-Kori-Krill-Oil-Omega-3-Nhat-Ban-152-vien.jpg","type":"image\/jpeg"}],"twitter_card":"summary_large_image","twitter_misc":{"\u01af\u1edbc t\u00ednh th\u1eddi gian \u0111\u1ecdc":"4 ph\u00fat"},"schema":{"@context":"https:\/\/schema.org","@graph":[{"@type":"WebPage","@id":"https:\/\/lydaily.vn\/jp\/san-pham\/dau-nhuyen-the-kori-krill-oil-omega-3-nhat-ban-152-vien\/","url":"https:\/\/lydaily.vn\/jp\/san-pham\/dau-nhuyen-the-kori-krill-oil-omega-3-nhat-ban-152-vien\/","name":"D\u1ea7u nhuy\u1ec5n th\u1ec3 Kori Krill Oil Omega 3 Nh\u1eadt B\u1ea3n 152 vi\u00ean - Ly Daily","isPartOf":{"@id":"https:\/\/lydaily.vn\/jp\/#website"},"primaryImageOfPage":{"@id":"https:\/\/lydaily.vn\/jp\/san-pham\/dau-nhuyen-the-kori-krill-oil-omega-3-nhat-ban-152-vien\/#primaryimage"},"image":{"@id":"https:\/\/lydaily.vn\/jp\/san-pham\/dau-nhuyen-the-kori-krill-oil-omega-3-nhat-ban-152-vien\/#primaryimage"},"thumbnailUrl":"https:\/\/lydaily.vn\/jp\/wp-content\/uploads\/2026\/03\/Thuc-pham-chuc-nang-Dau-nhuyen-the-Kori-Krill-Oil-Omega-3-Nhat-Ban-152-vien.jpg","datePublished":"2026-03-02T04:02:28+00:00","dateModified":"2026-03-02T15:59:10+00:00","breadcrumb":{"@id":"https:\/\/lydaily.vn\/jp\/san-pham\/dau-nhuyen-the-kori-krill-oil-omega-3-nhat-ban-152-vien\/#breadcrumb"},"inLanguage":"vi","potentialAction":[{"@type":"ReadAction","target":["https:\/\/lydaily.vn\/jp\/san-pham\/dau-nhuyen-the-kori-krill-oil-omega-3-nhat-ban-152-vien\/"]}]},{"@type":"ImageObject","inLanguage":"vi","@id":"https:\/\/lydaily.vn\/jp\/san-pham\/dau-nhuyen-the-kori-krill-oil-omega-3-nhat-ban-152-vien\/#primaryimage","url":"https:\/\/lydaily.vn\/jp\/wp-content\/uploads\/2026\/03\/Thuc-pham-chuc-nang-Dau-nhuyen-the-Kori-Krill-Oil-Omega-3-Nhat-Ban-152-vien.jpg","contentUrl":"https:\/\/lydaily.vn\/jp\/wp-content\/uploads\/2026\/03\/Thuc-pham-chuc-nang-Dau-nhuyen-the-Kori-Krill-Oil-Omega-3-Nhat-Ban-152-vien.jpg","width":600,"height":600},{"@type":"BreadcrumbList","@id":"https:\/\/lydaily.vn\/jp\/san-pham\/dau-nhuyen-the-kori-krill-oil-omega-3-nhat-ban-152-vien\/#breadcrumb","itemListElement":[{"@type":"ListItem","position":1,"name":"Home","item":"https:\/\/lydaily.vn\/jp\/"},{"@type":"ListItem","position":2,"name":"S\u1ea3n ph\u1ea9m","item":"https:\/\/lydaily.vn\/jp\/san-pham\/"},{"@type":"ListItem","position":3,"name":"D\u1ea7u nhuy\u1ec5n th\u1ec3 Kori Krill Oil Omega 3 Nh\u1eadt B\u1ea3n 152 vi\u00ean"}]},{"@type":"WebSite","@id":"https:\/\/lydaily.vn\/jp\/#website","url":"https:\/\/lydaily.vn\/jp\/","name":"Ly Daily","description":"Th\u1ef1c Ph\u1ea9m Ch\u1ee9c N\u0103ng &amp; M\u1ef9 Ph\u1ea9m t\u1ea1i Nh\u1eadt B\u1ea3n v\u00e0 Vi\u1ec7t Nam","potentialAction":[{"@type":"SearchAction","target":{"@type":"EntryPoint","urlTemplate":"https:\/\/lydaily.vn\/jp\/?s={search_term_string}"},"query-input":{"@type":"PropertyValueSpecification","valueRequired":true,"valueName":"search_term_string"}}],"inLanguage":"vi"}]}},"_links":{"self":[{"href":"https:\/\/lydaily.vn\/jp\/wp-json\/wp\/v2\/product\/287","targetHints":{"allow":["GET"]}}],"collection":[{"href":"https:\/\/lydaily.vn\/jp\/wp-json\/wp\/v2\/product"}],"about":[{"href":"https:\/\/lydaily.vn\/jp\/wp-json\/wp\/v2\/types\/product"}],"replies":[{"embeddable":true,"href":"https:\/\/lydaily.vn\/jp\/wp-json\/wp\/v2\/comments?post=287"}],"wp:featuredmedia":[{"embeddable":true,"href":"https:\/\/lydaily.vn\/jp\/wp-json\/wp\/v2\/media\/288"}],"wp:attachment":[{"href":"https:\/\/lydaily.vn\/jp\/wp-json\/wp\/v2\/media?parent=287"}],"wp:term":[{"taxonomy":"product_brand","embeddable":true,"href":"https:\/\/lydaily.vn\/jp\/wp-json\/wp\/v2\/product_brand?post=287"},{"taxonomy":"product_cat","embeddable":true,"href":"https:\/\/lydaily.vn\/jp\/wp-json\/wp\/v2\/product_cat?post=287"},{"taxonomy":"product_tag","embeddable":true,"href":"https:\/\/lydaily.vn\/jp\/wp-json\/wp\/v2\/product_tag?post=287"}],"curies":[{"name":"wp","href":"https:\/\/api.w.org\/{rel}","templated":true}]}}