{"id":285,"date":"2026-03-02T03:58:14","date_gmt":"2026-03-02T03:58:14","guid":{"rendered":"https:\/\/lydaily.qweb.com.vn\/?post_type=product&#038;p=285"},"modified":"2026-03-13T05:50:40","modified_gmt":"2026-03-13T05:50:40","slug":"aishodo-vien-uong-bo-mat-bo-nao-tre-em-kids-dha-epa-150-vien","status":"publish","type":"product","link":"https:\/\/lydaily.vn\/jp\/san-pham\/aishodo-vien-uong-bo-mat-bo-nao-tre-em-kids-dha-epa-150-vien\/","title":{"rendered":"Aishodo &#8211; Vi\u00ean U\u1ed1ng B\u1ed5 M\u1eaft &#038; B\u1ed5 N\u00e3o Tr\u1ebb Em-Kids DHA.EPA 150 vi\u00ean"},"content":{"rendered":"<p>DHA &amp; EPA l\u00e0 hai th\u00e0nh ph\u1ea7n d\u01b0\u1ee1ng ch\u1ea5t quan tr\u1ecdng quy\u1ebft \u0111\u1ecbnh s\u1ef1 ph\u00e1t tri\u1ec3n tr\u00ed tu\u1ec7.<\/p>\n<p>\ud83d\udc9a DHA (axit Docosahexaenoic) v\u00e0 EPA (axit Eicosapentaneoic) l\u00e0 c\u00e1c axit b\u00e9o kh\u00f4ng b\u00e3o h\u00f2a \u0111\u01a1n (Omega 3), c\u00f3 th\u1ec3 t\u00ecm th\u1ea5y trong c\u00e1c lo\u1ea1i c\u00e1 n\u01b0\u1edbc l\u1ea1nh. DHA v\u00e0 EPA c\u00f3 vai tr\u00f2 quan tr\u1ecdng \u0111\u1ed1i v\u1edbi c\u00e1c ch\u1ee9c n\u0103ng ho\u1ea1t \u0111\u1ed9ng c\u1ee7a c\u01a1 th\u1ec3, \u0111\u1eb7c bi\u1ec7t l\u00e0 n\u00e3o b\u1ed9 v\u00e0 v\u00f5ng m\u1ea1c m\u1eaft.<\/p>\n<p>\ud83d\udc9a DHA l\u00e0 nh\u1eefng kh\u1ed1i m\u00f4 n\u1eb1m trong n\u00e3o v\u00e0 v\u00f5ng m\u1ea1c c\u1ee7a m\u1eaft. DHA gi\u00fap thi\u1ebft l\u1eadp c\u00e1c k\u1ebft n\u1ed1i v\u00e0 truy\u1ec1n t\u00edn hi\u1ec7u gi\u1eefa c\u00e1c n\u01a1 ron th\u1ea7n kinh. \u0110\u00f3 l\u00e0 nh\u1eefng ch\u1ee9c n\u0103ng c\u01a1 b\u1ea3n v\u00e0 c\u1ef1c k\u1ef3 quan tr\u1ecdng c\u1ee7a n\u00e3o. DHA c\u0169ng t\u00ecm th\u1ea5y trong v\u00f5ng m\u1ea1c c\u1ee7a m\u1eaft v\u00e0 vi\u1ec7c cung c\u1ea5p \u0111\u1ee7 DHA s\u1ebd gi\u00fap gi\u1eef cho \u0111\u00f4i m\u1eaft ho\u1ea1t \u0111\u1ed9ng kh\u1ecfe m\u1ea1nh.<\/p>\n<p>\ud83d\udc9a \u0110\u1ed1i v\u1edbi h\u1ec7 tim m\u1ea1ch, DHA v\u00e0 EPA \u0111\u01b0\u1ee3c chuy\u1ec3n h\u00f3a th\u00e0nh c\u00e1c h\u00f3c m\u00f4n gi\u00fap \u0111i\u1ec1u ch\u1ec9nh c\u00e1c ho\u1ea1t \u0111\u1ed9ng c\u1ee7a t\u1ebf b\u00e0o v\u00e0 ch\u1ee9c n\u0103ng c\u1ee7a h\u1ec7 tim m\u1ea1ch.<\/p>\n<p>\ud83c\udf3a\ud83c\udf3a\ud83c\udf3a \u01afu \u0110i\u1ec3m Vi\u00ean U\u1ed1ng DHA.EPA Kids Aishodo:<\/p>\n<p>\u2618 Chi\u1ebft xu\u1ea5t ch\u00ednh t\u1eeb d\u1ea7u c\u00e1 ng\u1eeb v\u00e2y xanh v\u00e0 d\u1ea7u gan c\u00e1 m\u1eadp tinh luy\u1ec7n qu\u00fd hi\u1ebfm<\/p>\n<p>\u2618 S\u1ea3n ph\u1ea9m ho\u00e0n to\u00e0n \u0111\u01b0\u1ee3c kh\u1eed m\u00f9i tanh, k\u00edch th\u00edch b\u00e9 u\u1ed1ng m\u00e0 kh\u00f4ng ph\u1ea3i \u00e9p nh\u01b0 1 s\u1ed1 lo\u1ea1i DHA th\u00f4ng th\u01b0\u1eddng<\/p>\n<p>\u2618 H\u00e0m l\u01b0\u1ee3ng DHA.EPA \u0111\u1ea1t chu\u1ea9n cho tr\u1ebb em, gi\u00fap b\u00e9 h\u1ea5p th\u1ee5 t\u1ed1t<\/p>\n<p>\u2618 S\u1ea3n ph\u1ea9m c\u1ee7a c\u00f4ng ty Aishodo l\u00e0 c\u00f4ng ty danh ti\u1ebfng v\u1edbi c\u00e1c s\u1ea3n ph\u1ea9m Th\u1ef1c ph\u1ea9m Ch\u1ee9c n\u0103ng v\u00e0 M\u1ef9 ph\u1ea9m, nh\u00e0 m\u00e1y \u0111\u01b0\u1ee3c ch\u1ee9ng nh\u1eadn GMP<\/p>\n","protected":false},"excerpt":{"rendered":"<p class=\"QN2lPu\">S\u1ea3n xu\u1ea5t: Nh\u1eadt B\u1ea3n<\/p>\n<p class=\"QN2lPu\">Th\u01b0\u01a1ng Hi\u1ec7u: Aishodo<\/p>\n<p class=\"QN2lPu\">Quy c\u00e1ch: 150 vi\u00ean\/1 h\u1ed9p<\/p>\n<p class=\"QN2lPu\">C\u00e1ch s\u1eed d\u1ee5ng: U\u1ed1ng 5 vi\u00ean m\u1ed7i ng\u00e0y v\u1edbi n\u01b0\u1edbc ho\u1eb7c n\u01b0\u1edbc \u1ea5m<\/p>\n<p class=\"QN2lPu\">\u0110\u1ed1i T\u01b0\u1ee3ng: Tr\u1ebb em<\/p>\n","protected":false},"featured_media":286,"comment_status":"open","ping_status":"closed","template":"","meta":[],"product_brand":[],"product_cat":[21],"product_tag":[],"class_list":{"0":"post-285","1":"product","2":"type-product","3":"status-publish","4":"has-post-thumbnail","6":"product_cat-thuc-pham-chuc-nang","8":"first","9":"instock","10":"shipping-taxable","11":"purchasable","12":"product-type-simple"},"yoast_head":"<!-- This site is optimized with the Yoast SEO Premium plugin v22.3 (Yoast SEO v27.1.1) - https:\/\/yoast.com\/product\/yoast-seo-premium-wordpress\/ -->\n<title>Aishodo - Vi\u00ean U\u1ed1ng B\u1ed5 M\u1eaft &amp; B\u1ed5 N\u00e3o Tr\u1ebb Em-Kids DHA.EPA 150 vi\u00ean - Ly Daily<\/title>\n<meta name=\"robots\" content=\"index, follow, max-snippet:-1, max-image-preview:large, max-video-preview:-1\" \/>\n<link rel=\"canonical\" href=\"https:\/\/lydaily.vn\/jp\/san-pham\/aishodo-vien-uong-bo-mat-bo-nao-tre-em-kids-dha-epa-150-vien\/\" \/>\n<meta property=\"og:locale\" content=\"vi_VN\" \/>\n<meta property=\"og:type\" content=\"article\" \/>\n<meta property=\"og:title\" content=\"Aishodo - Vi\u00ean U\u1ed1ng B\u1ed5 M\u1eaft &amp; B\u1ed5 N\u00e3o Tr\u1ebb Em-Kids DHA.EPA 150 vi\u00ean\" \/>\n<meta property=\"og:description\" content=\"S\u1ea3n xu\u1ea5t: Nh\u1eadt B\u1ea3n Th\u01b0\u01a1ng Hi\u1ec7u: Aishodo Quy c\u00e1ch: 150 vi\u00ean\/1 h\u1ed9p C\u00e1ch s\u1eed d\u1ee5ng: U\u1ed1ng 5 vi\u00ean m\u1ed7i ng\u00e0y v\u1edbi n\u01b0\u1edbc ho\u1eb7c n\u01b0\u1edbc \u1ea5m \u0110\u1ed1i T\u01b0\u1ee3ng: Tr\u1ebb em\" \/>\n<meta property=\"og:url\" content=\"https:\/\/lydaily.vn\/jp\/san-pham\/aishodo-vien-uong-bo-mat-bo-nao-tre-em-kids-dha-epa-150-vien\/\" \/>\n<meta property=\"og:site_name\" content=\"Ly Daily\" \/>\n<meta property=\"article:modified_time\" content=\"2026-03-13T05:50:40+00:00\" \/>\n<meta property=\"og:image\" content=\"https:\/\/lydaily.vn\/jp\/wp-content\/uploads\/2026\/03\/Aishodo-Vien-Uong-Bo-Mat-Bo-Nao-Tre-Em-Kids-DHA.EPA-150-vien.jpg\" \/>\n\t<meta property=\"og:image:width\" content=\"1534\" \/>\n\t<meta property=\"og:image:height\" content=\"1530\" \/>\n\t<meta property=\"og:image:type\" content=\"image\/jpeg\" \/>\n<meta name=\"twitter:card\" content=\"summary_large_image\" \/>\n<meta name=\"twitter:label1\" content=\"\u01af\u1edbc t\u00ednh th\u1eddi gian \u0111\u1ecdc\" \/>\n\t<meta name=\"twitter:data1\" content=\"2 ph\u00fat\" \/>\n<script type=\"application\/ld+json\" class=\"yoast-schema-graph\">{\"@context\":\"https:\/\/schema.org\",\"@graph\":[{\"@type\":\"WebPage\",\"@id\":\"https:\/\/lydaily.vn\/jp\/san-pham\/aishodo-vien-uong-bo-mat-bo-nao-tre-em-kids-dha-epa-150-vien\/\",\"url\":\"https:\/\/lydaily.vn\/jp\/san-pham\/aishodo-vien-uong-bo-mat-bo-nao-tre-em-kids-dha-epa-150-vien\/\",\"name\":\"Aishodo - Vi\u00ean U\u1ed1ng B\u1ed5 M\u1eaft & B\u1ed5 N\u00e3o Tr\u1ebb Em-Kids DHA.EPA 150 vi\u00ean - Ly Daily\",\"isPartOf\":{\"@id\":\"https:\/\/lydaily.vn\/jp\/#website\"},\"primaryImageOfPage\":{\"@id\":\"https:\/\/lydaily.vn\/jp\/san-pham\/aishodo-vien-uong-bo-mat-bo-nao-tre-em-kids-dha-epa-150-vien\/#primaryimage\"},\"image\":{\"@id\":\"https:\/\/lydaily.vn\/jp\/san-pham\/aishodo-vien-uong-bo-mat-bo-nao-tre-em-kids-dha-epa-150-vien\/#primaryimage\"},\"thumbnailUrl\":\"https:\/\/lydaily.vn\/jp\/wp-content\/uploads\/2026\/03\/Aishodo-Vien-Uong-Bo-Mat-Bo-Nao-Tre-Em-Kids-DHA.EPA-150-vien.jpg\",\"datePublished\":\"2026-03-02T03:58:14+00:00\",\"dateModified\":\"2026-03-13T05:50:40+00:00\",\"breadcrumb\":{\"@id\":\"https:\/\/lydaily.vn\/jp\/san-pham\/aishodo-vien-uong-bo-mat-bo-nao-tre-em-kids-dha-epa-150-vien\/#breadcrumb\"},\"inLanguage\":\"vi\",\"potentialAction\":[{\"@type\":\"ReadAction\",\"target\":[\"https:\/\/lydaily.vn\/jp\/san-pham\/aishodo-vien-uong-bo-mat-bo-nao-tre-em-kids-dha-epa-150-vien\/\"]}]},{\"@type\":\"ImageObject\",\"inLanguage\":\"vi\",\"@id\":\"https:\/\/lydaily.vn\/jp\/san-pham\/aishodo-vien-uong-bo-mat-bo-nao-tre-em-kids-dha-epa-150-vien\/#primaryimage\",\"url\":\"https:\/\/lydaily.vn\/jp\/wp-content\/uploads\/2026\/03\/Aishodo-Vien-Uong-Bo-Mat-Bo-Nao-Tre-Em-Kids-DHA.EPA-150-vien.jpg\",\"contentUrl\":\"https:\/\/lydaily.vn\/jp\/wp-content\/uploads\/2026\/03\/Aishodo-Vien-Uong-Bo-Mat-Bo-Nao-Tre-Em-Kids-DHA.EPA-150-vien.jpg\",\"width\":1534,\"height\":1530},{\"@type\":\"BreadcrumbList\",\"@id\":\"https:\/\/lydaily.vn\/jp\/san-pham\/aishodo-vien-uong-bo-mat-bo-nao-tre-em-kids-dha-epa-150-vien\/#breadcrumb\",\"itemListElement\":[{\"@type\":\"ListItem\",\"position\":1,\"name\":\"Home\",\"item\":\"https:\/\/lydaily.vn\/jp\/\"},{\"@type\":\"ListItem\",\"position\":2,\"name\":\"S\u1ea3n ph\u1ea9m\",\"item\":\"https:\/\/lydaily.vn\/jp\/san-pham\/\"},{\"@type\":\"ListItem\",\"position\":3,\"name\":\"Aishodo &#8211; Vi\u00ean U\u1ed1ng B\u1ed5 M\u1eaft &#038; B\u1ed5 N\u00e3o Tr\u1ebb Em-Kids DHA.EPA 150 vi\u00ean\"}]},{\"@type\":\"WebSite\",\"@id\":\"https:\/\/lydaily.vn\/jp\/#website\",\"url\":\"https:\/\/lydaily.vn\/jp\/\",\"name\":\"Ly Daily\",\"description\":\"Th\u1ef1c Ph\u1ea9m Ch\u1ee9c N\u0103ng &amp; M\u1ef9 Ph\u1ea9m t\u1ea1i Nh\u1eadt B\u1ea3n v\u00e0 Vi\u1ec7t Nam\",\"potentialAction\":[{\"@type\":\"SearchAction\",\"target\":{\"@type\":\"EntryPoint\",\"urlTemplate\":\"https:\/\/lydaily.vn\/jp\/?s={search_term_string}\"},\"query-input\":{\"@type\":\"PropertyValueSpecification\",\"valueRequired\":true,\"valueName\":\"search_term_string\"}}],\"inLanguage\":\"vi\"}]}<\/script>\n<!-- \/ Yoast SEO Premium plugin. -->","yoast_head_json":{"title":"Aishodo - Vi\u00ean U\u1ed1ng B\u1ed5 M\u1eaft & B\u1ed5 N\u00e3o Tr\u1ebb Em-Kids DHA.EPA 150 vi\u00ean - Ly Daily","robots":{"index":"index","follow":"follow","max-snippet":"max-snippet:-1","max-image-preview":"max-image-preview:large","max-video-preview":"max-video-preview:-1"},"canonical":"https:\/\/lydaily.vn\/jp\/san-pham\/aishodo-vien-uong-bo-mat-bo-nao-tre-em-kids-dha-epa-150-vien\/","og_locale":"vi_VN","og_type":"article","og_title":"Aishodo - Vi\u00ean U\u1ed1ng B\u1ed5 M\u1eaft & B\u1ed5 N\u00e3o Tr\u1ebb Em-Kids DHA.EPA 150 vi\u00ean","og_description":"S\u1ea3n xu\u1ea5t: Nh\u1eadt B\u1ea3n Th\u01b0\u01a1ng Hi\u1ec7u: Aishodo Quy c\u00e1ch: 150 vi\u00ean\/1 h\u1ed9p C\u00e1ch s\u1eed d\u1ee5ng: U\u1ed1ng 5 vi\u00ean m\u1ed7i ng\u00e0y v\u1edbi n\u01b0\u1edbc ho\u1eb7c n\u01b0\u1edbc \u1ea5m \u0110\u1ed1i T\u01b0\u1ee3ng: Tr\u1ebb em","og_url":"https:\/\/lydaily.vn\/jp\/san-pham\/aishodo-vien-uong-bo-mat-bo-nao-tre-em-kids-dha-epa-150-vien\/","og_site_name":"Ly Daily","article_modified_time":"2026-03-13T05:50:40+00:00","og_image":[{"width":1534,"height":1530,"url":"https:\/\/lydaily.vn\/jp\/wp-content\/uploads\/2026\/03\/Aishodo-Vien-Uong-Bo-Mat-Bo-Nao-Tre-Em-Kids-DHA.EPA-150-vien.jpg","type":"image\/jpeg"}],"twitter_card":"summary_large_image","twitter_misc":{"\u01af\u1edbc t\u00ednh th\u1eddi gian \u0111\u1ecdc":"2 ph\u00fat"},"schema":{"@context":"https:\/\/schema.org","@graph":[{"@type":"WebPage","@id":"https:\/\/lydaily.vn\/jp\/san-pham\/aishodo-vien-uong-bo-mat-bo-nao-tre-em-kids-dha-epa-150-vien\/","url":"https:\/\/lydaily.vn\/jp\/san-pham\/aishodo-vien-uong-bo-mat-bo-nao-tre-em-kids-dha-epa-150-vien\/","name":"Aishodo - Vi\u00ean U\u1ed1ng B\u1ed5 M\u1eaft & B\u1ed5 N\u00e3o Tr\u1ebb Em-Kids DHA.EPA 150 vi\u00ean - Ly Daily","isPartOf":{"@id":"https:\/\/lydaily.vn\/jp\/#website"},"primaryImageOfPage":{"@id":"https:\/\/lydaily.vn\/jp\/san-pham\/aishodo-vien-uong-bo-mat-bo-nao-tre-em-kids-dha-epa-150-vien\/#primaryimage"},"image":{"@id":"https:\/\/lydaily.vn\/jp\/san-pham\/aishodo-vien-uong-bo-mat-bo-nao-tre-em-kids-dha-epa-150-vien\/#primaryimage"},"thumbnailUrl":"https:\/\/lydaily.vn\/jp\/wp-content\/uploads\/2026\/03\/Aishodo-Vien-Uong-Bo-Mat-Bo-Nao-Tre-Em-Kids-DHA.EPA-150-vien.jpg","datePublished":"2026-03-02T03:58:14+00:00","dateModified":"2026-03-13T05:50:40+00:00","breadcrumb":{"@id":"https:\/\/lydaily.vn\/jp\/san-pham\/aishodo-vien-uong-bo-mat-bo-nao-tre-em-kids-dha-epa-150-vien\/#breadcrumb"},"inLanguage":"vi","potentialAction":[{"@type":"ReadAction","target":["https:\/\/lydaily.vn\/jp\/san-pham\/aishodo-vien-uong-bo-mat-bo-nao-tre-em-kids-dha-epa-150-vien\/"]}]},{"@type":"ImageObject","inLanguage":"vi","@id":"https:\/\/lydaily.vn\/jp\/san-pham\/aishodo-vien-uong-bo-mat-bo-nao-tre-em-kids-dha-epa-150-vien\/#primaryimage","url":"https:\/\/lydaily.vn\/jp\/wp-content\/uploads\/2026\/03\/Aishodo-Vien-Uong-Bo-Mat-Bo-Nao-Tre-Em-Kids-DHA.EPA-150-vien.jpg","contentUrl":"https:\/\/lydaily.vn\/jp\/wp-content\/uploads\/2026\/03\/Aishodo-Vien-Uong-Bo-Mat-Bo-Nao-Tre-Em-Kids-DHA.EPA-150-vien.jpg","width":1534,"height":1530},{"@type":"BreadcrumbList","@id":"https:\/\/lydaily.vn\/jp\/san-pham\/aishodo-vien-uong-bo-mat-bo-nao-tre-em-kids-dha-epa-150-vien\/#breadcrumb","itemListElement":[{"@type":"ListItem","position":1,"name":"Home","item":"https:\/\/lydaily.vn\/jp\/"},{"@type":"ListItem","position":2,"name":"S\u1ea3n ph\u1ea9m","item":"https:\/\/lydaily.vn\/jp\/san-pham\/"},{"@type":"ListItem","position":3,"name":"Aishodo &#8211; Vi\u00ean U\u1ed1ng B\u1ed5 M\u1eaft &#038; B\u1ed5 N\u00e3o Tr\u1ebb Em-Kids DHA.EPA 150 vi\u00ean"}]},{"@type":"WebSite","@id":"https:\/\/lydaily.vn\/jp\/#website","url":"https:\/\/lydaily.vn\/jp\/","name":"Ly Daily","description":"Th\u1ef1c Ph\u1ea9m Ch\u1ee9c N\u0103ng &amp; M\u1ef9 Ph\u1ea9m t\u1ea1i Nh\u1eadt B\u1ea3n v\u00e0 Vi\u1ec7t Nam","potentialAction":[{"@type":"SearchAction","target":{"@type":"EntryPoint","urlTemplate":"https:\/\/lydaily.vn\/jp\/?s={search_term_string}"},"query-input":{"@type":"PropertyValueSpecification","valueRequired":true,"valueName":"search_term_string"}}],"inLanguage":"vi"}]}},"_links":{"self":[{"href":"https:\/\/lydaily.vn\/jp\/wp-json\/wp\/v2\/product\/285","targetHints":{"allow":["GET"]}}],"collection":[{"href":"https:\/\/lydaily.vn\/jp\/wp-json\/wp\/v2\/product"}],"about":[{"href":"https:\/\/lydaily.vn\/jp\/wp-json\/wp\/v2\/types\/product"}],"replies":[{"embeddable":true,"href":"https:\/\/lydaily.vn\/jp\/wp-json\/wp\/v2\/comments?post=285"}],"wp:featuredmedia":[{"embeddable":true,"href":"https:\/\/lydaily.vn\/jp\/wp-json\/wp\/v2\/media\/286"}],"wp:attachment":[{"href":"https:\/\/lydaily.vn\/jp\/wp-json\/wp\/v2\/media?parent=285"}],"wp:term":[{"taxonomy":"product_brand","embeddable":true,"href":"https:\/\/lydaily.vn\/jp\/wp-json\/wp\/v2\/product_brand?post=285"},{"taxonomy":"product_cat","embeddable":true,"href":"https:\/\/lydaily.vn\/jp\/wp-json\/wp\/v2\/product_cat?post=285"},{"taxonomy":"product_tag","embeddable":true,"href":"https:\/\/lydaily.vn\/jp\/wp-json\/wp\/v2\/product_tag?post=285"}],"curies":[{"name":"wp","href":"https:\/\/api.w.org\/{rel}","templated":true}]}}