{"id":283,"date":"2026-03-02T03:55:46","date_gmt":"2026-03-02T03:55:46","guid":{"rendered":"https:\/\/lydaily.qweb.com.vn\/?post_type=product&#038;p=283"},"modified":"2026-03-13T05:49:53","modified_gmt":"2026-03-13T05:49:53","slug":"keo-bo-sung-dha-unimat-riken-nhat-ban-keo-dinh-duong-ho-tro-phat-trien-nao-bo-cho-be-huong-vi-dao-va-cam-thom-ngon","status":"publish","type":"product","link":"https:\/\/lydaily.vn\/jp\/san-pham\/keo-bo-sung-dha-unimat-riken-nhat-ban-keo-dinh-duong-ho-tro-phat-trien-nao-bo-cho-be-huong-vi-dao-va-cam-thom-ngon\/","title":{"rendered":"K\u1eb9o B\u1ed5 Sung DHA Unimat Riken Nh\u1eadt B\u1ea3n &#8211; K\u1eb9o Dinh D\u01b0\u1ee1ng H\u1ed7 Tr\u1ee3 Ph\u00e1t Tri\u1ec3n N\u00e3o B\u1ed9 Cho B\u00e9 &#8211; H\u01b0\u01a1ng V\u1ecb \u0110\u00e0o v\u00e0 Cam Th\u01a1m Ngon"},"content":{"rendered":"<p>K\u1eb9o d\u1ebbo b\u1ed5 sung DHA v\u00e0 EPA Nh\u1eadt Unimat Riken v\u1edbi th\u00e0nh ph\u1ea7n ch\u1ee9a DHA v\u00e0 EPA c\u00f9ng v\u1ecb qu\u00fdt th\u01a1m ngon l\u00e0 s\u1ea3n ph\u1ea9m \u0111\u01b0\u1ee3c c\u1ef1c k\u1ef3 y\u00eau th\u00edch t\u1ea1i Nh\u1eadt B\u1ea3n. S\u1ea3n ph\u1ea9m gi\u00fap b\u1ed5 sung DHA v\u00e0 EPA c\u1ea7n thi\u1ebft cho s\u1ef1 ph\u00e1t tri\u1ec3n tr\u00ed n\u00e3o, s\u1ee9c kh\u1ecfe tim m\u1ea1ch c\u1ee7a tr\u1ebb nh\u1ecf.<\/p>\n<div class=\"rpbt_shortcode\">\n<h2 id=\"ftoc-heading-1\" class=\"ftwp-heading\">Th\u00e0nh ph\u1ea7n s\u1ea3n ph\u1ea9m<\/h2>\n<p>\u0110\u01b0\u1eddng, xi-r\u00f4, DHA c\u00f3 ch\u1ee9a tinh d\u1ea7u c\u00e1, n\u01b0\u1edbc \u00e9p qu\u00fdt, tinh b\u1ed9t, sorbitol, ch\u1ea5t t\u1ea1o gel, ch\u1ea5t nh\u0169 h\u00f3a, vitamin E v\u00e0 c\u00e1c th\u00e0nh ph\u1ea7n kh\u00e1c.<\/p>\n<p>Trong 3 vi\u00ean k\u1eb9o c\u00f3 ch\u1ee9a 47.8mg DHA v\u00e0 12.3mg EPA, hai th\u00e0nh ph\u1ea7n c\u1ef1c k\u1ef3 quan tr\u1ecdng trong qu\u00e1 tr\u00ecnh h\u00ecnh th\u00e0nh v\u00e0 ph\u00e1t tri\u1ec3n n\u00e3o b\u1ed9 c\u1ee7a tr\u1ebb, gi\u00fap tr\u1ebb ph\u00e1t tri\u1ec3n tr\u00ed n\u00e3o to\u00e0n di\u1ec7n.<\/p>\n<\/div>\n<div><\/div>\n","protected":false},"excerpt":{"rendered":"<p>K\u1eb9o d\u1ebbo b\u1ed5 sung DHA v\u00e0 EPA Nh\u1eadt Unimat Riken v\u1edbi th\u00e0nh ph\u1ea7n ch\u1ee9a DHA v\u00e0 EPA c\u00f9ng v\u1ecb qu\u00fdt th\u01a1m ngon l\u00e0 s\u1ea3n ph\u1ea9m \u0111\u01b0\u1ee3c c\u1ef1c k\u1ef3 y\u00eau th\u00edch t\u1ea1i Nh\u1eadt B\u1ea3n. S\u1ea3n ph\u1ea9m gi\u00fap b\u1ed5 sung DHA v\u00e0 EPA c\u1ea7n thi\u1ebft cho s\u1ef1 ph\u00e1t tri\u1ec3n tr\u00ed n\u00e3o, s\u1ee9c kh\u1ecfe tim m\u1ea1ch c\u1ee7a tr\u1ebb nh\u1ecf.<\/p>\n<div class=\"rpbt_shortcode\"><\/div>\n","protected":false},"featured_media":284,"comment_status":"open","ping_status":"closed","template":"","meta":[],"product_brand":[],"product_cat":[21],"product_tag":[],"class_list":{"0":"post-283","1":"product","2":"type-product","3":"status-publish","4":"has-post-thumbnail","6":"product_cat-thuc-pham-chuc-nang","8":"first","9":"instock","10":"shipping-taxable","11":"purchasable","12":"product-type-simple"},"yoast_head":"<!-- This site is optimized with the Yoast SEO Premium plugin v22.3 (Yoast SEO v27.1.1) - https:\/\/yoast.com\/product\/yoast-seo-premium-wordpress\/ -->\n<title>K\u1eb9o B\u1ed5 Sung DHA Unimat Riken Nh\u1eadt B\u1ea3n - K\u1eb9o Dinh D\u01b0\u1ee1ng H\u1ed7 Tr\u1ee3 Ph\u00e1t Tri\u1ec3n N\u00e3o B\u1ed9 Cho B\u00e9 - H\u01b0\u01a1ng V\u1ecb \u0110\u00e0o v\u00e0 Cam Th\u01a1m Ngon - Ly Daily<\/title>\n<meta name=\"robots\" content=\"index, follow, max-snippet:-1, max-image-preview:large, max-video-preview:-1\" \/>\n<link rel=\"canonical\" href=\"https:\/\/lydaily.vn\/jp\/san-pham\/keo-bo-sung-dha-unimat-riken-nhat-ban-keo-dinh-duong-ho-tro-phat-trien-nao-bo-cho-be-huong-vi-dao-va-cam-thom-ngon\/\" \/>\n<meta property=\"og:locale\" content=\"vi_VN\" \/>\n<meta property=\"og:type\" content=\"article\" \/>\n<meta property=\"og:title\" content=\"K\u1eb9o B\u1ed5 Sung DHA Unimat Riken Nh\u1eadt B\u1ea3n - K\u1eb9o Dinh D\u01b0\u1ee1ng H\u1ed7 Tr\u1ee3 Ph\u00e1t Tri\u1ec3n N\u00e3o B\u1ed9 Cho B\u00e9 - H\u01b0\u01a1ng V\u1ecb \u0110\u00e0o v\u00e0 Cam Th\u01a1m Ngon\" \/>\n<meta property=\"og:description\" content=\"K\u1eb9o d\u1ebbo b\u1ed5 sung DHA v\u00e0 EPA Nh\u1eadt Unimat Riken v\u1edbi th\u00e0nh ph\u1ea7n ch\u1ee9a DHA v\u00e0 EPA c\u00f9ng v\u1ecb qu\u00fdt th\u01a1m ngon l\u00e0 s\u1ea3n ph\u1ea9m \u0111\u01b0\u1ee3c c\u1ef1c k\u1ef3 y\u00eau th\u00edch t\u1ea1i Nh\u1eadt B\u1ea3n. S\u1ea3n ph\u1ea9m gi\u00fap b\u1ed5 sung DHA v\u00e0 EPA c\u1ea7n thi\u1ebft cho s\u1ef1 ph\u00e1t tri\u1ec3n tr\u00ed n\u00e3o, s\u1ee9c kh\u1ecfe tim m\u1ea1ch c\u1ee7a tr\u1ebb nh\u1ecf.\" \/>\n<meta property=\"og:url\" content=\"https:\/\/lydaily.vn\/jp\/san-pham\/keo-bo-sung-dha-unimat-riken-nhat-ban-keo-dinh-duong-ho-tro-phat-trien-nao-bo-cho-be-huong-vi-dao-va-cam-thom-ngon\/\" \/>\n<meta property=\"og:site_name\" content=\"Ly Daily\" \/>\n<meta property=\"article:modified_time\" content=\"2026-03-13T05:49:53+00:00\" \/>\n<meta property=\"og:image\" content=\"https:\/\/lydaily.vn\/jp\/wp-content\/uploads\/2026\/03\/Keo-Bo-Sung-DHA-Unimat-Riken-Nhat-Ban-Keo-Dinh-Duong-Ho-Tro-Phat-Trien-Nao-Bo-Cho-Be-Huong-Vi-Dao-va-Cam-Thom-Ngon.jpg\" \/>\n\t<meta property=\"og:image:width\" content=\"960\" \/>\n\t<meta property=\"og:image:height\" content=\"960\" \/>\n\t<meta property=\"og:image:type\" content=\"image\/jpeg\" \/>\n<meta name=\"twitter:card\" content=\"summary_large_image\" \/>\n<meta name=\"twitter:label1\" content=\"\u01af\u1edbc t\u00ednh th\u1eddi gian \u0111\u1ecdc\" \/>\n\t<meta name=\"twitter:data1\" content=\"1 ph\u00fat\" \/>\n<script type=\"application\/ld+json\" class=\"yoast-schema-graph\">{\"@context\":\"https:\/\/schema.org\",\"@graph\":[{\"@type\":\"WebPage\",\"@id\":\"https:\/\/lydaily.vn\/jp\/san-pham\/keo-bo-sung-dha-unimat-riken-nhat-ban-keo-dinh-duong-ho-tro-phat-trien-nao-bo-cho-be-huong-vi-dao-va-cam-thom-ngon\/\",\"url\":\"https:\/\/lydaily.vn\/jp\/san-pham\/keo-bo-sung-dha-unimat-riken-nhat-ban-keo-dinh-duong-ho-tro-phat-trien-nao-bo-cho-be-huong-vi-dao-va-cam-thom-ngon\/\",\"name\":\"K\u1eb9o B\u1ed5 Sung DHA Unimat Riken Nh\u1eadt B\u1ea3n - K\u1eb9o Dinh D\u01b0\u1ee1ng H\u1ed7 Tr\u1ee3 Ph\u00e1t Tri\u1ec3n N\u00e3o B\u1ed9 Cho B\u00e9 - H\u01b0\u01a1ng V\u1ecb \u0110\u00e0o v\u00e0 Cam Th\u01a1m Ngon - Ly Daily\",\"isPartOf\":{\"@id\":\"https:\/\/lydaily.vn\/jp\/#website\"},\"primaryImageOfPage\":{\"@id\":\"https:\/\/lydaily.vn\/jp\/san-pham\/keo-bo-sung-dha-unimat-riken-nhat-ban-keo-dinh-duong-ho-tro-phat-trien-nao-bo-cho-be-huong-vi-dao-va-cam-thom-ngon\/#primaryimage\"},\"image\":{\"@id\":\"https:\/\/lydaily.vn\/jp\/san-pham\/keo-bo-sung-dha-unimat-riken-nhat-ban-keo-dinh-duong-ho-tro-phat-trien-nao-bo-cho-be-huong-vi-dao-va-cam-thom-ngon\/#primaryimage\"},\"thumbnailUrl\":\"https:\/\/lydaily.vn\/jp\/wp-content\/uploads\/2026\/03\/Keo-Bo-Sung-DHA-Unimat-Riken-Nhat-Ban-Keo-Dinh-Duong-Ho-Tro-Phat-Trien-Nao-Bo-Cho-Be-Huong-Vi-Dao-va-Cam-Thom-Ngon.jpg\",\"datePublished\":\"2026-03-02T03:55:46+00:00\",\"dateModified\":\"2026-03-13T05:49:53+00:00\",\"breadcrumb\":{\"@id\":\"https:\/\/lydaily.vn\/jp\/san-pham\/keo-bo-sung-dha-unimat-riken-nhat-ban-keo-dinh-duong-ho-tro-phat-trien-nao-bo-cho-be-huong-vi-dao-va-cam-thom-ngon\/#breadcrumb\"},\"inLanguage\":\"vi\",\"potentialAction\":[{\"@type\":\"ReadAction\",\"target\":[\"https:\/\/lydaily.vn\/jp\/san-pham\/keo-bo-sung-dha-unimat-riken-nhat-ban-keo-dinh-duong-ho-tro-phat-trien-nao-bo-cho-be-huong-vi-dao-va-cam-thom-ngon\/\"]}]},{\"@type\":\"ImageObject\",\"inLanguage\":\"vi\",\"@id\":\"https:\/\/lydaily.vn\/jp\/san-pham\/keo-bo-sung-dha-unimat-riken-nhat-ban-keo-dinh-duong-ho-tro-phat-trien-nao-bo-cho-be-huong-vi-dao-va-cam-thom-ngon\/#primaryimage\",\"url\":\"https:\/\/lydaily.vn\/jp\/wp-content\/uploads\/2026\/03\/Keo-Bo-Sung-DHA-Unimat-Riken-Nhat-Ban-Keo-Dinh-Duong-Ho-Tro-Phat-Trien-Nao-Bo-Cho-Be-Huong-Vi-Dao-va-Cam-Thom-Ngon.jpg\",\"contentUrl\":\"https:\/\/lydaily.vn\/jp\/wp-content\/uploads\/2026\/03\/Keo-Bo-Sung-DHA-Unimat-Riken-Nhat-Ban-Keo-Dinh-Duong-Ho-Tro-Phat-Trien-Nao-Bo-Cho-Be-Huong-Vi-Dao-va-Cam-Thom-Ngon.jpg\",\"width\":960,\"height\":960},{\"@type\":\"BreadcrumbList\",\"@id\":\"https:\/\/lydaily.vn\/jp\/san-pham\/keo-bo-sung-dha-unimat-riken-nhat-ban-keo-dinh-duong-ho-tro-phat-trien-nao-bo-cho-be-huong-vi-dao-va-cam-thom-ngon\/#breadcrumb\",\"itemListElement\":[{\"@type\":\"ListItem\",\"position\":1,\"name\":\"Home\",\"item\":\"https:\/\/lydaily.vn\/jp\/\"},{\"@type\":\"ListItem\",\"position\":2,\"name\":\"S\u1ea3n ph\u1ea9m\",\"item\":\"https:\/\/lydaily.vn\/jp\/san-pham\/\"},{\"@type\":\"ListItem\",\"position\":3,\"name\":\"K\u1eb9o B\u1ed5 Sung DHA Unimat Riken Nh\u1eadt B\u1ea3n &#8211; K\u1eb9o Dinh D\u01b0\u1ee1ng H\u1ed7 Tr\u1ee3 Ph\u00e1t Tri\u1ec3n N\u00e3o B\u1ed9 Cho B\u00e9 &#8211; H\u01b0\u01a1ng V\u1ecb \u0110\u00e0o v\u00e0 Cam Th\u01a1m Ngon\"}]},{\"@type\":\"WebSite\",\"@id\":\"https:\/\/lydaily.vn\/jp\/#website\",\"url\":\"https:\/\/lydaily.vn\/jp\/\",\"name\":\"Ly Daily\",\"description\":\"Th\u1ef1c Ph\u1ea9m Ch\u1ee9c N\u0103ng &amp; M\u1ef9 Ph\u1ea9m t\u1ea1i Nh\u1eadt B\u1ea3n v\u00e0 Vi\u1ec7t Nam\",\"potentialAction\":[{\"@type\":\"SearchAction\",\"target\":{\"@type\":\"EntryPoint\",\"urlTemplate\":\"https:\/\/lydaily.vn\/jp\/?s={search_term_string}\"},\"query-input\":{\"@type\":\"PropertyValueSpecification\",\"valueRequired\":true,\"valueName\":\"search_term_string\"}}],\"inLanguage\":\"vi\"}]}<\/script>\n<!-- \/ Yoast SEO Premium plugin. -->","yoast_head_json":{"title":"K\u1eb9o B\u1ed5 Sung DHA Unimat Riken Nh\u1eadt B\u1ea3n - K\u1eb9o Dinh D\u01b0\u1ee1ng H\u1ed7 Tr\u1ee3 Ph\u00e1t Tri\u1ec3n N\u00e3o B\u1ed9 Cho B\u00e9 - H\u01b0\u01a1ng V\u1ecb \u0110\u00e0o v\u00e0 Cam Th\u01a1m Ngon - Ly Daily","robots":{"index":"index","follow":"follow","max-snippet":"max-snippet:-1","max-image-preview":"max-image-preview:large","max-video-preview":"max-video-preview:-1"},"canonical":"https:\/\/lydaily.vn\/jp\/san-pham\/keo-bo-sung-dha-unimat-riken-nhat-ban-keo-dinh-duong-ho-tro-phat-trien-nao-bo-cho-be-huong-vi-dao-va-cam-thom-ngon\/","og_locale":"vi_VN","og_type":"article","og_title":"K\u1eb9o B\u1ed5 Sung DHA Unimat Riken Nh\u1eadt B\u1ea3n - K\u1eb9o Dinh D\u01b0\u1ee1ng H\u1ed7 Tr\u1ee3 Ph\u00e1t Tri\u1ec3n N\u00e3o B\u1ed9 Cho B\u00e9 - H\u01b0\u01a1ng V\u1ecb \u0110\u00e0o v\u00e0 Cam Th\u01a1m Ngon","og_description":"K\u1eb9o d\u1ebbo b\u1ed5 sung DHA v\u00e0 EPA Nh\u1eadt Unimat Riken v\u1edbi th\u00e0nh ph\u1ea7n ch\u1ee9a DHA v\u00e0 EPA c\u00f9ng v\u1ecb qu\u00fdt th\u01a1m ngon l\u00e0 s\u1ea3n ph\u1ea9m \u0111\u01b0\u1ee3c c\u1ef1c k\u1ef3 y\u00eau th\u00edch t\u1ea1i Nh\u1eadt B\u1ea3n. S\u1ea3n ph\u1ea9m gi\u00fap b\u1ed5 sung DHA v\u00e0 EPA c\u1ea7n thi\u1ebft cho s\u1ef1 ph\u00e1t tri\u1ec3n tr\u00ed n\u00e3o, s\u1ee9c kh\u1ecfe tim m\u1ea1ch c\u1ee7a tr\u1ebb nh\u1ecf.","og_url":"https:\/\/lydaily.vn\/jp\/san-pham\/keo-bo-sung-dha-unimat-riken-nhat-ban-keo-dinh-duong-ho-tro-phat-trien-nao-bo-cho-be-huong-vi-dao-va-cam-thom-ngon\/","og_site_name":"Ly Daily","article_modified_time":"2026-03-13T05:49:53+00:00","og_image":[{"width":960,"height":960,"url":"https:\/\/lydaily.vn\/jp\/wp-content\/uploads\/2026\/03\/Keo-Bo-Sung-DHA-Unimat-Riken-Nhat-Ban-Keo-Dinh-Duong-Ho-Tro-Phat-Trien-Nao-Bo-Cho-Be-Huong-Vi-Dao-va-Cam-Thom-Ngon.jpg","type":"image\/jpeg"}],"twitter_card":"summary_large_image","twitter_misc":{"\u01af\u1edbc t\u00ednh th\u1eddi gian \u0111\u1ecdc":"1 ph\u00fat"},"schema":{"@context":"https:\/\/schema.org","@graph":[{"@type":"WebPage","@id":"https:\/\/lydaily.vn\/jp\/san-pham\/keo-bo-sung-dha-unimat-riken-nhat-ban-keo-dinh-duong-ho-tro-phat-trien-nao-bo-cho-be-huong-vi-dao-va-cam-thom-ngon\/","url":"https:\/\/lydaily.vn\/jp\/san-pham\/keo-bo-sung-dha-unimat-riken-nhat-ban-keo-dinh-duong-ho-tro-phat-trien-nao-bo-cho-be-huong-vi-dao-va-cam-thom-ngon\/","name":"K\u1eb9o B\u1ed5 Sung DHA Unimat Riken Nh\u1eadt B\u1ea3n - K\u1eb9o Dinh D\u01b0\u1ee1ng H\u1ed7 Tr\u1ee3 Ph\u00e1t Tri\u1ec3n N\u00e3o B\u1ed9 Cho B\u00e9 - H\u01b0\u01a1ng V\u1ecb \u0110\u00e0o v\u00e0 Cam Th\u01a1m Ngon - Ly Daily","isPartOf":{"@id":"https:\/\/lydaily.vn\/jp\/#website"},"primaryImageOfPage":{"@id":"https:\/\/lydaily.vn\/jp\/san-pham\/keo-bo-sung-dha-unimat-riken-nhat-ban-keo-dinh-duong-ho-tro-phat-trien-nao-bo-cho-be-huong-vi-dao-va-cam-thom-ngon\/#primaryimage"},"image":{"@id":"https:\/\/lydaily.vn\/jp\/san-pham\/keo-bo-sung-dha-unimat-riken-nhat-ban-keo-dinh-duong-ho-tro-phat-trien-nao-bo-cho-be-huong-vi-dao-va-cam-thom-ngon\/#primaryimage"},"thumbnailUrl":"https:\/\/lydaily.vn\/jp\/wp-content\/uploads\/2026\/03\/Keo-Bo-Sung-DHA-Unimat-Riken-Nhat-Ban-Keo-Dinh-Duong-Ho-Tro-Phat-Trien-Nao-Bo-Cho-Be-Huong-Vi-Dao-va-Cam-Thom-Ngon.jpg","datePublished":"2026-03-02T03:55:46+00:00","dateModified":"2026-03-13T05:49:53+00:00","breadcrumb":{"@id":"https:\/\/lydaily.vn\/jp\/san-pham\/keo-bo-sung-dha-unimat-riken-nhat-ban-keo-dinh-duong-ho-tro-phat-trien-nao-bo-cho-be-huong-vi-dao-va-cam-thom-ngon\/#breadcrumb"},"inLanguage":"vi","potentialAction":[{"@type":"ReadAction","target":["https:\/\/lydaily.vn\/jp\/san-pham\/keo-bo-sung-dha-unimat-riken-nhat-ban-keo-dinh-duong-ho-tro-phat-trien-nao-bo-cho-be-huong-vi-dao-va-cam-thom-ngon\/"]}]},{"@type":"ImageObject","inLanguage":"vi","@id":"https:\/\/lydaily.vn\/jp\/san-pham\/keo-bo-sung-dha-unimat-riken-nhat-ban-keo-dinh-duong-ho-tro-phat-trien-nao-bo-cho-be-huong-vi-dao-va-cam-thom-ngon\/#primaryimage","url":"https:\/\/lydaily.vn\/jp\/wp-content\/uploads\/2026\/03\/Keo-Bo-Sung-DHA-Unimat-Riken-Nhat-Ban-Keo-Dinh-Duong-Ho-Tro-Phat-Trien-Nao-Bo-Cho-Be-Huong-Vi-Dao-va-Cam-Thom-Ngon.jpg","contentUrl":"https:\/\/lydaily.vn\/jp\/wp-content\/uploads\/2026\/03\/Keo-Bo-Sung-DHA-Unimat-Riken-Nhat-Ban-Keo-Dinh-Duong-Ho-Tro-Phat-Trien-Nao-Bo-Cho-Be-Huong-Vi-Dao-va-Cam-Thom-Ngon.jpg","width":960,"height":960},{"@type":"BreadcrumbList","@id":"https:\/\/lydaily.vn\/jp\/san-pham\/keo-bo-sung-dha-unimat-riken-nhat-ban-keo-dinh-duong-ho-tro-phat-trien-nao-bo-cho-be-huong-vi-dao-va-cam-thom-ngon\/#breadcrumb","itemListElement":[{"@type":"ListItem","position":1,"name":"Home","item":"https:\/\/lydaily.vn\/jp\/"},{"@type":"ListItem","position":2,"name":"S\u1ea3n ph\u1ea9m","item":"https:\/\/lydaily.vn\/jp\/san-pham\/"},{"@type":"ListItem","position":3,"name":"K\u1eb9o B\u1ed5 Sung DHA Unimat Riken Nh\u1eadt B\u1ea3n &#8211; K\u1eb9o Dinh D\u01b0\u1ee1ng H\u1ed7 Tr\u1ee3 Ph\u00e1t Tri\u1ec3n N\u00e3o B\u1ed9 Cho B\u00e9 &#8211; H\u01b0\u01a1ng V\u1ecb \u0110\u00e0o v\u00e0 Cam Th\u01a1m Ngon"}]},{"@type":"WebSite","@id":"https:\/\/lydaily.vn\/jp\/#website","url":"https:\/\/lydaily.vn\/jp\/","name":"Ly Daily","description":"Th\u1ef1c Ph\u1ea9m Ch\u1ee9c N\u0103ng &amp; M\u1ef9 Ph\u1ea9m t\u1ea1i Nh\u1eadt B\u1ea3n v\u00e0 Vi\u1ec7t Nam","potentialAction":[{"@type":"SearchAction","target":{"@type":"EntryPoint","urlTemplate":"https:\/\/lydaily.vn\/jp\/?s={search_term_string}"},"query-input":{"@type":"PropertyValueSpecification","valueRequired":true,"valueName":"search_term_string"}}],"inLanguage":"vi"}]}},"_links":{"self":[{"href":"https:\/\/lydaily.vn\/jp\/wp-json\/wp\/v2\/product\/283","targetHints":{"allow":["GET"]}}],"collection":[{"href":"https:\/\/lydaily.vn\/jp\/wp-json\/wp\/v2\/product"}],"about":[{"href":"https:\/\/lydaily.vn\/jp\/wp-json\/wp\/v2\/types\/product"}],"replies":[{"embeddable":true,"href":"https:\/\/lydaily.vn\/jp\/wp-json\/wp\/v2\/comments?post=283"}],"wp:featuredmedia":[{"embeddable":true,"href":"https:\/\/lydaily.vn\/jp\/wp-json\/wp\/v2\/media\/284"}],"wp:attachment":[{"href":"https:\/\/lydaily.vn\/jp\/wp-json\/wp\/v2\/media?parent=283"}],"wp:term":[{"taxonomy":"product_brand","embeddable":true,"href":"https:\/\/lydaily.vn\/jp\/wp-json\/wp\/v2\/product_brand?post=283"},{"taxonomy":"product_cat","embeddable":true,"href":"https:\/\/lydaily.vn\/jp\/wp-json\/wp\/v2\/product_cat?post=283"},{"taxonomy":"product_tag","embeddable":true,"href":"https:\/\/lydaily.vn\/jp\/wp-json\/wp\/v2\/product_tag?post=283"}],"curies":[{"name":"wp","href":"https:\/\/api.w.org\/{rel}","templated":true}]}}