{"id":281,"date":"2026-03-02T03:53:36","date_gmt":"2026-03-02T03:53:36","guid":{"rendered":"https:\/\/lydaily.qweb.com.vn\/?post_type=product&#038;p=281"},"modified":"2026-03-13T05:49:14","modified_gmt":"2026-03-13T05:49:14","slug":"bot-canxi-calcium-ca-tuyet-tang-chieu-cao-them-vi-socola","status":"publish","type":"product","link":"https:\/\/lydaily.vn\/jp\/san-pham\/bot-canxi-calcium-ca-tuyet-tang-chieu-cao-them-vi-socola\/","title":{"rendered":"B\u1ed9t Canxi, Calcium C\u00c1 TUY\u1ebeT t\u0103ng chi\u1ec1u cao( th\u00eam v\u1ecb socola)"},"content":{"rendered":"<p class=\"QN2lPu\">B\u1ed9t canxi c\u00e1 tuy\u1ebft<\/p>\n<p class=\"QN2lPu\">\u0110\u00e2y l\u00e0\u00b7lo\u1ea1i th\u1ef1c ph\u1ea9m ch\u1ee9c n\u0103ng dinh d\u01b0\u1ee1ng c\u00f3 ch\u1ee9a canxi, s\u1eaft v\u00e0 vitamin D. D\u1ec5 d\u00e0ng h\u1ea5p th\u1ee5 canxi b\u1eb1ng c\u00e1ch h\u00f2a tan c\u00f9ng \u0111\u1ed3 u\u1ed1ng. C\u00f3 h\u01b0\u01a1ng v\u1ecb s\u00f4 c\u00f4 la\/ d\u00e2u \u0111\u01b0\u1ee3c tr\u1ebb em \u01b0a chu\u1ed9ng.<\/p>\n<p class=\"QN2lPu\">Xu\u1ea5t x\u1ee9: Nh\u1eadt B\u1ea3n<\/p>\n<p class=\"QN2lPu\">S\u1ea3n ph\u1ea9m n\u00e0y \u0111\u01b0\u1ee3c t\u1ea1o ra v\u1edbi hy v\u1ecdng h\u1ed7 tr\u1ee3 s\u1ef1 ph\u00e1t tri\u1ec3n c\u1ee7a con b\u1ea1n. Khi nu\u00f4i con, c\u00f3 r\u1ea5t nhi\u1ec1u \u0111i\u1ec1u ph\u1ea3i lo l\u1eafng nh\u01b0 \u0103n u\u1ed1ng kh\u00f4ng \u0111\u1ee7 ch\u1ea5t, k\u00e9n \u0103n, kh\u00f4ng th\u00edch u\u1ed1ng s\u1eefa. S\u1ea3n ph\u1ea9m n\u00e0y \u0111\u01b0\u1ee3c ph\u00e1t tri\u1ec3n d\u1ef1a tr\u00ean ph\u1ea3n h\u1ed3i c\u1ee7a kh\u00e1ch h\u00e0ng, gi\u00fap tr\u1ebb d\u1ec5 d\u00e0ng ti\u00eau th\u1ee5 500mg canxi m\u1ed7i ng\u00e0y.<\/p>\n<p class=\"QN2lPu\">H\u01a1n n\u1eefa, s\u1ea3n ph\u1ea9m ch\u00fa tr\u1ecdng \u0111\u1ebfn kh\u1ea3 n\u0103ng h\u1ea5p th\u1ee5, bao g\u1ed3m 7,5 mg s\u1eaft, vitamin D: 5,0 \u03bcg, vitamin K2: 7,0 \u03bcg, vitamin C: 40 mg v\u00e0 3 lo\u1ea1i vitamin B l\u00e0m th\u00e0nh ph\u1ea7n h\u1ed7 tr\u1ee3 canxi. Vitamin D l\u00e0 ch\u1ea5t dinh d\u01b0\u1ee1ng th\u00fac \u0111\u1ea9y qu\u00e1 tr\u00ecnh h\u1ea5p th\u1ee5 canxi \u1edf \u0111\u01b0\u1eddng ru\u1ed9t v\u00e0 h\u1ed7 tr\u1ee3 h\u00ecnh th\u00e0nh x\u01b0\u01a1ng.<\/p>\n<p class=\"QN2lPu\">Tr\u1ebb c\u00f3 th\u1ec3 u\u1ed1ng ngay c\u1ea3 khi b\u1ecb d\u1ecb \u1ee9ng s\u1eefa. Hone Kids Canxi s\u1eed d\u1ee5ng canxi t\u1eeb c\u00e1. Ngay c\u1ea3 nh\u1eefng tr\u1ebb b\u1ecb d\u1ecb \u1ee9ng s\u1eefa c\u0169ng c\u00f3 th\u1ec3 t\u1ef1 tin th\u01b0\u1edfng th\u1ee9c n\u00f3. Ngo\u00e0i ra, s\u1ea3n ph\u1ea9m n\u00e0y kh\u00f4ng ch\u1ee9a b\u1ea5t k\u1ef3 th\u00e0nh ph\u1ea7n n\u00e0o trong s\u1ed1 7 th\u00e0nh ph\u1ea7n g\u00e2y d\u1ecb \u1ee9ng (tr\u1ee9ng, s\u1eefa, l\u00faa m\u00ec, ki\u1ec1u m\u1ea1ch, \u0111\u1eadu ph\u1ed9ng, t\u00f4m, cua).<\/p>\n<p class=\"QN2lPu\">V\u1edbi h\u1ec7 th\u1ed1ng cung c\u1ea5p t\u00edch h\u1ee3p trong n\u01b0\u1edbc bao g\u1ed3m ph\u00f2ng th\u00ed nghi\u1ec7m FBRC\u24c7 v\u00e0 c\u00e1c nh\u00e0 m\u00e1y s\u1ea3n xu\u1ea5t th\u1ef1c ph\u1ea9m t\u1ed1t cho s\u1ee9c kh\u1ecfe tu\u00e2n th\u1ee7 ti\u00eau chu\u1ea9n GMP (3 nh\u00e0 m\u00e1y \u1edf t\u1ec9nh Hyogo), Fine \u0111i\u1ec1u tra nhu c\u1ea7u c\u1ee7a m\u1ecdi th\u1ec3 lo\u1ea1i v\u00e0 ti\u1ebfp t\u1ee5c \u0111\u1ec1 xu\u1ea5t c\u00e1c s\u1ea3n ph\u1ea9m l\u00e0m h\u00e0i l\u00f2ng t\u1ea5t c\u1ea3 m\u1ecdi ng\u01b0\u1eddi.<\/p>\n<p class=\"QN2lPu\">C\u00e1ch s\u1eed d\u1ee5ng:<\/p>\n<p class=\"QN2lPu\">Tr\u1ebb t\u1eeb 6 tu\u1ed5i tr\u1edf l\u00ean: 1 mu\u1ed7ng canh (kho\u1ea3ng 10g) s\u1ea3n ph\u1ea9m n\u00e0y v\u00e0o ly (kho\u1ea3ng 150ml) v\u1edbi n\u01b0\u1edbc \u1ea5m, s\u1eefa ho\u1eb7c s\u1eefa \u0111\u1eadu n\u00e0nh, khu\u1ea5y \u0111\u1ec1u v\u00e0 th\u01b0\u1edfng th\u1ee9c. M\u1ed9t ng\u00e0y 2 l\u1ea7n.<\/p>\n<p class=\"QN2lPu\">Tr\u1ebb tr\u00ean 3 tu\u1ed5i d\u01b0\u1edbi 6 tu\u1ed5i u\u1ed1ng 1 mu\u1ed7ng cafe (10g b\u1ed9t canxi c\u00e1 tuy\u1ebft) \/1 l\u1ea7n\/ 1 ng\u00e0y.<\/p>\n<p class=\"QN2lPu\">L\u01b0u \u00fd:<\/p>\n<p class=\"QN2lPu\">\u25cfS\u1ea3n ph\u1ea9m n\u00e0y kh\u00f4ng ch\u1eefa kh\u1ecfi b\u1ec7nh ho\u1eb7c c\u1ea3i thi\u1ec7n s\u1ee9c kh\u1ecfe n\u1ebfu d\u00f9ng v\u1edbi s\u1ed1 l\u01b0\u1ee3ng l\u1edbn. H\u00e3y s\u1eed d\u1ee5ng theo l\u01b0\u1ee3ng \u0111\u01b0\u1ee3c khuy\u1ebfn ngh\u1ecb.<\/p>\n<p class=\"QN2lPu\">\u25cfH\u00e3y ti\u00eau th\u1ee5 c\u00e0ng s\u1edbm c\u00e0ng t\u1ed1t sau khi m\u1edf t\u00fai.<\/p>\n<p class=\"QN2lPu\">\u25cfN\u1ebfu b\u1ea1n cho r\u1eb1ng n\u00f3 kh\u00f4ng ph\u00f9 h\u1ee3p v\u1edbi th\u1ec3 tr\u1ea1ng c\u1ee7a tr\u1ebb, vui l\u00f2ng gi\u1ea3m l\u01b0\u1ee3ng d\u00f9ng ho\u1eb7c ng\u1eebng d\u00f9ng.<\/p>\n<p class=\"QN2lPu\">\u25cfC\u00f3 th\u1ec3 c\u00f3 s\u1ef1 kh\u00e1c bi\u1ec7t v\u1ec1 m\u00f9i v\u1ecb v\u00e0 m\u00e0u s\u1eafc t\u00f9y theo l\u00f4 s\u1ea3n xu\u1ea5t nh\u01b0ng \u0111i\u1ec1u n\u00e0y kh\u00f4ng \u1ea3nh h\u01b0\u1edfng \u0111\u1ebfn ch\u1ea5t l\u01b0\u1ee3ng.<\/p>\n","protected":false},"excerpt":{"rendered":"<p>\u2022 Xu\u1ea5t x\u1ee9: Nh\u1eadt B\u1ea3n (Th\u01b0\u01a1ng hi\u1ec7u Fine Japan)<br \/>\n\u2022 Quy c\u00e1ch: T\u00fai 140g (c\u00f3 k\u00e8m mu\u1ed7ng \u0111ong)<br \/>\n\u2022 Th\u00e0nh ph\u1ea7n ch\u00ednh: Canxi t\u1eeb x\u01b0\u01a1ng c\u00e1 tuy\u1ebft, Vitamin D, Vitamin K, S\u1eaft, Vitamin B1, B2, B6.<br \/>\n\u2022 D\u1ea1ng b\u00e0o ch\u1ebf: B\u1ed9t m\u1ecbn<br \/>\n\u2022 H\u01b0\u01a1ng v\u1ecb: Socola, Vani<br \/>\n\u2022 H\u1ea1n s\u1eed d\u1ee5ng: 2 n\u0103m k\u1ec3 t\u1eeb ng\u00e0y s\u1ea3n xu\u1ea5t<\/p>\n","protected":false},"featured_media":282,"comment_status":"open","ping_status":"closed","template":"","meta":[],"product_brand":[],"product_cat":[21],"product_tag":[],"class_list":{"0":"post-281","1":"product","2":"type-product","3":"status-publish","4":"has-post-thumbnail","6":"product_cat-thuc-pham-chuc-nang","8":"first","9":"instock","10":"shipping-taxable","11":"purchasable","12":"product-type-simple"},"yoast_head":"<!-- This site is optimized with the Yoast SEO Premium plugin v22.3 (Yoast SEO v27.1.1) - https:\/\/yoast.com\/product\/yoast-seo-premium-wordpress\/ -->\n<title>B\u1ed9t Canxi, Calcium C\u00c1 TUY\u1ebeT t\u0103ng chi\u1ec1u cao( th\u00eam v\u1ecb socola) - Ly Daily<\/title>\n<meta name=\"robots\" content=\"index, follow, max-snippet:-1, max-image-preview:large, max-video-preview:-1\" \/>\n<link rel=\"canonical\" href=\"https:\/\/lydaily.vn\/jp\/san-pham\/bot-canxi-calcium-ca-tuyet-tang-chieu-cao-them-vi-socola\/\" \/>\n<meta property=\"og:locale\" content=\"vi_VN\" \/>\n<meta property=\"og:type\" content=\"article\" \/>\n<meta property=\"og:title\" content=\"B\u1ed9t Canxi, Calcium C\u00c1 TUY\u1ebeT t\u0103ng chi\u1ec1u cao( th\u00eam v\u1ecb socola)\" \/>\n<meta property=\"og:description\" content=\"\u2022 Xu\u1ea5t x\u1ee9: Nh\u1eadt B\u1ea3n (Th\u01b0\u01a1ng hi\u1ec7u Fine Japan) \u2022 Quy c\u00e1ch: T\u00fai 140g (c\u00f3 k\u00e8m mu\u1ed7ng \u0111ong) \u2022 Th\u00e0nh ph\u1ea7n ch\u00ednh: Canxi t\u1eeb x\u01b0\u01a1ng c\u00e1 tuy\u1ebft, Vitamin D, Vitamin K, S\u1eaft, Vitamin B1, B2, B6. \u2022 D\u1ea1ng b\u00e0o ch\u1ebf: B\u1ed9t m\u1ecbn \u2022 H\u01b0\u01a1ng v\u1ecb: Socola, Vani \u2022 H\u1ea1n s\u1eed d\u1ee5ng: 2 n\u0103m k\u1ec3 t\u1eeb ng\u00e0y s\u1ea3n xu\u1ea5t\" \/>\n<meta property=\"og:url\" content=\"https:\/\/lydaily.vn\/jp\/san-pham\/bot-canxi-calcium-ca-tuyet-tang-chieu-cao-them-vi-socola\/\" \/>\n<meta property=\"og:site_name\" content=\"Ly Daily\" \/>\n<meta property=\"article:modified_time\" content=\"2026-03-13T05:49:14+00:00\" \/>\n<meta property=\"og:image\" content=\"https:\/\/lydaily.vn\/jp\/wp-content\/uploads\/2026\/03\/Bot-Canxi-Calcium-CA-TUYET-tang-chieu-cao-them-vi-socola.jpg\" \/>\n\t<meta property=\"og:image:width\" content=\"1000\" \/>\n\t<meta property=\"og:image:height\" content=\"1000\" \/>\n\t<meta property=\"og:image:type\" content=\"image\/jpeg\" \/>\n<meta name=\"twitter:card\" content=\"summary_large_image\" \/>\n<meta name=\"twitter:label1\" content=\"\u01af\u1edbc t\u00ednh th\u1eddi gian \u0111\u1ecdc\" \/>\n\t<meta name=\"twitter:data1\" content=\"3 ph\u00fat\" \/>\n<script type=\"application\/ld+json\" class=\"yoast-schema-graph\">{\"@context\":\"https:\/\/schema.org\",\"@graph\":[{\"@type\":\"WebPage\",\"@id\":\"https:\/\/lydaily.vn\/jp\/san-pham\/bot-canxi-calcium-ca-tuyet-tang-chieu-cao-them-vi-socola\/\",\"url\":\"https:\/\/lydaily.vn\/jp\/san-pham\/bot-canxi-calcium-ca-tuyet-tang-chieu-cao-them-vi-socola\/\",\"name\":\"B\u1ed9t Canxi, Calcium C\u00c1 TUY\u1ebeT t\u0103ng chi\u1ec1u cao( th\u00eam v\u1ecb socola) - Ly Daily\",\"isPartOf\":{\"@id\":\"https:\/\/lydaily.vn\/jp\/#website\"},\"primaryImageOfPage\":{\"@id\":\"https:\/\/lydaily.vn\/jp\/san-pham\/bot-canxi-calcium-ca-tuyet-tang-chieu-cao-them-vi-socola\/#primaryimage\"},\"image\":{\"@id\":\"https:\/\/lydaily.vn\/jp\/san-pham\/bot-canxi-calcium-ca-tuyet-tang-chieu-cao-them-vi-socola\/#primaryimage\"},\"thumbnailUrl\":\"https:\/\/lydaily.vn\/jp\/wp-content\/uploads\/2026\/03\/Bot-Canxi-Calcium-CA-TUYET-tang-chieu-cao-them-vi-socola.jpg\",\"datePublished\":\"2026-03-02T03:53:36+00:00\",\"dateModified\":\"2026-03-13T05:49:14+00:00\",\"breadcrumb\":{\"@id\":\"https:\/\/lydaily.vn\/jp\/san-pham\/bot-canxi-calcium-ca-tuyet-tang-chieu-cao-them-vi-socola\/#breadcrumb\"},\"inLanguage\":\"vi\",\"potentialAction\":[{\"@type\":\"ReadAction\",\"target\":[\"https:\/\/lydaily.vn\/jp\/san-pham\/bot-canxi-calcium-ca-tuyet-tang-chieu-cao-them-vi-socola\/\"]}]},{\"@type\":\"ImageObject\",\"inLanguage\":\"vi\",\"@id\":\"https:\/\/lydaily.vn\/jp\/san-pham\/bot-canxi-calcium-ca-tuyet-tang-chieu-cao-them-vi-socola\/#primaryimage\",\"url\":\"https:\/\/lydaily.vn\/jp\/wp-content\/uploads\/2026\/03\/Bot-Canxi-Calcium-CA-TUYET-tang-chieu-cao-them-vi-socola.jpg\",\"contentUrl\":\"https:\/\/lydaily.vn\/jp\/wp-content\/uploads\/2026\/03\/Bot-Canxi-Calcium-CA-TUYET-tang-chieu-cao-them-vi-socola.jpg\",\"width\":1000,\"height\":1000},{\"@type\":\"BreadcrumbList\",\"@id\":\"https:\/\/lydaily.vn\/jp\/san-pham\/bot-canxi-calcium-ca-tuyet-tang-chieu-cao-them-vi-socola\/#breadcrumb\",\"itemListElement\":[{\"@type\":\"ListItem\",\"position\":1,\"name\":\"Home\",\"item\":\"https:\/\/lydaily.vn\/jp\/\"},{\"@type\":\"ListItem\",\"position\":2,\"name\":\"S\u1ea3n ph\u1ea9m\",\"item\":\"https:\/\/lydaily.vn\/jp\/san-pham\/\"},{\"@type\":\"ListItem\",\"position\":3,\"name\":\"B\u1ed9t Canxi, Calcium C\u00c1 TUY\u1ebeT t\u0103ng chi\u1ec1u cao( th\u00eam v\u1ecb socola)\"}]},{\"@type\":\"WebSite\",\"@id\":\"https:\/\/lydaily.vn\/jp\/#website\",\"url\":\"https:\/\/lydaily.vn\/jp\/\",\"name\":\"Ly Daily\",\"description\":\"Th\u1ef1c Ph\u1ea9m Ch\u1ee9c N\u0103ng &amp; M\u1ef9 Ph\u1ea9m t\u1ea1i Nh\u1eadt B\u1ea3n v\u00e0 Vi\u1ec7t Nam\",\"potentialAction\":[{\"@type\":\"SearchAction\",\"target\":{\"@type\":\"EntryPoint\",\"urlTemplate\":\"https:\/\/lydaily.vn\/jp\/?s={search_term_string}\"},\"query-input\":{\"@type\":\"PropertyValueSpecification\",\"valueRequired\":true,\"valueName\":\"search_term_string\"}}],\"inLanguage\":\"vi\"}]}<\/script>\n<!-- \/ Yoast SEO Premium plugin. -->","yoast_head_json":{"title":"B\u1ed9t Canxi, Calcium C\u00c1 TUY\u1ebeT t\u0103ng chi\u1ec1u cao( th\u00eam v\u1ecb socola) - Ly Daily","robots":{"index":"index","follow":"follow","max-snippet":"max-snippet:-1","max-image-preview":"max-image-preview:large","max-video-preview":"max-video-preview:-1"},"canonical":"https:\/\/lydaily.vn\/jp\/san-pham\/bot-canxi-calcium-ca-tuyet-tang-chieu-cao-them-vi-socola\/","og_locale":"vi_VN","og_type":"article","og_title":"B\u1ed9t Canxi, Calcium C\u00c1 TUY\u1ebeT t\u0103ng chi\u1ec1u cao( th\u00eam v\u1ecb socola)","og_description":"\u2022 Xu\u1ea5t x\u1ee9: Nh\u1eadt B\u1ea3n (Th\u01b0\u01a1ng hi\u1ec7u Fine Japan) \u2022 Quy c\u00e1ch: T\u00fai 140g (c\u00f3 k\u00e8m mu\u1ed7ng \u0111ong) \u2022 Th\u00e0nh ph\u1ea7n ch\u00ednh: Canxi t\u1eeb x\u01b0\u01a1ng c\u00e1 tuy\u1ebft, Vitamin D, Vitamin K, S\u1eaft, Vitamin B1, B2, B6. \u2022 D\u1ea1ng b\u00e0o ch\u1ebf: B\u1ed9t m\u1ecbn \u2022 H\u01b0\u01a1ng v\u1ecb: Socola, Vani \u2022 H\u1ea1n s\u1eed d\u1ee5ng: 2 n\u0103m k\u1ec3 t\u1eeb ng\u00e0y s\u1ea3n xu\u1ea5t","og_url":"https:\/\/lydaily.vn\/jp\/san-pham\/bot-canxi-calcium-ca-tuyet-tang-chieu-cao-them-vi-socola\/","og_site_name":"Ly Daily","article_modified_time":"2026-03-13T05:49:14+00:00","og_image":[{"width":1000,"height":1000,"url":"https:\/\/lydaily.vn\/jp\/wp-content\/uploads\/2026\/03\/Bot-Canxi-Calcium-CA-TUYET-tang-chieu-cao-them-vi-socola.jpg","type":"image\/jpeg"}],"twitter_card":"summary_large_image","twitter_misc":{"\u01af\u1edbc t\u00ednh th\u1eddi gian \u0111\u1ecdc":"3 ph\u00fat"},"schema":{"@context":"https:\/\/schema.org","@graph":[{"@type":"WebPage","@id":"https:\/\/lydaily.vn\/jp\/san-pham\/bot-canxi-calcium-ca-tuyet-tang-chieu-cao-them-vi-socola\/","url":"https:\/\/lydaily.vn\/jp\/san-pham\/bot-canxi-calcium-ca-tuyet-tang-chieu-cao-them-vi-socola\/","name":"B\u1ed9t Canxi, Calcium C\u00c1 TUY\u1ebeT t\u0103ng chi\u1ec1u cao( th\u00eam v\u1ecb socola) - Ly Daily","isPartOf":{"@id":"https:\/\/lydaily.vn\/jp\/#website"},"primaryImageOfPage":{"@id":"https:\/\/lydaily.vn\/jp\/san-pham\/bot-canxi-calcium-ca-tuyet-tang-chieu-cao-them-vi-socola\/#primaryimage"},"image":{"@id":"https:\/\/lydaily.vn\/jp\/san-pham\/bot-canxi-calcium-ca-tuyet-tang-chieu-cao-them-vi-socola\/#primaryimage"},"thumbnailUrl":"https:\/\/lydaily.vn\/jp\/wp-content\/uploads\/2026\/03\/Bot-Canxi-Calcium-CA-TUYET-tang-chieu-cao-them-vi-socola.jpg","datePublished":"2026-03-02T03:53:36+00:00","dateModified":"2026-03-13T05:49:14+00:00","breadcrumb":{"@id":"https:\/\/lydaily.vn\/jp\/san-pham\/bot-canxi-calcium-ca-tuyet-tang-chieu-cao-them-vi-socola\/#breadcrumb"},"inLanguage":"vi","potentialAction":[{"@type":"ReadAction","target":["https:\/\/lydaily.vn\/jp\/san-pham\/bot-canxi-calcium-ca-tuyet-tang-chieu-cao-them-vi-socola\/"]}]},{"@type":"ImageObject","inLanguage":"vi","@id":"https:\/\/lydaily.vn\/jp\/san-pham\/bot-canxi-calcium-ca-tuyet-tang-chieu-cao-them-vi-socola\/#primaryimage","url":"https:\/\/lydaily.vn\/jp\/wp-content\/uploads\/2026\/03\/Bot-Canxi-Calcium-CA-TUYET-tang-chieu-cao-them-vi-socola.jpg","contentUrl":"https:\/\/lydaily.vn\/jp\/wp-content\/uploads\/2026\/03\/Bot-Canxi-Calcium-CA-TUYET-tang-chieu-cao-them-vi-socola.jpg","width":1000,"height":1000},{"@type":"BreadcrumbList","@id":"https:\/\/lydaily.vn\/jp\/san-pham\/bot-canxi-calcium-ca-tuyet-tang-chieu-cao-them-vi-socola\/#breadcrumb","itemListElement":[{"@type":"ListItem","position":1,"name":"Home","item":"https:\/\/lydaily.vn\/jp\/"},{"@type":"ListItem","position":2,"name":"S\u1ea3n ph\u1ea9m","item":"https:\/\/lydaily.vn\/jp\/san-pham\/"},{"@type":"ListItem","position":3,"name":"B\u1ed9t Canxi, Calcium C\u00c1 TUY\u1ebeT t\u0103ng chi\u1ec1u cao( th\u00eam v\u1ecb socola)"}]},{"@type":"WebSite","@id":"https:\/\/lydaily.vn\/jp\/#website","url":"https:\/\/lydaily.vn\/jp\/","name":"Ly Daily","description":"Th\u1ef1c Ph\u1ea9m Ch\u1ee9c N\u0103ng &amp; M\u1ef9 Ph\u1ea9m t\u1ea1i Nh\u1eadt B\u1ea3n v\u00e0 Vi\u1ec7t Nam","potentialAction":[{"@type":"SearchAction","target":{"@type":"EntryPoint","urlTemplate":"https:\/\/lydaily.vn\/jp\/?s={search_term_string}"},"query-input":{"@type":"PropertyValueSpecification","valueRequired":true,"valueName":"search_term_string"}}],"inLanguage":"vi"}]}},"_links":{"self":[{"href":"https:\/\/lydaily.vn\/jp\/wp-json\/wp\/v2\/product\/281","targetHints":{"allow":["GET"]}}],"collection":[{"href":"https:\/\/lydaily.vn\/jp\/wp-json\/wp\/v2\/product"}],"about":[{"href":"https:\/\/lydaily.vn\/jp\/wp-json\/wp\/v2\/types\/product"}],"replies":[{"embeddable":true,"href":"https:\/\/lydaily.vn\/jp\/wp-json\/wp\/v2\/comments?post=281"}],"wp:featuredmedia":[{"embeddable":true,"href":"https:\/\/lydaily.vn\/jp\/wp-json\/wp\/v2\/media\/282"}],"wp:attachment":[{"href":"https:\/\/lydaily.vn\/jp\/wp-json\/wp\/v2\/media?parent=281"}],"wp:term":[{"taxonomy":"product_brand","embeddable":true,"href":"https:\/\/lydaily.vn\/jp\/wp-json\/wp\/v2\/product_brand?post=281"},{"taxonomy":"product_cat","embeddable":true,"href":"https:\/\/lydaily.vn\/jp\/wp-json\/wp\/v2\/product_cat?post=281"},{"taxonomy":"product_tag","embeddable":true,"href":"https:\/\/lydaily.vn\/jp\/wp-json\/wp\/v2\/product_tag?post=281"}],"curies":[{"name":"wp","href":"https:\/\/api.w.org\/{rel}","templated":true}]}}