{"id":279,"date":"2026-03-02T03:48:42","date_gmt":"2026-03-02T03:48:42","guid":{"rendered":"https:\/\/lydaily.qweb.com.vn\/?post_type=product&#038;p=279"},"modified":"2026-03-13T05:48:30","modified_gmt":"2026-03-13T05:48:30","slug":"tao-vang-spirulina-ex-family-nhat-ban-2000-vien","status":"publish","type":"product","link":"https:\/\/lydaily.vn\/jp\/san-pham\/tao-vang-spirulina-ex-family-nhat-ban-2000-vien\/","title":{"rendered":"T\u1ea3o V\u00e0ng Spirulina EX Family Nh\u1eadt B\u1ea3n 2000 vi\u00ean"},"content":{"rendered":"<h4><strong>T\u1ea3o V\u00e0ng Spirulina EX Family Nh\u1eadt B\u1ea3n h\u1ed9p 2000 vi\u00ean<\/strong><\/h4>\n<ul>\n<li>Th\u00e0nh ph\u1ea7n: T\u1ea3o Spirulina, Ch\u1ea5t x\u01a1 rau c\u1ee7 qu\u1ea3, Vitamin t\u1ed5ng h\u1ee3p, Collagen C\u00e1 H\u1ed3i.<\/li>\n<li>Quy c\u00e1ch: 2 L\u1ecd x 1000 vi\u00ean x 265mg<\/li>\n<li>D\u1ea1ng vi\u00ean: Vi\u00ean n\u00e9n<\/li>\n<li>Xu\u1ea5t x\u1ee9: Nh\u1eadt B\u1ea3n<\/li>\n<li>S\u1ea3n xu\u1ea5t b\u1edfi: DIC LIFETEC<\/li>\n<\/ul>\n<h4><strong>Nh\u1eefng \u0111\u1eb7c \u0111i\u1ec3m n\u1ed5i tr\u1ed9i c\u1ee7a T\u1ea3o xo\u1eafn EX DIC<\/strong><\/h4>\n<p>T\u1ea3o Xo\u1eafn V\u00e0ng Spirulina EX Family c\u1ee7a t\u1eadp \u0111o\u00e0n DIC Nh\u1eadt B\u1ea3n, \u0111\u00e3 \u0111\u01b0\u1ee3c c\u00e1c hi\u1ec7u thu\u1ed1c t\u00e2y t\u1ea1i Nh\u1eadt B\u1ea3n gi\u1edbi thi\u1ec7u v\u00e0 c\u00f4ng nh\u1eadn l\u00e0 s\u1ea3n ph\u1ea9m t\u1ed1t nh\u1ea5t, \u0111\u1ee9ng \u0111\u1ea7u cho vi\u1ec7c cung c\u1ea5p Vitamin t\u1ed5ng h\u1ee3p, c\u00f9ng h\u01a1n 50 lo\u1ea1i dinh \u0111\u01b0\u1ee1ng c\u1ea7n thi\u1ebft cho s\u1ee9c kho\u1ebb v\u00e0 l\u00e0n da.<\/p>\n<p>V\u1edbi c\u00f4ng ngh\u1ec7 \u0111\u1ed9c quy\u1ec1n t\u1ea1i Nh\u1eadt B\u1ea3n th\u00ec T\u1eadp \u0111o\u00e0n DIC \u0111\u00e3 s\u1ea3n xu\u1ea5t ra vi\u00ean thu\u1ed1c u\u1ed1ng c\u00f3 2 l\u1edbp. Gi\u00fap vi\u00ean thu\u1ed1c u\u1ed1ng ho\u00e0n to\u00e0n kh\u00f4ng c\u00f3 m\u00f9i tanh \u0111\u1eb7c tr\u01b0ng c\u1ee7a T\u1ea3o Xo\u1eafn Spirulina, r\u1ea5t kh\u00f3 \u0111\u1ec3 l\u00e0m \u0111\u01b0\u1ee3c c\u00f4ng ngh\u1ec7 n\u00e0y.<\/p>\n<ul>\n<li>L\u1edbp b\u00ean ngo\u00e0i: \u0111\u01b0\u1ee3c bao b\u1ecdc b\u1eb1ng ch\u1ea5t x\u01a1 rau c\u1ee7 qu\u1ea3 t\u1eeb th\u1ef1c ph\u1ea9m thi\u00ean nhi\u00ean 100%, tr\u01a1n, r\u1ea5t th\u01a1m v\u00e0 d\u1ec5 u\u1ed1ng.<\/li>\n<li>L\u1edbp b\u00ean trong: g\u1ed3m c\u00e1c th\u00e0nh ph\u1ea7n ch\u00ednh:\u00a0 nh\u00f3m Vitamin t\u1ed5ng h\u1ee3p c\u1ea7n thi\u1ebft cho 1 ng\u00e0y, T\u1ea3o Xo\u1eafn Spirulina c\u00f3 50 d\u01b0\u1ee1ng ch\u1ea5t, Collagen C\u00e1 H\u1ed3i ch\u1ed1ng l\u00e3o h\u00f3a v\u00e0 l\u00e0m \u0111\u1eb9p da, c\u00f9ng vi khu\u1ea9n l\u00ean men t\u1ed1t cho \u0111\u01b0\u1eddng ru\u1ed9t nh\u1ea5t l\u00e0 ng\u01b0\u1eddi l\u1edbn tu\u1ed5i.<\/li>\n<\/ul>\n<p>T\u1ea3o Xo\u1eafn Spirulina c\u1ee7a DIC l\u00e0 s\u1ea3n ph\u1ea9m cao c\u1ea5p v\u00e0 an to\u00e0n nh\u1ea5t \u0111\u01b0\u1ee3c gi\u1edbi thi\u1ec7u v\u1edbi kh\u00e1ch h\u00e0ng qua ch\u1eef \u201cEX\u201d tr\u00ean h\u1ed9p c\u00f3 ngh\u0129a l\u00e0 \u201cExtra\u201d. Theo quy \u0111\u1ecbnh s\u1ea3n xu\u1ea5t khi s\u1ea3n ph\u1ea9m c\u00f3 ch\u1eef \u201cEX\u201d th\u00ec s\u1ea3n ph\u1ea9m \u1ea5y ph\u1ea3i s\u1eed d\u1ee5ng nh\u1eefng th\u00e0nh ph\u1ea7n nguy\u00ean li\u1ec7u \u0111\u1eb7c bi\u1ec7t cao c\u1ea5p nh\u1ea5t, c\u00f3 h\u00e0m l\u01b0\u1ee3ng dinh d\u01b0\u1ee1ng hi\u1ec7u qu\u1ea3 nh\u1ea5t v\u00e0 ph\u1ea3i an to\u00e0n tuy\u1ec7t \u0111\u1ed1i nh\u1ea5t trong r\u1ea5t nhi\u1ec1u nguy\u00ean li\u1ec7u T\u1ea3o t\u1ea1i Nh\u1eadt \u0111\u1ec3 ch\u1ebf bi\u1ebfn th\u00e0nh s\u1ea3n ph\u1ea9m.<\/p>\n<h4><strong>H\u01b0\u1edbng d\u1eabn s\u1eed d\u1ee5ng T\u1ea3o V\u00e0ng Spirulina EX Family Nh\u1eadt B\u1ea3n h\u1ed9p 2000 vi\u00ean<\/strong><\/h4>\n<ul>\n<li>\u00a0Ng\u01b0\u1eddi b\u00ecnh th\u01b0\u1eddng (t\u1eeb 14 tu\u1ed5i, ph\u1ee5 n\u1eef mang thai v\u00e0 cho con b\u00fa): 10 vi\u00ean\/ ng\u00e0y. Chia l\u00e0m 2 ho\u1eb7c 3 l\u1ea7n.<\/li>\n<li>Ng\u01b0\u1eddi l\u00e0m vi\u1ec7c nhi\u1ec1u, hay b\u1ecb m\u1ec7t m\u1ecfi: 15 vi\u00ean\/ ng\u00e0y. Chia l\u00e0m 2 ho\u1eb7c 3 l\u1ea7n.<\/li>\n<li>Ng\u01b0\u1eddi say r\u01b0\u1ee3u, b\u1ecb b\u1ec7nh: 20 vi\u00ean\/ ng\u00e0y. Chia l\u00e0m 2 ho\u1eb7c 3 l\u1ea7n.<\/li>\n<li>Tr\u1ebb em t\u1eeb 2 tu\u1ed5i tr\u1edf l\u00ean: 2 \u2013 4 vi\u00ean\/ ng\u00e0y. T\u00f9y theo t\u00ecnh tr\u1ea1ng th\u1ec3 ch\u1ea5t c\u1ee7a b\u00e9 v\u00e0 \u0111\u1ed9 tu\u1ed5i ph\u00e1t tri\u1ec3n.<\/li>\n<li>N\u1ebfu mu\u1ed1n gi\u1ea3m c\u00e2n n\u00ean u\u1ed1ng tr\u01b0\u1edbc b\u1eefa \u0103n 30 ph\u00fat.<\/li>\n<li>N\u1ebfu mu\u1ed1n t\u0103ng c\u00e2n n\u00ean u\u1ed1ng sau b\u1eefa \u0103n 30 ph\u00fat.<\/li>\n<\/ul>\n<p><em><strong>L\u01b0u \u00fd<\/strong><\/em>: U\u1ed1ng nhi\u1ec1u n\u01b0\u1edbc khi s\u1eed d\u1ee5ng s\u1ea3n ph\u1ea9m<\/p>\n","protected":false},"excerpt":{"rendered":"<ul>\n<li>Th\u00e0nh ph\u1ea7n: T\u1ea3o Spirulina, Ch\u1ea5t x\u01a1 rau c\u1ee7 qu\u1ea3, Vitamin t\u1ed5ng h\u1ee3p, Collagen C\u00e1 H\u1ed3i.<\/li>\n<li>Quy c\u00e1ch: 2 L\u1ecd x 1000 vi\u00ean x 265mg<\/li>\n<li>D\u1ea1ng vi\u00ean: Vi\u00ean n\u00e9n<\/li>\n<li>Xu\u1ea5t x\u1ee9: Nh\u1eadt B\u1ea3n<\/li>\n<\/ul>\n","protected":false},"featured_media":280,"comment_status":"open","ping_status":"closed","template":"","meta":[],"product_brand":[],"product_cat":[21],"product_tag":[],"class_list":{"0":"post-279","1":"product","2":"type-product","3":"status-publish","4":"has-post-thumbnail","6":"product_cat-thuc-pham-chuc-nang","8":"first","9":"instock","10":"shipping-taxable","11":"purchasable","12":"product-type-simple"},"yoast_head":"<!-- This site is optimized with the Yoast SEO Premium plugin v22.3 (Yoast SEO v27.1.1) - https:\/\/yoast.com\/product\/yoast-seo-premium-wordpress\/ -->\n<title>T\u1ea3o V\u00e0ng Spirulina EX Family Nh\u1eadt B\u1ea3n 2000 vi\u00ean - Ly Daily<\/title>\n<meta name=\"robots\" content=\"index, follow, max-snippet:-1, max-image-preview:large, max-video-preview:-1\" \/>\n<link rel=\"canonical\" href=\"https:\/\/lydaily.vn\/jp\/san-pham\/tao-vang-spirulina-ex-family-nhat-ban-2000-vien\/\" \/>\n<meta property=\"og:locale\" content=\"vi_VN\" \/>\n<meta property=\"og:type\" content=\"article\" \/>\n<meta property=\"og:title\" content=\"T\u1ea3o V\u00e0ng Spirulina EX Family Nh\u1eadt B\u1ea3n 2000 vi\u00ean\" \/>\n<meta property=\"og:description\" content=\"Th\u00e0nh ph\u1ea7n: T\u1ea3o Spirulina, Ch\u1ea5t x\u01a1 rau c\u1ee7 qu\u1ea3, Vitamin t\u1ed5ng h\u1ee3p, Collagen C\u00e1 H\u1ed3i.  Quy c\u00e1ch: 2 L\u1ecd x 1000 vi\u00ean x 265mg  D\u1ea1ng vi\u00ean: Vi\u00ean n\u00e9n  Xu\u1ea5t x\u1ee9: Nh\u1eadt B\u1ea3n\" \/>\n<meta property=\"og:url\" content=\"https:\/\/lydaily.vn\/jp\/san-pham\/tao-vang-spirulina-ex-family-nhat-ban-2000-vien\/\" \/>\n<meta property=\"og:site_name\" content=\"Ly Daily\" \/>\n<meta property=\"article:modified_time\" content=\"2026-03-13T05:48:30+00:00\" \/>\n<meta property=\"og:image\" content=\"https:\/\/lydaily.vn\/jp\/wp-content\/uploads\/2026\/03\/tao-vang.jpg\" \/>\n\t<meta property=\"og:image:width\" content=\"1000\" \/>\n\t<meta property=\"og:image:height\" content=\"749\" \/>\n\t<meta property=\"og:image:type\" content=\"image\/jpeg\" \/>\n<meta name=\"twitter:card\" content=\"summary_large_image\" \/>\n<meta name=\"twitter:label1\" content=\"\u01af\u1edbc t\u00ednh th\u1eddi gian \u0111\u1ecdc\" \/>\n\t<meta name=\"twitter:data1\" content=\"3 ph\u00fat\" \/>\n<script type=\"application\/ld+json\" class=\"yoast-schema-graph\">{\"@context\":\"https:\/\/schema.org\",\"@graph\":[{\"@type\":\"WebPage\",\"@id\":\"https:\/\/lydaily.vn\/jp\/san-pham\/tao-vang-spirulina-ex-family-nhat-ban-2000-vien\/\",\"url\":\"https:\/\/lydaily.vn\/jp\/san-pham\/tao-vang-spirulina-ex-family-nhat-ban-2000-vien\/\",\"name\":\"T\u1ea3o V\u00e0ng Spirulina EX Family Nh\u1eadt B\u1ea3n 2000 vi\u00ean - Ly Daily\",\"isPartOf\":{\"@id\":\"https:\/\/lydaily.vn\/jp\/#website\"},\"primaryImageOfPage\":{\"@id\":\"https:\/\/lydaily.vn\/jp\/san-pham\/tao-vang-spirulina-ex-family-nhat-ban-2000-vien\/#primaryimage\"},\"image\":{\"@id\":\"https:\/\/lydaily.vn\/jp\/san-pham\/tao-vang-spirulina-ex-family-nhat-ban-2000-vien\/#primaryimage\"},\"thumbnailUrl\":\"https:\/\/lydaily.vn\/jp\/wp-content\/uploads\/2026\/03\/tao-vang.jpg\",\"datePublished\":\"2026-03-02T03:48:42+00:00\",\"dateModified\":\"2026-03-13T05:48:30+00:00\",\"breadcrumb\":{\"@id\":\"https:\/\/lydaily.vn\/jp\/san-pham\/tao-vang-spirulina-ex-family-nhat-ban-2000-vien\/#breadcrumb\"},\"inLanguage\":\"vi\",\"potentialAction\":[{\"@type\":\"ReadAction\",\"target\":[\"https:\/\/lydaily.vn\/jp\/san-pham\/tao-vang-spirulina-ex-family-nhat-ban-2000-vien\/\"]}]},{\"@type\":\"ImageObject\",\"inLanguage\":\"vi\",\"@id\":\"https:\/\/lydaily.vn\/jp\/san-pham\/tao-vang-spirulina-ex-family-nhat-ban-2000-vien\/#primaryimage\",\"url\":\"https:\/\/lydaily.vn\/jp\/wp-content\/uploads\/2026\/03\/tao-vang.jpg\",\"contentUrl\":\"https:\/\/lydaily.vn\/jp\/wp-content\/uploads\/2026\/03\/tao-vang.jpg\",\"width\":1000,\"height\":749},{\"@type\":\"BreadcrumbList\",\"@id\":\"https:\/\/lydaily.vn\/jp\/san-pham\/tao-vang-spirulina-ex-family-nhat-ban-2000-vien\/#breadcrumb\",\"itemListElement\":[{\"@type\":\"ListItem\",\"position\":1,\"name\":\"Home\",\"item\":\"https:\/\/lydaily.vn\/jp\/\"},{\"@type\":\"ListItem\",\"position\":2,\"name\":\"S\u1ea3n ph\u1ea9m\",\"item\":\"https:\/\/lydaily.vn\/jp\/san-pham\/\"},{\"@type\":\"ListItem\",\"position\":3,\"name\":\"T\u1ea3o V\u00e0ng Spirulina EX Family Nh\u1eadt B\u1ea3n 2000 vi\u00ean\"}]},{\"@type\":\"WebSite\",\"@id\":\"https:\/\/lydaily.vn\/jp\/#website\",\"url\":\"https:\/\/lydaily.vn\/jp\/\",\"name\":\"Ly Daily\",\"description\":\"Th\u1ef1c Ph\u1ea9m Ch\u1ee9c N\u0103ng &amp; M\u1ef9 Ph\u1ea9m t\u1ea1i Nh\u1eadt B\u1ea3n v\u00e0 Vi\u1ec7t Nam\",\"potentialAction\":[{\"@type\":\"SearchAction\",\"target\":{\"@type\":\"EntryPoint\",\"urlTemplate\":\"https:\/\/lydaily.vn\/jp\/?s={search_term_string}\"},\"query-input\":{\"@type\":\"PropertyValueSpecification\",\"valueRequired\":true,\"valueName\":\"search_term_string\"}}],\"inLanguage\":\"vi\"}]}<\/script>\n<!-- \/ Yoast SEO Premium plugin. -->","yoast_head_json":{"title":"T\u1ea3o V\u00e0ng Spirulina EX Family Nh\u1eadt B\u1ea3n 2000 vi\u00ean - Ly Daily","robots":{"index":"index","follow":"follow","max-snippet":"max-snippet:-1","max-image-preview":"max-image-preview:large","max-video-preview":"max-video-preview:-1"},"canonical":"https:\/\/lydaily.vn\/jp\/san-pham\/tao-vang-spirulina-ex-family-nhat-ban-2000-vien\/","og_locale":"vi_VN","og_type":"article","og_title":"T\u1ea3o V\u00e0ng Spirulina EX Family Nh\u1eadt B\u1ea3n 2000 vi\u00ean","og_description":"Th\u00e0nh ph\u1ea7n: T\u1ea3o Spirulina, Ch\u1ea5t x\u01a1 rau c\u1ee7 qu\u1ea3, Vitamin t\u1ed5ng h\u1ee3p, Collagen C\u00e1 H\u1ed3i.  Quy c\u00e1ch: 2 L\u1ecd x 1000 vi\u00ean x 265mg  D\u1ea1ng vi\u00ean: Vi\u00ean n\u00e9n  Xu\u1ea5t x\u1ee9: Nh\u1eadt B\u1ea3n","og_url":"https:\/\/lydaily.vn\/jp\/san-pham\/tao-vang-spirulina-ex-family-nhat-ban-2000-vien\/","og_site_name":"Ly Daily","article_modified_time":"2026-03-13T05:48:30+00:00","og_image":[{"width":1000,"height":749,"url":"https:\/\/lydaily.vn\/jp\/wp-content\/uploads\/2026\/03\/tao-vang.jpg","type":"image\/jpeg"}],"twitter_card":"summary_large_image","twitter_misc":{"\u01af\u1edbc t\u00ednh th\u1eddi gian \u0111\u1ecdc":"3 ph\u00fat"},"schema":{"@context":"https:\/\/schema.org","@graph":[{"@type":"WebPage","@id":"https:\/\/lydaily.vn\/jp\/san-pham\/tao-vang-spirulina-ex-family-nhat-ban-2000-vien\/","url":"https:\/\/lydaily.vn\/jp\/san-pham\/tao-vang-spirulina-ex-family-nhat-ban-2000-vien\/","name":"T\u1ea3o V\u00e0ng Spirulina EX Family Nh\u1eadt B\u1ea3n 2000 vi\u00ean - Ly Daily","isPartOf":{"@id":"https:\/\/lydaily.vn\/jp\/#website"},"primaryImageOfPage":{"@id":"https:\/\/lydaily.vn\/jp\/san-pham\/tao-vang-spirulina-ex-family-nhat-ban-2000-vien\/#primaryimage"},"image":{"@id":"https:\/\/lydaily.vn\/jp\/san-pham\/tao-vang-spirulina-ex-family-nhat-ban-2000-vien\/#primaryimage"},"thumbnailUrl":"https:\/\/lydaily.vn\/jp\/wp-content\/uploads\/2026\/03\/tao-vang.jpg","datePublished":"2026-03-02T03:48:42+00:00","dateModified":"2026-03-13T05:48:30+00:00","breadcrumb":{"@id":"https:\/\/lydaily.vn\/jp\/san-pham\/tao-vang-spirulina-ex-family-nhat-ban-2000-vien\/#breadcrumb"},"inLanguage":"vi","potentialAction":[{"@type":"ReadAction","target":["https:\/\/lydaily.vn\/jp\/san-pham\/tao-vang-spirulina-ex-family-nhat-ban-2000-vien\/"]}]},{"@type":"ImageObject","inLanguage":"vi","@id":"https:\/\/lydaily.vn\/jp\/san-pham\/tao-vang-spirulina-ex-family-nhat-ban-2000-vien\/#primaryimage","url":"https:\/\/lydaily.vn\/jp\/wp-content\/uploads\/2026\/03\/tao-vang.jpg","contentUrl":"https:\/\/lydaily.vn\/jp\/wp-content\/uploads\/2026\/03\/tao-vang.jpg","width":1000,"height":749},{"@type":"BreadcrumbList","@id":"https:\/\/lydaily.vn\/jp\/san-pham\/tao-vang-spirulina-ex-family-nhat-ban-2000-vien\/#breadcrumb","itemListElement":[{"@type":"ListItem","position":1,"name":"Home","item":"https:\/\/lydaily.vn\/jp\/"},{"@type":"ListItem","position":2,"name":"S\u1ea3n ph\u1ea9m","item":"https:\/\/lydaily.vn\/jp\/san-pham\/"},{"@type":"ListItem","position":3,"name":"T\u1ea3o V\u00e0ng Spirulina EX Family Nh\u1eadt B\u1ea3n 2000 vi\u00ean"}]},{"@type":"WebSite","@id":"https:\/\/lydaily.vn\/jp\/#website","url":"https:\/\/lydaily.vn\/jp\/","name":"Ly Daily","description":"Th\u1ef1c Ph\u1ea9m Ch\u1ee9c N\u0103ng &amp; M\u1ef9 Ph\u1ea9m t\u1ea1i Nh\u1eadt B\u1ea3n v\u00e0 Vi\u1ec7t Nam","potentialAction":[{"@type":"SearchAction","target":{"@type":"EntryPoint","urlTemplate":"https:\/\/lydaily.vn\/jp\/?s={search_term_string}"},"query-input":{"@type":"PropertyValueSpecification","valueRequired":true,"valueName":"search_term_string"}}],"inLanguage":"vi"}]}},"_links":{"self":[{"href":"https:\/\/lydaily.vn\/jp\/wp-json\/wp\/v2\/product\/279","targetHints":{"allow":["GET"]}}],"collection":[{"href":"https:\/\/lydaily.vn\/jp\/wp-json\/wp\/v2\/product"}],"about":[{"href":"https:\/\/lydaily.vn\/jp\/wp-json\/wp\/v2\/types\/product"}],"replies":[{"embeddable":true,"href":"https:\/\/lydaily.vn\/jp\/wp-json\/wp\/v2\/comments?post=279"}],"wp:featuredmedia":[{"embeddable":true,"href":"https:\/\/lydaily.vn\/jp\/wp-json\/wp\/v2\/media\/280"}],"wp:attachment":[{"href":"https:\/\/lydaily.vn\/jp\/wp-json\/wp\/v2\/media?parent=279"}],"wp:term":[{"taxonomy":"product_brand","embeddable":true,"href":"https:\/\/lydaily.vn\/jp\/wp-json\/wp\/v2\/product_brand?post=279"},{"taxonomy":"product_cat","embeddable":true,"href":"https:\/\/lydaily.vn\/jp\/wp-json\/wp\/v2\/product_cat?post=279"},{"taxonomy":"product_tag","embeddable":true,"href":"https:\/\/lydaily.vn\/jp\/wp-json\/wp\/v2\/product_tag?post=279"}],"curies":[{"name":"wp","href":"https:\/\/api.w.org\/{rel}","templated":true}]}}