{"id":277,"date":"2026-03-02T03:45:33","date_gmt":"2026-03-02T03:45:33","guid":{"rendered":"https:\/\/lydaily.qweb.com.vn\/?post_type=product&#038;p=277"},"modified":"2026-03-13T05:47:47","modified_gmt":"2026-03-13T05:47:47","slug":"ginkgo-leaf-ho-tro-tang-cuong-tuan-hoan-mau-nao-cai-thien-tri-nho","status":"publish","type":"product","link":"https:\/\/lydaily.vn\/jp\/san-pham\/ginkgo-leaf-ho-tro-tang-cuong-tuan-hoan-mau-nao-cai-thien-tri-nho\/","title":{"rendered":"Ginkgo Leaf h\u1ed7 tr\u1ee3 t\u0103ng c\u01b0\u1eddng tu\u1ea7n ho\u00e0n m\u00e1u n\u00e3o, c\u1ea3i thi\u1ec7n tr\u00ed nh\u1edb"},"content":{"rendered":"<h2><span id=\"Cong_dung_cua_Ginkgo_Leaf\"><strong>C\u00f4ng d\u1ee5ng c\u1ee7a Ginkgo Leaf<\/strong><\/span><\/h2>\n<blockquote><p><strong>Ginkgo Leaf\u00a0<\/strong>h\u1ed7 tr\u1ee3 t\u0103ng c\u01b0\u1eddng tu\u1ea7n ho\u00e0n m\u00e1u n\u00e3o. H\u1ed7 tr\u1ee3 c\u1ea3i thi\u1ec7n tr\u00ed nh\u1edb.<\/p><\/blockquote>\n<p><em>L\u01b0u \u00fd: S\u1ea3n ph\u1ea9m l\u00e0\u00a0<\/em><em>th\u1ef1c ph\u1ea9m b\u1ea3o v\u1ec7 s\u1ee9c kho\u1ebb<\/em><em>\u00a0\u0111\u00e3 \u0111\u01b0\u1ee3c C\u1ee5c ATTP \u2013 B\u1ed9 Y t\u1ebf c\u1ea5p ph\u00e9p l\u01b0u h\u00e0nh to\u00e0n qu\u1ed1c, kh\u00f4ng ph\u1ea3i l\u00e0 thu\u1ed1c, kh\u00f4ng c\u00f3 t\u00e1c d\u1ee5ng thay th\u1ebf thu\u1ed1c ch\u1eefa b\u1ec7nh.<\/em><\/p>\n<h2><span id=\"Doi_tuong_su_dung_Ginkgo_Leaf\"><strong>\u0110\u1ed1i t\u01b0\u1ee3ng s\u1eed d\u1ee5ng Ginkgo Leaf<\/strong><\/span><\/h2>\n<p><strong>Ginkgo Leaf\u00a0<\/strong>th\u00edch h\u1ee3p s\u1eed d\u1ee5ng: Ng\u01b0\u1eddi tr\u01b0\u1edfng th\u00e0nh.<\/p>\n<h2><span id=\"Huong_dan_su_dung_Ginkgo_Leaf\"><strong>H\u01b0\u1edbng d\u1eabn s\u1eed d\u1ee5ng Ginkgo Leaf<\/strong><\/span><\/h2>\n<h3><strong>C\u00e1ch d\u00f9ng:<\/strong><\/h3>\n<ul>\n<li>S\u1ea3n ph\u1ea9m d\u00f9ng \u0111\u01b0\u1eddng u\u1ed1ng.<\/li>\n<\/ul>\n<h3><strong>Li\u1ec1u l\u01b0\u1ee3ng:<\/strong><\/h3>\n<ul>\n<li>U\u1ed1ng 2 vi\u00ean m\u1ed7i ng\u00e0y v\u1edbi n\u01b0\u1edbc. D\u00f9ng trong 30 ng\u00e0y.<\/li>\n<\/ul>\n<h2><span id=\"Thanh_phan_cua_Ginkgo_Leaf\"><strong>Th\u00e0nh ph\u1ea7n c\u1ee7a Ginkgo Leaf<\/strong><\/span><\/h2>\n<div class=\"dgm_product_in_product\">\n<div class=\"row wrap small\">\n<div class=\"col-85 tb-col-75 mb-col-65\">\n<p>Citi-Active, h\u1ed7 tr\u1ee3 t\u0103ng c\u01b0\u1eddng tu\u1ea7n ho\u00e0n m\u00e1u n\u00e3o, c\u1ea3i thi\u1ec7n tr\u00ed nh\u1edb<\/p>\n<div class=\"more\">C\u00f4ng d\u1ee5ng c\u1ee7a Citi-Active Citi-Active\u00a0h\u1ed7 tr\u1ee3 t\u0103ng tu\u1ea7n ho\u00e0n m\u00e1u n\u00e3o. H\u1ed7 tr\u1ee3 c\u1ea3i thi\u1ec7n&#8230;<\/div>\n<\/div>\n<\/div>\n<\/div>\n<p><strong>Ginkgo Leaf\u00a0<\/strong>g\u1ed3m nh\u1eefng th\u00e0nh ph\u1ea7n ch\u00ednh nh\u01b0 l\u00e0:<\/p>\n<p>D\u1ea7u h\u1ea1t lanh 81,67mg<\/p>\n<p>Chi\u1ebft xu\u1ea5t l\u00e1\u00a0b\u1ea1ch qu\u1ea3\u00a0(Ginkgo biloba) 70 mg (T\u01b0\u01a1ng \u0111\u01b0\u01a1ng v\u1edbi Flavonoid glycoside 14,4 mg Terpene lactone 3,6mg)<\/p>\n<p>D\u1ea7u tinh luy\u1ec7n ch\u1ee9a\u00a0DHA\u00a036,6mg<\/p>\n<p>D\u1ea7u tinh luy\u1ec7n c\u00f3 ch\u1ee9a\u00a0EPA\u00a027,45mg<\/p>\n<p>Vitamin B12\u00a0(Cyanocobalamin, Maltodextrin, Triso- dium Citrate, Citric acid) (Cyanocobalamin 6,36 mcg) 7,5mg<\/p>\n<p>Chi\u1ebft xu\u1ea5t h\u1ed3 ti\u00eau d\u00e0i 3mg<\/p>\n<p>A-GPC (Glycerylphosphorylcho- line)0,98m<\/p>\n<p>Ph\u1ee5 li\u1ec7u: Th\u1ef1c ph\u1ea9m ch\u1ebf bi\u1ebfn c\u00f3 ch\u1ee9a phosphat- dylserine; Ch\u1ea5t nh\u0169 h\u00f3a (Canxi stearate); V\u1ecf nang (Gelatin); Ch\u1ea5t l\u00e0m \u1ea9m (Glycerin); Ch\u1ea5t t\u1ea1o m\u00e0u t\u1ef1 nhi\u00ean (s\u1eafc t\u1ed1 Cacao).<\/p>\n<h2><span id=\"Luu_y_su_dung_Ginkgo_Leaf\"><strong>L\u01b0u \u00fd s\u1eed d\u1ee5ng Ginkgo Leaf<\/strong><\/span><\/h2>\n<ul>\n<li>Kh\u00f4ng s\u1eed d\u1ee5ng cho ng\u01b0\u1eddi m\u1eabn c\u1ea3m ki\u00eang k\u1ecb v\u1edbi b\u1ea5t c\u1ee9 th\u00e0nh ph\u1ea7n n\u00e0o c\u1ee7a s\u1ea3n ph\u1ea9m.<\/li>\n<li>Gi\u1eef ch\u1ebf \u0111\u1ed9 \u0103n u\u1ed1ng c\u00e2n b\u1eb1ng d\u1ef1a tr\u00ean th\u1ef1c ph\u1ea9m ch\u00ednh, m\u00f3n \u0103n ch\u00ednh v\u00e0 m\u00f3n \u0103n ph\u1ee5.<\/li>\n<li>Vui l\u00f2ng s\u1eed d\u1ee5ng theo l\u01b0\u1ee3ng khuy\u1ebfn ngh\u1ecb h\u00e0ng ng\u00e0y.<\/li>\n<li>S\u1ea3n ph\u1ea9m n\u00e0y kh\u00f4ng ch\u1eefa b\u1ec7nh ho\u1eb7c t\u0103ng c\u01b0\u1eddng s\u1ee9c kh\u1ecfe b\u1eb1ng c\u00e1ch u\u1ed1ng li\u1ec1u l\u01b0\u1ee3ng l\u1edbn.<\/li>\n<li>Nh\u1eefng ng\u01b0\u1eddi \u0111ang d\u00f9ng thu\u1ed1c ch\u1ed1ng \u0111\u00f4ng m\u00e1u nh\u01b0 warfarin n\u00ean tr\u00e1nh d\u00f9ng s\u1ea3n ph\u1ea9m n\u00e0y.<\/li>\n<li>N\u1ebfu b\u1ecb d\u1ecb \u1ee9ng, vui l\u00f2ng ki\u1ec3m tra th\u00e0nh ph\u1ea7n.<\/li>\n<li>N\u1ebfu c\u00f3 v\u1ea5n \u0111\u1ec1 v\u1ec1 t\u00ecnh tr\u1ea1ng th\u1ec3 ch\u1ea5t, \u0111ang \u0111i\u1ec1u tr\u1ecb b\u1ec7nh, \u0111ang mang thai ho\u1eb7c cho con b\u00fa, vui l\u00f2ng tham kh\u1ea3o \u00fd ki\u1ebfn chuy\u00ean gia y t\u1ebf.<\/li>\n<li>Kh\u00f4ng d\u00f9ng qu\u00e1 li\u1ec1u l\u01b0\u1ee3ng khuy\u1ebfn c\u00e1o.<\/li>\n<li>\u0110\u1ecdc k\u0129 h\u01b0\u1edbng d\u1eabn s\u1eed d\u1ee5ng tr\u01b0\u1edbc khi d\u00f9ng.<\/li>\n<\/ul>\n<p><em>Th\u1ef1c ph\u1ea9m<\/em><strong><em>\u00a0Ginkgo Leaf\u00a0<\/em><\/strong><em>kh\u00f4ng ph\u1ea3i l\u00e0 thu\u1ed1c v\u00e0 kh\u00f4ng c\u00f3 t\u00e1c d\u1ee5ng thay th\u1ebf thu\u1ed1c ch\u1eefa b\u1ec7nh.<\/em><\/p>\n<h2><\/h2>\n","protected":false},"excerpt":{"rendered":"<p><em>B\u1ed5 n\u00e3o Noguchi Premium \u1ee9ng d\u1ee5ng c\u00f4ng ngh\u1ec7 chi\u1ebft xu\u1ea5t ti\u00ean ti\u1ebfn, chu\u1ea9n h\u00f3a h\u00e0m l\u01b0\u1ee3ng ho\u1ea1t ch\u1ea5t Flavonoid glycoside v\u00e0 Terpen lactone, k\u1ebft h\u1ee3p c\u00f9ng DHA, EPA, Phosphatidylserine v\u00e0 \u03b1-GPC, h\u1ed7 tr\u1ee3 s\u1ee9c kh\u1ecfe n\u00e3o b\u1ed9.<\/em><\/p>\n<ul>\n<li>Th\u01b0\u01a1ng hi\u1ec7u: Noguchi<\/li>\n<li>Xu\u1ea5t x\u1ee9: Nh\u1eadt B\u1ea3n<\/li>\n<li>Quy c\u00e1ch: 60 vi\u00ean<\/li>\n<\/ul>\n","protected":false},"featured_media":278,"comment_status":"open","ping_status":"closed","template":"","meta":[],"product_brand":[],"product_cat":[21],"product_tag":[],"class_list":{"0":"post-277","1":"product","2":"type-product","3":"status-publish","4":"has-post-thumbnail","6":"product_cat-thuc-pham-chuc-nang","8":"first","9":"instock","10":"shipping-taxable","11":"purchasable","12":"product-type-simple"},"yoast_head":"<!-- This site is optimized with the Yoast SEO Premium plugin v22.3 (Yoast SEO v27.1.1) - https:\/\/yoast.com\/product\/yoast-seo-premium-wordpress\/ -->\n<title>Ginkgo Leaf h\u1ed7 tr\u1ee3 t\u0103ng c\u01b0\u1eddng tu\u1ea7n ho\u00e0n m\u00e1u n\u00e3o, c\u1ea3i thi\u1ec7n tr\u00ed nh\u1edb - Ly Daily<\/title>\n<meta name=\"robots\" content=\"index, follow, max-snippet:-1, max-image-preview:large, max-video-preview:-1\" \/>\n<link rel=\"canonical\" href=\"https:\/\/lydaily.vn\/jp\/san-pham\/ginkgo-leaf-ho-tro-tang-cuong-tuan-hoan-mau-nao-cai-thien-tri-nho\/\" \/>\n<meta property=\"og:locale\" content=\"vi_VN\" \/>\n<meta property=\"og:type\" content=\"article\" \/>\n<meta property=\"og:title\" content=\"Ginkgo Leaf h\u1ed7 tr\u1ee3 t\u0103ng c\u01b0\u1eddng tu\u1ea7n ho\u00e0n m\u00e1u n\u00e3o, c\u1ea3i thi\u1ec7n tr\u00ed nh\u1edb\" \/>\n<meta property=\"og:description\" content=\"B\u1ed5 n\u00e3o Noguchi Premium \u1ee9ng d\u1ee5ng c\u00f4ng ngh\u1ec7 chi\u1ebft xu\u1ea5t ti\u00ean ti\u1ebfn, chu\u1ea9n h\u00f3a h\u00e0m l\u01b0\u1ee3ng ho\u1ea1t ch\u1ea5t Flavonoid glycoside v\u00e0 Terpen lactone, k\u1ebft h\u1ee3p c\u00f9ng DHA, EPA, Phosphatidylserine v\u00e0 \u03b1-GPC, h\u1ed7 tr\u1ee3 s\u1ee9c kh\u1ecfe n\u00e3o b\u1ed9.   Th\u01b0\u01a1ng hi\u1ec7u: Noguchi  Xu\u1ea5t x\u1ee9: Nh\u1eadt B\u1ea3n  Quy c\u00e1ch: 60 vi\u00ean\" \/>\n<meta property=\"og:url\" content=\"https:\/\/lydaily.vn\/jp\/san-pham\/ginkgo-leaf-ho-tro-tang-cuong-tuan-hoan-mau-nao-cai-thien-tri-nho\/\" \/>\n<meta property=\"og:site_name\" content=\"Ly Daily\" \/>\n<meta property=\"article:modified_time\" content=\"2026-03-13T05:47:47+00:00\" \/>\n<meta property=\"og:image\" content=\"https:\/\/lydaily.vn\/jp\/wp-content\/uploads\/2026\/03\/Ginkgo-Leaf-ho-tro-tang-cuong-tuan-hoan-mau-nao-cai-thien-tri-nho.jpg\" \/>\n\t<meta property=\"og:image:width\" content=\"700\" \/>\n\t<meta property=\"og:image:height\" content=\"700\" \/>\n\t<meta property=\"og:image:type\" content=\"image\/jpeg\" \/>\n<meta name=\"twitter:card\" content=\"summary_large_image\" \/>\n<meta name=\"twitter:label1\" content=\"\u01af\u1edbc t\u00ednh th\u1eddi gian \u0111\u1ecdc\" \/>\n\t<meta name=\"twitter:data1\" content=\"3 ph\u00fat\" \/>\n<script type=\"application\/ld+json\" class=\"yoast-schema-graph\">{\"@context\":\"https:\/\/schema.org\",\"@graph\":[{\"@type\":\"WebPage\",\"@id\":\"https:\/\/lydaily.vn\/jp\/san-pham\/ginkgo-leaf-ho-tro-tang-cuong-tuan-hoan-mau-nao-cai-thien-tri-nho\/\",\"url\":\"https:\/\/lydaily.vn\/jp\/san-pham\/ginkgo-leaf-ho-tro-tang-cuong-tuan-hoan-mau-nao-cai-thien-tri-nho\/\",\"name\":\"Ginkgo Leaf h\u1ed7 tr\u1ee3 t\u0103ng c\u01b0\u1eddng tu\u1ea7n ho\u00e0n m\u00e1u n\u00e3o, c\u1ea3i thi\u1ec7n tr\u00ed nh\u1edb - Ly Daily\",\"isPartOf\":{\"@id\":\"https:\/\/lydaily.vn\/jp\/#website\"},\"primaryImageOfPage\":{\"@id\":\"https:\/\/lydaily.vn\/jp\/san-pham\/ginkgo-leaf-ho-tro-tang-cuong-tuan-hoan-mau-nao-cai-thien-tri-nho\/#primaryimage\"},\"image\":{\"@id\":\"https:\/\/lydaily.vn\/jp\/san-pham\/ginkgo-leaf-ho-tro-tang-cuong-tuan-hoan-mau-nao-cai-thien-tri-nho\/#primaryimage\"},\"thumbnailUrl\":\"https:\/\/lydaily.vn\/jp\/wp-content\/uploads\/2026\/03\/Ginkgo-Leaf-ho-tro-tang-cuong-tuan-hoan-mau-nao-cai-thien-tri-nho.jpg\",\"datePublished\":\"2026-03-02T03:45:33+00:00\",\"dateModified\":\"2026-03-13T05:47:47+00:00\",\"breadcrumb\":{\"@id\":\"https:\/\/lydaily.vn\/jp\/san-pham\/ginkgo-leaf-ho-tro-tang-cuong-tuan-hoan-mau-nao-cai-thien-tri-nho\/#breadcrumb\"},\"inLanguage\":\"vi\",\"potentialAction\":[{\"@type\":\"ReadAction\",\"target\":[\"https:\/\/lydaily.vn\/jp\/san-pham\/ginkgo-leaf-ho-tro-tang-cuong-tuan-hoan-mau-nao-cai-thien-tri-nho\/\"]}]},{\"@type\":\"ImageObject\",\"inLanguage\":\"vi\",\"@id\":\"https:\/\/lydaily.vn\/jp\/san-pham\/ginkgo-leaf-ho-tro-tang-cuong-tuan-hoan-mau-nao-cai-thien-tri-nho\/#primaryimage\",\"url\":\"https:\/\/lydaily.vn\/jp\/wp-content\/uploads\/2026\/03\/Ginkgo-Leaf-ho-tro-tang-cuong-tuan-hoan-mau-nao-cai-thien-tri-nho.jpg\",\"contentUrl\":\"https:\/\/lydaily.vn\/jp\/wp-content\/uploads\/2026\/03\/Ginkgo-Leaf-ho-tro-tang-cuong-tuan-hoan-mau-nao-cai-thien-tri-nho.jpg\",\"width\":700,\"height\":700},{\"@type\":\"BreadcrumbList\",\"@id\":\"https:\/\/lydaily.vn\/jp\/san-pham\/ginkgo-leaf-ho-tro-tang-cuong-tuan-hoan-mau-nao-cai-thien-tri-nho\/#breadcrumb\",\"itemListElement\":[{\"@type\":\"ListItem\",\"position\":1,\"name\":\"Home\",\"item\":\"https:\/\/lydaily.vn\/jp\/\"},{\"@type\":\"ListItem\",\"position\":2,\"name\":\"S\u1ea3n ph\u1ea9m\",\"item\":\"https:\/\/lydaily.vn\/jp\/san-pham\/\"},{\"@type\":\"ListItem\",\"position\":3,\"name\":\"Ginkgo Leaf h\u1ed7 tr\u1ee3 t\u0103ng c\u01b0\u1eddng tu\u1ea7n ho\u00e0n m\u00e1u n\u00e3o, c\u1ea3i thi\u1ec7n tr\u00ed nh\u1edb\"}]},{\"@type\":\"WebSite\",\"@id\":\"https:\/\/lydaily.vn\/jp\/#website\",\"url\":\"https:\/\/lydaily.vn\/jp\/\",\"name\":\"Ly Daily\",\"description\":\"Th\u1ef1c Ph\u1ea9m Ch\u1ee9c N\u0103ng &amp; M\u1ef9 Ph\u1ea9m t\u1ea1i Nh\u1eadt B\u1ea3n v\u00e0 Vi\u1ec7t Nam\",\"potentialAction\":[{\"@type\":\"SearchAction\",\"target\":{\"@type\":\"EntryPoint\",\"urlTemplate\":\"https:\/\/lydaily.vn\/jp\/?s={search_term_string}\"},\"query-input\":{\"@type\":\"PropertyValueSpecification\",\"valueRequired\":true,\"valueName\":\"search_term_string\"}}],\"inLanguage\":\"vi\"}]}<\/script>\n<!-- \/ Yoast SEO Premium plugin. -->","yoast_head_json":{"title":"Ginkgo Leaf h\u1ed7 tr\u1ee3 t\u0103ng c\u01b0\u1eddng tu\u1ea7n ho\u00e0n m\u00e1u n\u00e3o, c\u1ea3i thi\u1ec7n tr\u00ed nh\u1edb - Ly Daily","robots":{"index":"index","follow":"follow","max-snippet":"max-snippet:-1","max-image-preview":"max-image-preview:large","max-video-preview":"max-video-preview:-1"},"canonical":"https:\/\/lydaily.vn\/jp\/san-pham\/ginkgo-leaf-ho-tro-tang-cuong-tuan-hoan-mau-nao-cai-thien-tri-nho\/","og_locale":"vi_VN","og_type":"article","og_title":"Ginkgo Leaf h\u1ed7 tr\u1ee3 t\u0103ng c\u01b0\u1eddng tu\u1ea7n ho\u00e0n m\u00e1u n\u00e3o, c\u1ea3i thi\u1ec7n tr\u00ed nh\u1edb","og_description":"B\u1ed5 n\u00e3o Noguchi Premium \u1ee9ng d\u1ee5ng c\u00f4ng ngh\u1ec7 chi\u1ebft xu\u1ea5t ti\u00ean ti\u1ebfn, chu\u1ea9n h\u00f3a h\u00e0m l\u01b0\u1ee3ng ho\u1ea1t ch\u1ea5t Flavonoid glycoside v\u00e0 Terpen lactone, k\u1ebft h\u1ee3p c\u00f9ng DHA, EPA, Phosphatidylserine v\u00e0 \u03b1-GPC, h\u1ed7 tr\u1ee3 s\u1ee9c kh\u1ecfe n\u00e3o b\u1ed9.   Th\u01b0\u01a1ng hi\u1ec7u: Noguchi  Xu\u1ea5t x\u1ee9: Nh\u1eadt B\u1ea3n  Quy c\u00e1ch: 60 vi\u00ean","og_url":"https:\/\/lydaily.vn\/jp\/san-pham\/ginkgo-leaf-ho-tro-tang-cuong-tuan-hoan-mau-nao-cai-thien-tri-nho\/","og_site_name":"Ly Daily","article_modified_time":"2026-03-13T05:47:47+00:00","og_image":[{"width":700,"height":700,"url":"https:\/\/lydaily.vn\/jp\/wp-content\/uploads\/2026\/03\/Ginkgo-Leaf-ho-tro-tang-cuong-tuan-hoan-mau-nao-cai-thien-tri-nho.jpg","type":"image\/jpeg"}],"twitter_card":"summary_large_image","twitter_misc":{"\u01af\u1edbc t\u00ednh th\u1eddi gian \u0111\u1ecdc":"3 ph\u00fat"},"schema":{"@context":"https:\/\/schema.org","@graph":[{"@type":"WebPage","@id":"https:\/\/lydaily.vn\/jp\/san-pham\/ginkgo-leaf-ho-tro-tang-cuong-tuan-hoan-mau-nao-cai-thien-tri-nho\/","url":"https:\/\/lydaily.vn\/jp\/san-pham\/ginkgo-leaf-ho-tro-tang-cuong-tuan-hoan-mau-nao-cai-thien-tri-nho\/","name":"Ginkgo Leaf h\u1ed7 tr\u1ee3 t\u0103ng c\u01b0\u1eddng tu\u1ea7n ho\u00e0n m\u00e1u n\u00e3o, c\u1ea3i thi\u1ec7n tr\u00ed nh\u1edb - Ly Daily","isPartOf":{"@id":"https:\/\/lydaily.vn\/jp\/#website"},"primaryImageOfPage":{"@id":"https:\/\/lydaily.vn\/jp\/san-pham\/ginkgo-leaf-ho-tro-tang-cuong-tuan-hoan-mau-nao-cai-thien-tri-nho\/#primaryimage"},"image":{"@id":"https:\/\/lydaily.vn\/jp\/san-pham\/ginkgo-leaf-ho-tro-tang-cuong-tuan-hoan-mau-nao-cai-thien-tri-nho\/#primaryimage"},"thumbnailUrl":"https:\/\/lydaily.vn\/jp\/wp-content\/uploads\/2026\/03\/Ginkgo-Leaf-ho-tro-tang-cuong-tuan-hoan-mau-nao-cai-thien-tri-nho.jpg","datePublished":"2026-03-02T03:45:33+00:00","dateModified":"2026-03-13T05:47:47+00:00","breadcrumb":{"@id":"https:\/\/lydaily.vn\/jp\/san-pham\/ginkgo-leaf-ho-tro-tang-cuong-tuan-hoan-mau-nao-cai-thien-tri-nho\/#breadcrumb"},"inLanguage":"vi","potentialAction":[{"@type":"ReadAction","target":["https:\/\/lydaily.vn\/jp\/san-pham\/ginkgo-leaf-ho-tro-tang-cuong-tuan-hoan-mau-nao-cai-thien-tri-nho\/"]}]},{"@type":"ImageObject","inLanguage":"vi","@id":"https:\/\/lydaily.vn\/jp\/san-pham\/ginkgo-leaf-ho-tro-tang-cuong-tuan-hoan-mau-nao-cai-thien-tri-nho\/#primaryimage","url":"https:\/\/lydaily.vn\/jp\/wp-content\/uploads\/2026\/03\/Ginkgo-Leaf-ho-tro-tang-cuong-tuan-hoan-mau-nao-cai-thien-tri-nho.jpg","contentUrl":"https:\/\/lydaily.vn\/jp\/wp-content\/uploads\/2026\/03\/Ginkgo-Leaf-ho-tro-tang-cuong-tuan-hoan-mau-nao-cai-thien-tri-nho.jpg","width":700,"height":700},{"@type":"BreadcrumbList","@id":"https:\/\/lydaily.vn\/jp\/san-pham\/ginkgo-leaf-ho-tro-tang-cuong-tuan-hoan-mau-nao-cai-thien-tri-nho\/#breadcrumb","itemListElement":[{"@type":"ListItem","position":1,"name":"Home","item":"https:\/\/lydaily.vn\/jp\/"},{"@type":"ListItem","position":2,"name":"S\u1ea3n ph\u1ea9m","item":"https:\/\/lydaily.vn\/jp\/san-pham\/"},{"@type":"ListItem","position":3,"name":"Ginkgo Leaf h\u1ed7 tr\u1ee3 t\u0103ng c\u01b0\u1eddng tu\u1ea7n ho\u00e0n m\u00e1u n\u00e3o, c\u1ea3i thi\u1ec7n tr\u00ed nh\u1edb"}]},{"@type":"WebSite","@id":"https:\/\/lydaily.vn\/jp\/#website","url":"https:\/\/lydaily.vn\/jp\/","name":"Ly Daily","description":"Th\u1ef1c Ph\u1ea9m Ch\u1ee9c N\u0103ng &amp; M\u1ef9 Ph\u1ea9m t\u1ea1i Nh\u1eadt B\u1ea3n v\u00e0 Vi\u1ec7t Nam","potentialAction":[{"@type":"SearchAction","target":{"@type":"EntryPoint","urlTemplate":"https:\/\/lydaily.vn\/jp\/?s={search_term_string}"},"query-input":{"@type":"PropertyValueSpecification","valueRequired":true,"valueName":"search_term_string"}}],"inLanguage":"vi"}]}},"_links":{"self":[{"href":"https:\/\/lydaily.vn\/jp\/wp-json\/wp\/v2\/product\/277","targetHints":{"allow":["GET"]}}],"collection":[{"href":"https:\/\/lydaily.vn\/jp\/wp-json\/wp\/v2\/product"}],"about":[{"href":"https:\/\/lydaily.vn\/jp\/wp-json\/wp\/v2\/types\/product"}],"replies":[{"embeddable":true,"href":"https:\/\/lydaily.vn\/jp\/wp-json\/wp\/v2\/comments?post=277"}],"wp:featuredmedia":[{"embeddable":true,"href":"https:\/\/lydaily.vn\/jp\/wp-json\/wp\/v2\/media\/278"}],"wp:attachment":[{"href":"https:\/\/lydaily.vn\/jp\/wp-json\/wp\/v2\/media?parent=277"}],"wp:term":[{"taxonomy":"product_brand","embeddable":true,"href":"https:\/\/lydaily.vn\/jp\/wp-json\/wp\/v2\/product_brand?post=277"},{"taxonomy":"product_cat","embeddable":true,"href":"https:\/\/lydaily.vn\/jp\/wp-json\/wp\/v2\/product_cat?post=277"},{"taxonomy":"product_tag","embeddable":true,"href":"https:\/\/lydaily.vn\/jp\/wp-json\/wp\/v2\/product_tag?post=277"}],"curies":[{"name":"wp","href":"https:\/\/api.w.org\/{rel}","templated":true}]}}