{"id":275,"date":"2026-03-02T03:42:31","date_gmt":"2026-03-02T03:42:31","guid":{"rendered":"https:\/\/lydaily.qweb.com.vn\/?post_type=product&#038;p=275"},"modified":"2026-03-13T05:47:06","modified_gmt":"2026-03-13T05:47:06","slug":"vien-uong-dau-nhuyen-the-nam-cuc-800mg-kori-pure-antarctic-krill-oil-multi-benefit-omega-3-800-mg-120-vien","status":"publish","type":"product","link":"https:\/\/lydaily.vn\/jp\/san-pham\/vien-uong-dau-nhuyen-the-nam-cuc-800mg-kori-pure-antarctic-krill-oil-multi-benefit-omega-3-800-mg-120-vien\/","title":{"rendered":"VI\u00caN U\u1ed0NG D\u1ea6U NHUY\u1ec4N TH\u1ec2 NAM C\u1ef0C 800MG &#8211; KORI PURE ANTARCTIC KRILL OIL MULTI-BENEFIT OMEGA-3, 800 MG (120 VI\u00caN)"},"content":{"rendered":"<p><strong>Kori Pure Antarctic Krill Oil Multi-Benefit Omega-3\u00a0<\/strong>&#8211;<strong>\u00a0<\/strong>Kori Krill Oil l\u00e0 si\u00eau th\u1ef1c ph\u1ea9m Omega-3 v\u1edbi nhi\u1ec1u ch\u1ea5t dinh d\u01b0\u1ee1ng \u1edf d\u1ea1ng t\u1ef1 nhi\u00ean nh\u1ea5t v\u00e0 t\u1ed1t nh\u1ea5t\u00a0cho s\u1ee9c kh\u1ecfe to\u00e0n th\u00e2n c\u1ee7a b\u1ea1n. H\u1ea7u h\u1ebft ch\u00fang ta kh\u00f4ng \u0103n \u0111\u1ee7 h\u00e0i s\u1ea3n gi\u00e0u Omega-3, \u0111\u00f3 l\u00e0 l\u00fd do Kori Krill Oil lu\u00f4n cung c\u1ea5p nhi\u1ec1u d\u01b0\u1ee1ng ch\u1ea5t EPA &amp; DHA Omega-3, s\u1ea3n ph\u1ea9m gi\u00fap\u00a0h\u1ed7 tr\u1ee3 tim, n\u00e3o, kh\u1edbp, m\u1eaft, da v\u00e0 s\u1ee9c kh\u1ecfe mi\u1ec5n d\u1ecbch. S\u1ea3n ph\u1ea9m\u00a0d\u00e0nh cho ng\u01b0\u1eddi l\u1edbn v\u00e0 \u0111\u00e3 \u0111\u01b0\u1ee3c ch\u1ee9ng minh l\u00e2m s\u00e0ng gi\u00fap t\u0103ng m\u1ee9c Omega-3.<\/p>\n<p><strong>D\u1ea1ng Omega-3 t\u1ef1 nhi\u00ean nh\u1ea5t<\/strong><\/p>\n<p>Kori Krill Oil c\u00f3 kh\u1ea3 n\u0103ng h\u1ea5p th\u1ee5 Omega-3 v\u01b0\u1ee3t tr\u1ed9i so v\u1edbi d\u1ea7u c\u00e1 v\u00ec n\u00f3 cung c\u1ea5p Omega-3 \u1edf d\u1ea1ng phospholipid t\u1ef1 nhi\u00ean nh\u1ea5t c\u1ee7a ch\u00fang, gi\u1ed1ng nh\u01b0 b\u1ea1n t\u00ecm th\u1ea5y trong ch\u1ebf \u0111\u1ed9 \u0103n u\u1ed1ng l\u00e0nh m\u1ea1nh c\u1ee7a c\u00e1, trong khi \u0111\u00f3 d\u1ea7u c\u00e1 b\u1ecb m\u1ea5t phospholipid trong qu\u00e1 tr\u00ecnh ch\u1ebf bi\u1ebfn.\u00a0Kori Krill Oil \u1edf d\u1ea1ng t\u1ef1 nhi\u00ean n\u00e0y c\u0169ng d\u1ec5 ti\u00eau h\u00f3a h\u01a1n trong c\u01a1 th\u1ec3 ch\u00fang ta, v\u00ec v\u1eady kh\u00f4ng c\u00f3 d\u01b0 v\u1ecb tanh nh\u01b0 nhi\u1ec1u lo\u1ea1i d\u1ea7u c\u00e1.<\/p>\n<p><strong>T\u1ef1 nhi\u00ean v\u1edbi nhi\u1ec1u ch\u1ea5t dinh d\u01b0\u1ee1ng h\u01a1n<\/strong><\/p>\n<p>Kh\u00f4ng ch\u1ec9 l\u00e0 Omega-3 th\u00f4ng th\u01b0\u1eddng c\u1ee7a b\u1ea1n, Kori Krill Oil t\u1ef1 nhi\u00ean l\u00e0 m\u1ed9t ngu\u1ed3n cung c\u1ea5p ch\u1ea5t dinh d\u01b0\u1ee1ng thi\u1ebft y\u1ebfu choline, h\u1ed7 tr\u1ee3 s\u1ee9c kh\u1ecfe c\u1ee7a n\u00e3o v\u00e0 h\u1ec7 th\u1ea7n kinh, \u0111\u1ed3ng th\u1eddi n\u00f3 c\u00f3 astaxanthin, m\u1ed9t ch\u1ea5t ch\u1ed1ng oxy h\u00f3a m\u1ea1nh m\u1ebd mang l\u1ea1i m\u00e0u \u0111\u1ecf t\u1ef1 nhi\u00ean cho Kori.<\/p>\n<p><strong>Ch\u1ea5t l\u01b0\u1ee3ng b\u1ea1n c\u00f3 th\u1ec3 tin t\u01b0\u1edfng<\/strong><\/p>\n<p>Trong khi nhi\u1ec1u lo\u1ea1i d\u1ea7u c\u00e1 y\u00eau c\u1ea7u th\u00eam ch\u1ea5t b\u1ea3o qu\u1ea3n \u0111\u1ec3 che gi\u1ea5u v\u1ecb tanh, th\u00ec Kori Krill Oil \u0111\u01b0\u1ee3c s\u1ea3n xu\u1ea5t b\u1eb1ng d\u1ea7u nhuy\u1ec5n th\u1ec3 kh\u00f4ng bi\u1ebfn \u0111\u1ed5i gen,\u00a0kh\u00f4ng c\u00f3 h\u01b0\u01a1ng v\u1ecb nh\u00e2n t\u1ea1o, m\u00e0u s\u1eafc ho\u1eb7c ch\u1ea5t b\u1ea3o qu\u1ea3n \u0111\u01b0\u1ee3c th\u00eam v\u00e0o, n\u00f3 kh\u00f4ng ch\u1ee9a gluten v\u00e0 s\u1eefa.<\/p>\n<p><strong>Ch\u1ee9ng nh\u1eadn b\u1ec1n v\u1eefng<\/strong><\/p>\n<p>S\u1ea3n ph\u1ea9m \u0111\u01b0\u1ee3c cung c\u1ea5p t\u1eeb nh\u00e0 cung c\u1ea5p d\u1ea7u nhuy\u1ec5n th\u1ec3 s\u1ed1 #1 to\u00e0n c\u1ea7u, l\u00e0 ng\u00e0nh \u0111\u00e1nh b\u1eaft c\u00e1 to\u00e0n c\u1ea7u duy nh\u1ea5t \u0111\u1ea1t \u0111\u01b0\u1ee3c x\u1ebfp h\u1ea1ng &#8216;A&#8217; v\u00e0 trong b\u1ea3y n\u0103m ho\u1ea1t \u0111\u1ed9ng.<\/p>\n<p><strong>\u0110i\u1ec3m n\u1ed5i b\u1eadt<\/strong><\/p>\n<div>\n<ul>\n<li>D\u1ea7u nhuy\u1ec5n th\u1ec3 \u0111\u01b0\u1ee3c ch\u1ee9ng minh l\u00e2m s\u00e0ng \u0111\u1ec3 t\u0103ng m\u1ee9c Omega-3<\/li>\n<li>Si\u00eau th\u1ef1c ph\u1ea9m Omega v\u1edbi d\u1ea1ng Omega-3 t\u1ef1 nhi\u00ean nh\u1ea5t gi\u00fap h\u1ea5p thu v\u01b0\u1ee3t tr\u1ed9i so v\u1edbi d\u1ea7u c\u00e1<\/li>\n<li>H\u1ed7 tr\u1ee3 tim, n\u00e3o, kh\u1edbp, m\u1eaft, da v\u00e0 s\u1ee9c kh\u1ecfe mi\u1ec5n d\u1ecbch<\/li>\n<li>H\u1ea5p th\u1ee5 Omega-3 v\u01b0\u1ee3t tr\u1ed9i so v\u1edbi d\u1ea7u c\u00e1 v\u00ec Kori Krill Oil c\u00f3 phospholipid<\/li>\n<li>Kh\u00f4ng c\u00f3 d\u01b0 v\u1ecb tanh<\/li>\n<\/ul>\n<\/div>\n","protected":false},"excerpt":{"rendered":"<div class=\"product-summary product_description\">\n<p><strong>Kori Pure Antarctic Krill Oil Multi-Benefit Omega-3<\/strong>\u00a0&#8211;\u00a0Kori Krill Oil l\u00e0 si\u00eau th\u1ef1c ph\u1ea9m Omega-3 v\u1edbi nhi\u1ec1u ch\u1ea5t dinh d\u01b0\u1ee1ng \u1edf d\u1ea1ng t\u1ef1 nhi\u00ean nh\u1ea5t v\u00e0 t\u1ed1t nh\u1ea5t\u00a0cho s\u1ee9c kh\u1ecfe to\u00e0n th\u00e2n c\u1ee7a b\u1ea1n. H\u1ea7u h\u1ebft ch\u00fang ta kh\u00f4ng \u0103n \u0111\u1ee7 h\u00e0i s\u1ea3n gi\u00e0u Omega-3, \u0111\u00f3 l\u00e0 l\u00fd do Kori Krill Oil lu\u00f4n cung c\u1ea5p nhi\u1ec1u d\u01b0\u1ee1ng ch\u1ea5t EPA &amp; DHA Omega-3, s\u1ea3n ph\u1ea9m gi\u00fap\u00a0h\u1ed7 tr\u1ee3 tim, n\u00e3o, kh\u1edbp, m\u1eaft, da v\u00e0 s\u1ee9c kh\u1ecfe mi\u1ec5n d\u1ecbch. S\u1ea3n ph\u1ea9m\u00a0d\u00e0nh cho ng\u01b0\u1eddi l\u1edbn v\u00e0 \u0111\u00e3 \u0111\u01b0\u1ee3c ch\u1ee9ng minh l\u00e2m s\u00e0ng gi\u00fap t\u0103ng m\u1ee9c Omega-3. (S)*<\/p>\n<\/div>\n<form id=\"add-to-cart-form\" class=\"form-inline form-product\" action=\"https:\/\/thichxaihangmy.com\/cart\/add\" enctype=\"multipart\/form-data\" method=\"post\">\n<div class=\"box-variant clearfix \"><\/div>\n<div class=\"form-group form-buy-product\"><\/div>\n<\/form>\n","protected":false},"featured_media":276,"comment_status":"open","ping_status":"closed","template":"","meta":[],"product_brand":[],"product_cat":[21],"product_tag":[],"class_list":{"0":"post-275","1":"product","2":"type-product","3":"status-publish","4":"has-post-thumbnail","6":"product_cat-thuc-pham-chuc-nang","8":"first","9":"instock","10":"shipping-taxable","11":"purchasable","12":"product-type-simple"},"yoast_head":"<!-- This site is optimized with the Yoast SEO Premium plugin v22.3 (Yoast SEO v27.1.1) - https:\/\/yoast.com\/product\/yoast-seo-premium-wordpress\/ -->\n<title>VI\u00caN U\u1ed0NG D\u1ea6U NHUY\u1ec4N TH\u1ec2 NAM C\u1ef0C 800MG - KORI PURE ANTARCTIC KRILL OIL MULTI-BENEFIT OMEGA-3, 800 MG (120 VI\u00caN) - Ly Daily<\/title>\n<meta name=\"robots\" content=\"index, follow, max-snippet:-1, max-image-preview:large, max-video-preview:-1\" \/>\n<link rel=\"canonical\" href=\"https:\/\/lydaily.vn\/jp\/san-pham\/vien-uong-dau-nhuyen-the-nam-cuc-800mg-kori-pure-antarctic-krill-oil-multi-benefit-omega-3-800-mg-120-vien\/\" \/>\n<meta property=\"og:locale\" content=\"vi_VN\" \/>\n<meta property=\"og:type\" content=\"article\" \/>\n<meta property=\"og:title\" content=\"VI\u00caN U\u1ed0NG D\u1ea6U NHUY\u1ec4N TH\u1ec2 NAM C\u1ef0C 800MG - KORI PURE ANTARCTIC KRILL OIL MULTI-BENEFIT OMEGA-3, 800 MG (120 VI\u00caN)\" \/>\n<meta property=\"og:description\" content=\"Kori Pure Antarctic Krill Oil Multi-Benefit Omega-3\u00a0-\u00a0Kori Krill Oil l\u00e0 si\u00eau th\u1ef1c ph\u1ea9m Omega-3 v\u1edbi nhi\u1ec1u ch\u1ea5t dinh d\u01b0\u1ee1ng \u1edf d\u1ea1ng t\u1ef1 nhi\u00ean nh\u1ea5t v\u00e0 t\u1ed1t nh\u1ea5t\u00a0cho s\u1ee9c kh\u1ecfe to\u00e0n th\u00e2n c\u1ee7a b\u1ea1n. H\u1ea7u h\u1ebft ch\u00fang ta kh\u00f4ng \u0103n \u0111\u1ee7 h\u00e0i s\u1ea3n gi\u00e0u Omega-3, \u0111\u00f3 l\u00e0 l\u00fd do Kori Krill Oil lu\u00f4n cung c\u1ea5p nhi\u1ec1u d\u01b0\u1ee1ng ch\u1ea5t EPA &amp; DHA Omega-3, s\u1ea3n ph\u1ea9m gi\u00fap\u00a0h\u1ed7 tr\u1ee3 tim, n\u00e3o, kh\u1edbp, m\u1eaft, da v\u00e0 s\u1ee9c kh\u1ecfe mi\u1ec5n d\u1ecbch. S\u1ea3n ph\u1ea9m\u00a0d\u00e0nh cho ng\u01b0\u1eddi l\u1edbn v\u00e0 \u0111\u00e3 \u0111\u01b0\u1ee3c ch\u1ee9ng minh l\u00e2m s\u00e0ng gi\u00fap t\u0103ng m\u1ee9c Omega-3. (S)*\" \/>\n<meta property=\"og:url\" content=\"https:\/\/lydaily.vn\/jp\/san-pham\/vien-uong-dau-nhuyen-the-nam-cuc-800mg-kori-pure-antarctic-krill-oil-multi-benefit-omega-3-800-mg-120-vien\/\" \/>\n<meta property=\"og:site_name\" content=\"Ly Daily\" \/>\n<meta property=\"article:modified_time\" content=\"2026-03-13T05:47:06+00:00\" \/>\n<meta property=\"og:image\" content=\"https:\/\/lydaily.vn\/jp\/wp-content\/uploads\/2026\/03\/VIEN-UONG-DAU-NHUYEN-THE-NAM-CUC-800MG-KORI-PURE-ANTARCTIC-KRILL-OIL-MULTI-BENEFIT-OMEGA-3-800-MG-120-VIEN.webp\" \/>\n\t<meta property=\"og:image:width\" content=\"600\" \/>\n\t<meta property=\"og:image:height\" content=\"600\" \/>\n\t<meta property=\"og:image:type\" content=\"image\/webp\" \/>\n<meta name=\"twitter:card\" content=\"summary_large_image\" \/>\n<meta name=\"twitter:label1\" content=\"\u01af\u1edbc t\u00ednh th\u1eddi gian \u0111\u1ecdc\" \/>\n\t<meta name=\"twitter:data1\" content=\"3 ph\u00fat\" \/>\n<script type=\"application\/ld+json\" class=\"yoast-schema-graph\">{\"@context\":\"https:\/\/schema.org\",\"@graph\":[{\"@type\":\"WebPage\",\"@id\":\"https:\/\/lydaily.vn\/jp\/san-pham\/vien-uong-dau-nhuyen-the-nam-cuc-800mg-kori-pure-antarctic-krill-oil-multi-benefit-omega-3-800-mg-120-vien\/\",\"url\":\"https:\/\/lydaily.vn\/jp\/san-pham\/vien-uong-dau-nhuyen-the-nam-cuc-800mg-kori-pure-antarctic-krill-oil-multi-benefit-omega-3-800-mg-120-vien\/\",\"name\":\"VI\u00caN U\u1ed0NG D\u1ea6U NHUY\u1ec4N TH\u1ec2 NAM C\u1ef0C 800MG - KORI PURE ANTARCTIC KRILL OIL MULTI-BENEFIT OMEGA-3, 800 MG (120 VI\u00caN) - Ly Daily\",\"isPartOf\":{\"@id\":\"https:\/\/lydaily.vn\/jp\/#website\"},\"primaryImageOfPage\":{\"@id\":\"https:\/\/lydaily.vn\/jp\/san-pham\/vien-uong-dau-nhuyen-the-nam-cuc-800mg-kori-pure-antarctic-krill-oil-multi-benefit-omega-3-800-mg-120-vien\/#primaryimage\"},\"image\":{\"@id\":\"https:\/\/lydaily.vn\/jp\/san-pham\/vien-uong-dau-nhuyen-the-nam-cuc-800mg-kori-pure-antarctic-krill-oil-multi-benefit-omega-3-800-mg-120-vien\/#primaryimage\"},\"thumbnailUrl\":\"https:\/\/lydaily.vn\/jp\/wp-content\/uploads\/2026\/03\/VIEN-UONG-DAU-NHUYEN-THE-NAM-CUC-800MG-KORI-PURE-ANTARCTIC-KRILL-OIL-MULTI-BENEFIT-OMEGA-3-800-MG-120-VIEN.webp\",\"datePublished\":\"2026-03-02T03:42:31+00:00\",\"dateModified\":\"2026-03-13T05:47:06+00:00\",\"breadcrumb\":{\"@id\":\"https:\/\/lydaily.vn\/jp\/san-pham\/vien-uong-dau-nhuyen-the-nam-cuc-800mg-kori-pure-antarctic-krill-oil-multi-benefit-omega-3-800-mg-120-vien\/#breadcrumb\"},\"inLanguage\":\"vi\",\"potentialAction\":[{\"@type\":\"ReadAction\",\"target\":[\"https:\/\/lydaily.vn\/jp\/san-pham\/vien-uong-dau-nhuyen-the-nam-cuc-800mg-kori-pure-antarctic-krill-oil-multi-benefit-omega-3-800-mg-120-vien\/\"]}]},{\"@type\":\"ImageObject\",\"inLanguage\":\"vi\",\"@id\":\"https:\/\/lydaily.vn\/jp\/san-pham\/vien-uong-dau-nhuyen-the-nam-cuc-800mg-kori-pure-antarctic-krill-oil-multi-benefit-omega-3-800-mg-120-vien\/#primaryimage\",\"url\":\"https:\/\/lydaily.vn\/jp\/wp-content\/uploads\/2026\/03\/VIEN-UONG-DAU-NHUYEN-THE-NAM-CUC-800MG-KORI-PURE-ANTARCTIC-KRILL-OIL-MULTI-BENEFIT-OMEGA-3-800-MG-120-VIEN.webp\",\"contentUrl\":\"https:\/\/lydaily.vn\/jp\/wp-content\/uploads\/2026\/03\/VIEN-UONG-DAU-NHUYEN-THE-NAM-CUC-800MG-KORI-PURE-ANTARCTIC-KRILL-OIL-MULTI-BENEFIT-OMEGA-3-800-MG-120-VIEN.webp\",\"width\":600,\"height\":600},{\"@type\":\"BreadcrumbList\",\"@id\":\"https:\/\/lydaily.vn\/jp\/san-pham\/vien-uong-dau-nhuyen-the-nam-cuc-800mg-kori-pure-antarctic-krill-oil-multi-benefit-omega-3-800-mg-120-vien\/#breadcrumb\",\"itemListElement\":[{\"@type\":\"ListItem\",\"position\":1,\"name\":\"Home\",\"item\":\"https:\/\/lydaily.vn\/jp\/\"},{\"@type\":\"ListItem\",\"position\":2,\"name\":\"S\u1ea3n ph\u1ea9m\",\"item\":\"https:\/\/lydaily.vn\/jp\/san-pham\/\"},{\"@type\":\"ListItem\",\"position\":3,\"name\":\"VI\u00caN U\u1ed0NG D\u1ea6U NHUY\u1ec4N TH\u1ec2 NAM C\u1ef0C 800MG &#8211; KORI PURE ANTARCTIC KRILL OIL MULTI-BENEFIT OMEGA-3, 800 MG (120 VI\u00caN)\"}]},{\"@type\":\"WebSite\",\"@id\":\"https:\/\/lydaily.vn\/jp\/#website\",\"url\":\"https:\/\/lydaily.vn\/jp\/\",\"name\":\"Ly Daily\",\"description\":\"Th\u1ef1c Ph\u1ea9m Ch\u1ee9c N\u0103ng &amp; M\u1ef9 Ph\u1ea9m t\u1ea1i Nh\u1eadt B\u1ea3n v\u00e0 Vi\u1ec7t Nam\",\"potentialAction\":[{\"@type\":\"SearchAction\",\"target\":{\"@type\":\"EntryPoint\",\"urlTemplate\":\"https:\/\/lydaily.vn\/jp\/?s={search_term_string}\"},\"query-input\":{\"@type\":\"PropertyValueSpecification\",\"valueRequired\":true,\"valueName\":\"search_term_string\"}}],\"inLanguage\":\"vi\"}]}<\/script>\n<!-- \/ Yoast SEO Premium plugin. -->","yoast_head_json":{"title":"VI\u00caN U\u1ed0NG D\u1ea6U NHUY\u1ec4N TH\u1ec2 NAM C\u1ef0C 800MG - KORI PURE ANTARCTIC KRILL OIL MULTI-BENEFIT OMEGA-3, 800 MG (120 VI\u00caN) - Ly Daily","robots":{"index":"index","follow":"follow","max-snippet":"max-snippet:-1","max-image-preview":"max-image-preview:large","max-video-preview":"max-video-preview:-1"},"canonical":"https:\/\/lydaily.vn\/jp\/san-pham\/vien-uong-dau-nhuyen-the-nam-cuc-800mg-kori-pure-antarctic-krill-oil-multi-benefit-omega-3-800-mg-120-vien\/","og_locale":"vi_VN","og_type":"article","og_title":"VI\u00caN U\u1ed0NG D\u1ea6U NHUY\u1ec4N TH\u1ec2 NAM C\u1ef0C 800MG - KORI PURE ANTARCTIC KRILL OIL MULTI-BENEFIT OMEGA-3, 800 MG (120 VI\u00caN)","og_description":"Kori Pure Antarctic Krill Oil Multi-Benefit Omega-3\u00a0-\u00a0Kori Krill Oil l\u00e0 si\u00eau th\u1ef1c ph\u1ea9m Omega-3 v\u1edbi nhi\u1ec1u ch\u1ea5t dinh d\u01b0\u1ee1ng \u1edf d\u1ea1ng t\u1ef1 nhi\u00ean nh\u1ea5t v\u00e0 t\u1ed1t nh\u1ea5t\u00a0cho s\u1ee9c kh\u1ecfe to\u00e0n th\u00e2n c\u1ee7a b\u1ea1n. H\u1ea7u h\u1ebft ch\u00fang ta kh\u00f4ng \u0103n \u0111\u1ee7 h\u00e0i s\u1ea3n gi\u00e0u Omega-3, \u0111\u00f3 l\u00e0 l\u00fd do Kori Krill Oil lu\u00f4n cung c\u1ea5p nhi\u1ec1u d\u01b0\u1ee1ng ch\u1ea5t EPA &amp; DHA Omega-3, s\u1ea3n ph\u1ea9m gi\u00fap\u00a0h\u1ed7 tr\u1ee3 tim, n\u00e3o, kh\u1edbp, m\u1eaft, da v\u00e0 s\u1ee9c kh\u1ecfe mi\u1ec5n d\u1ecbch. S\u1ea3n ph\u1ea9m\u00a0d\u00e0nh cho ng\u01b0\u1eddi l\u1edbn v\u00e0 \u0111\u00e3 \u0111\u01b0\u1ee3c ch\u1ee9ng minh l\u00e2m s\u00e0ng gi\u00fap t\u0103ng m\u1ee9c Omega-3. (S)*","og_url":"https:\/\/lydaily.vn\/jp\/san-pham\/vien-uong-dau-nhuyen-the-nam-cuc-800mg-kori-pure-antarctic-krill-oil-multi-benefit-omega-3-800-mg-120-vien\/","og_site_name":"Ly Daily","article_modified_time":"2026-03-13T05:47:06+00:00","og_image":[{"width":600,"height":600,"url":"https:\/\/lydaily.vn\/jp\/wp-content\/uploads\/2026\/03\/VIEN-UONG-DAU-NHUYEN-THE-NAM-CUC-800MG-KORI-PURE-ANTARCTIC-KRILL-OIL-MULTI-BENEFIT-OMEGA-3-800-MG-120-VIEN.webp","type":"image\/webp"}],"twitter_card":"summary_large_image","twitter_misc":{"\u01af\u1edbc t\u00ednh th\u1eddi gian \u0111\u1ecdc":"3 ph\u00fat"},"schema":{"@context":"https:\/\/schema.org","@graph":[{"@type":"WebPage","@id":"https:\/\/lydaily.vn\/jp\/san-pham\/vien-uong-dau-nhuyen-the-nam-cuc-800mg-kori-pure-antarctic-krill-oil-multi-benefit-omega-3-800-mg-120-vien\/","url":"https:\/\/lydaily.vn\/jp\/san-pham\/vien-uong-dau-nhuyen-the-nam-cuc-800mg-kori-pure-antarctic-krill-oil-multi-benefit-omega-3-800-mg-120-vien\/","name":"VI\u00caN U\u1ed0NG D\u1ea6U NHUY\u1ec4N TH\u1ec2 NAM C\u1ef0C 800MG - KORI PURE ANTARCTIC KRILL OIL MULTI-BENEFIT OMEGA-3, 800 MG (120 VI\u00caN) - Ly Daily","isPartOf":{"@id":"https:\/\/lydaily.vn\/jp\/#website"},"primaryImageOfPage":{"@id":"https:\/\/lydaily.vn\/jp\/san-pham\/vien-uong-dau-nhuyen-the-nam-cuc-800mg-kori-pure-antarctic-krill-oil-multi-benefit-omega-3-800-mg-120-vien\/#primaryimage"},"image":{"@id":"https:\/\/lydaily.vn\/jp\/san-pham\/vien-uong-dau-nhuyen-the-nam-cuc-800mg-kori-pure-antarctic-krill-oil-multi-benefit-omega-3-800-mg-120-vien\/#primaryimage"},"thumbnailUrl":"https:\/\/lydaily.vn\/jp\/wp-content\/uploads\/2026\/03\/VIEN-UONG-DAU-NHUYEN-THE-NAM-CUC-800MG-KORI-PURE-ANTARCTIC-KRILL-OIL-MULTI-BENEFIT-OMEGA-3-800-MG-120-VIEN.webp","datePublished":"2026-03-02T03:42:31+00:00","dateModified":"2026-03-13T05:47:06+00:00","breadcrumb":{"@id":"https:\/\/lydaily.vn\/jp\/san-pham\/vien-uong-dau-nhuyen-the-nam-cuc-800mg-kori-pure-antarctic-krill-oil-multi-benefit-omega-3-800-mg-120-vien\/#breadcrumb"},"inLanguage":"vi","potentialAction":[{"@type":"ReadAction","target":["https:\/\/lydaily.vn\/jp\/san-pham\/vien-uong-dau-nhuyen-the-nam-cuc-800mg-kori-pure-antarctic-krill-oil-multi-benefit-omega-3-800-mg-120-vien\/"]}]},{"@type":"ImageObject","inLanguage":"vi","@id":"https:\/\/lydaily.vn\/jp\/san-pham\/vien-uong-dau-nhuyen-the-nam-cuc-800mg-kori-pure-antarctic-krill-oil-multi-benefit-omega-3-800-mg-120-vien\/#primaryimage","url":"https:\/\/lydaily.vn\/jp\/wp-content\/uploads\/2026\/03\/VIEN-UONG-DAU-NHUYEN-THE-NAM-CUC-800MG-KORI-PURE-ANTARCTIC-KRILL-OIL-MULTI-BENEFIT-OMEGA-3-800-MG-120-VIEN.webp","contentUrl":"https:\/\/lydaily.vn\/jp\/wp-content\/uploads\/2026\/03\/VIEN-UONG-DAU-NHUYEN-THE-NAM-CUC-800MG-KORI-PURE-ANTARCTIC-KRILL-OIL-MULTI-BENEFIT-OMEGA-3-800-MG-120-VIEN.webp","width":600,"height":600},{"@type":"BreadcrumbList","@id":"https:\/\/lydaily.vn\/jp\/san-pham\/vien-uong-dau-nhuyen-the-nam-cuc-800mg-kori-pure-antarctic-krill-oil-multi-benefit-omega-3-800-mg-120-vien\/#breadcrumb","itemListElement":[{"@type":"ListItem","position":1,"name":"Home","item":"https:\/\/lydaily.vn\/jp\/"},{"@type":"ListItem","position":2,"name":"S\u1ea3n ph\u1ea9m","item":"https:\/\/lydaily.vn\/jp\/san-pham\/"},{"@type":"ListItem","position":3,"name":"VI\u00caN U\u1ed0NG D\u1ea6U NHUY\u1ec4N TH\u1ec2 NAM C\u1ef0C 800MG &#8211; KORI PURE ANTARCTIC KRILL OIL MULTI-BENEFIT OMEGA-3, 800 MG (120 VI\u00caN)"}]},{"@type":"WebSite","@id":"https:\/\/lydaily.vn\/jp\/#website","url":"https:\/\/lydaily.vn\/jp\/","name":"Ly Daily","description":"Th\u1ef1c Ph\u1ea9m Ch\u1ee9c N\u0103ng &amp; M\u1ef9 Ph\u1ea9m t\u1ea1i Nh\u1eadt B\u1ea3n v\u00e0 Vi\u1ec7t Nam","potentialAction":[{"@type":"SearchAction","target":{"@type":"EntryPoint","urlTemplate":"https:\/\/lydaily.vn\/jp\/?s={search_term_string}"},"query-input":{"@type":"PropertyValueSpecification","valueRequired":true,"valueName":"search_term_string"}}],"inLanguage":"vi"}]}},"_links":{"self":[{"href":"https:\/\/lydaily.vn\/jp\/wp-json\/wp\/v2\/product\/275","targetHints":{"allow":["GET"]}}],"collection":[{"href":"https:\/\/lydaily.vn\/jp\/wp-json\/wp\/v2\/product"}],"about":[{"href":"https:\/\/lydaily.vn\/jp\/wp-json\/wp\/v2\/types\/product"}],"replies":[{"embeddable":true,"href":"https:\/\/lydaily.vn\/jp\/wp-json\/wp\/v2\/comments?post=275"}],"wp:featuredmedia":[{"embeddable":true,"href":"https:\/\/lydaily.vn\/jp\/wp-json\/wp\/v2\/media\/276"}],"wp:attachment":[{"href":"https:\/\/lydaily.vn\/jp\/wp-json\/wp\/v2\/media?parent=275"}],"wp:term":[{"taxonomy":"product_brand","embeddable":true,"href":"https:\/\/lydaily.vn\/jp\/wp-json\/wp\/v2\/product_brand?post=275"},{"taxonomy":"product_cat","embeddable":true,"href":"https:\/\/lydaily.vn\/jp\/wp-json\/wp\/v2\/product_cat?post=275"},{"taxonomy":"product_tag","embeddable":true,"href":"https:\/\/lydaily.vn\/jp\/wp-json\/wp\/v2\/product_tag?post=275"}],"curies":[{"name":"wp","href":"https:\/\/api.w.org\/{rel}","templated":true}]}}