{"id":273,"date":"2026-03-02T03:40:31","date_gmt":"2026-03-02T03:40:31","guid":{"rendered":"https:\/\/lydaily.qweb.com.vn\/?post_type=product&#038;p=273"},"modified":"2026-03-13T05:46:11","modified_gmt":"2026-03-13T05:46:11","slug":"vien-uong-kirkland-calcium-600mg-d3-bo-sung-canxi-va-vitamin-d3-cho-xuong-khoe-manh-ho-tro-ngua-loang-xuong-500-vien","status":"publish","type":"product","link":"https:\/\/lydaily.vn\/jp\/san-pham\/vien-uong-kirkland-calcium-600mg-d3-bo-sung-canxi-va-vitamin-d3-cho-xuong-khoe-manh-ho-tro-ngua-loang-xuong-500-vien\/","title":{"rendered":"Vi\u00ean u\u1ed1ng Kirkland Calcium 600mg + D3 &#8211; B\u1ed5 sung Canxi v\u00e0 Vitamin D3 cho X\u01b0\u01a1ng Kh\u1ecfe m\u1ea1nh &#8211; H\u1ed7 tr\u1ee3 ng\u1eeba lo\u00e3ng x\u01b0\u01a1ng, 500 vi\u00ean"},"content":{"rendered":"<h3><b>C\u00f4ng d\u1ee5ng c\u1ee7a vi\u00ean u\u1ed1ng Canxi ch\u1eafc kh\u1ecfe x\u01b0\u01a1ng Kirkland Calcium\u00a0<\/b><\/h3>\n<ul>\n<li>H\u1ed7 tr\u1ee3 gi\u1ea3m nguy c\u01a1 lo\u00e3ng, \u0111au nh\u1ee9c v\u00e0 tho\u00e1i h\u00f3a x\u01b0\u01a1ng \u1edf ng\u01b0\u1eddi l\u1edbn.<\/li>\n<li>H\u1ed7 tr\u1ee3 x\u01b0\u01a1ng, m\u00f3ng v\u00e0 r\u0103ng ph\u00e1t tri\u1ec3n ch\u1eafc kh\u1ecfe b\u1edfi canxi chi\u1ebfm \u0111\u1ebfn 99% trong c\u00e1c b\u1ed9 ph\u1eadn n\u00e0y.<\/li>\n<li>Ph\u1ee5 n\u1eef \u1edf giai \u0111o\u1ea1n m\u00e3n kinh nguy c\u01a1 lo\u00e3ng x\u01b0\u01a1ng v\u00ec v\u1eady c\u1ea7n h\u1ed7 tr\u1ee3 cung c\u1ea5p \u0111\u1ee7 l\u01b0\u1ee3ng canxi c\u1ea7n thi\u1ebft.<\/li>\n<li>Vitamin D3 c\u00f3 kh\u1ea3 n\u0103ng gi\u00fap c\u01a1 th\u1ec3 h\u1ea5p th\u1ee5 t\u1ed1t canxi, magie v\u00e0 k\u1ebdm t\u1ed1t h\u01a1n.<\/li>\n<li>H\u1ed7 tr\u1ee3 ph\u00e1t tri\u1ec3n x\u01b0\u01a1ng c\u0169ng nh\u01b0 c\u01a1 b\u1eafp to\u00e0n di\u1ec7n nh\u1ea5t cho tr\u1ebb \u1edf \u0111\u1ed9 tu\u1ed5i tr\u01b0\u1edfng th\u00e0nh.<\/li>\n<li>Vitamin D3 c\u00f3 vai tr\u00f2 trong qu\u00e1 tr\u00ecnh b\u00e0i ti\u1ebft insulin, hormone v\u00e0 \u0111\u1eb7c bi\u1ec7t ch\u1ed1ng t\u00ecnh tr\u1ea1ng l\u00e3o h\u00f3a da \u1edf n\u1eef gi\u1edbi.<\/li>\n<li>H\u1ed7 tr\u1ee3 duy tr\u00ec n\u1ed3ng \u0111\u1ed9 canxi trong m\u00e1u v\u00e0 tham gia \u0111i\u1ec1u h\u00f2a ch\u1ee9c n\u0103ng gan<\/li>\n<\/ul>\n<h3><b>C\u00e1ch s\u1eed d\u1ee5ng Canxi Kirkland Calcium 600mg + D3<\/b><\/h3>\n<ul>\n<li>U\u1ed1ng 2 vi\u00ean\/ng\u00e0y (s\u00e1ng v\u00e0 t\u1ed1i) sau m\u1ed7i b\u1eefa \u0103n.<\/li>\n<li>T\u00f9y v\u00e0o nhu c\u1ea7u b\u1ed5 sung canxi m\u00e0 c\u00f3 th\u1ec3 s\u1eed d\u1ee5ng th\u00eam tham kh\u1ea3o theo \u00fd ki\u1ebfn c\u1ee7a b\u00e1c s\u0129.<\/li>\n<\/ul>\n<p><b>L\u01b0u \u00fd khi s\u1eed d\u1ee5ng:<\/b><\/p>\n<ul>\n<li>Kh\u00f4ng d\u00f9ng cho ng\u01b0\u1eddi d\u01b0\u1edbi 15 tu\u1ed5i.<\/li>\n<li>S\u1ea3n ph\u1ea9m ch\u1ec9 l\u00e0 th\u1ef1c ph\u1ea9m ch\u1ee9c n\u0103ng kh\u00f4ng thay th\u1ec3 thay th\u1ebf th.u\u1ed1c ch\u1eefa b\u1ec7.nh; v\u00ec th\u1ebf c\u1ea7n h\u1ecfi \u00fd ki\u1ebfn b\u00e1c s\u0129 n\u1ebfu \u0111ang s\u1eed d\u1ee5ng s\u1ea3n ph\u1ea9m h\u1ed7 tr\u1ee3 \u0111i.\u1ec1u t.r\u1ecb kh\u00e1c.<\/li>\n<li>Kh\u00f4ng d\u00f9ng thu\u1ed1c cho nh\u1eefng ng\u01b0\u1eddi b\u1ecb t\u0103ng canxi trong m\u00e1u, canxi ni\u1ec7u, s\u1ecfi th\u1eadn ho\u1eb7c c\u00e1c b.\u1ec7nh th\u1eadn v\u1edbi t\u00ecnh tr\u1ea1ng n\u1eb7ng.<\/li>\n<li>S\u1eed d\u1ee5ng \u0111\u00fang li\u1ec1u l\u01b0\u1ee3ng tr\u00e1nh g\u00e2y ra t\u00ecnh tr\u1ea1ng th\u1eeba canxi c\u00f3 bi\u1ec3u hi\u1ec7n nh\u01b0 s\u1ecfi th\u1eadn, t\u0103ng canxi huy\u1ebft ho\u1eb7c suy th\u1eadn,\u2026<\/li>\n<li>\u0110\u1ec3 ngo\u00e0i t\u1ea7m tay c\u1ee7a tr\u1ebb em.<\/li>\n<li>Ph\u1ee5 n\u1eef mang thai v\u00e0 \u0111ang cho con b\u00fa c\u1ea7n tham kh\u1ea3o \u00fd ki\u1ebfn c\u1ee7a b\u00e1c s\u0129.<\/li>\n<li>B\u1ea3o qu\u1ea3n s\u1ea3n ph\u1ea9m \u1edf n\u01a1i kh\u00f4 tho\u00e1ng, kh\u00f4ng \u0111\u1ec3 \u00e1nh m\u1eb7t tr\u1eddi chi\u1ebfu tr\u1ef1c ti\u1ebfp.<\/li>\n<\/ul>\n","protected":false},"excerpt":{"rendered":"<ul>\n<li>H\u00e3ng s\u1ea3n xu\u1ea5t: Kirkland Signature<\/li>\n<li>Xu\u1ea5t x\u1ee9: M\u1ef9<\/li>\n<li>Quy c\u00e1ch: l\u1ecd 500 vi\u00ean<\/li>\n<\/ul>\n","protected":false},"featured_media":274,"comment_status":"open","ping_status":"closed","template":"","meta":[],"product_brand":[],"product_cat":[21],"product_tag":[],"class_list":{"0":"post-273","1":"product","2":"type-product","3":"status-publish","4":"has-post-thumbnail","6":"product_cat-thuc-pham-chuc-nang","8":"first","9":"instock","10":"shipping-taxable","11":"purchasable","12":"product-type-simple"},"yoast_head":"<!-- This site is optimized with the Yoast SEO Premium plugin v22.3 (Yoast SEO v27.1.1) - https:\/\/yoast.com\/product\/yoast-seo-premium-wordpress\/ -->\n<title>Vi\u00ean u\u1ed1ng Kirkland Calcium 600mg + D3 - B\u1ed5 sung Canxi v\u00e0 Vitamin D3 cho X\u01b0\u01a1ng Kh\u1ecfe m\u1ea1nh - H\u1ed7 tr\u1ee3 ng\u1eeba lo\u00e3ng x\u01b0\u01a1ng, 500 vi\u00ean - Ly Daily<\/title>\n<meta name=\"robots\" content=\"index, follow, max-snippet:-1, max-image-preview:large, max-video-preview:-1\" \/>\n<link rel=\"canonical\" href=\"https:\/\/lydaily.vn\/jp\/san-pham\/vien-uong-kirkland-calcium-600mg-d3-bo-sung-canxi-va-vitamin-d3-cho-xuong-khoe-manh-ho-tro-ngua-loang-xuong-500-vien\/\" \/>\n<meta property=\"og:locale\" content=\"vi_VN\" \/>\n<meta property=\"og:type\" content=\"article\" \/>\n<meta property=\"og:title\" content=\"Vi\u00ean u\u1ed1ng Kirkland Calcium 600mg + D3 - B\u1ed5 sung Canxi v\u00e0 Vitamin D3 cho X\u01b0\u01a1ng Kh\u1ecfe m\u1ea1nh - H\u1ed7 tr\u1ee3 ng\u1eeba lo\u00e3ng x\u01b0\u01a1ng, 500 vi\u00ean\" \/>\n<meta property=\"og:description\" content=\"H\u00e3ng s\u1ea3n xu\u1ea5t: Kirkland Signature  Xu\u1ea5t x\u1ee9: M\u1ef9  Quy c\u00e1ch: l\u1ecd 500 vi\u00ean\" \/>\n<meta property=\"og:url\" content=\"https:\/\/lydaily.vn\/jp\/san-pham\/vien-uong-kirkland-calcium-600mg-d3-bo-sung-canxi-va-vitamin-d3-cho-xuong-khoe-manh-ho-tro-ngua-loang-xuong-500-vien\/\" \/>\n<meta property=\"og:site_name\" content=\"Ly Daily\" \/>\n<meta property=\"article:modified_time\" content=\"2026-03-13T05:46:11+00:00\" \/>\n<meta property=\"og:image\" content=\"https:\/\/lydaily.vn\/jp\/wp-content\/uploads\/2026\/03\/Vien-uong-Kirkland-Calcium-600mg-D3-Bo-sung-Canxi-va-Vitamin-D3-cho-Xuong-Khoe-manh-Ho-tro-ngua-loang-xuong-500-vien.jpg\" \/>\n\t<meta property=\"og:image:width\" content=\"960\" \/>\n\t<meta property=\"og:image:height\" content=\"960\" \/>\n\t<meta property=\"og:image:type\" content=\"image\/jpeg\" \/>\n<meta name=\"twitter:card\" content=\"summary_large_image\" \/>\n<meta name=\"twitter:label1\" content=\"\u01af\u1edbc t\u00ednh th\u1eddi gian \u0111\u1ecdc\" \/>\n\t<meta name=\"twitter:data1\" content=\"2 ph\u00fat\" \/>\n<script type=\"application\/ld+json\" class=\"yoast-schema-graph\">{\"@context\":\"https:\/\/schema.org\",\"@graph\":[{\"@type\":\"WebPage\",\"@id\":\"https:\/\/lydaily.vn\/jp\/san-pham\/vien-uong-kirkland-calcium-600mg-d3-bo-sung-canxi-va-vitamin-d3-cho-xuong-khoe-manh-ho-tro-ngua-loang-xuong-500-vien\/\",\"url\":\"https:\/\/lydaily.vn\/jp\/san-pham\/vien-uong-kirkland-calcium-600mg-d3-bo-sung-canxi-va-vitamin-d3-cho-xuong-khoe-manh-ho-tro-ngua-loang-xuong-500-vien\/\",\"name\":\"Vi\u00ean u\u1ed1ng Kirkland Calcium 600mg + D3 - B\u1ed5 sung Canxi v\u00e0 Vitamin D3 cho X\u01b0\u01a1ng Kh\u1ecfe m\u1ea1nh - H\u1ed7 tr\u1ee3 ng\u1eeba lo\u00e3ng x\u01b0\u01a1ng, 500 vi\u00ean - Ly Daily\",\"isPartOf\":{\"@id\":\"https:\/\/lydaily.vn\/jp\/#website\"},\"primaryImageOfPage\":{\"@id\":\"https:\/\/lydaily.vn\/jp\/san-pham\/vien-uong-kirkland-calcium-600mg-d3-bo-sung-canxi-va-vitamin-d3-cho-xuong-khoe-manh-ho-tro-ngua-loang-xuong-500-vien\/#primaryimage\"},\"image\":{\"@id\":\"https:\/\/lydaily.vn\/jp\/san-pham\/vien-uong-kirkland-calcium-600mg-d3-bo-sung-canxi-va-vitamin-d3-cho-xuong-khoe-manh-ho-tro-ngua-loang-xuong-500-vien\/#primaryimage\"},\"thumbnailUrl\":\"https:\/\/lydaily.vn\/jp\/wp-content\/uploads\/2026\/03\/Vien-uong-Kirkland-Calcium-600mg-D3-Bo-sung-Canxi-va-Vitamin-D3-cho-Xuong-Khoe-manh-Ho-tro-ngua-loang-xuong-500-vien.jpg\",\"datePublished\":\"2026-03-02T03:40:31+00:00\",\"dateModified\":\"2026-03-13T05:46:11+00:00\",\"breadcrumb\":{\"@id\":\"https:\/\/lydaily.vn\/jp\/san-pham\/vien-uong-kirkland-calcium-600mg-d3-bo-sung-canxi-va-vitamin-d3-cho-xuong-khoe-manh-ho-tro-ngua-loang-xuong-500-vien\/#breadcrumb\"},\"inLanguage\":\"vi\",\"potentialAction\":[{\"@type\":\"ReadAction\",\"target\":[\"https:\/\/lydaily.vn\/jp\/san-pham\/vien-uong-kirkland-calcium-600mg-d3-bo-sung-canxi-va-vitamin-d3-cho-xuong-khoe-manh-ho-tro-ngua-loang-xuong-500-vien\/\"]}]},{\"@type\":\"ImageObject\",\"inLanguage\":\"vi\",\"@id\":\"https:\/\/lydaily.vn\/jp\/san-pham\/vien-uong-kirkland-calcium-600mg-d3-bo-sung-canxi-va-vitamin-d3-cho-xuong-khoe-manh-ho-tro-ngua-loang-xuong-500-vien\/#primaryimage\",\"url\":\"https:\/\/lydaily.vn\/jp\/wp-content\/uploads\/2026\/03\/Vien-uong-Kirkland-Calcium-600mg-D3-Bo-sung-Canxi-va-Vitamin-D3-cho-Xuong-Khoe-manh-Ho-tro-ngua-loang-xuong-500-vien.jpg\",\"contentUrl\":\"https:\/\/lydaily.vn\/jp\/wp-content\/uploads\/2026\/03\/Vien-uong-Kirkland-Calcium-600mg-D3-Bo-sung-Canxi-va-Vitamin-D3-cho-Xuong-Khoe-manh-Ho-tro-ngua-loang-xuong-500-vien.jpg\",\"width\":960,\"height\":960},{\"@type\":\"BreadcrumbList\",\"@id\":\"https:\/\/lydaily.vn\/jp\/san-pham\/vien-uong-kirkland-calcium-600mg-d3-bo-sung-canxi-va-vitamin-d3-cho-xuong-khoe-manh-ho-tro-ngua-loang-xuong-500-vien\/#breadcrumb\",\"itemListElement\":[{\"@type\":\"ListItem\",\"position\":1,\"name\":\"Home\",\"item\":\"https:\/\/lydaily.vn\/jp\/\"},{\"@type\":\"ListItem\",\"position\":2,\"name\":\"S\u1ea3n ph\u1ea9m\",\"item\":\"https:\/\/lydaily.vn\/jp\/san-pham\/\"},{\"@type\":\"ListItem\",\"position\":3,\"name\":\"Vi\u00ean u\u1ed1ng Kirkland Calcium 600mg + D3 &#8211; B\u1ed5 sung Canxi v\u00e0 Vitamin D3 cho X\u01b0\u01a1ng Kh\u1ecfe m\u1ea1nh &#8211; H\u1ed7 tr\u1ee3 ng\u1eeba lo\u00e3ng x\u01b0\u01a1ng, 500 vi\u00ean\"}]},{\"@type\":\"WebSite\",\"@id\":\"https:\/\/lydaily.vn\/jp\/#website\",\"url\":\"https:\/\/lydaily.vn\/jp\/\",\"name\":\"Ly Daily\",\"description\":\"Th\u1ef1c Ph\u1ea9m Ch\u1ee9c N\u0103ng &amp; M\u1ef9 Ph\u1ea9m t\u1ea1i Nh\u1eadt B\u1ea3n v\u00e0 Vi\u1ec7t Nam\",\"potentialAction\":[{\"@type\":\"SearchAction\",\"target\":{\"@type\":\"EntryPoint\",\"urlTemplate\":\"https:\/\/lydaily.vn\/jp\/?s={search_term_string}\"},\"query-input\":{\"@type\":\"PropertyValueSpecification\",\"valueRequired\":true,\"valueName\":\"search_term_string\"}}],\"inLanguage\":\"vi\"}]}<\/script>\n<!-- \/ Yoast SEO Premium plugin. -->","yoast_head_json":{"title":"Vi\u00ean u\u1ed1ng Kirkland Calcium 600mg + D3 - B\u1ed5 sung Canxi v\u00e0 Vitamin D3 cho X\u01b0\u01a1ng Kh\u1ecfe m\u1ea1nh - H\u1ed7 tr\u1ee3 ng\u1eeba lo\u00e3ng x\u01b0\u01a1ng, 500 vi\u00ean - Ly Daily","robots":{"index":"index","follow":"follow","max-snippet":"max-snippet:-1","max-image-preview":"max-image-preview:large","max-video-preview":"max-video-preview:-1"},"canonical":"https:\/\/lydaily.vn\/jp\/san-pham\/vien-uong-kirkland-calcium-600mg-d3-bo-sung-canxi-va-vitamin-d3-cho-xuong-khoe-manh-ho-tro-ngua-loang-xuong-500-vien\/","og_locale":"vi_VN","og_type":"article","og_title":"Vi\u00ean u\u1ed1ng Kirkland Calcium 600mg + D3 - B\u1ed5 sung Canxi v\u00e0 Vitamin D3 cho X\u01b0\u01a1ng Kh\u1ecfe m\u1ea1nh - H\u1ed7 tr\u1ee3 ng\u1eeba lo\u00e3ng x\u01b0\u01a1ng, 500 vi\u00ean","og_description":"H\u00e3ng s\u1ea3n xu\u1ea5t: Kirkland Signature  Xu\u1ea5t x\u1ee9: M\u1ef9  Quy c\u00e1ch: l\u1ecd 500 vi\u00ean","og_url":"https:\/\/lydaily.vn\/jp\/san-pham\/vien-uong-kirkland-calcium-600mg-d3-bo-sung-canxi-va-vitamin-d3-cho-xuong-khoe-manh-ho-tro-ngua-loang-xuong-500-vien\/","og_site_name":"Ly Daily","article_modified_time":"2026-03-13T05:46:11+00:00","og_image":[{"width":960,"height":960,"url":"https:\/\/lydaily.vn\/jp\/wp-content\/uploads\/2026\/03\/Vien-uong-Kirkland-Calcium-600mg-D3-Bo-sung-Canxi-va-Vitamin-D3-cho-Xuong-Khoe-manh-Ho-tro-ngua-loang-xuong-500-vien.jpg","type":"image\/jpeg"}],"twitter_card":"summary_large_image","twitter_misc":{"\u01af\u1edbc t\u00ednh th\u1eddi gian \u0111\u1ecdc":"2 ph\u00fat"},"schema":{"@context":"https:\/\/schema.org","@graph":[{"@type":"WebPage","@id":"https:\/\/lydaily.vn\/jp\/san-pham\/vien-uong-kirkland-calcium-600mg-d3-bo-sung-canxi-va-vitamin-d3-cho-xuong-khoe-manh-ho-tro-ngua-loang-xuong-500-vien\/","url":"https:\/\/lydaily.vn\/jp\/san-pham\/vien-uong-kirkland-calcium-600mg-d3-bo-sung-canxi-va-vitamin-d3-cho-xuong-khoe-manh-ho-tro-ngua-loang-xuong-500-vien\/","name":"Vi\u00ean u\u1ed1ng Kirkland Calcium 600mg + D3 - B\u1ed5 sung Canxi v\u00e0 Vitamin D3 cho X\u01b0\u01a1ng Kh\u1ecfe m\u1ea1nh - H\u1ed7 tr\u1ee3 ng\u1eeba lo\u00e3ng x\u01b0\u01a1ng, 500 vi\u00ean - Ly Daily","isPartOf":{"@id":"https:\/\/lydaily.vn\/jp\/#website"},"primaryImageOfPage":{"@id":"https:\/\/lydaily.vn\/jp\/san-pham\/vien-uong-kirkland-calcium-600mg-d3-bo-sung-canxi-va-vitamin-d3-cho-xuong-khoe-manh-ho-tro-ngua-loang-xuong-500-vien\/#primaryimage"},"image":{"@id":"https:\/\/lydaily.vn\/jp\/san-pham\/vien-uong-kirkland-calcium-600mg-d3-bo-sung-canxi-va-vitamin-d3-cho-xuong-khoe-manh-ho-tro-ngua-loang-xuong-500-vien\/#primaryimage"},"thumbnailUrl":"https:\/\/lydaily.vn\/jp\/wp-content\/uploads\/2026\/03\/Vien-uong-Kirkland-Calcium-600mg-D3-Bo-sung-Canxi-va-Vitamin-D3-cho-Xuong-Khoe-manh-Ho-tro-ngua-loang-xuong-500-vien.jpg","datePublished":"2026-03-02T03:40:31+00:00","dateModified":"2026-03-13T05:46:11+00:00","breadcrumb":{"@id":"https:\/\/lydaily.vn\/jp\/san-pham\/vien-uong-kirkland-calcium-600mg-d3-bo-sung-canxi-va-vitamin-d3-cho-xuong-khoe-manh-ho-tro-ngua-loang-xuong-500-vien\/#breadcrumb"},"inLanguage":"vi","potentialAction":[{"@type":"ReadAction","target":["https:\/\/lydaily.vn\/jp\/san-pham\/vien-uong-kirkland-calcium-600mg-d3-bo-sung-canxi-va-vitamin-d3-cho-xuong-khoe-manh-ho-tro-ngua-loang-xuong-500-vien\/"]}]},{"@type":"ImageObject","inLanguage":"vi","@id":"https:\/\/lydaily.vn\/jp\/san-pham\/vien-uong-kirkland-calcium-600mg-d3-bo-sung-canxi-va-vitamin-d3-cho-xuong-khoe-manh-ho-tro-ngua-loang-xuong-500-vien\/#primaryimage","url":"https:\/\/lydaily.vn\/jp\/wp-content\/uploads\/2026\/03\/Vien-uong-Kirkland-Calcium-600mg-D3-Bo-sung-Canxi-va-Vitamin-D3-cho-Xuong-Khoe-manh-Ho-tro-ngua-loang-xuong-500-vien.jpg","contentUrl":"https:\/\/lydaily.vn\/jp\/wp-content\/uploads\/2026\/03\/Vien-uong-Kirkland-Calcium-600mg-D3-Bo-sung-Canxi-va-Vitamin-D3-cho-Xuong-Khoe-manh-Ho-tro-ngua-loang-xuong-500-vien.jpg","width":960,"height":960},{"@type":"BreadcrumbList","@id":"https:\/\/lydaily.vn\/jp\/san-pham\/vien-uong-kirkland-calcium-600mg-d3-bo-sung-canxi-va-vitamin-d3-cho-xuong-khoe-manh-ho-tro-ngua-loang-xuong-500-vien\/#breadcrumb","itemListElement":[{"@type":"ListItem","position":1,"name":"Home","item":"https:\/\/lydaily.vn\/jp\/"},{"@type":"ListItem","position":2,"name":"S\u1ea3n ph\u1ea9m","item":"https:\/\/lydaily.vn\/jp\/san-pham\/"},{"@type":"ListItem","position":3,"name":"Vi\u00ean u\u1ed1ng Kirkland Calcium 600mg + D3 &#8211; B\u1ed5 sung Canxi v\u00e0 Vitamin D3 cho X\u01b0\u01a1ng Kh\u1ecfe m\u1ea1nh &#8211; H\u1ed7 tr\u1ee3 ng\u1eeba lo\u00e3ng x\u01b0\u01a1ng, 500 vi\u00ean"}]},{"@type":"WebSite","@id":"https:\/\/lydaily.vn\/jp\/#website","url":"https:\/\/lydaily.vn\/jp\/","name":"Ly Daily","description":"Th\u1ef1c Ph\u1ea9m Ch\u1ee9c N\u0103ng &amp; M\u1ef9 Ph\u1ea9m t\u1ea1i Nh\u1eadt B\u1ea3n v\u00e0 Vi\u1ec7t Nam","potentialAction":[{"@type":"SearchAction","target":{"@type":"EntryPoint","urlTemplate":"https:\/\/lydaily.vn\/jp\/?s={search_term_string}"},"query-input":{"@type":"PropertyValueSpecification","valueRequired":true,"valueName":"search_term_string"}}],"inLanguage":"vi"}]}},"_links":{"self":[{"href":"https:\/\/lydaily.vn\/jp\/wp-json\/wp\/v2\/product\/273","targetHints":{"allow":["GET"]}}],"collection":[{"href":"https:\/\/lydaily.vn\/jp\/wp-json\/wp\/v2\/product"}],"about":[{"href":"https:\/\/lydaily.vn\/jp\/wp-json\/wp\/v2\/types\/product"}],"replies":[{"embeddable":true,"href":"https:\/\/lydaily.vn\/jp\/wp-json\/wp\/v2\/comments?post=273"}],"wp:featuredmedia":[{"embeddable":true,"href":"https:\/\/lydaily.vn\/jp\/wp-json\/wp\/v2\/media\/274"}],"wp:attachment":[{"href":"https:\/\/lydaily.vn\/jp\/wp-json\/wp\/v2\/media?parent=273"}],"wp:term":[{"taxonomy":"product_brand","embeddable":true,"href":"https:\/\/lydaily.vn\/jp\/wp-json\/wp\/v2\/product_brand?post=273"},{"taxonomy":"product_cat","embeddable":true,"href":"https:\/\/lydaily.vn\/jp\/wp-json\/wp\/v2\/product_cat?post=273"},{"taxonomy":"product_tag","embeddable":true,"href":"https:\/\/lydaily.vn\/jp\/wp-json\/wp\/v2\/product_tag?post=273"}],"curies":[{"name":"wp","href":"https:\/\/api.w.org\/{rel}","templated":true}]}}