{"id":271,"date":"2026-03-02T03:37:56","date_gmt":"2026-03-02T03:37:56","guid":{"rendered":"https:\/\/lydaily.qweb.com.vn\/?post_type=product&#038;p=271"},"modified":"2026-03-13T05:30:58","modified_gmt":"2026-03-13T05:30:58","slug":"vien-nghe-giai-ruou-ukon-kugani-700-vien","status":"publish","type":"product","link":"https:\/\/lydaily.vn\/jp\/san-pham\/vien-nghe-giai-ruou-ukon-kugani-700-vien\/","title":{"rendered":"Vi\u00ean ngh\u1ec7 gi\u1ea3i r\u01b0\u1ee3u Ukon Kugani 700 vi\u00ean"},"content":{"rendered":"<h2 class=\"\" data-start=\"1834\" data-end=\"1899\">Vi\u00ean tinh b\u1ed9t ngh\u1ec7 gi\u1ea3i r\u01b0\u1ee3u Ukon Kugani 700 vi\u00ean<\/h2>\n<p class=\"\" data-start=\"1900\" data-end=\"2114\">B\u00ed quy\u1ebft c\u1ee7a d\u00e2n nh\u1eadu\u00a0Nh\u1eadt B\u1ea3n\u00a0l\u00e0 \u0111\u00e2y: Vi\u00ean ngh\u1ec7 Ukon Kugani chi\u1ebft xu\u1ea5t t\u1eeb c\u1ee7 ngh\u1ec7 qu\u00fd, gi\u00e0u curcumin \u2013 ho\u1ea1t ch\u1ea5t n\u1ed5i ti\u1ebfng gi\u00fap h\u1ed7 tr\u1ee3 gi\u1ea3i \u0111\u1ed9c r\u01b0\u1ee3u bia, b\u1ea3o v\u1ec7 t\u1ebf b\u00e0o gan, t\u0103ng s\u1ee9c b\u1ec1n, gi\u1ea3m m\u1ec7t m\u1ecfi sau cu\u1ed9c vui.<\/p>\n<h3 class=\"\" data-start=\"2116\" data-end=\"2151\">Hi\u1ec7u qu\u1ea3 khi s\u1eed d\u1ee5ng s\u1ea3n ph\u1ea9m<\/h3>\n<ul data-start=\"2152\" data-end=\"2487\">\n<li class=\"\" data-start=\"2152\" data-end=\"2217\">\n<p class=\"\" data-start=\"2154\" data-end=\"2217\">Gi\u00fap gi\u1ea3i r\u01b0\u1ee3u nhanh, gi\u1ea3m c\u1ea3m gi\u00e1c m\u1ec7t m\u1ecfi,\u00a0\u0111au \u0111\u1ea7u\u00a0sau nh\u1eadu<\/p>\n<\/li>\n<li class=\"\" data-start=\"2218\" data-end=\"2291\">\n<p class=\"\" data-start=\"2220\" data-end=\"2291\">B\u1ea3o v\u1ec7 gan, h\u1ed7 tr\u1ee3 gi\u1ea3i \u0111\u1ed9c, ng\u0103n ng\u1eeba c\u00e1c t\u1ed5n th\u01b0\u01a1ng gan do r\u01b0\u1ee3u bia<\/p>\n<\/li>\n<li class=\"\" data-start=\"2292\" data-end=\"2358\">\n<p class=\"\" data-start=\"2294\" data-end=\"2358\">H\u1ed7 tr\u1ee3 ti\u00eau h\u00f3a, gi\u1ea3m c\u1ea3m gi\u00e1c \u0111\u1ea7y b\u1ee5ng, kh\u00f3 ti\u00eau sau b\u1eefa ti\u1ec7c<\/p>\n<\/li>\n<li class=\"\" data-start=\"2359\" data-end=\"2420\">\n<p class=\"\" data-start=\"2361\" data-end=\"2420\">B\u1ed5 sung curcumin t\u1ef1 nhi\u00ean, gi\u00fap da s\u00e1ng, s\u1ee9c kh\u1ecfe \u1ed5n \u0111\u1ecbnh<\/p>\n<\/li>\n<\/ul>\n<ul data-start=\"2152\" data-end=\"2487\">\n<li class=\"\" data-start=\"2421\" data-end=\"2487\">\n<p class=\"\" data-start=\"2423\" data-end=\"2487\">D\u1ec5 d\u00f9ng, nh\u1ecf g\u1ecdn, ch\u1ec9 c\u1ea7n mang theo trong t\u00fai l\u00e0 y\u00ean t\u00e2m \u0111i nh\u1eadu<\/p>\n<\/li>\n<\/ul>\n<p class=\"\" data-start=\"2489\" data-end=\"2581\">\u201cU\u1ed1ng r\u01b0\u1ee3u kh\u00f4ng s\u1ee3 say, gan kh\u1ecfe t\u1ec9nh nh\u01b0 s\u00e1o, vui ch\u01a1i h\u1ebft m\u00ecnh \u2013 l\u00e0m vi\u1ec7c v\u1eabn ngon l\u00e0nh!\u201d<\/p>\n<h2 class=\"\" data-start=\"2588\" data-end=\"2637\">H\u01b0\u1edbng d\u1eabn s\u1eed d\u1ee5ng v\u00e0 ch\u1ec9 \u0111\u1ecbnh s\u1eed d\u1ee5ng s\u1ea3n ph\u1ea9m<\/h2>\n<ul data-start=\"2639\" data-end=\"3150\">\n<li class=\"\" data-start=\"2639\" data-end=\"2781\">\n<p class=\"\" data-start=\"2641\" data-end=\"2781\">\u0110\u1ed1i t\u01b0\u1ee3ng s\u1eed d\u1ee5ng: Ng\u01b0\u1eddi th\u01b0\u1eddng xuy\u00ean u\u1ed1ng r\u01b0\u1ee3u bia, ti\u1ec7c t\u00f9ng, l\u00e0m vi\u1ec7c c\u0103ng th\u1eb3ng, mu\u1ed1n b\u1ea3o v\u1ec7 v\u00e0 h\u1ed7 tr\u1ee3 ch\u1ee9c n\u0103ng gan, t\u0103ng s\u1ee9c \u0111\u1ec1 kh\u00e1ng.<\/p>\n<\/li>\n<li class=\"\" data-start=\"2782\" data-end=\"2964\">\n<p class=\"\" data-start=\"2784\" data-end=\"2796\">C\u00e1ch d\u00f9ng:<\/p>\n<ul data-start=\"2799\" data-end=\"2964\">\n<li class=\"\" data-start=\"2799\" data-end=\"2858\">\n<p class=\"\" data-start=\"2801\" data-end=\"2858\">M\u1ed7i l\u1ea7n u\u1ed1ng 3-5 vi\u00ean tr\u01b0\u1edbc ho\u1eb7c sau khi u\u1ed1ng r\u01b0\u1ee3u, bia<\/p>\n<\/li>\n<li class=\"\" data-start=\"2861\" data-end=\"2923\">\n<p class=\"\" data-start=\"2863\" data-end=\"2923\">C\u00f3 th\u1ec3 d\u00f9ng h\u00e0ng ng\u00e0y \u0111\u1ec3 b\u1ea3o v\u1ec7 gan, t\u0103ng hi\u1ec7u qu\u1ea3 l\u00e2u d\u00e0i<\/p>\n<\/li>\n<li class=\"\" data-start=\"2926\" data-end=\"2964\">\n<p class=\"\" data-start=\"2928\" data-end=\"2964\">U\u1ed1ng v\u1edbi n\u01b0\u1edbc \u1ea5m \u0111\u1ec3 h\u1ea5p thu t\u1ed1t nh\u1ea5t<\/p>\n<\/li>\n<\/ul>\n<\/li>\n<\/ul>\n","protected":false},"excerpt":{"rendered":"<p><em>Vi\u00ean b\u1ed9t ngh\u1ec7 h\u1ed7 tr\u1ee3 gi\u1ea3i r\u01b0\u1ee3u Ukon Kugani k\u1ebft h\u1ee3p b\u1ed9t ngh\u1ec7 t\u01b0\u01a1i l\u00ean men, g\u1eebng, gi\u1ea5m, h\u1ed7 tr\u1ee3 gi\u1ea3i r\u01b0\u1ee3u, b\u1ea3o v\u1ec7 gan v\u00e0 gi\u1ea3m m\u1ec7t m\u1ecfi, \u0111\u1eb7c bi\u1ec7t ph\u00f9 h\u1ee3p v\u1edbi nh\u1eefng ng\u01b0\u1eddi sau khi u\u1ed1ng r\u01b0\u1ee3u, n\u00e2ng cao s\u1ee9c \u0111\u1ec1 kh\u00e1ng v\u00e0 gi\u00fap c\u01a1 th\u1ec3 lu\u00f4n trong tr\u1ea1ng th\u00e1i t\u1ed1t<\/em><\/p>\n<ul>\n<li>Th\u01b0\u01a1ng hi\u1ec7u: Okinawa Ukondo<\/li>\n<li>Xu\u1ea5t x\u1ee9: Nh\u1eadt B\u1ea3n<\/li>\n<li>Quy c\u00e1ch: 700 vi\u00ean<\/li>\n<\/ul>\n","protected":false},"featured_media":272,"comment_status":"open","ping_status":"closed","template":"","meta":[],"product_brand":[],"product_cat":[21],"product_tag":[],"class_list":{"0":"post-271","1":"product","2":"type-product","3":"status-publish","4":"has-post-thumbnail","6":"product_cat-thuc-pham-chuc-nang","8":"first","9":"instock","10":"shipping-taxable","11":"purchasable","12":"product-type-simple"},"yoast_head":"<!-- This site is optimized with the Yoast SEO Premium plugin v22.3 (Yoast SEO v27.1.1) - https:\/\/yoast.com\/product\/yoast-seo-premium-wordpress\/ -->\n<title>Vi\u00ean ngh\u1ec7 gi\u1ea3i r\u01b0\u1ee3u Ukon Kugani 700 vi\u00ean - Ly Daily<\/title>\n<meta name=\"robots\" content=\"index, follow, max-snippet:-1, max-image-preview:large, max-video-preview:-1\" \/>\n<link rel=\"canonical\" href=\"https:\/\/lydaily.vn\/jp\/san-pham\/vien-nghe-giai-ruou-ukon-kugani-700-vien\/\" \/>\n<meta property=\"og:locale\" content=\"vi_VN\" \/>\n<meta property=\"og:type\" content=\"article\" \/>\n<meta property=\"og:title\" content=\"Vi\u00ean ngh\u1ec7 gi\u1ea3i r\u01b0\u1ee3u Ukon Kugani 700 vi\u00ean\" \/>\n<meta property=\"og:description\" content=\"Vi\u00ean b\u1ed9t ngh\u1ec7 h\u1ed7 tr\u1ee3 gi\u1ea3i r\u01b0\u1ee3u Ukon Kugani k\u1ebft h\u1ee3p b\u1ed9t ngh\u1ec7 t\u01b0\u01a1i l\u00ean men, g\u1eebng, gi\u1ea5m, h\u1ed7 tr\u1ee3 gi\u1ea3i r\u01b0\u1ee3u, b\u1ea3o v\u1ec7 gan v\u00e0 gi\u1ea3m m\u1ec7t m\u1ecfi, \u0111\u1eb7c bi\u1ec7t ph\u00f9 h\u1ee3p v\u1edbi nh\u1eefng ng\u01b0\u1eddi sau khi u\u1ed1ng r\u01b0\u1ee3u, n\u00e2ng cao s\u1ee9c \u0111\u1ec1 kh\u00e1ng v\u00e0 gi\u00fap c\u01a1 th\u1ec3 lu\u00f4n trong tr\u1ea1ng th\u00e1i t\u1ed1t   Th\u01b0\u01a1ng hi\u1ec7u: Okinawa Ukondo  Xu\u1ea5t x\u1ee9: Nh\u1eadt B\u1ea3n  Quy c\u00e1ch: 700 vi\u00ean\" \/>\n<meta property=\"og:url\" content=\"https:\/\/lydaily.vn\/jp\/san-pham\/vien-nghe-giai-ruou-ukon-kugani-700-vien\/\" \/>\n<meta property=\"og:site_name\" content=\"Ly Daily\" \/>\n<meta property=\"article:modified_time\" content=\"2026-03-13T05:30:58+00:00\" \/>\n<meta property=\"og:image\" content=\"https:\/\/lydaily.vn\/jp\/wp-content\/uploads\/2026\/03\/Vien-nghe-giai-ruou-Ukon-Kugani-700-vien.jpg\" \/>\n\t<meta property=\"og:image:width\" content=\"526\" \/>\n\t<meta property=\"og:image:height\" content=\"526\" \/>\n\t<meta property=\"og:image:type\" content=\"image\/jpeg\" \/>\n<meta name=\"twitter:card\" content=\"summary_large_image\" \/>\n<meta name=\"twitter:label1\" content=\"\u01af\u1edbc t\u00ednh th\u1eddi gian \u0111\u1ecdc\" \/>\n\t<meta name=\"twitter:data1\" content=\"2 ph\u00fat\" \/>\n<script type=\"application\/ld+json\" class=\"yoast-schema-graph\">{\"@context\":\"https:\/\/schema.org\",\"@graph\":[{\"@type\":\"WebPage\",\"@id\":\"https:\/\/lydaily.vn\/jp\/san-pham\/vien-nghe-giai-ruou-ukon-kugani-700-vien\/\",\"url\":\"https:\/\/lydaily.vn\/jp\/san-pham\/vien-nghe-giai-ruou-ukon-kugani-700-vien\/\",\"name\":\"Vi\u00ean ngh\u1ec7 gi\u1ea3i r\u01b0\u1ee3u Ukon Kugani 700 vi\u00ean - Ly Daily\",\"isPartOf\":{\"@id\":\"https:\/\/lydaily.vn\/jp\/#website\"},\"primaryImageOfPage\":{\"@id\":\"https:\/\/lydaily.vn\/jp\/san-pham\/vien-nghe-giai-ruou-ukon-kugani-700-vien\/#primaryimage\"},\"image\":{\"@id\":\"https:\/\/lydaily.vn\/jp\/san-pham\/vien-nghe-giai-ruou-ukon-kugani-700-vien\/#primaryimage\"},\"thumbnailUrl\":\"https:\/\/lydaily.vn\/jp\/wp-content\/uploads\/2026\/03\/Vien-nghe-giai-ruou-Ukon-Kugani-700-vien.jpg\",\"datePublished\":\"2026-03-02T03:37:56+00:00\",\"dateModified\":\"2026-03-13T05:30:58+00:00\",\"breadcrumb\":{\"@id\":\"https:\/\/lydaily.vn\/jp\/san-pham\/vien-nghe-giai-ruou-ukon-kugani-700-vien\/#breadcrumb\"},\"inLanguage\":\"vi\",\"potentialAction\":[{\"@type\":\"ReadAction\",\"target\":[\"https:\/\/lydaily.vn\/jp\/san-pham\/vien-nghe-giai-ruou-ukon-kugani-700-vien\/\"]}]},{\"@type\":\"ImageObject\",\"inLanguage\":\"vi\",\"@id\":\"https:\/\/lydaily.vn\/jp\/san-pham\/vien-nghe-giai-ruou-ukon-kugani-700-vien\/#primaryimage\",\"url\":\"https:\/\/lydaily.vn\/jp\/wp-content\/uploads\/2026\/03\/Vien-nghe-giai-ruou-Ukon-Kugani-700-vien.jpg\",\"contentUrl\":\"https:\/\/lydaily.vn\/jp\/wp-content\/uploads\/2026\/03\/Vien-nghe-giai-ruou-Ukon-Kugani-700-vien.jpg\",\"width\":526,\"height\":526},{\"@type\":\"BreadcrumbList\",\"@id\":\"https:\/\/lydaily.vn\/jp\/san-pham\/vien-nghe-giai-ruou-ukon-kugani-700-vien\/#breadcrumb\",\"itemListElement\":[{\"@type\":\"ListItem\",\"position\":1,\"name\":\"Home\",\"item\":\"https:\/\/lydaily.vn\/jp\/\"},{\"@type\":\"ListItem\",\"position\":2,\"name\":\"S\u1ea3n ph\u1ea9m\",\"item\":\"https:\/\/lydaily.vn\/jp\/san-pham\/\"},{\"@type\":\"ListItem\",\"position\":3,\"name\":\"Vi\u00ean ngh\u1ec7 gi\u1ea3i r\u01b0\u1ee3u Ukon Kugani 700 vi\u00ean\"}]},{\"@type\":\"WebSite\",\"@id\":\"https:\/\/lydaily.vn\/jp\/#website\",\"url\":\"https:\/\/lydaily.vn\/jp\/\",\"name\":\"Ly Daily\",\"description\":\"Th\u1ef1c Ph\u1ea9m Ch\u1ee9c N\u0103ng &amp; M\u1ef9 Ph\u1ea9m t\u1ea1i Nh\u1eadt B\u1ea3n v\u00e0 Vi\u1ec7t Nam\",\"potentialAction\":[{\"@type\":\"SearchAction\",\"target\":{\"@type\":\"EntryPoint\",\"urlTemplate\":\"https:\/\/lydaily.vn\/jp\/?s={search_term_string}\"},\"query-input\":{\"@type\":\"PropertyValueSpecification\",\"valueRequired\":true,\"valueName\":\"search_term_string\"}}],\"inLanguage\":\"vi\"}]}<\/script>\n<!-- \/ Yoast SEO Premium plugin. -->","yoast_head_json":{"title":"Vi\u00ean ngh\u1ec7 gi\u1ea3i r\u01b0\u1ee3u Ukon Kugani 700 vi\u00ean - Ly Daily","robots":{"index":"index","follow":"follow","max-snippet":"max-snippet:-1","max-image-preview":"max-image-preview:large","max-video-preview":"max-video-preview:-1"},"canonical":"https:\/\/lydaily.vn\/jp\/san-pham\/vien-nghe-giai-ruou-ukon-kugani-700-vien\/","og_locale":"vi_VN","og_type":"article","og_title":"Vi\u00ean ngh\u1ec7 gi\u1ea3i r\u01b0\u1ee3u Ukon Kugani 700 vi\u00ean","og_description":"Vi\u00ean b\u1ed9t ngh\u1ec7 h\u1ed7 tr\u1ee3 gi\u1ea3i r\u01b0\u1ee3u Ukon Kugani k\u1ebft h\u1ee3p b\u1ed9t ngh\u1ec7 t\u01b0\u01a1i l\u00ean men, g\u1eebng, gi\u1ea5m, h\u1ed7 tr\u1ee3 gi\u1ea3i r\u01b0\u1ee3u, b\u1ea3o v\u1ec7 gan v\u00e0 gi\u1ea3m m\u1ec7t m\u1ecfi, \u0111\u1eb7c bi\u1ec7t ph\u00f9 h\u1ee3p v\u1edbi nh\u1eefng ng\u01b0\u1eddi sau khi u\u1ed1ng r\u01b0\u1ee3u, n\u00e2ng cao s\u1ee9c \u0111\u1ec1 kh\u00e1ng v\u00e0 gi\u00fap c\u01a1 th\u1ec3 lu\u00f4n trong tr\u1ea1ng th\u00e1i t\u1ed1t   Th\u01b0\u01a1ng hi\u1ec7u: Okinawa Ukondo  Xu\u1ea5t x\u1ee9: Nh\u1eadt B\u1ea3n  Quy c\u00e1ch: 700 vi\u00ean","og_url":"https:\/\/lydaily.vn\/jp\/san-pham\/vien-nghe-giai-ruou-ukon-kugani-700-vien\/","og_site_name":"Ly Daily","article_modified_time":"2026-03-13T05:30:58+00:00","og_image":[{"width":526,"height":526,"url":"https:\/\/lydaily.vn\/jp\/wp-content\/uploads\/2026\/03\/Vien-nghe-giai-ruou-Ukon-Kugani-700-vien.jpg","type":"image\/jpeg"}],"twitter_card":"summary_large_image","twitter_misc":{"\u01af\u1edbc t\u00ednh th\u1eddi gian \u0111\u1ecdc":"2 ph\u00fat"},"schema":{"@context":"https:\/\/schema.org","@graph":[{"@type":"WebPage","@id":"https:\/\/lydaily.vn\/jp\/san-pham\/vien-nghe-giai-ruou-ukon-kugani-700-vien\/","url":"https:\/\/lydaily.vn\/jp\/san-pham\/vien-nghe-giai-ruou-ukon-kugani-700-vien\/","name":"Vi\u00ean ngh\u1ec7 gi\u1ea3i r\u01b0\u1ee3u Ukon Kugani 700 vi\u00ean - Ly Daily","isPartOf":{"@id":"https:\/\/lydaily.vn\/jp\/#website"},"primaryImageOfPage":{"@id":"https:\/\/lydaily.vn\/jp\/san-pham\/vien-nghe-giai-ruou-ukon-kugani-700-vien\/#primaryimage"},"image":{"@id":"https:\/\/lydaily.vn\/jp\/san-pham\/vien-nghe-giai-ruou-ukon-kugani-700-vien\/#primaryimage"},"thumbnailUrl":"https:\/\/lydaily.vn\/jp\/wp-content\/uploads\/2026\/03\/Vien-nghe-giai-ruou-Ukon-Kugani-700-vien.jpg","datePublished":"2026-03-02T03:37:56+00:00","dateModified":"2026-03-13T05:30:58+00:00","breadcrumb":{"@id":"https:\/\/lydaily.vn\/jp\/san-pham\/vien-nghe-giai-ruou-ukon-kugani-700-vien\/#breadcrumb"},"inLanguage":"vi","potentialAction":[{"@type":"ReadAction","target":["https:\/\/lydaily.vn\/jp\/san-pham\/vien-nghe-giai-ruou-ukon-kugani-700-vien\/"]}]},{"@type":"ImageObject","inLanguage":"vi","@id":"https:\/\/lydaily.vn\/jp\/san-pham\/vien-nghe-giai-ruou-ukon-kugani-700-vien\/#primaryimage","url":"https:\/\/lydaily.vn\/jp\/wp-content\/uploads\/2026\/03\/Vien-nghe-giai-ruou-Ukon-Kugani-700-vien.jpg","contentUrl":"https:\/\/lydaily.vn\/jp\/wp-content\/uploads\/2026\/03\/Vien-nghe-giai-ruou-Ukon-Kugani-700-vien.jpg","width":526,"height":526},{"@type":"BreadcrumbList","@id":"https:\/\/lydaily.vn\/jp\/san-pham\/vien-nghe-giai-ruou-ukon-kugani-700-vien\/#breadcrumb","itemListElement":[{"@type":"ListItem","position":1,"name":"Home","item":"https:\/\/lydaily.vn\/jp\/"},{"@type":"ListItem","position":2,"name":"S\u1ea3n ph\u1ea9m","item":"https:\/\/lydaily.vn\/jp\/san-pham\/"},{"@type":"ListItem","position":3,"name":"Vi\u00ean ngh\u1ec7 gi\u1ea3i r\u01b0\u1ee3u Ukon Kugani 700 vi\u00ean"}]},{"@type":"WebSite","@id":"https:\/\/lydaily.vn\/jp\/#website","url":"https:\/\/lydaily.vn\/jp\/","name":"Ly Daily","description":"Th\u1ef1c Ph\u1ea9m Ch\u1ee9c N\u0103ng &amp; M\u1ef9 Ph\u1ea9m t\u1ea1i Nh\u1eadt B\u1ea3n v\u00e0 Vi\u1ec7t Nam","potentialAction":[{"@type":"SearchAction","target":{"@type":"EntryPoint","urlTemplate":"https:\/\/lydaily.vn\/jp\/?s={search_term_string}"},"query-input":{"@type":"PropertyValueSpecification","valueRequired":true,"valueName":"search_term_string"}}],"inLanguage":"vi"}]}},"_links":{"self":[{"href":"https:\/\/lydaily.vn\/jp\/wp-json\/wp\/v2\/product\/271","targetHints":{"allow":["GET"]}}],"collection":[{"href":"https:\/\/lydaily.vn\/jp\/wp-json\/wp\/v2\/product"}],"about":[{"href":"https:\/\/lydaily.vn\/jp\/wp-json\/wp\/v2\/types\/product"}],"replies":[{"embeddable":true,"href":"https:\/\/lydaily.vn\/jp\/wp-json\/wp\/v2\/comments?post=271"}],"wp:featuredmedia":[{"embeddable":true,"href":"https:\/\/lydaily.vn\/jp\/wp-json\/wp\/v2\/media\/272"}],"wp:attachment":[{"href":"https:\/\/lydaily.vn\/jp\/wp-json\/wp\/v2\/media?parent=271"}],"wp:term":[{"taxonomy":"product_brand","embeddable":true,"href":"https:\/\/lydaily.vn\/jp\/wp-json\/wp\/v2\/product_brand?post=271"},{"taxonomy":"product_cat","embeddable":true,"href":"https:\/\/lydaily.vn\/jp\/wp-json\/wp\/v2\/product_cat?post=271"},{"taxonomy":"product_tag","embeddable":true,"href":"https:\/\/lydaily.vn\/jp\/wp-json\/wp\/v2\/product_tag?post=271"}],"curies":[{"name":"wp","href":"https:\/\/api.w.org\/{rel}","templated":true}]}}