{"id":269,"date":"2026-03-02T03:35:10","date_gmt":"2026-03-02T03:35:10","guid":{"rendered":"https:\/\/lydaily.qweb.com.vn\/?post_type=product&#038;p=269"},"modified":"2026-03-13T05:28:04","modified_gmt":"2026-03-13T05:28:04","slug":"thuc-pham-chuc-nang-thuoc-bo-nao-ginkgo-biloba-maruman-tot-nhat-cua-nhat-ban","status":"publish","type":"product","link":"https:\/\/lydaily.vn\/jp\/san-pham\/thuc-pham-chuc-nang-thuoc-bo-nao-ginkgo-biloba-maruman-tot-nhat-cua-nhat-ban\/","title":{"rendered":"Th\u1ef1c ph\u1ea9m ch\u1ee9c n\u0103ng Thu\u1ed1c b\u1ed5 n\u00e3o Ginkgo Biloba Maruman t\u1ed1t nh\u1ea5t c\u1ee7a Nh\u1eadt B\u1ea3n"},"content":{"rendered":"<h3>Th\u00e0nh ph\u1ea7n:<\/h3>\n<ul>\n<li>N\u0103ng l\u01b0\u1ee3ng \u2026\u2026\u20269kcal<\/li>\n<li>Protein\u2026\u2026\u2026\u2026\u2026.0.31g<\/li>\n<li>Vitamin E\u2026\u2026\u2026\u2026.81mg<\/li>\n<li>Lipit\u2026\u2026\u2026\u2026\u2026\u2026..0.79g<\/li>\n<li>Carbohydrate\u2026\u2026\u2026.0.16g<\/li>\n<li>Natri\u2026\u2026\u2026\u2026\u2026\u2026&#8230;0.92mg<\/li>\n<\/ul>\n<h3>C\u00f4ng d\u1ee5ng c\u1ee7a thu\u1ed1c b\u1ed5 n\u00e3o Maruman Ginkgo Biloba Nh\u1eadt:<\/h3>\n<p><strong>\u261e \u00a0<\/strong>\u00a0<strong>Thuoc Maruman c\u1ee7a nhat<\/strong>\u00a0gi\u00fap t\u0103ng c\u01b0\u1eddng l\u01b0u th\u00f4ng m\u00e1u l\u00ean n\u00e3o, cung c\u1ea5p \u0111\u1ee7 m\u00e1u v\u00e0 oxy l\u00ean n\u00e3o.<\/p>\n<p><strong>\u261e \u00a0<\/strong>T\u0103ng c\u01b0\u1eddng tr\u00ed nh\u1edb, kh\u1ea3 n\u0103ng nh\u1eadn th\u1ee9c \u0111\u1eb7c bi\u1ec7t \u0111\u1ed1i v\u1edbi nh\u1eefng ng\u01b0\u1eddi l\u1edbn tu\u1ed5i.<\/p>\n<p><strong>\u261e \u00a0<\/strong>C\u1ea3i thi\u1ec7n ch\u1ee9ng m\u1ea5t tr\u00ed nh\u1edb, l\u00fa l\u1eabn<\/p>\n<p><strong>\u261e \u00a0<\/strong>T\u0103ng kh\u1ea3 n\u0103ng t\u1eadp trung, t\u0103ng hi\u1ec7u su\u1ea5t l\u00e0m vi\u1ec7c<\/p>\n<p><strong>\u261e \u00a0<\/strong>H\u1ed7 tr\u1ee3 tr\u00ed n\u00e3o, l\u00e0m\u00a0gi\u1ea3m c\u0103ng th\u1eb3ng, \u00e1p l\u1ef1c, ng\u1eeba suy nh\u01b0\u1ee3c th\u1ea7n kinh cho h\u1ecdc sinh sinh vi\u00ean m\u00f9a thi c\u1eed, nh\u1eefng ng\u01b0\u1eddi lao \u0111\u1ed9ng tr\u00ed \u00f3c.<\/p>\n<p><strong>\u261e \u00a0<\/strong>Ph\u00f2ng ng\u1eeba thi\u1ebfu m\u00e1u n\u00e3o c\u1ee5c b\u1ed9, l\u00e0m gi\u1ea3m nguy c\u01a1 tai bi\u1ebfn, b\u1ea1i n\u00e3o,&#8230;<\/p>\n<p><strong>\u261e \u00a0<\/strong>B\u1ed5 sung\u00a0<strong>thu\u1ed1c b\u1ed5 n\u00e3o Maruman DHA Ginkgo 200 vi\u00ean\u00a0<\/strong>c\u00f2n gi\u00fap gi\u1ea3m ch\u1ee9ng \u00f9 tai, ch\u00f3ng m\u1eb7t, r\u1ed1i lo\u1ea1n ti\u1ec1n \u0111\u00ecnh.<\/p>\n<p><strong>\u261e \u00a0<\/strong>H\u1ed7 tr\u1ee3 \u0111i\u1ec1u tr\u1ecb b\u1ec7nh\u00a0Raynad, t\u1eafc \u0111\u1ed9ng m\u1ea1ch ngo\u1ea1i bi\u00ean, h\u1ed9i ch\u1ee9ng sau vi\u00eam t\u0129nh m\u1ea1ch.<\/p>\n<p><strong>\u261e \u00a0<\/strong>Ngo\u00e0i ra, c\u1ea3i thi\u1ec7n tho\u00e1i h\u00f3a \u0111i\u1ec3m v\u00e0ng, b\u1ec7nh tr\u0129, suy\u1ec5n v\u00e0 r\u1ed1i lo\u1ea1n t\u00ecnh d\u1ee5c do d\u00f9ng thu\u1ed1c.<\/p>\n<h3>V\u00ec sao n\u00ean b\u1ed5 sung Thu\u1ed1c b\u1ed5 n\u00e3o Ginkgo Biloba Maruman?<\/h3>\n<p>\u27a4 \u00a0Sau 50 tu\u1ed5i, h\u1ea7u h\u1ebft ch\u00fang ta \u0111\u1ec1u c\u00f3 nguy c\u01a1 m\u1eafc b\u1ec7nh suy gi\u1ea3m tr\u00ed nh\u1edb, ho\u1eb7c gi\u1ea3m ch\u1ee9c n\u0103ng nh\u1eadn th\u1ee9c, th\u1eadm ch\u00ed l\u00fa l\u1eabn, tai bi\u1ebfn m\u1ea1ch m\u00e1u n\u00e3o,&#8230;V\u1edbi nh\u1eefng ng\u01b0\u1eddi l\u00e0m vi\u1ec7c tr\u00ed \u00f3c th\u01b0\u1eddng xuy\u00ean ch\u1ecbu \u00e1p l\u1ef1c, c\u0103ng th\u1eb3ng trong c\u00f4ng vi\u1ec7c th\u00ec hi\u1ec7n t\u01b0\u1ee3ng n\u00e0y x\u1ea3y ra s\u1edbm h\u01a1n so v\u1edbi \u0111\u1ed9 tu\u1ed5i trung b\u00ecnh \u0111\u00f3. Ch\u00ednh v\u00ec v\u1eady, vi\u1ec7c b\u1ed5 sung Ginkgo cho nh\u1eefng \u0111\u1ed1i t\u01b0\u1ee3ng n\u00e0y l\u00e0 v\u00f4 c\u00f9ng c\u1ea7n thi\u1ebft \u0111\u1ec3 gi\u00fap t\u0103ng c\u01b0\u1eddng ch\u1ee9c n\u0103ng n\u00e3o b\u1ed9, h\u1ed7 tr\u1ee3 t\u1ebf b\u00e0o th\u1ea7n kinh, v\u00e0 h\u1ed7 tr\u1ee3 \u0111i\u1ec1u tr\u1ecb cho nh\u1eefng c\u0103n b\u1ec7nh g\u00e2y ra do t\u1ed5n th\u01b0\u01a1ng, ch\u1ea5n th\u01b0\u01a1ng n\u00e3o.<\/p>\n<p>\u27a4 \u00a0B\u1ed5 n\u00e3o Maruman Nh\u1eadt l\u00e0 chi\u1ebft xu\u1ea5t t\u1eeb thi\u00ean nhi\u00ean, ch\u00ednh v\u00ec v\u1eady b\u1ea1n c\u00f3 th\u1ec3 y\u00ean t\u00e2m v\u1ec1 m\u1ee9c \u0111\u1ed9 an to\u00e0n c\u1ee7a n\u00f3, \u0111\u1ed3ng th\u1eddi d\u01b0\u1ee1ng ch\u1ea5t n\u00e0y c\u0169ng \u0111\u01b0\u1ee3c h\u1ea5p thu t\u1ed1t v\u00e0o c\u01a1 th\u1ec3, kh\u00f4ng g\u00e2y t\u00e1c d\u1ee5ng ph\u1ee5.<\/p>\n","protected":false},"excerpt":{"rendered":"<div class=\"rowl\">\n<p class=\"intro\">Thu\u1ed1c b\u1ed5 n\u00e3o Ginkgo Biloba Maruman gi\u00fap t\u0103ng c\u01b0\u1eddng tu\u1ea7n ho\u00e0n m\u00e1u, c\u1ea3i thi\u1ec7n tr\u00ed nh\u1edb, gi\u00fap t\u0103ng kh\u1ea3 n\u0103ng t\u1eadp trung. gi\u1ea3m c\u0103ng th\u1eb3ng, lo \u00e2u, tr\u1ea7m c\u1ea3m. S\u1ea3n ph\u1ea9m d\u00e0nh cho ng\u01b0\u1eddi l\u1edbn tu\u1ed5i v\u00e0 h\u1ecdc sinh sinh vi\u00ean,&#8230;<\/p>\n<\/div>\n<div class=\"rowr\"><\/div>\n","protected":false},"featured_media":270,"comment_status":"open","ping_status":"closed","template":"","meta":[],"product_brand":[],"product_cat":[21],"product_tag":[],"class_list":{"0":"post-269","1":"product","2":"type-product","3":"status-publish","4":"has-post-thumbnail","6":"product_cat-thuc-pham-chuc-nang","8":"first","9":"instock","10":"shipping-taxable","11":"purchasable","12":"product-type-simple"},"yoast_head":"<!-- This site is optimized with the Yoast SEO Premium plugin v22.3 (Yoast SEO v27.1.1) - https:\/\/yoast.com\/product\/yoast-seo-premium-wordpress\/ -->\n<title>Th\u1ef1c ph\u1ea9m ch\u1ee9c n\u0103ng Thu\u1ed1c b\u1ed5 n\u00e3o Ginkgo Biloba Maruman t\u1ed1t nh\u1ea5t c\u1ee7a Nh\u1eadt B\u1ea3n - Ly Daily<\/title>\n<meta name=\"robots\" content=\"index, follow, max-snippet:-1, max-image-preview:large, max-video-preview:-1\" \/>\n<link rel=\"canonical\" href=\"https:\/\/lydaily.vn\/jp\/san-pham\/thuc-pham-chuc-nang-thuoc-bo-nao-ginkgo-biloba-maruman-tot-nhat-cua-nhat-ban\/\" \/>\n<meta property=\"og:locale\" content=\"vi_VN\" \/>\n<meta property=\"og:type\" content=\"article\" \/>\n<meta property=\"og:title\" content=\"Th\u1ef1c ph\u1ea9m ch\u1ee9c n\u0103ng Thu\u1ed1c b\u1ed5 n\u00e3o Ginkgo Biloba Maruman t\u1ed1t nh\u1ea5t c\u1ee7a Nh\u1eadt B\u1ea3n\" \/>\n<meta property=\"og:description\" content=\"Thu\u1ed1c b\u1ed5 n\u00e3o Ginkgo Biloba Maruman gi\u00fap t\u0103ng c\u01b0\u1eddng tu\u1ea7n ho\u00e0n m\u00e1u, c\u1ea3i thi\u1ec7n tr\u00ed nh\u1edb, gi\u00fap t\u0103ng kh\u1ea3 n\u0103ng t\u1eadp trung. gi\u1ea3m c\u0103ng th\u1eb3ng, lo \u00e2u, tr\u1ea7m c\u1ea3m. S\u1ea3n ph\u1ea9m d\u00e0nh cho ng\u01b0\u1eddi l\u1edbn tu\u1ed5i v\u00e0 h\u1ecdc sinh sinh vi\u00ean,...\" \/>\n<meta property=\"og:url\" content=\"https:\/\/lydaily.vn\/jp\/san-pham\/thuc-pham-chuc-nang-thuoc-bo-nao-ginkgo-biloba-maruman-tot-nhat-cua-nhat-ban\/\" \/>\n<meta property=\"og:site_name\" content=\"Ly Daily\" \/>\n<meta property=\"article:modified_time\" content=\"2026-03-13T05:28:04+00:00\" \/>\n<meta property=\"og:image\" content=\"https:\/\/lydaily.vn\/jp\/wp-content\/uploads\/2026\/03\/Thuc-pham-chuc-nang-Thuoc-bo-nao-Ginkgo-Biloba-Maruman-tot-nhat-cua-Nhat-Ban.jpg\" \/>\n\t<meta property=\"og:image:width\" content=\"600\" \/>\n\t<meta property=\"og:image:height\" content=\"600\" \/>\n\t<meta property=\"og:image:type\" content=\"image\/jpeg\" \/>\n<meta name=\"twitter:card\" content=\"summary_large_image\" \/>\n<meta name=\"twitter:label1\" content=\"\u01af\u1edbc t\u00ednh th\u1eddi gian \u0111\u1ecdc\" \/>\n\t<meta name=\"twitter:data1\" content=\"3 ph\u00fat\" \/>\n<script type=\"application\/ld+json\" class=\"yoast-schema-graph\">{\"@context\":\"https:\/\/schema.org\",\"@graph\":[{\"@type\":\"WebPage\",\"@id\":\"https:\/\/lydaily.vn\/jp\/san-pham\/thuc-pham-chuc-nang-thuoc-bo-nao-ginkgo-biloba-maruman-tot-nhat-cua-nhat-ban\/\",\"url\":\"https:\/\/lydaily.vn\/jp\/san-pham\/thuc-pham-chuc-nang-thuoc-bo-nao-ginkgo-biloba-maruman-tot-nhat-cua-nhat-ban\/\",\"name\":\"Th\u1ef1c ph\u1ea9m ch\u1ee9c n\u0103ng Thu\u1ed1c b\u1ed5 n\u00e3o Ginkgo Biloba Maruman t\u1ed1t nh\u1ea5t c\u1ee7a Nh\u1eadt B\u1ea3n - Ly Daily\",\"isPartOf\":{\"@id\":\"https:\/\/lydaily.vn\/jp\/#website\"},\"primaryImageOfPage\":{\"@id\":\"https:\/\/lydaily.vn\/jp\/san-pham\/thuc-pham-chuc-nang-thuoc-bo-nao-ginkgo-biloba-maruman-tot-nhat-cua-nhat-ban\/#primaryimage\"},\"image\":{\"@id\":\"https:\/\/lydaily.vn\/jp\/san-pham\/thuc-pham-chuc-nang-thuoc-bo-nao-ginkgo-biloba-maruman-tot-nhat-cua-nhat-ban\/#primaryimage\"},\"thumbnailUrl\":\"https:\/\/lydaily.vn\/jp\/wp-content\/uploads\/2026\/03\/Thuc-pham-chuc-nang-Thuoc-bo-nao-Ginkgo-Biloba-Maruman-tot-nhat-cua-Nhat-Ban.jpg\",\"datePublished\":\"2026-03-02T03:35:10+00:00\",\"dateModified\":\"2026-03-13T05:28:04+00:00\",\"breadcrumb\":{\"@id\":\"https:\/\/lydaily.vn\/jp\/san-pham\/thuc-pham-chuc-nang-thuoc-bo-nao-ginkgo-biloba-maruman-tot-nhat-cua-nhat-ban\/#breadcrumb\"},\"inLanguage\":\"vi\",\"potentialAction\":[{\"@type\":\"ReadAction\",\"target\":[\"https:\/\/lydaily.vn\/jp\/san-pham\/thuc-pham-chuc-nang-thuoc-bo-nao-ginkgo-biloba-maruman-tot-nhat-cua-nhat-ban\/\"]}]},{\"@type\":\"ImageObject\",\"inLanguage\":\"vi\",\"@id\":\"https:\/\/lydaily.vn\/jp\/san-pham\/thuc-pham-chuc-nang-thuoc-bo-nao-ginkgo-biloba-maruman-tot-nhat-cua-nhat-ban\/#primaryimage\",\"url\":\"https:\/\/lydaily.vn\/jp\/wp-content\/uploads\/2026\/03\/Thuc-pham-chuc-nang-Thuoc-bo-nao-Ginkgo-Biloba-Maruman-tot-nhat-cua-Nhat-Ban.jpg\",\"contentUrl\":\"https:\/\/lydaily.vn\/jp\/wp-content\/uploads\/2026\/03\/Thuc-pham-chuc-nang-Thuoc-bo-nao-Ginkgo-Biloba-Maruman-tot-nhat-cua-Nhat-Ban.jpg\",\"width\":600,\"height\":600},{\"@type\":\"BreadcrumbList\",\"@id\":\"https:\/\/lydaily.vn\/jp\/san-pham\/thuc-pham-chuc-nang-thuoc-bo-nao-ginkgo-biloba-maruman-tot-nhat-cua-nhat-ban\/#breadcrumb\",\"itemListElement\":[{\"@type\":\"ListItem\",\"position\":1,\"name\":\"Home\",\"item\":\"https:\/\/lydaily.vn\/jp\/\"},{\"@type\":\"ListItem\",\"position\":2,\"name\":\"S\u1ea3n ph\u1ea9m\",\"item\":\"https:\/\/lydaily.vn\/jp\/san-pham\/\"},{\"@type\":\"ListItem\",\"position\":3,\"name\":\"Th\u1ef1c ph\u1ea9m ch\u1ee9c n\u0103ng Thu\u1ed1c b\u1ed5 n\u00e3o Ginkgo Biloba Maruman t\u1ed1t nh\u1ea5t c\u1ee7a Nh\u1eadt B\u1ea3n\"}]},{\"@type\":\"WebSite\",\"@id\":\"https:\/\/lydaily.vn\/jp\/#website\",\"url\":\"https:\/\/lydaily.vn\/jp\/\",\"name\":\"Ly Daily\",\"description\":\"Th\u1ef1c Ph\u1ea9m Ch\u1ee9c N\u0103ng &amp; M\u1ef9 Ph\u1ea9m t\u1ea1i Nh\u1eadt B\u1ea3n v\u00e0 Vi\u1ec7t Nam\",\"potentialAction\":[{\"@type\":\"SearchAction\",\"target\":{\"@type\":\"EntryPoint\",\"urlTemplate\":\"https:\/\/lydaily.vn\/jp\/?s={search_term_string}\"},\"query-input\":{\"@type\":\"PropertyValueSpecification\",\"valueRequired\":true,\"valueName\":\"search_term_string\"}}],\"inLanguage\":\"vi\"}]}<\/script>\n<!-- \/ Yoast SEO Premium plugin. -->","yoast_head_json":{"title":"Th\u1ef1c ph\u1ea9m ch\u1ee9c n\u0103ng Thu\u1ed1c b\u1ed5 n\u00e3o Ginkgo Biloba Maruman t\u1ed1t nh\u1ea5t c\u1ee7a Nh\u1eadt B\u1ea3n - Ly Daily","robots":{"index":"index","follow":"follow","max-snippet":"max-snippet:-1","max-image-preview":"max-image-preview:large","max-video-preview":"max-video-preview:-1"},"canonical":"https:\/\/lydaily.vn\/jp\/san-pham\/thuc-pham-chuc-nang-thuoc-bo-nao-ginkgo-biloba-maruman-tot-nhat-cua-nhat-ban\/","og_locale":"vi_VN","og_type":"article","og_title":"Th\u1ef1c ph\u1ea9m ch\u1ee9c n\u0103ng Thu\u1ed1c b\u1ed5 n\u00e3o Ginkgo Biloba Maruman t\u1ed1t nh\u1ea5t c\u1ee7a Nh\u1eadt B\u1ea3n","og_description":"Thu\u1ed1c b\u1ed5 n\u00e3o Ginkgo Biloba Maruman gi\u00fap t\u0103ng c\u01b0\u1eddng tu\u1ea7n ho\u00e0n m\u00e1u, c\u1ea3i thi\u1ec7n tr\u00ed nh\u1edb, gi\u00fap t\u0103ng kh\u1ea3 n\u0103ng t\u1eadp trung. gi\u1ea3m c\u0103ng th\u1eb3ng, lo \u00e2u, tr\u1ea7m c\u1ea3m. S\u1ea3n ph\u1ea9m d\u00e0nh cho ng\u01b0\u1eddi l\u1edbn tu\u1ed5i v\u00e0 h\u1ecdc sinh sinh vi\u00ean,...","og_url":"https:\/\/lydaily.vn\/jp\/san-pham\/thuc-pham-chuc-nang-thuoc-bo-nao-ginkgo-biloba-maruman-tot-nhat-cua-nhat-ban\/","og_site_name":"Ly Daily","article_modified_time":"2026-03-13T05:28:04+00:00","og_image":[{"width":600,"height":600,"url":"https:\/\/lydaily.vn\/jp\/wp-content\/uploads\/2026\/03\/Thuc-pham-chuc-nang-Thuoc-bo-nao-Ginkgo-Biloba-Maruman-tot-nhat-cua-Nhat-Ban.jpg","type":"image\/jpeg"}],"twitter_card":"summary_large_image","twitter_misc":{"\u01af\u1edbc t\u00ednh th\u1eddi gian \u0111\u1ecdc":"3 ph\u00fat"},"schema":{"@context":"https:\/\/schema.org","@graph":[{"@type":"WebPage","@id":"https:\/\/lydaily.vn\/jp\/san-pham\/thuc-pham-chuc-nang-thuoc-bo-nao-ginkgo-biloba-maruman-tot-nhat-cua-nhat-ban\/","url":"https:\/\/lydaily.vn\/jp\/san-pham\/thuc-pham-chuc-nang-thuoc-bo-nao-ginkgo-biloba-maruman-tot-nhat-cua-nhat-ban\/","name":"Th\u1ef1c ph\u1ea9m ch\u1ee9c n\u0103ng Thu\u1ed1c b\u1ed5 n\u00e3o Ginkgo Biloba Maruman t\u1ed1t nh\u1ea5t c\u1ee7a Nh\u1eadt B\u1ea3n - Ly Daily","isPartOf":{"@id":"https:\/\/lydaily.vn\/jp\/#website"},"primaryImageOfPage":{"@id":"https:\/\/lydaily.vn\/jp\/san-pham\/thuc-pham-chuc-nang-thuoc-bo-nao-ginkgo-biloba-maruman-tot-nhat-cua-nhat-ban\/#primaryimage"},"image":{"@id":"https:\/\/lydaily.vn\/jp\/san-pham\/thuc-pham-chuc-nang-thuoc-bo-nao-ginkgo-biloba-maruman-tot-nhat-cua-nhat-ban\/#primaryimage"},"thumbnailUrl":"https:\/\/lydaily.vn\/jp\/wp-content\/uploads\/2026\/03\/Thuc-pham-chuc-nang-Thuoc-bo-nao-Ginkgo-Biloba-Maruman-tot-nhat-cua-Nhat-Ban.jpg","datePublished":"2026-03-02T03:35:10+00:00","dateModified":"2026-03-13T05:28:04+00:00","breadcrumb":{"@id":"https:\/\/lydaily.vn\/jp\/san-pham\/thuc-pham-chuc-nang-thuoc-bo-nao-ginkgo-biloba-maruman-tot-nhat-cua-nhat-ban\/#breadcrumb"},"inLanguage":"vi","potentialAction":[{"@type":"ReadAction","target":["https:\/\/lydaily.vn\/jp\/san-pham\/thuc-pham-chuc-nang-thuoc-bo-nao-ginkgo-biloba-maruman-tot-nhat-cua-nhat-ban\/"]}]},{"@type":"ImageObject","inLanguage":"vi","@id":"https:\/\/lydaily.vn\/jp\/san-pham\/thuc-pham-chuc-nang-thuoc-bo-nao-ginkgo-biloba-maruman-tot-nhat-cua-nhat-ban\/#primaryimage","url":"https:\/\/lydaily.vn\/jp\/wp-content\/uploads\/2026\/03\/Thuc-pham-chuc-nang-Thuoc-bo-nao-Ginkgo-Biloba-Maruman-tot-nhat-cua-Nhat-Ban.jpg","contentUrl":"https:\/\/lydaily.vn\/jp\/wp-content\/uploads\/2026\/03\/Thuc-pham-chuc-nang-Thuoc-bo-nao-Ginkgo-Biloba-Maruman-tot-nhat-cua-Nhat-Ban.jpg","width":600,"height":600},{"@type":"BreadcrumbList","@id":"https:\/\/lydaily.vn\/jp\/san-pham\/thuc-pham-chuc-nang-thuoc-bo-nao-ginkgo-biloba-maruman-tot-nhat-cua-nhat-ban\/#breadcrumb","itemListElement":[{"@type":"ListItem","position":1,"name":"Home","item":"https:\/\/lydaily.vn\/jp\/"},{"@type":"ListItem","position":2,"name":"S\u1ea3n ph\u1ea9m","item":"https:\/\/lydaily.vn\/jp\/san-pham\/"},{"@type":"ListItem","position":3,"name":"Th\u1ef1c ph\u1ea9m ch\u1ee9c n\u0103ng Thu\u1ed1c b\u1ed5 n\u00e3o Ginkgo Biloba Maruman t\u1ed1t nh\u1ea5t c\u1ee7a Nh\u1eadt B\u1ea3n"}]},{"@type":"WebSite","@id":"https:\/\/lydaily.vn\/jp\/#website","url":"https:\/\/lydaily.vn\/jp\/","name":"Ly Daily","description":"Th\u1ef1c Ph\u1ea9m Ch\u1ee9c N\u0103ng &amp; M\u1ef9 Ph\u1ea9m t\u1ea1i Nh\u1eadt B\u1ea3n v\u00e0 Vi\u1ec7t Nam","potentialAction":[{"@type":"SearchAction","target":{"@type":"EntryPoint","urlTemplate":"https:\/\/lydaily.vn\/jp\/?s={search_term_string}"},"query-input":{"@type":"PropertyValueSpecification","valueRequired":true,"valueName":"search_term_string"}}],"inLanguage":"vi"}]}},"_links":{"self":[{"href":"https:\/\/lydaily.vn\/jp\/wp-json\/wp\/v2\/product\/269","targetHints":{"allow":["GET"]}}],"collection":[{"href":"https:\/\/lydaily.vn\/jp\/wp-json\/wp\/v2\/product"}],"about":[{"href":"https:\/\/lydaily.vn\/jp\/wp-json\/wp\/v2\/types\/product"}],"replies":[{"embeddable":true,"href":"https:\/\/lydaily.vn\/jp\/wp-json\/wp\/v2\/comments?post=269"}],"wp:featuredmedia":[{"embeddable":true,"href":"https:\/\/lydaily.vn\/jp\/wp-json\/wp\/v2\/media\/270"}],"wp:attachment":[{"href":"https:\/\/lydaily.vn\/jp\/wp-json\/wp\/v2\/media?parent=269"}],"wp:term":[{"taxonomy":"product_brand","embeddable":true,"href":"https:\/\/lydaily.vn\/jp\/wp-json\/wp\/v2\/product_brand?post=269"},{"taxonomy":"product_cat","embeddable":true,"href":"https:\/\/lydaily.vn\/jp\/wp-json\/wp\/v2\/product_cat?post=269"},{"taxonomy":"product_tag","embeddable":true,"href":"https:\/\/lydaily.vn\/jp\/wp-json\/wp\/v2\/product_tag?post=269"}],"curies":[{"name":"wp","href":"https:\/\/api.w.org\/{rel}","templated":true}]}}