{"id":265,"date":"2026-03-01T02:24:40","date_gmt":"2026-03-01T02:24:40","guid":{"rendered":"https:\/\/lydaily.qweb.com.vn\/?post_type=product&#038;p=265"},"modified":"2026-03-13T05:27:06","modified_gmt":"2026-03-13T05:27:06","slug":"vien-uong-bo-nao-orihiro-ginkgo-biloba-240-vien-hang-nhat-noi-dia","status":"publish","type":"product","link":"https:\/\/lydaily.vn\/jp\/san-pham\/vien-uong-bo-nao-orihiro-ginkgo-biloba-240-vien-hang-nhat-noi-dia\/","title":{"rendered":"Vi\u00ean u\u1ed1ng b\u1ed5 n\u00e3o Orihiro Ginkgo Biloba 240 vi\u00ean &#8211; H\u00e0ng Nh\u1eadt n\u1ed9i \u0111\u1ecba"},"content":{"rendered":"<h3><strong>C\u00f4ng D\u1ee5ng N\u1ed5i B\u1eadt:<\/strong><\/h3>\n<ul>\n<li><strong>T\u0103ng c\u01b0\u1eddng tu\u1ea7n ho\u00e0n m\u00e1u l\u00ean n\u00e3o:<\/strong>\u00a0Gi\u00fap m\u00e1u l\u01b0u th\u00f4ng t\u1ed1t h\u01a1n, c\u1ea3i thi\u1ec7n ch\u1ee9c n\u0103ng n\u00e3o b\u1ed9 v\u00e0 t\u0103ng kh\u1ea3 n\u0103ng t\u1eadp trung.<\/li>\n<li><strong>C\u1ea3i thi\u1ec7n tr\u00ed nh\u1edb v\u00e0 \u0111\u1ed9 minh m\u1eabn:<\/strong>\u00a0H\u1ed7 tr\u1ee3 ch\u1ee9c n\u0103ng ghi nh\u1edb, t\u0103ng c\u01b0\u1eddng s\u1ef1 nhanh nh\u1ea1y trong t\u01b0 duy v\u00e0 gi\u1ea3m t\u00ecnh tr\u1ea1ng \u0111\u00e3ng tr\u00ed.<\/li>\n<li><strong>Gi\u1ea3m nguy c\u01a1 suy gi\u1ea3m nh\u1eadn th\u1ee9c:<\/strong>\u00a0\u0110\u1eb7c bi\u1ec7t hi\u1ec7u qu\u1ea3 v\u1edbi ng\u01b0\u1eddi t\u1eeb 40 tu\u1ed5i tr\u1edf l\u00ean \u0111\u1ec3 ph\u00f2ng ng\u1eeba c\u00e1c v\u1ea5n \u0111\u1ec1 v\u1ec1 tr\u00ed nh\u1edb khi l\u1edbn tu\u1ed5i.<\/li>\n<li><strong>H\u1ed7 tr\u1ee3 gi\u1ea3m c\u0103ng th\u1eb3ng, m\u1ec7t m\u1ecfi:<\/strong>\u00a0Gi\u00fap th\u01b0 gi\u00e3n tinh th\u1ea7n, gi\u1ea3m stress cho ng\u01b0\u1eddi l\u00e0m vi\u1ec7c tr\u00ed \u00f3c ho\u1eb7c h\u1ecdc t\u1eadp c\u0103ng th\u1eb3ng.<\/li>\n<li><strong>Gi\u1ea3m tri\u1ec7u ch\u1ee9ng hoa m\u1eaft, ch\u00f3ng m\u1eb7t:<\/strong>\u00a0C\u1ea3i thi\u1ec7n t\u00ecnh tr\u1ea1ng thi\u1ebfu m\u00e1u l\u00ean n\u00e3o, gi\u00fap t\u1ec9nh t\u00e1o v\u00e0 t\u1eadp trung h\u01a1n trong c\u00f4ng vi\u1ec7c.<\/li>\n<li><strong>H\u1ed7 tr\u1ee3 ch\u1ee9c n\u0103ng ti\u1ec1n \u0111\u00ecnh:<\/strong>\u00a0Gi\u1ea3m t\u00ecnh tr\u1ea1ng l\u01a1 m\u01a1, m\u1ea5t th\u0103ng b\u1eb1ng, \u0111\u1eb7c bi\u1ec7t v\u00e0o cu\u1ed1i ng\u00e0y do tu\u1ea7n ho\u00e0n m\u00e1u k\u00e9m.<\/li>\n<\/ul>\n<h3>\u00a0<strong>Th\u00e0nh Ph\u1ea7n Ch\u00ednh:<\/strong><\/h3>\n<ul>\n<li><strong>Chi\u1ebft xu\u1ea5t l\u00e1 c\u00e2y b\u1ea1ch qu\u1ea3 (Ginkgo Biloba Extract):<\/strong>\u00a0Gi\u00e0u Flavonoid v\u00e0 Terpene Lactone, gi\u00fap c\u1ea3i thi\u1ec7n tu\u1ea7n ho\u00e0n m\u00e1u v\u00e0 b\u1ea3o v\u1ec7 t\u1ebf b\u00e0o th\u1ea7n kinh.<\/li>\n<li><strong>Reduced Maltose Starch Syrup, Maltodextrin:<\/strong>\u00a0Cung c\u1ea5p n\u0103ng l\u01b0\u1ee3ng cho ho\u1ea1t \u0111\u1ed9ng c\u1ee7a n\u00e3o b\u1ed9.<\/li>\n<li><strong>Soybean Lecithin:<\/strong>\u00a0T\u1ed1t cho h\u1ec7 th\u1ea7n kinh v\u00e0 gi\u00fap t\u0103ng c\u01b0\u1eddng ch\u1ee9c n\u0103ng n\u00e3o b\u1ed9.<\/li>\n<li><strong>Vitamin nh\u00f3m B (B1, B6, B12):<\/strong>\u00a0H\u1ed7 tr\u1ee3 ho\u1ea1t \u0111\u1ed9ng c\u1ee7a h\u1ec7 th\u1ea7n kinh v\u00e0 c\u1ea3i thi\u1ec7n s\u1ef1 t\u1eadp trung.<\/li>\n<li><strong>Pantothenic Acid Ca:<\/strong>\u00a0T\u0103ng c\u01b0\u1eddng trao \u0111\u1ed5i ch\u1ea5t v\u00e0 duy tr\u00ec s\u1ee9c kh\u1ecfe c\u1ee7a t\u1ebf b\u00e0o th\u1ea7n kinh.<\/li>\n<\/ul>\n<h3>\u00a0<strong>\u0110\u1ed1i T\u01b0\u1ee3ng S\u1eed D\u1ee5ng:<\/strong><\/h3>\n<ul>\n<li>Ng\u01b0\u1eddi t\u1eeb\u00a0<strong>40 tu\u1ed5i tr\u1edf l\u00ean<\/strong>\u00a0mu\u1ed1n ph\u00f2ng ng\u1eeba t\u00ecnh tr\u1ea1ng suy gi\u1ea3m tr\u00ed nh\u1edb khi v\u1ec1 gi\u00e0.<\/li>\n<li>Ng\u01b0\u1eddi tr\u1ebb (tr\u00ean 16 tu\u1ed5i) g\u1eb7p c\u00e1c v\u1ea5n \u0111\u1ec1 v\u1ec1\u00a0<strong>suy gi\u1ea3m tr\u00ed nh\u1edb, m\u1ea5t t\u1eadp trung<\/strong>, ho\u1eb7c\u00a0<strong>h\u1ecdc t\u1eadp v\u00e0 l\u00e0m vi\u1ec7c c\u0103ng th\u1eb3ng<\/strong>.<\/li>\n<li>Ng\u01b0\u1eddi l\u00e0m vi\u1ec7c tr\u00ed \u00f3c, d\u1ec5 b\u1ecb\u00a0<strong>stress, c\u0103ng th\u1eb3ng th\u1ea7n kinh<\/strong>.<\/li>\n<li>Ng\u01b0\u1eddi b\u1ecb\u00a0<strong>thi\u1ebfu m\u00e1u l\u00ean n\u00e3o<\/strong>, th\u01b0\u1eddng xuy\u00ean b\u1ecb hoa m\u1eaft, ch\u00f3ng m\u1eb7t ho\u1eb7c \u0111au \u0111\u1ea7u nh\u1eb9.<\/li>\n<\/ul>\n<h3><strong>H\u01b0\u1edbng D\u1eabn S\u1eed D\u1ee5ng:<\/strong><\/h3>\n<ul>\n<li><strong>Li\u1ec1u d\u00f9ng:<\/strong>\u00a0U\u1ed1ng\u00a0<strong>10 vi\u00ean\/ng\u00e0y<\/strong>, chia th\u00e0nh 2 \u2013 3 l\u1ea7n sau b\u1eefa \u0103n kho\u1ea3ng 30 \u2013 60 ph\u00fat.<\/li>\n<li><strong>Li\u1ec7u tr\u00ecnh:<\/strong>\u00a0S\u1eed d\u1ee5ng li\u00ean t\u1ee5c t\u1eeb\u00a0<strong>2 \u2013 3 th\u00e1ng<\/strong>\u00a0\u0111\u1ec3 \u0111\u1ea1t hi\u1ec7u qu\u1ea3 t\u1ed1i \u01b0u.<\/li>\n<li><strong>L\u01b0u \u00fd:<\/strong>\u00a0U\u1ed1ng v\u1edbi n\u01b0\u1edbc \u1ea5m \u0111\u1ec3 c\u01a1 th\u1ec3 h\u1ea5p th\u1ee5 t\u1ed1t nh\u1ea5t.<\/li>\n<\/ul>\n<h3><strong>B\u1ea3o Qu\u1ea3n:<\/strong><\/h3>\n<ul>\n<li>B\u1ea3o qu\u1ea3n n\u01a1i\u00a0<strong>kh\u00f4 r\u00e1o, tho\u00e1ng m\u00e1t<\/strong>, tr\u00e1nh \u00e1nh n\u1eafng tr\u1ef1c ti\u1ebfp v\u00e0 n\u01a1i c\u00f3 nhi\u1ec7t \u0111\u1ed9 cao.<\/li>\n<li>\u0110\u1eady k\u00edn n\u1eafp sau khi s\u1eed d\u1ee5ng \u0111\u1ec3 tr\u00e1nh \u1ea9m m\u1ed1c.<\/li>\n<li><strong>\u0110\u1ec3 xa t\u1ea7m tay tr\u1ebb em.<\/strong><\/li>\n<\/ul>\n<h3><strong>L\u01b0u \u00dd Khi S\u1eed D\u1ee5ng:<\/strong><\/h3>\n<ul>\n<li>Tham kh\u1ea3o \u00fd ki\u1ebfn b\u00e1c s\u0129 n\u1ebfu b\u1ea1n \u0111ang \u0111i\u1ec1u tr\u1ecb b\u1ec7nh ho\u1eb7c d\u00f9ng thu\u1ed1c kh\u00e1c.<\/li>\n<li>Kh\u00f4ng d\u00f9ng cho\u00a0<strong>ph\u1ee5 n\u1eef mang thai ho\u1eb7c \u0111ang cho con b\u00fa<\/strong>\u00a0khi ch\u01b0a c\u00f3 s\u1ef1 ch\u1ec9 \u0111\u1ecbnh c\u1ee7a b\u00e1c s\u0129.<\/li>\n<li>Kh\u00f4ng s\u1eed d\u1ee5ng cho tr\u1ebb d\u01b0\u1edbi 16 tu\u1ed5i.<\/li>\n<li>Kh\u00f4ng t\u1ef1 \u00fd t\u0103ng li\u1ec1u l\u01b0\u1ee3ng khuy\u1ebfn c\u00e1o.<\/li>\n<li>Hi\u1ec7u qu\u1ea3 s\u1ea3n ph\u1ea9m ph\u1ee5 thu\u1ed9c v\u00e0o c\u01a1 \u0111\u1ecba c\u1ee7a t\u1eebng ng\u01b0\u1eddi.<\/li>\n<\/ul>\n","protected":false},"excerpt":{"rendered":"<p><strong>Vi\u00ean U\u1ed1ng B\u1ed5 N\u00e3o Orihiro Ginkgo Biloba 240 Vi\u00ean<\/strong>\u00a0l\u00e0 s\u1ea3n ph\u1ea9m th\u1ef1c ph\u1ea9m ch\u1ee9c n\u0103ng h\u00e0ng \u0111\u1ea7u \u0111\u1ebfn t\u1eeb Nh\u1eadt B\u1ea3n, chi\u1ebft xu\u1ea5t t\u1eeb l\u00e1 c\u00e2y b\u1ea1ch qu\u1ea3 (Ginkgo Biloba) \u2013 m\u1ed9t lo\u1ea1i th\u1ea3o d\u01b0\u1ee3c \u0111\u00e3 \u0111\u01b0\u1ee3c s\u1eed d\u1ee5ng r\u1ed9ng r\u00e3i \u0111\u1ec3 c\u1ea3i thi\u1ec7n ch\u1ee9c n\u0103ng n\u00e3o b\u1ed9 v\u00e0 t\u0103ng c\u01b0\u1eddng tu\u1ea7n ho\u00e0n m\u00e1u. S\u1ea3n ph\u1ea9m gi\u00fap\u00a0<strong>c\u1ea3i thi\u1ec7n tr\u00ed nh\u1edb, t\u0103ng c\u01b0\u1eddng s\u1ef1 minh m\u1eabn<\/strong>, \u0111\u1eb7c bi\u1ec7t hi\u1ec7u qu\u1ea3 cho ng\u01b0\u1eddi l\u1edbn tu\u1ed5i ho\u1eb7c nh\u1eefng ng\u01b0\u1eddi th\u01b0\u1eddng xuy\u00ean l\u00e0m vi\u1ec7c c\u0103ng th\u1eb3ng.<\/p>\n","protected":false},"featured_media":266,"comment_status":"open","ping_status":"closed","template":"","meta":[],"product_brand":[],"product_cat":[21],"product_tag":[],"class_list":{"0":"post-265","1":"product","2":"type-product","3":"status-publish","4":"has-post-thumbnail","6":"product_cat-thuc-pham-chuc-nang","8":"first","9":"instock","10":"shipping-taxable","11":"purchasable","12":"product-type-simple"},"yoast_head":"<!-- This site is optimized with the Yoast SEO Premium plugin v22.3 (Yoast SEO v27.1.1) - https:\/\/yoast.com\/product\/yoast-seo-premium-wordpress\/ -->\n<title>Vi\u00ean u\u1ed1ng b\u1ed5 n\u00e3o Orihiro Ginkgo Biloba 240 vi\u00ean - H\u00e0ng Nh\u1eadt n\u1ed9i \u0111\u1ecba - Ly Daily<\/title>\n<meta name=\"robots\" content=\"index, follow, max-snippet:-1, max-image-preview:large, max-video-preview:-1\" \/>\n<link rel=\"canonical\" href=\"https:\/\/lydaily.vn\/jp\/san-pham\/vien-uong-bo-nao-orihiro-ginkgo-biloba-240-vien-hang-nhat-noi-dia\/\" \/>\n<meta property=\"og:locale\" content=\"vi_VN\" \/>\n<meta property=\"og:type\" content=\"article\" \/>\n<meta property=\"og:title\" content=\"Vi\u00ean u\u1ed1ng b\u1ed5 n\u00e3o Orihiro Ginkgo Biloba 240 vi\u00ean - H\u00e0ng Nh\u1eadt n\u1ed9i \u0111\u1ecba\" \/>\n<meta property=\"og:description\" content=\"Vi\u00ean U\u1ed1ng B\u1ed5 N\u00e3o Orihiro Ginkgo Biloba 240 Vi\u00ean\u00a0l\u00e0 s\u1ea3n ph\u1ea9m th\u1ef1c ph\u1ea9m ch\u1ee9c n\u0103ng h\u00e0ng \u0111\u1ea7u \u0111\u1ebfn t\u1eeb Nh\u1eadt B\u1ea3n, chi\u1ebft xu\u1ea5t t\u1eeb l\u00e1 c\u00e2y b\u1ea1ch qu\u1ea3 (Ginkgo Biloba) \u2013 m\u1ed9t lo\u1ea1i th\u1ea3o d\u01b0\u1ee3c \u0111\u00e3 \u0111\u01b0\u1ee3c s\u1eed d\u1ee5ng r\u1ed9ng r\u00e3i \u0111\u1ec3 c\u1ea3i thi\u1ec7n ch\u1ee9c n\u0103ng n\u00e3o b\u1ed9 v\u00e0 t\u0103ng c\u01b0\u1eddng tu\u1ea7n ho\u00e0n m\u00e1u. S\u1ea3n ph\u1ea9m gi\u00fap\u00a0c\u1ea3i thi\u1ec7n tr\u00ed nh\u1edb, t\u0103ng c\u01b0\u1eddng s\u1ef1 minh m\u1eabn, \u0111\u1eb7c bi\u1ec7t hi\u1ec7u qu\u1ea3 cho ng\u01b0\u1eddi l\u1edbn tu\u1ed5i ho\u1eb7c nh\u1eefng ng\u01b0\u1eddi th\u01b0\u1eddng xuy\u00ean l\u00e0m vi\u1ec7c c\u0103ng th\u1eb3ng.\" \/>\n<meta property=\"og:url\" content=\"https:\/\/lydaily.vn\/jp\/san-pham\/vien-uong-bo-nao-orihiro-ginkgo-biloba-240-vien-hang-nhat-noi-dia\/\" \/>\n<meta property=\"og:site_name\" content=\"Ly Daily\" \/>\n<meta property=\"article:modified_time\" content=\"2026-03-13T05:27:06+00:00\" \/>\n<meta property=\"og:image\" content=\"https:\/\/lydaily.vn\/jp\/wp-content\/uploads\/2026\/03\/Vien-uong-bo-nao-Orihiro-Ginkgo-Biloba-240-vien-Hang-Nhat-noi-dia.webp\" \/>\n\t<meta property=\"og:image:width\" content=\"424\" \/>\n\t<meta property=\"og:image:height\" content=\"404\" \/>\n\t<meta property=\"og:image:type\" content=\"image\/webp\" \/>\n<meta name=\"twitter:card\" content=\"summary_large_image\" \/>\n<meta name=\"twitter:label1\" content=\"\u01af\u1edbc t\u00ednh th\u1eddi gian \u0111\u1ecdc\" \/>\n\t<meta name=\"twitter:data1\" content=\"3 ph\u00fat\" \/>\n<script type=\"application\/ld+json\" class=\"yoast-schema-graph\">{\"@context\":\"https:\/\/schema.org\",\"@graph\":[{\"@type\":\"WebPage\",\"@id\":\"https:\/\/lydaily.vn\/jp\/san-pham\/vien-uong-bo-nao-orihiro-ginkgo-biloba-240-vien-hang-nhat-noi-dia\/\",\"url\":\"https:\/\/lydaily.vn\/jp\/san-pham\/vien-uong-bo-nao-orihiro-ginkgo-biloba-240-vien-hang-nhat-noi-dia\/\",\"name\":\"Vi\u00ean u\u1ed1ng b\u1ed5 n\u00e3o Orihiro Ginkgo Biloba 240 vi\u00ean - H\u00e0ng Nh\u1eadt n\u1ed9i \u0111\u1ecba - Ly Daily\",\"isPartOf\":{\"@id\":\"https:\/\/lydaily.vn\/jp\/#website\"},\"primaryImageOfPage\":{\"@id\":\"https:\/\/lydaily.vn\/jp\/san-pham\/vien-uong-bo-nao-orihiro-ginkgo-biloba-240-vien-hang-nhat-noi-dia\/#primaryimage\"},\"image\":{\"@id\":\"https:\/\/lydaily.vn\/jp\/san-pham\/vien-uong-bo-nao-orihiro-ginkgo-biloba-240-vien-hang-nhat-noi-dia\/#primaryimage\"},\"thumbnailUrl\":\"https:\/\/lydaily.vn\/jp\/wp-content\/uploads\/2026\/03\/Vien-uong-bo-nao-Orihiro-Ginkgo-Biloba-240-vien-Hang-Nhat-noi-dia.webp\",\"datePublished\":\"2026-03-01T02:24:40+00:00\",\"dateModified\":\"2026-03-13T05:27:06+00:00\",\"breadcrumb\":{\"@id\":\"https:\/\/lydaily.vn\/jp\/san-pham\/vien-uong-bo-nao-orihiro-ginkgo-biloba-240-vien-hang-nhat-noi-dia\/#breadcrumb\"},\"inLanguage\":\"vi\",\"potentialAction\":[{\"@type\":\"ReadAction\",\"target\":[\"https:\/\/lydaily.vn\/jp\/san-pham\/vien-uong-bo-nao-orihiro-ginkgo-biloba-240-vien-hang-nhat-noi-dia\/\"]}]},{\"@type\":\"ImageObject\",\"inLanguage\":\"vi\",\"@id\":\"https:\/\/lydaily.vn\/jp\/san-pham\/vien-uong-bo-nao-orihiro-ginkgo-biloba-240-vien-hang-nhat-noi-dia\/#primaryimage\",\"url\":\"https:\/\/lydaily.vn\/jp\/wp-content\/uploads\/2026\/03\/Vien-uong-bo-nao-Orihiro-Ginkgo-Biloba-240-vien-Hang-Nhat-noi-dia.webp\",\"contentUrl\":\"https:\/\/lydaily.vn\/jp\/wp-content\/uploads\/2026\/03\/Vien-uong-bo-nao-Orihiro-Ginkgo-Biloba-240-vien-Hang-Nhat-noi-dia.webp\",\"width\":424,\"height\":404},{\"@type\":\"BreadcrumbList\",\"@id\":\"https:\/\/lydaily.vn\/jp\/san-pham\/vien-uong-bo-nao-orihiro-ginkgo-biloba-240-vien-hang-nhat-noi-dia\/#breadcrumb\",\"itemListElement\":[{\"@type\":\"ListItem\",\"position\":1,\"name\":\"Home\",\"item\":\"https:\/\/lydaily.vn\/jp\/\"},{\"@type\":\"ListItem\",\"position\":2,\"name\":\"S\u1ea3n ph\u1ea9m\",\"item\":\"https:\/\/lydaily.vn\/jp\/san-pham\/\"},{\"@type\":\"ListItem\",\"position\":3,\"name\":\"Vi\u00ean u\u1ed1ng b\u1ed5 n\u00e3o Orihiro Ginkgo Biloba 240 vi\u00ean &#8211; H\u00e0ng Nh\u1eadt n\u1ed9i \u0111\u1ecba\"}]},{\"@type\":\"WebSite\",\"@id\":\"https:\/\/lydaily.vn\/jp\/#website\",\"url\":\"https:\/\/lydaily.vn\/jp\/\",\"name\":\"Ly Daily\",\"description\":\"Th\u1ef1c Ph\u1ea9m Ch\u1ee9c N\u0103ng &amp; M\u1ef9 Ph\u1ea9m t\u1ea1i Nh\u1eadt B\u1ea3n v\u00e0 Vi\u1ec7t Nam\",\"potentialAction\":[{\"@type\":\"SearchAction\",\"target\":{\"@type\":\"EntryPoint\",\"urlTemplate\":\"https:\/\/lydaily.vn\/jp\/?s={search_term_string}\"},\"query-input\":{\"@type\":\"PropertyValueSpecification\",\"valueRequired\":true,\"valueName\":\"search_term_string\"}}],\"inLanguage\":\"vi\"}]}<\/script>\n<!-- \/ Yoast SEO Premium plugin. -->","yoast_head_json":{"title":"Vi\u00ean u\u1ed1ng b\u1ed5 n\u00e3o Orihiro Ginkgo Biloba 240 vi\u00ean - H\u00e0ng Nh\u1eadt n\u1ed9i \u0111\u1ecba - Ly Daily","robots":{"index":"index","follow":"follow","max-snippet":"max-snippet:-1","max-image-preview":"max-image-preview:large","max-video-preview":"max-video-preview:-1"},"canonical":"https:\/\/lydaily.vn\/jp\/san-pham\/vien-uong-bo-nao-orihiro-ginkgo-biloba-240-vien-hang-nhat-noi-dia\/","og_locale":"vi_VN","og_type":"article","og_title":"Vi\u00ean u\u1ed1ng b\u1ed5 n\u00e3o Orihiro Ginkgo Biloba 240 vi\u00ean - H\u00e0ng Nh\u1eadt n\u1ed9i \u0111\u1ecba","og_description":"Vi\u00ean U\u1ed1ng B\u1ed5 N\u00e3o Orihiro Ginkgo Biloba 240 Vi\u00ean\u00a0l\u00e0 s\u1ea3n ph\u1ea9m th\u1ef1c ph\u1ea9m ch\u1ee9c n\u0103ng h\u00e0ng \u0111\u1ea7u \u0111\u1ebfn t\u1eeb Nh\u1eadt B\u1ea3n, chi\u1ebft xu\u1ea5t t\u1eeb l\u00e1 c\u00e2y b\u1ea1ch qu\u1ea3 (Ginkgo Biloba) \u2013 m\u1ed9t lo\u1ea1i th\u1ea3o d\u01b0\u1ee3c \u0111\u00e3 \u0111\u01b0\u1ee3c s\u1eed d\u1ee5ng r\u1ed9ng r\u00e3i \u0111\u1ec3 c\u1ea3i thi\u1ec7n ch\u1ee9c n\u0103ng n\u00e3o b\u1ed9 v\u00e0 t\u0103ng c\u01b0\u1eddng tu\u1ea7n ho\u00e0n m\u00e1u. S\u1ea3n ph\u1ea9m gi\u00fap\u00a0c\u1ea3i thi\u1ec7n tr\u00ed nh\u1edb, t\u0103ng c\u01b0\u1eddng s\u1ef1 minh m\u1eabn, \u0111\u1eb7c bi\u1ec7t hi\u1ec7u qu\u1ea3 cho ng\u01b0\u1eddi l\u1edbn tu\u1ed5i ho\u1eb7c nh\u1eefng ng\u01b0\u1eddi th\u01b0\u1eddng xuy\u00ean l\u00e0m vi\u1ec7c c\u0103ng th\u1eb3ng.","og_url":"https:\/\/lydaily.vn\/jp\/san-pham\/vien-uong-bo-nao-orihiro-ginkgo-biloba-240-vien-hang-nhat-noi-dia\/","og_site_name":"Ly Daily","article_modified_time":"2026-03-13T05:27:06+00:00","og_image":[{"width":424,"height":404,"url":"https:\/\/lydaily.vn\/jp\/wp-content\/uploads\/2026\/03\/Vien-uong-bo-nao-Orihiro-Ginkgo-Biloba-240-vien-Hang-Nhat-noi-dia.webp","type":"image\/webp"}],"twitter_card":"summary_large_image","twitter_misc":{"\u01af\u1edbc t\u00ednh th\u1eddi gian \u0111\u1ecdc":"3 ph\u00fat"},"schema":{"@context":"https:\/\/schema.org","@graph":[{"@type":"WebPage","@id":"https:\/\/lydaily.vn\/jp\/san-pham\/vien-uong-bo-nao-orihiro-ginkgo-biloba-240-vien-hang-nhat-noi-dia\/","url":"https:\/\/lydaily.vn\/jp\/san-pham\/vien-uong-bo-nao-orihiro-ginkgo-biloba-240-vien-hang-nhat-noi-dia\/","name":"Vi\u00ean u\u1ed1ng b\u1ed5 n\u00e3o Orihiro Ginkgo Biloba 240 vi\u00ean - H\u00e0ng Nh\u1eadt n\u1ed9i \u0111\u1ecba - Ly Daily","isPartOf":{"@id":"https:\/\/lydaily.vn\/jp\/#website"},"primaryImageOfPage":{"@id":"https:\/\/lydaily.vn\/jp\/san-pham\/vien-uong-bo-nao-orihiro-ginkgo-biloba-240-vien-hang-nhat-noi-dia\/#primaryimage"},"image":{"@id":"https:\/\/lydaily.vn\/jp\/san-pham\/vien-uong-bo-nao-orihiro-ginkgo-biloba-240-vien-hang-nhat-noi-dia\/#primaryimage"},"thumbnailUrl":"https:\/\/lydaily.vn\/jp\/wp-content\/uploads\/2026\/03\/Vien-uong-bo-nao-Orihiro-Ginkgo-Biloba-240-vien-Hang-Nhat-noi-dia.webp","datePublished":"2026-03-01T02:24:40+00:00","dateModified":"2026-03-13T05:27:06+00:00","breadcrumb":{"@id":"https:\/\/lydaily.vn\/jp\/san-pham\/vien-uong-bo-nao-orihiro-ginkgo-biloba-240-vien-hang-nhat-noi-dia\/#breadcrumb"},"inLanguage":"vi","potentialAction":[{"@type":"ReadAction","target":["https:\/\/lydaily.vn\/jp\/san-pham\/vien-uong-bo-nao-orihiro-ginkgo-biloba-240-vien-hang-nhat-noi-dia\/"]}]},{"@type":"ImageObject","inLanguage":"vi","@id":"https:\/\/lydaily.vn\/jp\/san-pham\/vien-uong-bo-nao-orihiro-ginkgo-biloba-240-vien-hang-nhat-noi-dia\/#primaryimage","url":"https:\/\/lydaily.vn\/jp\/wp-content\/uploads\/2026\/03\/Vien-uong-bo-nao-Orihiro-Ginkgo-Biloba-240-vien-Hang-Nhat-noi-dia.webp","contentUrl":"https:\/\/lydaily.vn\/jp\/wp-content\/uploads\/2026\/03\/Vien-uong-bo-nao-Orihiro-Ginkgo-Biloba-240-vien-Hang-Nhat-noi-dia.webp","width":424,"height":404},{"@type":"BreadcrumbList","@id":"https:\/\/lydaily.vn\/jp\/san-pham\/vien-uong-bo-nao-orihiro-ginkgo-biloba-240-vien-hang-nhat-noi-dia\/#breadcrumb","itemListElement":[{"@type":"ListItem","position":1,"name":"Home","item":"https:\/\/lydaily.vn\/jp\/"},{"@type":"ListItem","position":2,"name":"S\u1ea3n ph\u1ea9m","item":"https:\/\/lydaily.vn\/jp\/san-pham\/"},{"@type":"ListItem","position":3,"name":"Vi\u00ean u\u1ed1ng b\u1ed5 n\u00e3o Orihiro Ginkgo Biloba 240 vi\u00ean &#8211; H\u00e0ng Nh\u1eadt n\u1ed9i \u0111\u1ecba"}]},{"@type":"WebSite","@id":"https:\/\/lydaily.vn\/jp\/#website","url":"https:\/\/lydaily.vn\/jp\/","name":"Ly Daily","description":"Th\u1ef1c Ph\u1ea9m Ch\u1ee9c N\u0103ng &amp; M\u1ef9 Ph\u1ea9m t\u1ea1i Nh\u1eadt B\u1ea3n v\u00e0 Vi\u1ec7t Nam","potentialAction":[{"@type":"SearchAction","target":{"@type":"EntryPoint","urlTemplate":"https:\/\/lydaily.vn\/jp\/?s={search_term_string}"},"query-input":{"@type":"PropertyValueSpecification","valueRequired":true,"valueName":"search_term_string"}}],"inLanguage":"vi"}]}},"_links":{"self":[{"href":"https:\/\/lydaily.vn\/jp\/wp-json\/wp\/v2\/product\/265","targetHints":{"allow":["GET"]}}],"collection":[{"href":"https:\/\/lydaily.vn\/jp\/wp-json\/wp\/v2\/product"}],"about":[{"href":"https:\/\/lydaily.vn\/jp\/wp-json\/wp\/v2\/types\/product"}],"replies":[{"embeddable":true,"href":"https:\/\/lydaily.vn\/jp\/wp-json\/wp\/v2\/comments?post=265"}],"wp:featuredmedia":[{"embeddable":true,"href":"https:\/\/lydaily.vn\/jp\/wp-json\/wp\/v2\/media\/266"}],"wp:attachment":[{"href":"https:\/\/lydaily.vn\/jp\/wp-json\/wp\/v2\/media?parent=265"}],"wp:term":[{"taxonomy":"product_brand","embeddable":true,"href":"https:\/\/lydaily.vn\/jp\/wp-json\/wp\/v2\/product_brand?post=265"},{"taxonomy":"product_cat","embeddable":true,"href":"https:\/\/lydaily.vn\/jp\/wp-json\/wp\/v2\/product_cat?post=265"},{"taxonomy":"product_tag","embeddable":true,"href":"https:\/\/lydaily.vn\/jp\/wp-json\/wp\/v2\/product_tag?post=265"}],"curies":[{"name":"wp","href":"https:\/\/api.w.org\/{rel}","templated":true}]}}