{"id":263,"date":"2026-03-01T02:20:12","date_gmt":"2026-03-01T02:20:12","guid":{"rendered":"https:\/\/lydaily.qweb.com.vn\/?post_type=product&#038;p=263"},"modified":"2026-03-13T05:26:22","modified_gmt":"2026-03-13T05:26:22","slug":"japan-enzyme-vien-uong-tang-chieu-cao-300-vien","status":"publish","type":"product","link":"https:\/\/lydaily.vn\/jp\/san-pham\/japan-enzyme-vien-uong-tang-chieu-cao-300-vien\/","title":{"rendered":"JAPAN ENZYME- Vi\u00ean u\u1ed1ng t\u0103ng chi\u1ec1u cao 300 vi\u00ean"},"content":{"rendered":"<div class=\"section-title text-blue\">Th\u00f4ng tin s\u1ea3n ph\u1ea9m<\/div>\n<div class=\"article-content show-hide-content\">\n<p><strong>T\u00caN SP<\/strong>\u00a0: JAPAN ENZYME- Vi\u00ean u\u1ed1ng t\u0103ng chi\u1ec1u cao 300 vi\u00ean<\/p>\n<p><strong>\u0110\u1ecaNH L\u01af\u1ee2NG<\/strong>\u00a0: H\u1ed9p 300 vi\u00ean<\/p>\n<p><strong>NG\u00c0Y S\u1ea2N XU\u1ea4T<\/strong>\u00a0: Tr\u01b0\u1edbc HSD 36 th\u00e1ng.<\/p>\n<p><strong>HSD<\/strong>\u00a0: In tr\u00ean bao b\u00ec s\u1ea3n ph\u1ea9m.<\/p>\n<p><strong>TH\u00c0NH PH\u1ea6N<\/strong>\u00a0: Xi-r\u00f4 tinh b\u1ed9t m\u1ea1ch nha (s\u1ea3n xu\u1ea5t t\u1ea1i Nh\u1eadt B\u1ea3n), dextrin, collagen peptide (c\u00f3 ch\u1ee9a gelatin), b\u1ed9t n\u01b0\u1edbc \u00e9p tr\u00e1i c\u00e2y (c\u00f3 m\u00e0u cam), peptide l\u00f2ng \u0111\u1ecf tr\u1ee9ng, th\u1ef1c ph\u1ea9m ch\u1ebf bi\u1ebfn \u03b1-GPC, B\u1ed9t xenlul\u00f4\/xenlul\u00f4 canxi hydro san h\u00f4 nung, axit xitric, canxi stearat, L-leucine, oxit silic m\u1ecbn, ch\u1ea5t l\u00e0m ng\u1ecdt (h\u1ee3p ch\u1ea5t aspartame\/L-phenylalanine) L-isoleucine, L-parin, L-arginine, L -lysine Hydrochloride, L-phenylalanine, L-methionine, L-tryptophan, L-threonine, L-histidine, h\u01b0\u01a1ng li\u1ec7u.<\/p>\n<p><strong>C\u00d4NG D\u1ee4NG<\/strong>\u00a0: SP ch\u1ee9a c\u00e1c protein (axit amin) nh\u01b0 collagen peptide, arginine v\u00e0 kho\u00e1ng ch\u1ea5t thi\u1ebft y\u1ebfu c\u00f3 kh\u1ea3 n\u0103ng h\u1ed7 tr\u1ee3 qu\u00e1 tr\u00ecnh ph\u00e1t tri\u1ec3n x\u01b0\u01a1ng, ch\u1ee9a \u03b1-GPC gi\u00fap th\u00fac \u0111\u1ea9y hormone t\u0103ng tr\u01b0\u1edfng.<\/p>\n<p><strong>HDSD<\/strong>\u00a0: U\u1ed1ng 3 vi\u00ean 1 ng\u00e0y, s\u1eed d\u1ee5ng c\u00f9ng n\u01b0\u1edbc l\u1ecdc ho\u1eb7c n\u01b0\u1edbc \u1ea5m. N\u00ean s\u1eed d\u1ee5ng s\u1ea3n ph\u1ea9m trong v\u00f2ng 3 th\u00e1ng v\u00e0 theo d\u00f5i hi\u1ec7u qu\u1ea3.<\/p>\n<p><strong>\u0110TSD<\/strong>\u00a0: Kh\u00f4ng d\u00f9ng cho tr\u1ebb s\u01a1 sinh v\u00e0 tr\u1ebb nh\u1ecf.<\/p>\n<p><strong>L\u01afU \u00dd<\/strong>\u00a0: S\u1ea3n ph\u1ea9m n\u00e0y kh\u00f4ng ph\u1ea3i l\u00e0 thu\u1ed1c, kh\u00f4ng c\u00f3 t\u00e1c d\u1ee5ng thay th\u1ebf thu\u1ed1c ch\u1eefa b\u1ec7nh. Ng\u01b0ng s\u1eed d\u1ee5ng khi xu\u1ea5t hi\u1ec7n tri\u1ec7u ch\u1ee9ng b\u1ea5t th\u01b0\u1eddng. L\u01b0u \u00fd th\u00e0nh ph\u1ea7n n\u1ebfu b\u1ecb d\u1ecb \u1ee9ng. Ng\u01b0\u1eddi \u0111ang s\u1eed d\u1ee5ng thu\u1ed1c hay c\u00f3 b\u1ec7nh n\u1ec1n ho\u1eb7c \u0111ang \u0111i\u1ec1u tr\u1ecb b\u1ec7nh c\u1ea7n tham kh\u1ea3o \u00fd ki\u1ebfn b\u00e1c s\u0129 tr\u01b0\u1edbc khi s\u1eed d\u1ee5ng. K\u1ebft h\u1ee3p c\u00f9ng ch\u1ebf \u0111\u1ed9 \u0103n u\u1ed1ng dinh d\u01b0\u1ee1ng \u0111\u1ea7y \u0111\u1ee7 v\u00e0 luy\u1ec7n t\u1eadp c\u01a1 th\u1ec3 \u0111\u1ec3 \u0111\u1ea1t hi\u1ec7u qu\u1ea3 t\u1ed1i \u01b0u.<\/p>\n<p><strong>B\u1ea2O QU\u1ea2N<\/strong>\u00a0: N\u01a1i kh\u00f4 r\u00e1o tho\u00e1ng m\u00e1t, tr\u00e1nh \u00e1nh n\u1eafng tr\u1ef1c ti\u1ebfp. \u0110\u1ec3 xa t\u1ea7m tay tr\u1ebb em.<\/p>\n<p><strong>NSX<\/strong>\u00a0: Japan Enzyme Co., Ltd; 1204-6 Hakonegasaki, Mizuho Town, Nishitama District, Tokyo, Nh\u1eadt B\u1ea3n.<\/p>\n<p><strong>XU\u1ea4T X\u1ee8<\/strong>\u00a0: Nh\u1eadt B\u1ea3n<\/p>\n<\/div>\n","protected":false},"excerpt":{"rendered":"<ul>\n<li>H\u1ed7 tr\u1ee3 v\u00e0 th\u00fac \u0111\u1ea9y t\u0103ng chi\u1ec1u cao t\u1ed1i \u0111a m\u1ed9t c\u00e1ch t\u1ef1 nhi\u00ean m\u00e0 kh\u00f4ng \u1ea3nh h\u01b0\u1edfng \u0111\u1ebfn s\u1ee9c kh\u1ecfe.<\/li>\n<li>H\u00e0m l\u01b0\u1ee3ng canxi cao gi\u00fap x\u01b0\u01a1ng ch\u1eafc kh\u1ecfe.<\/li>\n<li>K\u00edch th\u00edch s\u1ef1 t\u0103ng tr\u01b0\u1edfng c\u1ee7a c\u00e1c \u0111\u1ea7u m\u00f4 s\u1ee5n, t\u00e1c \u0111\u1ed9ng gi\u00fap x\u01b0\u01a1ng d\u00e0i ra, t\u0103ng c\u01b0\u1eddng kh\u1ea3 n\u0103ng ph\u00e1t tri\u1ec3n chi\u1ec1u cao \u1edf tu\u1ed5i tr\u01b0\u1edfng th\u00e0nh.<\/li>\n<li>Cung c\u1ea5p nhi\u1ec1u d\u01b0\u1ee1ng ch\u1ea5t thi\u1ebft y\u1ebfu kh\u00e1c gi\u00fap tr\u1ebb ph\u00e1t tri\u1ec3n to\u00e0n di\u1ec7n v\u1ec1 m\u1eb7t th\u1ec3 ch\u1ea5t theo c\u00e1ch to\u00e0n di\u1ec7n nh\u1ea5t.<\/li>\n<\/ul>\n","protected":false},"featured_media":264,"comment_status":"open","ping_status":"closed","template":"","meta":[],"product_brand":[],"product_cat":[21],"product_tag":[],"class_list":{"0":"post-263","1":"product","2":"type-product","3":"status-publish","4":"has-post-thumbnail","6":"product_cat-thuc-pham-chuc-nang","8":"first","9":"instock","10":"shipping-taxable","11":"purchasable","12":"product-type-simple"},"yoast_head":"<!-- This site is optimized with the Yoast SEO Premium plugin v22.3 (Yoast SEO v27.1.1) - https:\/\/yoast.com\/product\/yoast-seo-premium-wordpress\/ -->\n<title>JAPAN ENZYME- Vi\u00ean u\u1ed1ng t\u0103ng chi\u1ec1u cao 300 vi\u00ean - Ly Daily<\/title>\n<meta name=\"robots\" content=\"index, follow, max-snippet:-1, max-image-preview:large, max-video-preview:-1\" \/>\n<link rel=\"canonical\" href=\"https:\/\/lydaily.vn\/jp\/san-pham\/japan-enzyme-vien-uong-tang-chieu-cao-300-vien\/\" \/>\n<meta property=\"og:locale\" content=\"vi_VN\" \/>\n<meta property=\"og:type\" content=\"article\" \/>\n<meta property=\"og:title\" content=\"JAPAN ENZYME- Vi\u00ean u\u1ed1ng t\u0103ng chi\u1ec1u cao 300 vi\u00ean\" \/>\n<meta property=\"og:description\" content=\"H\u1ed7 tr\u1ee3 v\u00e0 th\u00fac \u0111\u1ea9y t\u0103ng chi\u1ec1u cao t\u1ed1i \u0111a m\u1ed9t c\u00e1ch t\u1ef1 nhi\u00ean m\u00e0 kh\u00f4ng \u1ea3nh h\u01b0\u1edfng \u0111\u1ebfn s\u1ee9c kh\u1ecfe.  H\u00e0m l\u01b0\u1ee3ng canxi cao gi\u00fap x\u01b0\u01a1ng ch\u1eafc kh\u1ecfe.  K\u00edch th\u00edch s\u1ef1 t\u0103ng tr\u01b0\u1edfng c\u1ee7a c\u00e1c \u0111\u1ea7u m\u00f4 s\u1ee5n, t\u00e1c \u0111\u1ed9ng gi\u00fap x\u01b0\u01a1ng d\u00e0i ra, t\u0103ng c\u01b0\u1eddng kh\u1ea3 n\u0103ng ph\u00e1t tri\u1ec3n chi\u1ec1u cao \u1edf tu\u1ed5i tr\u01b0\u1edfng th\u00e0nh.  Cung c\u1ea5p nhi\u1ec1u d\u01b0\u1ee1ng ch\u1ea5t thi\u1ebft y\u1ebfu kh\u00e1c gi\u00fap tr\u1ebb ph\u00e1t tri\u1ec3n to\u00e0n di\u1ec7n v\u1ec1 m\u1eb7t th\u1ec3 ch\u1ea5t theo c\u00e1ch to\u00e0n di\u1ec7n nh\u1ea5t.\" \/>\n<meta property=\"og:url\" content=\"https:\/\/lydaily.vn\/jp\/san-pham\/japan-enzyme-vien-uong-tang-chieu-cao-300-vien\/\" \/>\n<meta property=\"og:site_name\" content=\"Ly Daily\" \/>\n<meta property=\"article:modified_time\" content=\"2026-03-13T05:26:22+00:00\" \/>\n<meta property=\"og:image\" content=\"https:\/\/lydaily.vn\/jp\/wp-content\/uploads\/2026\/03\/JAPAN-ENZYME-Vien-uong-tang-chieu-cao-300-vien.png\" \/>\n\t<meta property=\"og:image:width\" content=\"600\" \/>\n\t<meta property=\"og:image:height\" content=\"600\" \/>\n\t<meta property=\"og:image:type\" content=\"image\/png\" \/>\n<meta name=\"twitter:card\" content=\"summary_large_image\" \/>\n<meta name=\"twitter:label1\" content=\"\u01af\u1edbc t\u00ednh th\u1eddi gian \u0111\u1ecdc\" \/>\n\t<meta name=\"twitter:data1\" content=\"2 ph\u00fat\" \/>\n<script type=\"application\/ld+json\" class=\"yoast-schema-graph\">{\"@context\":\"https:\/\/schema.org\",\"@graph\":[{\"@type\":\"WebPage\",\"@id\":\"https:\/\/lydaily.vn\/jp\/san-pham\/japan-enzyme-vien-uong-tang-chieu-cao-300-vien\/\",\"url\":\"https:\/\/lydaily.vn\/jp\/san-pham\/japan-enzyme-vien-uong-tang-chieu-cao-300-vien\/\",\"name\":\"JAPAN ENZYME- Vi\u00ean u\u1ed1ng t\u0103ng chi\u1ec1u cao 300 vi\u00ean - Ly Daily\",\"isPartOf\":{\"@id\":\"https:\/\/lydaily.vn\/jp\/#website\"},\"primaryImageOfPage\":{\"@id\":\"https:\/\/lydaily.vn\/jp\/san-pham\/japan-enzyme-vien-uong-tang-chieu-cao-300-vien\/#primaryimage\"},\"image\":{\"@id\":\"https:\/\/lydaily.vn\/jp\/san-pham\/japan-enzyme-vien-uong-tang-chieu-cao-300-vien\/#primaryimage\"},\"thumbnailUrl\":\"https:\/\/lydaily.vn\/jp\/wp-content\/uploads\/2026\/03\/JAPAN-ENZYME-Vien-uong-tang-chieu-cao-300-vien.png\",\"datePublished\":\"2026-03-01T02:20:12+00:00\",\"dateModified\":\"2026-03-13T05:26:22+00:00\",\"breadcrumb\":{\"@id\":\"https:\/\/lydaily.vn\/jp\/san-pham\/japan-enzyme-vien-uong-tang-chieu-cao-300-vien\/#breadcrumb\"},\"inLanguage\":\"vi\",\"potentialAction\":[{\"@type\":\"ReadAction\",\"target\":[\"https:\/\/lydaily.vn\/jp\/san-pham\/japan-enzyme-vien-uong-tang-chieu-cao-300-vien\/\"]}]},{\"@type\":\"ImageObject\",\"inLanguage\":\"vi\",\"@id\":\"https:\/\/lydaily.vn\/jp\/san-pham\/japan-enzyme-vien-uong-tang-chieu-cao-300-vien\/#primaryimage\",\"url\":\"https:\/\/lydaily.vn\/jp\/wp-content\/uploads\/2026\/03\/JAPAN-ENZYME-Vien-uong-tang-chieu-cao-300-vien.png\",\"contentUrl\":\"https:\/\/lydaily.vn\/jp\/wp-content\/uploads\/2026\/03\/JAPAN-ENZYME-Vien-uong-tang-chieu-cao-300-vien.png\",\"width\":600,\"height\":600},{\"@type\":\"BreadcrumbList\",\"@id\":\"https:\/\/lydaily.vn\/jp\/san-pham\/japan-enzyme-vien-uong-tang-chieu-cao-300-vien\/#breadcrumb\",\"itemListElement\":[{\"@type\":\"ListItem\",\"position\":1,\"name\":\"Home\",\"item\":\"https:\/\/lydaily.vn\/jp\/\"},{\"@type\":\"ListItem\",\"position\":2,\"name\":\"S\u1ea3n ph\u1ea9m\",\"item\":\"https:\/\/lydaily.vn\/jp\/san-pham\/\"},{\"@type\":\"ListItem\",\"position\":3,\"name\":\"JAPAN ENZYME- Vi\u00ean u\u1ed1ng t\u0103ng chi\u1ec1u cao 300 vi\u00ean\"}]},{\"@type\":\"WebSite\",\"@id\":\"https:\/\/lydaily.vn\/jp\/#website\",\"url\":\"https:\/\/lydaily.vn\/jp\/\",\"name\":\"Ly Daily\",\"description\":\"Th\u1ef1c Ph\u1ea9m Ch\u1ee9c N\u0103ng &amp; M\u1ef9 Ph\u1ea9m t\u1ea1i Nh\u1eadt B\u1ea3n v\u00e0 Vi\u1ec7t Nam\",\"potentialAction\":[{\"@type\":\"SearchAction\",\"target\":{\"@type\":\"EntryPoint\",\"urlTemplate\":\"https:\/\/lydaily.vn\/jp\/?s={search_term_string}\"},\"query-input\":{\"@type\":\"PropertyValueSpecification\",\"valueRequired\":true,\"valueName\":\"search_term_string\"}}],\"inLanguage\":\"vi\"}]}<\/script>\n<!-- \/ Yoast SEO Premium plugin. -->","yoast_head_json":{"title":"JAPAN ENZYME- Vi\u00ean u\u1ed1ng t\u0103ng chi\u1ec1u cao 300 vi\u00ean - Ly Daily","robots":{"index":"index","follow":"follow","max-snippet":"max-snippet:-1","max-image-preview":"max-image-preview:large","max-video-preview":"max-video-preview:-1"},"canonical":"https:\/\/lydaily.vn\/jp\/san-pham\/japan-enzyme-vien-uong-tang-chieu-cao-300-vien\/","og_locale":"vi_VN","og_type":"article","og_title":"JAPAN ENZYME- Vi\u00ean u\u1ed1ng t\u0103ng chi\u1ec1u cao 300 vi\u00ean","og_description":"H\u1ed7 tr\u1ee3 v\u00e0 th\u00fac \u0111\u1ea9y t\u0103ng chi\u1ec1u cao t\u1ed1i \u0111a m\u1ed9t c\u00e1ch t\u1ef1 nhi\u00ean m\u00e0 kh\u00f4ng \u1ea3nh h\u01b0\u1edfng \u0111\u1ebfn s\u1ee9c kh\u1ecfe.  H\u00e0m l\u01b0\u1ee3ng canxi cao gi\u00fap x\u01b0\u01a1ng ch\u1eafc kh\u1ecfe.  K\u00edch th\u00edch s\u1ef1 t\u0103ng tr\u01b0\u1edfng c\u1ee7a c\u00e1c \u0111\u1ea7u m\u00f4 s\u1ee5n, t\u00e1c \u0111\u1ed9ng gi\u00fap x\u01b0\u01a1ng d\u00e0i ra, t\u0103ng c\u01b0\u1eddng kh\u1ea3 n\u0103ng ph\u00e1t tri\u1ec3n chi\u1ec1u cao \u1edf tu\u1ed5i tr\u01b0\u1edfng th\u00e0nh.  Cung c\u1ea5p nhi\u1ec1u d\u01b0\u1ee1ng ch\u1ea5t thi\u1ebft y\u1ebfu kh\u00e1c gi\u00fap tr\u1ebb ph\u00e1t tri\u1ec3n to\u00e0n di\u1ec7n v\u1ec1 m\u1eb7t th\u1ec3 ch\u1ea5t theo c\u00e1ch to\u00e0n di\u1ec7n nh\u1ea5t.","og_url":"https:\/\/lydaily.vn\/jp\/san-pham\/japan-enzyme-vien-uong-tang-chieu-cao-300-vien\/","og_site_name":"Ly Daily","article_modified_time":"2026-03-13T05:26:22+00:00","og_image":[{"width":600,"height":600,"url":"https:\/\/lydaily.vn\/jp\/wp-content\/uploads\/2026\/03\/JAPAN-ENZYME-Vien-uong-tang-chieu-cao-300-vien.png","type":"image\/png"}],"twitter_card":"summary_large_image","twitter_misc":{"\u01af\u1edbc t\u00ednh th\u1eddi gian \u0111\u1ecdc":"2 ph\u00fat"},"schema":{"@context":"https:\/\/schema.org","@graph":[{"@type":"WebPage","@id":"https:\/\/lydaily.vn\/jp\/san-pham\/japan-enzyme-vien-uong-tang-chieu-cao-300-vien\/","url":"https:\/\/lydaily.vn\/jp\/san-pham\/japan-enzyme-vien-uong-tang-chieu-cao-300-vien\/","name":"JAPAN ENZYME- Vi\u00ean u\u1ed1ng t\u0103ng chi\u1ec1u cao 300 vi\u00ean - Ly Daily","isPartOf":{"@id":"https:\/\/lydaily.vn\/jp\/#website"},"primaryImageOfPage":{"@id":"https:\/\/lydaily.vn\/jp\/san-pham\/japan-enzyme-vien-uong-tang-chieu-cao-300-vien\/#primaryimage"},"image":{"@id":"https:\/\/lydaily.vn\/jp\/san-pham\/japan-enzyme-vien-uong-tang-chieu-cao-300-vien\/#primaryimage"},"thumbnailUrl":"https:\/\/lydaily.vn\/jp\/wp-content\/uploads\/2026\/03\/JAPAN-ENZYME-Vien-uong-tang-chieu-cao-300-vien.png","datePublished":"2026-03-01T02:20:12+00:00","dateModified":"2026-03-13T05:26:22+00:00","breadcrumb":{"@id":"https:\/\/lydaily.vn\/jp\/san-pham\/japan-enzyme-vien-uong-tang-chieu-cao-300-vien\/#breadcrumb"},"inLanguage":"vi","potentialAction":[{"@type":"ReadAction","target":["https:\/\/lydaily.vn\/jp\/san-pham\/japan-enzyme-vien-uong-tang-chieu-cao-300-vien\/"]}]},{"@type":"ImageObject","inLanguage":"vi","@id":"https:\/\/lydaily.vn\/jp\/san-pham\/japan-enzyme-vien-uong-tang-chieu-cao-300-vien\/#primaryimage","url":"https:\/\/lydaily.vn\/jp\/wp-content\/uploads\/2026\/03\/JAPAN-ENZYME-Vien-uong-tang-chieu-cao-300-vien.png","contentUrl":"https:\/\/lydaily.vn\/jp\/wp-content\/uploads\/2026\/03\/JAPAN-ENZYME-Vien-uong-tang-chieu-cao-300-vien.png","width":600,"height":600},{"@type":"BreadcrumbList","@id":"https:\/\/lydaily.vn\/jp\/san-pham\/japan-enzyme-vien-uong-tang-chieu-cao-300-vien\/#breadcrumb","itemListElement":[{"@type":"ListItem","position":1,"name":"Home","item":"https:\/\/lydaily.vn\/jp\/"},{"@type":"ListItem","position":2,"name":"S\u1ea3n ph\u1ea9m","item":"https:\/\/lydaily.vn\/jp\/san-pham\/"},{"@type":"ListItem","position":3,"name":"JAPAN ENZYME- Vi\u00ean u\u1ed1ng t\u0103ng chi\u1ec1u cao 300 vi\u00ean"}]},{"@type":"WebSite","@id":"https:\/\/lydaily.vn\/jp\/#website","url":"https:\/\/lydaily.vn\/jp\/","name":"Ly Daily","description":"Th\u1ef1c Ph\u1ea9m Ch\u1ee9c N\u0103ng &amp; M\u1ef9 Ph\u1ea9m t\u1ea1i Nh\u1eadt B\u1ea3n v\u00e0 Vi\u1ec7t Nam","potentialAction":[{"@type":"SearchAction","target":{"@type":"EntryPoint","urlTemplate":"https:\/\/lydaily.vn\/jp\/?s={search_term_string}"},"query-input":{"@type":"PropertyValueSpecification","valueRequired":true,"valueName":"search_term_string"}}],"inLanguage":"vi"}]}},"_links":{"self":[{"href":"https:\/\/lydaily.vn\/jp\/wp-json\/wp\/v2\/product\/263","targetHints":{"allow":["GET"]}}],"collection":[{"href":"https:\/\/lydaily.vn\/jp\/wp-json\/wp\/v2\/product"}],"about":[{"href":"https:\/\/lydaily.vn\/jp\/wp-json\/wp\/v2\/types\/product"}],"replies":[{"embeddable":true,"href":"https:\/\/lydaily.vn\/jp\/wp-json\/wp\/v2\/comments?post=263"}],"wp:featuredmedia":[{"embeddable":true,"href":"https:\/\/lydaily.vn\/jp\/wp-json\/wp\/v2\/media\/264"}],"wp:attachment":[{"href":"https:\/\/lydaily.vn\/jp\/wp-json\/wp\/v2\/media?parent=263"}],"wp:term":[{"taxonomy":"product_brand","embeddable":true,"href":"https:\/\/lydaily.vn\/jp\/wp-json\/wp\/v2\/product_brand?post=263"},{"taxonomy":"product_cat","embeddable":true,"href":"https:\/\/lydaily.vn\/jp\/wp-json\/wp\/v2\/product_cat?post=263"},{"taxonomy":"product_tag","embeddable":true,"href":"https:\/\/lydaily.vn\/jp\/wp-json\/wp\/v2\/product_tag?post=263"}],"curies":[{"name":"wp","href":"https:\/\/api.w.org\/{rel}","templated":true}]}}