{"id":261,"date":"2026-03-01T02:17:35","date_gmt":"2026-03-01T02:17:35","guid":{"rendered":"https:\/\/lydaily.qweb.com.vn\/?post_type=product&#038;p=261"},"modified":"2026-03-13T05:25:28","modified_gmt":"2026-03-13T05:25:28","slug":"tpbvsk-bo-nao-giup-tap-trung-tri-nho-cai-thien-tri-nho-phuc-hoi-te-bao-nao-ginkgo-leaf-noguchi-60-vien","status":"publish","type":"product","link":"https:\/\/lydaily.vn\/jp\/san-pham\/tpbvsk-bo-nao-giup-tap-trung-tri-nho-cai-thien-tri-nho-phuc-hoi-te-bao-nao-ginkgo-leaf-noguchi-60-vien\/","title":{"rendered":"TPBVSK B\u1ed5 N\u00e3o Gi\u00fap T\u1eadp Trung Tr\u00ed Nh\u1edb , C\u1ea3i Thi\u1ec7n Tr\u00ed Nh\u1edb Ph\u1ee5c H\u1ed3i T\u1ebf B\u00e0o N\u00e3o GINKGO LEAF Noguchi 60 vi\u00ean"},"content":{"rendered":"<h2>Th\u00e0nh ph\u1ea7n<\/h2>\n<h3>Th\u00e0nh ph\u1ea7n ch\u00ednh v\u00e0 t\u00e1c d\u1ee5ng<\/h3>\n<p>1. Terpen lactone t\u1eeb l\u00e1 b\u1ea1ch qu\u1ea3 (\u30a4\u30c1\u30e7\u30a6\u8449\u30c6\u30eb\u30da\u30f3\u30e9\u30af\u30c8\u30f3)<\/p>\n<p>C\u1ea3i thi\u1ec7n l\u01b0u th\u00f4ng m\u00e1u trong n\u00e3o b\u1ecb suy gi\u1ea3m do tu\u1ed5i t\u00e1c, h\u1ed7 tr\u1ee3 ch\u1ee9c n\u0103ng nh\u1eadn th\u1ee9c (\u0111\u1eb7c bi\u1ec7t l\u00e0 tr\u00ed nh\u1edb \u2013 kh\u1ea3 n\u0103ng ghi nh\u1edb th\u00f4ng tin trong sinh ho\u1ea1t h\u00e0ng ng\u00e0y).<\/p>\n<p>2. Flavonoid glycoside t\u1eeb l\u00e1 b\u1ea1ch qu\u1ea3 (\u30a4\u30c1\u30e7\u30a6\u8449\u30d5\u30e9\u30dc\u30ce\u30a4\u30c9\u914d\u7cd6\u4f53)<\/p>\n<p>T\u01b0\u01a1ng t\u1ef1 terpen lactone, c\u1ea3i thi\u1ec7n l\u01b0u l\u01b0\u1ee3ng m\u00e1u n\u00e3o, h\u1ed7 tr\u1ee3 tr\u00ed nh\u1edb v\u00e0 nh\u1eadn th\u1ee9c.<\/p>\n<p>3. DHA (Docosahexaenoic Acid)<\/p>\n<p>H\u1ed7 tr\u1ee3 ph\u00f2ng ng\u1eeba b\u1ec7nh tim m\u1ea1ch, c\u1ea3i thi\u1ec7n ch\u1ee9c n\u0103ng n\u00e3o v\u00e0 th\u1ea7n kinh. L\u00e0 acid b\u00e9o omega-3, th\u00e0nh ph\u1ea7n c\u1ea5u tr\u00fac c\u1ee7a phospholipid m\u00e0ng t\u1ebf b\u00e0o th\u1ea7n kinh.<\/p>\n<p>4. EPA (Eicosapentaenoic Acid)<\/p>\n<p>Gi\u1ea3m triglyceride m\u00e1u, ph\u00f2ng ng\u1eeba x\u01a1 v\u1eefa \u0111\u1ed9ng m\u1ea1ch, ng\u0103n h\u00ecnh th\u00e0nh huy\u1ebft kh\u1ed1i, c\u1ea3i thi\u1ec7n s\u1ee9c kh\u1ecfe m\u1ea1ch m\u00e1u.<\/p>\n<h3>C\u01a1 ch\u1ebf t\u00e1c d\u1ee5ng<\/h3>\n<ul>\n<li>&#8211; Ginkgo biloba: Flavonoid v\u00e0 terpen lactone c\u1ea3i thi\u1ec7n tu\u1ea7n ho\u00e0n m\u00e1u n\u00e3o, t\u0103ng t\u01b0\u1edbi m\u00e1u, c\u1ea3i thi\u1ec7n tr\u00ed nh\u1edb, h\u1ed7 tr\u1ee3 \u0111i\u1ec1u tr\u1ecb r\u1ed1i lo\u1ea1n nh\u1eadn th\u1ee9c do tu\u1ed5i t\u00e1c.<\/li>\n<li>&#8211; DHA: Th\u00e0nh ph\u1ea7n c\u1ea5u tr\u00fac c\u1ee7a m\u00e0ng t\u1ebf b\u00e0o th\u1ea7n kinh, duy tr\u00ec t\u00ednh linh ho\u1ea1t m\u00e0ng, h\u1ed7 tr\u1ee3 d\u1eabn truy\u1ec1n th\u1ea7n kinh v\u00e0 c\u1ea3i thi\u1ec7n tr\u00ed nh\u1edb.<\/li>\n<li>&#8211; EPA: Ng\u0103n gan gi\u1ea3i ph\u00f3ng triglyceride v\u00e0o m\u00e1u v\u00e0 th\u00fac \u0111\u1ea9y \u0111\u00e0o th\u1ea3i triglyceride kh\u1ecfi m\u00e1u, gi\u1ea3m m\u1ee1 m\u00e1u, c\u1ea3i thi\u1ec7n tu\u1ea7n ho\u00e0n.<\/li>\n<\/ul>\n<h3>\u0110\u1ed9 an to\u00e0n v\u00e0 t\u00e1c d\u1ee5ng ph\u1ee5<\/h3>\n<ul>\n<li>Chi\u1ebft xu\u1ea5t Ginkgo biloba: An to\u00e0n khi d\u00f9ng li\u1ec1u khuy\u1ebfn ngh\u1ecb. Tuy nhi\u00ean c\u00f3 nguy c\u01a1 g\u00e2y ch\u1ea3y m\u00e1u n\u1ebfu d\u00f9ng c\u00f9ng thu\u1ed1c ch\u1ed1ng \u0111\u00f4ng m\u00e1u. Kh\u00f4ng n\u00ean d\u00f9ng tr\u01b0\u1edbc ph\u1eabu thu\u1eadt. Kh\u00f4ng khuy\u1ebfn c\u00e1o cho ph\u1ee5 n\u1eef mang thai\/cho con b\u00fa.<\/li>\n<li>DHA\/EPA: L\u00e0 acid b\u00e9o omega-3, an to\u00e0n khi d\u00f9ng \u1edf li\u1ec1u khuy\u1ebfn ngh\u1ecb. C\u00f3 th\u1ec3 g\u00e2y ch\u1ea3y m\u00e1u n\u1ebfu d\u00f9ng li\u1ec1u cao ho\u1eb7c ph\u1ed1i h\u1ee3p v\u1edbi thu\u1ed1c ch\u1ed1ng \u0111\u00f4ng.<\/li>\n<\/ul>\n<h3>Quy chu\u1ea9n\/ti\u00eau chu\u1ea9n qu\u1ed1c t\u1ebf<\/h3>\n<ul>\n<li>&#8211; Ginkgo biloba extract: Flavonoid \u2265 24%, Terpen lactone \u2265 6% (chu\u1ea9n h\u00f3a to\u00e0n c\u1ea7u).<\/li>\n<li>&#8211; DHA\/EPA: Li\u1ec1u khuy\u1ebfn ngh\u1ecb (50\u201364 tu\u1ed5i): Nam 2.2 g\/ng\u00e0y, N\u1eef 1.9 g\/ng\u00e0y.<\/li>\n<\/ul>\n<h3>T\u01b0\u01a1ng t\u00e1c thu\u1ed1c<\/h3>\n<ul>\n<li>&#8211; Ginkgo biloba: C\u00f3 th\u1ec3 t\u01b0\u01a1ng t\u00e1c v\u1edbi thu\u1ed1c ch\u1ed1ng \u0111\u00f4ng, thu\u1ed1c tim m\u1ea1ch, thu\u1ed1c h\u1ea1 huy\u1ebft \u00e1p.<\/li>\n<li>&#8211; DHA\/EPA: C\u00f3 th\u1ec3 t\u01b0\u01a1ng t\u00e1c v\u1edbi thu\u1ed1c huy\u1ebft \u00e1p, thu\u1ed1c ch\u1ed1ng \u0111\u00f4ng, thu\u1ed1c \u0111i\u1ec1u tr\u1ecb tim m\u1ea1ch.<\/li>\n<\/ul>\n<p>&nbsp;<\/p>\n<p><em>Trong m\u1ed7i vi\u00ean 500 mg ch\u1ee9a:<\/em><\/p>\n<p>D\u1ea7u h\u1ea1t lanh 81,67mg; Chi\u1ebft xu\u1ea5t l\u00e1 b\u1ea1ch qu\u1ea3 (Ginkgo biloba) 70 mg (T\u01b0\u01a1ng \u0111\u01b0\u01a1ng v\u1edbi Flavonoidglycoside 14,4 mg; Terpene lactone 3,6mg); D\u1ea7u tinh luy\u1ec7n ch\u1ee9a DHA 36,6mg; D\u1ea7u tinh luy\u1ec7n c\u00f3 ch\u1ee9a EPA 27,45mg; Vitamin B12 (Cyanocobalamin, Maltodextrin, Trisodium Citrate, Citric acid) (Cyanocobalamin 6,36 mcg) 7,5mg; Chi\u1ebft xu\u1ea5t h\u1ed3 ti\u00eau d\u00e0i 3mg; \u03b1-GPC (Glycerylphosphorylcholine) 0,98mg.<\/p>\n<p>Ph\u1ee5 li\u1ec7u: Th\u1ef1c ph\u1ea9m ch\u1ebf bi\u1ebfn c\u00f3 ch\u1ee9a phosphatidylserine; Ch\u1ea5t nh\u0169 h\u00f3a (Canxi stearate); V\u1ecf nang (Gelatin); Ch\u1ea5t l\u00e0m \u1ea9m (Glycerin); Ch\u1ea5t t\u1ea1o m\u00e0u t\u1ef1 nhi\u00ean (s\u1eafc t\u1ed1 Cacao).<\/p>\n<h2>C\u00f4ng d\u1ee5ng<\/h2>\n<p>H\u1ed7 tr\u1ee3 c\u1ea3i thi\u1ec7n t\u0103ng c\u01b0\u1eddng tr\u00ed nh\u1edb<\/p>\n<h2><\/h2>\n","protected":false},"excerpt":{"rendered":"<ul>\n<li>S\u1eed d\u1ee5ng chi\u1ebft xu\u1ea5t l\u00e1 b\u1ea1ch qu\u1ea3 (Ginkgo biloba) c\u00f3 b\u1eb1ng s\u00e1ng ch\u1ebf. Nguy\u00ean li\u1ec7u \u0111\u01b0\u1ee3c x\u00e1c nh\u1eadn DNA, kh\u00f4ng s\u1eed d\u1ee5ng thu\u1ed1c tr\u1eeb s\u00e2u ho\u1eb7c h\u00f3a ch\u1ea5t, \u0111\u1ea1t ch\u1ee9ng nh\u1eadn GAP, GMP, HACCP.<\/li>\n<li>B\u1ed5 sung Phosphatidylserine \u2013 ch\u1ea5t \u0111\u01b0\u1ee3c bi\u1ebft \u0111\u1ebfn h\u1ed7 tr\u1ee3 c\u1ea3i thi\u1ec7n ch\u1ee9c n\u0103ng n\u00e3o.<\/li>\n<li>B\u1ed5 sung \u03b1-GPC \u2013 \u0111\u01b0\u1ee3c ch\u1ee9ng minh c\u00f3 hi\u1ec7u qu\u1ea3 c\u1ea3i thi\u1ec7n ch\u1ee9ng sa s\u00fat tr\u00ed tu\u1ec7.<\/li>\n<\/ul>\n","protected":false},"featured_media":262,"comment_status":"open","ping_status":"closed","template":"","meta":[],"product_brand":[],"product_cat":[21],"product_tag":[],"class_list":{"0":"post-261","1":"product","2":"type-product","3":"status-publish","4":"has-post-thumbnail","6":"product_cat-thuc-pham-chuc-nang","8":"first","9":"instock","10":"shipping-taxable","11":"purchasable","12":"product-type-simple"},"yoast_head":"<!-- This site is optimized with the Yoast SEO Premium plugin v22.3 (Yoast SEO v27.1.1) - https:\/\/yoast.com\/product\/yoast-seo-premium-wordpress\/ -->\n<title>TPBVSK B\u1ed5 N\u00e3o Gi\u00fap T\u1eadp Trung Tr\u00ed Nh\u1edb , C\u1ea3i Thi\u1ec7n Tr\u00ed Nh\u1edb Ph\u1ee5c H\u1ed3i T\u1ebf B\u00e0o N\u00e3o GINKGO LEAF Noguchi 60 vi\u00ean - Ly Daily<\/title>\n<meta name=\"robots\" content=\"index, follow, max-snippet:-1, max-image-preview:large, max-video-preview:-1\" \/>\n<link rel=\"canonical\" href=\"https:\/\/lydaily.vn\/jp\/san-pham\/tpbvsk-bo-nao-giup-tap-trung-tri-nho-cai-thien-tri-nho-phuc-hoi-te-bao-nao-ginkgo-leaf-noguchi-60-vien\/\" \/>\n<meta property=\"og:locale\" content=\"vi_VN\" \/>\n<meta property=\"og:type\" content=\"article\" \/>\n<meta property=\"og:title\" content=\"TPBVSK B\u1ed5 N\u00e3o Gi\u00fap T\u1eadp Trung Tr\u00ed Nh\u1edb , C\u1ea3i Thi\u1ec7n Tr\u00ed Nh\u1edb Ph\u1ee5c H\u1ed3i T\u1ebf B\u00e0o N\u00e3o GINKGO LEAF Noguchi 60 vi\u00ean\" \/>\n<meta property=\"og:description\" content=\"S\u1eed d\u1ee5ng chi\u1ebft xu\u1ea5t l\u00e1 b\u1ea1ch qu\u1ea3 (Ginkgo biloba) c\u00f3 b\u1eb1ng s\u00e1ng ch\u1ebf. Nguy\u00ean li\u1ec7u \u0111\u01b0\u1ee3c x\u00e1c nh\u1eadn DNA, kh\u00f4ng s\u1eed d\u1ee5ng thu\u1ed1c tr\u1eeb s\u00e2u ho\u1eb7c h\u00f3a ch\u1ea5t, \u0111\u1ea1t ch\u1ee9ng nh\u1eadn GAP, GMP, HACCP.  B\u1ed5 sung Phosphatidylserine \u2013 ch\u1ea5t \u0111\u01b0\u1ee3c bi\u1ebft \u0111\u1ebfn h\u1ed7 tr\u1ee3 c\u1ea3i thi\u1ec7n ch\u1ee9c n\u0103ng n\u00e3o.  B\u1ed5 sung \u03b1-GPC \u2013 \u0111\u01b0\u1ee3c ch\u1ee9ng minh c\u00f3 hi\u1ec7u qu\u1ea3 c\u1ea3i thi\u1ec7n ch\u1ee9ng sa s\u00fat tr\u00ed tu\u1ec7.\" \/>\n<meta property=\"og:url\" content=\"https:\/\/lydaily.vn\/jp\/san-pham\/tpbvsk-bo-nao-giup-tap-trung-tri-nho-cai-thien-tri-nho-phuc-hoi-te-bao-nao-ginkgo-leaf-noguchi-60-vien\/\" \/>\n<meta property=\"og:site_name\" content=\"Ly Daily\" \/>\n<meta property=\"article:modified_time\" content=\"2026-03-13T05:25:28+00:00\" \/>\n<meta property=\"og:image\" content=\"https:\/\/lydaily.vn\/jp\/wp-content\/uploads\/2026\/03\/TPBVSK-Bo-Nao-Giup-Tap-Trung-Tri-Nho-Cai-Thien-Tri-Nho-Phuc-Hoi-Te-Bao-Nao-GINKGO-LEAF-Noguchi-60-vien.png\" \/>\n\t<meta property=\"og:image:width\" content=\"600\" \/>\n\t<meta property=\"og:image:height\" content=\"600\" \/>\n\t<meta property=\"og:image:type\" content=\"image\/png\" \/>\n<meta name=\"twitter:card\" content=\"summary_large_image\" \/>\n<meta name=\"twitter:label1\" content=\"\u01af\u1edbc t\u00ednh th\u1eddi gian \u0111\u1ecdc\" \/>\n\t<meta name=\"twitter:data1\" content=\"3 ph\u00fat\" \/>\n<script type=\"application\/ld+json\" class=\"yoast-schema-graph\">{\"@context\":\"https:\/\/schema.org\",\"@graph\":[{\"@type\":\"WebPage\",\"@id\":\"https:\/\/lydaily.vn\/jp\/san-pham\/tpbvsk-bo-nao-giup-tap-trung-tri-nho-cai-thien-tri-nho-phuc-hoi-te-bao-nao-ginkgo-leaf-noguchi-60-vien\/\",\"url\":\"https:\/\/lydaily.vn\/jp\/san-pham\/tpbvsk-bo-nao-giup-tap-trung-tri-nho-cai-thien-tri-nho-phuc-hoi-te-bao-nao-ginkgo-leaf-noguchi-60-vien\/\",\"name\":\"TPBVSK B\u1ed5 N\u00e3o Gi\u00fap T\u1eadp Trung Tr\u00ed Nh\u1edb , C\u1ea3i Thi\u1ec7n Tr\u00ed Nh\u1edb Ph\u1ee5c H\u1ed3i T\u1ebf B\u00e0o N\u00e3o GINKGO LEAF Noguchi 60 vi\u00ean - Ly Daily\",\"isPartOf\":{\"@id\":\"https:\/\/lydaily.vn\/jp\/#website\"},\"primaryImageOfPage\":{\"@id\":\"https:\/\/lydaily.vn\/jp\/san-pham\/tpbvsk-bo-nao-giup-tap-trung-tri-nho-cai-thien-tri-nho-phuc-hoi-te-bao-nao-ginkgo-leaf-noguchi-60-vien\/#primaryimage\"},\"image\":{\"@id\":\"https:\/\/lydaily.vn\/jp\/san-pham\/tpbvsk-bo-nao-giup-tap-trung-tri-nho-cai-thien-tri-nho-phuc-hoi-te-bao-nao-ginkgo-leaf-noguchi-60-vien\/#primaryimage\"},\"thumbnailUrl\":\"https:\/\/lydaily.vn\/jp\/wp-content\/uploads\/2026\/03\/TPBVSK-Bo-Nao-Giup-Tap-Trung-Tri-Nho-Cai-Thien-Tri-Nho-Phuc-Hoi-Te-Bao-Nao-GINKGO-LEAF-Noguchi-60-vien.png\",\"datePublished\":\"2026-03-01T02:17:35+00:00\",\"dateModified\":\"2026-03-13T05:25:28+00:00\",\"breadcrumb\":{\"@id\":\"https:\/\/lydaily.vn\/jp\/san-pham\/tpbvsk-bo-nao-giup-tap-trung-tri-nho-cai-thien-tri-nho-phuc-hoi-te-bao-nao-ginkgo-leaf-noguchi-60-vien\/#breadcrumb\"},\"inLanguage\":\"vi\",\"potentialAction\":[{\"@type\":\"ReadAction\",\"target\":[\"https:\/\/lydaily.vn\/jp\/san-pham\/tpbvsk-bo-nao-giup-tap-trung-tri-nho-cai-thien-tri-nho-phuc-hoi-te-bao-nao-ginkgo-leaf-noguchi-60-vien\/\"]}]},{\"@type\":\"ImageObject\",\"inLanguage\":\"vi\",\"@id\":\"https:\/\/lydaily.vn\/jp\/san-pham\/tpbvsk-bo-nao-giup-tap-trung-tri-nho-cai-thien-tri-nho-phuc-hoi-te-bao-nao-ginkgo-leaf-noguchi-60-vien\/#primaryimage\",\"url\":\"https:\/\/lydaily.vn\/jp\/wp-content\/uploads\/2026\/03\/TPBVSK-Bo-Nao-Giup-Tap-Trung-Tri-Nho-Cai-Thien-Tri-Nho-Phuc-Hoi-Te-Bao-Nao-GINKGO-LEAF-Noguchi-60-vien.png\",\"contentUrl\":\"https:\/\/lydaily.vn\/jp\/wp-content\/uploads\/2026\/03\/TPBVSK-Bo-Nao-Giup-Tap-Trung-Tri-Nho-Cai-Thien-Tri-Nho-Phuc-Hoi-Te-Bao-Nao-GINKGO-LEAF-Noguchi-60-vien.png\",\"width\":600,\"height\":600},{\"@type\":\"BreadcrumbList\",\"@id\":\"https:\/\/lydaily.vn\/jp\/san-pham\/tpbvsk-bo-nao-giup-tap-trung-tri-nho-cai-thien-tri-nho-phuc-hoi-te-bao-nao-ginkgo-leaf-noguchi-60-vien\/#breadcrumb\",\"itemListElement\":[{\"@type\":\"ListItem\",\"position\":1,\"name\":\"Home\",\"item\":\"https:\/\/lydaily.vn\/jp\/\"},{\"@type\":\"ListItem\",\"position\":2,\"name\":\"S\u1ea3n ph\u1ea9m\",\"item\":\"https:\/\/lydaily.vn\/jp\/san-pham\/\"},{\"@type\":\"ListItem\",\"position\":3,\"name\":\"TPBVSK B\u1ed5 N\u00e3o Gi\u00fap T\u1eadp Trung Tr\u00ed Nh\u1edb , C\u1ea3i Thi\u1ec7n Tr\u00ed Nh\u1edb Ph\u1ee5c H\u1ed3i T\u1ebf B\u00e0o N\u00e3o GINKGO LEAF Noguchi 60 vi\u00ean\"}]},{\"@type\":\"WebSite\",\"@id\":\"https:\/\/lydaily.vn\/jp\/#website\",\"url\":\"https:\/\/lydaily.vn\/jp\/\",\"name\":\"Ly Daily\",\"description\":\"Th\u1ef1c Ph\u1ea9m Ch\u1ee9c N\u0103ng &amp; M\u1ef9 Ph\u1ea9m t\u1ea1i Nh\u1eadt B\u1ea3n v\u00e0 Vi\u1ec7t Nam\",\"potentialAction\":[{\"@type\":\"SearchAction\",\"target\":{\"@type\":\"EntryPoint\",\"urlTemplate\":\"https:\/\/lydaily.vn\/jp\/?s={search_term_string}\"},\"query-input\":{\"@type\":\"PropertyValueSpecification\",\"valueRequired\":true,\"valueName\":\"search_term_string\"}}],\"inLanguage\":\"vi\"}]}<\/script>\n<!-- \/ Yoast SEO Premium plugin. -->","yoast_head_json":{"title":"TPBVSK B\u1ed5 N\u00e3o Gi\u00fap T\u1eadp Trung Tr\u00ed Nh\u1edb , C\u1ea3i Thi\u1ec7n Tr\u00ed Nh\u1edb Ph\u1ee5c H\u1ed3i T\u1ebf B\u00e0o N\u00e3o GINKGO LEAF Noguchi 60 vi\u00ean - Ly Daily","robots":{"index":"index","follow":"follow","max-snippet":"max-snippet:-1","max-image-preview":"max-image-preview:large","max-video-preview":"max-video-preview:-1"},"canonical":"https:\/\/lydaily.vn\/jp\/san-pham\/tpbvsk-bo-nao-giup-tap-trung-tri-nho-cai-thien-tri-nho-phuc-hoi-te-bao-nao-ginkgo-leaf-noguchi-60-vien\/","og_locale":"vi_VN","og_type":"article","og_title":"TPBVSK B\u1ed5 N\u00e3o Gi\u00fap T\u1eadp Trung Tr\u00ed Nh\u1edb , C\u1ea3i Thi\u1ec7n Tr\u00ed Nh\u1edb Ph\u1ee5c H\u1ed3i T\u1ebf B\u00e0o N\u00e3o GINKGO LEAF Noguchi 60 vi\u00ean","og_description":"S\u1eed d\u1ee5ng chi\u1ebft xu\u1ea5t l\u00e1 b\u1ea1ch qu\u1ea3 (Ginkgo biloba) c\u00f3 b\u1eb1ng s\u00e1ng ch\u1ebf. Nguy\u00ean li\u1ec7u \u0111\u01b0\u1ee3c x\u00e1c nh\u1eadn DNA, kh\u00f4ng s\u1eed d\u1ee5ng thu\u1ed1c tr\u1eeb s\u00e2u ho\u1eb7c h\u00f3a ch\u1ea5t, \u0111\u1ea1t ch\u1ee9ng nh\u1eadn GAP, GMP, HACCP.  B\u1ed5 sung Phosphatidylserine \u2013 ch\u1ea5t \u0111\u01b0\u1ee3c bi\u1ebft \u0111\u1ebfn h\u1ed7 tr\u1ee3 c\u1ea3i thi\u1ec7n ch\u1ee9c n\u0103ng n\u00e3o.  B\u1ed5 sung \u03b1-GPC \u2013 \u0111\u01b0\u1ee3c ch\u1ee9ng minh c\u00f3 hi\u1ec7u qu\u1ea3 c\u1ea3i thi\u1ec7n ch\u1ee9ng sa s\u00fat tr\u00ed tu\u1ec7.","og_url":"https:\/\/lydaily.vn\/jp\/san-pham\/tpbvsk-bo-nao-giup-tap-trung-tri-nho-cai-thien-tri-nho-phuc-hoi-te-bao-nao-ginkgo-leaf-noguchi-60-vien\/","og_site_name":"Ly Daily","article_modified_time":"2026-03-13T05:25:28+00:00","og_image":[{"width":600,"height":600,"url":"https:\/\/lydaily.vn\/jp\/wp-content\/uploads\/2026\/03\/TPBVSK-Bo-Nao-Giup-Tap-Trung-Tri-Nho-Cai-Thien-Tri-Nho-Phuc-Hoi-Te-Bao-Nao-GINKGO-LEAF-Noguchi-60-vien.png","type":"image\/png"}],"twitter_card":"summary_large_image","twitter_misc":{"\u01af\u1edbc t\u00ednh th\u1eddi gian \u0111\u1ecdc":"3 ph\u00fat"},"schema":{"@context":"https:\/\/schema.org","@graph":[{"@type":"WebPage","@id":"https:\/\/lydaily.vn\/jp\/san-pham\/tpbvsk-bo-nao-giup-tap-trung-tri-nho-cai-thien-tri-nho-phuc-hoi-te-bao-nao-ginkgo-leaf-noguchi-60-vien\/","url":"https:\/\/lydaily.vn\/jp\/san-pham\/tpbvsk-bo-nao-giup-tap-trung-tri-nho-cai-thien-tri-nho-phuc-hoi-te-bao-nao-ginkgo-leaf-noguchi-60-vien\/","name":"TPBVSK B\u1ed5 N\u00e3o Gi\u00fap T\u1eadp Trung Tr\u00ed Nh\u1edb , C\u1ea3i Thi\u1ec7n Tr\u00ed Nh\u1edb Ph\u1ee5c H\u1ed3i T\u1ebf B\u00e0o N\u00e3o GINKGO LEAF Noguchi 60 vi\u00ean - Ly Daily","isPartOf":{"@id":"https:\/\/lydaily.vn\/jp\/#website"},"primaryImageOfPage":{"@id":"https:\/\/lydaily.vn\/jp\/san-pham\/tpbvsk-bo-nao-giup-tap-trung-tri-nho-cai-thien-tri-nho-phuc-hoi-te-bao-nao-ginkgo-leaf-noguchi-60-vien\/#primaryimage"},"image":{"@id":"https:\/\/lydaily.vn\/jp\/san-pham\/tpbvsk-bo-nao-giup-tap-trung-tri-nho-cai-thien-tri-nho-phuc-hoi-te-bao-nao-ginkgo-leaf-noguchi-60-vien\/#primaryimage"},"thumbnailUrl":"https:\/\/lydaily.vn\/jp\/wp-content\/uploads\/2026\/03\/TPBVSK-Bo-Nao-Giup-Tap-Trung-Tri-Nho-Cai-Thien-Tri-Nho-Phuc-Hoi-Te-Bao-Nao-GINKGO-LEAF-Noguchi-60-vien.png","datePublished":"2026-03-01T02:17:35+00:00","dateModified":"2026-03-13T05:25:28+00:00","breadcrumb":{"@id":"https:\/\/lydaily.vn\/jp\/san-pham\/tpbvsk-bo-nao-giup-tap-trung-tri-nho-cai-thien-tri-nho-phuc-hoi-te-bao-nao-ginkgo-leaf-noguchi-60-vien\/#breadcrumb"},"inLanguage":"vi","potentialAction":[{"@type":"ReadAction","target":["https:\/\/lydaily.vn\/jp\/san-pham\/tpbvsk-bo-nao-giup-tap-trung-tri-nho-cai-thien-tri-nho-phuc-hoi-te-bao-nao-ginkgo-leaf-noguchi-60-vien\/"]}]},{"@type":"ImageObject","inLanguage":"vi","@id":"https:\/\/lydaily.vn\/jp\/san-pham\/tpbvsk-bo-nao-giup-tap-trung-tri-nho-cai-thien-tri-nho-phuc-hoi-te-bao-nao-ginkgo-leaf-noguchi-60-vien\/#primaryimage","url":"https:\/\/lydaily.vn\/jp\/wp-content\/uploads\/2026\/03\/TPBVSK-Bo-Nao-Giup-Tap-Trung-Tri-Nho-Cai-Thien-Tri-Nho-Phuc-Hoi-Te-Bao-Nao-GINKGO-LEAF-Noguchi-60-vien.png","contentUrl":"https:\/\/lydaily.vn\/jp\/wp-content\/uploads\/2026\/03\/TPBVSK-Bo-Nao-Giup-Tap-Trung-Tri-Nho-Cai-Thien-Tri-Nho-Phuc-Hoi-Te-Bao-Nao-GINKGO-LEAF-Noguchi-60-vien.png","width":600,"height":600},{"@type":"BreadcrumbList","@id":"https:\/\/lydaily.vn\/jp\/san-pham\/tpbvsk-bo-nao-giup-tap-trung-tri-nho-cai-thien-tri-nho-phuc-hoi-te-bao-nao-ginkgo-leaf-noguchi-60-vien\/#breadcrumb","itemListElement":[{"@type":"ListItem","position":1,"name":"Home","item":"https:\/\/lydaily.vn\/jp\/"},{"@type":"ListItem","position":2,"name":"S\u1ea3n ph\u1ea9m","item":"https:\/\/lydaily.vn\/jp\/san-pham\/"},{"@type":"ListItem","position":3,"name":"TPBVSK B\u1ed5 N\u00e3o Gi\u00fap T\u1eadp Trung Tr\u00ed Nh\u1edb , C\u1ea3i Thi\u1ec7n Tr\u00ed Nh\u1edb Ph\u1ee5c H\u1ed3i T\u1ebf B\u00e0o N\u00e3o GINKGO LEAF Noguchi 60 vi\u00ean"}]},{"@type":"WebSite","@id":"https:\/\/lydaily.vn\/jp\/#website","url":"https:\/\/lydaily.vn\/jp\/","name":"Ly Daily","description":"Th\u1ef1c Ph\u1ea9m Ch\u1ee9c N\u0103ng &amp; M\u1ef9 Ph\u1ea9m t\u1ea1i Nh\u1eadt B\u1ea3n v\u00e0 Vi\u1ec7t Nam","potentialAction":[{"@type":"SearchAction","target":{"@type":"EntryPoint","urlTemplate":"https:\/\/lydaily.vn\/jp\/?s={search_term_string}"},"query-input":{"@type":"PropertyValueSpecification","valueRequired":true,"valueName":"search_term_string"}}],"inLanguage":"vi"}]}},"_links":{"self":[{"href":"https:\/\/lydaily.vn\/jp\/wp-json\/wp\/v2\/product\/261","targetHints":{"allow":["GET"]}}],"collection":[{"href":"https:\/\/lydaily.vn\/jp\/wp-json\/wp\/v2\/product"}],"about":[{"href":"https:\/\/lydaily.vn\/jp\/wp-json\/wp\/v2\/types\/product"}],"replies":[{"embeddable":true,"href":"https:\/\/lydaily.vn\/jp\/wp-json\/wp\/v2\/comments?post=261"}],"wp:featuredmedia":[{"embeddable":true,"href":"https:\/\/lydaily.vn\/jp\/wp-json\/wp\/v2\/media\/262"}],"wp:attachment":[{"href":"https:\/\/lydaily.vn\/jp\/wp-json\/wp\/v2\/media?parent=261"}],"wp:term":[{"taxonomy":"product_brand","embeddable":true,"href":"https:\/\/lydaily.vn\/jp\/wp-json\/wp\/v2\/product_brand?post=261"},{"taxonomy":"product_cat","embeddable":true,"href":"https:\/\/lydaily.vn\/jp\/wp-json\/wp\/v2\/product_cat?post=261"},{"taxonomy":"product_tag","embeddable":true,"href":"https:\/\/lydaily.vn\/jp\/wp-json\/wp\/v2\/product_tag?post=261"}],"curies":[{"name":"wp","href":"https:\/\/api.w.org\/{rel}","templated":true}]}}