{"id":259,"date":"2026-03-01T02:13:37","date_gmt":"2026-03-01T02:13:37","guid":{"rendered":"https:\/\/lydaily.qweb.com.vn\/?post_type=product&#038;p=259"},"modified":"2026-03-13T05:19:01","modified_gmt":"2026-03-13T05:19:01","slug":"vien-keo-deo-bo-sung-giam-tao-uha-mikakuto-gummy-supplement-apple-vinegar","status":"publish","type":"product","link":"https:\/\/lydaily.vn\/jp\/san-pham\/vien-keo-deo-bo-sung-giam-tao-uha-mikakuto-gummy-supplement-apple-vinegar\/","title":{"rendered":"vi\u00ean k\u1eb9o d\u1ebbo b\u1ed5 sung gi\u1ea5m t\u00e1o UHA Mikakuto Gummy Supplement Apple Vinegar."},"content":{"rendered":"","protected":false},"excerpt":{"rendered":"<ul data-hveid=\"CBMQAQ\" data-ved=\"2ahUKEwjY9cLzz_2SAxUkiK8BHZDbDDMQm_YKegQIExAB\">\n<li><span data-huuid=\"9256327660928168506\"><strong>C\u00f4ng d\u1ee5ng:<\/strong>\u00a0H\u1ed7 tr\u1ee3 c\u1ea3i thi\u1ec7n ti\u00eau h\u00f3a v\u00e0 cung c\u1ea5p dinh d\u01b0\u1ee1ng.<span class=\"pjBG2e\" data-cid=\"794b1545-e155-4575-bac2-45da772d0e7a\"><span class=\"UV3uM\">\u00a0<\/span><\/span><\/span>\n<div class=\"NPrrbc\" data-cid=\"794b1545-e155-4575-bac2-45da772d0e7a\" data-uuids=\"9256327660928168506\">\n<div class=\"BMebGe btku5b FR7ZSc OJeuxf\" tabindex=\"0\" role=\"button\" aria-label=\"Xem c\u00e1c \u0111\u01b0\u1eddng li\u00ean k\u1ebft c\u00f3 li\u00ean quan\" data-hveid=\"CAgQAQ\" data-ved=\"2ahUKEwjY9cLzz_2SAxUkiK8BHZDbDDMQ3fYKegQICBAB\">\n<div class=\"niO4u B6OMee\"><\/div>\n<\/div>\n<\/div>\n<\/li>\n<li><span data-huuid=\"9256327660928168460\"><strong>Th\u00e0nh ph\u1ea7n ch\u00ednh:<\/strong>\u00a0Gi\u1ea5m t\u00e1o, l\u1ee3i khu\u1ea9n th\u1ef1c v\u1eadt K-1, Axit Folic v\u00e0 Vitamin B12.<span class=\"pjBG2e\" data-cid=\"9ebfe80f-2904-4307-b119-62ca538972ee\"><span class=\"UV3uM\">\u00a0<\/span><\/span><\/span>\n<div class=\"NPrrbc\" data-cid=\"9ebfe80f-2904-4307-b119-62ca538972ee\" data-uuids=\"9256327660928168460\">\n<div class=\"BMebGe btku5b FR7ZSc OJeuxf\" tabindex=\"0\" role=\"button\" aria-label=\"Xem c\u00e1c \u0111\u01b0\u1eddng li\u00ean k\u1ebft c\u00f3 li\u00ean quan\" data-hveid=\"CA8QAQ\" data-ved=\"2ahUKEwjY9cLzz_2SAxUkiK8BHZDbDDMQ3fYKegQIDxAB\">\n<div class=\"niO4u B6OMee\"><\/div>\n<\/div>\n<\/div>\n<\/li>\n<li><span data-huuid=\"9256327660928168414\"><strong>\u0110\u1eb7c \u0111i\u1ec3m:<\/strong>\u00a0100% th\u1ef1c v\u1eadt, kh\u00f4ng ch\u1ee9a gelatin.<span class=\"pjBG2e\" data-cid=\"077eb0b6-1f06-4d8b-b0b6-010d8d44d721\"><span class=\"UV3uM\">\u00a0<\/span><\/span><\/span><\/li>\n<\/ul>\n","protected":false},"featured_media":260,"comment_status":"open","ping_status":"closed","template":"","meta":[],"product_brand":[],"product_cat":[21],"product_tag":[],"class_list":{"0":"post-259","1":"product","2":"type-product","3":"status-publish","4":"has-post-thumbnail","6":"product_cat-thuc-pham-chuc-nang","8":"first","9":"instock","10":"shipping-taxable","11":"purchasable","12":"product-type-simple"},"yoast_head":"<!-- This site is optimized with the Yoast SEO Premium plugin v22.3 (Yoast SEO v27.1.1) - https:\/\/yoast.com\/product\/yoast-seo-premium-wordpress\/ -->\n<title>vi\u00ean k\u1eb9o d\u1ebbo b\u1ed5 sung gi\u1ea5m t\u00e1o UHA Mikakuto Gummy Supplement Apple Vinegar. - Ly Daily<\/title>\n<meta name=\"robots\" content=\"index, follow, max-snippet:-1, max-image-preview:large, max-video-preview:-1\" \/>\n<link rel=\"canonical\" href=\"https:\/\/lydaily.vn\/jp\/san-pham\/vien-keo-deo-bo-sung-giam-tao-uha-mikakuto-gummy-supplement-apple-vinegar\/\" \/>\n<meta property=\"og:locale\" content=\"vi_VN\" \/>\n<meta property=\"og:type\" content=\"article\" \/>\n<meta property=\"og:title\" content=\"vi\u00ean k\u1eb9o d\u1ebbo b\u1ed5 sung gi\u1ea5m t\u00e1o UHA Mikakuto Gummy Supplement Apple Vinegar.\" \/>\n<meta property=\"og:description\" content=\"C\u00f4ng d\u1ee5ng:\u00a0H\u1ed7 tr\u1ee3 c\u1ea3i thi\u1ec7n ti\u00eau h\u00f3a v\u00e0 cung c\u1ea5p dinh d\u01b0\u1ee1ng.\u00a0       Th\u00e0nh ph\u1ea7n ch\u00ednh:\u00a0Gi\u1ea5m t\u00e1o, l\u1ee3i khu\u1ea9n th\u1ef1c v\u1eadt K-1, Axit Folic v\u00e0 Vitamin B12.\u00a0       \u0110\u1eb7c \u0111i\u1ec3m:\u00a0100% th\u1ef1c v\u1eadt, kh\u00f4ng ch\u1ee9a gelatin.\u00a0\" \/>\n<meta property=\"og:url\" content=\"https:\/\/lydaily.vn\/jp\/san-pham\/vien-keo-deo-bo-sung-giam-tao-uha-mikakuto-gummy-supplement-apple-vinegar\/\" \/>\n<meta property=\"og:site_name\" content=\"Ly Daily\" \/>\n<meta property=\"article:modified_time\" content=\"2026-03-13T05:19:01+00:00\" \/>\n<meta property=\"og:image\" content=\"https:\/\/lydaily.vn\/jp\/wp-content\/uploads\/2026\/03\/vien-keo-deo-bo-sung-giam-tao-UHA-Mikakuto-Gummy-Supplement-Apple-Vinegar.jpg\" \/>\n\t<meta property=\"og:image:width\" content=\"1200\" \/>\n\t<meta property=\"og:image:height\" content=\"1200\" \/>\n\t<meta property=\"og:image:type\" content=\"image\/jpeg\" \/>\n<meta name=\"twitter:card\" content=\"summary_large_image\" \/>\n<meta name=\"twitter:label1\" content=\"\u01af\u1edbc t\u00ednh th\u1eddi gian \u0111\u1ecdc\" \/>\n\t<meta name=\"twitter:data1\" content=\"1 ph\u00fat\" \/>\n<script type=\"application\/ld+json\" class=\"yoast-schema-graph\">{\"@context\":\"https:\/\/schema.org\",\"@graph\":[{\"@type\":\"WebPage\",\"@id\":\"https:\/\/lydaily.vn\/jp\/san-pham\/vien-keo-deo-bo-sung-giam-tao-uha-mikakuto-gummy-supplement-apple-vinegar\/\",\"url\":\"https:\/\/lydaily.vn\/jp\/san-pham\/vien-keo-deo-bo-sung-giam-tao-uha-mikakuto-gummy-supplement-apple-vinegar\/\",\"name\":\"vi\u00ean k\u1eb9o d\u1ebbo b\u1ed5 sung gi\u1ea5m t\u00e1o UHA Mikakuto Gummy Supplement Apple Vinegar. - Ly Daily\",\"isPartOf\":{\"@id\":\"https:\/\/lydaily.vn\/jp\/#website\"},\"primaryImageOfPage\":{\"@id\":\"https:\/\/lydaily.vn\/jp\/san-pham\/vien-keo-deo-bo-sung-giam-tao-uha-mikakuto-gummy-supplement-apple-vinegar\/#primaryimage\"},\"image\":{\"@id\":\"https:\/\/lydaily.vn\/jp\/san-pham\/vien-keo-deo-bo-sung-giam-tao-uha-mikakuto-gummy-supplement-apple-vinegar\/#primaryimage\"},\"thumbnailUrl\":\"https:\/\/lydaily.vn\/jp\/wp-content\/uploads\/2026\/03\/vien-keo-deo-bo-sung-giam-tao-UHA-Mikakuto-Gummy-Supplement-Apple-Vinegar.jpg\",\"datePublished\":\"2026-03-01T02:13:37+00:00\",\"dateModified\":\"2026-03-13T05:19:01+00:00\",\"breadcrumb\":{\"@id\":\"https:\/\/lydaily.vn\/jp\/san-pham\/vien-keo-deo-bo-sung-giam-tao-uha-mikakuto-gummy-supplement-apple-vinegar\/#breadcrumb\"},\"inLanguage\":\"vi\",\"potentialAction\":[{\"@type\":\"ReadAction\",\"target\":[\"https:\/\/lydaily.vn\/jp\/san-pham\/vien-keo-deo-bo-sung-giam-tao-uha-mikakuto-gummy-supplement-apple-vinegar\/\"]}]},{\"@type\":\"ImageObject\",\"inLanguage\":\"vi\",\"@id\":\"https:\/\/lydaily.vn\/jp\/san-pham\/vien-keo-deo-bo-sung-giam-tao-uha-mikakuto-gummy-supplement-apple-vinegar\/#primaryimage\",\"url\":\"https:\/\/lydaily.vn\/jp\/wp-content\/uploads\/2026\/03\/vien-keo-deo-bo-sung-giam-tao-UHA-Mikakuto-Gummy-Supplement-Apple-Vinegar.jpg\",\"contentUrl\":\"https:\/\/lydaily.vn\/jp\/wp-content\/uploads\/2026\/03\/vien-keo-deo-bo-sung-giam-tao-UHA-Mikakuto-Gummy-Supplement-Apple-Vinegar.jpg\",\"width\":1200,\"height\":1200},{\"@type\":\"BreadcrumbList\",\"@id\":\"https:\/\/lydaily.vn\/jp\/san-pham\/vien-keo-deo-bo-sung-giam-tao-uha-mikakuto-gummy-supplement-apple-vinegar\/#breadcrumb\",\"itemListElement\":[{\"@type\":\"ListItem\",\"position\":1,\"name\":\"Home\",\"item\":\"https:\/\/lydaily.vn\/jp\/\"},{\"@type\":\"ListItem\",\"position\":2,\"name\":\"S\u1ea3n ph\u1ea9m\",\"item\":\"https:\/\/lydaily.vn\/jp\/san-pham\/\"},{\"@type\":\"ListItem\",\"position\":3,\"name\":\"vi\u00ean k\u1eb9o d\u1ebbo b\u1ed5 sung gi\u1ea5m t\u00e1o UHA Mikakuto Gummy Supplement Apple Vinegar.\"}]},{\"@type\":\"WebSite\",\"@id\":\"https:\/\/lydaily.vn\/jp\/#website\",\"url\":\"https:\/\/lydaily.vn\/jp\/\",\"name\":\"Ly Daily\",\"description\":\"Th\u1ef1c Ph\u1ea9m Ch\u1ee9c N\u0103ng &amp; M\u1ef9 Ph\u1ea9m t\u1ea1i Nh\u1eadt B\u1ea3n v\u00e0 Vi\u1ec7t Nam\",\"potentialAction\":[{\"@type\":\"SearchAction\",\"target\":{\"@type\":\"EntryPoint\",\"urlTemplate\":\"https:\/\/lydaily.vn\/jp\/?s={search_term_string}\"},\"query-input\":{\"@type\":\"PropertyValueSpecification\",\"valueRequired\":true,\"valueName\":\"search_term_string\"}}],\"inLanguage\":\"vi\"}]}<\/script>\n<!-- \/ Yoast SEO Premium plugin. -->","yoast_head_json":{"title":"vi\u00ean k\u1eb9o d\u1ebbo b\u1ed5 sung gi\u1ea5m t\u00e1o UHA Mikakuto Gummy Supplement Apple Vinegar. - Ly Daily","robots":{"index":"index","follow":"follow","max-snippet":"max-snippet:-1","max-image-preview":"max-image-preview:large","max-video-preview":"max-video-preview:-1"},"canonical":"https:\/\/lydaily.vn\/jp\/san-pham\/vien-keo-deo-bo-sung-giam-tao-uha-mikakuto-gummy-supplement-apple-vinegar\/","og_locale":"vi_VN","og_type":"article","og_title":"vi\u00ean k\u1eb9o d\u1ebbo b\u1ed5 sung gi\u1ea5m t\u00e1o UHA Mikakuto Gummy Supplement Apple Vinegar.","og_description":"C\u00f4ng d\u1ee5ng:\u00a0H\u1ed7 tr\u1ee3 c\u1ea3i thi\u1ec7n ti\u00eau h\u00f3a v\u00e0 cung c\u1ea5p dinh d\u01b0\u1ee1ng.\u00a0       Th\u00e0nh ph\u1ea7n ch\u00ednh:\u00a0Gi\u1ea5m t\u00e1o, l\u1ee3i khu\u1ea9n th\u1ef1c v\u1eadt K-1, Axit Folic v\u00e0 Vitamin B12.\u00a0       \u0110\u1eb7c \u0111i\u1ec3m:\u00a0100% th\u1ef1c v\u1eadt, kh\u00f4ng ch\u1ee9a gelatin.\u00a0","og_url":"https:\/\/lydaily.vn\/jp\/san-pham\/vien-keo-deo-bo-sung-giam-tao-uha-mikakuto-gummy-supplement-apple-vinegar\/","og_site_name":"Ly Daily","article_modified_time":"2026-03-13T05:19:01+00:00","og_image":[{"width":1200,"height":1200,"url":"https:\/\/lydaily.vn\/jp\/wp-content\/uploads\/2026\/03\/vien-keo-deo-bo-sung-giam-tao-UHA-Mikakuto-Gummy-Supplement-Apple-Vinegar.jpg","type":"image\/jpeg"}],"twitter_card":"summary_large_image","twitter_misc":{"\u01af\u1edbc t\u00ednh th\u1eddi gian \u0111\u1ecdc":"1 ph\u00fat"},"schema":{"@context":"https:\/\/schema.org","@graph":[{"@type":"WebPage","@id":"https:\/\/lydaily.vn\/jp\/san-pham\/vien-keo-deo-bo-sung-giam-tao-uha-mikakuto-gummy-supplement-apple-vinegar\/","url":"https:\/\/lydaily.vn\/jp\/san-pham\/vien-keo-deo-bo-sung-giam-tao-uha-mikakuto-gummy-supplement-apple-vinegar\/","name":"vi\u00ean k\u1eb9o d\u1ebbo b\u1ed5 sung gi\u1ea5m t\u00e1o UHA Mikakuto Gummy Supplement Apple Vinegar. - Ly Daily","isPartOf":{"@id":"https:\/\/lydaily.vn\/jp\/#website"},"primaryImageOfPage":{"@id":"https:\/\/lydaily.vn\/jp\/san-pham\/vien-keo-deo-bo-sung-giam-tao-uha-mikakuto-gummy-supplement-apple-vinegar\/#primaryimage"},"image":{"@id":"https:\/\/lydaily.vn\/jp\/san-pham\/vien-keo-deo-bo-sung-giam-tao-uha-mikakuto-gummy-supplement-apple-vinegar\/#primaryimage"},"thumbnailUrl":"https:\/\/lydaily.vn\/jp\/wp-content\/uploads\/2026\/03\/vien-keo-deo-bo-sung-giam-tao-UHA-Mikakuto-Gummy-Supplement-Apple-Vinegar.jpg","datePublished":"2026-03-01T02:13:37+00:00","dateModified":"2026-03-13T05:19:01+00:00","breadcrumb":{"@id":"https:\/\/lydaily.vn\/jp\/san-pham\/vien-keo-deo-bo-sung-giam-tao-uha-mikakuto-gummy-supplement-apple-vinegar\/#breadcrumb"},"inLanguage":"vi","potentialAction":[{"@type":"ReadAction","target":["https:\/\/lydaily.vn\/jp\/san-pham\/vien-keo-deo-bo-sung-giam-tao-uha-mikakuto-gummy-supplement-apple-vinegar\/"]}]},{"@type":"ImageObject","inLanguage":"vi","@id":"https:\/\/lydaily.vn\/jp\/san-pham\/vien-keo-deo-bo-sung-giam-tao-uha-mikakuto-gummy-supplement-apple-vinegar\/#primaryimage","url":"https:\/\/lydaily.vn\/jp\/wp-content\/uploads\/2026\/03\/vien-keo-deo-bo-sung-giam-tao-UHA-Mikakuto-Gummy-Supplement-Apple-Vinegar.jpg","contentUrl":"https:\/\/lydaily.vn\/jp\/wp-content\/uploads\/2026\/03\/vien-keo-deo-bo-sung-giam-tao-UHA-Mikakuto-Gummy-Supplement-Apple-Vinegar.jpg","width":1200,"height":1200},{"@type":"BreadcrumbList","@id":"https:\/\/lydaily.vn\/jp\/san-pham\/vien-keo-deo-bo-sung-giam-tao-uha-mikakuto-gummy-supplement-apple-vinegar\/#breadcrumb","itemListElement":[{"@type":"ListItem","position":1,"name":"Home","item":"https:\/\/lydaily.vn\/jp\/"},{"@type":"ListItem","position":2,"name":"S\u1ea3n ph\u1ea9m","item":"https:\/\/lydaily.vn\/jp\/san-pham\/"},{"@type":"ListItem","position":3,"name":"vi\u00ean k\u1eb9o d\u1ebbo b\u1ed5 sung gi\u1ea5m t\u00e1o UHA Mikakuto Gummy Supplement Apple Vinegar."}]},{"@type":"WebSite","@id":"https:\/\/lydaily.vn\/jp\/#website","url":"https:\/\/lydaily.vn\/jp\/","name":"Ly Daily","description":"Th\u1ef1c Ph\u1ea9m Ch\u1ee9c N\u0103ng &amp; M\u1ef9 Ph\u1ea9m t\u1ea1i Nh\u1eadt B\u1ea3n v\u00e0 Vi\u1ec7t Nam","potentialAction":[{"@type":"SearchAction","target":{"@type":"EntryPoint","urlTemplate":"https:\/\/lydaily.vn\/jp\/?s={search_term_string}"},"query-input":{"@type":"PropertyValueSpecification","valueRequired":true,"valueName":"search_term_string"}}],"inLanguage":"vi"}]}},"_links":{"self":[{"href":"https:\/\/lydaily.vn\/jp\/wp-json\/wp\/v2\/product\/259","targetHints":{"allow":["GET"]}}],"collection":[{"href":"https:\/\/lydaily.vn\/jp\/wp-json\/wp\/v2\/product"}],"about":[{"href":"https:\/\/lydaily.vn\/jp\/wp-json\/wp\/v2\/types\/product"}],"replies":[{"embeddable":true,"href":"https:\/\/lydaily.vn\/jp\/wp-json\/wp\/v2\/comments?post=259"}],"wp:featuredmedia":[{"embeddable":true,"href":"https:\/\/lydaily.vn\/jp\/wp-json\/wp\/v2\/media\/260"}],"wp:attachment":[{"href":"https:\/\/lydaily.vn\/jp\/wp-json\/wp\/v2\/media?parent=259"}],"wp:term":[{"taxonomy":"product_brand","embeddable":true,"href":"https:\/\/lydaily.vn\/jp\/wp-json\/wp\/v2\/product_brand?post=259"},{"taxonomy":"product_cat","embeddable":true,"href":"https:\/\/lydaily.vn\/jp\/wp-json\/wp\/v2\/product_cat?post=259"},{"taxonomy":"product_tag","embeddable":true,"href":"https:\/\/lydaily.vn\/jp\/wp-json\/wp\/v2\/product_tag?post=259"}],"curies":[{"name":"wp","href":"https:\/\/api.w.org\/{rel}","templated":true}]}}