{"id":257,"date":"2026-03-01T02:11:29","date_gmt":"2026-03-01T02:11:29","guid":{"rendered":"https:\/\/lydaily.qweb.com.vn\/?post_type=product&#038;p=257"},"modified":"2026-03-13T05:18:23","modified_gmt":"2026-03-13T05:18:23","slug":"thuc-pham-chuc-nang-tra-giam-can-dep-da-ban-dem-orihiro-night-diet-tea-beauty","status":"publish","type":"product","link":"https:\/\/lydaily.vn\/jp\/san-pham\/thuc-pham-chuc-nang-tra-giam-can-dep-da-ban-dem-orihiro-night-diet-tea-beauty\/","title":{"rendered":"Th\u1ef1c ph\u1ea9m ch\u1ee9c n\u0103ng Tr\u00e0 gi\u1ea3m c\u00e2n \u0111\u1eb9p da ban \u0111\u00eam Orihiro Night Diet Tea Beauty"},"content":{"rendered":"<h3>C\u00f4ng d\u1ee5ng c\u1ee7a tr\u00e0 gi\u1ea3m c\u00e2n ban \u0111\u00eam Orihiro Night Diet Tea Beauty 16 g\u00f3i:<\/h3>\n<p><strong>\u261e\u00a0<\/strong>\u0110\u1ed1t ch\u00e1y m\u1ee1, \u0111\u00e0o th\u1ea3i m\u1ee1 th\u1eeba ra kh\u1ecfi c\u01a1 th\u1ec3 ngay khi b\u1ea1n ng\u1ee7<\/p>\n<p><strong>\u261e\u00a0<\/strong>H\u1ea1n ch\u1ebf h\u1ea5p thu ch\u1ea5t b\u00e9o, gi\u1ea3m t\u00edch l\u0169y th\u00eam m\u1ee1 m\u1edbi<\/p>\n<p><strong>\u261e\u00a0<\/strong>T\u0103ng c\u01b0\u1eddng chuy\u1ec3n h\u00f3a, trao \u0111\u1ed5i ch\u1ea5t, ti\u00eau hao l\u01b0\u1ee3ng m\u1ee1 trong th\u1ee9c \u0103n<\/p>\n<p><strong>\u261e\u00a0<\/strong>Thanh l\u1ecdc, gi\u1ea3i \u0111\u1ed9c, h\u1ed7 tr\u1ee3 gi\u1ea3m c\u00e2n hi\u1ec7u qu\u1ea3, l\u1ea5y l\u1ea1i v\u00f3c d\u00e1ng thon g\u1ecdn<\/p>\n<p><strong>\u261e\u00a0<\/strong>L\u00e0m \u0111\u1eb9p da, t\u0103ng \u0111\u1ed9 \u0111\u00e0n h\u1ed3i da, gi\u1ea3m ch\u1ea3y x\u1ec7, nh\u0103n nheo<\/p>\n<p><strong>\u261e\u00a0<\/strong>Duy tr\u00ec \u0111\u1ed9 \u1ea9m t\u1ef1 nhi\u00ean, th\u00fac \u0111\u1ea9y t\u00e1i t\u1ea1o t\u1ebf b\u00e0o da m\u1edbi m\u1ecbn m\u00e0ng, t\u01b0\u01a1i s\u00e1ng<\/p>\n<p><strong>\u261e\u00a0<\/strong>Ch\u1ed1ng l\u00e3o h\u00f3a\u00a0da, c\u1ea3i thi\u1ec7n l\u00e0n da s\u1ea7n s\u00f9i, th\u00f4 r\u00e1p, thi\u1ebfu s\u1ee9c s\u1ed1ng<\/p>\n<h3>Th\u00e0nh ph\u1ea7n c\u1ee7a Night Diet Tea Beauty:<\/h3>\n<p><strong>Tr\u00e0 gi\u1ea3m c\u00e2n nh\u1eadt b\u1ea3n night diet tea<\/strong>\u00a0m\u1eabu m\u1edbi v\u1edbi m\u1ed9t s\u1ed1 th\u00e0nh ph\u1ea7n \u0111\u01b0\u1ee3c gi\u1eef nguy\u00ean:<\/p>\n<p>\u25cf C\u1ecf ng\u1ecdt: L\u00e0 lo\u1ea1i c\u1ecf h\u1ed7 tr\u1ee3 gi\u1ea3m c\u00e2n, \u00edt n\u0103ng l\u01b0\u1ee3ng, kh\u00f4ng chuy\u1ec3n h\u00f3a th\u00e0nh ch\u1ea5t b\u00e9o<\/p>\n<p>\u25cf Mu\u1ed3ng tr\u00e2u: Th\u1ea3o d\u01b0\u1ee3c gi\u00fap thanh nhi\u1ec7t, gi\u1ea3i \u0111\u1ed9c, gi\u1ea3m m\u1ee1 th\u1eeba<\/p>\n<p>\u25cf G\u1eebng: \u0110\u1ed1t ch\u00e1y m\u1ee1 th\u1eeba, lo\u1ea1i s\u1ea1ch ch\u1ea5t b\u00e9o<\/p>\n<p>\u25cf Hoa c\u00fac: Gi\u00fap ng\u1ee7 ngon v\u00e0 s\u00e2u gi\u1ea5c<\/p>\n<p>Ngo\u00e0i ra, c\u00e1c th\u00e0nh ph\u1ea7n \u0111\u01b0\u1ee3c b\u1ed5 sung l\u00e0:<\/p>\n<p>\u25cf\u00a0Collagen: Nu\u00f4i d\u01b0\u1ee1ng da c\u0103ng m\u01b0\u1edbt m\u1ecbn m\u00e0ng, gi\u1ea3m n\u1ebfp nh\u0103n, ch\u1ea3y x\u1ec7, t\u0103ng\u00a0\u0111\u00e0n h\u1ed3i, ch\u1ed1ng l\u00e3o h\u00f3a<\/p>\n<p>\u25cf Hatomugi: Gi\u1eef \u1ea9m, l\u00e0m m\u1ecbn v\u00e0 s\u00e1ng da<\/p>\n<p>\u25cf Tinh ch\u1ea5t hoa h\u1ed3ng: Ch\u1ed1ng oxy h\u00f3a, ch\u1ed1ng l\u00e3o h\u00f3a<\/p>\n<p>\u25cf C\u00e1c axit amin: C\u00e2n b\u1eb1ng n\u1ed9i ti\u1ebft, th\u00fac \u0111\u1ea9y l\u00e0m \u0111\u1eb9p da t\u1eeb b\u00ean trong.<\/p>\n","protected":false},"excerpt":{"rendered":"<div class=\"rowl\">\n<p class=\"intro\">Tr\u00e0 gi\u1ea3m c\u00e2n \u0111\u1eb9p da ban \u0111\u00eam Orihiro Night Diet Tea Beauty l\u00e0 s\u1ef1 l\u1ef1a ch\u1ecdn cho ph\u1ee5 n\u1eef \u0111\u1ec3 duy tr\u00ec v\u00f3c d\u00e1ng thon g\u1ecdn v\u00e0 l\u00e0n da c\u0103ng m\u1ecbn t\u01b0\u01a1i s\u00e1ng, tr\u00e0n \u0111\u1ea7y s\u1ee9c s\u1ed1ng<\/p>\n<\/div>\n<div class=\"rowr\"><\/div>\n","protected":false},"featured_media":258,"comment_status":"open","ping_status":"closed","template":"","meta":[],"product_brand":[],"product_cat":[21],"product_tag":[],"class_list":{"0":"post-257","1":"product","2":"type-product","3":"status-publish","4":"has-post-thumbnail","6":"product_cat-thuc-pham-chuc-nang","8":"first","9":"instock","10":"shipping-taxable","11":"purchasable","12":"product-type-simple"},"yoast_head":"<!-- This site is optimized with the Yoast SEO Premium plugin v22.3 (Yoast SEO v27.1.1) - https:\/\/yoast.com\/product\/yoast-seo-premium-wordpress\/ -->\n<title>Th\u1ef1c ph\u1ea9m ch\u1ee9c n\u0103ng Tr\u00e0 gi\u1ea3m c\u00e2n \u0111\u1eb9p da ban \u0111\u00eam Orihiro Night Diet Tea Beauty - Ly Daily<\/title>\n<meta name=\"robots\" content=\"index, follow, max-snippet:-1, max-image-preview:large, max-video-preview:-1\" \/>\n<link rel=\"canonical\" href=\"https:\/\/lydaily.vn\/jp\/san-pham\/thuc-pham-chuc-nang-tra-giam-can-dep-da-ban-dem-orihiro-night-diet-tea-beauty\/\" \/>\n<meta property=\"og:locale\" content=\"vi_VN\" \/>\n<meta property=\"og:type\" content=\"article\" \/>\n<meta property=\"og:title\" content=\"Th\u1ef1c ph\u1ea9m ch\u1ee9c n\u0103ng Tr\u00e0 gi\u1ea3m c\u00e2n \u0111\u1eb9p da ban \u0111\u00eam Orihiro Night Diet Tea Beauty\" \/>\n<meta property=\"og:description\" content=\"Tr\u00e0 gi\u1ea3m c\u00e2n \u0111\u1eb9p da ban \u0111\u00eam Orihiro Night Diet Tea Beauty l\u00e0 s\u1ef1 l\u1ef1a ch\u1ecdn cho ph\u1ee5 n\u1eef \u0111\u1ec3 duy tr\u00ec v\u00f3c d\u00e1ng thon g\u1ecdn v\u00e0 l\u00e0n da c\u0103ng m\u1ecbn t\u01b0\u01a1i s\u00e1ng, tr\u00e0n \u0111\u1ea7y s\u1ee9c s\u1ed1ng\" \/>\n<meta property=\"og:url\" content=\"https:\/\/lydaily.vn\/jp\/san-pham\/thuc-pham-chuc-nang-tra-giam-can-dep-da-ban-dem-orihiro-night-diet-tea-beauty\/\" \/>\n<meta property=\"og:site_name\" content=\"Ly Daily\" \/>\n<meta property=\"article:modified_time\" content=\"2026-03-13T05:18:23+00:00\" \/>\n<meta property=\"og:image\" content=\"https:\/\/lydaily.vn\/jp\/wp-content\/uploads\/2026\/03\/Thuc-pham-chuc-nang-Tra-giam-can-dep-da-ban-dem-Orihiro-Night-Diet-Tea-Beauty.jpg\" \/>\n\t<meta property=\"og:image:width\" content=\"600\" \/>\n\t<meta property=\"og:image:height\" content=\"600\" \/>\n\t<meta property=\"og:image:type\" content=\"image\/jpeg\" \/>\n<meta name=\"twitter:card\" content=\"summary_large_image\" \/>\n<meta name=\"twitter:label1\" content=\"\u01af\u1edbc t\u00ednh th\u1eddi gian \u0111\u1ecdc\" \/>\n\t<meta name=\"twitter:data1\" content=\"2 ph\u00fat\" \/>\n<script type=\"application\/ld+json\" class=\"yoast-schema-graph\">{\"@context\":\"https:\/\/schema.org\",\"@graph\":[{\"@type\":\"WebPage\",\"@id\":\"https:\/\/lydaily.vn\/jp\/san-pham\/thuc-pham-chuc-nang-tra-giam-can-dep-da-ban-dem-orihiro-night-diet-tea-beauty\/\",\"url\":\"https:\/\/lydaily.vn\/jp\/san-pham\/thuc-pham-chuc-nang-tra-giam-can-dep-da-ban-dem-orihiro-night-diet-tea-beauty\/\",\"name\":\"Th\u1ef1c ph\u1ea9m ch\u1ee9c n\u0103ng Tr\u00e0 gi\u1ea3m c\u00e2n \u0111\u1eb9p da ban \u0111\u00eam Orihiro Night Diet Tea Beauty - Ly Daily\",\"isPartOf\":{\"@id\":\"https:\/\/lydaily.vn\/jp\/#website\"},\"primaryImageOfPage\":{\"@id\":\"https:\/\/lydaily.vn\/jp\/san-pham\/thuc-pham-chuc-nang-tra-giam-can-dep-da-ban-dem-orihiro-night-diet-tea-beauty\/#primaryimage\"},\"image\":{\"@id\":\"https:\/\/lydaily.vn\/jp\/san-pham\/thuc-pham-chuc-nang-tra-giam-can-dep-da-ban-dem-orihiro-night-diet-tea-beauty\/#primaryimage\"},\"thumbnailUrl\":\"https:\/\/lydaily.vn\/jp\/wp-content\/uploads\/2026\/03\/Thuc-pham-chuc-nang-Tra-giam-can-dep-da-ban-dem-Orihiro-Night-Diet-Tea-Beauty.jpg\",\"datePublished\":\"2026-03-01T02:11:29+00:00\",\"dateModified\":\"2026-03-13T05:18:23+00:00\",\"breadcrumb\":{\"@id\":\"https:\/\/lydaily.vn\/jp\/san-pham\/thuc-pham-chuc-nang-tra-giam-can-dep-da-ban-dem-orihiro-night-diet-tea-beauty\/#breadcrumb\"},\"inLanguage\":\"vi\",\"potentialAction\":[{\"@type\":\"ReadAction\",\"target\":[\"https:\/\/lydaily.vn\/jp\/san-pham\/thuc-pham-chuc-nang-tra-giam-can-dep-da-ban-dem-orihiro-night-diet-tea-beauty\/\"]}]},{\"@type\":\"ImageObject\",\"inLanguage\":\"vi\",\"@id\":\"https:\/\/lydaily.vn\/jp\/san-pham\/thuc-pham-chuc-nang-tra-giam-can-dep-da-ban-dem-orihiro-night-diet-tea-beauty\/#primaryimage\",\"url\":\"https:\/\/lydaily.vn\/jp\/wp-content\/uploads\/2026\/03\/Thuc-pham-chuc-nang-Tra-giam-can-dep-da-ban-dem-Orihiro-Night-Diet-Tea-Beauty.jpg\",\"contentUrl\":\"https:\/\/lydaily.vn\/jp\/wp-content\/uploads\/2026\/03\/Thuc-pham-chuc-nang-Tra-giam-can-dep-da-ban-dem-Orihiro-Night-Diet-Tea-Beauty.jpg\",\"width\":600,\"height\":600},{\"@type\":\"BreadcrumbList\",\"@id\":\"https:\/\/lydaily.vn\/jp\/san-pham\/thuc-pham-chuc-nang-tra-giam-can-dep-da-ban-dem-orihiro-night-diet-tea-beauty\/#breadcrumb\",\"itemListElement\":[{\"@type\":\"ListItem\",\"position\":1,\"name\":\"Home\",\"item\":\"https:\/\/lydaily.vn\/jp\/\"},{\"@type\":\"ListItem\",\"position\":2,\"name\":\"S\u1ea3n ph\u1ea9m\",\"item\":\"https:\/\/lydaily.vn\/jp\/san-pham\/\"},{\"@type\":\"ListItem\",\"position\":3,\"name\":\"Th\u1ef1c ph\u1ea9m ch\u1ee9c n\u0103ng Tr\u00e0 gi\u1ea3m c\u00e2n \u0111\u1eb9p da ban \u0111\u00eam Orihiro Night Diet Tea Beauty\"}]},{\"@type\":\"WebSite\",\"@id\":\"https:\/\/lydaily.vn\/jp\/#website\",\"url\":\"https:\/\/lydaily.vn\/jp\/\",\"name\":\"Ly Daily\",\"description\":\"Th\u1ef1c Ph\u1ea9m Ch\u1ee9c N\u0103ng &amp; M\u1ef9 Ph\u1ea9m t\u1ea1i Nh\u1eadt B\u1ea3n v\u00e0 Vi\u1ec7t Nam\",\"potentialAction\":[{\"@type\":\"SearchAction\",\"target\":{\"@type\":\"EntryPoint\",\"urlTemplate\":\"https:\/\/lydaily.vn\/jp\/?s={search_term_string}\"},\"query-input\":{\"@type\":\"PropertyValueSpecification\",\"valueRequired\":true,\"valueName\":\"search_term_string\"}}],\"inLanguage\":\"vi\"}]}<\/script>\n<!-- \/ Yoast SEO Premium plugin. -->","yoast_head_json":{"title":"Th\u1ef1c ph\u1ea9m ch\u1ee9c n\u0103ng Tr\u00e0 gi\u1ea3m c\u00e2n \u0111\u1eb9p da ban \u0111\u00eam Orihiro Night Diet Tea Beauty - Ly Daily","robots":{"index":"index","follow":"follow","max-snippet":"max-snippet:-1","max-image-preview":"max-image-preview:large","max-video-preview":"max-video-preview:-1"},"canonical":"https:\/\/lydaily.vn\/jp\/san-pham\/thuc-pham-chuc-nang-tra-giam-can-dep-da-ban-dem-orihiro-night-diet-tea-beauty\/","og_locale":"vi_VN","og_type":"article","og_title":"Th\u1ef1c ph\u1ea9m ch\u1ee9c n\u0103ng Tr\u00e0 gi\u1ea3m c\u00e2n \u0111\u1eb9p da ban \u0111\u00eam Orihiro Night Diet Tea Beauty","og_description":"Tr\u00e0 gi\u1ea3m c\u00e2n \u0111\u1eb9p da ban \u0111\u00eam Orihiro Night Diet Tea Beauty l\u00e0 s\u1ef1 l\u1ef1a ch\u1ecdn cho ph\u1ee5 n\u1eef \u0111\u1ec3 duy tr\u00ec v\u00f3c d\u00e1ng thon g\u1ecdn v\u00e0 l\u00e0n da c\u0103ng m\u1ecbn t\u01b0\u01a1i s\u00e1ng, tr\u00e0n \u0111\u1ea7y s\u1ee9c s\u1ed1ng","og_url":"https:\/\/lydaily.vn\/jp\/san-pham\/thuc-pham-chuc-nang-tra-giam-can-dep-da-ban-dem-orihiro-night-diet-tea-beauty\/","og_site_name":"Ly Daily","article_modified_time":"2026-03-13T05:18:23+00:00","og_image":[{"width":600,"height":600,"url":"https:\/\/lydaily.vn\/jp\/wp-content\/uploads\/2026\/03\/Thuc-pham-chuc-nang-Tra-giam-can-dep-da-ban-dem-Orihiro-Night-Diet-Tea-Beauty.jpg","type":"image\/jpeg"}],"twitter_card":"summary_large_image","twitter_misc":{"\u01af\u1edbc t\u00ednh th\u1eddi gian \u0111\u1ecdc":"2 ph\u00fat"},"schema":{"@context":"https:\/\/schema.org","@graph":[{"@type":"WebPage","@id":"https:\/\/lydaily.vn\/jp\/san-pham\/thuc-pham-chuc-nang-tra-giam-can-dep-da-ban-dem-orihiro-night-diet-tea-beauty\/","url":"https:\/\/lydaily.vn\/jp\/san-pham\/thuc-pham-chuc-nang-tra-giam-can-dep-da-ban-dem-orihiro-night-diet-tea-beauty\/","name":"Th\u1ef1c ph\u1ea9m ch\u1ee9c n\u0103ng Tr\u00e0 gi\u1ea3m c\u00e2n \u0111\u1eb9p da ban \u0111\u00eam Orihiro Night Diet Tea Beauty - Ly Daily","isPartOf":{"@id":"https:\/\/lydaily.vn\/jp\/#website"},"primaryImageOfPage":{"@id":"https:\/\/lydaily.vn\/jp\/san-pham\/thuc-pham-chuc-nang-tra-giam-can-dep-da-ban-dem-orihiro-night-diet-tea-beauty\/#primaryimage"},"image":{"@id":"https:\/\/lydaily.vn\/jp\/san-pham\/thuc-pham-chuc-nang-tra-giam-can-dep-da-ban-dem-orihiro-night-diet-tea-beauty\/#primaryimage"},"thumbnailUrl":"https:\/\/lydaily.vn\/jp\/wp-content\/uploads\/2026\/03\/Thuc-pham-chuc-nang-Tra-giam-can-dep-da-ban-dem-Orihiro-Night-Diet-Tea-Beauty.jpg","datePublished":"2026-03-01T02:11:29+00:00","dateModified":"2026-03-13T05:18:23+00:00","breadcrumb":{"@id":"https:\/\/lydaily.vn\/jp\/san-pham\/thuc-pham-chuc-nang-tra-giam-can-dep-da-ban-dem-orihiro-night-diet-tea-beauty\/#breadcrumb"},"inLanguage":"vi","potentialAction":[{"@type":"ReadAction","target":["https:\/\/lydaily.vn\/jp\/san-pham\/thuc-pham-chuc-nang-tra-giam-can-dep-da-ban-dem-orihiro-night-diet-tea-beauty\/"]}]},{"@type":"ImageObject","inLanguage":"vi","@id":"https:\/\/lydaily.vn\/jp\/san-pham\/thuc-pham-chuc-nang-tra-giam-can-dep-da-ban-dem-orihiro-night-diet-tea-beauty\/#primaryimage","url":"https:\/\/lydaily.vn\/jp\/wp-content\/uploads\/2026\/03\/Thuc-pham-chuc-nang-Tra-giam-can-dep-da-ban-dem-Orihiro-Night-Diet-Tea-Beauty.jpg","contentUrl":"https:\/\/lydaily.vn\/jp\/wp-content\/uploads\/2026\/03\/Thuc-pham-chuc-nang-Tra-giam-can-dep-da-ban-dem-Orihiro-Night-Diet-Tea-Beauty.jpg","width":600,"height":600},{"@type":"BreadcrumbList","@id":"https:\/\/lydaily.vn\/jp\/san-pham\/thuc-pham-chuc-nang-tra-giam-can-dep-da-ban-dem-orihiro-night-diet-tea-beauty\/#breadcrumb","itemListElement":[{"@type":"ListItem","position":1,"name":"Home","item":"https:\/\/lydaily.vn\/jp\/"},{"@type":"ListItem","position":2,"name":"S\u1ea3n ph\u1ea9m","item":"https:\/\/lydaily.vn\/jp\/san-pham\/"},{"@type":"ListItem","position":3,"name":"Th\u1ef1c ph\u1ea9m ch\u1ee9c n\u0103ng Tr\u00e0 gi\u1ea3m c\u00e2n \u0111\u1eb9p da ban \u0111\u00eam Orihiro Night Diet Tea Beauty"}]},{"@type":"WebSite","@id":"https:\/\/lydaily.vn\/jp\/#website","url":"https:\/\/lydaily.vn\/jp\/","name":"Ly Daily","description":"Th\u1ef1c Ph\u1ea9m Ch\u1ee9c N\u0103ng &amp; M\u1ef9 Ph\u1ea9m t\u1ea1i Nh\u1eadt B\u1ea3n v\u00e0 Vi\u1ec7t Nam","potentialAction":[{"@type":"SearchAction","target":{"@type":"EntryPoint","urlTemplate":"https:\/\/lydaily.vn\/jp\/?s={search_term_string}"},"query-input":{"@type":"PropertyValueSpecification","valueRequired":true,"valueName":"search_term_string"}}],"inLanguage":"vi"}]}},"_links":{"self":[{"href":"https:\/\/lydaily.vn\/jp\/wp-json\/wp\/v2\/product\/257","targetHints":{"allow":["GET"]}}],"collection":[{"href":"https:\/\/lydaily.vn\/jp\/wp-json\/wp\/v2\/product"}],"about":[{"href":"https:\/\/lydaily.vn\/jp\/wp-json\/wp\/v2\/types\/product"}],"replies":[{"embeddable":true,"href":"https:\/\/lydaily.vn\/jp\/wp-json\/wp\/v2\/comments?post=257"}],"wp:featuredmedia":[{"embeddable":true,"href":"https:\/\/lydaily.vn\/jp\/wp-json\/wp\/v2\/media\/258"}],"wp:attachment":[{"href":"https:\/\/lydaily.vn\/jp\/wp-json\/wp\/v2\/media?parent=257"}],"wp:term":[{"taxonomy":"product_brand","embeddable":true,"href":"https:\/\/lydaily.vn\/jp\/wp-json\/wp\/v2\/product_brand?post=257"},{"taxonomy":"product_cat","embeddable":true,"href":"https:\/\/lydaily.vn\/jp\/wp-json\/wp\/v2\/product_cat?post=257"},{"taxonomy":"product_tag","embeddable":true,"href":"https:\/\/lydaily.vn\/jp\/wp-json\/wp\/v2\/product_tag?post=257"}],"curies":[{"name":"wp","href":"https:\/\/api.w.org\/{rel}","templated":true}]}}