{"id":255,"date":"2026-03-01T02:08:02","date_gmt":"2026-03-01T02:08:02","guid":{"rendered":"https:\/\/lydaily.qweb.com.vn\/?post_type=product&#038;p=255"},"modified":"2026-03-13T05:16:55","modified_gmt":"2026-03-13T05:16:55","slug":"uha-keo-deo-bo-sung-sat-axit-folic-vi-acai-220-vien-dung-110-ngay","status":"publish","type":"product","link":"https:\/\/lydaily.vn\/jp\/san-pham\/uha-keo-deo-bo-sung-sat-axit-folic-vi-acai-220-vien-dung-110-ngay\/","title":{"rendered":"UHA K\u1eb9o d\u1ebbo b\u1ed5 sung s\u1eaft axit folic v\u1ecb acai 220 vi\u00ean d\u00f9ng 110 ng\u00e0y"},"content":{"rendered":"","protected":false},"excerpt":{"rendered":"<p>K\u1eb9o d\u1ebbo b\u1ed5 sung UHA Gummi Sugar Gummi \u0111\u01b0\u1ee3c thi\u1ebft k\u1ebf \u0111\u1ec3 gi\u00fap vi\u1ec7c b\u1ed5 sung ch\u1ebf \u0111\u1ed9 \u0103n th\u00e0nh v\u1ecb v\u00e0 \u0111\u01a1n gi\u1ea3n. Nh\u1eefng vi\u00ean k\u1eb9o d\u1ebbo n\u00e0y cung c\u1ea5p m\u1ed9t s\u1ef1 k\u1ebft h\u1ee3p c\u1ee7a c\u00e1c d\u01b0\u1ee1ng ch\u1ea5t thi\u1ebft y\u1ebfu, v\u1edbi m\u1ed7i kh\u1ea9u ph\u1ea7n hai vi\u00ean cung c\u1ea5p 12mg s\u1eaft v\u00e0 240\u03bcg axit folic. V\u1edbi t\u1ed5ng c\u1ed9ng 220 vi\u00ean, s\u1ea3n ph\u1ea9m n\u00e0y cung c\u1ea5p m\u1ed9t ngu\u1ed3n cung c\u1ea5p l\u1edbn trong 110 ng\u00e0y, \u0111\u1ea3m b\u1ea3o b\u1ea1n c\u00f3 m\u1ed9t s\u1ef1 b\u1ed5 sung k\u00e9o d\u00e0i cho th\u00f3i quen h\u00e0ng ng\u00e0y c\u1ee7a m\u00ecnh.<\/p>\n","protected":false},"featured_media":256,"comment_status":"open","ping_status":"closed","template":"","meta":[],"product_brand":[],"product_cat":[21],"product_tag":[],"class_list":{"0":"post-255","1":"product","2":"type-product","3":"status-publish","4":"has-post-thumbnail","6":"product_cat-thuc-pham-chuc-nang","8":"first","9":"instock","10":"shipping-taxable","11":"purchasable","12":"product-type-simple"},"yoast_head":"<!-- This site is optimized with the Yoast SEO Premium plugin v22.3 (Yoast SEO v27.1.1) - https:\/\/yoast.com\/product\/yoast-seo-premium-wordpress\/ -->\n<title>UHA K\u1eb9o d\u1ebbo b\u1ed5 sung s\u1eaft axit folic v\u1ecb acai 220 vi\u00ean d\u00f9ng 110 ng\u00e0y - Ly Daily<\/title>\n<meta name=\"robots\" content=\"index, follow, max-snippet:-1, max-image-preview:large, max-video-preview:-1\" \/>\n<link rel=\"canonical\" href=\"https:\/\/lydaily.vn\/jp\/san-pham\/uha-keo-deo-bo-sung-sat-axit-folic-vi-acai-220-vien-dung-110-ngay\/\" \/>\n<meta property=\"og:locale\" content=\"vi_VN\" \/>\n<meta property=\"og:type\" content=\"article\" \/>\n<meta property=\"og:title\" content=\"UHA K\u1eb9o d\u1ebbo b\u1ed5 sung s\u1eaft axit folic v\u1ecb acai 220 vi\u00ean d\u00f9ng 110 ng\u00e0y\" \/>\n<meta property=\"og:description\" content=\"K\u1eb9o d\u1ebbo b\u1ed5 sung UHA Gummi Sugar Gummi \u0111\u01b0\u1ee3c thi\u1ebft k\u1ebf \u0111\u1ec3 gi\u00fap vi\u1ec7c b\u1ed5 sung ch\u1ebf \u0111\u1ed9 \u0103n th\u00e0nh v\u1ecb v\u00e0 \u0111\u01a1n gi\u1ea3n. Nh\u1eefng vi\u00ean k\u1eb9o d\u1ebbo n\u00e0y cung c\u1ea5p m\u1ed9t s\u1ef1 k\u1ebft h\u1ee3p c\u1ee7a c\u00e1c d\u01b0\u1ee1ng ch\u1ea5t thi\u1ebft y\u1ebfu, v\u1edbi m\u1ed7i kh\u1ea9u ph\u1ea7n hai vi\u00ean cung c\u1ea5p 12mg s\u1eaft v\u00e0 240\u03bcg axit folic. V\u1edbi t\u1ed5ng c\u1ed9ng 220 vi\u00ean, s\u1ea3n ph\u1ea9m n\u00e0y cung c\u1ea5p m\u1ed9t ngu\u1ed3n cung c\u1ea5p l\u1edbn trong 110 ng\u00e0y, \u0111\u1ea3m b\u1ea3o b\u1ea1n c\u00f3 m\u1ed9t s\u1ef1 b\u1ed5 sung k\u00e9o d\u00e0i cho th\u00f3i quen h\u00e0ng ng\u00e0y c\u1ee7a m\u00ecnh.\" \/>\n<meta property=\"og:url\" content=\"https:\/\/lydaily.vn\/jp\/san-pham\/uha-keo-deo-bo-sung-sat-axit-folic-vi-acai-220-vien-dung-110-ngay\/\" \/>\n<meta property=\"og:site_name\" content=\"Ly Daily\" \/>\n<meta property=\"article:modified_time\" content=\"2026-03-13T05:16:55+00:00\" \/>\n<meta property=\"og:image\" content=\"https:\/\/lydaily.vn\/jp\/wp-content\/uploads\/2026\/03\/UHA-Keo-deo-bo-sung-sat-axit-folic-vi-acai-220-vien-dung-110-ngay.webp\" \/>\n\t<meta property=\"og:image:width\" content=\"466\" \/>\n\t<meta property=\"og:image:height\" content=\"557\" \/>\n\t<meta property=\"og:image:type\" content=\"image\/webp\" \/>\n<meta name=\"twitter:card\" content=\"summary_large_image\" \/>\n<meta name=\"twitter:label1\" content=\"\u01af\u1edbc t\u00ednh th\u1eddi gian \u0111\u1ecdc\" \/>\n\t<meta name=\"twitter:data1\" content=\"1 ph\u00fat\" \/>\n<script type=\"application\/ld+json\" class=\"yoast-schema-graph\">{\"@context\":\"https:\/\/schema.org\",\"@graph\":[{\"@type\":\"WebPage\",\"@id\":\"https:\/\/lydaily.vn\/jp\/san-pham\/uha-keo-deo-bo-sung-sat-axit-folic-vi-acai-220-vien-dung-110-ngay\/\",\"url\":\"https:\/\/lydaily.vn\/jp\/san-pham\/uha-keo-deo-bo-sung-sat-axit-folic-vi-acai-220-vien-dung-110-ngay\/\",\"name\":\"UHA K\u1eb9o d\u1ebbo b\u1ed5 sung s\u1eaft axit folic v\u1ecb acai 220 vi\u00ean d\u00f9ng 110 ng\u00e0y - Ly Daily\",\"isPartOf\":{\"@id\":\"https:\/\/lydaily.vn\/jp\/#website\"},\"primaryImageOfPage\":{\"@id\":\"https:\/\/lydaily.vn\/jp\/san-pham\/uha-keo-deo-bo-sung-sat-axit-folic-vi-acai-220-vien-dung-110-ngay\/#primaryimage\"},\"image\":{\"@id\":\"https:\/\/lydaily.vn\/jp\/san-pham\/uha-keo-deo-bo-sung-sat-axit-folic-vi-acai-220-vien-dung-110-ngay\/#primaryimage\"},\"thumbnailUrl\":\"https:\/\/lydaily.vn\/jp\/wp-content\/uploads\/2026\/03\/UHA-Keo-deo-bo-sung-sat-axit-folic-vi-acai-220-vien-dung-110-ngay.webp\",\"datePublished\":\"2026-03-01T02:08:02+00:00\",\"dateModified\":\"2026-03-13T05:16:55+00:00\",\"breadcrumb\":{\"@id\":\"https:\/\/lydaily.vn\/jp\/san-pham\/uha-keo-deo-bo-sung-sat-axit-folic-vi-acai-220-vien-dung-110-ngay\/#breadcrumb\"},\"inLanguage\":\"vi\",\"potentialAction\":[{\"@type\":\"ReadAction\",\"target\":[\"https:\/\/lydaily.vn\/jp\/san-pham\/uha-keo-deo-bo-sung-sat-axit-folic-vi-acai-220-vien-dung-110-ngay\/\"]}]},{\"@type\":\"ImageObject\",\"inLanguage\":\"vi\",\"@id\":\"https:\/\/lydaily.vn\/jp\/san-pham\/uha-keo-deo-bo-sung-sat-axit-folic-vi-acai-220-vien-dung-110-ngay\/#primaryimage\",\"url\":\"https:\/\/lydaily.vn\/jp\/wp-content\/uploads\/2026\/03\/UHA-Keo-deo-bo-sung-sat-axit-folic-vi-acai-220-vien-dung-110-ngay.webp\",\"contentUrl\":\"https:\/\/lydaily.vn\/jp\/wp-content\/uploads\/2026\/03\/UHA-Keo-deo-bo-sung-sat-axit-folic-vi-acai-220-vien-dung-110-ngay.webp\",\"width\":466,\"height\":557},{\"@type\":\"BreadcrumbList\",\"@id\":\"https:\/\/lydaily.vn\/jp\/san-pham\/uha-keo-deo-bo-sung-sat-axit-folic-vi-acai-220-vien-dung-110-ngay\/#breadcrumb\",\"itemListElement\":[{\"@type\":\"ListItem\",\"position\":1,\"name\":\"Home\",\"item\":\"https:\/\/lydaily.vn\/jp\/\"},{\"@type\":\"ListItem\",\"position\":2,\"name\":\"S\u1ea3n ph\u1ea9m\",\"item\":\"https:\/\/lydaily.vn\/jp\/san-pham\/\"},{\"@type\":\"ListItem\",\"position\":3,\"name\":\"UHA K\u1eb9o d\u1ebbo b\u1ed5 sung s\u1eaft axit folic v\u1ecb acai 220 vi\u00ean d\u00f9ng 110 ng\u00e0y\"}]},{\"@type\":\"WebSite\",\"@id\":\"https:\/\/lydaily.vn\/jp\/#website\",\"url\":\"https:\/\/lydaily.vn\/jp\/\",\"name\":\"Ly Daily\",\"description\":\"Th\u1ef1c Ph\u1ea9m Ch\u1ee9c N\u0103ng &amp; M\u1ef9 Ph\u1ea9m t\u1ea1i Nh\u1eadt B\u1ea3n v\u00e0 Vi\u1ec7t Nam\",\"potentialAction\":[{\"@type\":\"SearchAction\",\"target\":{\"@type\":\"EntryPoint\",\"urlTemplate\":\"https:\/\/lydaily.vn\/jp\/?s={search_term_string}\"},\"query-input\":{\"@type\":\"PropertyValueSpecification\",\"valueRequired\":true,\"valueName\":\"search_term_string\"}}],\"inLanguage\":\"vi\"}]}<\/script>\n<!-- \/ Yoast SEO Premium plugin. -->","yoast_head_json":{"title":"UHA K\u1eb9o d\u1ebbo b\u1ed5 sung s\u1eaft axit folic v\u1ecb acai 220 vi\u00ean d\u00f9ng 110 ng\u00e0y - Ly Daily","robots":{"index":"index","follow":"follow","max-snippet":"max-snippet:-1","max-image-preview":"max-image-preview:large","max-video-preview":"max-video-preview:-1"},"canonical":"https:\/\/lydaily.vn\/jp\/san-pham\/uha-keo-deo-bo-sung-sat-axit-folic-vi-acai-220-vien-dung-110-ngay\/","og_locale":"vi_VN","og_type":"article","og_title":"UHA K\u1eb9o d\u1ebbo b\u1ed5 sung s\u1eaft axit folic v\u1ecb acai 220 vi\u00ean d\u00f9ng 110 ng\u00e0y","og_description":"K\u1eb9o d\u1ebbo b\u1ed5 sung UHA Gummi Sugar Gummi \u0111\u01b0\u1ee3c thi\u1ebft k\u1ebf \u0111\u1ec3 gi\u00fap vi\u1ec7c b\u1ed5 sung ch\u1ebf \u0111\u1ed9 \u0103n th\u00e0nh v\u1ecb v\u00e0 \u0111\u01a1n gi\u1ea3n. Nh\u1eefng vi\u00ean k\u1eb9o d\u1ebbo n\u00e0y cung c\u1ea5p m\u1ed9t s\u1ef1 k\u1ebft h\u1ee3p c\u1ee7a c\u00e1c d\u01b0\u1ee1ng ch\u1ea5t thi\u1ebft y\u1ebfu, v\u1edbi m\u1ed7i kh\u1ea9u ph\u1ea7n hai vi\u00ean cung c\u1ea5p 12mg s\u1eaft v\u00e0 240\u03bcg axit folic. V\u1edbi t\u1ed5ng c\u1ed9ng 220 vi\u00ean, s\u1ea3n ph\u1ea9m n\u00e0y cung c\u1ea5p m\u1ed9t ngu\u1ed3n cung c\u1ea5p l\u1edbn trong 110 ng\u00e0y, \u0111\u1ea3m b\u1ea3o b\u1ea1n c\u00f3 m\u1ed9t s\u1ef1 b\u1ed5 sung k\u00e9o d\u00e0i cho th\u00f3i quen h\u00e0ng ng\u00e0y c\u1ee7a m\u00ecnh.","og_url":"https:\/\/lydaily.vn\/jp\/san-pham\/uha-keo-deo-bo-sung-sat-axit-folic-vi-acai-220-vien-dung-110-ngay\/","og_site_name":"Ly Daily","article_modified_time":"2026-03-13T05:16:55+00:00","og_image":[{"width":466,"height":557,"url":"https:\/\/lydaily.vn\/jp\/wp-content\/uploads\/2026\/03\/UHA-Keo-deo-bo-sung-sat-axit-folic-vi-acai-220-vien-dung-110-ngay.webp","type":"image\/webp"}],"twitter_card":"summary_large_image","twitter_misc":{"\u01af\u1edbc t\u00ednh th\u1eddi gian \u0111\u1ecdc":"1 ph\u00fat"},"schema":{"@context":"https:\/\/schema.org","@graph":[{"@type":"WebPage","@id":"https:\/\/lydaily.vn\/jp\/san-pham\/uha-keo-deo-bo-sung-sat-axit-folic-vi-acai-220-vien-dung-110-ngay\/","url":"https:\/\/lydaily.vn\/jp\/san-pham\/uha-keo-deo-bo-sung-sat-axit-folic-vi-acai-220-vien-dung-110-ngay\/","name":"UHA K\u1eb9o d\u1ebbo b\u1ed5 sung s\u1eaft axit folic v\u1ecb acai 220 vi\u00ean d\u00f9ng 110 ng\u00e0y - Ly Daily","isPartOf":{"@id":"https:\/\/lydaily.vn\/jp\/#website"},"primaryImageOfPage":{"@id":"https:\/\/lydaily.vn\/jp\/san-pham\/uha-keo-deo-bo-sung-sat-axit-folic-vi-acai-220-vien-dung-110-ngay\/#primaryimage"},"image":{"@id":"https:\/\/lydaily.vn\/jp\/san-pham\/uha-keo-deo-bo-sung-sat-axit-folic-vi-acai-220-vien-dung-110-ngay\/#primaryimage"},"thumbnailUrl":"https:\/\/lydaily.vn\/jp\/wp-content\/uploads\/2026\/03\/UHA-Keo-deo-bo-sung-sat-axit-folic-vi-acai-220-vien-dung-110-ngay.webp","datePublished":"2026-03-01T02:08:02+00:00","dateModified":"2026-03-13T05:16:55+00:00","breadcrumb":{"@id":"https:\/\/lydaily.vn\/jp\/san-pham\/uha-keo-deo-bo-sung-sat-axit-folic-vi-acai-220-vien-dung-110-ngay\/#breadcrumb"},"inLanguage":"vi","potentialAction":[{"@type":"ReadAction","target":["https:\/\/lydaily.vn\/jp\/san-pham\/uha-keo-deo-bo-sung-sat-axit-folic-vi-acai-220-vien-dung-110-ngay\/"]}]},{"@type":"ImageObject","inLanguage":"vi","@id":"https:\/\/lydaily.vn\/jp\/san-pham\/uha-keo-deo-bo-sung-sat-axit-folic-vi-acai-220-vien-dung-110-ngay\/#primaryimage","url":"https:\/\/lydaily.vn\/jp\/wp-content\/uploads\/2026\/03\/UHA-Keo-deo-bo-sung-sat-axit-folic-vi-acai-220-vien-dung-110-ngay.webp","contentUrl":"https:\/\/lydaily.vn\/jp\/wp-content\/uploads\/2026\/03\/UHA-Keo-deo-bo-sung-sat-axit-folic-vi-acai-220-vien-dung-110-ngay.webp","width":466,"height":557},{"@type":"BreadcrumbList","@id":"https:\/\/lydaily.vn\/jp\/san-pham\/uha-keo-deo-bo-sung-sat-axit-folic-vi-acai-220-vien-dung-110-ngay\/#breadcrumb","itemListElement":[{"@type":"ListItem","position":1,"name":"Home","item":"https:\/\/lydaily.vn\/jp\/"},{"@type":"ListItem","position":2,"name":"S\u1ea3n ph\u1ea9m","item":"https:\/\/lydaily.vn\/jp\/san-pham\/"},{"@type":"ListItem","position":3,"name":"UHA K\u1eb9o d\u1ebbo b\u1ed5 sung s\u1eaft axit folic v\u1ecb acai 220 vi\u00ean d\u00f9ng 110 ng\u00e0y"}]},{"@type":"WebSite","@id":"https:\/\/lydaily.vn\/jp\/#website","url":"https:\/\/lydaily.vn\/jp\/","name":"Ly Daily","description":"Th\u1ef1c Ph\u1ea9m Ch\u1ee9c N\u0103ng &amp; M\u1ef9 Ph\u1ea9m t\u1ea1i Nh\u1eadt B\u1ea3n v\u00e0 Vi\u1ec7t Nam","potentialAction":[{"@type":"SearchAction","target":{"@type":"EntryPoint","urlTemplate":"https:\/\/lydaily.vn\/jp\/?s={search_term_string}"},"query-input":{"@type":"PropertyValueSpecification","valueRequired":true,"valueName":"search_term_string"}}],"inLanguage":"vi"}]}},"_links":{"self":[{"href":"https:\/\/lydaily.vn\/jp\/wp-json\/wp\/v2\/product\/255","targetHints":{"allow":["GET"]}}],"collection":[{"href":"https:\/\/lydaily.vn\/jp\/wp-json\/wp\/v2\/product"}],"about":[{"href":"https:\/\/lydaily.vn\/jp\/wp-json\/wp\/v2\/types\/product"}],"replies":[{"embeddable":true,"href":"https:\/\/lydaily.vn\/jp\/wp-json\/wp\/v2\/comments?post=255"}],"wp:featuredmedia":[{"embeddable":true,"href":"https:\/\/lydaily.vn\/jp\/wp-json\/wp\/v2\/media\/256"}],"wp:attachment":[{"href":"https:\/\/lydaily.vn\/jp\/wp-json\/wp\/v2\/media?parent=255"}],"wp:term":[{"taxonomy":"product_brand","embeddable":true,"href":"https:\/\/lydaily.vn\/jp\/wp-json\/wp\/v2\/product_brand?post=255"},{"taxonomy":"product_cat","embeddable":true,"href":"https:\/\/lydaily.vn\/jp\/wp-json\/wp\/v2\/product_cat?post=255"},{"taxonomy":"product_tag","embeddable":true,"href":"https:\/\/lydaily.vn\/jp\/wp-json\/wp\/v2\/product_tag?post=255"}],"curies":[{"name":"wp","href":"https:\/\/api.w.org\/{rel}","templated":true}]}}