{"id":253,"date":"2026-03-01T02:04:49","date_gmt":"2026-03-01T02:04:49","guid":{"rendered":"https:\/\/lydaily.qweb.com.vn\/?post_type=product&#038;p=253"},"modified":"2026-03-13T05:15:49","modified_gmt":"2026-03-13T05:15:49","slug":"vien-uong-chiet-xuat-dong-trung-ha-thao-tohchukasou-royal-gold-tang-cuong-va-bao-ve-suc-khoe-420-vien","status":"publish","type":"product","link":"https:\/\/lydaily.vn\/jp\/san-pham\/vien-uong-chiet-xuat-dong-trung-ha-thao-tohchukasou-royal-gold-tang-cuong-va-bao-ve-suc-khoe-420-vien\/","title":{"rendered":"Vi\u00ean U\u1ed1ng Chi\u1ebft Xu\u1ea5t \u0110\u00f4ng Tr\u00f9ng H\u1ea1 Th\u1ea3o Tohchukasou Royal Gold T\u0103ng C\u01b0\u1eddng V\u00e0 B\u1ea3o V\u1ec7 S\u1ee9c Kh\u1ecfe 420 Vi\u00ean"},"content":{"rendered":"<p>\u0110\ud835\udc28\u0302\ud835\udc27\ud835\udc20 \ud835\udc13\ud835\udc2b\ud835\udc2e\u0300\ud835\udc27\ud835\udc20 \ud835\udc07\ud835\udc1a\u0323 \ud835\udc13\ud835\udc21\ud835\udc1a\u0309\ud835\udc28 \ud835\udc0d\ud835\udc21\ud835\udc1a\u0323\u0302\ud835\udc2d \ud835\udc01\ud835\udc1a\u0309\ud835\udc27 \ud835\udc11\ud835\udc0e\ud835\udc18\ud835\udc00\ud835\udc0b \ud835\udc06\ud835\udc0e\ud835\udc0b\ud835\udc03 &#8211; \ud835\udfd2\ud835\udfd0\ud835\udfce \ud835\udc15\ud835\udc22\ud835\udc1e\u0302\ud835\udc27<\/p>\n<p>&nbsp;<\/p>\n<p>\ud835\udc15\ud835\udc22\ud835\udc1e\u0302\ud835\udc27 \ud835\udc2e\ud835\udc28\u0302\u0301\ud835\udc27\ud835\udc20 \u0111\ud835\udc28\u0302\ud835\udc27\ud835\udc20 \ud835\udc2d\ud835\udc2b\ud835\udc2e\u0300\ud835\udc27\ud835\udc20 \ud835\udc21\ud835\udc1a\u0323 \ud835\udc2d\ud835\udc21\ud835\udc1a\u0309\ud835\udc28 \ud835\udc13\ud835\udc28\ud835\udc21\ud835\udc1c\ud835\udc21\ud835\udc2e\ud835\udc24\ud835\udc1a\ud835\udc2c\ud835\udc28\ud835\udc2e \ud835\udc11\ud835\udc28\ud835\udc32\ud835\udc1a\ud835\udc25 \ud835\udc06\ud835\udc28\ud835\udc25\ud835\udc1d ch\u1ee9a th\u00e0nh ph\u1ea7n \u0111\u00f4ng tr\u00f9ng h\u1ea1 th\u1ea3o \u0111\u01b0\u1ee3c nu\u00f4i tr\u1ed3ng t\u1ea1i Nh\u1eadt B\u1ea3n v\u00e0 c\u00e1c chi\u1ebft xu\u1ea5t th\u1ea3o d\u01b0\u1ee3c qu\u00fd hi\u1ebfm cho c\u01a1 th\u1ec3 kh\u1ecfe m\u1ea1nh, b\u1ed3i b\u1ed5 s\u1ee9c kh\u1ecfe, t\u0103ng c\u01b0\u1eddng sinh l\u00fd v\u00e0 s\u1ee9c \u0111\u1ec1 kh\u00e1ng cho c\u01a1 th\u1ec3.<\/p>\n<p>&nbsp;<\/p>\n<p>\ud83c\udfc6\ud835\udc13\ud835\udc21\ud835\udc1a\u0300\ud835\udc27\ud835\udc21 \ud835\udc0f\ud835\udc21\ud835\udc1a\u0302\u0300\ud835\udc27 :<\/p>\n<p>&nbsp;<\/p>\n<p>C\u00f3 ch\u1ee9a 17 axit amin kh\u00e1c nhau (axit cordiceptic, cordycepin, adenosin, hydroxyethyl-adenosin\u2026), D-mannitol, c\u00f3 lipit, c\u00f3 nhi\u1ec1u nguy\u00ean t\u1ed1 vi l\u01b0\u1ee3ng (Al, Si, K, Na v.v..), nh\u00f3m ho\u1ea1t ch\u1ea5t HEAA (Hydroxy-Etyl-Adenosin- Analogs), ch\u1ee9a nhi\u1ec1u lo\u1ea1i vitamin (vitamin B12, vitamin A, vitamin C, ngo\u00e0i ra c\u00f2n c\u00f3 vitamin B2 (riboflavin), vitamin E, vitamin K&#8230;)<\/p>\n<p>&nbsp;<\/p>\n<p>\ud83c\udfc6\ud835\udc02\ud835\udc28\u0302\ud835\udc27\ud835\udc20 \ud835\udc03\ud835\udc2e\u0323\ud835\udc27\ud835\udc20 :<\/p>\n<p>&nbsp;<\/p>\n<p>\u2705T\u0103ng c\u01b0\u1eddng s\u1ee9c kh\u1ecfe n\u0103m gi\u1edbi, t\u0103ng c\u01b0\u1eddng s\u1ef1 d\u1ebbo dai c\u01a1 b\u1eafp, k\u00edch th\u00edch tinh th\u1ea7n h\u01b0ng ph\u1ea5n v\u00e0 sung m\u00e3n.<\/p>\n<p>&nbsp;<\/p>\n<p>\u2705B\u1ea3o v\u1ec7 th\u1eadn, ch\u1ed1ng l\u1ea1i s\u1ef1 suy tho\u00e1i th\u1eadn v\u00e0 ph\u1ee5c h\u1ed3i t\u1ebf b\u00e0o th\u1eadn.<\/p>\n<p>&nbsp;<\/p>\n<p>\u2705B\u1ea3o v\u1ec7 tim m\u1ea1ch, gi\u00fap gi\u1eef \u1ed5n \u0111\u1ecbnh nh\u1ecbp tim, h\u1ea1 huy\u1ebft \u00e1p v\u00e0 ch\u1ed1ng l\u1ea1i s\u1ef1 thi\u1ebfu m\u00e1u c\u01a1 tim, c\u00f2n gi\u00fap t\u0103ng c\u01b0\u1eddng l\u01b0u th\u00f4ng m\u00e1u trong c\u01a1 th\u1ec3.<\/p>\n<p>&nbsp;<\/p>\n<p>\u2705H\u1ed7 tr\u1ee3 vi\u1ec7c \u0111i\u1ec1u ti\u1ebft l\u01b0\u1ee3ng \u0111\u01b0\u1eddng trong m\u00e1u v\u00e0 ki\u1ec3m so\u00e1t b\u1ec7nh ti\u1ec3u \u0111\u01b0\u1eddng.<\/p>\n<p>&nbsp;<\/p>\n<p>\u2705B\u1ea3o v\u1ec7 ph\u1ed5i, tr\u1ecb nh\u1eefng b\u1ec7nh v\u1ec1 ph\u1ed5i, tr\u1eeb \u0111\u1eddm, hen suy\u1ec5n v\u00e0 tr\u1ecb c\u00e1c ch\u1ee9ng ho l\u00e2u ng\u00e0y.<\/p>\n<p>&nbsp;<\/p>\n<p>\u2705Gi\u00fap t\u0103ng c\u01b0\u1eddng h\u1ec7 mi\u1ec5n d\u1ecbch cho c\u01a1 th\u1ec3, ch\u1ed1ng vi\u00eam nhi\u1ec5m hay kh\u00e1ng vi\u00eam, kh\u00e1ng l\u1ea1i nh\u1eefng lo\u1ea1i virus nh\u01b0 vi\u00eam gan B, lao, c\u1ea3 HIV,&#8230;<\/p>\n<p>&nbsp;<\/p>\n<p>\u2705Ch\u1ed1ng ung th\u01b0, ch\u1ed1ng vi\u00eam nhi\u1ec5m, ch\u1ed1ng qu\u00e1 tr\u00ecnh l\u00e3o h\u00f3a v\u00e0 tr\u1ea5n t\u0129nh ch\u1ed1ng co gi\u1eadt.<\/p>\n<p>&nbsp;<\/p>\n<p>\u2705T\u0103ng c\u01b0\u1eddng ch\u1ee9c n\u0103ng ti\u00eau ho\u00e1 v\u00e0 h\u1ea5p thu c\u00e1c ch\u1ea5t dinh d\u01b0\u1ee1ng.<\/p>\n<p>&nbsp;<\/p>\n<p>\u2705H\u1ea1n ch\u1ebf b\u1ec7nh t\u1eadt \u1edf nh\u1eefng ng\u01b0\u1eddi tu\u1ed5i gi\u00e0, tr\u1ecb \u0111au l\u01b0ng, nh\u1ee9c m\u1ecfi v\u00e0 vi\u00eam kh\u1edbp.<\/p>\n<p>&nbsp;<\/p>\n<p>\u2705Ng\u0103n ng\u1eeba l\u00e3o h\u00f3a s\u1edbm \u1edf ph\u1ee5 n\u1eef.<\/p>\n<p>&nbsp;<\/p>\n<p>\ud83c\udfc6\u0110\ud835\udc28\u0302\u0301\ud835\udc22 \ud835\udc13\ud835\udc2e\u031b\ud835\udc28\u031b\u0323\ud835\udc27\ud835\udc20 \ud835\udc12\ud835\udc2e\u031b\u0309 \ud835\udc03\ud835\udc2e\u0323\ud835\udc27\ud835\udc20 :<\/p>\n<p>&nbsp;<\/p>\n<p>\ud83d\udc81Ng\u01b0\u1eddi gi\u00e0, ng\u01b0\u1eddi tr\u1ebb, c\u1ea3 nam l\u1eabn n\u1eef.<\/p>\n<p>&nbsp;<\/p>\n<p>\ud83d\udc81Nh\u1eefng ng\u01b0\u1eddi m\u1edbi kh\u1ecfi b\u1ec7nh, c\u1ea7n \u0111\u01b0\u1ee3c b\u1ed3i b\u1ed5.<\/p>\n<p>&nbsp;<\/p>\n<p>\ud83d\udc81Nh\u1eefng ng\u01b0\u1eddi c\u01a1 th\u1ec3 y\u1ebfu.<\/p>\n<p>&nbsp;<\/p>\n<p>\ud83d\udc81Nam y\u1ebfu sinh l\u00fd, li\u1ec7t d\u01b0\u01a1ng, suy gi\u1ea3m ham mu\u1ed1n t\u00ecnh d\u1ee5c hay b\u1ecb di tinh, xu\u1ea5t tinh s\u1edbm.<\/p>\n<p>&nbsp;<\/p>\n<p>\ud83d\udc81Ng\u01b0\u1eddi \u0111ang m\u1eafc nh\u1eefng c\u0103n b\u1ec7nh v\u1ec1 gan, th\u1eadn.<\/p>\n<p>&nbsp;<\/p>\n<p>\ud83d\udc81Nh\u1eefng ng\u01b0\u1eddi hay \u1ed1m \u0111au, c\u0103ng th\u1eb3ng th\u1ea7n kinh.<\/p>\n<p>&nbsp;<\/p>\n<p>\ud83c\udfc6\ud835\udc07\ud835\udc2e\u031b\ud835\udc28\u031b\u0301\ud835\udc27\ud835\udc20 \ud835\udc03\ud835\udc1a\u0302\u0303\ud835\udc27 \ud835\udc12\ud835\udc2e\u031b\u0309 \ud835\udc03\ud835\udc2e\u0323\ud835\udc27\ud835\udc20 :<\/p>\n<p>&nbsp;<\/p>\n<p>\ud83d\udc49M\u1ed7i ng\u00e0y d\u00f9ng t\u1eeb 7 &#8211; 10 vi\u00ean, c\u00f3 th\u1ec3 chia \u0111\u1ec1u th\u00e0nh 2 &#8211; 3 l\u1ea7n u\u1ed1ng v\u00e0o tr\u01b0\u1edbc m\u1ed7i b\u1eefa \u0103n 30 ph\u00fat.<\/p>\n<p>&nbsp;<\/p>\n<p>\ud83d\udc49N\u00ean s\u1eed d\u1ee5ng c\u00f9ng v\u1edbi n\u01b0\u1edbc \u1ea5m v\u00e0 u\u1ed1ng nhi\u1ec1u n\u01b0\u1edbc \u0111\u1ec3 mang \u0111\u1ebfn k\u1ebft qu\u1ea3 t\u1ed1t h\u01a1n.<\/p>\n<p>&nbsp;<\/p>\n","protected":false},"excerpt":{"rendered":"<ul>\n<li>B\u1ed5 sung th\u00eam d\u01b0\u1ee1ng ch\u1ea5t cho c\u01a1 th\u1ec3<\/li>\n<li>N\u00e2ng cao s\u1ee9c kh\u1ecfe khi s\u1eed d\u1ee5ng<\/li>\n<li>An to\u00e0n khi s\u1eed d\u1ee5ng<\/li>\n<li>C\u1ea3i thi\u1ec7n v\u1ea5n \u0111\u1ec1 sinh l\u00fd<\/li>\n<\/ul>\n","protected":false},"featured_media":254,"comment_status":"open","ping_status":"closed","template":"","meta":[],"product_brand":[],"product_cat":[21],"product_tag":[],"class_list":{"0":"post-253","1":"product","2":"type-product","3":"status-publish","4":"has-post-thumbnail","6":"product_cat-thuc-pham-chuc-nang","8":"first","9":"instock","10":"shipping-taxable","11":"purchasable","12":"product-type-simple"},"yoast_head":"<!-- This site is optimized with the Yoast SEO Premium plugin v22.3 (Yoast SEO v27.1.1) - https:\/\/yoast.com\/product\/yoast-seo-premium-wordpress\/ -->\n<title>Vi\u00ean U\u1ed1ng Chi\u1ebft Xu\u1ea5t \u0110\u00f4ng Tr\u00f9ng H\u1ea1 Th\u1ea3o Tohchukasou Royal Gold T\u0103ng C\u01b0\u1eddng V\u00e0 B\u1ea3o V\u1ec7 S\u1ee9c Kh\u1ecfe 420 Vi\u00ean - Ly Daily<\/title>\n<meta name=\"robots\" content=\"index, follow, max-snippet:-1, max-image-preview:large, max-video-preview:-1\" \/>\n<link rel=\"canonical\" href=\"https:\/\/lydaily.vn\/jp\/san-pham\/vien-uong-chiet-xuat-dong-trung-ha-thao-tohchukasou-royal-gold-tang-cuong-va-bao-ve-suc-khoe-420-vien\/\" \/>\n<meta property=\"og:locale\" content=\"vi_VN\" \/>\n<meta property=\"og:type\" content=\"article\" \/>\n<meta property=\"og:title\" content=\"Vi\u00ean U\u1ed1ng Chi\u1ebft Xu\u1ea5t \u0110\u00f4ng Tr\u00f9ng H\u1ea1 Th\u1ea3o Tohchukasou Royal Gold T\u0103ng C\u01b0\u1eddng V\u00e0 B\u1ea3o V\u1ec7 S\u1ee9c Kh\u1ecfe 420 Vi\u00ean\" \/>\n<meta property=\"og:description\" content=\"B\u1ed5 sung th\u00eam d\u01b0\u1ee1ng ch\u1ea5t cho c\u01a1 th\u1ec3  N\u00e2ng cao s\u1ee9c kh\u1ecfe khi s\u1eed d\u1ee5ng  An to\u00e0n khi s\u1eed d\u1ee5ng  C\u1ea3i thi\u1ec7n v\u1ea5n \u0111\u1ec1 sinh l\u00fd\" \/>\n<meta property=\"og:url\" content=\"https:\/\/lydaily.vn\/jp\/san-pham\/vien-uong-chiet-xuat-dong-trung-ha-thao-tohchukasou-royal-gold-tang-cuong-va-bao-ve-suc-khoe-420-vien\/\" \/>\n<meta property=\"og:site_name\" content=\"Ly Daily\" \/>\n<meta property=\"article:modified_time\" content=\"2026-03-13T05:15:49+00:00\" \/>\n<meta property=\"og:image\" content=\"https:\/\/lydaily.vn\/jp\/wp-content\/uploads\/2026\/03\/Vien-Uong-Chiet-Xuat-Dong-Trung-Ha-Thao-Tohchukasou-Royal-Gold-Tang-Cuong-Va-Bao-Ve-Suc-Khoe-420-Vien.webp\" \/>\n\t<meta property=\"og:image:width\" content=\"500\" \/>\n\t<meta property=\"og:image:height\" content=\"700\" \/>\n\t<meta property=\"og:image:type\" content=\"image\/webp\" \/>\n<meta name=\"twitter:card\" content=\"summary_large_image\" \/>\n<meta name=\"twitter:label1\" content=\"\u01af\u1edbc t\u00ednh th\u1eddi gian \u0111\u1ecdc\" \/>\n\t<meta name=\"twitter:data1\" content=\"3 ph\u00fat\" \/>\n<script type=\"application\/ld+json\" class=\"yoast-schema-graph\">{\"@context\":\"https:\/\/schema.org\",\"@graph\":[{\"@type\":\"WebPage\",\"@id\":\"https:\/\/lydaily.vn\/jp\/san-pham\/vien-uong-chiet-xuat-dong-trung-ha-thao-tohchukasou-royal-gold-tang-cuong-va-bao-ve-suc-khoe-420-vien\/\",\"url\":\"https:\/\/lydaily.vn\/jp\/san-pham\/vien-uong-chiet-xuat-dong-trung-ha-thao-tohchukasou-royal-gold-tang-cuong-va-bao-ve-suc-khoe-420-vien\/\",\"name\":\"Vi\u00ean U\u1ed1ng Chi\u1ebft Xu\u1ea5t \u0110\u00f4ng Tr\u00f9ng H\u1ea1 Th\u1ea3o Tohchukasou Royal Gold T\u0103ng C\u01b0\u1eddng V\u00e0 B\u1ea3o V\u1ec7 S\u1ee9c Kh\u1ecfe 420 Vi\u00ean - Ly Daily\",\"isPartOf\":{\"@id\":\"https:\/\/lydaily.vn\/jp\/#website\"},\"primaryImageOfPage\":{\"@id\":\"https:\/\/lydaily.vn\/jp\/san-pham\/vien-uong-chiet-xuat-dong-trung-ha-thao-tohchukasou-royal-gold-tang-cuong-va-bao-ve-suc-khoe-420-vien\/#primaryimage\"},\"image\":{\"@id\":\"https:\/\/lydaily.vn\/jp\/san-pham\/vien-uong-chiet-xuat-dong-trung-ha-thao-tohchukasou-royal-gold-tang-cuong-va-bao-ve-suc-khoe-420-vien\/#primaryimage\"},\"thumbnailUrl\":\"https:\/\/lydaily.vn\/jp\/wp-content\/uploads\/2026\/03\/Vien-Uong-Chiet-Xuat-Dong-Trung-Ha-Thao-Tohchukasou-Royal-Gold-Tang-Cuong-Va-Bao-Ve-Suc-Khoe-420-Vien.webp\",\"datePublished\":\"2026-03-01T02:04:49+00:00\",\"dateModified\":\"2026-03-13T05:15:49+00:00\",\"breadcrumb\":{\"@id\":\"https:\/\/lydaily.vn\/jp\/san-pham\/vien-uong-chiet-xuat-dong-trung-ha-thao-tohchukasou-royal-gold-tang-cuong-va-bao-ve-suc-khoe-420-vien\/#breadcrumb\"},\"inLanguage\":\"vi\",\"potentialAction\":[{\"@type\":\"ReadAction\",\"target\":[\"https:\/\/lydaily.vn\/jp\/san-pham\/vien-uong-chiet-xuat-dong-trung-ha-thao-tohchukasou-royal-gold-tang-cuong-va-bao-ve-suc-khoe-420-vien\/\"]}]},{\"@type\":\"ImageObject\",\"inLanguage\":\"vi\",\"@id\":\"https:\/\/lydaily.vn\/jp\/san-pham\/vien-uong-chiet-xuat-dong-trung-ha-thao-tohchukasou-royal-gold-tang-cuong-va-bao-ve-suc-khoe-420-vien\/#primaryimage\",\"url\":\"https:\/\/lydaily.vn\/jp\/wp-content\/uploads\/2026\/03\/Vien-Uong-Chiet-Xuat-Dong-Trung-Ha-Thao-Tohchukasou-Royal-Gold-Tang-Cuong-Va-Bao-Ve-Suc-Khoe-420-Vien.webp\",\"contentUrl\":\"https:\/\/lydaily.vn\/jp\/wp-content\/uploads\/2026\/03\/Vien-Uong-Chiet-Xuat-Dong-Trung-Ha-Thao-Tohchukasou-Royal-Gold-Tang-Cuong-Va-Bao-Ve-Suc-Khoe-420-Vien.webp\",\"width\":500,\"height\":700},{\"@type\":\"BreadcrumbList\",\"@id\":\"https:\/\/lydaily.vn\/jp\/san-pham\/vien-uong-chiet-xuat-dong-trung-ha-thao-tohchukasou-royal-gold-tang-cuong-va-bao-ve-suc-khoe-420-vien\/#breadcrumb\",\"itemListElement\":[{\"@type\":\"ListItem\",\"position\":1,\"name\":\"Home\",\"item\":\"https:\/\/lydaily.vn\/jp\/\"},{\"@type\":\"ListItem\",\"position\":2,\"name\":\"S\u1ea3n ph\u1ea9m\",\"item\":\"https:\/\/lydaily.vn\/jp\/san-pham\/\"},{\"@type\":\"ListItem\",\"position\":3,\"name\":\"Vi\u00ean U\u1ed1ng Chi\u1ebft Xu\u1ea5t \u0110\u00f4ng Tr\u00f9ng H\u1ea1 Th\u1ea3o Tohchukasou Royal Gold T\u0103ng C\u01b0\u1eddng V\u00e0 B\u1ea3o V\u1ec7 S\u1ee9c Kh\u1ecfe 420 Vi\u00ean\"}]},{\"@type\":\"WebSite\",\"@id\":\"https:\/\/lydaily.vn\/jp\/#website\",\"url\":\"https:\/\/lydaily.vn\/jp\/\",\"name\":\"Ly Daily\",\"description\":\"Th\u1ef1c Ph\u1ea9m Ch\u1ee9c N\u0103ng &amp; M\u1ef9 Ph\u1ea9m t\u1ea1i Nh\u1eadt B\u1ea3n v\u00e0 Vi\u1ec7t Nam\",\"potentialAction\":[{\"@type\":\"SearchAction\",\"target\":{\"@type\":\"EntryPoint\",\"urlTemplate\":\"https:\/\/lydaily.vn\/jp\/?s={search_term_string}\"},\"query-input\":{\"@type\":\"PropertyValueSpecification\",\"valueRequired\":true,\"valueName\":\"search_term_string\"}}],\"inLanguage\":\"vi\"}]}<\/script>\n<!-- \/ Yoast SEO Premium plugin. -->","yoast_head_json":{"title":"Vi\u00ean U\u1ed1ng Chi\u1ebft Xu\u1ea5t \u0110\u00f4ng Tr\u00f9ng H\u1ea1 Th\u1ea3o Tohchukasou Royal Gold T\u0103ng C\u01b0\u1eddng V\u00e0 B\u1ea3o V\u1ec7 S\u1ee9c Kh\u1ecfe 420 Vi\u00ean - Ly Daily","robots":{"index":"index","follow":"follow","max-snippet":"max-snippet:-1","max-image-preview":"max-image-preview:large","max-video-preview":"max-video-preview:-1"},"canonical":"https:\/\/lydaily.vn\/jp\/san-pham\/vien-uong-chiet-xuat-dong-trung-ha-thao-tohchukasou-royal-gold-tang-cuong-va-bao-ve-suc-khoe-420-vien\/","og_locale":"vi_VN","og_type":"article","og_title":"Vi\u00ean U\u1ed1ng Chi\u1ebft Xu\u1ea5t \u0110\u00f4ng Tr\u00f9ng H\u1ea1 Th\u1ea3o Tohchukasou Royal Gold T\u0103ng C\u01b0\u1eddng V\u00e0 B\u1ea3o V\u1ec7 S\u1ee9c Kh\u1ecfe 420 Vi\u00ean","og_description":"B\u1ed5 sung th\u00eam d\u01b0\u1ee1ng ch\u1ea5t cho c\u01a1 th\u1ec3  N\u00e2ng cao s\u1ee9c kh\u1ecfe khi s\u1eed d\u1ee5ng  An to\u00e0n khi s\u1eed d\u1ee5ng  C\u1ea3i thi\u1ec7n v\u1ea5n \u0111\u1ec1 sinh l\u00fd","og_url":"https:\/\/lydaily.vn\/jp\/san-pham\/vien-uong-chiet-xuat-dong-trung-ha-thao-tohchukasou-royal-gold-tang-cuong-va-bao-ve-suc-khoe-420-vien\/","og_site_name":"Ly Daily","article_modified_time":"2026-03-13T05:15:49+00:00","og_image":[{"width":500,"height":700,"url":"https:\/\/lydaily.vn\/jp\/wp-content\/uploads\/2026\/03\/Vien-Uong-Chiet-Xuat-Dong-Trung-Ha-Thao-Tohchukasou-Royal-Gold-Tang-Cuong-Va-Bao-Ve-Suc-Khoe-420-Vien.webp","type":"image\/webp"}],"twitter_card":"summary_large_image","twitter_misc":{"\u01af\u1edbc t\u00ednh th\u1eddi gian \u0111\u1ecdc":"3 ph\u00fat"},"schema":{"@context":"https:\/\/schema.org","@graph":[{"@type":"WebPage","@id":"https:\/\/lydaily.vn\/jp\/san-pham\/vien-uong-chiet-xuat-dong-trung-ha-thao-tohchukasou-royal-gold-tang-cuong-va-bao-ve-suc-khoe-420-vien\/","url":"https:\/\/lydaily.vn\/jp\/san-pham\/vien-uong-chiet-xuat-dong-trung-ha-thao-tohchukasou-royal-gold-tang-cuong-va-bao-ve-suc-khoe-420-vien\/","name":"Vi\u00ean U\u1ed1ng Chi\u1ebft Xu\u1ea5t \u0110\u00f4ng Tr\u00f9ng H\u1ea1 Th\u1ea3o Tohchukasou Royal Gold T\u0103ng C\u01b0\u1eddng V\u00e0 B\u1ea3o V\u1ec7 S\u1ee9c Kh\u1ecfe 420 Vi\u00ean - Ly Daily","isPartOf":{"@id":"https:\/\/lydaily.vn\/jp\/#website"},"primaryImageOfPage":{"@id":"https:\/\/lydaily.vn\/jp\/san-pham\/vien-uong-chiet-xuat-dong-trung-ha-thao-tohchukasou-royal-gold-tang-cuong-va-bao-ve-suc-khoe-420-vien\/#primaryimage"},"image":{"@id":"https:\/\/lydaily.vn\/jp\/san-pham\/vien-uong-chiet-xuat-dong-trung-ha-thao-tohchukasou-royal-gold-tang-cuong-va-bao-ve-suc-khoe-420-vien\/#primaryimage"},"thumbnailUrl":"https:\/\/lydaily.vn\/jp\/wp-content\/uploads\/2026\/03\/Vien-Uong-Chiet-Xuat-Dong-Trung-Ha-Thao-Tohchukasou-Royal-Gold-Tang-Cuong-Va-Bao-Ve-Suc-Khoe-420-Vien.webp","datePublished":"2026-03-01T02:04:49+00:00","dateModified":"2026-03-13T05:15:49+00:00","breadcrumb":{"@id":"https:\/\/lydaily.vn\/jp\/san-pham\/vien-uong-chiet-xuat-dong-trung-ha-thao-tohchukasou-royal-gold-tang-cuong-va-bao-ve-suc-khoe-420-vien\/#breadcrumb"},"inLanguage":"vi","potentialAction":[{"@type":"ReadAction","target":["https:\/\/lydaily.vn\/jp\/san-pham\/vien-uong-chiet-xuat-dong-trung-ha-thao-tohchukasou-royal-gold-tang-cuong-va-bao-ve-suc-khoe-420-vien\/"]}]},{"@type":"ImageObject","inLanguage":"vi","@id":"https:\/\/lydaily.vn\/jp\/san-pham\/vien-uong-chiet-xuat-dong-trung-ha-thao-tohchukasou-royal-gold-tang-cuong-va-bao-ve-suc-khoe-420-vien\/#primaryimage","url":"https:\/\/lydaily.vn\/jp\/wp-content\/uploads\/2026\/03\/Vien-Uong-Chiet-Xuat-Dong-Trung-Ha-Thao-Tohchukasou-Royal-Gold-Tang-Cuong-Va-Bao-Ve-Suc-Khoe-420-Vien.webp","contentUrl":"https:\/\/lydaily.vn\/jp\/wp-content\/uploads\/2026\/03\/Vien-Uong-Chiet-Xuat-Dong-Trung-Ha-Thao-Tohchukasou-Royal-Gold-Tang-Cuong-Va-Bao-Ve-Suc-Khoe-420-Vien.webp","width":500,"height":700},{"@type":"BreadcrumbList","@id":"https:\/\/lydaily.vn\/jp\/san-pham\/vien-uong-chiet-xuat-dong-trung-ha-thao-tohchukasou-royal-gold-tang-cuong-va-bao-ve-suc-khoe-420-vien\/#breadcrumb","itemListElement":[{"@type":"ListItem","position":1,"name":"Home","item":"https:\/\/lydaily.vn\/jp\/"},{"@type":"ListItem","position":2,"name":"S\u1ea3n ph\u1ea9m","item":"https:\/\/lydaily.vn\/jp\/san-pham\/"},{"@type":"ListItem","position":3,"name":"Vi\u00ean U\u1ed1ng Chi\u1ebft Xu\u1ea5t \u0110\u00f4ng Tr\u00f9ng H\u1ea1 Th\u1ea3o Tohchukasou Royal Gold T\u0103ng C\u01b0\u1eddng V\u00e0 B\u1ea3o V\u1ec7 S\u1ee9c Kh\u1ecfe 420 Vi\u00ean"}]},{"@type":"WebSite","@id":"https:\/\/lydaily.vn\/jp\/#website","url":"https:\/\/lydaily.vn\/jp\/","name":"Ly Daily","description":"Th\u1ef1c Ph\u1ea9m Ch\u1ee9c N\u0103ng &amp; M\u1ef9 Ph\u1ea9m t\u1ea1i Nh\u1eadt B\u1ea3n v\u00e0 Vi\u1ec7t Nam","potentialAction":[{"@type":"SearchAction","target":{"@type":"EntryPoint","urlTemplate":"https:\/\/lydaily.vn\/jp\/?s={search_term_string}"},"query-input":{"@type":"PropertyValueSpecification","valueRequired":true,"valueName":"search_term_string"}}],"inLanguage":"vi"}]}},"_links":{"self":[{"href":"https:\/\/lydaily.vn\/jp\/wp-json\/wp\/v2\/product\/253","targetHints":{"allow":["GET"]}}],"collection":[{"href":"https:\/\/lydaily.vn\/jp\/wp-json\/wp\/v2\/product"}],"about":[{"href":"https:\/\/lydaily.vn\/jp\/wp-json\/wp\/v2\/types\/product"}],"replies":[{"embeddable":true,"href":"https:\/\/lydaily.vn\/jp\/wp-json\/wp\/v2\/comments?post=253"}],"wp:featuredmedia":[{"embeddable":true,"href":"https:\/\/lydaily.vn\/jp\/wp-json\/wp\/v2\/media\/254"}],"wp:attachment":[{"href":"https:\/\/lydaily.vn\/jp\/wp-json\/wp\/v2\/media?parent=253"}],"wp:term":[{"taxonomy":"product_brand","embeddable":true,"href":"https:\/\/lydaily.vn\/jp\/wp-json\/wp\/v2\/product_brand?post=253"},{"taxonomy":"product_cat","embeddable":true,"href":"https:\/\/lydaily.vn\/jp\/wp-json\/wp\/v2\/product_cat?post=253"},{"taxonomy":"product_tag","embeddable":true,"href":"https:\/\/lydaily.vn\/jp\/wp-json\/wp\/v2\/product_tag?post=253"}],"curies":[{"name":"wp","href":"https:\/\/api.w.org\/{rel}","templated":true}]}}