{"id":247,"date":"2026-02-28T03:54:11","date_gmt":"2026-02-28T03:54:11","guid":{"rendered":"https:\/\/lydaily.qweb.com.vn\/?post_type=product&#038;p=247"},"modified":"2026-03-13T05:13:55","modified_gmt":"2026-03-13T05:13:55","slug":"tao-tang-chieu-cao-shinshin-kakumei-300-vien","status":"publish","type":"product","link":"https:\/\/lydaily.vn\/jp\/san-pham\/tao-tang-chieu-cao-shinshin-kakumei-300-vien\/","title":{"rendered":"T\u1ea3o t\u0103ng chi\u1ec1u cao Shinshin Kakumei 300 vi\u00ean"},"content":{"rendered":"<h2>C\u00d4NG D\u1ee4NG S\u1ea2N PH\u1ea8M<\/h2>\n<h3>H\u1ed7 tr\u1ee3 t\u0103ng tr\u01b0\u1edfng chi\u1ec1u cao<\/h3>\n<p>Trong 100gr s\u1ea3n ph\u1ea9m ch\u1ee9a protein, lipid, natri,&#8230; c\u00e1c ch\u1ea5t n\u00e0y \u0111\u1ec1u h\u1ed7 tr\u1ee3 t\u0103ng chi\u1ec1u cao hi\u1ec7u qu\u1ea3. Kh\u00f4ng ch\u1ec9 v\u1eady c\u00f2n h\u1ed7 tr\u1ee3 s\u1ef1 ph\u00e1t tri\u1ec3n c\u1ee7a x\u01b0\u01a1ng, gi\u00fap x\u01b0\u01a1ng ch\u1eafc kh\u1ecfe.<\/p>\n<h3>T\u0103ng c\u01b0\u1eddng h\u1ec7 mi\u1ec5n d\u1ecbch<\/h3>\n<p>\u0110\u00e2y l\u00e0 c\u00f4ng d\u1ee5ng ph\u1ee5 b\u00ean c\u1ea1nh c\u00f4ng d\u1ee5ng t\u0103ng chi\u1ec1u cao. S\u1ea3n ph\u1ea9m ch\u1ee9a t\u1edbi 9 lo\u1ea1i axit amin thi\u1ebft y\u1ebfu cho c\u01a1 th\u1ec3, gi\u00fap c\u01a1 th\u1ec3 c\u00f3 h\u1ec7 mi\u1ec5n d\u1ecbch kh\u1ecfe m\u1ea1nh, gi\u00fap b\u1ea3o v\u1ec7 c\u01a1 th\u1ec3 tr\u01b0\u1edbc c\u00e1c t\u00e1c nh\u00e2n g\u00e2y b\u1ec7nh.<\/p>\n<h3>Cung c\u1ea5p kho\u00e1ng ch\u1ea5t<\/h3>\n<p>S\u1ea3n ph\u1ea9m gi\u00e0u kho\u00e1ng ch\u1ea5t nh\u01b0 B1,B2, B12, B6,&#8230; n\u00ean gi\u00fap c\u01a1 th\u1ec3 b\u1ed5 sung kho\u00e1ng ch\u1ea5t, t\u0103ng c\u01b0\u1eddng s\u1ef1 ph\u00e1t tri\u1ec3n to\u00e0n di\u1ec7n.<\/p>\n<h2>H\u01af\u1edaNG D\u1eaaN S\u1eec D\u1ee4NG<\/h2>\n<p>T\u1ea3o h\u1ed7 tr\u1ee3 t\u0103ng chi\u1ec1u cao Shinshin Kakumei n\u00ean s\u1eed d\u1ee5ng 5-10 vi\u00ean m\u1ed7i ng\u00e0y.<\/p>\n<h2>\u0110\u1ed0I T\u01af\u1ee2NG S\u1eec D\u1ee4NG<\/h2>\n<p>Ng\u01b0\u1eddi trong giai \u0111o\u1ea1n ph\u00e1t tri\u1ec3n chi\u1ec1u cao t\u1eeb 12~18 tu\u1ed5i. C\u00f3 th\u1ec3 s\u1eed d\u1ee5ng cho b\u00e9 t\u1eeb 7 tu\u1ed5i v\u1edbi l\u01b0\u1ee3ng d\u00f9ng ban \u0111\u1ea7u b\u1eb1ng 1\/4 so v\u1edbi li\u1ec1u l\u01b0\u1ee3ng th\u00f4ng th\u01b0\u1eddng sau \u0111\u00f3 t\u0103ng d\u1ea7n.<\/p>\n<p><em>L\u01afU \u00dd: Ng\u01b0ng s\u1eed d\u1ee5ng n\u1ebfu c\u00f3 d\u1ea5u hi\u1ec7u b\u1ea5t th\u01b0\u1eddng. S\u1eed d\u1ee5ng \u00edt nh\u1ea5t trong v\u00f2ng 3 th\u00e1ng v\u00e0 theo d\u00f5i hi\u1ec7u qu\u1ea3.<\/em><\/p>\n<h2>B\u1ea2O QU\u1ea2N<\/h2>\n<p>N\u01a1i kh\u00f4 r\u00e1o tho\u00e1ng m\u00e1t, tr\u00e1nh \u00e1nh n\u1eafng tr\u1ef1c ti\u1ebfp. \u0110\u1ec3 xa t\u1ea7m tay tr\u1ebb em<\/p>\n","protected":false},"excerpt":{"rendered":"<p><strong>T\u1ea3o h\u1ed7 tr\u1ee3 t\u0103ng chi\u1ec1u cao Shinshin Kakumei 300 vi\u00ean<\/strong>\u00a0l\u00e0 s\u1ea3n ph\u1ea9m c\u00f3 ngu\u1ed3n g\u1ed1c t\u1ef1 nhi\u00ean, c\u00f3 c\u00f4ng d\u1ee5ng hi\u1ec7u qu\u1ea3 trong vi\u1ec7c h\u1ed7 tr\u1ee3 t\u0103ng chi\u1ec1u cao, b\u1ed5 sung th\u00eam kho\u00e1ng ch\u1ea5t v\u00e0 vitamin cho c\u01a1 th\u1ec3<\/p>\n<p>T\u1ea3o Spirulina, collagen, vitamin C, d\u1ea7u c\u1ea3i hydro h\u00f3a, shelac.<\/p>\n","protected":false},"featured_media":248,"comment_status":"open","ping_status":"closed","template":"","meta":[],"product_brand":[],"product_cat":[21],"product_tag":[],"class_list":{"0":"post-247","1":"product","2":"type-product","3":"status-publish","4":"has-post-thumbnail","6":"product_cat-thuc-pham-chuc-nang","8":"first","9":"instock","10":"shipping-taxable","11":"purchasable","12":"product-type-simple"},"yoast_head":"<!-- This site is optimized with the Yoast SEO Premium plugin v22.3 (Yoast SEO v27.1.1) - https:\/\/yoast.com\/product\/yoast-seo-premium-wordpress\/ -->\n<title>T\u1ea3o t\u0103ng chi\u1ec1u cao Shinshin Kakumei 300 vi\u00ean - Ly Daily<\/title>\n<meta name=\"robots\" content=\"index, follow, max-snippet:-1, max-image-preview:large, max-video-preview:-1\" \/>\n<link rel=\"canonical\" href=\"https:\/\/lydaily.vn\/jp\/san-pham\/tao-tang-chieu-cao-shinshin-kakumei-300-vien\/\" \/>\n<meta property=\"og:locale\" content=\"vi_VN\" \/>\n<meta property=\"og:type\" content=\"article\" \/>\n<meta property=\"og:title\" content=\"T\u1ea3o t\u0103ng chi\u1ec1u cao Shinshin Kakumei 300 vi\u00ean\" \/>\n<meta property=\"og:description\" content=\"T\u1ea3o h\u1ed7 tr\u1ee3 t\u0103ng chi\u1ec1u cao Shinshin Kakumei 300 vi\u00ean\u00a0l\u00e0 s\u1ea3n ph\u1ea9m c\u00f3 ngu\u1ed3n g\u1ed1c t\u1ef1 nhi\u00ean, c\u00f3 c\u00f4ng d\u1ee5ng hi\u1ec7u qu\u1ea3 trong vi\u1ec7c h\u1ed7 tr\u1ee3 t\u0103ng chi\u1ec1u cao, b\u1ed5 sung th\u00eam kho\u00e1ng ch\u1ea5t v\u00e0 vitamin cho c\u01a1 th\u1ec3  T\u1ea3o Spirulina, collagen, vitamin C, d\u1ea7u c\u1ea3i hydro h\u00f3a, shelac.\" \/>\n<meta property=\"og:url\" content=\"https:\/\/lydaily.vn\/jp\/san-pham\/tao-tang-chieu-cao-shinshin-kakumei-300-vien\/\" \/>\n<meta property=\"og:site_name\" content=\"Ly Daily\" \/>\n<meta property=\"article:modified_time\" content=\"2026-03-13T05:13:55+00:00\" \/>\n<meta property=\"og:image\" content=\"https:\/\/lydaily.vn\/jp\/wp-content\/uploads\/2026\/02\/Tao-tang-chieu-cao-Shinshin-Kakumei-300-vien.jpg\" \/>\n\t<meta property=\"og:image:width\" content=\"1000\" \/>\n\t<meta property=\"og:image:height\" content=\"1000\" \/>\n\t<meta property=\"og:image:type\" content=\"image\/jpeg\" \/>\n<meta name=\"twitter:card\" content=\"summary_large_image\" \/>\n<meta name=\"twitter:label1\" content=\"\u01af\u1edbc t\u00ednh th\u1eddi gian \u0111\u1ecdc\" \/>\n\t<meta name=\"twitter:data1\" content=\"2 ph\u00fat\" \/>\n<script type=\"application\/ld+json\" class=\"yoast-schema-graph\">{\"@context\":\"https:\/\/schema.org\",\"@graph\":[{\"@type\":\"WebPage\",\"@id\":\"https:\/\/lydaily.vn\/jp\/san-pham\/tao-tang-chieu-cao-shinshin-kakumei-300-vien\/\",\"url\":\"https:\/\/lydaily.vn\/jp\/san-pham\/tao-tang-chieu-cao-shinshin-kakumei-300-vien\/\",\"name\":\"T\u1ea3o t\u0103ng chi\u1ec1u cao Shinshin Kakumei 300 vi\u00ean - Ly Daily\",\"isPartOf\":{\"@id\":\"https:\/\/lydaily.vn\/jp\/#website\"},\"primaryImageOfPage\":{\"@id\":\"https:\/\/lydaily.vn\/jp\/san-pham\/tao-tang-chieu-cao-shinshin-kakumei-300-vien\/#primaryimage\"},\"image\":{\"@id\":\"https:\/\/lydaily.vn\/jp\/san-pham\/tao-tang-chieu-cao-shinshin-kakumei-300-vien\/#primaryimage\"},\"thumbnailUrl\":\"https:\/\/lydaily.vn\/jp\/wp-content\/uploads\/2026\/02\/Tao-tang-chieu-cao-Shinshin-Kakumei-300-vien.jpg\",\"datePublished\":\"2026-02-28T03:54:11+00:00\",\"dateModified\":\"2026-03-13T05:13:55+00:00\",\"breadcrumb\":{\"@id\":\"https:\/\/lydaily.vn\/jp\/san-pham\/tao-tang-chieu-cao-shinshin-kakumei-300-vien\/#breadcrumb\"},\"inLanguage\":\"vi\",\"potentialAction\":[{\"@type\":\"ReadAction\",\"target\":[\"https:\/\/lydaily.vn\/jp\/san-pham\/tao-tang-chieu-cao-shinshin-kakumei-300-vien\/\"]}]},{\"@type\":\"ImageObject\",\"inLanguage\":\"vi\",\"@id\":\"https:\/\/lydaily.vn\/jp\/san-pham\/tao-tang-chieu-cao-shinshin-kakumei-300-vien\/#primaryimage\",\"url\":\"https:\/\/lydaily.vn\/jp\/wp-content\/uploads\/2026\/02\/Tao-tang-chieu-cao-Shinshin-Kakumei-300-vien.jpg\",\"contentUrl\":\"https:\/\/lydaily.vn\/jp\/wp-content\/uploads\/2026\/02\/Tao-tang-chieu-cao-Shinshin-Kakumei-300-vien.jpg\",\"width\":1000,\"height\":1000},{\"@type\":\"BreadcrumbList\",\"@id\":\"https:\/\/lydaily.vn\/jp\/san-pham\/tao-tang-chieu-cao-shinshin-kakumei-300-vien\/#breadcrumb\",\"itemListElement\":[{\"@type\":\"ListItem\",\"position\":1,\"name\":\"Home\",\"item\":\"https:\/\/lydaily.vn\/jp\/\"},{\"@type\":\"ListItem\",\"position\":2,\"name\":\"S\u1ea3n ph\u1ea9m\",\"item\":\"https:\/\/lydaily.vn\/jp\/san-pham\/\"},{\"@type\":\"ListItem\",\"position\":3,\"name\":\"T\u1ea3o t\u0103ng chi\u1ec1u cao Shinshin Kakumei 300 vi\u00ean\"}]},{\"@type\":\"WebSite\",\"@id\":\"https:\/\/lydaily.vn\/jp\/#website\",\"url\":\"https:\/\/lydaily.vn\/jp\/\",\"name\":\"Ly Daily\",\"description\":\"Th\u1ef1c Ph\u1ea9m Ch\u1ee9c N\u0103ng &amp; M\u1ef9 Ph\u1ea9m t\u1ea1i Nh\u1eadt B\u1ea3n v\u00e0 Vi\u1ec7t Nam\",\"potentialAction\":[{\"@type\":\"SearchAction\",\"target\":{\"@type\":\"EntryPoint\",\"urlTemplate\":\"https:\/\/lydaily.vn\/jp\/?s={search_term_string}\"},\"query-input\":{\"@type\":\"PropertyValueSpecification\",\"valueRequired\":true,\"valueName\":\"search_term_string\"}}],\"inLanguage\":\"vi\"}]}<\/script>\n<!-- \/ Yoast SEO Premium plugin. -->","yoast_head_json":{"title":"T\u1ea3o t\u0103ng chi\u1ec1u cao Shinshin Kakumei 300 vi\u00ean - Ly Daily","robots":{"index":"index","follow":"follow","max-snippet":"max-snippet:-1","max-image-preview":"max-image-preview:large","max-video-preview":"max-video-preview:-1"},"canonical":"https:\/\/lydaily.vn\/jp\/san-pham\/tao-tang-chieu-cao-shinshin-kakumei-300-vien\/","og_locale":"vi_VN","og_type":"article","og_title":"T\u1ea3o t\u0103ng chi\u1ec1u cao Shinshin Kakumei 300 vi\u00ean","og_description":"T\u1ea3o h\u1ed7 tr\u1ee3 t\u0103ng chi\u1ec1u cao Shinshin Kakumei 300 vi\u00ean\u00a0l\u00e0 s\u1ea3n ph\u1ea9m c\u00f3 ngu\u1ed3n g\u1ed1c t\u1ef1 nhi\u00ean, c\u00f3 c\u00f4ng d\u1ee5ng hi\u1ec7u qu\u1ea3 trong vi\u1ec7c h\u1ed7 tr\u1ee3 t\u0103ng chi\u1ec1u cao, b\u1ed5 sung th\u00eam kho\u00e1ng ch\u1ea5t v\u00e0 vitamin cho c\u01a1 th\u1ec3  T\u1ea3o Spirulina, collagen, vitamin C, d\u1ea7u c\u1ea3i hydro h\u00f3a, shelac.","og_url":"https:\/\/lydaily.vn\/jp\/san-pham\/tao-tang-chieu-cao-shinshin-kakumei-300-vien\/","og_site_name":"Ly Daily","article_modified_time":"2026-03-13T05:13:55+00:00","og_image":[{"width":1000,"height":1000,"url":"https:\/\/lydaily.vn\/jp\/wp-content\/uploads\/2026\/02\/Tao-tang-chieu-cao-Shinshin-Kakumei-300-vien.jpg","type":"image\/jpeg"}],"twitter_card":"summary_large_image","twitter_misc":{"\u01af\u1edbc t\u00ednh th\u1eddi gian \u0111\u1ecdc":"2 ph\u00fat"},"schema":{"@context":"https:\/\/schema.org","@graph":[{"@type":"WebPage","@id":"https:\/\/lydaily.vn\/jp\/san-pham\/tao-tang-chieu-cao-shinshin-kakumei-300-vien\/","url":"https:\/\/lydaily.vn\/jp\/san-pham\/tao-tang-chieu-cao-shinshin-kakumei-300-vien\/","name":"T\u1ea3o t\u0103ng chi\u1ec1u cao Shinshin Kakumei 300 vi\u00ean - Ly Daily","isPartOf":{"@id":"https:\/\/lydaily.vn\/jp\/#website"},"primaryImageOfPage":{"@id":"https:\/\/lydaily.vn\/jp\/san-pham\/tao-tang-chieu-cao-shinshin-kakumei-300-vien\/#primaryimage"},"image":{"@id":"https:\/\/lydaily.vn\/jp\/san-pham\/tao-tang-chieu-cao-shinshin-kakumei-300-vien\/#primaryimage"},"thumbnailUrl":"https:\/\/lydaily.vn\/jp\/wp-content\/uploads\/2026\/02\/Tao-tang-chieu-cao-Shinshin-Kakumei-300-vien.jpg","datePublished":"2026-02-28T03:54:11+00:00","dateModified":"2026-03-13T05:13:55+00:00","breadcrumb":{"@id":"https:\/\/lydaily.vn\/jp\/san-pham\/tao-tang-chieu-cao-shinshin-kakumei-300-vien\/#breadcrumb"},"inLanguage":"vi","potentialAction":[{"@type":"ReadAction","target":["https:\/\/lydaily.vn\/jp\/san-pham\/tao-tang-chieu-cao-shinshin-kakumei-300-vien\/"]}]},{"@type":"ImageObject","inLanguage":"vi","@id":"https:\/\/lydaily.vn\/jp\/san-pham\/tao-tang-chieu-cao-shinshin-kakumei-300-vien\/#primaryimage","url":"https:\/\/lydaily.vn\/jp\/wp-content\/uploads\/2026\/02\/Tao-tang-chieu-cao-Shinshin-Kakumei-300-vien.jpg","contentUrl":"https:\/\/lydaily.vn\/jp\/wp-content\/uploads\/2026\/02\/Tao-tang-chieu-cao-Shinshin-Kakumei-300-vien.jpg","width":1000,"height":1000},{"@type":"BreadcrumbList","@id":"https:\/\/lydaily.vn\/jp\/san-pham\/tao-tang-chieu-cao-shinshin-kakumei-300-vien\/#breadcrumb","itemListElement":[{"@type":"ListItem","position":1,"name":"Home","item":"https:\/\/lydaily.vn\/jp\/"},{"@type":"ListItem","position":2,"name":"S\u1ea3n ph\u1ea9m","item":"https:\/\/lydaily.vn\/jp\/san-pham\/"},{"@type":"ListItem","position":3,"name":"T\u1ea3o t\u0103ng chi\u1ec1u cao Shinshin Kakumei 300 vi\u00ean"}]},{"@type":"WebSite","@id":"https:\/\/lydaily.vn\/jp\/#website","url":"https:\/\/lydaily.vn\/jp\/","name":"Ly Daily","description":"Th\u1ef1c Ph\u1ea9m Ch\u1ee9c N\u0103ng &amp; M\u1ef9 Ph\u1ea9m t\u1ea1i Nh\u1eadt B\u1ea3n v\u00e0 Vi\u1ec7t Nam","potentialAction":[{"@type":"SearchAction","target":{"@type":"EntryPoint","urlTemplate":"https:\/\/lydaily.vn\/jp\/?s={search_term_string}"},"query-input":{"@type":"PropertyValueSpecification","valueRequired":true,"valueName":"search_term_string"}}],"inLanguage":"vi"}]}},"_links":{"self":[{"href":"https:\/\/lydaily.vn\/jp\/wp-json\/wp\/v2\/product\/247","targetHints":{"allow":["GET"]}}],"collection":[{"href":"https:\/\/lydaily.vn\/jp\/wp-json\/wp\/v2\/product"}],"about":[{"href":"https:\/\/lydaily.vn\/jp\/wp-json\/wp\/v2\/types\/product"}],"replies":[{"embeddable":true,"href":"https:\/\/lydaily.vn\/jp\/wp-json\/wp\/v2\/comments?post=247"}],"wp:featuredmedia":[{"embeddable":true,"href":"https:\/\/lydaily.vn\/jp\/wp-json\/wp\/v2\/media\/248"}],"wp:attachment":[{"href":"https:\/\/lydaily.vn\/jp\/wp-json\/wp\/v2\/media?parent=247"}],"wp:term":[{"taxonomy":"product_brand","embeddable":true,"href":"https:\/\/lydaily.vn\/jp\/wp-json\/wp\/v2\/product_brand?post=247"},{"taxonomy":"product_cat","embeddable":true,"href":"https:\/\/lydaily.vn\/jp\/wp-json\/wp\/v2\/product_cat?post=247"},{"taxonomy":"product_tag","embeddable":true,"href":"https:\/\/lydaily.vn\/jp\/wp-json\/wp\/v2\/product_tag?post=247"}],"curies":[{"name":"wp","href":"https:\/\/api.w.org\/{rel}","templated":true}]}}