{"id":245,"date":"2026-02-28T03:51:14","date_gmt":"2026-02-28T03:51:14","guid":{"rendered":"https:\/\/lydaily.qweb.com.vn\/?post_type=product&#038;p=245"},"modified":"2026-03-13T05:13:13","modified_gmt":"2026-03-13T05:13:13","slug":"nam-linh-chi-sung-huou-nhat-ban-deer-horn-reishi","status":"publish","type":"product","link":"https:\/\/lydaily.vn\/jp\/san-pham\/nam-linh-chi-sung-huou-nhat-ban-deer-horn-reishi\/","title":{"rendered":"N\u1ea5m Linh Chi S\u1eebng H\u01b0\u01a1u Nh\u1eadt B\u1ea3n Deer Horn Reishi"},"content":{"rendered":"<h3><strong>C\u00f4ng d\u1ee5ng n\u1ea5m linh chi Deer Horn Reishi Nh\u1eadt B\u1ea3n<\/strong><\/h3>\n<ul>\n<li>K\u1ebft h\u1ee3p gi\u1eefa N\u1ea5m Linh Chi \u0110\u1ecf, N\u1ea5m Linh Chi S\u1eebng H\u01b0\u01a1u, \u0110\u00f4ng Tr\u00f9ng H\u1ea1 Th\u1ea3o, L\u00e1 B\u1ea1ch Qu\u1ea3, h\u1ed7 tr\u1ee3 ng\u01b0\u1eddi gi\u00e0, tr\u1ebb, ng\u01b0\u1eddi lao \u0111\u1ed9ng c\u1ea7n b\u1ed3i b\u1ed5 s\u1ee9c kh\u1ecfe, t\u0103ng c\u01b0\u1eddng s\u1ee9c l\u1ef1c.<\/li>\n<li>H\u1ed7 tr\u1ee3 ng\u0103n s\u1ef1 ph\u00e1t tri\u1ec3n c\u1ee7a t\u1ebf b\u00e0o u-n-g t-h-\u01b0 (do c\u00f3 th\u00e0nh ph\u1ea7n ch\u00ednh l\u00e0 Linh Chi). Ngo\u00e0i ra th\u00e0nh ph\u1ea7n b\u1ed5 sung \u0110\u00f4ng Tr\u00f9ng H\u1ea1 Th\u1ea3o s\u1ebd c\u00f3 t\u00e1c d\u1ee5ng h\u1ed7 tr\u1ee3 t\u0103ng l\u01b0\u1ee3ng \u00f4xy trong m\u00e1u, h\u1ed7 tr\u1ee3 t\u0103ng c\u01b0\u1eddng s\u1ee9c kh\u1ecfe cho ng\u01b0\u1eddi b-\u1ec7nh.<\/li>\n<li>H\u1ed7 tr\u1ee3 h\u1ea1 Cholesterol (m\u1ee1 trong m\u00e1u), \u1ed5n \u0111\u1ecbnh huy\u1ebft \u00e1p, l\u00e0m m\u1edd c\u00e1c v\u00f9ng da \u0111\u1ed3i m\u1ed3i, da b\u1ecb chai n\u1ee9t, tay ch\u00e2n t\u00ea r\u1ea7n, \u0111\u1ed5 m\u1ed3 h\u00f4i hay v\u1ecdp b\u1ebb, ph\u1ee5c h\u1ed3i tr\u00ed nh\u1edb\u2026<\/li>\n<li>H\u1ed7 tr\u1ee3 ph\u00f2ng c\u00e1c ch\u1ee9ng v\u1ec1 tim m\u1ea1ch (Cardiovascular), s\u01b0ng c\u1ee9ng \u0111\u1ed9ng m\u1ea1ch, \u0111au tim c\u1ea5p t\u00ednh<\/li>\n<li>C\u1ea3i thi\u1ec7n t\u00ecnh tr\u1ea1ng \u0111au n\u1eeda \u0111\u1ea7u (Migraine), nh\u1ee9c \u0111\u1ea7u kinh ni\u00ean, cho\u00e1ng v\u00e1ng, ng\u1ea5t x\u1ec9u, m\u1ea5t ng\u1ee7 kinh ni\u00ean<\/li>\n<li>Vi\u00eam gan A, B, C (Hepatitis), n\u00f3ng gan, y\u1ebfu gan<\/li>\n<li>H\u1ed7 tr\u1ee3 gi\u1ea3m vi\u00eam, th\u1ea5p kh\u1edbp, bi\u1ebfng \u0103n, m\u1ea5t ng\u1ee7, m\u1ec7t m\u1ecfi, suy nh\u01b0\u1ee3c, ch\u1ed1ng l\u00e3o h\u00f3a, m\u1ea1nh g\u00e2n c\u1ed1t, b\u1ed5 x\u01b0\u01a1ng<\/li>\n<li>H\u1ed7 tr\u1ee3 vi\u00eam kh\u00ed qu\u1ea3n, b\u1ec7nh ph\u1ed5i, suy\u1ec5n, th\u1eadn suy, ti\u1ec3u \u0111\u00eam<\/li>\n<li>H\u1ed7 tr\u1ee3 s\u01b0ng, vi\u00eam, l\u1edf lo\u00e9t bao t\u1eed, ru\u1ed9t, t\u00e1o b\u00f3n, tr\u1ec9,\u2026<\/li>\n<\/ul>\n","protected":false},"excerpt":{"rendered":"<ul class=\"parameter\">\n<li>Quy c\u00e1ch: 240 vi\u00ean\/ h\u1ed9p<\/li>\n<li>HSX: Sea Bio<\/li>\n<li>Xu\u1ea5t x\u1ee9: Nh\u1eadt B\u1ea3n<\/li>\n<\/ul>\n","protected":false},"featured_media":246,"comment_status":"open","ping_status":"closed","template":"","meta":[],"product_brand":[],"product_cat":[21],"product_tag":[],"class_list":{"0":"post-245","1":"product","2":"type-product","3":"status-publish","4":"has-post-thumbnail","6":"product_cat-thuc-pham-chuc-nang","8":"first","9":"instock","10":"shipping-taxable","11":"purchasable","12":"product-type-simple"},"yoast_head":"<!-- This site is optimized with the Yoast SEO Premium plugin v22.3 (Yoast SEO v27.1.1) - https:\/\/yoast.com\/product\/yoast-seo-premium-wordpress\/ -->\n<title>N\u1ea5m Linh Chi S\u1eebng H\u01b0\u01a1u Nh\u1eadt B\u1ea3n Deer Horn Reishi - Ly Daily<\/title>\n<meta name=\"robots\" content=\"index, follow, max-snippet:-1, max-image-preview:large, max-video-preview:-1\" \/>\n<link rel=\"canonical\" href=\"https:\/\/lydaily.vn\/jp\/san-pham\/nam-linh-chi-sung-huou-nhat-ban-deer-horn-reishi\/\" \/>\n<meta property=\"og:locale\" content=\"vi_VN\" \/>\n<meta property=\"og:type\" content=\"article\" \/>\n<meta property=\"og:title\" content=\"N\u1ea5m Linh Chi S\u1eebng H\u01b0\u01a1u Nh\u1eadt B\u1ea3n Deer Horn Reishi\" \/>\n<meta property=\"og:description\" content=\"Quy c\u00e1ch: 240 vi\u00ean\/ h\u1ed9p  HSX: Sea Bio  Xu\u1ea5t x\u1ee9: Nh\u1eadt B\u1ea3n\" \/>\n<meta property=\"og:url\" content=\"https:\/\/lydaily.vn\/jp\/san-pham\/nam-linh-chi-sung-huou-nhat-ban-deer-horn-reishi\/\" \/>\n<meta property=\"og:site_name\" content=\"Ly Daily\" \/>\n<meta property=\"article:modified_time\" content=\"2026-03-13T05:13:13+00:00\" \/>\n<meta property=\"og:image\" content=\"https:\/\/lydaily.vn\/jp\/wp-content\/uploads\/2026\/02\/Nam-Linh-Chi-Sung-Huou-Nhat-Ban-Deer-Horn-Reishi.jpg\" \/>\n\t<meta property=\"og:image:width\" content=\"555\" \/>\n\t<meta property=\"og:image:height\" content=\"357\" \/>\n\t<meta property=\"og:image:type\" content=\"image\/jpeg\" \/>\n<meta name=\"twitter:card\" content=\"summary_large_image\" \/>\n<meta name=\"twitter:label1\" content=\"\u01af\u1edbc t\u00ednh th\u1eddi gian \u0111\u1ecdc\" \/>\n\t<meta name=\"twitter:data1\" content=\"2 ph\u00fat\" \/>\n<script type=\"application\/ld+json\" class=\"yoast-schema-graph\">{\"@context\":\"https:\/\/schema.org\",\"@graph\":[{\"@type\":\"WebPage\",\"@id\":\"https:\/\/lydaily.vn\/jp\/san-pham\/nam-linh-chi-sung-huou-nhat-ban-deer-horn-reishi\/\",\"url\":\"https:\/\/lydaily.vn\/jp\/san-pham\/nam-linh-chi-sung-huou-nhat-ban-deer-horn-reishi\/\",\"name\":\"N\u1ea5m Linh Chi S\u1eebng H\u01b0\u01a1u Nh\u1eadt B\u1ea3n Deer Horn Reishi - Ly Daily\",\"isPartOf\":{\"@id\":\"https:\/\/lydaily.vn\/jp\/#website\"},\"primaryImageOfPage\":{\"@id\":\"https:\/\/lydaily.vn\/jp\/san-pham\/nam-linh-chi-sung-huou-nhat-ban-deer-horn-reishi\/#primaryimage\"},\"image\":{\"@id\":\"https:\/\/lydaily.vn\/jp\/san-pham\/nam-linh-chi-sung-huou-nhat-ban-deer-horn-reishi\/#primaryimage\"},\"thumbnailUrl\":\"https:\/\/lydaily.vn\/jp\/wp-content\/uploads\/2026\/02\/Nam-Linh-Chi-Sung-Huou-Nhat-Ban-Deer-Horn-Reishi.jpg\",\"datePublished\":\"2026-02-28T03:51:14+00:00\",\"dateModified\":\"2026-03-13T05:13:13+00:00\",\"breadcrumb\":{\"@id\":\"https:\/\/lydaily.vn\/jp\/san-pham\/nam-linh-chi-sung-huou-nhat-ban-deer-horn-reishi\/#breadcrumb\"},\"inLanguage\":\"vi\",\"potentialAction\":[{\"@type\":\"ReadAction\",\"target\":[\"https:\/\/lydaily.vn\/jp\/san-pham\/nam-linh-chi-sung-huou-nhat-ban-deer-horn-reishi\/\"]}]},{\"@type\":\"ImageObject\",\"inLanguage\":\"vi\",\"@id\":\"https:\/\/lydaily.vn\/jp\/san-pham\/nam-linh-chi-sung-huou-nhat-ban-deer-horn-reishi\/#primaryimage\",\"url\":\"https:\/\/lydaily.vn\/jp\/wp-content\/uploads\/2026\/02\/Nam-Linh-Chi-Sung-Huou-Nhat-Ban-Deer-Horn-Reishi.jpg\",\"contentUrl\":\"https:\/\/lydaily.vn\/jp\/wp-content\/uploads\/2026\/02\/Nam-Linh-Chi-Sung-Huou-Nhat-Ban-Deer-Horn-Reishi.jpg\",\"width\":555,\"height\":357},{\"@type\":\"BreadcrumbList\",\"@id\":\"https:\/\/lydaily.vn\/jp\/san-pham\/nam-linh-chi-sung-huou-nhat-ban-deer-horn-reishi\/#breadcrumb\",\"itemListElement\":[{\"@type\":\"ListItem\",\"position\":1,\"name\":\"Home\",\"item\":\"https:\/\/lydaily.vn\/jp\/\"},{\"@type\":\"ListItem\",\"position\":2,\"name\":\"S\u1ea3n ph\u1ea9m\",\"item\":\"https:\/\/lydaily.vn\/jp\/san-pham\/\"},{\"@type\":\"ListItem\",\"position\":3,\"name\":\"N\u1ea5m Linh Chi S\u1eebng H\u01b0\u01a1u Nh\u1eadt B\u1ea3n Deer Horn Reishi\"}]},{\"@type\":\"WebSite\",\"@id\":\"https:\/\/lydaily.vn\/jp\/#website\",\"url\":\"https:\/\/lydaily.vn\/jp\/\",\"name\":\"Ly Daily\",\"description\":\"Th\u1ef1c Ph\u1ea9m Ch\u1ee9c N\u0103ng &amp; M\u1ef9 Ph\u1ea9m t\u1ea1i Nh\u1eadt B\u1ea3n v\u00e0 Vi\u1ec7t Nam\",\"potentialAction\":[{\"@type\":\"SearchAction\",\"target\":{\"@type\":\"EntryPoint\",\"urlTemplate\":\"https:\/\/lydaily.vn\/jp\/?s={search_term_string}\"},\"query-input\":{\"@type\":\"PropertyValueSpecification\",\"valueRequired\":true,\"valueName\":\"search_term_string\"}}],\"inLanguage\":\"vi\"}]}<\/script>\n<!-- \/ Yoast SEO Premium plugin. -->","yoast_head_json":{"title":"N\u1ea5m Linh Chi S\u1eebng H\u01b0\u01a1u Nh\u1eadt B\u1ea3n Deer Horn Reishi - Ly Daily","robots":{"index":"index","follow":"follow","max-snippet":"max-snippet:-1","max-image-preview":"max-image-preview:large","max-video-preview":"max-video-preview:-1"},"canonical":"https:\/\/lydaily.vn\/jp\/san-pham\/nam-linh-chi-sung-huou-nhat-ban-deer-horn-reishi\/","og_locale":"vi_VN","og_type":"article","og_title":"N\u1ea5m Linh Chi S\u1eebng H\u01b0\u01a1u Nh\u1eadt B\u1ea3n Deer Horn Reishi","og_description":"Quy c\u00e1ch: 240 vi\u00ean\/ h\u1ed9p  HSX: Sea Bio  Xu\u1ea5t x\u1ee9: Nh\u1eadt B\u1ea3n","og_url":"https:\/\/lydaily.vn\/jp\/san-pham\/nam-linh-chi-sung-huou-nhat-ban-deer-horn-reishi\/","og_site_name":"Ly Daily","article_modified_time":"2026-03-13T05:13:13+00:00","og_image":[{"width":555,"height":357,"url":"https:\/\/lydaily.vn\/jp\/wp-content\/uploads\/2026\/02\/Nam-Linh-Chi-Sung-Huou-Nhat-Ban-Deer-Horn-Reishi.jpg","type":"image\/jpeg"}],"twitter_card":"summary_large_image","twitter_misc":{"\u01af\u1edbc t\u00ednh th\u1eddi gian \u0111\u1ecdc":"2 ph\u00fat"},"schema":{"@context":"https:\/\/schema.org","@graph":[{"@type":"WebPage","@id":"https:\/\/lydaily.vn\/jp\/san-pham\/nam-linh-chi-sung-huou-nhat-ban-deer-horn-reishi\/","url":"https:\/\/lydaily.vn\/jp\/san-pham\/nam-linh-chi-sung-huou-nhat-ban-deer-horn-reishi\/","name":"N\u1ea5m Linh Chi S\u1eebng H\u01b0\u01a1u Nh\u1eadt B\u1ea3n Deer Horn Reishi - Ly Daily","isPartOf":{"@id":"https:\/\/lydaily.vn\/jp\/#website"},"primaryImageOfPage":{"@id":"https:\/\/lydaily.vn\/jp\/san-pham\/nam-linh-chi-sung-huou-nhat-ban-deer-horn-reishi\/#primaryimage"},"image":{"@id":"https:\/\/lydaily.vn\/jp\/san-pham\/nam-linh-chi-sung-huou-nhat-ban-deer-horn-reishi\/#primaryimage"},"thumbnailUrl":"https:\/\/lydaily.vn\/jp\/wp-content\/uploads\/2026\/02\/Nam-Linh-Chi-Sung-Huou-Nhat-Ban-Deer-Horn-Reishi.jpg","datePublished":"2026-02-28T03:51:14+00:00","dateModified":"2026-03-13T05:13:13+00:00","breadcrumb":{"@id":"https:\/\/lydaily.vn\/jp\/san-pham\/nam-linh-chi-sung-huou-nhat-ban-deer-horn-reishi\/#breadcrumb"},"inLanguage":"vi","potentialAction":[{"@type":"ReadAction","target":["https:\/\/lydaily.vn\/jp\/san-pham\/nam-linh-chi-sung-huou-nhat-ban-deer-horn-reishi\/"]}]},{"@type":"ImageObject","inLanguage":"vi","@id":"https:\/\/lydaily.vn\/jp\/san-pham\/nam-linh-chi-sung-huou-nhat-ban-deer-horn-reishi\/#primaryimage","url":"https:\/\/lydaily.vn\/jp\/wp-content\/uploads\/2026\/02\/Nam-Linh-Chi-Sung-Huou-Nhat-Ban-Deer-Horn-Reishi.jpg","contentUrl":"https:\/\/lydaily.vn\/jp\/wp-content\/uploads\/2026\/02\/Nam-Linh-Chi-Sung-Huou-Nhat-Ban-Deer-Horn-Reishi.jpg","width":555,"height":357},{"@type":"BreadcrumbList","@id":"https:\/\/lydaily.vn\/jp\/san-pham\/nam-linh-chi-sung-huou-nhat-ban-deer-horn-reishi\/#breadcrumb","itemListElement":[{"@type":"ListItem","position":1,"name":"Home","item":"https:\/\/lydaily.vn\/jp\/"},{"@type":"ListItem","position":2,"name":"S\u1ea3n ph\u1ea9m","item":"https:\/\/lydaily.vn\/jp\/san-pham\/"},{"@type":"ListItem","position":3,"name":"N\u1ea5m Linh Chi S\u1eebng H\u01b0\u01a1u Nh\u1eadt B\u1ea3n Deer Horn Reishi"}]},{"@type":"WebSite","@id":"https:\/\/lydaily.vn\/jp\/#website","url":"https:\/\/lydaily.vn\/jp\/","name":"Ly Daily","description":"Th\u1ef1c Ph\u1ea9m Ch\u1ee9c N\u0103ng &amp; M\u1ef9 Ph\u1ea9m t\u1ea1i Nh\u1eadt B\u1ea3n v\u00e0 Vi\u1ec7t Nam","potentialAction":[{"@type":"SearchAction","target":{"@type":"EntryPoint","urlTemplate":"https:\/\/lydaily.vn\/jp\/?s={search_term_string}"},"query-input":{"@type":"PropertyValueSpecification","valueRequired":true,"valueName":"search_term_string"}}],"inLanguage":"vi"}]}},"_links":{"self":[{"href":"https:\/\/lydaily.vn\/jp\/wp-json\/wp\/v2\/product\/245","targetHints":{"allow":["GET"]}}],"collection":[{"href":"https:\/\/lydaily.vn\/jp\/wp-json\/wp\/v2\/product"}],"about":[{"href":"https:\/\/lydaily.vn\/jp\/wp-json\/wp\/v2\/types\/product"}],"replies":[{"embeddable":true,"href":"https:\/\/lydaily.vn\/jp\/wp-json\/wp\/v2\/comments?post=245"}],"wp:featuredmedia":[{"embeddable":true,"href":"https:\/\/lydaily.vn\/jp\/wp-json\/wp\/v2\/media\/246"}],"wp:attachment":[{"href":"https:\/\/lydaily.vn\/jp\/wp-json\/wp\/v2\/media?parent=245"}],"wp:term":[{"taxonomy":"product_brand","embeddable":true,"href":"https:\/\/lydaily.vn\/jp\/wp-json\/wp\/v2\/product_brand?post=245"},{"taxonomy":"product_cat","embeddable":true,"href":"https:\/\/lydaily.vn\/jp\/wp-json\/wp\/v2\/product_cat?post=245"},{"taxonomy":"product_tag","embeddable":true,"href":"https:\/\/lydaily.vn\/jp\/wp-json\/wp\/v2\/product_tag?post=245"}],"curies":[{"name":"wp","href":"https:\/\/api.w.org\/{rel}","templated":true}]}}