{"id":243,"date":"2026-02-28T03:48:49","date_gmt":"2026-02-28T03:48:49","guid":{"rendered":"https:\/\/lydaily.qweb.com.vn\/?post_type=product&#038;p=243"},"modified":"2026-03-13T05:12:35","modified_gmt":"2026-03-13T05:12:35","slug":"nuoc-uong-the-collagen-shiseido-nhat-ban-hop-10-lo-x-50ml","status":"publish","type":"product","link":"https:\/\/lydaily.vn\/jp\/san-pham\/nuoc-uong-the-collagen-shiseido-nhat-ban-hop-10-lo-x-50ml\/","title":{"rendered":"N\u01b0\u1edbc u\u1ed1ng The Collagen Shiseido Nh\u1eadt B\u1ea3n &#8211; h\u1ed9p 10 l\u1ecd x 50ml"},"content":{"rendered":"<p class=\"QN2lPu\">1. Th\u00f4ng tin chi ti\u1ebft v\u1ec1 n\u01b0\u1edbc u\u1ed1ng The Collagen Shiseido<\/p>\n<p class=\"QN2lPu\">&#8211; Th\u01b0\u01a1ng hi\u1ec7u: Shiseido<\/p>\n<p class=\"QN2lPu\">&#8211; Xu\u1ea5t x\u1ee9: Nh\u1eadt B\u1ea3n<\/p>\n<p class=\"QN2lPu\">&#8211; Quy c\u00e1ch \u0111\u00f3ng g\u00f3i: H\u1ed9p 10 chai d\u1ea1ng n\u01b0\u1edbc * 50ml<\/p>\n<p class=\"QN2lPu\">2 C\u00f4ng d\u1ee5ng c\u1ee7a n\u01b0\u1edbc u\u1ed1ng The Collagen Shiseido<\/p>\n<p class=\"QN2lPu\">&#8211; B\u1ed5 sung l\u01b0\u1ee3ng collagen c\u1ea7n thi\u1ebft cho c\u01a1 th\u1ec3, t\u1ea1o n\u00ean s\u1ef1 li\u00ean k\u1ebft gi\u1eefa c\u00e1c m\u00f4.<\/p>\n<p class=\"QN2lPu\">&#8211; L\u00e0m gi\u1ea3m c\u00e1c n\u1ebfp nh\u0103n tr\u00ean da, gi\u00fap b\u1ea1n c\u00f3 \u0111\u01b0\u1ee3c l\u00e0n da m\u1ecbn m\u00e0ng, t\u01b0\u01a1i tr\u1ebb.<\/p>\n<p class=\"QN2lPu\">&#8211; L\u00e0m l\u00e0nh s\u1eb9o v\u00e0 li\u1ec1n v\u1ebft th\u01b0\u01a1ng nhanh ch\u00f3ng.<\/p>\n<p class=\"QN2lPu\">&#8211; Collagen l\u00e0 h\u1ee3p ch\u1ea5t s\u1ea3n sinh ra m\u1ea1ch m\u00e1u<\/p>\n<p class=\"QN2lPu\">&#8211; Gi\u00fap ch\u0103m s\u00f3c m\u1eaft, ph\u00f2ng tr\u00e1nh b\u1ec7nh \u0111\u1ee5c th\u1ee7y tinh th\u1ebf.<\/p>\n<p class=\"QN2lPu\">&#8211; Ph\u00f2ng ng\u1eeba s\u1ef1 ph\u00e1t tri\u1ec3n c\u1ee7a c\u00e1c t\u1ebf b\u00e0o ung th\u01b0.<\/p>\n<p class=\"QN2lPu\">&#8211; C\u1ea3i thi\u1ec7n h\u1ec7 mi\u1ec5n d\u1ecbch, gi\u00fap c\u01a1 th\u1ec3 kh\u1ecfe m\u1ea1nh.<\/p>\n<p class=\"QN2lPu\">&#8211; B\u1ed5 sung d\u01b0\u1ee1ng ch\u1ea5t gi\u00fap l\u00e0m tr\u1eafng da, nu\u00f4i d\u01b0\u1ee1ng l\u00e0n da t\u1eeb b\u00ean trong.<\/p>\n<p class=\"QN2lPu\">&#8211; Collagen gi\u00fap x\u01b0\u01a1ng ch\u1eafc kh\u1ecfe h\u01a1n v\u00e0 ph\u00f2ng ch\u1ed1ng c\u00e1c b\u1ec7nh nh\u01b0 lo\u00e3ng x\u01b0\u01a1ng, x\u1ed1p x\u01b0\u01a1ng.<\/p>\n<p class=\"QN2lPu\">3. Th\u00e0nh ph\u1ea7n s\u1ea3n ph\u1ea9m<\/p>\n<p class=\"QN2lPu\">&#8211; Chi\u1ebft xu\u1ea5t h\u1ea1t d\u00e2u t\u00e2y: D\u01b0\u1ee1ng da v\u00e0 c\u1ea5p \u1ea9m tr\u00ean l\u1edbp bi\u1ec3u b\u00ec ngo\u00e0i<\/p>\n<p class=\"QN2lPu\">&#8211; Chi\u1ebft xu\u1ea5t t\u1eeb tr\u00e1i c\u00e2y Amla: Gi\u00fap \u0111\u00e0o th\u1ea3i \u0111\u1ed9c t\u1ed1, l\u00e0m s\u1ed1ng l\u1ea1i c\u1ea5u tr\u00fac da, gi\u00fap l\u00e0n da m\u1ecbn m\u00e0ng v\u00e0 d\u1ebbo dai h\u01a1n<\/p>\n<p class=\"QN2lPu\">&#8211; Chi\u1ebft xu\u1ea5t qu\u00fdt Satsuma: B\u1ea3o v\u1ec7 da kh\u1ecfi c\u00e1c t\u1ed5n th\u01b0\u01a1ng do tia UV g\u00e2y ra<\/p>\n<p class=\"QN2lPu\">&#8211; Ceramide: Th\u00fac \u0111\u1ea9y nhanh qu\u00e1 tr\u00ecnh ph\u1ee5c h\u1ed3i b\u1ecb l\u00e0n da t\u1ed5n th\u01b0\u01a1ng, gi\u00fap da kh\u1ecfe m\u1ea1nh.<\/p>\n<p class=\"QN2lPu\">&#8211; Vitamin B1: Ng\u0103n ch\u1eb7n s\u1eafc t\u1ed1 melanin l\u00e0m s\u1ea1m da v\u00e0 ch\u1ed1ng l\u00e3o h\u00f3a da h\u1eefu hi\u1ec7u<\/p>\n<p class=\"QN2lPu\">&#8211; Hyaluronic acid: D\u01b0\u1ee1ng \u1ea9m cho da, gi\u00fap da \u1ea9m m\u1ecbn v\u00e0 m\u1ec1m m\u1ea1i<\/p>\n<p class=\"QN2lPu\">&#8211; Vitamin C: Gi\u00fap l\u00e0m s\u00e1ng v\u00e0 \u0111\u1ec1u m\u00e0u da<\/p>\n<p class=\"QN2lPu\">4. H\u01b0\u1edbng d\u1eabn s\u1eed d\u1ee5ng<\/p>\n<p class=\"QN2lPu\">B\u1ea1n c\u00f3 th\u1ec3 u\u1ed1ng Collagen Shiseido b\u1ea5t k\u1ef3 l\u00fac n\u00e0o trong ng\u00e0y tr\u1eeb ngay sau khi \u0103n v\u00ec khi \u0111\u00f3, vi\u1ec7c h\u1ea5p th\u1ee5 collagen c\u1ee7a c\u01a1 th\u1ec3 k\u00e9m h\u01a1n. Tuy nhi\u00ean, ch\u1ecb em n\u00ean c\u00f3 l\u1ecbch u\u1ed1ng c\u1ed1 \u0111\u1ecbnh \u0111\u1ec3 c\u01a1 th\u1ec3 quen v\u1edbi vi\u1ec7c h\u1ea5p thu collagen.<\/p>\n<p class=\"QN2lPu\">&#8211; T\u1eeb 25 &#8211; 30 tu\u1ed5i: L\u01b0\u1ee3ng collagen trong c\u01a1 th\u1ec3 ch\u01b0a hao h\u1ee5t nhi\u1ec1u n\u00ean c\u00f3 th\u1ec3 s\u1eed d\u1ee5ng collagen li\u00ean t\u1ee5c trong 3 th\u00e1ng, ngh\u1ec9 1 th\u00e1ng r\u1ed3i m\u1edbi ti\u1ebfp t\u1ee5c s\u1eed d\u1ee5ng.<\/p>\n<p class=\"QN2lPu\">&#8211; T\u1eeb 30 &#8211; 40 tu\u1ed5i: L\u01b0\u1ee3ng collagen \u0111\u00e3 b\u1eaft \u0111\u1ea7u thi\u1ebfu h\u1ee5t nhi\u1ec1u h\u01a1n, do \u0111\u00f3 vi\u1ec7c b\u1ed5 sung collagen n\u00ean duy tr\u00ec trong 4 th\u00e1ng, ngh\u1ec9 1 th\u00e1ng v\u00e0 ti\u1ebfp t\u1ee5c v\u00e0o 4 th\u00e1ng ti\u1ebfp theo.<\/p>\n<p class=\"QN2lPu\">&#8211; Sau 40 tu\u1ed5i: C\u01a1 th\u1ec3 b\u1ecb thi\u1ebfu h\u1ee5t kho\u1ea3ng 30% l\u01b0\u1ee3ng collagen, vi\u1ec7c b\u1ed5 sung collagen d\u1ea1ng n\u01b0\u1edbc n\u00ean k\u00e9o d\u00e0i trong 6 th\u00e1ng, ngh\u1ec9 1 th\u00e1ng sau \u0111\u00f3 ti\u1ebfp t\u1ee5c s\u1eed d\u1ee5ng.<\/p>\n<p class=\"QN2lPu\">S\u1ea3n ph\u1ea9m n\u01b0\u1edbc u\u1ed1ng The Collagen Shiseido l\u00e0 TPCN, kh\u00f4ng ph\u1ea3i l\u00e0 thu\u1ed1c, kh\u00f4ng c\u00f3 t\u00e1c d\u1ee5ng thay th\u1ebf thu\u1ed1c ch\u1eefa b\u1ec7nh.<\/p>\n","protected":false},"excerpt":{"rendered":"<p class=\"QN2lPu\">&#8211; Th\u01b0\u01a1ng hi\u1ec7u: Shiseido<\/p>\n<p class=\"QN2lPu\">&#8211; Xu\u1ea5t x\u1ee9: Nh\u1eadt B\u1ea3n<\/p>\n<p class=\"QN2lPu\">&#8211; Quy c\u00e1ch \u0111\u00f3ng g\u00f3i: H\u1ed9p 10 chai d\u1ea1ng n\u01b0\u1edbc * 50ml<\/p>\n","protected":false},"featured_media":244,"comment_status":"open","ping_status":"closed","template":"","meta":[],"product_brand":[],"product_cat":[21],"product_tag":[],"class_list":{"0":"post-243","1":"product","2":"type-product","3":"status-publish","4":"has-post-thumbnail","6":"product_cat-thuc-pham-chuc-nang","8":"first","9":"instock","10":"shipping-taxable","11":"purchasable","12":"product-type-simple"},"yoast_head":"<!-- This site is optimized with the Yoast SEO Premium plugin v22.3 (Yoast SEO v27.1.1) - https:\/\/yoast.com\/product\/yoast-seo-premium-wordpress\/ -->\n<title>N\u01b0\u1edbc u\u1ed1ng The Collagen Shiseido Nh\u1eadt B\u1ea3n - h\u1ed9p 10 l\u1ecd x 50ml - Ly Daily<\/title>\n<meta name=\"robots\" content=\"index, follow, max-snippet:-1, max-image-preview:large, max-video-preview:-1\" \/>\n<link rel=\"canonical\" href=\"https:\/\/lydaily.vn\/jp\/san-pham\/nuoc-uong-the-collagen-shiseido-nhat-ban-hop-10-lo-x-50ml\/\" \/>\n<meta property=\"og:locale\" content=\"vi_VN\" \/>\n<meta property=\"og:type\" content=\"article\" \/>\n<meta property=\"og:title\" content=\"N\u01b0\u1edbc u\u1ed1ng The Collagen Shiseido Nh\u1eadt B\u1ea3n - h\u1ed9p 10 l\u1ecd x 50ml\" \/>\n<meta property=\"og:description\" content=\"- Th\u01b0\u01a1ng hi\u1ec7u: Shiseido - Xu\u1ea5t x\u1ee9: Nh\u1eadt B\u1ea3n - Quy c\u00e1ch \u0111\u00f3ng g\u00f3i: H\u1ed9p 10 chai d\u1ea1ng n\u01b0\u1edbc * 50ml\" \/>\n<meta property=\"og:url\" content=\"https:\/\/lydaily.vn\/jp\/san-pham\/nuoc-uong-the-collagen-shiseido-nhat-ban-hop-10-lo-x-50ml\/\" \/>\n<meta property=\"og:site_name\" content=\"Ly Daily\" \/>\n<meta property=\"article:modified_time\" content=\"2026-03-13T05:12:35+00:00\" \/>\n<meta property=\"og:image\" content=\"https:\/\/lydaily.vn\/jp\/wp-content\/uploads\/2026\/02\/Nuoc-uong-The-Collagen-Shiseido-Nhat-Ban-hop-10-lo-x-50ml.jpg\" \/>\n\t<meta property=\"og:image:width\" content=\"900\" \/>\n\t<meta property=\"og:image:height\" content=\"900\" \/>\n\t<meta property=\"og:image:type\" content=\"image\/jpeg\" \/>\n<meta name=\"twitter:card\" content=\"summary_large_image\" \/>\n<meta name=\"twitter:label1\" content=\"\u01af\u1edbc t\u00ednh th\u1eddi gian \u0111\u1ecdc\" \/>\n\t<meta name=\"twitter:data1\" content=\"3 ph\u00fat\" \/>\n<script type=\"application\/ld+json\" class=\"yoast-schema-graph\">{\"@context\":\"https:\/\/schema.org\",\"@graph\":[{\"@type\":\"WebPage\",\"@id\":\"https:\/\/lydaily.vn\/jp\/san-pham\/nuoc-uong-the-collagen-shiseido-nhat-ban-hop-10-lo-x-50ml\/\",\"url\":\"https:\/\/lydaily.vn\/jp\/san-pham\/nuoc-uong-the-collagen-shiseido-nhat-ban-hop-10-lo-x-50ml\/\",\"name\":\"N\u01b0\u1edbc u\u1ed1ng The Collagen Shiseido Nh\u1eadt B\u1ea3n - h\u1ed9p 10 l\u1ecd x 50ml - Ly Daily\",\"isPartOf\":{\"@id\":\"https:\/\/lydaily.vn\/jp\/#website\"},\"primaryImageOfPage\":{\"@id\":\"https:\/\/lydaily.vn\/jp\/san-pham\/nuoc-uong-the-collagen-shiseido-nhat-ban-hop-10-lo-x-50ml\/#primaryimage\"},\"image\":{\"@id\":\"https:\/\/lydaily.vn\/jp\/san-pham\/nuoc-uong-the-collagen-shiseido-nhat-ban-hop-10-lo-x-50ml\/#primaryimage\"},\"thumbnailUrl\":\"https:\/\/lydaily.vn\/jp\/wp-content\/uploads\/2026\/02\/Nuoc-uong-The-Collagen-Shiseido-Nhat-Ban-hop-10-lo-x-50ml.jpg\",\"datePublished\":\"2026-02-28T03:48:49+00:00\",\"dateModified\":\"2026-03-13T05:12:35+00:00\",\"breadcrumb\":{\"@id\":\"https:\/\/lydaily.vn\/jp\/san-pham\/nuoc-uong-the-collagen-shiseido-nhat-ban-hop-10-lo-x-50ml\/#breadcrumb\"},\"inLanguage\":\"vi\",\"potentialAction\":[{\"@type\":\"ReadAction\",\"target\":[\"https:\/\/lydaily.vn\/jp\/san-pham\/nuoc-uong-the-collagen-shiseido-nhat-ban-hop-10-lo-x-50ml\/\"]}]},{\"@type\":\"ImageObject\",\"inLanguage\":\"vi\",\"@id\":\"https:\/\/lydaily.vn\/jp\/san-pham\/nuoc-uong-the-collagen-shiseido-nhat-ban-hop-10-lo-x-50ml\/#primaryimage\",\"url\":\"https:\/\/lydaily.vn\/jp\/wp-content\/uploads\/2026\/02\/Nuoc-uong-The-Collagen-Shiseido-Nhat-Ban-hop-10-lo-x-50ml.jpg\",\"contentUrl\":\"https:\/\/lydaily.vn\/jp\/wp-content\/uploads\/2026\/02\/Nuoc-uong-The-Collagen-Shiseido-Nhat-Ban-hop-10-lo-x-50ml.jpg\",\"width\":900,\"height\":900},{\"@type\":\"BreadcrumbList\",\"@id\":\"https:\/\/lydaily.vn\/jp\/san-pham\/nuoc-uong-the-collagen-shiseido-nhat-ban-hop-10-lo-x-50ml\/#breadcrumb\",\"itemListElement\":[{\"@type\":\"ListItem\",\"position\":1,\"name\":\"Home\",\"item\":\"https:\/\/lydaily.vn\/jp\/\"},{\"@type\":\"ListItem\",\"position\":2,\"name\":\"S\u1ea3n ph\u1ea9m\",\"item\":\"https:\/\/lydaily.vn\/jp\/san-pham\/\"},{\"@type\":\"ListItem\",\"position\":3,\"name\":\"N\u01b0\u1edbc u\u1ed1ng The Collagen Shiseido Nh\u1eadt B\u1ea3n &#8211; h\u1ed9p 10 l\u1ecd x 50ml\"}]},{\"@type\":\"WebSite\",\"@id\":\"https:\/\/lydaily.vn\/jp\/#website\",\"url\":\"https:\/\/lydaily.vn\/jp\/\",\"name\":\"Ly Daily\",\"description\":\"Th\u1ef1c Ph\u1ea9m Ch\u1ee9c N\u0103ng &amp; M\u1ef9 Ph\u1ea9m t\u1ea1i Nh\u1eadt B\u1ea3n v\u00e0 Vi\u1ec7t Nam\",\"potentialAction\":[{\"@type\":\"SearchAction\",\"target\":{\"@type\":\"EntryPoint\",\"urlTemplate\":\"https:\/\/lydaily.vn\/jp\/?s={search_term_string}\"},\"query-input\":{\"@type\":\"PropertyValueSpecification\",\"valueRequired\":true,\"valueName\":\"search_term_string\"}}],\"inLanguage\":\"vi\"}]}<\/script>\n<!-- \/ Yoast SEO Premium plugin. -->","yoast_head_json":{"title":"N\u01b0\u1edbc u\u1ed1ng The Collagen Shiseido Nh\u1eadt B\u1ea3n - h\u1ed9p 10 l\u1ecd x 50ml - Ly Daily","robots":{"index":"index","follow":"follow","max-snippet":"max-snippet:-1","max-image-preview":"max-image-preview:large","max-video-preview":"max-video-preview:-1"},"canonical":"https:\/\/lydaily.vn\/jp\/san-pham\/nuoc-uong-the-collagen-shiseido-nhat-ban-hop-10-lo-x-50ml\/","og_locale":"vi_VN","og_type":"article","og_title":"N\u01b0\u1edbc u\u1ed1ng The Collagen Shiseido Nh\u1eadt B\u1ea3n - h\u1ed9p 10 l\u1ecd x 50ml","og_description":"- Th\u01b0\u01a1ng hi\u1ec7u: Shiseido - Xu\u1ea5t x\u1ee9: Nh\u1eadt B\u1ea3n - Quy c\u00e1ch \u0111\u00f3ng g\u00f3i: H\u1ed9p 10 chai d\u1ea1ng n\u01b0\u1edbc * 50ml","og_url":"https:\/\/lydaily.vn\/jp\/san-pham\/nuoc-uong-the-collagen-shiseido-nhat-ban-hop-10-lo-x-50ml\/","og_site_name":"Ly Daily","article_modified_time":"2026-03-13T05:12:35+00:00","og_image":[{"width":900,"height":900,"url":"https:\/\/lydaily.vn\/jp\/wp-content\/uploads\/2026\/02\/Nuoc-uong-The-Collagen-Shiseido-Nhat-Ban-hop-10-lo-x-50ml.jpg","type":"image\/jpeg"}],"twitter_card":"summary_large_image","twitter_misc":{"\u01af\u1edbc t\u00ednh th\u1eddi gian \u0111\u1ecdc":"3 ph\u00fat"},"schema":{"@context":"https:\/\/schema.org","@graph":[{"@type":"WebPage","@id":"https:\/\/lydaily.vn\/jp\/san-pham\/nuoc-uong-the-collagen-shiseido-nhat-ban-hop-10-lo-x-50ml\/","url":"https:\/\/lydaily.vn\/jp\/san-pham\/nuoc-uong-the-collagen-shiseido-nhat-ban-hop-10-lo-x-50ml\/","name":"N\u01b0\u1edbc u\u1ed1ng The Collagen Shiseido Nh\u1eadt B\u1ea3n - h\u1ed9p 10 l\u1ecd x 50ml - Ly Daily","isPartOf":{"@id":"https:\/\/lydaily.vn\/jp\/#website"},"primaryImageOfPage":{"@id":"https:\/\/lydaily.vn\/jp\/san-pham\/nuoc-uong-the-collagen-shiseido-nhat-ban-hop-10-lo-x-50ml\/#primaryimage"},"image":{"@id":"https:\/\/lydaily.vn\/jp\/san-pham\/nuoc-uong-the-collagen-shiseido-nhat-ban-hop-10-lo-x-50ml\/#primaryimage"},"thumbnailUrl":"https:\/\/lydaily.vn\/jp\/wp-content\/uploads\/2026\/02\/Nuoc-uong-The-Collagen-Shiseido-Nhat-Ban-hop-10-lo-x-50ml.jpg","datePublished":"2026-02-28T03:48:49+00:00","dateModified":"2026-03-13T05:12:35+00:00","breadcrumb":{"@id":"https:\/\/lydaily.vn\/jp\/san-pham\/nuoc-uong-the-collagen-shiseido-nhat-ban-hop-10-lo-x-50ml\/#breadcrumb"},"inLanguage":"vi","potentialAction":[{"@type":"ReadAction","target":["https:\/\/lydaily.vn\/jp\/san-pham\/nuoc-uong-the-collagen-shiseido-nhat-ban-hop-10-lo-x-50ml\/"]}]},{"@type":"ImageObject","inLanguage":"vi","@id":"https:\/\/lydaily.vn\/jp\/san-pham\/nuoc-uong-the-collagen-shiseido-nhat-ban-hop-10-lo-x-50ml\/#primaryimage","url":"https:\/\/lydaily.vn\/jp\/wp-content\/uploads\/2026\/02\/Nuoc-uong-The-Collagen-Shiseido-Nhat-Ban-hop-10-lo-x-50ml.jpg","contentUrl":"https:\/\/lydaily.vn\/jp\/wp-content\/uploads\/2026\/02\/Nuoc-uong-The-Collagen-Shiseido-Nhat-Ban-hop-10-lo-x-50ml.jpg","width":900,"height":900},{"@type":"BreadcrumbList","@id":"https:\/\/lydaily.vn\/jp\/san-pham\/nuoc-uong-the-collagen-shiseido-nhat-ban-hop-10-lo-x-50ml\/#breadcrumb","itemListElement":[{"@type":"ListItem","position":1,"name":"Home","item":"https:\/\/lydaily.vn\/jp\/"},{"@type":"ListItem","position":2,"name":"S\u1ea3n ph\u1ea9m","item":"https:\/\/lydaily.vn\/jp\/san-pham\/"},{"@type":"ListItem","position":3,"name":"N\u01b0\u1edbc u\u1ed1ng The Collagen Shiseido Nh\u1eadt B\u1ea3n &#8211; h\u1ed9p 10 l\u1ecd x 50ml"}]},{"@type":"WebSite","@id":"https:\/\/lydaily.vn\/jp\/#website","url":"https:\/\/lydaily.vn\/jp\/","name":"Ly Daily","description":"Th\u1ef1c Ph\u1ea9m Ch\u1ee9c N\u0103ng &amp; M\u1ef9 Ph\u1ea9m t\u1ea1i Nh\u1eadt B\u1ea3n v\u00e0 Vi\u1ec7t Nam","potentialAction":[{"@type":"SearchAction","target":{"@type":"EntryPoint","urlTemplate":"https:\/\/lydaily.vn\/jp\/?s={search_term_string}"},"query-input":{"@type":"PropertyValueSpecification","valueRequired":true,"valueName":"search_term_string"}}],"inLanguage":"vi"}]}},"_links":{"self":[{"href":"https:\/\/lydaily.vn\/jp\/wp-json\/wp\/v2\/product\/243","targetHints":{"allow":["GET"]}}],"collection":[{"href":"https:\/\/lydaily.vn\/jp\/wp-json\/wp\/v2\/product"}],"about":[{"href":"https:\/\/lydaily.vn\/jp\/wp-json\/wp\/v2\/types\/product"}],"replies":[{"embeddable":true,"href":"https:\/\/lydaily.vn\/jp\/wp-json\/wp\/v2\/comments?post=243"}],"wp:featuredmedia":[{"embeddable":true,"href":"https:\/\/lydaily.vn\/jp\/wp-json\/wp\/v2\/media\/244"}],"wp:attachment":[{"href":"https:\/\/lydaily.vn\/jp\/wp-json\/wp\/v2\/media?parent=243"}],"wp:term":[{"taxonomy":"product_brand","embeddable":true,"href":"https:\/\/lydaily.vn\/jp\/wp-json\/wp\/v2\/product_brand?post=243"},{"taxonomy":"product_cat","embeddable":true,"href":"https:\/\/lydaily.vn\/jp\/wp-json\/wp\/v2\/product_cat?post=243"},{"taxonomy":"product_tag","embeddable":true,"href":"https:\/\/lydaily.vn\/jp\/wp-json\/wp\/v2\/product_tag?post=243"}],"curies":[{"name":"wp","href":"https:\/\/api.w.org\/{rel}","templated":true}]}}