{"id":241,"date":"2026-02-28T03:44:24","date_gmt":"2026-02-28T03:44:24","guid":{"rendered":"https:\/\/lydaily.qweb.com.vn\/?post_type=product&#038;p=241"},"modified":"2026-03-13T05:12:00","modified_gmt":"2026-03-13T05:12:00","slug":"ky-tu-ngot-tu-nhien-de-dung-moi-ngay","status":"publish","type":"product","link":"https:\/\/lydaily.vn\/jp\/san-pham\/ky-tu-ngot-tu-nhien-de-dung-moi-ngay\/","title":{"rendered":"K\u1ef6 T\u1eec \u2013 NG\u1eccT T\u1ef0 NHI\u00caN, D\u1ec4 D\u00d9NG M\u1ed6I NG\u00c0Y"},"content":{"rendered":"<p class=\"QN2lPu\">\u00a0L\u1ee3i \u00edch khi s\u1eed d\u1ee5ng k\u1ef7 t\u1eed th\u01b0\u1eddng xuy\u00ean<\/p>\n<p class=\"QN2lPu\">\u2013 \u0110\u01b0\u1ee3c nhi\u1ec1u ng\u01b0\u1eddi ch\u1ecdn d\u00f9ng m\u1ed7i s\u00e1ng nh\u01b0 m\u1ed9t th\u00f3i quen t\u1ed1t cho c\u01a1 th\u1ec3<\/p>\n<p class=\"QN2lPu\">\u2013 Ph\u00f9 h\u1ee3p v\u1edbi ng\u01b0\u1eddi th\u01b0\u1eddng xuy\u00ean c\u1ea3m th\u1ea5y m\u1ec7t m\u1ecfi, thi\u1ebfu n\u0103ng l\u01b0\u1ee3ng<\/p>\n<p class=\"QN2lPu\">\u2013 D\u00f9ng trong m\u00f3n \u0103n h\u00e0ng ng\u00e0y \u0111\u1ec3 t\u0103ng \u0111\u1ed9 ng\u1ecdt t\u1ef1 nhi\u00ean, b\u1ed5 sung ch\u1ea5t x\u01a1 v\u00e0 h\u01b0\u01a1ng v\u1ecb nh\u1eb9 nh\u00e0ng<\/p>\n<p class=\"QN2lPu\">\u2013 Th\u01b0\u1eddng xu\u1ea5t hi\u1ec7n trong c\u00e1c c\u00f4ng th\u1ee9c n\u01b0\u1edbc h\u1ea7m, tr\u00e0 d\u01b0\u1ee1ng sinh, ch\u00e8 th\u1ea3o m\u1ed9c ho\u1eb7c ng\u0169 v\u1ecb<\/p>\n<p class=\"QN2lPu\">\u2013 \u0110\u01b0\u1ee3c \u01b0a chu\u1ed9ng b\u1edfi ng\u01b0\u1eddi \u0103n chay, ng\u01b0\u1eddi trung ni\u00ean, ng\u01b0\u1eddi quan t\u00e2m \u0111\u1ebfn s\u1ee9c kh\u1ecfe t\u1ed5ng th\u1ec3<\/p>\n<p class=\"QN2lPu\">\u00a0C\u00e1ch d\u00f9ng ph\u1ed5 bi\u1ebfn:<\/p>\n<p class=\"QN2lPu\">\u2022 Ng\u00e2m \u0103n tr\u1ef1c ti\u1ebfp (1 n\u1eafm nh\u1ecf 5\u201310g\/ng\u00e0y)<\/p>\n<p class=\"QN2lPu\">\u2022 N\u1ea5u n\u01b0\u1edbc u\u1ed1ng c\u00f9ng t\u00e1o \u0111\u1ecf, long nh\u00e3n, k\u1ef7 t\u1eed, h\u1ea1t chia\u2026<\/p>\n<p class=\"QN2lPu\">\u2022 H\u1ea7m canh\/s\u00fap c\u00f9ng x\u01b0\u01a1ng, g\u00e0, c\u1ee7 qu\u1ea3<\/p>\n<p class=\"QN2lPu\">\u2022 Cho v\u00e0o tr\u00e0 d\u01b0\u1ee1ng sinh, n\u1ea5u ch\u00e8 th\u1ea3o m\u1ed9c ho\u1eb7c h\u00e3m v\u1edbi n\u01b0\u1edbc n\u00f3ng nh\u01b0 tr\u00e0<\/p>\n<p class=\"QN2lPu\">\u2022 D\u00f9ng l\u00e0m topping cho y\u1ebfn m\u1ea1ch, s\u1eefa h\u1ea1t, ch\u00e1o bu\u1ed5i s\u00e1ng<\/p>\n","protected":false},"excerpt":{"rendered":"<ul>\n<li class=\"QN2lPu\">H\u01b0\u01a1ng v\u1ecb \u0111\u1eb7c tr\u01b0ng: ng\u1ecdt thanh, th\u01a1m nh\u1eb9, kh\u00f4ng g\u1eaft nh\u01b0 lo\u1ea1i th\u01b0\u1eddng.<\/li>\n<li class=\"QN2lPu\">Khi ng\u00e2m ho\u1eb7c n\u1ea5u n\u01b0\u1edbc, qu\u1ea3 m\u1ec1m nhanh, ng\u1ea5m v\u1ecb t\u1ed1t, ph\u00f9 h\u1ee3p k\u1ebft h\u1ee3p trong nhi\u1ec1u m\u00f3n \u0103n v\u00e0 th\u1ee9c u\u1ed1ng.<\/li>\n<\/ul>\n","protected":false},"featured_media":242,"comment_status":"open","ping_status":"closed","template":"","meta":[],"product_brand":[],"product_cat":[21],"product_tag":[],"class_list":{"0":"post-241","1":"product","2":"type-product","3":"status-publish","4":"has-post-thumbnail","6":"product_cat-thuc-pham-chuc-nang","8":"first","9":"instock","10":"shipping-taxable","11":"purchasable","12":"product-type-simple"},"yoast_head":"<!-- This site is optimized with the Yoast SEO Premium plugin v22.3 (Yoast SEO v27.1.1) - https:\/\/yoast.com\/product\/yoast-seo-premium-wordpress\/ -->\n<title>K\u1ef6 T\u1eec \u2013 NG\u1eccT T\u1ef0 NHI\u00caN, D\u1ec4 D\u00d9NG M\u1ed6I NG\u00c0Y - Ly Daily<\/title>\n<meta name=\"robots\" content=\"index, follow, max-snippet:-1, max-image-preview:large, max-video-preview:-1\" \/>\n<link rel=\"canonical\" href=\"https:\/\/lydaily.vn\/jp\/san-pham\/ky-tu-ngot-tu-nhien-de-dung-moi-ngay\/\" \/>\n<meta property=\"og:locale\" content=\"vi_VN\" \/>\n<meta property=\"og:type\" content=\"article\" \/>\n<meta property=\"og:title\" content=\"K\u1ef6 T\u1eec \u2013 NG\u1eccT T\u1ef0 NHI\u00caN, D\u1ec4 D\u00d9NG M\u1ed6I NG\u00c0Y\" \/>\n<meta property=\"og:description\" content=\"H\u01b0\u01a1ng v\u1ecb \u0111\u1eb7c tr\u01b0ng: ng\u1ecdt thanh, th\u01a1m nh\u1eb9, kh\u00f4ng g\u1eaft nh\u01b0 lo\u1ea1i th\u01b0\u1eddng.  Khi ng\u00e2m ho\u1eb7c n\u1ea5u n\u01b0\u1edbc, qu\u1ea3 m\u1ec1m nhanh, ng\u1ea5m v\u1ecb t\u1ed1t, ph\u00f9 h\u1ee3p k\u1ebft h\u1ee3p trong nhi\u1ec1u m\u00f3n \u0103n v\u00e0 th\u1ee9c u\u1ed1ng.\" \/>\n<meta property=\"og:url\" content=\"https:\/\/lydaily.vn\/jp\/san-pham\/ky-tu-ngot-tu-nhien-de-dung-moi-ngay\/\" \/>\n<meta property=\"og:site_name\" content=\"Ly Daily\" \/>\n<meta property=\"article:modified_time\" content=\"2026-03-13T05:12:00+00:00\" \/>\n<meta property=\"og:image\" content=\"https:\/\/lydaily.vn\/jp\/wp-content\/uploads\/2026\/02\/\ud83c\udf3f-KY-TU-\u2013-NGOT-TU-NHIEN-DE-DUNG-MOI-NGAY.jpg\" \/>\n\t<meta property=\"og:image:width\" content=\"1024\" \/>\n\t<meta property=\"og:image:height\" content=\"1024\" \/>\n\t<meta property=\"og:image:type\" content=\"image\/jpeg\" \/>\n<meta name=\"twitter:card\" content=\"summary_large_image\" \/>\n<meta name=\"twitter:label1\" content=\"\u01af\u1edbc t\u00ednh th\u1eddi gian \u0111\u1ecdc\" \/>\n\t<meta name=\"twitter:data1\" content=\"2 ph\u00fat\" \/>\n<script type=\"application\/ld+json\" class=\"yoast-schema-graph\">{\"@context\":\"https:\/\/schema.org\",\"@graph\":[{\"@type\":\"WebPage\",\"@id\":\"https:\/\/lydaily.vn\/jp\/san-pham\/ky-tu-ngot-tu-nhien-de-dung-moi-ngay\/\",\"url\":\"https:\/\/lydaily.vn\/jp\/san-pham\/ky-tu-ngot-tu-nhien-de-dung-moi-ngay\/\",\"name\":\"K\u1ef6 T\u1eec \u2013 NG\u1eccT T\u1ef0 NHI\u00caN, D\u1ec4 D\u00d9NG M\u1ed6I NG\u00c0Y - Ly Daily\",\"isPartOf\":{\"@id\":\"https:\/\/lydaily.vn\/jp\/#website\"},\"primaryImageOfPage\":{\"@id\":\"https:\/\/lydaily.vn\/jp\/san-pham\/ky-tu-ngot-tu-nhien-de-dung-moi-ngay\/#primaryimage\"},\"image\":{\"@id\":\"https:\/\/lydaily.vn\/jp\/san-pham\/ky-tu-ngot-tu-nhien-de-dung-moi-ngay\/#primaryimage\"},\"thumbnailUrl\":\"https:\/\/lydaily.vn\/jp\/wp-content\/uploads\/2026\/02\/\ud83c\udf3f-KY-TU-\u2013-NGOT-TU-NHIEN-DE-DUNG-MOI-NGAY.jpg\",\"datePublished\":\"2026-02-28T03:44:24+00:00\",\"dateModified\":\"2026-03-13T05:12:00+00:00\",\"breadcrumb\":{\"@id\":\"https:\/\/lydaily.vn\/jp\/san-pham\/ky-tu-ngot-tu-nhien-de-dung-moi-ngay\/#breadcrumb\"},\"inLanguage\":\"vi\",\"potentialAction\":[{\"@type\":\"ReadAction\",\"target\":[\"https:\/\/lydaily.vn\/jp\/san-pham\/ky-tu-ngot-tu-nhien-de-dung-moi-ngay\/\"]}]},{\"@type\":\"ImageObject\",\"inLanguage\":\"vi\",\"@id\":\"https:\/\/lydaily.vn\/jp\/san-pham\/ky-tu-ngot-tu-nhien-de-dung-moi-ngay\/#primaryimage\",\"url\":\"https:\/\/lydaily.vn\/jp\/wp-content\/uploads\/2026\/02\/\ud83c\udf3f-KY-TU-\u2013-NGOT-TU-NHIEN-DE-DUNG-MOI-NGAY.jpg\",\"contentUrl\":\"https:\/\/lydaily.vn\/jp\/wp-content\/uploads\/2026\/02\/\ud83c\udf3f-KY-TU-\u2013-NGOT-TU-NHIEN-DE-DUNG-MOI-NGAY.jpg\",\"width\":1024,\"height\":1024},{\"@type\":\"BreadcrumbList\",\"@id\":\"https:\/\/lydaily.vn\/jp\/san-pham\/ky-tu-ngot-tu-nhien-de-dung-moi-ngay\/#breadcrumb\",\"itemListElement\":[{\"@type\":\"ListItem\",\"position\":1,\"name\":\"Home\",\"item\":\"https:\/\/lydaily.vn\/jp\/\"},{\"@type\":\"ListItem\",\"position\":2,\"name\":\"S\u1ea3n ph\u1ea9m\",\"item\":\"https:\/\/lydaily.vn\/jp\/san-pham\/\"},{\"@type\":\"ListItem\",\"position\":3,\"name\":\"K\u1ef6 T\u1eec \u2013 NG\u1eccT T\u1ef0 NHI\u00caN, D\u1ec4 D\u00d9NG M\u1ed6I NG\u00c0Y\"}]},{\"@type\":\"WebSite\",\"@id\":\"https:\/\/lydaily.vn\/jp\/#website\",\"url\":\"https:\/\/lydaily.vn\/jp\/\",\"name\":\"Ly Daily\",\"description\":\"Th\u1ef1c Ph\u1ea9m Ch\u1ee9c N\u0103ng &amp; M\u1ef9 Ph\u1ea9m t\u1ea1i Nh\u1eadt B\u1ea3n v\u00e0 Vi\u1ec7t Nam\",\"potentialAction\":[{\"@type\":\"SearchAction\",\"target\":{\"@type\":\"EntryPoint\",\"urlTemplate\":\"https:\/\/lydaily.vn\/jp\/?s={search_term_string}\"},\"query-input\":{\"@type\":\"PropertyValueSpecification\",\"valueRequired\":true,\"valueName\":\"search_term_string\"}}],\"inLanguage\":\"vi\"}]}<\/script>\n<!-- \/ Yoast SEO Premium plugin. -->","yoast_head_json":{"title":"K\u1ef6 T\u1eec \u2013 NG\u1eccT T\u1ef0 NHI\u00caN, D\u1ec4 D\u00d9NG M\u1ed6I NG\u00c0Y - Ly Daily","robots":{"index":"index","follow":"follow","max-snippet":"max-snippet:-1","max-image-preview":"max-image-preview:large","max-video-preview":"max-video-preview:-1"},"canonical":"https:\/\/lydaily.vn\/jp\/san-pham\/ky-tu-ngot-tu-nhien-de-dung-moi-ngay\/","og_locale":"vi_VN","og_type":"article","og_title":"K\u1ef6 T\u1eec \u2013 NG\u1eccT T\u1ef0 NHI\u00caN, D\u1ec4 D\u00d9NG M\u1ed6I NG\u00c0Y","og_description":"H\u01b0\u01a1ng v\u1ecb \u0111\u1eb7c tr\u01b0ng: ng\u1ecdt thanh, th\u01a1m nh\u1eb9, kh\u00f4ng g\u1eaft nh\u01b0 lo\u1ea1i th\u01b0\u1eddng.  Khi ng\u00e2m ho\u1eb7c n\u1ea5u n\u01b0\u1edbc, qu\u1ea3 m\u1ec1m nhanh, ng\u1ea5m v\u1ecb t\u1ed1t, ph\u00f9 h\u1ee3p k\u1ebft h\u1ee3p trong nhi\u1ec1u m\u00f3n \u0103n v\u00e0 th\u1ee9c u\u1ed1ng.","og_url":"https:\/\/lydaily.vn\/jp\/san-pham\/ky-tu-ngot-tu-nhien-de-dung-moi-ngay\/","og_site_name":"Ly Daily","article_modified_time":"2026-03-13T05:12:00+00:00","og_image":[{"width":1024,"height":1024,"url":"https:\/\/lydaily.vn\/jp\/wp-content\/uploads\/2026\/02\/\ud83c\udf3f-KY-TU-\u2013-NGOT-TU-NHIEN-DE-DUNG-MOI-NGAY.jpg","type":"image\/jpeg"}],"twitter_card":"summary_large_image","twitter_misc":{"\u01af\u1edbc t\u00ednh th\u1eddi gian \u0111\u1ecdc":"2 ph\u00fat"},"schema":{"@context":"https:\/\/schema.org","@graph":[{"@type":"WebPage","@id":"https:\/\/lydaily.vn\/jp\/san-pham\/ky-tu-ngot-tu-nhien-de-dung-moi-ngay\/","url":"https:\/\/lydaily.vn\/jp\/san-pham\/ky-tu-ngot-tu-nhien-de-dung-moi-ngay\/","name":"K\u1ef6 T\u1eec \u2013 NG\u1eccT T\u1ef0 NHI\u00caN, D\u1ec4 D\u00d9NG M\u1ed6I NG\u00c0Y - Ly Daily","isPartOf":{"@id":"https:\/\/lydaily.vn\/jp\/#website"},"primaryImageOfPage":{"@id":"https:\/\/lydaily.vn\/jp\/san-pham\/ky-tu-ngot-tu-nhien-de-dung-moi-ngay\/#primaryimage"},"image":{"@id":"https:\/\/lydaily.vn\/jp\/san-pham\/ky-tu-ngot-tu-nhien-de-dung-moi-ngay\/#primaryimage"},"thumbnailUrl":"https:\/\/lydaily.vn\/jp\/wp-content\/uploads\/2026\/02\/\ud83c\udf3f-KY-TU-\u2013-NGOT-TU-NHIEN-DE-DUNG-MOI-NGAY.jpg","datePublished":"2026-02-28T03:44:24+00:00","dateModified":"2026-03-13T05:12:00+00:00","breadcrumb":{"@id":"https:\/\/lydaily.vn\/jp\/san-pham\/ky-tu-ngot-tu-nhien-de-dung-moi-ngay\/#breadcrumb"},"inLanguage":"vi","potentialAction":[{"@type":"ReadAction","target":["https:\/\/lydaily.vn\/jp\/san-pham\/ky-tu-ngot-tu-nhien-de-dung-moi-ngay\/"]}]},{"@type":"ImageObject","inLanguage":"vi","@id":"https:\/\/lydaily.vn\/jp\/san-pham\/ky-tu-ngot-tu-nhien-de-dung-moi-ngay\/#primaryimage","url":"https:\/\/lydaily.vn\/jp\/wp-content\/uploads\/2026\/02\/\ud83c\udf3f-KY-TU-\u2013-NGOT-TU-NHIEN-DE-DUNG-MOI-NGAY.jpg","contentUrl":"https:\/\/lydaily.vn\/jp\/wp-content\/uploads\/2026\/02\/\ud83c\udf3f-KY-TU-\u2013-NGOT-TU-NHIEN-DE-DUNG-MOI-NGAY.jpg","width":1024,"height":1024},{"@type":"BreadcrumbList","@id":"https:\/\/lydaily.vn\/jp\/san-pham\/ky-tu-ngot-tu-nhien-de-dung-moi-ngay\/#breadcrumb","itemListElement":[{"@type":"ListItem","position":1,"name":"Home","item":"https:\/\/lydaily.vn\/jp\/"},{"@type":"ListItem","position":2,"name":"S\u1ea3n ph\u1ea9m","item":"https:\/\/lydaily.vn\/jp\/san-pham\/"},{"@type":"ListItem","position":3,"name":"K\u1ef6 T\u1eec \u2013 NG\u1eccT T\u1ef0 NHI\u00caN, D\u1ec4 D\u00d9NG M\u1ed6I NG\u00c0Y"}]},{"@type":"WebSite","@id":"https:\/\/lydaily.vn\/jp\/#website","url":"https:\/\/lydaily.vn\/jp\/","name":"Ly Daily","description":"Th\u1ef1c Ph\u1ea9m Ch\u1ee9c N\u0103ng &amp; M\u1ef9 Ph\u1ea9m t\u1ea1i Nh\u1eadt B\u1ea3n v\u00e0 Vi\u1ec7t Nam","potentialAction":[{"@type":"SearchAction","target":{"@type":"EntryPoint","urlTemplate":"https:\/\/lydaily.vn\/jp\/?s={search_term_string}"},"query-input":{"@type":"PropertyValueSpecification","valueRequired":true,"valueName":"search_term_string"}}],"inLanguage":"vi"}]}},"_links":{"self":[{"href":"https:\/\/lydaily.vn\/jp\/wp-json\/wp\/v2\/product\/241","targetHints":{"allow":["GET"]}}],"collection":[{"href":"https:\/\/lydaily.vn\/jp\/wp-json\/wp\/v2\/product"}],"about":[{"href":"https:\/\/lydaily.vn\/jp\/wp-json\/wp\/v2\/types\/product"}],"replies":[{"embeddable":true,"href":"https:\/\/lydaily.vn\/jp\/wp-json\/wp\/v2\/comments?post=241"}],"wp:featuredmedia":[{"embeddable":true,"href":"https:\/\/lydaily.vn\/jp\/wp-json\/wp\/v2\/media\/242"}],"wp:attachment":[{"href":"https:\/\/lydaily.vn\/jp\/wp-json\/wp\/v2\/media?parent=241"}],"wp:term":[{"taxonomy":"product_brand","embeddable":true,"href":"https:\/\/lydaily.vn\/jp\/wp-json\/wp\/v2\/product_brand?post=241"},{"taxonomy":"product_cat","embeddable":true,"href":"https:\/\/lydaily.vn\/jp\/wp-json\/wp\/v2\/product_cat?post=241"},{"taxonomy":"product_tag","embeddable":true,"href":"https:\/\/lydaily.vn\/jp\/wp-json\/wp\/v2\/product_tag?post=241"}],"curies":[{"name":"wp","href":"https:\/\/api.w.org\/{rel}","templated":true}]}}