{"id":237,"date":"2026-02-28T03:41:00","date_gmt":"2026-02-28T03:41:00","guid":{"rendered":"https:\/\/lydaily.qweb.com.vn\/?post_type=product&#038;p=237"},"modified":"2026-03-13T05:11:28","modified_gmt":"2026-03-13T05:11:28","slug":"tinh-chat-hau-toi-nghe-tang-cuong-sinh-ly-nam-gioi-orihiro-nhat-ban-180-vien","status":"publish","type":"product","link":"https:\/\/lydaily.vn\/jp\/san-pham\/tinh-chat-hau-toi-nghe-tang-cuong-sinh-ly-nam-gioi-orihiro-nhat-ban-180-vien\/","title":{"rendered":"Tinh ch\u1ea5t h\u00e0u, t\u1ecfi, ngh\u1ec7 t\u0103ng c\u01b0\u1eddng sinh l\u00fd nam gi\u1edbi Orihiro Nh\u1eadt B\u1ea3n 180 vi\u00ean"},"content":{"rendered":"<h2><b>C\u00f4ng d\u1ee5ng tinh ch\u1ea5t h\u00e0u bi\u1ec3n, t\u1ecfi v\u00e0 ngh\u1ec7 c\u1ee7a Orihiro n\u1ed9i \u0111\u1ecba Nh\u1eadt B\u1ea3n 180 vi\u00ean<\/b><\/h2>\n<p><b class=\"alignnone\">\u2713\u00a0<\/b>T\u0103ng c\u01b0\u1eddng ch\u1ee9c n\u0103ng ho\u1ea1t \u0111\u1ed9ng c\u1ee7a gan.<\/p>\n<p><b>\u2713\u00a0<\/b>Ph\u1ee5c h\u1ed3i v\u00e0 b\u1ea3o v\u1ec7 gan kh\u1ecfi s\u1ef1 ph\u00e1 h\u1ee7y c\u1ee7a bia r.\u01b0.\u1ee3.u.<\/p>\n<p><b>\u2713\u00a0<\/b>Th\u1ea3i \u0111\u1ed9 t\u1ed1 cho gan, lo\u1ea1i tr\u1eeb ra kh\u1ecfi c\u01a1 th\u1ec3 c\u00e1c nguy\u00ean t\u1ed1 kim lo\u1ea1i n\u1eb7ng.<\/p>\n<p><b>\u2713\u00a0<\/b>M\u00e1t gan, b\u1ed5 th\u1eadn, tr\u00e1ng d\u01b0\u01a1ng, b\u1ed5 tinh, t\u01b0 \u00e2m d\u01b0\u1ee1ng huy\u1ebft.<\/p>\n<p><b>\u2713\u00a0<\/b>T\u0103ng c\u01b0\u1eddng h\u1ec7 mi\u1ec5n d\u1ecbch, gi\u00fap gi\u1ea3m c\u1ea3m gi\u00e1c c\u0103ng th\u1eb3ng, h\u1ed3i h\u1ed9p, kh\u00f3 th\u1edf.<\/p>\n<p><b>\u2713\u00a0<\/b>\u1ed4n \u0111\u1ecbnh huy\u1ebft \u00e1p, l\u00e0m gi\u1ea3m c\u00e1c ch\u1ee9ng \u0111au s\u01b0ng.<\/p>\n<p><b>\u2713\u00a0<\/b>T\u0103ng c\u01b0\u1eddng s\u1ee9c kho\u1ebb sinh l\u00fd nam gi\u1edbi, n\u00e2ng cao \u0111\u1eddi s\u1ed1ng v\u1ee3 ch\u1ed3ng.<\/p>\n<p><b>\u2713\u00a0<\/b>T\u1ea1o ra tinh d\u1ecbch v\u00e0 tinh tr\u00f9ng kho\u1ebb m\u1ea1nh, ch\u1ea5t l\u01b0\u1ee3ng, gi\u1ea3m t\u1ec9 l\u1ec7 v\u00f4 sinh \u1edf nam gi\u1edbi.<\/p>\n<p><b>\u2713\u00a0<\/b>C\u1ea3i thi\u1ec7n t\u00ecnh tr\u1ea1ng y\u1ebfu sinh l\u00fd, di m\u1ed9ng tinh, li\u1ec7t d\u01b0\u01a1ng, hi\u1ebfm mu\u1ed9n\u2026 cho \u0111\u00e0n \u00f4ng.<\/p>\n<p><b>\u2713\u00a0<\/b>H\u1ed7 tr\u1ee3 c\u1ea3i thi\u1ec7n ch\u1ee9ng m\u1ea5t ng\u1ee7, ch\u00f3ng m\u1eb7t, hoa m\u1eaft, thi\u1ebfu m\u00e1u\u2026<\/p>\n<p><b>\u2713\u00a0<\/b>T\u0103ng c\u01b0\u1eddng chuy\u1ec3n ho\u00e1 trong c\u01a1 th\u1ec3, ch\u1ed1ng c\u1ea3m l\u1ea1nh, ho, \u0111au b\u1ee5ng, nhi\u1ec5m tr\u00f9ng, l\u00e0m \u0111\u1ed9c\u2026<\/p>\n<p><b>\u2713\u00a0<\/b>Ch\u1ed1ng oxy ho\u00e1, gi\u00fap da h\u1ed3ng h\u00e0o, v\u1ebft th\u01b0\u01a1ng mau li\u1ec1n s\u1eb9o, c\u1ea3i thi\u1ec7n v.i.\u00ea.m lo\u00e9t d\u1ea1 d\u00e0y hi\u1ec7u qu\u1ea3.<\/p>\n<h2><b>Th\u00e0nh ph\u1ea7n vi\u00ean u\u1ed1ng tinh ch\u1ea5t h\u00e0u t\u01b0\u01a1i, t\u1ecfi v\u00e0 c\u1ee7 ngh\u1ec7 Orihiro Nh\u1eadt B\u1ea3n b\u1ed5 gan, t\u0103ng c\u01b0\u1eddng sinh l\u00fd cho nam gi\u1edbi<\/b><\/h2>\n<p>Th\u00e0nh ph\u1ea7n g\u1ed3m:<\/p>\n<p>Chi\u1ebft xu\u1ea5t t\u1eeb \u200b\u200bh\u00e0u, ngh\u00eau (ngao), L-Citrulline.<br \/>\nTinh ch\u1ea5t chi\u1ebft xu\u1ea5t t\u1eeb \u200b\u200bc\u1ee7 ngh\u1ec7, tinh ch\u1ea5t chi\u1ebft xu\u1ea5t t\u1eeb \u200b\u200bt\u1ecfi, Lactose, \u0111\u01b0\u1eddng, tinh b\u1ed9t ng\u00f4, men selen, cellulose tinh th\u1ec3.<\/p>\n<p>Vitamin C, L-methionine, L- cystine, Cacbonate, este sucrose c\u1ee7a c\u00e1c axit b\u00e9o, s\u1eaft pyrophosphate, niacin, l\u1ec7 ph\u00ed keo,<\/p>\n<p>Vitamin E, Ca axit pantothenic, k\u1ebdm, Vitamin A, gelatin, Vitamin.B1, Vitamin B2, Vitamin B6, Vitamin B12, Vitamin D.<br \/>\nM\u00e0u (flavonoids), folic acid, s\u00e1p ong, s\u00e1p Carnauba.<\/p>\n","protected":false},"excerpt":{"rendered":"<div class=\"product-short-description\">\n<ul>\n<li>B\u1ed5 sung k\u1ebdm v\u00e0 d\u01b0\u1ee1ng ch\u1ea5t t\u1eeb h\u00e0u, t\u1ecfi, ngh\u1ec7 gi\u00fap h\u1ed7 tr\u1ee3 s\u1ee9c kh\u1ecfe sinh l\u00fd nam gi\u1edbi v\u00e0 n\u00e2ng cao ch\u1ea5t l\u01b0\u1ee3ng tinh d\u1ecbch.<\/li>\n<li>H\u1ed7 tr\u1ee3 ch\u1ee9c n\u0103ng gan, gi\u00fap c\u01a1 th\u1ec3 c\u1ea3m th\u1ea5y nh\u1eb9 nh\u00e0ng h\u01a1n khi th\u01b0\u1eddng xuy\u00ean s\u1eed d\u1ee5ng \u0111\u1ed3 u\u1ed1ng c\u00f3 c\u1ed3n ho\u1eb7c sinh ho\u1ea1t kh\u00f4ng \u0111i\u1ec1u \u0111\u1ed9.<\/li>\n<li>Th\u00e0nh ph\u1ea7n t\u1ef1 nhi\u00ean gi\u00e0u vitamin v\u00e0 kho\u00e1ng ch\u1ea5t, h\u1ed7 tr\u1ee3 t\u0103ng s\u1ee9c \u0111\u1ec1 kh\u00e1ng v\u00e0 c\u1ea3i thi\u1ec7n th\u1ec3 l\u1ef1c cho nam gi\u1edbi.<\/li>\n<\/ul>\n<\/div>\n<p class=\"wd_product_taxonomy xuatxu\">Xu\u1ea5t x\u1ee9:\u00a0<span class=\"product_sku\">NH\u1eacT B\u1ea2N<\/span><\/p>\n","protected":false},"featured_media":240,"comment_status":"open","ping_status":"closed","template":"","meta":[],"product_brand":[],"product_cat":[21],"product_tag":[],"class_list":{"0":"post-237","1":"product","2":"type-product","3":"status-publish","4":"has-post-thumbnail","6":"product_cat-thuc-pham-chuc-nang","8":"first","9":"instock","10":"shipping-taxable","11":"purchasable","12":"product-type-simple"},"yoast_head":"<!-- This site is optimized with the Yoast SEO Premium plugin v22.3 (Yoast SEO v27.1.1) - https:\/\/yoast.com\/product\/yoast-seo-premium-wordpress\/ -->\n<title>Tinh ch\u1ea5t h\u00e0u, t\u1ecfi, ngh\u1ec7 t\u0103ng c\u01b0\u1eddng sinh l\u00fd nam gi\u1edbi Orihiro Nh\u1eadt B\u1ea3n 180 vi\u00ean - Ly Daily<\/title>\n<meta name=\"robots\" content=\"index, follow, max-snippet:-1, max-image-preview:large, max-video-preview:-1\" \/>\n<link rel=\"canonical\" href=\"https:\/\/lydaily.vn\/jp\/san-pham\/tinh-chat-hau-toi-nghe-tang-cuong-sinh-ly-nam-gioi-orihiro-nhat-ban-180-vien\/\" \/>\n<meta property=\"og:locale\" content=\"vi_VN\" \/>\n<meta property=\"og:type\" content=\"article\" \/>\n<meta property=\"og:title\" content=\"Tinh ch\u1ea5t h\u00e0u, t\u1ecfi, ngh\u1ec7 t\u0103ng c\u01b0\u1eddng sinh l\u00fd nam gi\u1edbi Orihiro Nh\u1eadt B\u1ea3n 180 vi\u00ean\" \/>\n<meta property=\"og:description\" content=\"B\u1ed5 sung k\u1ebdm v\u00e0 d\u01b0\u1ee1ng ch\u1ea5t t\u1eeb h\u00e0u, t\u1ecfi, ngh\u1ec7 gi\u00fap h\u1ed7 tr\u1ee3 s\u1ee9c kh\u1ecfe sinh l\u00fd nam gi\u1edbi v\u00e0 n\u00e2ng cao ch\u1ea5t l\u01b0\u1ee3ng tinh d\u1ecbch.  H\u1ed7 tr\u1ee3 ch\u1ee9c n\u0103ng gan, gi\u00fap c\u01a1 th\u1ec3 c\u1ea3m th\u1ea5y nh\u1eb9 nh\u00e0ng h\u01a1n khi th\u01b0\u1eddng xuy\u00ean s\u1eed d\u1ee5ng \u0111\u1ed3 u\u1ed1ng c\u00f3 c\u1ed3n ho\u1eb7c sinh ho\u1ea1t kh\u00f4ng \u0111i\u1ec1u \u0111\u1ed9.  Th\u00e0nh ph\u1ea7n t\u1ef1 nhi\u00ean gi\u00e0u vitamin v\u00e0 kho\u00e1ng ch\u1ea5t, h\u1ed7 tr\u1ee3 t\u0103ng s\u1ee9c \u0111\u1ec1 kh\u00e1ng v\u00e0 c\u1ea3i thi\u1ec7n th\u1ec3 l\u1ef1c cho nam gi\u1edbi.   Xu\u1ea5t x\u1ee9:\u00a0NH\u1eacT B\u1ea2N\" \/>\n<meta property=\"og:url\" content=\"https:\/\/lydaily.vn\/jp\/san-pham\/tinh-chat-hau-toi-nghe-tang-cuong-sinh-ly-nam-gioi-orihiro-nhat-ban-180-vien\/\" \/>\n<meta property=\"og:site_name\" content=\"Ly Daily\" \/>\n<meta property=\"article:modified_time\" content=\"2026-03-13T05:11:28+00:00\" \/>\n<meta property=\"og:image\" content=\"https:\/\/lydaily.vn\/jp\/wp-content\/uploads\/2026\/02\/Tinh-chat-hau-toi-nghe-tang-cuong-sinh-ly-nam-gioi-Orihiro-Nhat-Ban-180-vien-1-1.jpg\" \/>\n\t<meta property=\"og:image:width\" content=\"282\" \/>\n\t<meta property=\"og:image:height\" content=\"179\" \/>\n\t<meta property=\"og:image:type\" content=\"image\/jpeg\" \/>\n<meta name=\"twitter:card\" content=\"summary_large_image\" \/>\n<meta name=\"twitter:label1\" content=\"\u01af\u1edbc t\u00ednh th\u1eddi gian \u0111\u1ecdc\" \/>\n\t<meta name=\"twitter:data1\" content=\"2 ph\u00fat\" \/>\n<script type=\"application\/ld+json\" class=\"yoast-schema-graph\">{\"@context\":\"https:\/\/schema.org\",\"@graph\":[{\"@type\":\"WebPage\",\"@id\":\"https:\/\/lydaily.vn\/jp\/san-pham\/tinh-chat-hau-toi-nghe-tang-cuong-sinh-ly-nam-gioi-orihiro-nhat-ban-180-vien\/\",\"url\":\"https:\/\/lydaily.vn\/jp\/san-pham\/tinh-chat-hau-toi-nghe-tang-cuong-sinh-ly-nam-gioi-orihiro-nhat-ban-180-vien\/\",\"name\":\"Tinh ch\u1ea5t h\u00e0u, t\u1ecfi, ngh\u1ec7 t\u0103ng c\u01b0\u1eddng sinh l\u00fd nam gi\u1edbi Orihiro Nh\u1eadt B\u1ea3n 180 vi\u00ean - Ly Daily\",\"isPartOf\":{\"@id\":\"https:\/\/lydaily.vn\/jp\/#website\"},\"primaryImageOfPage\":{\"@id\":\"https:\/\/lydaily.vn\/jp\/san-pham\/tinh-chat-hau-toi-nghe-tang-cuong-sinh-ly-nam-gioi-orihiro-nhat-ban-180-vien\/#primaryimage\"},\"image\":{\"@id\":\"https:\/\/lydaily.vn\/jp\/san-pham\/tinh-chat-hau-toi-nghe-tang-cuong-sinh-ly-nam-gioi-orihiro-nhat-ban-180-vien\/#primaryimage\"},\"thumbnailUrl\":\"https:\/\/lydaily.vn\/jp\/wp-content\/uploads\/2026\/02\/Tinh-chat-hau-toi-nghe-tang-cuong-sinh-ly-nam-gioi-Orihiro-Nhat-Ban-180-vien-1-1.jpg\",\"datePublished\":\"2026-02-28T03:41:00+00:00\",\"dateModified\":\"2026-03-13T05:11:28+00:00\",\"breadcrumb\":{\"@id\":\"https:\/\/lydaily.vn\/jp\/san-pham\/tinh-chat-hau-toi-nghe-tang-cuong-sinh-ly-nam-gioi-orihiro-nhat-ban-180-vien\/#breadcrumb\"},\"inLanguage\":\"vi\",\"potentialAction\":[{\"@type\":\"ReadAction\",\"target\":[\"https:\/\/lydaily.vn\/jp\/san-pham\/tinh-chat-hau-toi-nghe-tang-cuong-sinh-ly-nam-gioi-orihiro-nhat-ban-180-vien\/\"]}]},{\"@type\":\"ImageObject\",\"inLanguage\":\"vi\",\"@id\":\"https:\/\/lydaily.vn\/jp\/san-pham\/tinh-chat-hau-toi-nghe-tang-cuong-sinh-ly-nam-gioi-orihiro-nhat-ban-180-vien\/#primaryimage\",\"url\":\"https:\/\/lydaily.vn\/jp\/wp-content\/uploads\/2026\/02\/Tinh-chat-hau-toi-nghe-tang-cuong-sinh-ly-nam-gioi-Orihiro-Nhat-Ban-180-vien-1-1.jpg\",\"contentUrl\":\"https:\/\/lydaily.vn\/jp\/wp-content\/uploads\/2026\/02\/Tinh-chat-hau-toi-nghe-tang-cuong-sinh-ly-nam-gioi-Orihiro-Nhat-Ban-180-vien-1-1.jpg\",\"width\":282,\"height\":179},{\"@type\":\"BreadcrumbList\",\"@id\":\"https:\/\/lydaily.vn\/jp\/san-pham\/tinh-chat-hau-toi-nghe-tang-cuong-sinh-ly-nam-gioi-orihiro-nhat-ban-180-vien\/#breadcrumb\",\"itemListElement\":[{\"@type\":\"ListItem\",\"position\":1,\"name\":\"Home\",\"item\":\"https:\/\/lydaily.vn\/jp\/\"},{\"@type\":\"ListItem\",\"position\":2,\"name\":\"S\u1ea3n ph\u1ea9m\",\"item\":\"https:\/\/lydaily.vn\/jp\/san-pham\/\"},{\"@type\":\"ListItem\",\"position\":3,\"name\":\"Tinh ch\u1ea5t h\u00e0u, t\u1ecfi, ngh\u1ec7 t\u0103ng c\u01b0\u1eddng sinh l\u00fd nam gi\u1edbi Orihiro Nh\u1eadt B\u1ea3n 180 vi\u00ean\"}]},{\"@type\":\"WebSite\",\"@id\":\"https:\/\/lydaily.vn\/jp\/#website\",\"url\":\"https:\/\/lydaily.vn\/jp\/\",\"name\":\"Ly Daily\",\"description\":\"Th\u1ef1c Ph\u1ea9m Ch\u1ee9c N\u0103ng &amp; M\u1ef9 Ph\u1ea9m t\u1ea1i Nh\u1eadt B\u1ea3n v\u00e0 Vi\u1ec7t Nam\",\"potentialAction\":[{\"@type\":\"SearchAction\",\"target\":{\"@type\":\"EntryPoint\",\"urlTemplate\":\"https:\/\/lydaily.vn\/jp\/?s={search_term_string}\"},\"query-input\":{\"@type\":\"PropertyValueSpecification\",\"valueRequired\":true,\"valueName\":\"search_term_string\"}}],\"inLanguage\":\"vi\"}]}<\/script>\n<!-- \/ Yoast SEO Premium plugin. -->","yoast_head_json":{"title":"Tinh ch\u1ea5t h\u00e0u, t\u1ecfi, ngh\u1ec7 t\u0103ng c\u01b0\u1eddng sinh l\u00fd nam gi\u1edbi Orihiro Nh\u1eadt B\u1ea3n 180 vi\u00ean - Ly Daily","robots":{"index":"index","follow":"follow","max-snippet":"max-snippet:-1","max-image-preview":"max-image-preview:large","max-video-preview":"max-video-preview:-1"},"canonical":"https:\/\/lydaily.vn\/jp\/san-pham\/tinh-chat-hau-toi-nghe-tang-cuong-sinh-ly-nam-gioi-orihiro-nhat-ban-180-vien\/","og_locale":"vi_VN","og_type":"article","og_title":"Tinh ch\u1ea5t h\u00e0u, t\u1ecfi, ngh\u1ec7 t\u0103ng c\u01b0\u1eddng sinh l\u00fd nam gi\u1edbi Orihiro Nh\u1eadt B\u1ea3n 180 vi\u00ean","og_description":"B\u1ed5 sung k\u1ebdm v\u00e0 d\u01b0\u1ee1ng ch\u1ea5t t\u1eeb h\u00e0u, t\u1ecfi, ngh\u1ec7 gi\u00fap h\u1ed7 tr\u1ee3 s\u1ee9c kh\u1ecfe sinh l\u00fd nam gi\u1edbi v\u00e0 n\u00e2ng cao ch\u1ea5t l\u01b0\u1ee3ng tinh d\u1ecbch.  H\u1ed7 tr\u1ee3 ch\u1ee9c n\u0103ng gan, gi\u00fap c\u01a1 th\u1ec3 c\u1ea3m th\u1ea5y nh\u1eb9 nh\u00e0ng h\u01a1n khi th\u01b0\u1eddng xuy\u00ean s\u1eed d\u1ee5ng \u0111\u1ed3 u\u1ed1ng c\u00f3 c\u1ed3n ho\u1eb7c sinh ho\u1ea1t kh\u00f4ng \u0111i\u1ec1u \u0111\u1ed9.  Th\u00e0nh ph\u1ea7n t\u1ef1 nhi\u00ean gi\u00e0u vitamin v\u00e0 kho\u00e1ng ch\u1ea5t, h\u1ed7 tr\u1ee3 t\u0103ng s\u1ee9c \u0111\u1ec1 kh\u00e1ng v\u00e0 c\u1ea3i thi\u1ec7n th\u1ec3 l\u1ef1c cho nam gi\u1edbi.   Xu\u1ea5t x\u1ee9:\u00a0NH\u1eacT B\u1ea2N","og_url":"https:\/\/lydaily.vn\/jp\/san-pham\/tinh-chat-hau-toi-nghe-tang-cuong-sinh-ly-nam-gioi-orihiro-nhat-ban-180-vien\/","og_site_name":"Ly Daily","article_modified_time":"2026-03-13T05:11:28+00:00","og_image":[{"width":282,"height":179,"url":"https:\/\/lydaily.vn\/jp\/wp-content\/uploads\/2026\/02\/Tinh-chat-hau-toi-nghe-tang-cuong-sinh-ly-nam-gioi-Orihiro-Nhat-Ban-180-vien-1-1.jpg","type":"image\/jpeg"}],"twitter_card":"summary_large_image","twitter_misc":{"\u01af\u1edbc t\u00ednh th\u1eddi gian \u0111\u1ecdc":"2 ph\u00fat"},"schema":{"@context":"https:\/\/schema.org","@graph":[{"@type":"WebPage","@id":"https:\/\/lydaily.vn\/jp\/san-pham\/tinh-chat-hau-toi-nghe-tang-cuong-sinh-ly-nam-gioi-orihiro-nhat-ban-180-vien\/","url":"https:\/\/lydaily.vn\/jp\/san-pham\/tinh-chat-hau-toi-nghe-tang-cuong-sinh-ly-nam-gioi-orihiro-nhat-ban-180-vien\/","name":"Tinh ch\u1ea5t h\u00e0u, t\u1ecfi, ngh\u1ec7 t\u0103ng c\u01b0\u1eddng sinh l\u00fd nam gi\u1edbi Orihiro Nh\u1eadt B\u1ea3n 180 vi\u00ean - Ly Daily","isPartOf":{"@id":"https:\/\/lydaily.vn\/jp\/#website"},"primaryImageOfPage":{"@id":"https:\/\/lydaily.vn\/jp\/san-pham\/tinh-chat-hau-toi-nghe-tang-cuong-sinh-ly-nam-gioi-orihiro-nhat-ban-180-vien\/#primaryimage"},"image":{"@id":"https:\/\/lydaily.vn\/jp\/san-pham\/tinh-chat-hau-toi-nghe-tang-cuong-sinh-ly-nam-gioi-orihiro-nhat-ban-180-vien\/#primaryimage"},"thumbnailUrl":"https:\/\/lydaily.vn\/jp\/wp-content\/uploads\/2026\/02\/Tinh-chat-hau-toi-nghe-tang-cuong-sinh-ly-nam-gioi-Orihiro-Nhat-Ban-180-vien-1-1.jpg","datePublished":"2026-02-28T03:41:00+00:00","dateModified":"2026-03-13T05:11:28+00:00","breadcrumb":{"@id":"https:\/\/lydaily.vn\/jp\/san-pham\/tinh-chat-hau-toi-nghe-tang-cuong-sinh-ly-nam-gioi-orihiro-nhat-ban-180-vien\/#breadcrumb"},"inLanguage":"vi","potentialAction":[{"@type":"ReadAction","target":["https:\/\/lydaily.vn\/jp\/san-pham\/tinh-chat-hau-toi-nghe-tang-cuong-sinh-ly-nam-gioi-orihiro-nhat-ban-180-vien\/"]}]},{"@type":"ImageObject","inLanguage":"vi","@id":"https:\/\/lydaily.vn\/jp\/san-pham\/tinh-chat-hau-toi-nghe-tang-cuong-sinh-ly-nam-gioi-orihiro-nhat-ban-180-vien\/#primaryimage","url":"https:\/\/lydaily.vn\/jp\/wp-content\/uploads\/2026\/02\/Tinh-chat-hau-toi-nghe-tang-cuong-sinh-ly-nam-gioi-Orihiro-Nhat-Ban-180-vien-1-1.jpg","contentUrl":"https:\/\/lydaily.vn\/jp\/wp-content\/uploads\/2026\/02\/Tinh-chat-hau-toi-nghe-tang-cuong-sinh-ly-nam-gioi-Orihiro-Nhat-Ban-180-vien-1-1.jpg","width":282,"height":179},{"@type":"BreadcrumbList","@id":"https:\/\/lydaily.vn\/jp\/san-pham\/tinh-chat-hau-toi-nghe-tang-cuong-sinh-ly-nam-gioi-orihiro-nhat-ban-180-vien\/#breadcrumb","itemListElement":[{"@type":"ListItem","position":1,"name":"Home","item":"https:\/\/lydaily.vn\/jp\/"},{"@type":"ListItem","position":2,"name":"S\u1ea3n ph\u1ea9m","item":"https:\/\/lydaily.vn\/jp\/san-pham\/"},{"@type":"ListItem","position":3,"name":"Tinh ch\u1ea5t h\u00e0u, t\u1ecfi, ngh\u1ec7 t\u0103ng c\u01b0\u1eddng sinh l\u00fd nam gi\u1edbi Orihiro Nh\u1eadt B\u1ea3n 180 vi\u00ean"}]},{"@type":"WebSite","@id":"https:\/\/lydaily.vn\/jp\/#website","url":"https:\/\/lydaily.vn\/jp\/","name":"Ly Daily","description":"Th\u1ef1c Ph\u1ea9m Ch\u1ee9c N\u0103ng &amp; M\u1ef9 Ph\u1ea9m t\u1ea1i Nh\u1eadt B\u1ea3n v\u00e0 Vi\u1ec7t Nam","potentialAction":[{"@type":"SearchAction","target":{"@type":"EntryPoint","urlTemplate":"https:\/\/lydaily.vn\/jp\/?s={search_term_string}"},"query-input":{"@type":"PropertyValueSpecification","valueRequired":true,"valueName":"search_term_string"}}],"inLanguage":"vi"}]}},"_links":{"self":[{"href":"https:\/\/lydaily.vn\/jp\/wp-json\/wp\/v2\/product\/237","targetHints":{"allow":["GET"]}}],"collection":[{"href":"https:\/\/lydaily.vn\/jp\/wp-json\/wp\/v2\/product"}],"about":[{"href":"https:\/\/lydaily.vn\/jp\/wp-json\/wp\/v2\/types\/product"}],"replies":[{"embeddable":true,"href":"https:\/\/lydaily.vn\/jp\/wp-json\/wp\/v2\/comments?post=237"}],"wp:featuredmedia":[{"embeddable":true,"href":"https:\/\/lydaily.vn\/jp\/wp-json\/wp\/v2\/media\/240"}],"wp:attachment":[{"href":"https:\/\/lydaily.vn\/jp\/wp-json\/wp\/v2\/media?parent=237"}],"wp:term":[{"taxonomy":"product_brand","embeddable":true,"href":"https:\/\/lydaily.vn\/jp\/wp-json\/wp\/v2\/product_brand?post=237"},{"taxonomy":"product_cat","embeddable":true,"href":"https:\/\/lydaily.vn\/jp\/wp-json\/wp\/v2\/product_cat?post=237"},{"taxonomy":"product_tag","embeddable":true,"href":"https:\/\/lydaily.vn\/jp\/wp-json\/wp\/v2\/product_tag?post=237"}],"curies":[{"name":"wp","href":"https:\/\/api.w.org\/{rel}","templated":true}]}}