{"id":235,"date":"2026-02-28T03:37:57","date_gmt":"2026-02-28T03:37:57","guid":{"rendered":"https:\/\/lydaily.qweb.com.vn\/?post_type=product&#038;p=235"},"modified":"2026-03-13T05:10:54","modified_gmt":"2026-03-13T05:10:54","slug":"nuoc-hong-sam-hong-sam-won-cheongkwanjang-han-quoc-30-goi-x-50ml","status":"publish","type":"product","link":"https:\/\/lydaily.vn\/jp\/san-pham\/nuoc-hong-sam-hong-sam-won-cheongkwanjang-han-quoc-30-goi-x-50ml\/","title":{"rendered":"N\u01b0\u1edbc h\u1ed3ng s\u00e2m Hong Sam Won CheongKwanJang H\u00e0n Qu\u1ed1c 30 g\u00f3i x 50ml"},"content":{"rendered":"<div class=\"x11i5rnm xat24cr x1mh8g0r x1vvkbs xtlvy1s x126k92a\">\n<div dir=\"auto\">N\u01b0\u1edbc Hong Sam Won th\u01b0\u01a1ng hi\u1ec7u Cheong Kwan Jang lo\u1ea1i 30 g\u00f3i 50 ml l\u00e0 \u0111\u1ed3 u\u1ed1ng b\u1ed5 d\u01b0\u1ee1ng c\u00f3 ngu\u1ed3n g\u1ed1c t\u1eeb Nh\u00e2n s\u00e2m H\u00e0n Qu\u1ed1c \u0111\u01b0\u1ee3c y\u00eau th\u00edch tr\u00ean to\u00e0n th\u1ebf gi\u1edbi. N\u01b0\u1edbc Hong Sam Won l\u00e0 \u0111\u1ed3 u\u1ed1ng truy\u1ec1n th\u1ed1ng l\u00e2u \u0111\u1eddi c\u1ee7a ng\u01b0\u1eddi H\u00e0n Qu\u1ed1c nh\u1eb1m k\u00e9o d\u00e0i tu\u1ed5i th\u1ecd, ch\u1ed1ng l\u1ea1i b\u1ec7nh t\u1eadt, t\u0103ng c\u01b0\u1eddng s\u1ee9c kh\u1ecfe, k\u00e9o d\u00e0i tu\u1ed5i thanh xu\u00e2n.<\/div>\n<\/div>\n<div class=\"x11i5rnm xat24cr x1mh8g0r x1vvkbs xtlvy1s x126k92a\">\n<div dir=\"auto\">S\u1ea3n ph\u1ea9m dinh d\u01b0\u1ee1ng ch\u1ee9a th\u00e0nh ph\u1ea7n tinh ch\u1ea5t h\u1ed3ng s\u00e2m \u0111\u1eadm \u0111\u1eb7c 6 n\u0103m tu\u1ed5i. \u0110\u01b0\u1ee3c k\u1ebft h\u1ee3p gi\u1eefa h\u1ed3ng s\u00e2m H\u00e0n Qu\u1ed1c v\u00e0 c\u00e1c lo\u1ea1i th\u1ea3o d\u01b0\u1ee3c qu\u00fd kh\u00e1c ch\u1ee9a nhi\u1ec1u tinh ch\u1ea5t b\u1ed5 d\u01b0\u1ee1ng v\u00e0 c\u00e1c lo\u1ea1i vitamin c\u00f3 l\u1ee3i cho c\u01a1 th\u1ec3.<\/div>\n<\/div>\n<div class=\"x11i5rnm xat24cr x1mh8g0r x1vvkbs xtlvy1s x126k92a\">\n<div dir=\"auto\">H\u01b0\u01a1ng v\u1ecb th\u01a1m ngon d\u1ec5 u\u1ed1ng, ngon h\u01a1n khi u\u1ed1ng l\u1ea1nh.<\/div>\n<\/div>\n<div class=\"x11i5rnm xat24cr x1mh8g0r x1vvkbs xtlvy1s x126k92a\">\n<div dir=\"auto\">Ph\u00f9 h\u1ee3p cho m\u1ed7i l\u1ee9a tu\u1ed5i, \u0111\u1eb7c bi\u1ec7t l\u00e0 ng\u01b0\u1eddi c\u1ea7n b\u1ed3i b\u1ed5 s\u1ee9c kho\u1ebb, ng\u01b0\u1eddi gi\u00e0, c\u00e1c b\u1ea1n h\u1ecdc sinh sinh vi\u00ean trong m\u00f9a thi c\u1eed<\/div>\n<div dir=\"auto\">\n<div class=\"x11i5rnm xat24cr x1mh8g0r x1vvkbs xtlvy1s x126k92a\">\n<div dir=\"auto\"><strong>TH\u00c0NH PH\u1ea6N:<\/strong><\/div>\n<div dir=\"auto\">N\u01b0\u1edbc, isomalto-oligosaccharide, h\u1ed7n h\u1ee3p c\u00f4 \u0111\u1eb7c th\u1ef1c v\u1eadt {qu\u1ea3 t\u00e1o t\u00e0u, r\u1ec5 g\u1eebng, v\u1ecf qu\u1ebf, qu\u1ea3 lycium (goji berry)}, dextrin, chi\u1ebft xu\u1ea5t m\u1ea1ch nha, chi\u1ebft xu\u1ea5t t\u1eeb \u200b\u200br\u1ec5 h\u1ed3ng s\u00e2m H\u00e0n Qu\u1ed1c, h\u01b0\u01a1ng th\u1ea3o m\u1ed9c nh\u00e2n t\u1ea1o (th\u1ea3o m\u1ed9c), axit xitric.<\/div>\n<div dir=\"auto\"><\/div>\n<\/div>\n<div class=\"x11i5rnm xat24cr x1mh8g0r x1vvkbs xtlvy1s x126k92a\">\n<div dir=\"auto\"><strong>H\u01af\u1edaNG D\u1eaaN:<\/strong><\/div>\n<div dir=\"auto\">\u2013 Ng\u01b0\u1eddi l\u1edbn: D\u00f9ng 01 \u0111\u1ebfn 02 g\u00f3i \/ ng\u00e0y. C\u1eaft b\u1ecf \u0111\u1ea7u t\u00fai, u\u1ed1ng tr\u1ef1c ti\u1ebfp ho\u1eb7c cho ra c\u1ed1c. C\u00f3 th\u1ec3 u\u1ed1ng l\u1ea1nh ho\u1eb7c th\u00eam m\u1eadt ong theo s\u1edf th\u00edch.<\/div>\n<div dir=\"auto\">\u2013 Tr\u1ebb em d\u01b0\u1edbi 15 tu\u1ed5i: D\u00f9ng 1 g\u00f3i m\u1ed7i ng\u00e0y<\/div>\n<div dir=\"auto\">\u2013 B\u1ea3o qu\u1ea3n n\u01a1i kh\u00f4 r\u00e1o, tho\u00e1ng m\u00e1t<\/div>\n<\/div>\n<div class=\"x11i5rnm xat24cr x1mh8g0r x1vvkbs xtlvy1s x126k92a\">\n<div dir=\"auto\">Th\u1ee9c u\u1ed1ng b\u1ed5 d\u01b0\u1ee1ng th\u01a1m ngon, l\u00e0m qu\u00e0 t\u1eb7ng l\u00e0 h\u1ebft \u00fd!<\/div>\n<\/div>\n<\/div>\n<\/div>\n","protected":false},"excerpt":{"rendered":"<ul>\n<li dir=\"auto\">Made in Korea<\/li>\n<li dir=\"auto\">Th\u01b0\u01a1ng hi\u1ec7u: Cheong Kwan Jang<\/li>\n<li dir=\"auto\">Quy c\u00e1ch: H\u1ed9p\/30 g\u00f3i<\/li>\n<li dir=\"auto\">Mua tr\u1ef1c ti\u1ebfp t\u1ea1i th\u1ecb tr\u01b0\u1eddng M\u1ef9<\/li>\n<\/ul>\n","protected":false},"featured_media":236,"comment_status":"open","ping_status":"closed","template":"","meta":[],"product_brand":[],"product_cat":[21],"product_tag":[],"class_list":{"0":"post-235","1":"product","2":"type-product","3":"status-publish","4":"has-post-thumbnail","6":"product_cat-thuc-pham-chuc-nang","8":"first","9":"instock","10":"shipping-taxable","11":"purchasable","12":"product-type-simple"},"yoast_head":"<!-- This site is optimized with the Yoast SEO Premium plugin v22.3 (Yoast SEO v27.1.1) - https:\/\/yoast.com\/product\/yoast-seo-premium-wordpress\/ -->\n<title>N\u01b0\u1edbc h\u1ed3ng s\u00e2m Hong Sam Won CheongKwanJang H\u00e0n Qu\u1ed1c 30 g\u00f3i x 50ml - Ly Daily<\/title>\n<meta name=\"robots\" content=\"index, follow, max-snippet:-1, max-image-preview:large, max-video-preview:-1\" \/>\n<link rel=\"canonical\" href=\"https:\/\/lydaily.vn\/jp\/san-pham\/nuoc-hong-sam-hong-sam-won-cheongkwanjang-han-quoc-30-goi-x-50ml\/\" \/>\n<meta property=\"og:locale\" content=\"vi_VN\" \/>\n<meta property=\"og:type\" content=\"article\" \/>\n<meta property=\"og:title\" content=\"N\u01b0\u1edbc h\u1ed3ng s\u00e2m Hong Sam Won CheongKwanJang H\u00e0n Qu\u1ed1c 30 g\u00f3i x 50ml\" \/>\n<meta property=\"og:description\" content=\"Made in Korea  Th\u01b0\u01a1ng hi\u1ec7u: Cheong Kwan Jang  Quy c\u00e1ch: H\u1ed9p\/30 g\u00f3i  Mua tr\u1ef1c ti\u1ebfp t\u1ea1i th\u1ecb tr\u01b0\u1eddng M\u1ef9\" \/>\n<meta property=\"og:url\" content=\"https:\/\/lydaily.vn\/jp\/san-pham\/nuoc-hong-sam-hong-sam-won-cheongkwanjang-han-quoc-30-goi-x-50ml\/\" \/>\n<meta property=\"og:site_name\" content=\"Ly Daily\" \/>\n<meta property=\"article:modified_time\" content=\"2026-03-13T05:10:54+00:00\" \/>\n<meta property=\"og:image\" content=\"https:\/\/lydaily.vn\/jp\/wp-content\/uploads\/2026\/02\/Nuoc-hong-sam-Hong-Sam-Won-CheongKwanJang-Han-Quoc-30-goi-x-50ml.webp\" \/>\n\t<meta property=\"og:image:width\" content=\"680\" \/>\n\t<meta property=\"og:image:height\" content=\"680\" \/>\n\t<meta property=\"og:image:type\" content=\"image\/webp\" \/>\n<meta name=\"twitter:card\" content=\"summary_large_image\" \/>\n<meta name=\"twitter:label1\" content=\"\u01af\u1edbc t\u00ednh th\u1eddi gian \u0111\u1ecdc\" \/>\n\t<meta name=\"twitter:data1\" content=\"2 ph\u00fat\" \/>\n<script type=\"application\/ld+json\" class=\"yoast-schema-graph\">{\"@context\":\"https:\/\/schema.org\",\"@graph\":[{\"@type\":\"WebPage\",\"@id\":\"https:\/\/lydaily.vn\/jp\/san-pham\/nuoc-hong-sam-hong-sam-won-cheongkwanjang-han-quoc-30-goi-x-50ml\/\",\"url\":\"https:\/\/lydaily.vn\/jp\/san-pham\/nuoc-hong-sam-hong-sam-won-cheongkwanjang-han-quoc-30-goi-x-50ml\/\",\"name\":\"N\u01b0\u1edbc h\u1ed3ng s\u00e2m Hong Sam Won CheongKwanJang H\u00e0n Qu\u1ed1c 30 g\u00f3i x 50ml - Ly Daily\",\"isPartOf\":{\"@id\":\"https:\/\/lydaily.vn\/jp\/#website\"},\"primaryImageOfPage\":{\"@id\":\"https:\/\/lydaily.vn\/jp\/san-pham\/nuoc-hong-sam-hong-sam-won-cheongkwanjang-han-quoc-30-goi-x-50ml\/#primaryimage\"},\"image\":{\"@id\":\"https:\/\/lydaily.vn\/jp\/san-pham\/nuoc-hong-sam-hong-sam-won-cheongkwanjang-han-quoc-30-goi-x-50ml\/#primaryimage\"},\"thumbnailUrl\":\"https:\/\/lydaily.vn\/jp\/wp-content\/uploads\/2026\/02\/Nuoc-hong-sam-Hong-Sam-Won-CheongKwanJang-Han-Quoc-30-goi-x-50ml.webp\",\"datePublished\":\"2026-02-28T03:37:57+00:00\",\"dateModified\":\"2026-03-13T05:10:54+00:00\",\"breadcrumb\":{\"@id\":\"https:\/\/lydaily.vn\/jp\/san-pham\/nuoc-hong-sam-hong-sam-won-cheongkwanjang-han-quoc-30-goi-x-50ml\/#breadcrumb\"},\"inLanguage\":\"vi\",\"potentialAction\":[{\"@type\":\"ReadAction\",\"target\":[\"https:\/\/lydaily.vn\/jp\/san-pham\/nuoc-hong-sam-hong-sam-won-cheongkwanjang-han-quoc-30-goi-x-50ml\/\"]}]},{\"@type\":\"ImageObject\",\"inLanguage\":\"vi\",\"@id\":\"https:\/\/lydaily.vn\/jp\/san-pham\/nuoc-hong-sam-hong-sam-won-cheongkwanjang-han-quoc-30-goi-x-50ml\/#primaryimage\",\"url\":\"https:\/\/lydaily.vn\/jp\/wp-content\/uploads\/2026\/02\/Nuoc-hong-sam-Hong-Sam-Won-CheongKwanJang-Han-Quoc-30-goi-x-50ml.webp\",\"contentUrl\":\"https:\/\/lydaily.vn\/jp\/wp-content\/uploads\/2026\/02\/Nuoc-hong-sam-Hong-Sam-Won-CheongKwanJang-Han-Quoc-30-goi-x-50ml.webp\",\"width\":680,\"height\":680},{\"@type\":\"BreadcrumbList\",\"@id\":\"https:\/\/lydaily.vn\/jp\/san-pham\/nuoc-hong-sam-hong-sam-won-cheongkwanjang-han-quoc-30-goi-x-50ml\/#breadcrumb\",\"itemListElement\":[{\"@type\":\"ListItem\",\"position\":1,\"name\":\"Home\",\"item\":\"https:\/\/lydaily.vn\/jp\/\"},{\"@type\":\"ListItem\",\"position\":2,\"name\":\"S\u1ea3n ph\u1ea9m\",\"item\":\"https:\/\/lydaily.vn\/jp\/san-pham\/\"},{\"@type\":\"ListItem\",\"position\":3,\"name\":\"N\u01b0\u1edbc h\u1ed3ng s\u00e2m Hong Sam Won CheongKwanJang H\u00e0n Qu\u1ed1c 30 g\u00f3i x 50ml\"}]},{\"@type\":\"WebSite\",\"@id\":\"https:\/\/lydaily.vn\/jp\/#website\",\"url\":\"https:\/\/lydaily.vn\/jp\/\",\"name\":\"Ly Daily\",\"description\":\"Th\u1ef1c Ph\u1ea9m Ch\u1ee9c N\u0103ng &amp; M\u1ef9 Ph\u1ea9m t\u1ea1i Nh\u1eadt B\u1ea3n v\u00e0 Vi\u1ec7t Nam\",\"potentialAction\":[{\"@type\":\"SearchAction\",\"target\":{\"@type\":\"EntryPoint\",\"urlTemplate\":\"https:\/\/lydaily.vn\/jp\/?s={search_term_string}\"},\"query-input\":{\"@type\":\"PropertyValueSpecification\",\"valueRequired\":true,\"valueName\":\"search_term_string\"}}],\"inLanguage\":\"vi\"}]}<\/script>\n<!-- \/ Yoast SEO Premium plugin. -->","yoast_head_json":{"title":"N\u01b0\u1edbc h\u1ed3ng s\u00e2m Hong Sam Won CheongKwanJang H\u00e0n Qu\u1ed1c 30 g\u00f3i x 50ml - Ly Daily","robots":{"index":"index","follow":"follow","max-snippet":"max-snippet:-1","max-image-preview":"max-image-preview:large","max-video-preview":"max-video-preview:-1"},"canonical":"https:\/\/lydaily.vn\/jp\/san-pham\/nuoc-hong-sam-hong-sam-won-cheongkwanjang-han-quoc-30-goi-x-50ml\/","og_locale":"vi_VN","og_type":"article","og_title":"N\u01b0\u1edbc h\u1ed3ng s\u00e2m Hong Sam Won CheongKwanJang H\u00e0n Qu\u1ed1c 30 g\u00f3i x 50ml","og_description":"Made in Korea  Th\u01b0\u01a1ng hi\u1ec7u: Cheong Kwan Jang  Quy c\u00e1ch: H\u1ed9p\/30 g\u00f3i  Mua tr\u1ef1c ti\u1ebfp t\u1ea1i th\u1ecb tr\u01b0\u1eddng M\u1ef9","og_url":"https:\/\/lydaily.vn\/jp\/san-pham\/nuoc-hong-sam-hong-sam-won-cheongkwanjang-han-quoc-30-goi-x-50ml\/","og_site_name":"Ly Daily","article_modified_time":"2026-03-13T05:10:54+00:00","og_image":[{"width":680,"height":680,"url":"https:\/\/lydaily.vn\/jp\/wp-content\/uploads\/2026\/02\/Nuoc-hong-sam-Hong-Sam-Won-CheongKwanJang-Han-Quoc-30-goi-x-50ml.webp","type":"image\/webp"}],"twitter_card":"summary_large_image","twitter_misc":{"\u01af\u1edbc t\u00ednh th\u1eddi gian \u0111\u1ecdc":"2 ph\u00fat"},"schema":{"@context":"https:\/\/schema.org","@graph":[{"@type":"WebPage","@id":"https:\/\/lydaily.vn\/jp\/san-pham\/nuoc-hong-sam-hong-sam-won-cheongkwanjang-han-quoc-30-goi-x-50ml\/","url":"https:\/\/lydaily.vn\/jp\/san-pham\/nuoc-hong-sam-hong-sam-won-cheongkwanjang-han-quoc-30-goi-x-50ml\/","name":"N\u01b0\u1edbc h\u1ed3ng s\u00e2m Hong Sam Won CheongKwanJang H\u00e0n Qu\u1ed1c 30 g\u00f3i x 50ml - Ly Daily","isPartOf":{"@id":"https:\/\/lydaily.vn\/jp\/#website"},"primaryImageOfPage":{"@id":"https:\/\/lydaily.vn\/jp\/san-pham\/nuoc-hong-sam-hong-sam-won-cheongkwanjang-han-quoc-30-goi-x-50ml\/#primaryimage"},"image":{"@id":"https:\/\/lydaily.vn\/jp\/san-pham\/nuoc-hong-sam-hong-sam-won-cheongkwanjang-han-quoc-30-goi-x-50ml\/#primaryimage"},"thumbnailUrl":"https:\/\/lydaily.vn\/jp\/wp-content\/uploads\/2026\/02\/Nuoc-hong-sam-Hong-Sam-Won-CheongKwanJang-Han-Quoc-30-goi-x-50ml.webp","datePublished":"2026-02-28T03:37:57+00:00","dateModified":"2026-03-13T05:10:54+00:00","breadcrumb":{"@id":"https:\/\/lydaily.vn\/jp\/san-pham\/nuoc-hong-sam-hong-sam-won-cheongkwanjang-han-quoc-30-goi-x-50ml\/#breadcrumb"},"inLanguage":"vi","potentialAction":[{"@type":"ReadAction","target":["https:\/\/lydaily.vn\/jp\/san-pham\/nuoc-hong-sam-hong-sam-won-cheongkwanjang-han-quoc-30-goi-x-50ml\/"]}]},{"@type":"ImageObject","inLanguage":"vi","@id":"https:\/\/lydaily.vn\/jp\/san-pham\/nuoc-hong-sam-hong-sam-won-cheongkwanjang-han-quoc-30-goi-x-50ml\/#primaryimage","url":"https:\/\/lydaily.vn\/jp\/wp-content\/uploads\/2026\/02\/Nuoc-hong-sam-Hong-Sam-Won-CheongKwanJang-Han-Quoc-30-goi-x-50ml.webp","contentUrl":"https:\/\/lydaily.vn\/jp\/wp-content\/uploads\/2026\/02\/Nuoc-hong-sam-Hong-Sam-Won-CheongKwanJang-Han-Quoc-30-goi-x-50ml.webp","width":680,"height":680},{"@type":"BreadcrumbList","@id":"https:\/\/lydaily.vn\/jp\/san-pham\/nuoc-hong-sam-hong-sam-won-cheongkwanjang-han-quoc-30-goi-x-50ml\/#breadcrumb","itemListElement":[{"@type":"ListItem","position":1,"name":"Home","item":"https:\/\/lydaily.vn\/jp\/"},{"@type":"ListItem","position":2,"name":"S\u1ea3n ph\u1ea9m","item":"https:\/\/lydaily.vn\/jp\/san-pham\/"},{"@type":"ListItem","position":3,"name":"N\u01b0\u1edbc h\u1ed3ng s\u00e2m Hong Sam Won CheongKwanJang H\u00e0n Qu\u1ed1c 30 g\u00f3i x 50ml"}]},{"@type":"WebSite","@id":"https:\/\/lydaily.vn\/jp\/#website","url":"https:\/\/lydaily.vn\/jp\/","name":"Ly Daily","description":"Th\u1ef1c Ph\u1ea9m Ch\u1ee9c N\u0103ng &amp; M\u1ef9 Ph\u1ea9m t\u1ea1i Nh\u1eadt B\u1ea3n v\u00e0 Vi\u1ec7t Nam","potentialAction":[{"@type":"SearchAction","target":{"@type":"EntryPoint","urlTemplate":"https:\/\/lydaily.vn\/jp\/?s={search_term_string}"},"query-input":{"@type":"PropertyValueSpecification","valueRequired":true,"valueName":"search_term_string"}}],"inLanguage":"vi"}]}},"_links":{"self":[{"href":"https:\/\/lydaily.vn\/jp\/wp-json\/wp\/v2\/product\/235","targetHints":{"allow":["GET"]}}],"collection":[{"href":"https:\/\/lydaily.vn\/jp\/wp-json\/wp\/v2\/product"}],"about":[{"href":"https:\/\/lydaily.vn\/jp\/wp-json\/wp\/v2\/types\/product"}],"replies":[{"embeddable":true,"href":"https:\/\/lydaily.vn\/jp\/wp-json\/wp\/v2\/comments?post=235"}],"wp:featuredmedia":[{"embeddable":true,"href":"https:\/\/lydaily.vn\/jp\/wp-json\/wp\/v2\/media\/236"}],"wp:attachment":[{"href":"https:\/\/lydaily.vn\/jp\/wp-json\/wp\/v2\/media?parent=235"}],"wp:term":[{"taxonomy":"product_brand","embeddable":true,"href":"https:\/\/lydaily.vn\/jp\/wp-json\/wp\/v2\/product_brand?post=235"},{"taxonomy":"product_cat","embeddable":true,"href":"https:\/\/lydaily.vn\/jp\/wp-json\/wp\/v2\/product_cat?post=235"},{"taxonomy":"product_tag","embeddable":true,"href":"https:\/\/lydaily.vn\/jp\/wp-json\/wp\/v2\/product_tag?post=235"}],"curies":[{"name":"wp","href":"https:\/\/api.w.org\/{rel}","templated":true}]}}