{"id":233,"date":"2026-02-28T03:35:19","date_gmt":"2026-02-28T03:35:19","guid":{"rendered":"https:\/\/lydaily.qweb.com.vn\/?post_type=product&#038;p=233"},"modified":"2026-03-13T05:10:21","modified_gmt":"2026-03-13T05:10:21","slug":"tra-hong-sam-buleebang-han-quoc-hop-giay-100-goi-x-3g","status":"publish","type":"product","link":"https:\/\/lydaily.vn\/jp\/san-pham\/tra-hong-sam-buleebang-han-quoc-hop-giay-100-goi-x-3g\/","title":{"rendered":"Tr\u00e0 H\u1ed3ng S\u00e2m Buleebang H\u00e0n Qu\u1ed1c H\u1ed9p Gi\u1ea5y (100 G\u00f3i x 3g)"},"content":{"rendered":"<h2 data-id=\"catalog1\"><strong>T\u00e1c d\u1ee5ng c\u1ee7a tr\u00e0 h\u1ed3ng s\u00e2m\u00a0Buleebang H\u00e0n Qu\u1ed1c \u0111\u1ed1i v\u1edbi ng\u01b0\u1eddi d\u00f9ng.<\/strong><\/h2>\n<div>\n<ul>\n<li>T\u0103ng tu\u1ea7n ho\u00e0n m\u00e1u n\u00e3o v\u00e0 c\u1ea3i thi\u1ec7n tr\u00ed nh\u1edb t\u1ed1t.<\/li>\n<li>Gi\u00fap ng\u01b0\u1eddi d\u00f9ng minh m\u1eabn h\u01a1n, \u0111\u1eb7c bi\u1ec7t l\u00e0 ng\u01b0\u1eddi cao tu\u1ed5i.<\/li>\n<li>Gi\u00fap th\u01b0 gi\u00e3n, s\u1ea3ng kho\u00e1i tinh th\u1ea7n,\u0111em l\u1ea1i c\u1ea3m gi\u00e1c kho\u1ebb kho\u1eafn.<\/li>\n<li><strong>Tr\u00e0 h\u1ed3ng s\u00e2m H\u00e0n Qu\u1ed1c<\/strong>\u00a0gi\u00fap ch\u1ed1ng l\u00e3o h\u00f3a v\u00e0 k\u00e9o d\u00e0i tu\u1ed5i th\u1ecd.<\/li>\n<li>B\u1ed3i b\u1ed5 s\u1ee9c kh\u1ecfe t\u0103ng c\u01b0\u1eddng th\u1ec3 tr\u1ea1ng c\u01a1 th\u1ec3 gi\u00fap \u0103n u\u1ed1ng ngon mi\u1ec7ng h\u01a1n.<\/li>\n<li>K\u00edch th\u00edch h\u1ec7 ti\u00eau h\u00f3a t\u0103ng c\u01b0\u1eddng ho\u1ea1t \u0111\u1ed9ng, gi\u00fap c\u01a1 th\u1ec3 d\u1ec5 d\u00e0ng h\u1ea5p thu ch\u1ea5t dinh\u00a0d\u01b0\u1ee1ng, ph\u00f2ng ch\u1ed1ng c\u00e1c b\u1ec7nh v\u1ec1 d\u1ea1 d\u00e0y.<\/li>\n<li>T\u0103ng c\u01b0\u1eddng h\u1ec7 mi\u1ec5n d\u1ecbch, kh\u00e1ng vi\u00eam kh\u00e1ng khu\u1ea9n cho c\u01a1 th\u1ec3.<\/li>\n<li>Gi\u00fap cho da s\u00e1ng m\u1ecbn,h\u1ed3ng h\u00e0o, gi\u1ea3m v\u1ebft th\u00e2m n\u00e1m.<\/li>\n<li>Gi\u1ea3m c\u0103ng th\u1eb3ng, m\u1ec7t m\u1ecfi, lo l\u1eafng, nh\u1ee9c \u0111\u1ea7u, ch\u00f3ng m\u1eb7t.<\/li>\n<li>Thanh nhi\u1ec7t gi\u1ea3i \u0111\u1ed9c gi\u00fap t\u1ec9nh t\u00e1o t\u1eadp trung trong c\u00f4ng vi\u1ec7c hay h\u1ecdc t\u1eadp.<\/li>\n<li><strong>Tr\u00e0 h\u1ed3ng s\u00e2m\u00a0<\/strong>\u0111\u01b0\u1ee3c ch\u1ebf bi\u1ebfn d\u01b0\u1edbi d\u1ea1ng h\u00f2a tan v\u1edbi h\u01b0\u01a1ng v\u1ecb th\u01a1m ngon, d\u1ec5 u\u1ed1ng, c\u00f3 th\u1ec3 s\u1eed d\u1ee5ng h\u1eb1ng ng\u00e0y nh\u01b0 m\u1ed9t lo\u1ea1i n\u01b0\u1edbc gi\u1ea3i kh\u00e1t.<\/li>\n<\/ul>\n<p><em>(*) L\u01b0u \u00fd: S\u1ea3n ph\u1ea9m kh\u00f4ng ph\u1ea3i l\u00e0 thu\u1ed1c v\u00e0 kh\u00f4ng th\u1ec3 thay th\u1ebf thu\u1ed1c ch\u1eefa b\u1ec7nh.<\/em><\/p>\n<h2 data-id=\"catalog3\"><strong>H\u01b0\u1edbng d\u1eabn c\u00e1ch s\u1eed d\u1ee5ng v\u00e0 b\u1ea3o qu\u1ea3n tr\u00e0\u00a0h\u1ed3ng s\u00e2m H\u00e0n Qu\u1ed1c hi\u1ec7u qu\u1ea3.<\/strong><\/h2>\n<div>\n<ul>\n<li>Ng\u00e0y u\u1ed1ng t\u1eeb 1 &#8211; 3 l\u1ea7n, m\u1ed7i pha 1 g\u00f3i v\u1edbi kho\u1ea3ng 100ml ~150ml n\u01b0\u1edbc \u1ea5m.<\/li>\n<li>C\u00f3 th\u1ec3 th\u00eam m\u1eadt ong n\u1ebfu c\u1ea3m th\u1ea5y c\u00f2n v\u1ecb \u0111\u1eafng.<\/li>\n<li>D\u00f9ng v\u00e0o bu\u1ed5i s\u00e1ng v\u00e0 tr\u01b0a l\u00e0 t\u1ed1t nh\u1ea5t.<\/li>\n<li>Kh\u00f4ng n\u00ean d\u00f9ng\u00a0<strong>tr\u00e0 h\u1ed3ng s\u00e2m\u00a0<\/strong>v\u00e0o bu\u1ed5i t\u1ed1i tr\u00e1nh m\u1ea5t ng\u1ee7.<\/li>\n<\/ul>\n<\/div>\n<\/div>\n","protected":false},"excerpt":{"rendered":"<p><u>Th\u01b0\u01a1ng hi\u1ec7u<\/u>: Buleebang<\/p>\n<p><u>Xu\u1ea5t x\u1ee9<\/u>: H\u00e0n Qu\u1ed1c<\/p>\n<p><u>Quy c\u00e1ch<\/u>: 100 g\u00f3i x 3gr<\/p>\n","protected":false},"featured_media":234,"comment_status":"open","ping_status":"closed","template":"","meta":[],"product_brand":[],"product_cat":[21],"product_tag":[],"class_list":{"0":"post-233","1":"product","2":"type-product","3":"status-publish","4":"has-post-thumbnail","6":"product_cat-thuc-pham-chuc-nang","8":"first","9":"instock","10":"shipping-taxable","11":"purchasable","12":"product-type-simple"},"yoast_head":"<!-- This site is optimized with the Yoast SEO Premium plugin v22.3 (Yoast SEO v27.1.1) - https:\/\/yoast.com\/product\/yoast-seo-premium-wordpress\/ -->\n<title>Tr\u00e0 H\u1ed3ng S\u00e2m Buleebang H\u00e0n Qu\u1ed1c H\u1ed9p Gi\u1ea5y (100 G\u00f3i x 3g) - Ly Daily<\/title>\n<meta name=\"robots\" content=\"index, follow, max-snippet:-1, max-image-preview:large, max-video-preview:-1\" \/>\n<link rel=\"canonical\" href=\"https:\/\/lydaily.vn\/jp\/san-pham\/tra-hong-sam-buleebang-han-quoc-hop-giay-100-goi-x-3g\/\" \/>\n<meta property=\"og:locale\" content=\"vi_VN\" \/>\n<meta property=\"og:type\" content=\"article\" \/>\n<meta property=\"og:title\" content=\"Tr\u00e0 H\u1ed3ng S\u00e2m Buleebang H\u00e0n Qu\u1ed1c H\u1ed9p Gi\u1ea5y (100 G\u00f3i x 3g)\" \/>\n<meta property=\"og:description\" content=\"Th\u01b0\u01a1ng hi\u1ec7u: Buleebang  Xu\u1ea5t x\u1ee9: H\u00e0n Qu\u1ed1c  Quy c\u00e1ch: 100 g\u00f3i x 3gr\" \/>\n<meta property=\"og:url\" content=\"https:\/\/lydaily.vn\/jp\/san-pham\/tra-hong-sam-buleebang-han-quoc-hop-giay-100-goi-x-3g\/\" \/>\n<meta property=\"og:site_name\" content=\"Ly Daily\" \/>\n<meta property=\"article:modified_time\" content=\"2026-03-13T05:10:21+00:00\" \/>\n<meta property=\"og:image\" content=\"https:\/\/lydaily.vn\/jp\/wp-content\/uploads\/2026\/02\/Tra-Hong-Sam-Buleebang-Han-Quoc-Hop-Giay-100-Goi-x-3g.jpg\" \/>\n\t<meta property=\"og:image:width\" content=\"600\" \/>\n\t<meta property=\"og:image:height\" content=\"600\" \/>\n\t<meta property=\"og:image:type\" content=\"image\/jpeg\" \/>\n<meta name=\"twitter:card\" content=\"summary_large_image\" \/>\n<meta name=\"twitter:label1\" content=\"\u01af\u1edbc t\u00ednh th\u1eddi gian \u0111\u1ecdc\" \/>\n\t<meta name=\"twitter:data1\" content=\"2 ph\u00fat\" \/>\n<script type=\"application\/ld+json\" class=\"yoast-schema-graph\">{\"@context\":\"https:\/\/schema.org\",\"@graph\":[{\"@type\":\"WebPage\",\"@id\":\"https:\/\/lydaily.vn\/jp\/san-pham\/tra-hong-sam-buleebang-han-quoc-hop-giay-100-goi-x-3g\/\",\"url\":\"https:\/\/lydaily.vn\/jp\/san-pham\/tra-hong-sam-buleebang-han-quoc-hop-giay-100-goi-x-3g\/\",\"name\":\"Tr\u00e0 H\u1ed3ng S\u00e2m Buleebang H\u00e0n Qu\u1ed1c H\u1ed9p Gi\u1ea5y (100 G\u00f3i x 3g) - Ly Daily\",\"isPartOf\":{\"@id\":\"https:\/\/lydaily.vn\/jp\/#website\"},\"primaryImageOfPage\":{\"@id\":\"https:\/\/lydaily.vn\/jp\/san-pham\/tra-hong-sam-buleebang-han-quoc-hop-giay-100-goi-x-3g\/#primaryimage\"},\"image\":{\"@id\":\"https:\/\/lydaily.vn\/jp\/san-pham\/tra-hong-sam-buleebang-han-quoc-hop-giay-100-goi-x-3g\/#primaryimage\"},\"thumbnailUrl\":\"https:\/\/lydaily.vn\/jp\/wp-content\/uploads\/2026\/02\/Tra-Hong-Sam-Buleebang-Han-Quoc-Hop-Giay-100-Goi-x-3g.jpg\",\"datePublished\":\"2026-02-28T03:35:19+00:00\",\"dateModified\":\"2026-03-13T05:10:21+00:00\",\"breadcrumb\":{\"@id\":\"https:\/\/lydaily.vn\/jp\/san-pham\/tra-hong-sam-buleebang-han-quoc-hop-giay-100-goi-x-3g\/#breadcrumb\"},\"inLanguage\":\"vi\",\"potentialAction\":[{\"@type\":\"ReadAction\",\"target\":[\"https:\/\/lydaily.vn\/jp\/san-pham\/tra-hong-sam-buleebang-han-quoc-hop-giay-100-goi-x-3g\/\"]}]},{\"@type\":\"ImageObject\",\"inLanguage\":\"vi\",\"@id\":\"https:\/\/lydaily.vn\/jp\/san-pham\/tra-hong-sam-buleebang-han-quoc-hop-giay-100-goi-x-3g\/#primaryimage\",\"url\":\"https:\/\/lydaily.vn\/jp\/wp-content\/uploads\/2026\/02\/Tra-Hong-Sam-Buleebang-Han-Quoc-Hop-Giay-100-Goi-x-3g.jpg\",\"contentUrl\":\"https:\/\/lydaily.vn\/jp\/wp-content\/uploads\/2026\/02\/Tra-Hong-Sam-Buleebang-Han-Quoc-Hop-Giay-100-Goi-x-3g.jpg\",\"width\":600,\"height\":600},{\"@type\":\"BreadcrumbList\",\"@id\":\"https:\/\/lydaily.vn\/jp\/san-pham\/tra-hong-sam-buleebang-han-quoc-hop-giay-100-goi-x-3g\/#breadcrumb\",\"itemListElement\":[{\"@type\":\"ListItem\",\"position\":1,\"name\":\"Home\",\"item\":\"https:\/\/lydaily.vn\/jp\/\"},{\"@type\":\"ListItem\",\"position\":2,\"name\":\"S\u1ea3n ph\u1ea9m\",\"item\":\"https:\/\/lydaily.vn\/jp\/san-pham\/\"},{\"@type\":\"ListItem\",\"position\":3,\"name\":\"Tr\u00e0 H\u1ed3ng S\u00e2m Buleebang H\u00e0n Qu\u1ed1c H\u1ed9p Gi\u1ea5y (100 G\u00f3i x 3g)\"}]},{\"@type\":\"WebSite\",\"@id\":\"https:\/\/lydaily.vn\/jp\/#website\",\"url\":\"https:\/\/lydaily.vn\/jp\/\",\"name\":\"Ly Daily\",\"description\":\"Th\u1ef1c Ph\u1ea9m Ch\u1ee9c N\u0103ng &amp; M\u1ef9 Ph\u1ea9m t\u1ea1i Nh\u1eadt B\u1ea3n v\u00e0 Vi\u1ec7t Nam\",\"potentialAction\":[{\"@type\":\"SearchAction\",\"target\":{\"@type\":\"EntryPoint\",\"urlTemplate\":\"https:\/\/lydaily.vn\/jp\/?s={search_term_string}\"},\"query-input\":{\"@type\":\"PropertyValueSpecification\",\"valueRequired\":true,\"valueName\":\"search_term_string\"}}],\"inLanguage\":\"vi\"}]}<\/script>\n<!-- \/ Yoast SEO Premium plugin. -->","yoast_head_json":{"title":"Tr\u00e0 H\u1ed3ng S\u00e2m Buleebang H\u00e0n Qu\u1ed1c H\u1ed9p Gi\u1ea5y (100 G\u00f3i x 3g) - Ly Daily","robots":{"index":"index","follow":"follow","max-snippet":"max-snippet:-1","max-image-preview":"max-image-preview:large","max-video-preview":"max-video-preview:-1"},"canonical":"https:\/\/lydaily.vn\/jp\/san-pham\/tra-hong-sam-buleebang-han-quoc-hop-giay-100-goi-x-3g\/","og_locale":"vi_VN","og_type":"article","og_title":"Tr\u00e0 H\u1ed3ng S\u00e2m Buleebang H\u00e0n Qu\u1ed1c H\u1ed9p Gi\u1ea5y (100 G\u00f3i x 3g)","og_description":"Th\u01b0\u01a1ng hi\u1ec7u: Buleebang  Xu\u1ea5t x\u1ee9: H\u00e0n Qu\u1ed1c  Quy c\u00e1ch: 100 g\u00f3i x 3gr","og_url":"https:\/\/lydaily.vn\/jp\/san-pham\/tra-hong-sam-buleebang-han-quoc-hop-giay-100-goi-x-3g\/","og_site_name":"Ly Daily","article_modified_time":"2026-03-13T05:10:21+00:00","og_image":[{"width":600,"height":600,"url":"https:\/\/lydaily.vn\/jp\/wp-content\/uploads\/2026\/02\/Tra-Hong-Sam-Buleebang-Han-Quoc-Hop-Giay-100-Goi-x-3g.jpg","type":"image\/jpeg"}],"twitter_card":"summary_large_image","twitter_misc":{"\u01af\u1edbc t\u00ednh th\u1eddi gian \u0111\u1ecdc":"2 ph\u00fat"},"schema":{"@context":"https:\/\/schema.org","@graph":[{"@type":"WebPage","@id":"https:\/\/lydaily.vn\/jp\/san-pham\/tra-hong-sam-buleebang-han-quoc-hop-giay-100-goi-x-3g\/","url":"https:\/\/lydaily.vn\/jp\/san-pham\/tra-hong-sam-buleebang-han-quoc-hop-giay-100-goi-x-3g\/","name":"Tr\u00e0 H\u1ed3ng S\u00e2m Buleebang H\u00e0n Qu\u1ed1c H\u1ed9p Gi\u1ea5y (100 G\u00f3i x 3g) - Ly Daily","isPartOf":{"@id":"https:\/\/lydaily.vn\/jp\/#website"},"primaryImageOfPage":{"@id":"https:\/\/lydaily.vn\/jp\/san-pham\/tra-hong-sam-buleebang-han-quoc-hop-giay-100-goi-x-3g\/#primaryimage"},"image":{"@id":"https:\/\/lydaily.vn\/jp\/san-pham\/tra-hong-sam-buleebang-han-quoc-hop-giay-100-goi-x-3g\/#primaryimage"},"thumbnailUrl":"https:\/\/lydaily.vn\/jp\/wp-content\/uploads\/2026\/02\/Tra-Hong-Sam-Buleebang-Han-Quoc-Hop-Giay-100-Goi-x-3g.jpg","datePublished":"2026-02-28T03:35:19+00:00","dateModified":"2026-03-13T05:10:21+00:00","breadcrumb":{"@id":"https:\/\/lydaily.vn\/jp\/san-pham\/tra-hong-sam-buleebang-han-quoc-hop-giay-100-goi-x-3g\/#breadcrumb"},"inLanguage":"vi","potentialAction":[{"@type":"ReadAction","target":["https:\/\/lydaily.vn\/jp\/san-pham\/tra-hong-sam-buleebang-han-quoc-hop-giay-100-goi-x-3g\/"]}]},{"@type":"ImageObject","inLanguage":"vi","@id":"https:\/\/lydaily.vn\/jp\/san-pham\/tra-hong-sam-buleebang-han-quoc-hop-giay-100-goi-x-3g\/#primaryimage","url":"https:\/\/lydaily.vn\/jp\/wp-content\/uploads\/2026\/02\/Tra-Hong-Sam-Buleebang-Han-Quoc-Hop-Giay-100-Goi-x-3g.jpg","contentUrl":"https:\/\/lydaily.vn\/jp\/wp-content\/uploads\/2026\/02\/Tra-Hong-Sam-Buleebang-Han-Quoc-Hop-Giay-100-Goi-x-3g.jpg","width":600,"height":600},{"@type":"BreadcrumbList","@id":"https:\/\/lydaily.vn\/jp\/san-pham\/tra-hong-sam-buleebang-han-quoc-hop-giay-100-goi-x-3g\/#breadcrumb","itemListElement":[{"@type":"ListItem","position":1,"name":"Home","item":"https:\/\/lydaily.vn\/jp\/"},{"@type":"ListItem","position":2,"name":"S\u1ea3n ph\u1ea9m","item":"https:\/\/lydaily.vn\/jp\/san-pham\/"},{"@type":"ListItem","position":3,"name":"Tr\u00e0 H\u1ed3ng S\u00e2m Buleebang H\u00e0n Qu\u1ed1c H\u1ed9p Gi\u1ea5y (100 G\u00f3i x 3g)"}]},{"@type":"WebSite","@id":"https:\/\/lydaily.vn\/jp\/#website","url":"https:\/\/lydaily.vn\/jp\/","name":"Ly Daily","description":"Th\u1ef1c Ph\u1ea9m Ch\u1ee9c N\u0103ng &amp; M\u1ef9 Ph\u1ea9m t\u1ea1i Nh\u1eadt B\u1ea3n v\u00e0 Vi\u1ec7t Nam","potentialAction":[{"@type":"SearchAction","target":{"@type":"EntryPoint","urlTemplate":"https:\/\/lydaily.vn\/jp\/?s={search_term_string}"},"query-input":{"@type":"PropertyValueSpecification","valueRequired":true,"valueName":"search_term_string"}}],"inLanguage":"vi"}]}},"_links":{"self":[{"href":"https:\/\/lydaily.vn\/jp\/wp-json\/wp\/v2\/product\/233","targetHints":{"allow":["GET"]}}],"collection":[{"href":"https:\/\/lydaily.vn\/jp\/wp-json\/wp\/v2\/product"}],"about":[{"href":"https:\/\/lydaily.vn\/jp\/wp-json\/wp\/v2\/types\/product"}],"replies":[{"embeddable":true,"href":"https:\/\/lydaily.vn\/jp\/wp-json\/wp\/v2\/comments?post=233"}],"wp:featuredmedia":[{"embeddable":true,"href":"https:\/\/lydaily.vn\/jp\/wp-json\/wp\/v2\/media\/234"}],"wp:attachment":[{"href":"https:\/\/lydaily.vn\/jp\/wp-json\/wp\/v2\/media?parent=233"}],"wp:term":[{"taxonomy":"product_brand","embeddable":true,"href":"https:\/\/lydaily.vn\/jp\/wp-json\/wp\/v2\/product_brand?post=233"},{"taxonomy":"product_cat","embeddable":true,"href":"https:\/\/lydaily.vn\/jp\/wp-json\/wp\/v2\/product_cat?post=233"},{"taxonomy":"product_tag","embeddable":true,"href":"https:\/\/lydaily.vn\/jp\/wp-json\/wp\/v2\/product_tag?post=233"}],"curies":[{"name":"wp","href":"https:\/\/api.w.org\/{rel}","templated":true}]}}