{"id":231,"date":"2026-02-28T03:32:20","date_gmt":"2026-02-28T03:32:20","guid":{"rendered":"https:\/\/lydaily.qweb.com.vn\/?post_type=product&#038;p=231"},"modified":"2026-03-13T05:09:44","modified_gmt":"2026-03-13T05:09:44","slug":"keo-deo-bo-sung-vitamin-c-uha","status":"publish","type":"product","link":"https:\/\/lydaily.vn\/jp\/san-pham\/keo-deo-bo-sung-vitamin-c-uha\/","title":{"rendered":"K\u1eb9o d\u1ebbo b\u1ed5 sung Vitamin C UHA"},"content":{"rendered":"<ul data-start=\"273\" data-end=\"691\">\n<li data-start=\"273\" data-end=\"414\">\n<p data-start=\"275\" data-end=\"335\"><strong data-start=\"278\" data-end=\"302\">Vitamin C 500mg\/ng\u00e0y<\/strong>\u00a0(t\u01b0\u01a1ng \u0111\u01b0\u01a1ng 25 qu\u1ea3 chanh) gi\u00fap:<\/p>\n<ul data-start=\"338\" data-end=\"414\">\n<li data-start=\"338\" data-end=\"372\">\n<p data-start=\"340\" data-end=\"372\">T\u0103ng s\u1ee9c \u0111\u1ec1 kh\u00e1ng, ph\u00f2ng c\u1ea3m c\u00fam<\/p>\n<\/li>\n<li data-start=\"375\" data-end=\"414\">\n<p data-start=\"377\" data-end=\"414\">L\u00e0m s\u00e1ng da, h\u1ed7 tr\u1ee3 s\u1ea3n sinh collagen<\/p>\n<\/li>\n<\/ul>\n<\/li>\n<li data-start=\"415\" data-end=\"473\">\n<p data-start=\"417\" data-end=\"473\">\u00a0<strong data-start=\"420\" data-end=\"442\">V\u1ecb chanh th\u01a1m ngon<\/strong>, d\u1ec5 \u0103n \u2013 nh\u01b0 k\u1eb9o d\u1ebbo m\u1ed7i ng\u00e0y!<\/p>\n<\/li>\n<li data-start=\"474\" data-end=\"556\">\n<p data-start=\"476\" data-end=\"556\">\u00a0G\u1ed3m <strong data-start=\"483\" data-end=\"507\">10 t\u00fai nh\u1ecf x 20 vi\u00ean<\/strong>\u00a0\u2013 ti\u1ec7n l\u1ee3i mang theo khi \u0111i h\u1ecdc, \u0111i l\u00e0m, du l\u1ecbch<\/p>\n<\/li>\n<li data-start=\"557\" data-end=\"621\">\n<p data-start=\"559\" data-end=\"621\">\u00a0C\u00f3 th\u1ec3 <strong data-start=\"575\" data-end=\"601\">chia s\u1ebb cho ng\u01b0\u1eddi th\u00e2n<\/strong>\u00a0nh\u1edd thi\u1ebft k\u1ebf t\u00fai l\u1ebb<\/p>\n<\/li>\n<li data-start=\"622\" data-end=\"691\">\n<p data-start=\"624\" data-end=\"691\">\u00a0K\u1ebft h\u1ee3p th\u00eam <strong data-start=\"640\" data-end=\"654\">Vitamin B2<\/strong>\u00a0gi\u00fap h\u1ea5p thu d\u01b0\u1ee1ng ch\u1ea5t hi\u1ec7u qu\u1ea3 h\u01a1n<\/p>\n<\/li>\n<\/ul>\n<h3 data-start=\"698\" data-end=\"727\"><strong data-start=\"705\" data-end=\"727\">Th\u00f4ng tin s\u1ea3n ph\u1ea9m<\/strong><\/h3>\n<ul data-start=\"728\" data-end=\"1115\">\n<li data-start=\"728\" data-end=\"769\">\n<p data-start=\"730\" data-end=\"769\"><strong data-start=\"730\" data-end=\"746\">T\u00ean s\u1ea3n ph\u1ea9m<\/strong>: K\u1eb9o d\u1ebbo UHA Vitamin C<\/p>\n<\/li>\n<li data-start=\"770\" data-end=\"818\">\n<p data-start=\"772\" data-end=\"818\"><strong data-start=\"772\" data-end=\"787\">Th\u01b0\u01a1ng hi\u1ec7u<\/strong>: UHA Mikakuto (\u5473\u899a\u7cd6) \u2013 Nh\u1eadt B\u1ea3n<\/p>\n<\/li>\n<li data-start=\"819\" data-end=\"906\">\n<p data-start=\"821\" data-end=\"906\"><strong data-start=\"821\" data-end=\"833\">Quy c\u00e1ch<\/strong>: 1 h\u1ed9p g\u1ed3m\u00a0<strong data-start=\"845\" data-end=\"859\">10 t\u00fai nh\u1ecf<\/strong>, m\u1ed7i t\u00fai ch\u1ee9a 20 vi\u00ean \u2192 t\u1ed5ng c\u1ed9ng\u00a0<strong data-start=\"894\" data-end=\"906\">200 vi\u00ean<\/strong><\/p>\n<\/li>\n<li data-start=\"907\" data-end=\"972\">\n<p data-start=\"909\" data-end=\"972\"><strong data-start=\"909\" data-end=\"934\">Li\u1ec1u d\u00f9ng khuy\u1ebfn ngh\u1ecb<\/strong>: 2 vi\u00ean\/ng\u00e0y \u2192 d\u00f9ng \u0111\u01b0\u1ee3c\u00a0<strong data-start=\"960\" data-end=\"972\">100 ng\u00e0y<\/strong><\/p>\n<\/li>\n<li data-start=\"973\" data-end=\"1004\">\n<p data-start=\"975\" data-end=\"1004\"><strong data-start=\"975\" data-end=\"998\">Kh\u1ed1i l\u01b0\u1ee3ng \u0111\u00f3ng g\u00f3i<\/strong>: 720g<\/p>\n<\/li>\n<li data-start=\"1005\" data-end=\"1046\">\n<p data-start=\"1007\" data-end=\"1046\"><strong data-start=\"1007\" data-end=\"1025\">K\u00edch th\u01b0\u1edbc h\u1ed9p<\/strong>: 23.7 x 17 x 10.1 cm<\/p>\n<\/li>\n<li data-start=\"1047\" data-end=\"1069\">\n<p data-start=\"1049\" data-end=\"1069\"><strong data-start=\"1049\" data-end=\"1059\">M\u00f9i v\u1ecb<\/strong>: Chanh<\/p>\n<\/li>\n<li data-start=\"1070\" data-end=\"1115\">\n<p data-start=\"1072\" data-end=\"1115\"><strong data-start=\"1072\" data-end=\"1092\">Th\u00e0nh ph\u1ea7n ch\u00ednh<\/strong>: Vitamin C, Vitamin B2<\/p>\n<\/li>\n<\/ul>\n<h3 data-start=\"1122\" data-end=\"1142\"><strong data-start=\"1129\" data-end=\"1142\">C\u00e1ch d\u00f9ng<\/strong><\/h3>\n<ul data-start=\"1143\" data-end=\"1283\">\n<li data-start=\"1143\" data-end=\"1176\">\n<p data-start=\"1145\" data-end=\"1176\">M\u1ed7i ng\u00e0y nhai\u00a0<strong data-start=\"1159\" data-end=\"1169\">2 vi\u00ean<\/strong>\u00a0sau \u0103n<\/p>\n<\/li>\n<li data-start=\"1177\" data-end=\"1232\">\n<p data-start=\"1179\" data-end=\"1232\">C\u00f3 th\u1ec3 d\u00f9ng nh\u01b0 k\u1eb9o d\u1ebbo th\u00f4ng th\u01b0\u1eddng \u2013 kh\u00f4ng c\u1ea7n n\u01b0\u1edbc<\/p>\n<\/li>\n<li data-start=\"1233\" data-end=\"1283\">\n<p data-start=\"1235\" data-end=\"1283\">Ph\u00f9 h\u1ee3p cho\u00a0<strong data-start=\"1247\" data-end=\"1283\">ng\u01b0\u1eddi l\u1edbn v\u00e0 tr\u1ebb em tr\u00ean 12 tu\u1ed5i<\/strong><\/p>\n<\/li>\n<\/ul>\n<h3 data-start=\"1290\" data-end=\"1317\">\u00a0<strong data-start=\"1297\" data-end=\"1317\">L\u1ee3i \u00edch s\u1ee9c kh\u1ecfe<\/strong><\/h3>\n<p data-start=\"1318\" data-end=\"1500\">\u2705 H\u1ed7 tr\u1ee3 h\u1ec7 mi\u1ec5n d\u1ecbch kh\u1ecfe m\u1ea1nh<br data-start=\"1349\" data-end=\"1352\" \/>\u2705 Gi\u1ea3m m\u1ec7t m\u1ecfi, ng\u0103n ng\u1eeba c\u1ea3m l\u1ea1nh<br data-start=\"1386\" data-end=\"1389\" \/>\u2705 L\u00e0m s\u00e1ng da, m\u1edd th\u00e2m, h\u1ed7 tr\u1ee3 s\u1ea3n sinh collagen<br data-start=\"1437\" data-end=\"1440\" \/>\u2705 D\u1ea1ng k\u1eb9o m\u1ec1m d\u1ec5 \u0103n \u2013 th\u00edch h\u1ee3p c\u1ea3 v\u1edbi ng\u01b0\u1eddi gh\u00e9t u\u1ed1ng vi\u00ean<\/p>\n","protected":false},"excerpt":{"rendered":"<ul data-start=\"1729\" data-end=\"1960\">\n<li data-start=\"1801\" data-end=\"1856\">\n<p data-start=\"1803\" data-end=\"1856\">Thi\u1ebft k\u1ebf\u00a0<strong data-start=\"1815\" data-end=\"1829\">10 t\u00fai nh\u1ecf<\/strong>, ti\u1ec7n chia s\u1ebb ho\u1eb7c mang \u0111i<\/p>\n<\/li>\n<li data-start=\"1857\" data-end=\"1900\">\n<p data-start=\"1859\" data-end=\"1900\">\u00a0V\u1ecb ngon \u2013 d\u1ec5 d\u00f9ng \u2013 d\u1ec5 duy tr\u00ec l\u00e2u d\u00e0i<\/p>\n<\/li>\n<li data-start=\"1901\" data-end=\"1960\">\n<p data-start=\"1903\" data-end=\"1960\">\u00a0L\u00fd t\u01b0\u1edfng cho <strong data-start=\"1919\" data-end=\"1960\">ng\u01b0\u1eddi quan t\u00e2m \u0111\u1ebfn l\u00e0m \u0111\u1eb9p &amp; s\u1ee9c kh\u1ecfe<\/strong><\/p>\n<\/li>\n<\/ul>\n","protected":false},"featured_media":232,"comment_status":"open","ping_status":"closed","template":"","meta":[],"product_brand":[],"product_cat":[21],"product_tag":[],"class_list":{"0":"post-231","1":"product","2":"type-product","3":"status-publish","4":"has-post-thumbnail","6":"product_cat-thuc-pham-chuc-nang","8":"first","9":"instock","10":"shipping-taxable","11":"purchasable","12":"product-type-simple"},"yoast_head":"<!-- This site is optimized with the Yoast SEO Premium plugin v22.3 (Yoast SEO v27.1.1) - https:\/\/yoast.com\/product\/yoast-seo-premium-wordpress\/ -->\n<title>K\u1eb9o d\u1ebbo b\u1ed5 sung Vitamin C UHA - Ly Daily<\/title>\n<meta name=\"robots\" content=\"index, follow, max-snippet:-1, max-image-preview:large, max-video-preview:-1\" \/>\n<link rel=\"canonical\" href=\"https:\/\/lydaily.vn\/jp\/san-pham\/keo-deo-bo-sung-vitamin-c-uha\/\" \/>\n<meta property=\"og:locale\" content=\"vi_VN\" \/>\n<meta property=\"og:type\" content=\"article\" \/>\n<meta property=\"og:title\" content=\"K\u1eb9o d\u1ebbo b\u1ed5 sung Vitamin C UHA\" \/>\n<meta property=\"og:description\" content=\"Thi\u1ebft k\u1ebf\u00a010 t\u00fai nh\u1ecf, ti\u1ec7n chia s\u1ebb ho\u1eb7c mang \u0111i    \u00a0V\u1ecb ngon \u2013 d\u1ec5 d\u00f9ng \u2013 d\u1ec5 duy tr\u00ec l\u00e2u d\u00e0i    \u00a0L\u00fd t\u01b0\u1edfng cho ng\u01b0\u1eddi quan t\u00e2m \u0111\u1ebfn l\u00e0m \u0111\u1eb9p &amp; s\u1ee9c kh\u1ecfe\" \/>\n<meta property=\"og:url\" content=\"https:\/\/lydaily.vn\/jp\/san-pham\/keo-deo-bo-sung-vitamin-c-uha\/\" \/>\n<meta property=\"og:site_name\" content=\"Ly Daily\" \/>\n<meta property=\"article:modified_time\" content=\"2026-03-13T05:09:44+00:00\" \/>\n<meta property=\"og:image\" content=\"https:\/\/lydaily.vn\/jp\/wp-content\/uploads\/2026\/02\/Keo-deo-bo-sung-Vitamin-C-UHA.jpg\" \/>\n\t<meta property=\"og:image:width\" content=\"1000\" \/>\n\t<meta property=\"og:image:height\" content=\"1374\" \/>\n\t<meta property=\"og:image:type\" content=\"image\/jpeg\" \/>\n<meta name=\"twitter:card\" content=\"summary_large_image\" \/>\n<meta name=\"twitter:label1\" content=\"\u01af\u1edbc t\u00ednh th\u1eddi gian \u0111\u1ecdc\" \/>\n\t<meta name=\"twitter:data1\" content=\"2 ph\u00fat\" \/>\n<script type=\"application\/ld+json\" class=\"yoast-schema-graph\">{\"@context\":\"https:\/\/schema.org\",\"@graph\":[{\"@type\":\"WebPage\",\"@id\":\"https:\/\/lydaily.vn\/jp\/san-pham\/keo-deo-bo-sung-vitamin-c-uha\/\",\"url\":\"https:\/\/lydaily.vn\/jp\/san-pham\/keo-deo-bo-sung-vitamin-c-uha\/\",\"name\":\"K\u1eb9o d\u1ebbo b\u1ed5 sung Vitamin C UHA - Ly Daily\",\"isPartOf\":{\"@id\":\"https:\/\/lydaily.vn\/jp\/#website\"},\"primaryImageOfPage\":{\"@id\":\"https:\/\/lydaily.vn\/jp\/san-pham\/keo-deo-bo-sung-vitamin-c-uha\/#primaryimage\"},\"image\":{\"@id\":\"https:\/\/lydaily.vn\/jp\/san-pham\/keo-deo-bo-sung-vitamin-c-uha\/#primaryimage\"},\"thumbnailUrl\":\"https:\/\/lydaily.vn\/jp\/wp-content\/uploads\/2026\/02\/Keo-deo-bo-sung-Vitamin-C-UHA.jpg\",\"datePublished\":\"2026-02-28T03:32:20+00:00\",\"dateModified\":\"2026-03-13T05:09:44+00:00\",\"breadcrumb\":{\"@id\":\"https:\/\/lydaily.vn\/jp\/san-pham\/keo-deo-bo-sung-vitamin-c-uha\/#breadcrumb\"},\"inLanguage\":\"vi\",\"potentialAction\":[{\"@type\":\"ReadAction\",\"target\":[\"https:\/\/lydaily.vn\/jp\/san-pham\/keo-deo-bo-sung-vitamin-c-uha\/\"]}]},{\"@type\":\"ImageObject\",\"inLanguage\":\"vi\",\"@id\":\"https:\/\/lydaily.vn\/jp\/san-pham\/keo-deo-bo-sung-vitamin-c-uha\/#primaryimage\",\"url\":\"https:\/\/lydaily.vn\/jp\/wp-content\/uploads\/2026\/02\/Keo-deo-bo-sung-Vitamin-C-UHA.jpg\",\"contentUrl\":\"https:\/\/lydaily.vn\/jp\/wp-content\/uploads\/2026\/02\/Keo-deo-bo-sung-Vitamin-C-UHA.jpg\",\"width\":1000,\"height\":1374},{\"@type\":\"BreadcrumbList\",\"@id\":\"https:\/\/lydaily.vn\/jp\/san-pham\/keo-deo-bo-sung-vitamin-c-uha\/#breadcrumb\",\"itemListElement\":[{\"@type\":\"ListItem\",\"position\":1,\"name\":\"Home\",\"item\":\"https:\/\/lydaily.vn\/jp\/\"},{\"@type\":\"ListItem\",\"position\":2,\"name\":\"S\u1ea3n ph\u1ea9m\",\"item\":\"https:\/\/lydaily.vn\/jp\/san-pham\/\"},{\"@type\":\"ListItem\",\"position\":3,\"name\":\"K\u1eb9o d\u1ebbo b\u1ed5 sung Vitamin C UHA\"}]},{\"@type\":\"WebSite\",\"@id\":\"https:\/\/lydaily.vn\/jp\/#website\",\"url\":\"https:\/\/lydaily.vn\/jp\/\",\"name\":\"Ly Daily\",\"description\":\"Th\u1ef1c Ph\u1ea9m Ch\u1ee9c N\u0103ng &amp; M\u1ef9 Ph\u1ea9m t\u1ea1i Nh\u1eadt B\u1ea3n v\u00e0 Vi\u1ec7t Nam\",\"potentialAction\":[{\"@type\":\"SearchAction\",\"target\":{\"@type\":\"EntryPoint\",\"urlTemplate\":\"https:\/\/lydaily.vn\/jp\/?s={search_term_string}\"},\"query-input\":{\"@type\":\"PropertyValueSpecification\",\"valueRequired\":true,\"valueName\":\"search_term_string\"}}],\"inLanguage\":\"vi\"}]}<\/script>\n<!-- \/ Yoast SEO Premium plugin. -->","yoast_head_json":{"title":"K\u1eb9o d\u1ebbo b\u1ed5 sung Vitamin C UHA - Ly Daily","robots":{"index":"index","follow":"follow","max-snippet":"max-snippet:-1","max-image-preview":"max-image-preview:large","max-video-preview":"max-video-preview:-1"},"canonical":"https:\/\/lydaily.vn\/jp\/san-pham\/keo-deo-bo-sung-vitamin-c-uha\/","og_locale":"vi_VN","og_type":"article","og_title":"K\u1eb9o d\u1ebbo b\u1ed5 sung Vitamin C UHA","og_description":"Thi\u1ebft k\u1ebf\u00a010 t\u00fai nh\u1ecf, ti\u1ec7n chia s\u1ebb ho\u1eb7c mang \u0111i    \u00a0V\u1ecb ngon \u2013 d\u1ec5 d\u00f9ng \u2013 d\u1ec5 duy tr\u00ec l\u00e2u d\u00e0i    \u00a0L\u00fd t\u01b0\u1edfng cho ng\u01b0\u1eddi quan t\u00e2m \u0111\u1ebfn l\u00e0m \u0111\u1eb9p &amp; s\u1ee9c kh\u1ecfe","og_url":"https:\/\/lydaily.vn\/jp\/san-pham\/keo-deo-bo-sung-vitamin-c-uha\/","og_site_name":"Ly Daily","article_modified_time":"2026-03-13T05:09:44+00:00","og_image":[{"width":1000,"height":1374,"url":"https:\/\/lydaily.vn\/jp\/wp-content\/uploads\/2026\/02\/Keo-deo-bo-sung-Vitamin-C-UHA.jpg","type":"image\/jpeg"}],"twitter_card":"summary_large_image","twitter_misc":{"\u01af\u1edbc t\u00ednh th\u1eddi gian \u0111\u1ecdc":"2 ph\u00fat"},"schema":{"@context":"https:\/\/schema.org","@graph":[{"@type":"WebPage","@id":"https:\/\/lydaily.vn\/jp\/san-pham\/keo-deo-bo-sung-vitamin-c-uha\/","url":"https:\/\/lydaily.vn\/jp\/san-pham\/keo-deo-bo-sung-vitamin-c-uha\/","name":"K\u1eb9o d\u1ebbo b\u1ed5 sung Vitamin C UHA - Ly Daily","isPartOf":{"@id":"https:\/\/lydaily.vn\/jp\/#website"},"primaryImageOfPage":{"@id":"https:\/\/lydaily.vn\/jp\/san-pham\/keo-deo-bo-sung-vitamin-c-uha\/#primaryimage"},"image":{"@id":"https:\/\/lydaily.vn\/jp\/san-pham\/keo-deo-bo-sung-vitamin-c-uha\/#primaryimage"},"thumbnailUrl":"https:\/\/lydaily.vn\/jp\/wp-content\/uploads\/2026\/02\/Keo-deo-bo-sung-Vitamin-C-UHA.jpg","datePublished":"2026-02-28T03:32:20+00:00","dateModified":"2026-03-13T05:09:44+00:00","breadcrumb":{"@id":"https:\/\/lydaily.vn\/jp\/san-pham\/keo-deo-bo-sung-vitamin-c-uha\/#breadcrumb"},"inLanguage":"vi","potentialAction":[{"@type":"ReadAction","target":["https:\/\/lydaily.vn\/jp\/san-pham\/keo-deo-bo-sung-vitamin-c-uha\/"]}]},{"@type":"ImageObject","inLanguage":"vi","@id":"https:\/\/lydaily.vn\/jp\/san-pham\/keo-deo-bo-sung-vitamin-c-uha\/#primaryimage","url":"https:\/\/lydaily.vn\/jp\/wp-content\/uploads\/2026\/02\/Keo-deo-bo-sung-Vitamin-C-UHA.jpg","contentUrl":"https:\/\/lydaily.vn\/jp\/wp-content\/uploads\/2026\/02\/Keo-deo-bo-sung-Vitamin-C-UHA.jpg","width":1000,"height":1374},{"@type":"BreadcrumbList","@id":"https:\/\/lydaily.vn\/jp\/san-pham\/keo-deo-bo-sung-vitamin-c-uha\/#breadcrumb","itemListElement":[{"@type":"ListItem","position":1,"name":"Home","item":"https:\/\/lydaily.vn\/jp\/"},{"@type":"ListItem","position":2,"name":"S\u1ea3n ph\u1ea9m","item":"https:\/\/lydaily.vn\/jp\/san-pham\/"},{"@type":"ListItem","position":3,"name":"K\u1eb9o d\u1ebbo b\u1ed5 sung Vitamin C UHA"}]},{"@type":"WebSite","@id":"https:\/\/lydaily.vn\/jp\/#website","url":"https:\/\/lydaily.vn\/jp\/","name":"Ly Daily","description":"Th\u1ef1c Ph\u1ea9m Ch\u1ee9c N\u0103ng &amp; M\u1ef9 Ph\u1ea9m t\u1ea1i Nh\u1eadt B\u1ea3n v\u00e0 Vi\u1ec7t Nam","potentialAction":[{"@type":"SearchAction","target":{"@type":"EntryPoint","urlTemplate":"https:\/\/lydaily.vn\/jp\/?s={search_term_string}"},"query-input":{"@type":"PropertyValueSpecification","valueRequired":true,"valueName":"search_term_string"}}],"inLanguage":"vi"}]}},"_links":{"self":[{"href":"https:\/\/lydaily.vn\/jp\/wp-json\/wp\/v2\/product\/231","targetHints":{"allow":["GET"]}}],"collection":[{"href":"https:\/\/lydaily.vn\/jp\/wp-json\/wp\/v2\/product"}],"about":[{"href":"https:\/\/lydaily.vn\/jp\/wp-json\/wp\/v2\/types\/product"}],"replies":[{"embeddable":true,"href":"https:\/\/lydaily.vn\/jp\/wp-json\/wp\/v2\/comments?post=231"}],"wp:featuredmedia":[{"embeddable":true,"href":"https:\/\/lydaily.vn\/jp\/wp-json\/wp\/v2\/media\/232"}],"wp:attachment":[{"href":"https:\/\/lydaily.vn\/jp\/wp-json\/wp\/v2\/media?parent=231"}],"wp:term":[{"taxonomy":"product_brand","embeddable":true,"href":"https:\/\/lydaily.vn\/jp\/wp-json\/wp\/v2\/product_brand?post=231"},{"taxonomy":"product_cat","embeddable":true,"href":"https:\/\/lydaily.vn\/jp\/wp-json\/wp\/v2\/product_cat?post=231"},{"taxonomy":"product_tag","embeddable":true,"href":"https:\/\/lydaily.vn\/jp\/wp-json\/wp\/v2\/product_tag?post=231"}],"curies":[{"name":"wp","href":"https:\/\/api.w.org\/{rel}","templated":true}]}}