{"id":229,"date":"2026-02-28T03:04:03","date_gmt":"2026-02-28T03:04:03","guid":{"rendered":"https:\/\/lydaily.qweb.com.vn\/?post_type=product&#038;p=229"},"modified":"2026-03-13T05:09:08","modified_gmt":"2026-03-13T05:09:08","slug":"collagen-thach-jelly-placenta-nhat-ban","status":"publish","type":"product","link":"https:\/\/lydaily.vn\/jp\/san-pham\/collagen-thach-jelly-placenta-nhat-ban\/","title":{"rendered":"Collagen th\u1ea1ch Jelly Placenta Nh\u1eadt B\u1ea3n"},"content":{"rendered":"<p>Collagen Th\u1ea1ch Placenta Jelly l\u00e0 s\u1ef1 k\u1ebft h\u1ee3p ho\u00e0n h\u1ea3o gi\u1eefa nhau thai c\u1eebu v\u00e0 collagen, mang l\u1ea1i ngu\u1ed3n b\u1ed5 sung collagen t\u1ed1t nh\u1ea5t cho c\u01a1 th\u1ec3 b\u1ea1n. V\u1edbi th\u00e0nh ph\u1ea7n ch\u00ednh l\u00e0 nhau thai c\u1eebu v\u00e0 collagen, s\u1ea3n ph\u1ea9m n\u00e0y cung c\u1ea5p\u00a0<strong>132,000mg nhau thai c\u1eebu<\/strong>\u00a0v\u00e0\u00a0<strong>77,500mg collagen<\/strong>\u00a0trong m\u1ed7i h\u1ed9p, gi\u00fap c\u1ea3i thi\u1ec7n \u0111\u00e1ng k\u1ec3 s\u1ee9c kho\u1ebb v\u00e0 v\u1ebb \u0111\u1eb9p c\u1ee7a l\u00e0n da.<\/p>\n<p>S\u1ea3n ph\u1ea9m \u0111\u01b0\u1ee3c ch\u1ebf bi\u1ebfn d\u01b0\u1edbi d\u1ea1ng th\u1ea1ch th\u01a1m ngon v\u1edbi h\u01b0\u01a1ng xo\u00e0i t\u01b0\u01a1i m\u00e1t, mang l\u1ea1i tr\u1ea3i nghi\u1ec7m \u0103n u\u1ed1ng th\u00fa v\u1ecb. M\u1ed7i h\u1ed9p Collagen Jelly chia th\u00e0nh\u00a0<strong>31 g\u00f3i nh\u1ecf<\/strong>, ti\u1ec7n l\u1ee3i \u0111\u1ec3 s\u1eed d\u1ee5ng h\u00e0ng ng\u00e0y trong su\u1ed1t m\u1ed9t th\u00e1ng. D\u1ea1ng th\u1ea1ch l\u1ecfng kh\u00f4ng ch\u1ec9 d\u1ec5 s\u1eed d\u1ee5ng m\u00e0 c\u00f2n d\u1ec5 d\u00e0ng mang theo m\u1ecdi l\u00fac m\u1ecdi n\u01a1i, \u0111\u1ea3m b\u1ea3o b\u1ea1n lu\u00f4n c\u00f3 ngu\u1ed3n collagen d\u1ed3i d\u00e0o \u0111\u1ec3 duy tr\u00ec l\u00e0n da kh\u1ecfe m\u1ea1nh v\u00e0 tr\u1ebb trung.<\/p>\n<p><strong>Collagen Th\u1ea1ch Placenta Jelly<\/strong>\u00a0kh\u00f4ng ch\u1ec9 l\u00e0 m\u1ed9t s\u1ef1 b\u1ed5 sung s\u1ee9c kh\u1ecfe, m\u00e0 c\u00f2n l\u00e0 m\u1ed9t ph\u1ea7n th\u01b0\u1edfng cho c\u01a1 th\u1ec3 b\u1ea1n v\u1edbi h\u01b0\u01a1ng v\u1ecb tr\u00e1i c\u00e2y th\u01a1m ngon, gi\u00fap m\u1ed7i ng\u00e0y th\u00eam ph\u1ea7n h\u1ea5p d\u1eabn v\u00e0 th\u00fa v\u1ecb.<\/p>\n<h3><strong>C\u00f4ng d\u1ee5ng collagen th\u1ea1ch nh\u1eadt b\u1ea3n<\/strong><\/h3>\n<ul>\n<li>B\u1ed5 xung nhau thai v\u00e0 collagen.<\/li>\n<li>H\u1ed7 tr\u1ee3 l\u00e0m tr\u1ebb h\u00f3a v\u00e0 m\u1ec1m m\u1ea1i cho da<\/li>\n<li>Gi\u1ea3m c\u00e1c n\u1ebfp nh\u0103n, th\u00e2m, n\u00e1m.<\/li>\n<li>T\u0103ng t\u00ednh \u0111\u00e0n h\u1ed3i cho da, d\u01b0\u1ee1ng \u1ea9m, se kh\u00edt l\u1ed7 ch\u00e2n l\u00f4ng\u2026<\/li>\n<li>T\u0103ng c\u01b0\u1eddng s\u1ee9c kh\u1ecfe, h\u1ed7 tr\u1ee3 cho qu\u00e1 tr\u00ecnh ch\u0103m s\u00f3c s\u1eafc \u0111\u1eb9p t\u1eeb b\u00ean trong.<\/li>\n<li>\u00a0T\u0103ng s\u1ef1 v\u1eadn \u0111\u1ed9ng th\u1ec3 ch\u1ea5t v\u00e0 t\u0103ng c\u01b0\u1eddng s\u1ee9c \u0111\u1ec1 kh\u00e1ng cho g\u00e2n, x\u01b0\u01a1ng, kh\u1edbp.<\/li>\n<li>Ch\u0103m s\u00f3c s\u1ee9c kh\u1ecfe cho da, t\u00f3c, m\u00f3ng,\u2026<\/li>\n<\/ul>\n","protected":false},"excerpt":{"rendered":"<p>V\u1edbi th\u00e0nh ph\u1ea7n ch\u00ednh l\u00e0 nhau thai c\u1eebu v\u00e0 collagen, s\u1ea3n ph\u1ea9m n\u00e0y cung c\u1ea5p\u00a0<strong>132,000mg nhau thai c\u1eebu<\/strong>\u00a0v\u00e0\u00a0<strong>77,500mg collagen<\/strong>\u00a0trong m\u1ed7i h\u1ed9p, gi\u00fap c\u1ea3i thi\u1ec7n \u0111\u00e1ng k\u1ec3 s\u1ee9c kho\u1ebb v\u00e0 v\u1ebb \u0111\u1eb9p c\u1ee7a l\u00e0n da.<\/p>\n","protected":false},"featured_media":230,"comment_status":"open","ping_status":"closed","template":"","meta":[],"product_brand":[],"product_cat":[21],"product_tag":[],"class_list":{"0":"post-229","1":"product","2":"type-product","3":"status-publish","4":"has-post-thumbnail","6":"product_cat-thuc-pham-chuc-nang","8":"first","9":"instock","10":"shipping-taxable","11":"purchasable","12":"product-type-simple"},"yoast_head":"<!-- This site is optimized with the Yoast SEO Premium plugin v22.3 (Yoast SEO v27.1.1) - https:\/\/yoast.com\/product\/yoast-seo-premium-wordpress\/ -->\n<title>Collagen th\u1ea1ch Jelly Placenta Nh\u1eadt B\u1ea3n - Ly Daily<\/title>\n<meta name=\"robots\" content=\"index, follow, max-snippet:-1, max-image-preview:large, max-video-preview:-1\" \/>\n<link rel=\"canonical\" href=\"https:\/\/lydaily.vn\/jp\/san-pham\/collagen-thach-jelly-placenta-nhat-ban\/\" \/>\n<meta property=\"og:locale\" content=\"vi_VN\" \/>\n<meta property=\"og:type\" content=\"article\" \/>\n<meta property=\"og:title\" content=\"Collagen th\u1ea1ch Jelly Placenta Nh\u1eadt B\u1ea3n\" \/>\n<meta property=\"og:description\" content=\"V\u1edbi th\u00e0nh ph\u1ea7n ch\u00ednh l\u00e0 nhau thai c\u1eebu v\u00e0 collagen, s\u1ea3n ph\u1ea9m n\u00e0y cung c\u1ea5p\u00a0132,000mg nhau thai c\u1eebu\u00a0v\u00e0\u00a077,500mg collagen\u00a0trong m\u1ed7i h\u1ed9p, gi\u00fap c\u1ea3i thi\u1ec7n \u0111\u00e1ng k\u1ec3 s\u1ee9c kho\u1ebb v\u00e0 v\u1ebb \u0111\u1eb9p c\u1ee7a l\u00e0n da.\" \/>\n<meta property=\"og:url\" content=\"https:\/\/lydaily.vn\/jp\/san-pham\/collagen-thach-jelly-placenta-nhat-ban\/\" \/>\n<meta property=\"og:site_name\" content=\"Ly Daily\" \/>\n<meta property=\"article:modified_time\" content=\"2026-03-13T05:09:08+00:00\" \/>\n<meta property=\"og:image\" content=\"https:\/\/lydaily.vn\/jp\/wp-content\/uploads\/2026\/02\/Collagen-thach-Jelly-Placenta-Nhat-Ban.jpg\" \/>\n\t<meta property=\"og:image:width\" content=\"300\" \/>\n\t<meta property=\"og:image:height\" content=\"300\" \/>\n\t<meta property=\"og:image:type\" content=\"image\/jpeg\" \/>\n<meta name=\"twitter:card\" content=\"summary_large_image\" \/>\n<meta name=\"twitter:label1\" content=\"\u01af\u1edbc t\u00ednh th\u1eddi gian \u0111\u1ecdc\" \/>\n\t<meta name=\"twitter:data1\" content=\"2 ph\u00fat\" \/>\n<script type=\"application\/ld+json\" class=\"yoast-schema-graph\">{\"@context\":\"https:\/\/schema.org\",\"@graph\":[{\"@type\":\"WebPage\",\"@id\":\"https:\/\/lydaily.vn\/jp\/san-pham\/collagen-thach-jelly-placenta-nhat-ban\/\",\"url\":\"https:\/\/lydaily.vn\/jp\/san-pham\/collagen-thach-jelly-placenta-nhat-ban\/\",\"name\":\"Collagen th\u1ea1ch Jelly Placenta Nh\u1eadt B\u1ea3n - Ly Daily\",\"isPartOf\":{\"@id\":\"https:\/\/lydaily.vn\/jp\/#website\"},\"primaryImageOfPage\":{\"@id\":\"https:\/\/lydaily.vn\/jp\/san-pham\/collagen-thach-jelly-placenta-nhat-ban\/#primaryimage\"},\"image\":{\"@id\":\"https:\/\/lydaily.vn\/jp\/san-pham\/collagen-thach-jelly-placenta-nhat-ban\/#primaryimage\"},\"thumbnailUrl\":\"https:\/\/lydaily.vn\/jp\/wp-content\/uploads\/2026\/02\/Collagen-thach-Jelly-Placenta-Nhat-Ban.jpg\",\"datePublished\":\"2026-02-28T03:04:03+00:00\",\"dateModified\":\"2026-03-13T05:09:08+00:00\",\"breadcrumb\":{\"@id\":\"https:\/\/lydaily.vn\/jp\/san-pham\/collagen-thach-jelly-placenta-nhat-ban\/#breadcrumb\"},\"inLanguage\":\"vi\",\"potentialAction\":[{\"@type\":\"ReadAction\",\"target\":[\"https:\/\/lydaily.vn\/jp\/san-pham\/collagen-thach-jelly-placenta-nhat-ban\/\"]}]},{\"@type\":\"ImageObject\",\"inLanguage\":\"vi\",\"@id\":\"https:\/\/lydaily.vn\/jp\/san-pham\/collagen-thach-jelly-placenta-nhat-ban\/#primaryimage\",\"url\":\"https:\/\/lydaily.vn\/jp\/wp-content\/uploads\/2026\/02\/Collagen-thach-Jelly-Placenta-Nhat-Ban.jpg\",\"contentUrl\":\"https:\/\/lydaily.vn\/jp\/wp-content\/uploads\/2026\/02\/Collagen-thach-Jelly-Placenta-Nhat-Ban.jpg\",\"width\":300,\"height\":300},{\"@type\":\"BreadcrumbList\",\"@id\":\"https:\/\/lydaily.vn\/jp\/san-pham\/collagen-thach-jelly-placenta-nhat-ban\/#breadcrumb\",\"itemListElement\":[{\"@type\":\"ListItem\",\"position\":1,\"name\":\"Home\",\"item\":\"https:\/\/lydaily.vn\/jp\/\"},{\"@type\":\"ListItem\",\"position\":2,\"name\":\"S\u1ea3n ph\u1ea9m\",\"item\":\"https:\/\/lydaily.vn\/jp\/san-pham\/\"},{\"@type\":\"ListItem\",\"position\":3,\"name\":\"Collagen th\u1ea1ch Jelly Placenta Nh\u1eadt B\u1ea3n\"}]},{\"@type\":\"WebSite\",\"@id\":\"https:\/\/lydaily.vn\/jp\/#website\",\"url\":\"https:\/\/lydaily.vn\/jp\/\",\"name\":\"Ly Daily\",\"description\":\"Th\u1ef1c Ph\u1ea9m Ch\u1ee9c N\u0103ng &amp; M\u1ef9 Ph\u1ea9m t\u1ea1i Nh\u1eadt B\u1ea3n v\u00e0 Vi\u1ec7t Nam\",\"potentialAction\":[{\"@type\":\"SearchAction\",\"target\":{\"@type\":\"EntryPoint\",\"urlTemplate\":\"https:\/\/lydaily.vn\/jp\/?s={search_term_string}\"},\"query-input\":{\"@type\":\"PropertyValueSpecification\",\"valueRequired\":true,\"valueName\":\"search_term_string\"}}],\"inLanguage\":\"vi\"}]}<\/script>\n<!-- \/ Yoast SEO Premium plugin. -->","yoast_head_json":{"title":"Collagen th\u1ea1ch Jelly Placenta Nh\u1eadt B\u1ea3n - Ly Daily","robots":{"index":"index","follow":"follow","max-snippet":"max-snippet:-1","max-image-preview":"max-image-preview:large","max-video-preview":"max-video-preview:-1"},"canonical":"https:\/\/lydaily.vn\/jp\/san-pham\/collagen-thach-jelly-placenta-nhat-ban\/","og_locale":"vi_VN","og_type":"article","og_title":"Collagen th\u1ea1ch Jelly Placenta Nh\u1eadt B\u1ea3n","og_description":"V\u1edbi th\u00e0nh ph\u1ea7n ch\u00ednh l\u00e0 nhau thai c\u1eebu v\u00e0 collagen, s\u1ea3n ph\u1ea9m n\u00e0y cung c\u1ea5p\u00a0132,000mg nhau thai c\u1eebu\u00a0v\u00e0\u00a077,500mg collagen\u00a0trong m\u1ed7i h\u1ed9p, gi\u00fap c\u1ea3i thi\u1ec7n \u0111\u00e1ng k\u1ec3 s\u1ee9c kho\u1ebb v\u00e0 v\u1ebb \u0111\u1eb9p c\u1ee7a l\u00e0n da.","og_url":"https:\/\/lydaily.vn\/jp\/san-pham\/collagen-thach-jelly-placenta-nhat-ban\/","og_site_name":"Ly Daily","article_modified_time":"2026-03-13T05:09:08+00:00","og_image":[{"width":300,"height":300,"url":"https:\/\/lydaily.vn\/jp\/wp-content\/uploads\/2026\/02\/Collagen-thach-Jelly-Placenta-Nhat-Ban.jpg","type":"image\/jpeg"}],"twitter_card":"summary_large_image","twitter_misc":{"\u01af\u1edbc t\u00ednh th\u1eddi gian \u0111\u1ecdc":"2 ph\u00fat"},"schema":{"@context":"https:\/\/schema.org","@graph":[{"@type":"WebPage","@id":"https:\/\/lydaily.vn\/jp\/san-pham\/collagen-thach-jelly-placenta-nhat-ban\/","url":"https:\/\/lydaily.vn\/jp\/san-pham\/collagen-thach-jelly-placenta-nhat-ban\/","name":"Collagen th\u1ea1ch Jelly Placenta Nh\u1eadt B\u1ea3n - Ly Daily","isPartOf":{"@id":"https:\/\/lydaily.vn\/jp\/#website"},"primaryImageOfPage":{"@id":"https:\/\/lydaily.vn\/jp\/san-pham\/collagen-thach-jelly-placenta-nhat-ban\/#primaryimage"},"image":{"@id":"https:\/\/lydaily.vn\/jp\/san-pham\/collagen-thach-jelly-placenta-nhat-ban\/#primaryimage"},"thumbnailUrl":"https:\/\/lydaily.vn\/jp\/wp-content\/uploads\/2026\/02\/Collagen-thach-Jelly-Placenta-Nhat-Ban.jpg","datePublished":"2026-02-28T03:04:03+00:00","dateModified":"2026-03-13T05:09:08+00:00","breadcrumb":{"@id":"https:\/\/lydaily.vn\/jp\/san-pham\/collagen-thach-jelly-placenta-nhat-ban\/#breadcrumb"},"inLanguage":"vi","potentialAction":[{"@type":"ReadAction","target":["https:\/\/lydaily.vn\/jp\/san-pham\/collagen-thach-jelly-placenta-nhat-ban\/"]}]},{"@type":"ImageObject","inLanguage":"vi","@id":"https:\/\/lydaily.vn\/jp\/san-pham\/collagen-thach-jelly-placenta-nhat-ban\/#primaryimage","url":"https:\/\/lydaily.vn\/jp\/wp-content\/uploads\/2026\/02\/Collagen-thach-Jelly-Placenta-Nhat-Ban.jpg","contentUrl":"https:\/\/lydaily.vn\/jp\/wp-content\/uploads\/2026\/02\/Collagen-thach-Jelly-Placenta-Nhat-Ban.jpg","width":300,"height":300},{"@type":"BreadcrumbList","@id":"https:\/\/lydaily.vn\/jp\/san-pham\/collagen-thach-jelly-placenta-nhat-ban\/#breadcrumb","itemListElement":[{"@type":"ListItem","position":1,"name":"Home","item":"https:\/\/lydaily.vn\/jp\/"},{"@type":"ListItem","position":2,"name":"S\u1ea3n ph\u1ea9m","item":"https:\/\/lydaily.vn\/jp\/san-pham\/"},{"@type":"ListItem","position":3,"name":"Collagen th\u1ea1ch Jelly Placenta Nh\u1eadt B\u1ea3n"}]},{"@type":"WebSite","@id":"https:\/\/lydaily.vn\/jp\/#website","url":"https:\/\/lydaily.vn\/jp\/","name":"Ly Daily","description":"Th\u1ef1c Ph\u1ea9m Ch\u1ee9c N\u0103ng &amp; M\u1ef9 Ph\u1ea9m t\u1ea1i Nh\u1eadt B\u1ea3n v\u00e0 Vi\u1ec7t Nam","potentialAction":[{"@type":"SearchAction","target":{"@type":"EntryPoint","urlTemplate":"https:\/\/lydaily.vn\/jp\/?s={search_term_string}"},"query-input":{"@type":"PropertyValueSpecification","valueRequired":true,"valueName":"search_term_string"}}],"inLanguage":"vi"}]}},"_links":{"self":[{"href":"https:\/\/lydaily.vn\/jp\/wp-json\/wp\/v2\/product\/229","targetHints":{"allow":["GET"]}}],"collection":[{"href":"https:\/\/lydaily.vn\/jp\/wp-json\/wp\/v2\/product"}],"about":[{"href":"https:\/\/lydaily.vn\/jp\/wp-json\/wp\/v2\/types\/product"}],"replies":[{"embeddable":true,"href":"https:\/\/lydaily.vn\/jp\/wp-json\/wp\/v2\/comments?post=229"}],"wp:featuredmedia":[{"embeddable":true,"href":"https:\/\/lydaily.vn\/jp\/wp-json\/wp\/v2\/media\/230"}],"wp:attachment":[{"href":"https:\/\/lydaily.vn\/jp\/wp-json\/wp\/v2\/media?parent=229"}],"wp:term":[{"taxonomy":"product_brand","embeddable":true,"href":"https:\/\/lydaily.vn\/jp\/wp-json\/wp\/v2\/product_brand?post=229"},{"taxonomy":"product_cat","embeddable":true,"href":"https:\/\/lydaily.vn\/jp\/wp-json\/wp\/v2\/product_cat?post=229"},{"taxonomy":"product_tag","embeddable":true,"href":"https:\/\/lydaily.vn\/jp\/wp-json\/wp\/v2\/product_tag?post=229"}],"curies":[{"name":"wp","href":"https:\/\/api.w.org\/{rel}","templated":true}]}}