{"id":227,"date":"2026-02-28T02:57:17","date_gmt":"2026-02-28T02:57:17","guid":{"rendered":"https:\/\/lydaily.qweb.com.vn\/?post_type=product&#038;p=227"},"modified":"2026-03-13T05:08:30","modified_gmt":"2026-03-13T05:08:30","slug":"vien-uong-bo-nao-dpa-dha-epa-vitamin-e-orihiro-120-vien-cua-nhat-ban","status":"publish","type":"product","link":"https:\/\/lydaily.vn\/jp\/san-pham\/vien-uong-bo-nao-dpa-dha-epa-vitamin-e-orihiro-120-vien-cua-nhat-ban\/","title":{"rendered":"Vi\u00ean u\u1ed1ng b\u1ed5 n\u00e3o DPA DHA EPA Vitamin E Orihiro 120 vi\u00ean c\u1ee7a Nh\u1eadt B\u1ea3n"},"content":{"rendered":"<h2>Gi\u1edbi thi\u1ec7u vi\u00ean u\u1ed1ng b\u1ed5 n\u00e3o DPA DHA EPA Vitamin E Orihiro Nh\u1eadt B\u1ea3n<\/h2>\n<p><strong>Vi\u00ean u\u1ed1ng b\u1ed5 n\u00e3o\u00a0DPA DHA EPA Vitamin E Orihiro<\/strong>\u00a0l\u00e0 th\u1ef1c ph\u1ea9m b\u1ea3o v\u1ec7 s\u1ee9c kh\u1ecfe c\u00f3 c\u00f4ng d\u1ee5ng b\u1ed5 n\u00e3o, b\u1ed5 sung DHA, EPA, vitamin E gi\u00fap n\u00e3o b\u1ed9 ph\u00e1t tri\u1ec3n to\u00e0n di\u1ec7n, nu\u00f4i d\u01b0\u1ee1ng t\u1ebf b\u00e0o th\u1ea7n kinh v\u00e0 m\u00f4 v\u00f5ng m\u1ea1c, t\u0103ng s\u1ef1 nh\u1ea1y b\u00e9n v\u00e0 tr\u00ed th\u00f4ng minh, t\u0103ng c\u01b0\u1eddng tr\u00ed nh\u1edb, ng\u0103n ch\u1eb7n qu\u00e1 tr\u00ecnh l\u00e3o h\u00f3a c\u1ee7a n\u00e3o b\u1ed9, gi\u1ea3m c\u0103ng th\u1eb3ng, stress, cung c\u1ea5p DHA nu\u00f4i d\u01b0\u1ee1ng n\u00e3o b\u1ed9.<\/p>\n<p>B\u1ed5 n\u00e3o DPA DHA EPA Vitamin E l\u1ecd 120 vi\u00ean c\u1ee7a h\u00e3ng Orihiro Nh\u1eadt B\u1ea3n s\u1eed d\u1ee5ng ph\u00f9 h\u1ee3p cho nhi\u1ec1u \u0111\u1ed1i t\u01b0\u1ee3ng kh\u00e1c nhau, \u0111\u1eb7c bi\u1ec7t l\u00e0 tr\u1ebb em, ng\u01b0\u1eddi tr\u01b0\u1edfng th\u00e0nh, nh\u1eefng ng\u01b0\u1eddi l\u00e0m vi\u1ec7c tr\u00ed \u00f3c c\u0103ng th\u1eb3ng, stress, \u00e1p l\u1ef1c c\u00f4ng vi\u1ec7c cao.\u00a0Vi\u00ean u\u1ed1ng b\u1ed5 n\u00e3o\u00a0Orihiro ho\u00e0n to\u00e0n an to\u00e0n, kh\u00f4ng g\u00e2y t\u00e1c d\u1ee5ng ph\u1ee5, c\u00f3 th\u1ec3 s\u1eed d\u1ee5ng trong th\u1eddi gian d\u00e0i.<\/p>\n<p>T\u1ea1i Vi\u1ec7t Nam, s\u1ea3n ph\u1ea9m th\u1ef1c ph\u1ea9m b\u1ea3o v\u1ec7 s\u1ee9c kh\u1ecfe DPA DHA EPA Vitamin E Orihiro Nh\u1eadt \u0111\u00e3 \u0111\u01b0\u1ee3c nhi\u1ec1u ng\u01b0\u1eddi tin d\u00f9ng nh\u1edd hi\u1ec7u qu\u1ea3 cao, an to\u00e0n cho s\u1ee9c kh\u1ecfe v\u00e0 nh\u1eadn \u0111\u01b0\u1ee3c nhi\u1ec1u review \u0111\u00e1nh gi\u00e1 t\u00edch c\u1ef1c nh\u01b0 l\u00e0 th\u01b0\u01a1ng hi\u1ec7u n\u1ed5i b\u1eadt nh\u1ea5t trong d\u00f2ng thu\u1ed1c b\u1ed5 n\u00e3o, t\u0103ng c\u01b0\u1eddng tr\u00ed nh\u1edb.<\/p>\n<h2>Th\u00e0nh ph\u1ea7n c\u1ee7a vi\u00ean u\u1ed1ng b\u1ed5 n\u00e3o Orihiro DHA EPA DPA Vitamin E<\/h2>\n<p>Th\u00e0nh ph\u1ea7n ch\u00ednh c\u1ee7a vi\u00ean u\u1ed1ng b\u1ed5 n\u00e3o Orihiro:<\/p>\n<ul>\n<li>Tinh d\u1ea7u h\u1ea3i c\u1ea9u Greenland: 800mg.<\/li>\n<li>DPA: 3.5 &#8211; 4.8% (25.3 &#8211; 38.4mg).<\/li>\n<li>DHA: 7.5 &#8211; 8.8% (54.2 &#8211; 70.4mg).<\/li>\n<li>EPA: 5.5 &#8211; 7.3% (39.7 &#8211; 58.4mg).<\/li>\n<li>Vitamin E: 63.0mg\u200b.<\/li>\n<li>Tocotrienol: 13.0mg.<\/li>\n<\/ul>\n<h2>C\u00f4ng d\u1ee5ng c\u1ee7a vi\u00ean u\u1ed1ng DPA DHA EPA Vitamin E Orihiro 120 Vi\u00ean<\/h2>\n<ul>\n<li>B\u1ed5 sung DPA, DHA, EPA gi\u00fap n\u00e3o b\u1ed9 ph\u00e1t tri\u1ec3n m\u1ed9t c\u00e1ch to\u00e0n di\u1ec7n, nu\u00f4i d\u01b0\u1ee1ng t\u1ebf b\u00e0o th\u1ea7n kinh v\u00e0 m\u00f4 v\u00f5ng m\u1ea1c.<\/li>\n<li>H\u1ed7 tr\u1ee3 c\u1ea3i thi\u1ec7n ch\u1ee9c n\u0103ng n\u00e3o b\u1ed9, t\u0103ng c\u01b0\u1eddng tr\u00ed nh\u1edb, ch\u1ee9c n\u0103ng nh\u1eadn th\u1ee9c v\u00e0 s\u1ef1 t\u1eadp trung.<\/li>\n<li>C\u1ea3i thi\u1ec7n tinh th\u1ea7n, \u0111\u1ea7u \u00f3c minh m\u1eabn, t\u1ec9nh t\u00e1o, gi\u1ea3m stress, c\u0103ng th\u1eb3ng, lo \u00e2u phi\u1ec1n to\u00e1i trong c\u00f4ng vi\u1ec7c, cu\u1ed9c s\u1ed1ng h\u00e0ng ng\u00e0y.<\/li>\n<li>B\u1ed5 sung vitamin E gi\u00fap l\u00e0m ch\u1eadm qu\u00e1 tr\u00ecnh l\u00e3o h\u00f3a, mang l\u1ea1i s\u1ef1 t\u01b0\u01a1i tr\u1ebb, l\u00e0n da m\u1ecbn m\u00e0ng v\u00e0 tr\u00e0n \u0111\u1ea7y s\u1ee9c s\u1ed1ng.<\/li>\n<li>Ng\u0103n ch\u1eb7n qu\u00e1 tr\u00ecnh l\u00e3o h\u00f3a c\u1ee7a n\u00e3o b\u1ed9.<\/li>\n<\/ul>\n<h2>\u0110\u1ed1i t\u01b0\u1ee3ng s\u1eed d\u1ee5ng<\/h2>\n<ul>\n<li>Ng\u01b0\u1eddi tr\u00ed nh\u1edb k\u00e9m.<\/li>\n<li>Ng\u01b0\u1eddi hay c\u0103ng th\u1eb3ng, m\u1ec7t m\u1ecfi.<\/li>\n<li>Ng\u01b0\u1eddi c\u1ea7n c\u1ea3i thi\u1ec7n th\u1ecb l\u1ef1c.<\/li>\n<li>H\u1ed7 tr\u1ee3 \u0111i\u1ec1u tr\u1ecb b\u1ec7nh tr\u00ed nh\u1edb.<\/li>\n<li>Ng\u01b0\u1eddi b\u00ecnh th\u01b0\u1eddng mu\u1ed1n n\u00e2ng cao s\u1ee9c kh\u1ecfe.<\/li>\n<\/ul>\n<h2>H\u01b0\u1edbng d\u1eabn s\u1eed d\u1ee5ng b\u1ed5 n\u00e3o Orihiro DPA DHA EPA Vitamin E<\/h2>\n<ul>\n<li>S\u1eed d\u1ee5ng t\u1ed1i \u0111a 4 vi\u00ean\/ ng\u00e0y v\u1edbi n\u01b0\u1edbc l\u1ecdc ho\u1eb7c n\u01b0\u1edbc \u1ea5m, ho\u1eb7c theo s\u1ef1 ch\u1ec9 d\u1eabn c\u1ee7a b\u00e1c s\u0129.<\/li>\n<li>Ng\u01b0\u1eddi m\u1edbi b\u1eaft \u0111\u1ea7u s\u1eed d\u1ee5ng n\u00ean u\u1ed1ng \u00edt h\u01a1n 4 vi\u00ean\/ ng\u00e0y v\u00e0 t\u0103ng d\u1ea7n li\u1ec1u l\u01b0\u1ee3ng.<\/li>\n<\/ul>\n<h2>C\u00e1ch b\u1ea3o qu\u1ea3n<\/h2>\n<ul>\n<li>B\u1ea3o qu\u1ea3n n\u01a1i kh\u00f4 r\u00e1o, tho\u00e1ng m\u00e1t, tr\u00e1nh \u1ea9m \u01b0\u1edbt, tr\u00e1nh \u00e1nh n\u1eafng tr\u1ef1c ti\u1ebfp, d\u01b0\u1edbi 30\u00b0C.<\/li>\n<li>\u0110\u1eady k\u00edn n\u1eafp s\u1ea3n ph\u1ea9m sau khi s\u1eed d\u1ee5ng.<\/li>\n<li>\u0110\u1ec3 tr\u00e1nh xa t\u1ea7m tay c\u1ee7a tr\u1ebb em.<\/li>\n<\/ul>\n<h2>L\u01b0u \u00fd khi s\u1eed d\u1ee5ng<\/h2>\n<ul>\n<li>S\u1ea3n ph\u1ea9m n\u00e0y l\u00e0 th\u1ef1c ph\u1ea9m ch\u1ee9c n\u0103ng b\u1ed5 sung, kh\u00f4ng ph\u1ea3i l\u00e0 thu\u1ed1c v\u00e0 kh\u00f4ng c\u00f3 t\u00e1c d\u1ee5ng thay th\u1ebf thu\u1ed1c ch\u1eefa b\u1ec7nh.<\/li>\n<li>Hi\u1ec7u qu\u1ea3 s\u1eed d\u1ee5ng s\u1ea3n ph\u1ea9m t\u00f9y thu\u1ed9c c\u01a1 \u0111\u1ecba c\u1ee7a t\u1eebng ng\u01b0\u1eddi.<\/li>\n<li>Kh\u00f4ng s\u01b0\u0309 du\u0323ng cho tre\u0309 em d\u01b0\u01a1\u0301i 18 tu\u00f4\u0309i.<\/li>\n<li>Ph\u1ee5 n\u1eef mang thai ho\u1eb7c chu\u1ea9n b\u1ecb mang thai, kh\u00f4ng n\u00ean b\u1ed5 sung vitamin A m\u00e0 kh\u00f4ng h\u1ecfi \u00fd ki\u1ebfn \u200b\u200bb\u00e1c s\u0129 ho\u1eb7c d\u01b0\u1ee3c s\u0129 c\u1ee7a b\u1ea1n.<\/li>\n<li>Lu\u00f4n \u0111\u1ecdc k\u1ef9 nh\u00e3n. L\u00e0m theo \u0111\u00fang h\u01b0\u1edbng d\u1eabn s\u1eed d\u1ee5ng, u\u1ed1ng \u0111\u00fang li\u1ec7u tr\u00ecnh. Kh\u00f4ng s\u1eed d\u1ee5ng qu\u00e1 li\u1ec1u l\u01b0\u1ee3ng quy \u0111\u1ecbnh.<\/li>\n<li>Kh\u00f4ng s\u1eed d\u1ee5ng cho ng\u01b0\u1eddi m\u1eabn c\u1ea3m v\u1edbi b\u1ea5t k\u1ef3 th\u00e0nh ph\u1ea7n n\u00e0o c\u1ee7a s\u1ea3n ph\u1ea9m.<\/li>\n<li>Ph\u1ee5 n\u1eef mang thai ho\u1eb7c \u0111ang cho con b\u00fa, ng\u01b0\u1eddi \u0111ang s\u1eed d\u1ee5ng b\u1ea5t c\u1ee9 s\u1ea3n ph\u1ea9m b\u1ed5 sung hay k\u00ea \u0111\u01a1n thu\u1ed1c n\u00e0o kh\u00e1c c\u1ea7n tham kh\u1ea3o t\u01b0 v\u1ea5n c\u1ee7a chuy\u00ean gia y t\u1ebf tr\u01b0\u1edbc khi s\u1eed d\u1ee5ng.<\/li>\n<li>S\u1ea3n ph\u1ea9m m\u1edbi ph\u1ea3i \u0111\u01b0\u1ee3c nguy\u00ean v\u1eb9n, ch\u01b0a m\u1edf n\u1eafp. Kh\u00f4ng s\u1eed d\u1ee5ng n\u1ebfu con d\u1ea5u b\u1eb1ng ch\u1ee9ng gi\u1ea3 m\u1ea1o b\u1ecb thi\u1ebfu ho\u1eb7c b\u1ecb h\u1ecfng.<\/li>\n<li>D\u1eebng u\u1ed1ng khi ph\u00e1t hi\u1ec7n d\u1ea5u hi\u1ec7u s\u1ee9c kh\u1ecfe b\u1ea5t th\u01b0\u1eddng. N\u1ebfu c\u00e1c tri\u1ec7u ch\u1ee9ng v\u1eabn ti\u1ebfp t\u1ee5c, h\u00e3y t\u00ecm l\u1eddi khuy\u00ean c\u1ee7a chuy\u00ean gia ch\u0103m s\u00f3c s\u1ee9c kh\u1ecfe.<\/li>\n<\/ul>\n","protected":false},"excerpt":{"rendered":"<div class=\"product-short-desc\">\n<p>Vi\u00ean u\u1ed1ng b\u1ed5 n\u00e3o DPA DHA EPA Vitamin E Orihiro 120 vi\u00ean gi\u00fap n\u00e3o b\u1ed9 ph\u00e1t tri\u1ec3n to\u00e0n di\u1ec7n, t\u0103ng s\u1ef1 nh\u1ea1y b\u00e9n v\u00e0 tr\u00ed th\u00f4ng minh, t\u0103ng c\u01b0\u1eddng tr\u00ed nh\u1edb, \u0111\u1ed3i th\u1eddi nu\u00f4i d\u01b0\u1ee1ng \u0111\u00f4i m\u1eaft s\u00e1ng kh\u1ecfe.<\/p>\n<p>&nbsp;<\/p>\n<\/div>\n<form id=\"add-item-form\" class=\"variants clearfix variant-style\" action=\"https:\/\/hebemart.vn\/cart\/add\" method=\"post\">\n<div class=\"select-wrapper clearfix select-wrapper-quantity\"><\/div>\n<\/form>\n","protected":false},"featured_media":228,"comment_status":"open","ping_status":"closed","template":"","meta":[],"product_brand":[],"product_cat":[21],"product_tag":[],"class_list":{"0":"post-227","1":"product","2":"type-product","3":"status-publish","4":"has-post-thumbnail","6":"product_cat-thuc-pham-chuc-nang","8":"first","9":"instock","10":"shipping-taxable","11":"purchasable","12":"product-type-simple"},"yoast_head":"<!-- This site is optimized with the Yoast SEO Premium plugin v22.3 (Yoast SEO v27.1.1) - https:\/\/yoast.com\/product\/yoast-seo-premium-wordpress\/ -->\n<title>Vi\u00ean u\u1ed1ng b\u1ed5 n\u00e3o DPA DHA EPA Vitamin E Orihiro 120 vi\u00ean c\u1ee7a Nh\u1eadt B\u1ea3n - Ly Daily<\/title>\n<meta name=\"robots\" content=\"index, follow, max-snippet:-1, max-image-preview:large, max-video-preview:-1\" \/>\n<link rel=\"canonical\" href=\"https:\/\/lydaily.vn\/jp\/san-pham\/vien-uong-bo-nao-dpa-dha-epa-vitamin-e-orihiro-120-vien-cua-nhat-ban\/\" \/>\n<meta property=\"og:locale\" content=\"vi_VN\" \/>\n<meta property=\"og:type\" content=\"article\" \/>\n<meta property=\"og:title\" content=\"Vi\u00ean u\u1ed1ng b\u1ed5 n\u00e3o DPA DHA EPA Vitamin E Orihiro 120 vi\u00ean c\u1ee7a Nh\u1eadt B\u1ea3n\" \/>\n<meta property=\"og:description\" content=\"Vi\u00ean u\u1ed1ng b\u1ed5 n\u00e3o DPA DHA EPA Vitamin E Orihiro 120 vi\u00ean gi\u00fap n\u00e3o b\u1ed9 ph\u00e1t tri\u1ec3n to\u00e0n di\u1ec7n, t\u0103ng s\u1ef1 nh\u1ea1y b\u00e9n v\u00e0 tr\u00ed th\u00f4ng minh, t\u0103ng c\u01b0\u1eddng tr\u00ed nh\u1edb, \u0111\u1ed3i th\u1eddi nu\u00f4i d\u01b0\u1ee1ng \u0111\u00f4i m\u1eaft s\u00e1ng kh\u1ecfe.  &nbsp;\" \/>\n<meta property=\"og:url\" content=\"https:\/\/lydaily.vn\/jp\/san-pham\/vien-uong-bo-nao-dpa-dha-epa-vitamin-e-orihiro-120-vien-cua-nhat-ban\/\" \/>\n<meta property=\"og:site_name\" content=\"Ly Daily\" \/>\n<meta property=\"article:modified_time\" content=\"2026-03-13T05:08:30+00:00\" \/>\n<meta property=\"og:image\" content=\"https:\/\/lydaily.vn\/jp\/wp-content\/uploads\/2026\/02\/Vien-uong-bo-nao-DPA-DHA-EPA-Vitamin-E-Orihiro-120-vien-cua-Nhat-Ban.jpg\" \/>\n\t<meta property=\"og:image:width\" content=\"800\" \/>\n\t<meta property=\"og:image:height\" content=\"800\" \/>\n\t<meta property=\"og:image:type\" content=\"image\/jpeg\" \/>\n<meta name=\"twitter:card\" content=\"summary_large_image\" \/>\n<meta name=\"twitter:label1\" content=\"\u01af\u1edbc t\u00ednh th\u1eddi gian \u0111\u1ecdc\" \/>\n\t<meta name=\"twitter:data1\" content=\"5 ph\u00fat\" \/>\n<script type=\"application\/ld+json\" class=\"yoast-schema-graph\">{\"@context\":\"https:\/\/schema.org\",\"@graph\":[{\"@type\":\"WebPage\",\"@id\":\"https:\/\/lydaily.vn\/jp\/san-pham\/vien-uong-bo-nao-dpa-dha-epa-vitamin-e-orihiro-120-vien-cua-nhat-ban\/\",\"url\":\"https:\/\/lydaily.vn\/jp\/san-pham\/vien-uong-bo-nao-dpa-dha-epa-vitamin-e-orihiro-120-vien-cua-nhat-ban\/\",\"name\":\"Vi\u00ean u\u1ed1ng b\u1ed5 n\u00e3o DPA DHA EPA Vitamin E Orihiro 120 vi\u00ean c\u1ee7a Nh\u1eadt B\u1ea3n - Ly Daily\",\"isPartOf\":{\"@id\":\"https:\/\/lydaily.vn\/jp\/#website\"},\"primaryImageOfPage\":{\"@id\":\"https:\/\/lydaily.vn\/jp\/san-pham\/vien-uong-bo-nao-dpa-dha-epa-vitamin-e-orihiro-120-vien-cua-nhat-ban\/#primaryimage\"},\"image\":{\"@id\":\"https:\/\/lydaily.vn\/jp\/san-pham\/vien-uong-bo-nao-dpa-dha-epa-vitamin-e-orihiro-120-vien-cua-nhat-ban\/#primaryimage\"},\"thumbnailUrl\":\"https:\/\/lydaily.vn\/jp\/wp-content\/uploads\/2026\/02\/Vien-uong-bo-nao-DPA-DHA-EPA-Vitamin-E-Orihiro-120-vien-cua-Nhat-Ban.jpg\",\"datePublished\":\"2026-02-28T02:57:17+00:00\",\"dateModified\":\"2026-03-13T05:08:30+00:00\",\"breadcrumb\":{\"@id\":\"https:\/\/lydaily.vn\/jp\/san-pham\/vien-uong-bo-nao-dpa-dha-epa-vitamin-e-orihiro-120-vien-cua-nhat-ban\/#breadcrumb\"},\"inLanguage\":\"vi\",\"potentialAction\":[{\"@type\":\"ReadAction\",\"target\":[\"https:\/\/lydaily.vn\/jp\/san-pham\/vien-uong-bo-nao-dpa-dha-epa-vitamin-e-orihiro-120-vien-cua-nhat-ban\/\"]}]},{\"@type\":\"ImageObject\",\"inLanguage\":\"vi\",\"@id\":\"https:\/\/lydaily.vn\/jp\/san-pham\/vien-uong-bo-nao-dpa-dha-epa-vitamin-e-orihiro-120-vien-cua-nhat-ban\/#primaryimage\",\"url\":\"https:\/\/lydaily.vn\/jp\/wp-content\/uploads\/2026\/02\/Vien-uong-bo-nao-DPA-DHA-EPA-Vitamin-E-Orihiro-120-vien-cua-Nhat-Ban.jpg\",\"contentUrl\":\"https:\/\/lydaily.vn\/jp\/wp-content\/uploads\/2026\/02\/Vien-uong-bo-nao-DPA-DHA-EPA-Vitamin-E-Orihiro-120-vien-cua-Nhat-Ban.jpg\",\"width\":800,\"height\":800},{\"@type\":\"BreadcrumbList\",\"@id\":\"https:\/\/lydaily.vn\/jp\/san-pham\/vien-uong-bo-nao-dpa-dha-epa-vitamin-e-orihiro-120-vien-cua-nhat-ban\/#breadcrumb\",\"itemListElement\":[{\"@type\":\"ListItem\",\"position\":1,\"name\":\"Home\",\"item\":\"https:\/\/lydaily.vn\/jp\/\"},{\"@type\":\"ListItem\",\"position\":2,\"name\":\"S\u1ea3n ph\u1ea9m\",\"item\":\"https:\/\/lydaily.vn\/jp\/san-pham\/\"},{\"@type\":\"ListItem\",\"position\":3,\"name\":\"Vi\u00ean u\u1ed1ng b\u1ed5 n\u00e3o DPA DHA EPA Vitamin E Orihiro 120 vi\u00ean c\u1ee7a Nh\u1eadt B\u1ea3n\"}]},{\"@type\":\"WebSite\",\"@id\":\"https:\/\/lydaily.vn\/jp\/#website\",\"url\":\"https:\/\/lydaily.vn\/jp\/\",\"name\":\"Ly Daily\",\"description\":\"Th\u1ef1c Ph\u1ea9m Ch\u1ee9c N\u0103ng &amp; M\u1ef9 Ph\u1ea9m t\u1ea1i Nh\u1eadt B\u1ea3n v\u00e0 Vi\u1ec7t Nam\",\"potentialAction\":[{\"@type\":\"SearchAction\",\"target\":{\"@type\":\"EntryPoint\",\"urlTemplate\":\"https:\/\/lydaily.vn\/jp\/?s={search_term_string}\"},\"query-input\":{\"@type\":\"PropertyValueSpecification\",\"valueRequired\":true,\"valueName\":\"search_term_string\"}}],\"inLanguage\":\"vi\"}]}<\/script>\n<!-- \/ Yoast SEO Premium plugin. -->","yoast_head_json":{"title":"Vi\u00ean u\u1ed1ng b\u1ed5 n\u00e3o DPA DHA EPA Vitamin E Orihiro 120 vi\u00ean c\u1ee7a Nh\u1eadt B\u1ea3n - Ly Daily","robots":{"index":"index","follow":"follow","max-snippet":"max-snippet:-1","max-image-preview":"max-image-preview:large","max-video-preview":"max-video-preview:-1"},"canonical":"https:\/\/lydaily.vn\/jp\/san-pham\/vien-uong-bo-nao-dpa-dha-epa-vitamin-e-orihiro-120-vien-cua-nhat-ban\/","og_locale":"vi_VN","og_type":"article","og_title":"Vi\u00ean u\u1ed1ng b\u1ed5 n\u00e3o DPA DHA EPA Vitamin E Orihiro 120 vi\u00ean c\u1ee7a Nh\u1eadt B\u1ea3n","og_description":"Vi\u00ean u\u1ed1ng b\u1ed5 n\u00e3o DPA DHA EPA Vitamin E Orihiro 120 vi\u00ean gi\u00fap n\u00e3o b\u1ed9 ph\u00e1t tri\u1ec3n to\u00e0n di\u1ec7n, t\u0103ng s\u1ef1 nh\u1ea1y b\u00e9n v\u00e0 tr\u00ed th\u00f4ng minh, t\u0103ng c\u01b0\u1eddng tr\u00ed nh\u1edb, \u0111\u1ed3i th\u1eddi nu\u00f4i d\u01b0\u1ee1ng \u0111\u00f4i m\u1eaft s\u00e1ng kh\u1ecfe.  &nbsp;","og_url":"https:\/\/lydaily.vn\/jp\/san-pham\/vien-uong-bo-nao-dpa-dha-epa-vitamin-e-orihiro-120-vien-cua-nhat-ban\/","og_site_name":"Ly Daily","article_modified_time":"2026-03-13T05:08:30+00:00","og_image":[{"width":800,"height":800,"url":"https:\/\/lydaily.vn\/jp\/wp-content\/uploads\/2026\/02\/Vien-uong-bo-nao-DPA-DHA-EPA-Vitamin-E-Orihiro-120-vien-cua-Nhat-Ban.jpg","type":"image\/jpeg"}],"twitter_card":"summary_large_image","twitter_misc":{"\u01af\u1edbc t\u00ednh th\u1eddi gian \u0111\u1ecdc":"5 ph\u00fat"},"schema":{"@context":"https:\/\/schema.org","@graph":[{"@type":"WebPage","@id":"https:\/\/lydaily.vn\/jp\/san-pham\/vien-uong-bo-nao-dpa-dha-epa-vitamin-e-orihiro-120-vien-cua-nhat-ban\/","url":"https:\/\/lydaily.vn\/jp\/san-pham\/vien-uong-bo-nao-dpa-dha-epa-vitamin-e-orihiro-120-vien-cua-nhat-ban\/","name":"Vi\u00ean u\u1ed1ng b\u1ed5 n\u00e3o DPA DHA EPA Vitamin E Orihiro 120 vi\u00ean c\u1ee7a Nh\u1eadt B\u1ea3n - Ly Daily","isPartOf":{"@id":"https:\/\/lydaily.vn\/jp\/#website"},"primaryImageOfPage":{"@id":"https:\/\/lydaily.vn\/jp\/san-pham\/vien-uong-bo-nao-dpa-dha-epa-vitamin-e-orihiro-120-vien-cua-nhat-ban\/#primaryimage"},"image":{"@id":"https:\/\/lydaily.vn\/jp\/san-pham\/vien-uong-bo-nao-dpa-dha-epa-vitamin-e-orihiro-120-vien-cua-nhat-ban\/#primaryimage"},"thumbnailUrl":"https:\/\/lydaily.vn\/jp\/wp-content\/uploads\/2026\/02\/Vien-uong-bo-nao-DPA-DHA-EPA-Vitamin-E-Orihiro-120-vien-cua-Nhat-Ban.jpg","datePublished":"2026-02-28T02:57:17+00:00","dateModified":"2026-03-13T05:08:30+00:00","breadcrumb":{"@id":"https:\/\/lydaily.vn\/jp\/san-pham\/vien-uong-bo-nao-dpa-dha-epa-vitamin-e-orihiro-120-vien-cua-nhat-ban\/#breadcrumb"},"inLanguage":"vi","potentialAction":[{"@type":"ReadAction","target":["https:\/\/lydaily.vn\/jp\/san-pham\/vien-uong-bo-nao-dpa-dha-epa-vitamin-e-orihiro-120-vien-cua-nhat-ban\/"]}]},{"@type":"ImageObject","inLanguage":"vi","@id":"https:\/\/lydaily.vn\/jp\/san-pham\/vien-uong-bo-nao-dpa-dha-epa-vitamin-e-orihiro-120-vien-cua-nhat-ban\/#primaryimage","url":"https:\/\/lydaily.vn\/jp\/wp-content\/uploads\/2026\/02\/Vien-uong-bo-nao-DPA-DHA-EPA-Vitamin-E-Orihiro-120-vien-cua-Nhat-Ban.jpg","contentUrl":"https:\/\/lydaily.vn\/jp\/wp-content\/uploads\/2026\/02\/Vien-uong-bo-nao-DPA-DHA-EPA-Vitamin-E-Orihiro-120-vien-cua-Nhat-Ban.jpg","width":800,"height":800},{"@type":"BreadcrumbList","@id":"https:\/\/lydaily.vn\/jp\/san-pham\/vien-uong-bo-nao-dpa-dha-epa-vitamin-e-orihiro-120-vien-cua-nhat-ban\/#breadcrumb","itemListElement":[{"@type":"ListItem","position":1,"name":"Home","item":"https:\/\/lydaily.vn\/jp\/"},{"@type":"ListItem","position":2,"name":"S\u1ea3n ph\u1ea9m","item":"https:\/\/lydaily.vn\/jp\/san-pham\/"},{"@type":"ListItem","position":3,"name":"Vi\u00ean u\u1ed1ng b\u1ed5 n\u00e3o DPA DHA EPA Vitamin E Orihiro 120 vi\u00ean c\u1ee7a Nh\u1eadt B\u1ea3n"}]},{"@type":"WebSite","@id":"https:\/\/lydaily.vn\/jp\/#website","url":"https:\/\/lydaily.vn\/jp\/","name":"Ly Daily","description":"Th\u1ef1c Ph\u1ea9m Ch\u1ee9c N\u0103ng &amp; M\u1ef9 Ph\u1ea9m t\u1ea1i Nh\u1eadt B\u1ea3n v\u00e0 Vi\u1ec7t Nam","potentialAction":[{"@type":"SearchAction","target":{"@type":"EntryPoint","urlTemplate":"https:\/\/lydaily.vn\/jp\/?s={search_term_string}"},"query-input":{"@type":"PropertyValueSpecification","valueRequired":true,"valueName":"search_term_string"}}],"inLanguage":"vi"}]}},"_links":{"self":[{"href":"https:\/\/lydaily.vn\/jp\/wp-json\/wp\/v2\/product\/227","targetHints":{"allow":["GET"]}}],"collection":[{"href":"https:\/\/lydaily.vn\/jp\/wp-json\/wp\/v2\/product"}],"about":[{"href":"https:\/\/lydaily.vn\/jp\/wp-json\/wp\/v2\/types\/product"}],"replies":[{"embeddable":true,"href":"https:\/\/lydaily.vn\/jp\/wp-json\/wp\/v2\/comments?post=227"}],"wp:featuredmedia":[{"embeddable":true,"href":"https:\/\/lydaily.vn\/jp\/wp-json\/wp\/v2\/media\/228"}],"wp:attachment":[{"href":"https:\/\/lydaily.vn\/jp\/wp-json\/wp\/v2\/media?parent=227"}],"wp:term":[{"taxonomy":"product_brand","embeddable":true,"href":"https:\/\/lydaily.vn\/jp\/wp-json\/wp\/v2\/product_brand?post=227"},{"taxonomy":"product_cat","embeddable":true,"href":"https:\/\/lydaily.vn\/jp\/wp-json\/wp\/v2\/product_cat?post=227"},{"taxonomy":"product_tag","embeddable":true,"href":"https:\/\/lydaily.vn\/jp\/wp-json\/wp\/v2\/product_tag?post=227"}],"curies":[{"name":"wp","href":"https:\/\/api.w.org\/{rel}","templated":true}]}}