{"id":225,"date":"2026-02-28T02:41:14","date_gmt":"2026-02-28T02:41:14","guid":{"rendered":"https:\/\/lydaily.qweb.com.vn\/?post_type=product&#038;p=225"},"modified":"2026-03-13T05:01:25","modified_gmt":"2026-03-13T05:01:25","slug":"orihiro-tra-giam-mo-bung-genpi-3g-x-60-goi","status":"publish","type":"product","link":"https:\/\/lydaily.vn\/jp\/san-pham\/orihiro-tra-giam-mo-bung-genpi-3g-x-60-goi\/","title":{"rendered":"ORIHIRO- Tr\u00e0 gi\u1ea3m m\u1ee1 b\u1ee5ng Genpi (3g x 60 g\u00f3i)"},"content":{"rendered":"<h2><strong>\u0110\u1ed1i t\u01b0\u1ee3ng s\u1eed d\u1ee5ng tr\u00e0 gi\u1ea3m m\u1ee1 b\u1ee5ng Genpi Orihiro Nh\u1eadt B\u1ea3n<\/strong><\/h2>\n<p>Tr\u00e0 gi\u1ea3m m\u1ee1 b\u1ee5ng Genpi (3g x 60 g\u00f3i) ph\u00f9 h\u1ee3p v\u1edbi ng\u01b0\u1eddi tr\u01b0\u1edfng th\u00e0nh mu\u1ed1n h\u1ed7 tr\u1ee3 gi\u1ea3m m\u1ee1 th\u1eeba, \u0111\u1eb7c bi\u1ec7t l\u00e0 m\u1ee1 v\u00f9ng b\u1ee5ng, b\u1eafp tay, b\u1eafp ch\u00e2n. S\u1ea3n ph\u1ea9m th\u00edch h\u1ee3p cho nh\u1eefng ai c\u00f3 nhu c\u1ea7u ki\u1ec3m so\u00e1t c\u00e2n n\u1eb7ng, c\u1ea3i thi\u1ec7n v\u00f3c d\u00e1ng v\u00e0 t\u0103ng c\u01b0\u1eddng s\u1ee9c kh\u1ecfe tim m\u1ea1ch. Kh\u00f4ng d\u00f9ng cho ph\u1ee5 n\u1eef mang thai v\u00e0 ng\u01b0\u1eddi \u0111ang \u0111i\u1ec1u tr\u1ecb b\u1ec7nh c\u1ea7n tham kh\u1ea3o \u00fd ki\u1ebfn b\u00e1c s\u0129 tr\u01b0\u1edbc khi s\u1eed d\u1ee5ng.<\/p>\n<p>&nbsp;<\/p>\n<h2><strong>Th\u00e0nh ph\u1ea7n c\u1ee7a tr\u00e0 gi\u1ea3m m\u1ee1 b\u1ee5ng Genpi (3g x 60 g\u00f3i)<\/strong><\/h2>\n<p>Tr\u00e0 \u00f4 long, tr\u00e0 ph\u1ed5 nh\u0129, tr\u00e0 habu, l\u00e1 c\u00e2y \u0111\u1ed7 tr\u1ecdng, bo bo n\u1ebfp, l\u00e1 d\u00e2y th\u00eca canh, tr\u00e0 Rooibos.<\/p>\n<p>&nbsp;<\/p>\n<h2><strong>C\u00f4ng d\u1ee5ng tr\u00e0 gi\u1ea3m m\u1ee1 b\u1ee5ng Genpi tea\u00a0(3g x 60 g\u00f3i)<\/strong><\/h2>\n<h3><em><strong>H\u1ed7 tr\u1ee3 gi\u1ea3m m\u1ee1 b\u1ee5ng v\u00e0 gi\u1eef d\u00e1ng hi\u1ec7u qu\u1ea3<\/strong><\/em><\/h3>\n<p>Tr\u00e0 Genpi gi\u00fap \u0111\u1ed1t ch\u00e1y l\u01b0\u1ee3ng m\u1ee1 d\u01b0 th\u1eeba trong c\u01a1 th\u1ec3, \u0111\u1eb7c bi\u1ec7t l\u00e0 v\u00f9ng b\u1ee5ng \u2013 n\u01a1i kh\u00f3 gi\u1ea3m m\u1ee1 nh\u1ea5t. C\u00e1c th\u00e0nh ph\u1ea7n th\u1ea3o d\u01b0\u1ee3c nh\u01b0 tr\u00e0 \u00d4 long, tr\u00e0 Puer, h\u1ea1t Hatomugi v\u00e0 d\u00e2y th\u00eca canh ph\u1ed1i h\u1ee3p t\u0103ng c\u01b0\u1eddng chuy\u1ec3n h\u00f3a ch\u1ea5t b\u00e9o th\u00e0nh n\u0103ng l\u01b0\u1ee3ng, gi\u00fap gi\u1ea3m c\u1ea3m gi\u00e1c th\u00e8m \u0103n v\u00e0 th\u00e8m ng\u1ecdt. Nh\u1edd \u0111\u00f3, s\u1ea3n ph\u1ea9m h\u1ed7 tr\u1ee3 gi\u1ea3m c\u00e2n, gi\u1eef d\u00e1ng m\u1ed9t c\u00e1ch t\u1ef1 nhi\u00ean v\u00e0 an to\u00e0n khi k\u1ebft h\u1ee3p v\u1edbi ch\u1ebf \u0111\u1ed9 \u0103n u\u1ed1ng v\u00e0 t\u1eadp luy\u1ec7n h\u1ee3p l\u00fd.<\/p>\n<h3><em><strong>Ki\u1ec3m so\u00e1t \u0111\u01b0\u1eddng huy\u1ebft v\u00e0 b\u1ea3o v\u1ec7 s\u1ee9c kh\u1ecfe tim m\u1ea1ch<\/strong><\/em><\/h3>\n<p>Ngo\u00e0i t\u00e1c d\u1ee5ng gi\u1ea3m m\u1ee1, tr\u00e0 Genpi c\u00f2n gi\u00fap ki\u1ec3m so\u00e1t l\u01b0\u1ee3ng \u0111\u01b0\u1eddng trong m\u00e1u v\u00e0 gi\u1ea3m m\u1ee1 m\u00e1u nh\u1edd th\u00e0nh ph\u1ea7n d\u00e2y th\u00eca canh v\u00e0 h\u1ed3ng tr\u00e0 Nam Phi. S\u1ea3n ph\u1ea9m h\u1ed7 tr\u1ee3 gi\u1ea3m nguy c\u01a1 m\u1eafc c\u00e1c b\u1ec7nh tim m\u1ea1ch b\u1eb1ng c\u00e1ch c\u1ea3i thi\u1ec7n l\u01b0u th\u00f4ng m\u00e1u, ng\u0103n ng\u1eeba h\u00ecnh th\u00e0nh c\u1ee5c m\u00e1u \u0111\u00f4ng v\u00e0 x\u01a1 v\u1eefa \u0111\u1ed9ng m\u1ea1ch. \u0110\u00e2y l\u00e0 gi\u1ea3i ph\u00e1p to\u00e0n di\u1ec7n cho ng\u01b0\u1eddi mu\u1ed1n v\u1eeba gi\u1ea3m c\u00e2n v\u1eeba b\u1ea3o v\u1ec7 s\u1ee9c kh\u1ecfe l\u00e2u d\u00e0i.<\/p>\n<h3><strong>Ch\u1ed1ng oxy h\u00f3a, l\u00e0m \u0111\u1eb9p da v\u00e0 b\u1ea3o v\u1ec7 da kh\u1ecfi t\u00e1c h\u1ea1i m\u00f4i tr\u01b0\u1eddng<\/strong><\/h3>\n<p>Tr\u00e0 gi\u1ea3m m\u1ee1 b\u1ee5ng Genpi ch\u1ee9a nhi\u1ec1u ch\u1ea5t ch\u1ed1ng oxy h\u00f3a t\u1eeb c\u00e1c lo\u1ea1i tr\u00e0 th\u1ea3o m\u1ed9c gi\u00fap ng\u0103n ng\u1eeba l\u00e3o h\u00f3a da, l\u00e0m da m\u1ec1m m\u1ea1i v\u00e0 m\u1ecbn m\u00e0ng h\u01a1n. H\u1ea1t Hatomugi trong tr\u00e0 c\u00f2n gi\u00fap b\u1ea3o v\u1ec7 da kh\u1ecfi t\u00e1c h\u1ea1i c\u1ee7a b\u1ee9c x\u1ea1 v\u00e0 c\u1ea3i thi\u1ec7n t\u00ecnh tr\u1ea1ng da kh\u00f4 r\u00e1p, s\u1ea7n s\u00f9i. Vi\u1ec7c s\u1eed d\u1ee5ng tr\u00e0 \u0111\u1ec1u \u0111\u1eb7n kh\u00f4ng ch\u1ec9 gi\u00fap v\u00f3c d\u00e1ng thon g\u1ecdn m\u00e0 c\u00f2n mang l\u1ea1i l\u00e0n da kh\u1ecfe \u0111\u1eb9p t\u1ef1 nhi\u00ean<\/p>\n<p>&nbsp;<\/p>\n<h2><strong>C\u00e1ch s\u1eed d\u1ee5ng v\u00e0 nh\u1eefng l\u01b0u \u00fd quan tr\u1ecdng<\/strong><\/h2>\n<p><strong>C\u00e1ch d\u00f9ng:\u00a0<\/strong>Li\u1ec1u l\u01b0\u1ee3ng: 01 g\u00f3i\/ng\u00e0y, pha v\u1edbi 500ml n\u01b0\u1edbc n\u00f3ng, sau 3-5p c\u00f3 th\u1ec3 s\u1eed d\u1ee5ng.<\/p>\n","protected":false},"excerpt":{"rendered":"<p><strong>Tr\u00e0 gi\u1ea3m m\u1ee1 b\u1ee5ng<\/strong>\u00a0Genpi (3g x 60 g\u00f3i) v\u1edbi c\u00f4ng th\u1ee9c t\u1eeb th\u1ea3o m\u1ed9c t\u1ef1 nhi\u00ean gi\u00fap \u0111\u00e1nh tan m\u1ee1 th\u1eeba v\u00f9ng b\u1ee5ng, h\u1ed7 tr\u1ee3 ti\u00eau h\u00f3a v\u00e0 thanh l\u1ecdc c\u01a1 th\u1ec3. S\u1ea3n ph\u1ea9m th\u00edch h\u1ee3p cho ng\u01b0\u1eddi b\u1eadn r\u1ed9n, d\u1ec5 s\u1eed d\u1ee5ng h\u1eb1ng ng\u00e0y \u0111\u1ec3 duy tr\u00ec v\u00f3c d\u00e1ng thon g\u1ecdn v\u00e0 kh\u1ecfe m\u1ea1nh.<\/p>\n","protected":false},"featured_media":226,"comment_status":"open","ping_status":"closed","template":"","meta":[],"product_brand":[],"product_cat":[21],"product_tag":[],"class_list":{"0":"post-225","1":"product","2":"type-product","3":"status-publish","4":"has-post-thumbnail","6":"product_cat-thuc-pham-chuc-nang","8":"first","9":"instock","10":"shipping-taxable","11":"purchasable","12":"product-type-simple"},"yoast_head":"<!-- This site is optimized with the Yoast SEO Premium plugin v22.3 (Yoast SEO v27.1.1) - https:\/\/yoast.com\/product\/yoast-seo-premium-wordpress\/ -->\n<title>ORIHIRO- Tr\u00e0 gi\u1ea3m m\u1ee1 b\u1ee5ng Genpi (3g x 60 g\u00f3i) - Ly Daily<\/title>\n<meta name=\"robots\" content=\"index, follow, max-snippet:-1, max-image-preview:large, max-video-preview:-1\" \/>\n<link rel=\"canonical\" href=\"https:\/\/lydaily.vn\/jp\/san-pham\/orihiro-tra-giam-mo-bung-genpi-3g-x-60-goi\/\" \/>\n<meta property=\"og:locale\" content=\"vi_VN\" \/>\n<meta property=\"og:type\" content=\"article\" \/>\n<meta property=\"og:title\" content=\"ORIHIRO- Tr\u00e0 gi\u1ea3m m\u1ee1 b\u1ee5ng Genpi (3g x 60 g\u00f3i)\" \/>\n<meta property=\"og:description\" content=\"Tr\u00e0 gi\u1ea3m m\u1ee1 b\u1ee5ng\u00a0Genpi (3g x 60 g\u00f3i) v\u1edbi c\u00f4ng th\u1ee9c t\u1eeb th\u1ea3o m\u1ed9c t\u1ef1 nhi\u00ean gi\u00fap \u0111\u00e1nh tan m\u1ee1 th\u1eeba v\u00f9ng b\u1ee5ng, h\u1ed7 tr\u1ee3 ti\u00eau h\u00f3a v\u00e0 thanh l\u1ecdc c\u01a1 th\u1ec3. S\u1ea3n ph\u1ea9m th\u00edch h\u1ee3p cho ng\u01b0\u1eddi b\u1eadn r\u1ed9n, d\u1ec5 s\u1eed d\u1ee5ng h\u1eb1ng ng\u00e0y \u0111\u1ec3 duy tr\u00ec v\u00f3c d\u00e1ng thon g\u1ecdn v\u00e0 kh\u1ecfe m\u1ea1nh.\" \/>\n<meta property=\"og:url\" content=\"https:\/\/lydaily.vn\/jp\/san-pham\/orihiro-tra-giam-mo-bung-genpi-3g-x-60-goi\/\" \/>\n<meta property=\"og:site_name\" content=\"Ly Daily\" \/>\n<meta property=\"article:modified_time\" content=\"2026-03-13T05:01:25+00:00\" \/>\n<meta property=\"og:image\" content=\"https:\/\/lydaily.vn\/jp\/wp-content\/uploads\/2026\/02\/ORIHIRO-Tra-giam-mo-bung-Genpi-3g-x-60-goi.jpg\" \/>\n\t<meta property=\"og:image:width\" content=\"500\" \/>\n\t<meta property=\"og:image:height\" content=\"500\" \/>\n\t<meta property=\"og:image:type\" content=\"image\/jpeg\" \/>\n<meta name=\"twitter:card\" content=\"summary_large_image\" \/>\n<meta name=\"twitter:label1\" content=\"\u01af\u1edbc t\u00ednh th\u1eddi gian \u0111\u1ecdc\" \/>\n\t<meta name=\"twitter:data1\" content=\"3 ph\u00fat\" \/>\n<script type=\"application\/ld+json\" class=\"yoast-schema-graph\">{\"@context\":\"https:\/\/schema.org\",\"@graph\":[{\"@type\":\"WebPage\",\"@id\":\"https:\/\/lydaily.vn\/jp\/san-pham\/orihiro-tra-giam-mo-bung-genpi-3g-x-60-goi\/\",\"url\":\"https:\/\/lydaily.vn\/jp\/san-pham\/orihiro-tra-giam-mo-bung-genpi-3g-x-60-goi\/\",\"name\":\"ORIHIRO- Tr\u00e0 gi\u1ea3m m\u1ee1 b\u1ee5ng Genpi (3g x 60 g\u00f3i) - Ly Daily\",\"isPartOf\":{\"@id\":\"https:\/\/lydaily.vn\/jp\/#website\"},\"primaryImageOfPage\":{\"@id\":\"https:\/\/lydaily.vn\/jp\/san-pham\/orihiro-tra-giam-mo-bung-genpi-3g-x-60-goi\/#primaryimage\"},\"image\":{\"@id\":\"https:\/\/lydaily.vn\/jp\/san-pham\/orihiro-tra-giam-mo-bung-genpi-3g-x-60-goi\/#primaryimage\"},\"thumbnailUrl\":\"https:\/\/lydaily.vn\/jp\/wp-content\/uploads\/2026\/02\/ORIHIRO-Tra-giam-mo-bung-Genpi-3g-x-60-goi.jpg\",\"datePublished\":\"2026-02-28T02:41:14+00:00\",\"dateModified\":\"2026-03-13T05:01:25+00:00\",\"breadcrumb\":{\"@id\":\"https:\/\/lydaily.vn\/jp\/san-pham\/orihiro-tra-giam-mo-bung-genpi-3g-x-60-goi\/#breadcrumb\"},\"inLanguage\":\"vi\",\"potentialAction\":[{\"@type\":\"ReadAction\",\"target\":[\"https:\/\/lydaily.vn\/jp\/san-pham\/orihiro-tra-giam-mo-bung-genpi-3g-x-60-goi\/\"]}]},{\"@type\":\"ImageObject\",\"inLanguage\":\"vi\",\"@id\":\"https:\/\/lydaily.vn\/jp\/san-pham\/orihiro-tra-giam-mo-bung-genpi-3g-x-60-goi\/#primaryimage\",\"url\":\"https:\/\/lydaily.vn\/jp\/wp-content\/uploads\/2026\/02\/ORIHIRO-Tra-giam-mo-bung-Genpi-3g-x-60-goi.jpg\",\"contentUrl\":\"https:\/\/lydaily.vn\/jp\/wp-content\/uploads\/2026\/02\/ORIHIRO-Tra-giam-mo-bung-Genpi-3g-x-60-goi.jpg\",\"width\":500,\"height\":500},{\"@type\":\"BreadcrumbList\",\"@id\":\"https:\/\/lydaily.vn\/jp\/san-pham\/orihiro-tra-giam-mo-bung-genpi-3g-x-60-goi\/#breadcrumb\",\"itemListElement\":[{\"@type\":\"ListItem\",\"position\":1,\"name\":\"Home\",\"item\":\"https:\/\/lydaily.vn\/jp\/\"},{\"@type\":\"ListItem\",\"position\":2,\"name\":\"S\u1ea3n ph\u1ea9m\",\"item\":\"https:\/\/lydaily.vn\/jp\/san-pham\/\"},{\"@type\":\"ListItem\",\"position\":3,\"name\":\"ORIHIRO- Tr\u00e0 gi\u1ea3m m\u1ee1 b\u1ee5ng Genpi (3g x 60 g\u00f3i)\"}]},{\"@type\":\"WebSite\",\"@id\":\"https:\/\/lydaily.vn\/jp\/#website\",\"url\":\"https:\/\/lydaily.vn\/jp\/\",\"name\":\"Ly Daily\",\"description\":\"Th\u1ef1c Ph\u1ea9m Ch\u1ee9c N\u0103ng &amp; M\u1ef9 Ph\u1ea9m t\u1ea1i Nh\u1eadt B\u1ea3n v\u00e0 Vi\u1ec7t Nam\",\"potentialAction\":[{\"@type\":\"SearchAction\",\"target\":{\"@type\":\"EntryPoint\",\"urlTemplate\":\"https:\/\/lydaily.vn\/jp\/?s={search_term_string}\"},\"query-input\":{\"@type\":\"PropertyValueSpecification\",\"valueRequired\":true,\"valueName\":\"search_term_string\"}}],\"inLanguage\":\"vi\"}]}<\/script>\n<!-- \/ Yoast SEO Premium plugin. -->","yoast_head_json":{"title":"ORIHIRO- Tr\u00e0 gi\u1ea3m m\u1ee1 b\u1ee5ng Genpi (3g x 60 g\u00f3i) - Ly Daily","robots":{"index":"index","follow":"follow","max-snippet":"max-snippet:-1","max-image-preview":"max-image-preview:large","max-video-preview":"max-video-preview:-1"},"canonical":"https:\/\/lydaily.vn\/jp\/san-pham\/orihiro-tra-giam-mo-bung-genpi-3g-x-60-goi\/","og_locale":"vi_VN","og_type":"article","og_title":"ORIHIRO- Tr\u00e0 gi\u1ea3m m\u1ee1 b\u1ee5ng Genpi (3g x 60 g\u00f3i)","og_description":"Tr\u00e0 gi\u1ea3m m\u1ee1 b\u1ee5ng\u00a0Genpi (3g x 60 g\u00f3i) v\u1edbi c\u00f4ng th\u1ee9c t\u1eeb th\u1ea3o m\u1ed9c t\u1ef1 nhi\u00ean gi\u00fap \u0111\u00e1nh tan m\u1ee1 th\u1eeba v\u00f9ng b\u1ee5ng, h\u1ed7 tr\u1ee3 ti\u00eau h\u00f3a v\u00e0 thanh l\u1ecdc c\u01a1 th\u1ec3. S\u1ea3n ph\u1ea9m th\u00edch h\u1ee3p cho ng\u01b0\u1eddi b\u1eadn r\u1ed9n, d\u1ec5 s\u1eed d\u1ee5ng h\u1eb1ng ng\u00e0y \u0111\u1ec3 duy tr\u00ec v\u00f3c d\u00e1ng thon g\u1ecdn v\u00e0 kh\u1ecfe m\u1ea1nh.","og_url":"https:\/\/lydaily.vn\/jp\/san-pham\/orihiro-tra-giam-mo-bung-genpi-3g-x-60-goi\/","og_site_name":"Ly Daily","article_modified_time":"2026-03-13T05:01:25+00:00","og_image":[{"width":500,"height":500,"url":"https:\/\/lydaily.vn\/jp\/wp-content\/uploads\/2026\/02\/ORIHIRO-Tra-giam-mo-bung-Genpi-3g-x-60-goi.jpg","type":"image\/jpeg"}],"twitter_card":"summary_large_image","twitter_misc":{"\u01af\u1edbc t\u00ednh th\u1eddi gian \u0111\u1ecdc":"3 ph\u00fat"},"schema":{"@context":"https:\/\/schema.org","@graph":[{"@type":"WebPage","@id":"https:\/\/lydaily.vn\/jp\/san-pham\/orihiro-tra-giam-mo-bung-genpi-3g-x-60-goi\/","url":"https:\/\/lydaily.vn\/jp\/san-pham\/orihiro-tra-giam-mo-bung-genpi-3g-x-60-goi\/","name":"ORIHIRO- Tr\u00e0 gi\u1ea3m m\u1ee1 b\u1ee5ng Genpi (3g x 60 g\u00f3i) - Ly Daily","isPartOf":{"@id":"https:\/\/lydaily.vn\/jp\/#website"},"primaryImageOfPage":{"@id":"https:\/\/lydaily.vn\/jp\/san-pham\/orihiro-tra-giam-mo-bung-genpi-3g-x-60-goi\/#primaryimage"},"image":{"@id":"https:\/\/lydaily.vn\/jp\/san-pham\/orihiro-tra-giam-mo-bung-genpi-3g-x-60-goi\/#primaryimage"},"thumbnailUrl":"https:\/\/lydaily.vn\/jp\/wp-content\/uploads\/2026\/02\/ORIHIRO-Tra-giam-mo-bung-Genpi-3g-x-60-goi.jpg","datePublished":"2026-02-28T02:41:14+00:00","dateModified":"2026-03-13T05:01:25+00:00","breadcrumb":{"@id":"https:\/\/lydaily.vn\/jp\/san-pham\/orihiro-tra-giam-mo-bung-genpi-3g-x-60-goi\/#breadcrumb"},"inLanguage":"vi","potentialAction":[{"@type":"ReadAction","target":["https:\/\/lydaily.vn\/jp\/san-pham\/orihiro-tra-giam-mo-bung-genpi-3g-x-60-goi\/"]}]},{"@type":"ImageObject","inLanguage":"vi","@id":"https:\/\/lydaily.vn\/jp\/san-pham\/orihiro-tra-giam-mo-bung-genpi-3g-x-60-goi\/#primaryimage","url":"https:\/\/lydaily.vn\/jp\/wp-content\/uploads\/2026\/02\/ORIHIRO-Tra-giam-mo-bung-Genpi-3g-x-60-goi.jpg","contentUrl":"https:\/\/lydaily.vn\/jp\/wp-content\/uploads\/2026\/02\/ORIHIRO-Tra-giam-mo-bung-Genpi-3g-x-60-goi.jpg","width":500,"height":500},{"@type":"BreadcrumbList","@id":"https:\/\/lydaily.vn\/jp\/san-pham\/orihiro-tra-giam-mo-bung-genpi-3g-x-60-goi\/#breadcrumb","itemListElement":[{"@type":"ListItem","position":1,"name":"Home","item":"https:\/\/lydaily.vn\/jp\/"},{"@type":"ListItem","position":2,"name":"S\u1ea3n ph\u1ea9m","item":"https:\/\/lydaily.vn\/jp\/san-pham\/"},{"@type":"ListItem","position":3,"name":"ORIHIRO- Tr\u00e0 gi\u1ea3m m\u1ee1 b\u1ee5ng Genpi (3g x 60 g\u00f3i)"}]},{"@type":"WebSite","@id":"https:\/\/lydaily.vn\/jp\/#website","url":"https:\/\/lydaily.vn\/jp\/","name":"Ly Daily","description":"Th\u1ef1c Ph\u1ea9m Ch\u1ee9c N\u0103ng &amp; M\u1ef9 Ph\u1ea9m t\u1ea1i Nh\u1eadt B\u1ea3n v\u00e0 Vi\u1ec7t Nam","potentialAction":[{"@type":"SearchAction","target":{"@type":"EntryPoint","urlTemplate":"https:\/\/lydaily.vn\/jp\/?s={search_term_string}"},"query-input":{"@type":"PropertyValueSpecification","valueRequired":true,"valueName":"search_term_string"}}],"inLanguage":"vi"}]}},"_links":{"self":[{"href":"https:\/\/lydaily.vn\/jp\/wp-json\/wp\/v2\/product\/225","targetHints":{"allow":["GET"]}}],"collection":[{"href":"https:\/\/lydaily.vn\/jp\/wp-json\/wp\/v2\/product"}],"about":[{"href":"https:\/\/lydaily.vn\/jp\/wp-json\/wp\/v2\/types\/product"}],"replies":[{"embeddable":true,"href":"https:\/\/lydaily.vn\/jp\/wp-json\/wp\/v2\/comments?post=225"}],"wp:featuredmedia":[{"embeddable":true,"href":"https:\/\/lydaily.vn\/jp\/wp-json\/wp\/v2\/media\/226"}],"wp:attachment":[{"href":"https:\/\/lydaily.vn\/jp\/wp-json\/wp\/v2\/media?parent=225"}],"wp:term":[{"taxonomy":"product_brand","embeddable":true,"href":"https:\/\/lydaily.vn\/jp\/wp-json\/wp\/v2\/product_brand?post=225"},{"taxonomy":"product_cat","embeddable":true,"href":"https:\/\/lydaily.vn\/jp\/wp-json\/wp\/v2\/product_cat?post=225"},{"taxonomy":"product_tag","embeddable":true,"href":"https:\/\/lydaily.vn\/jp\/wp-json\/wp\/v2\/product_tag?post=225"}],"curies":[{"name":"wp","href":"https:\/\/api.w.org\/{rel}","templated":true}]}}