{"id":223,"date":"2026-02-28T02:38:32","date_gmt":"2026-02-28T02:38:32","guid":{"rendered":"https:\/\/lydaily.qweb.com.vn\/?post_type=product&#038;p=223"},"modified":"2026-03-13T05:00:46","modified_gmt":"2026-03-13T05:00:46","slug":"l-arginine-zinc-100mg-orihiro-120-vien-ho-tro-tang-cuong-sinh-ly-nam","status":"publish","type":"product","link":"https:\/\/lydaily.vn\/jp\/san-pham\/l-arginine-zinc-100mg-orihiro-120-vien-ho-tro-tang-cuong-sinh-ly-nam\/","title":{"rendered":"L-Arginine Zinc 100mg Orihiro 120 vi\u00ean &#8211; H\u1ed7 tr\u1ee3 t\u0103ng c\u01b0\u1eddng sinh l\u00fd nam"},"content":{"rendered":"<h1><strong>C\u00d4NG D\u1ee4NG:<\/strong><\/h1>\n<p>&#8211; H\u1ed7 tr\u1ee3 c\u1ea3i thi\u1ec7n c\u00e1c t\u00ecnh tr\u1ea1ng r\u1ed1i lo\u1ea1n c\u01b0\u01a1ng d\u01b0\u01a1ng hi\u1ec7u qu\u1ea3.<\/p>\n<p>&#8211; H\u1ed7 tr\u1ee3 t\u0103ng c\u01b0\u1eddng ch\u1ea5t l\u01b0\u1ee3ng tinh tr\u00f9ng, t\u0103ng kh\u1ea3 n\u0103ng th\u1ee5 thai, t\u0103ng c\u01b0\u1eddng ch\u1ea5t l\u01b0\u1ee3ng v\u00e0 s\u1ee9c kho\u1ebb c\u1ee7a b\u00e0o thai t\u1eeb khi c\u00f2n b\u00e9, l\u00e0 y\u1ebfu t\u1ed1 c\u01a1 b\u1ea3n \u0111\u1ec3 sinh ra \u0111\u1ee9a con kho\u1ebb m\u1ea1nh sau n\u00e0y.<\/p>\n<p>&#8211; H\u1ed7 tr\u1ee3 T\u0103ng c\u01b0\u1eddng ch\u1ee9c n\u0103ng c\u01b0\u01a1ng d\u01b0\u01a1ng do c\u01a1 ch\u1ebf t\u00e1c \u0111\u1ed9ng k\u00edch th\u00edch hormone, gi\u00fap t\u0103ng s\u1ef1 ham mu\u1ed1n, h\u01b0ng ph\u1ea5n v\u00e0 gi\u00fap k\u00e9o d\u00e0i h\u01a1n nh\u1eefng \u0111i\u1ec1u n\u00e0y \u1edf nam gi\u1edbi. Nh\u1edd \u0111\u00f3 t\u0103ng th\u1eddi gian v\u00e0 ch\u1ea5t l\u01b0\u1ee3ng c\u1ee7a vi\u1ec7c \u2018quan h\u1ec7\u2019.<\/p>\n<p>&#8211; T\u0103ng c\u01b0\u1eddng ch\u1ee9c n\u0103ng gan, th\u1eadn cho nam gi\u1edbi r\u1ea5t t\u1ed1t.<\/p>\n<p>&#8211; H\u1ed7 tr\u1ee3 t\u0103ng k\u00edch th\u01b0\u1edbc c\u01a1 b\u1eafp, ph\u00e1t tri\u1ec3n c\u01a1 b\u1eafp v\u00e0 s\u1ee9c b\u1ec1n, t\u0103ng c\u01b0\u1eddng h\u1ec7 mi\u1ec5n d\u1ecbch \u1edf nam gi\u1edbi. T\u0103ng s\u1ee9c b\u1ec1n b\u1ec9, d\u1ebbo dai cho ng\u01b0\u1eddi \u0111\u00e0n \u00f4ng trong m\u1ecdi ho\u1ea1t \u0111\u1ed9ng th\u1ec3 ch\u1ea5t<\/p>\n<p>&#8211; Gi\u00fap l\u01b0u th\u00f4ng kh\u00ed huy\u1ebft, c\u1ea3i thi\u1ec7n ch\u1ee9c n\u0103ng tu\u1ea7n ho\u00e0n, h\u1ec7 tim m\u1ea1ch, t\u0103ng c\u01b0\u1eddng tu\u1ea7n ho\u00e0n m\u00e1u. Gi\u1ea3m nguy c\u01a1 b\u1ecb huy\u1ebft \u00e1p cao.<\/p>\n<p>&#8211; K\u1ebdm zinc th\u01b0\u1eddng \u0111\u01b0\u1ee3c chi\u1ebft xu\u1ea5t t\u1eeb s\u00f2, h\u00e0u, c\u0169ng c\u00f3 c\u00f4ng d\u1ee5ng b\u1ed5 gan th\u1eadn, t\u0103ng c\u01b0\u1eddng ham mu\u1ed1n v\u00e0 t\u0103ng kh\u1ea3 n\u0103ng sinh l\u00fd nam gi\u1edbi.<\/p>\n<p>&#8211; Vitamin v\u00e0 kho\u00e1ng ch\u1ea5t kh\u00e1c r\u1ea5t c\u1ea7n thi\u1ebft cho \u0111\u00e0n \u00f4ng nh\u01b0 vitamin B1, B2, B6, selen .. c\u00f3 c\u00f4ng d\u1ee5ng t\u0103ng c\u01b0\u1eddng s\u1ee9c b\u1ec1n, t\u0103ng s\u1ee9c \u0111\u1ec1 kh\u00e1ng, gi\u1ea3m \u0111\u1ed9 nh\u1ea1y c\u1ea3m tr\u01b0\u1edbc c\u00e1c t\u00e1c \u0111\u1ed9ng b\u00ean ngo\u00e0i. Nh\u1eefng th\u00e0nh ph\u1ea7n n\u00e0y gi\u00fap ph\u00e1i m\u1ea1nh t\u0103ng c\u01b0\u1eddng th\u1ec3 l\u1ef1c, b\u1ed5 l\u00f4ng t\u00f3c m\u00f3ng, gi\u1ea3m nguy c\u01a1 b\u1ec7nh t\u1eadt.<\/p>\n<h1><strong>TH\u00c0NH PH\u1ea6N:<\/strong><\/h1>\n<ul>\n<li>L-Arginine 1000mg,\u00a0L-citrulline, Vitamin B1, Vitamin B2, Vitamin B6, K\u1ebdm, Selen<\/li>\n<\/ul>\n<h2><strong>\u0110\u1ed0I T\u01af\u1ee2NG S\u1eec D\u1ee4NG:<\/strong><\/h2>\n<p>&#8211; Nam gi\u1edbi m\u1eafc ch\u1ee9ng r\u1ed1i lo\u1ea1n c\u01b0\u01a1ng d\u01b0\u01a1ng, y\u1ebfu sinh l\u00fd, xu\u1ea5t tinh s\u1edbm.<\/p>\n<p>&#8211; Nam gi\u1edbi thi\u1ebfu ham mu\u1ed1n trong chuy\u1ec7n ch\u0103n g\u1ed1i do qu\u00e1 m\u1ec7t m\u1ecfi, stress trong c\u00f4ng vi\u1ec7c, cu\u1ed9c s\u1ed1ng.<\/p>\n<p>&#8211; Nam gi\u1edbi \u0111ang mu\u1ed1n b\u1ed3i b\u1ed5 s\u1ee9c kho\u1ebb, chu\u1ea9n b\u1ecb c\u00f3 con.<\/p>\n<p>&#8211; Nam gi\u1edbi th\u1ea5y s\u1ee9c b\u1ec1n, s\u1ee9c kho\u1ebb c\u00f3 d\u1ea5u hi\u1ec7u \u0111i xu\u1ed1ng, c\u1ea7n b\u1ed3i b\u1ed5 t\u1ed5ng h\u1ee3p.<\/p>\n<h2><strong>H\u01af\u1edaNG D\u1eaaN S\u1eec D\u1ee4NG:<\/strong><\/h2>\n<div>\n<div>&#8211; U\u1ed1ng 4 vi\u00ean\/ ng\u00e0y, u\u1ed1ng kho\u1ea3ng 30 ph\u00fat sau b\u1eefa \u0103n<\/div>\n<div>&#8211; N\u00ean chia 2 l\u1ea7n u\u1ed1ng trong ng\u00e0y \u0111\u1ec3 c\u01a1 th\u1ec3 d\u1ec5 h\u1ea5p th\u1ee5.<\/div>\n<\/div>\n<h2><strong>Th\u00f4ng s\u1ed1 s\u1ea3n ph\u1ea9m:<\/strong><\/h2>\n<div>&#8211; H\u00e3ng s\u1ea3n xu\u1ea5t: Orihiro<\/div>\n<div>&#8211; Xu\u1ea5t x\u1ee9: Nh\u1eadt B\u1ea3n<\/div>\n<div>&#8211; Quy c\u00e1ch: D\u1ea1ng vi\u00ean, 120 vi\u00ean\/h\u1ed9p<\/div>\n<div><\/div>\n<div>\n<p><u><strong>C\u00c1CH NH\u1eacN BI\u1ebeT S\u1ea2N PH\u1ea8M ORIHIRO\u00a0CH\u00cdNH H\u00c3NG<\/strong><\/u><\/p>\n<p><strong>S\u1ea3n ph\u1ea9m nh\u1eadp kh\u1ea9u\u00a0ch\u00ednh h\u00e3ng tr\u1ef1c ti\u1ebfp t\u1eeb th\u01b0\u01a1ng hi\u1ec7u ORIHIRO s\u1ebd \u0111\u01b0\u1ee3c d\u00e1n \u0111\u1ea7y \u0111\u1ee7 2 lo\u1ea1i tem:<\/strong><\/p>\n<p>1. Tem ch\u1ed1ng h\u00e0ng gi\u1ea3 ni\u00eam phong.<\/p>\n<p>2. Tem ph\u1ee5 Ti\u1ebfng Vi\u1ec7t<\/p>\n<\/div>\n","protected":false},"excerpt":{"rendered":"<div class=\"title h3 fw-bold d-none d-md-block\">L-Arginine Zinc 100mg Orihiro 120 vi\u00ean &#8211; H\u1ed7 tr\u1ee3 t\u0103ng c\u01b0\u1eddng sinh l\u00fd nam<\/div>\n<div class=\"py-2\">\n<div class=\"d-flex align-items-center\">\n<div class=\"px-1\">\n<div class=\"row-star d-flex\">\n<div>&#8211; H\u00e3ng s\u1ea3n xu\u1ea5t: Orihiro<\/div>\n<div>&#8211; Xu\u1ea5t x\u1ee9: Nh\u1eadt B\u1ea3n<\/div>\n<div>&#8211; Quy c\u00e1ch: D\u1ea1ng vi\u00ean, 120 vi\u00ean\/h\u1ed9p<\/div>\n<\/div>\n<\/div>\n<\/div>\n<\/div>\n","protected":false},"featured_media":224,"comment_status":"open","ping_status":"closed","template":"","meta":[],"product_brand":[],"product_cat":[21],"product_tag":[],"class_list":{"0":"post-223","1":"product","2":"type-product","3":"status-publish","4":"has-post-thumbnail","6":"product_cat-thuc-pham-chuc-nang","8":"first","9":"instock","10":"shipping-taxable","11":"purchasable","12":"product-type-simple"},"yoast_head":"<!-- This site is optimized with the Yoast SEO Premium plugin v22.3 (Yoast SEO v27.1.1) - https:\/\/yoast.com\/product\/yoast-seo-premium-wordpress\/ -->\n<title>L-Arginine Zinc 100mg Orihiro 120 vi\u00ean - H\u1ed7 tr\u1ee3 t\u0103ng c\u01b0\u1eddng sinh l\u00fd nam - Ly Daily<\/title>\n<meta name=\"robots\" content=\"index, follow, max-snippet:-1, max-image-preview:large, max-video-preview:-1\" \/>\n<link rel=\"canonical\" href=\"https:\/\/lydaily.vn\/jp\/san-pham\/l-arginine-zinc-100mg-orihiro-120-vien-ho-tro-tang-cuong-sinh-ly-nam\/\" \/>\n<meta property=\"og:locale\" content=\"vi_VN\" \/>\n<meta property=\"og:type\" content=\"article\" \/>\n<meta property=\"og:title\" content=\"L-Arginine Zinc 100mg Orihiro 120 vi\u00ean - H\u1ed7 tr\u1ee3 t\u0103ng c\u01b0\u1eddng sinh l\u00fd nam\" \/>\n<meta property=\"og:description\" content=\"L-Arginine Zinc 100mg Orihiro 120 vi\u00ean - H\u1ed7 tr\u1ee3 t\u0103ng c\u01b0\u1eddng sinh l\u00fd nam     - H\u00e3ng s\u1ea3n xu\u1ea5t: Orihiro - Xu\u1ea5t x\u1ee9: Nh\u1eadt B\u1ea3n - Quy c\u00e1ch: D\u1ea1ng vi\u00ean, 120 vi\u00ean\/h\u1ed9p\" \/>\n<meta property=\"og:url\" content=\"https:\/\/lydaily.vn\/jp\/san-pham\/l-arginine-zinc-100mg-orihiro-120-vien-ho-tro-tang-cuong-sinh-ly-nam\/\" \/>\n<meta property=\"og:site_name\" content=\"Ly Daily\" \/>\n<meta property=\"article:modified_time\" content=\"2026-03-13T05:00:46+00:00\" \/>\n<meta property=\"og:image\" content=\"https:\/\/lydaily.vn\/jp\/wp-content\/uploads\/2026\/02\/L-Arginine-Zinc-100mg-Orihiro-120-vien-Ho-tro-tang-cuong-sinh-ly-nam.webp\" \/>\n\t<meta property=\"og:image:width\" content=\"700\" \/>\n\t<meta property=\"og:image:height\" content=\"700\" \/>\n\t<meta property=\"og:image:type\" content=\"image\/webp\" \/>\n<meta name=\"twitter:card\" content=\"summary_large_image\" \/>\n<meta name=\"twitter:label1\" content=\"\u01af\u1edbc t\u00ednh th\u1eddi gian \u0111\u1ecdc\" \/>\n\t<meta name=\"twitter:data1\" content=\"3 ph\u00fat\" \/>\n<script type=\"application\/ld+json\" class=\"yoast-schema-graph\">{\"@context\":\"https:\/\/schema.org\",\"@graph\":[{\"@type\":\"WebPage\",\"@id\":\"https:\/\/lydaily.vn\/jp\/san-pham\/l-arginine-zinc-100mg-orihiro-120-vien-ho-tro-tang-cuong-sinh-ly-nam\/\",\"url\":\"https:\/\/lydaily.vn\/jp\/san-pham\/l-arginine-zinc-100mg-orihiro-120-vien-ho-tro-tang-cuong-sinh-ly-nam\/\",\"name\":\"L-Arginine Zinc 100mg Orihiro 120 vi\u00ean - H\u1ed7 tr\u1ee3 t\u0103ng c\u01b0\u1eddng sinh l\u00fd nam - Ly Daily\",\"isPartOf\":{\"@id\":\"https:\/\/lydaily.vn\/jp\/#website\"},\"primaryImageOfPage\":{\"@id\":\"https:\/\/lydaily.vn\/jp\/san-pham\/l-arginine-zinc-100mg-orihiro-120-vien-ho-tro-tang-cuong-sinh-ly-nam\/#primaryimage\"},\"image\":{\"@id\":\"https:\/\/lydaily.vn\/jp\/san-pham\/l-arginine-zinc-100mg-orihiro-120-vien-ho-tro-tang-cuong-sinh-ly-nam\/#primaryimage\"},\"thumbnailUrl\":\"https:\/\/lydaily.vn\/jp\/wp-content\/uploads\/2026\/02\/L-Arginine-Zinc-100mg-Orihiro-120-vien-Ho-tro-tang-cuong-sinh-ly-nam.webp\",\"datePublished\":\"2026-02-28T02:38:32+00:00\",\"dateModified\":\"2026-03-13T05:00:46+00:00\",\"breadcrumb\":{\"@id\":\"https:\/\/lydaily.vn\/jp\/san-pham\/l-arginine-zinc-100mg-orihiro-120-vien-ho-tro-tang-cuong-sinh-ly-nam\/#breadcrumb\"},\"inLanguage\":\"vi\",\"potentialAction\":[{\"@type\":\"ReadAction\",\"target\":[\"https:\/\/lydaily.vn\/jp\/san-pham\/l-arginine-zinc-100mg-orihiro-120-vien-ho-tro-tang-cuong-sinh-ly-nam\/\"]}]},{\"@type\":\"ImageObject\",\"inLanguage\":\"vi\",\"@id\":\"https:\/\/lydaily.vn\/jp\/san-pham\/l-arginine-zinc-100mg-orihiro-120-vien-ho-tro-tang-cuong-sinh-ly-nam\/#primaryimage\",\"url\":\"https:\/\/lydaily.vn\/jp\/wp-content\/uploads\/2026\/02\/L-Arginine-Zinc-100mg-Orihiro-120-vien-Ho-tro-tang-cuong-sinh-ly-nam.webp\",\"contentUrl\":\"https:\/\/lydaily.vn\/jp\/wp-content\/uploads\/2026\/02\/L-Arginine-Zinc-100mg-Orihiro-120-vien-Ho-tro-tang-cuong-sinh-ly-nam.webp\",\"width\":700,\"height\":700},{\"@type\":\"BreadcrumbList\",\"@id\":\"https:\/\/lydaily.vn\/jp\/san-pham\/l-arginine-zinc-100mg-orihiro-120-vien-ho-tro-tang-cuong-sinh-ly-nam\/#breadcrumb\",\"itemListElement\":[{\"@type\":\"ListItem\",\"position\":1,\"name\":\"Home\",\"item\":\"https:\/\/lydaily.vn\/jp\/\"},{\"@type\":\"ListItem\",\"position\":2,\"name\":\"S\u1ea3n ph\u1ea9m\",\"item\":\"https:\/\/lydaily.vn\/jp\/san-pham\/\"},{\"@type\":\"ListItem\",\"position\":3,\"name\":\"L-Arginine Zinc 100mg Orihiro 120 vi\u00ean &#8211; H\u1ed7 tr\u1ee3 t\u0103ng c\u01b0\u1eddng sinh l\u00fd nam\"}]},{\"@type\":\"WebSite\",\"@id\":\"https:\/\/lydaily.vn\/jp\/#website\",\"url\":\"https:\/\/lydaily.vn\/jp\/\",\"name\":\"Ly Daily\",\"description\":\"Th\u1ef1c Ph\u1ea9m Ch\u1ee9c N\u0103ng &amp; M\u1ef9 Ph\u1ea9m t\u1ea1i Nh\u1eadt B\u1ea3n v\u00e0 Vi\u1ec7t Nam\",\"potentialAction\":[{\"@type\":\"SearchAction\",\"target\":{\"@type\":\"EntryPoint\",\"urlTemplate\":\"https:\/\/lydaily.vn\/jp\/?s={search_term_string}\"},\"query-input\":{\"@type\":\"PropertyValueSpecification\",\"valueRequired\":true,\"valueName\":\"search_term_string\"}}],\"inLanguage\":\"vi\"}]}<\/script>\n<!-- \/ Yoast SEO Premium plugin. -->","yoast_head_json":{"title":"L-Arginine Zinc 100mg Orihiro 120 vi\u00ean - H\u1ed7 tr\u1ee3 t\u0103ng c\u01b0\u1eddng sinh l\u00fd nam - Ly Daily","robots":{"index":"index","follow":"follow","max-snippet":"max-snippet:-1","max-image-preview":"max-image-preview:large","max-video-preview":"max-video-preview:-1"},"canonical":"https:\/\/lydaily.vn\/jp\/san-pham\/l-arginine-zinc-100mg-orihiro-120-vien-ho-tro-tang-cuong-sinh-ly-nam\/","og_locale":"vi_VN","og_type":"article","og_title":"L-Arginine Zinc 100mg Orihiro 120 vi\u00ean - H\u1ed7 tr\u1ee3 t\u0103ng c\u01b0\u1eddng sinh l\u00fd nam","og_description":"L-Arginine Zinc 100mg Orihiro 120 vi\u00ean - H\u1ed7 tr\u1ee3 t\u0103ng c\u01b0\u1eddng sinh l\u00fd nam     - H\u00e3ng s\u1ea3n xu\u1ea5t: Orihiro - Xu\u1ea5t x\u1ee9: Nh\u1eadt B\u1ea3n - Quy c\u00e1ch: D\u1ea1ng vi\u00ean, 120 vi\u00ean\/h\u1ed9p","og_url":"https:\/\/lydaily.vn\/jp\/san-pham\/l-arginine-zinc-100mg-orihiro-120-vien-ho-tro-tang-cuong-sinh-ly-nam\/","og_site_name":"Ly Daily","article_modified_time":"2026-03-13T05:00:46+00:00","og_image":[{"width":700,"height":700,"url":"https:\/\/lydaily.vn\/jp\/wp-content\/uploads\/2026\/02\/L-Arginine-Zinc-100mg-Orihiro-120-vien-Ho-tro-tang-cuong-sinh-ly-nam.webp","type":"image\/webp"}],"twitter_card":"summary_large_image","twitter_misc":{"\u01af\u1edbc t\u00ednh th\u1eddi gian \u0111\u1ecdc":"3 ph\u00fat"},"schema":{"@context":"https:\/\/schema.org","@graph":[{"@type":"WebPage","@id":"https:\/\/lydaily.vn\/jp\/san-pham\/l-arginine-zinc-100mg-orihiro-120-vien-ho-tro-tang-cuong-sinh-ly-nam\/","url":"https:\/\/lydaily.vn\/jp\/san-pham\/l-arginine-zinc-100mg-orihiro-120-vien-ho-tro-tang-cuong-sinh-ly-nam\/","name":"L-Arginine Zinc 100mg Orihiro 120 vi\u00ean - H\u1ed7 tr\u1ee3 t\u0103ng c\u01b0\u1eddng sinh l\u00fd nam - Ly Daily","isPartOf":{"@id":"https:\/\/lydaily.vn\/jp\/#website"},"primaryImageOfPage":{"@id":"https:\/\/lydaily.vn\/jp\/san-pham\/l-arginine-zinc-100mg-orihiro-120-vien-ho-tro-tang-cuong-sinh-ly-nam\/#primaryimage"},"image":{"@id":"https:\/\/lydaily.vn\/jp\/san-pham\/l-arginine-zinc-100mg-orihiro-120-vien-ho-tro-tang-cuong-sinh-ly-nam\/#primaryimage"},"thumbnailUrl":"https:\/\/lydaily.vn\/jp\/wp-content\/uploads\/2026\/02\/L-Arginine-Zinc-100mg-Orihiro-120-vien-Ho-tro-tang-cuong-sinh-ly-nam.webp","datePublished":"2026-02-28T02:38:32+00:00","dateModified":"2026-03-13T05:00:46+00:00","breadcrumb":{"@id":"https:\/\/lydaily.vn\/jp\/san-pham\/l-arginine-zinc-100mg-orihiro-120-vien-ho-tro-tang-cuong-sinh-ly-nam\/#breadcrumb"},"inLanguage":"vi","potentialAction":[{"@type":"ReadAction","target":["https:\/\/lydaily.vn\/jp\/san-pham\/l-arginine-zinc-100mg-orihiro-120-vien-ho-tro-tang-cuong-sinh-ly-nam\/"]}]},{"@type":"ImageObject","inLanguage":"vi","@id":"https:\/\/lydaily.vn\/jp\/san-pham\/l-arginine-zinc-100mg-orihiro-120-vien-ho-tro-tang-cuong-sinh-ly-nam\/#primaryimage","url":"https:\/\/lydaily.vn\/jp\/wp-content\/uploads\/2026\/02\/L-Arginine-Zinc-100mg-Orihiro-120-vien-Ho-tro-tang-cuong-sinh-ly-nam.webp","contentUrl":"https:\/\/lydaily.vn\/jp\/wp-content\/uploads\/2026\/02\/L-Arginine-Zinc-100mg-Orihiro-120-vien-Ho-tro-tang-cuong-sinh-ly-nam.webp","width":700,"height":700},{"@type":"BreadcrumbList","@id":"https:\/\/lydaily.vn\/jp\/san-pham\/l-arginine-zinc-100mg-orihiro-120-vien-ho-tro-tang-cuong-sinh-ly-nam\/#breadcrumb","itemListElement":[{"@type":"ListItem","position":1,"name":"Home","item":"https:\/\/lydaily.vn\/jp\/"},{"@type":"ListItem","position":2,"name":"S\u1ea3n ph\u1ea9m","item":"https:\/\/lydaily.vn\/jp\/san-pham\/"},{"@type":"ListItem","position":3,"name":"L-Arginine Zinc 100mg Orihiro 120 vi\u00ean &#8211; H\u1ed7 tr\u1ee3 t\u0103ng c\u01b0\u1eddng sinh l\u00fd nam"}]},{"@type":"WebSite","@id":"https:\/\/lydaily.vn\/jp\/#website","url":"https:\/\/lydaily.vn\/jp\/","name":"Ly Daily","description":"Th\u1ef1c Ph\u1ea9m Ch\u1ee9c N\u0103ng &amp; M\u1ef9 Ph\u1ea9m t\u1ea1i Nh\u1eadt B\u1ea3n v\u00e0 Vi\u1ec7t Nam","potentialAction":[{"@type":"SearchAction","target":{"@type":"EntryPoint","urlTemplate":"https:\/\/lydaily.vn\/jp\/?s={search_term_string}"},"query-input":{"@type":"PropertyValueSpecification","valueRequired":true,"valueName":"search_term_string"}}],"inLanguage":"vi"}]}},"_links":{"self":[{"href":"https:\/\/lydaily.vn\/jp\/wp-json\/wp\/v2\/product\/223","targetHints":{"allow":["GET"]}}],"collection":[{"href":"https:\/\/lydaily.vn\/jp\/wp-json\/wp\/v2\/product"}],"about":[{"href":"https:\/\/lydaily.vn\/jp\/wp-json\/wp\/v2\/types\/product"}],"replies":[{"embeddable":true,"href":"https:\/\/lydaily.vn\/jp\/wp-json\/wp\/v2\/comments?post=223"}],"wp:featuredmedia":[{"embeddable":true,"href":"https:\/\/lydaily.vn\/jp\/wp-json\/wp\/v2\/media\/224"}],"wp:attachment":[{"href":"https:\/\/lydaily.vn\/jp\/wp-json\/wp\/v2\/media?parent=223"}],"wp:term":[{"taxonomy":"product_brand","embeddable":true,"href":"https:\/\/lydaily.vn\/jp\/wp-json\/wp\/v2\/product_brand?post=223"},{"taxonomy":"product_cat","embeddable":true,"href":"https:\/\/lydaily.vn\/jp\/wp-json\/wp\/v2\/product_cat?post=223"},{"taxonomy":"product_tag","embeddable":true,"href":"https:\/\/lydaily.vn\/jp\/wp-json\/wp\/v2\/product_tag?post=223"}],"curies":[{"name":"wp","href":"https:\/\/api.w.org\/{rel}","templated":true}]}}