{"id":221,"date":"2026-02-28T02:35:58","date_gmt":"2026-02-28T02:35:58","guid":{"rendered":"https:\/\/lydaily.qweb.com.vn\/?post_type=product&#038;p=221"},"modified":"2026-03-13T04:59:58","modified_gmt":"2026-03-13T04:59:58","slug":"thuc-pham-chuc-nang-tra-thai-doc-diep-ca-orihiro-dokudami-tea-cua-nhat-ban","status":"publish","type":"product","link":"https:\/\/lydaily.vn\/jp\/san-pham\/thuc-pham-chuc-nang-tra-thai-doc-diep-ca-orihiro-dokudami-tea-cua-nhat-ban\/","title":{"rendered":"Th\u1ef1c ph\u1ea9m ch\u1ee9c n\u0103ng Tr\u00e0 th\u1ea3i \u0111\u1ed9c di\u1ebfp c\u00e1 Orihiro Dokudami Tea c\u1ee7a Nh\u1eadt B\u1ea3n"},"content":{"rendered":"<h2>Tr\u00e0 di\u1ebfp c\u00e1\u00a0Orihiro\u00a0Dokudami Tea c\u1ee7a Nh\u1eadt B\u1ea3n &#8211; thanh nhi\u1ec7t, gi\u1ea3i \u0111\u1ed9c v\u00e0\u00a0m\u00e1t gan<\/h2>\n<p>Di\u1ebfp c\u00e1 kh\u00f4ng ch\u1ec9 l\u00e0 m\u1ed9t lo\u1ea1i th\u1ef1c ph\u1ea9m\u00a0quen thu\u1ed9c m\u00e0 t\u1eeb l\u00e2u n\u00f3 \u0111\u00e3 \u0111\u01b0\u1ee3c xem l\u00e0 m\u1ed9t lo\u1ea1i thu\u1ed1c qu\u00fd \u0111\u01b0\u1ee3c. Di\u1ebfp c\u00e1 c\u00f3 t\u00ednh m\u00e1t, gi\u00fap thanh l\u1ecdc th\u1ea3i \u0111\u1ed9c c\u01a1 th\u1ec3, l\u00e0m m\u00e1t gan, tr\u1ecb t\u00e1o b\u00f3n, tr\u0129, ch\u1eefa s\u1ed1t \u1edf tr\u1ebb em, \u0111i\u1ec1u tr\u1ecb s\u1ecfi th\u1eadn, c\u1ea3i thi\u1ec7n ch\u1ee9ng kinh nguy\u1ec7t kh\u00f4ng \u0111\u1ec1u \u1edf ph\u1ee5 n\u1eef, vi\u00eam \u00e2m \u0111\u1ea1o,&#8230; ngo\u00e0i ra c\u00f2n c\u00f3 t\u00e1c d\u1ee5ng l\u00e0m \u0111\u1eb9p da.<\/p>\n<p>Kh\u00f4ng ph\u1ea3i ai c\u0169ng th\u00edch m\u00f9i v\u1ecb\u00a0c\u1ee7a di\u1ebfp c\u00e1 t\u01b0\u01a1i. V\u00ec v\u1eady\u00a0n\u00ean ch\u1ecdn tr\u00e0 th\u1ea3i \u0111\u1ed9c di\u1ebfp c\u00e1 Orihiro Dokudami Tea, v\u1eabn gi\u1eef to\u00e0n v\u1eb9n gi\u00e1 tr\u1ecb dinh d\u01b0\u1ee1ng v\u00e0 c\u00f4ng d\u1ee5ng v\u1ed1n c\u00f3 c\u1ee7a di\u1ebfp c\u00e1, h\u01b0\u01a1ng v\u1ecb l\u1ea1i th\u01a1m ngon\u00a0d\u1ec5 u\u1ed1ng h\u01a1n.<\/p>\n<p><strong>Tr\u00e0 th\u1ea3i \u0111\u1ed9c di\u1ebfp c\u00e1\u00a0Orihiro Dokudami Tea\u00a060 g\u00f3i c\u1ee7a Nh\u1eadt<\/strong>\u00a0\u0111\u01b0\u1ee3c \u01b0a chu\u1ed9ng\u00a0t\u1ea1i c\u00e1c\u00a0qu\u1ed1c gia ch\u00e2u \u00c1.<\/p>\n<h3>U\u1ed1ng tr\u00e0 di\u1ebfp c\u00e1 Orihiro c\u1ee7a Nh\u1eadt\u00a0c\u00f3 t\u1ed1t kh\u00f4ng?<\/h3>\n<p>Tr\u00e0 di\u1ebfp c\u00e1 Orihiro 60 g\u00f3i\u00a0xu\u1ea5t x\u1ee9\u00a0t\u1eeb\u00a0Nh\u1eadt B\u1ea3n (Orihiro). S\u1ea3n xu\u1ea5t t\u1ea1i nh\u00e0 m\u00e1y v\u1edbi \u0111\u1ea7y \u0111\u1ee7\u00a0c\u00f4ng ngh\u1ec7 hi\u1ec7n \u0111\u1ea1i, quy tr\u00ecnh kh\u00e9p k\u00edn. \u0110\u1ea1t ti\u00eau chu\u1ea9n ch\u1ea5t l\u01b0\u1ee3ng\u00a0GMP, \u0111\u01b0\u1ee3c ch\u1ee9ng nh\u1eadn b\u1edfi\u00a0hi\u1ec7p h\u1ed9i\u00a0y\u00a0t\u1ebf v\u00e0 dinh d\u01b0\u1ee1ng Japan.<\/p>\n<p>Th\u00e0nh ph\u1ea7n tr\u00e0 di\u1ebfp c\u00e1 Orihiro? 100% t\u1ef1 nhi\u00ean (kh\u00f4ng h\u00f3a ch\u1ea5t \/ kh\u00f4ng ph\u1ee5 gia), chi\u1ebft xu\u1ea5t t\u1eeb l\u00e1 di\u1ebfp c\u00e1 (s\u1ea5y kh\u00f4). An to\u00e0n\u00a0cho\u00a0s\u1ee9c kh\u1ecfe, kh\u00f4ng t\u00e1c d\u1ee5ng ph\u1ee5 v\u00e0 c\u00f3 th\u1ec3 s\u1eed d\u1ee5ng l\u00e2u d\u00e0i. H\u01b0\u01a1ng v\u1ecb c\u00f3 h\u01a1i ch\u00e1t nh\u1eb9 nh\u01b0ng c\u0169ng r\u1ea5t d\u1ec5 u\u1ed1ng, \u0111\u00e3 lo\u1ea1i b\u1ecf \u0111i b\u1edbt m\u00f9i v\u1ecb \u0111\u1eb7c tr\u01b0ng kh\u00f3 ch\u1ecbu c\u1ee7a di\u1ebfp c\u00e1. H\u00e0m l\u01b0\u1ee3ng ph\u00f9 h\u1ee3p\u00a0m\u1ecdi c\u01a1 \u0111\u1ecba.<\/p>\n<p>T\u00e1c d\u1ee5ng ph\u1ee5 c\u1ee7a tr\u00e0 di\u1ebfp c\u00e1 Nh\u1eadt B\u1ea3n? N\u1ebfu u\u1ed1ng qu\u00e1 nhi\u1ec1u\u00a0trong ng\u00e0y c\u00f3 th\u1ec3 l\u00e0m l\u1ea1nh b\u1ee5ng g\u00e2y ti\u1ec3u ch\u1ea3y, \u0111i ti\u1ec3u nhi\u1ec1u v\u00e0 gi\u1ea3m h\u1ea5p th\u1ee5 c\u00e1c\u00a0ch\u1ea5t kh\u00e1c. Ng\u00e0y ch\u1ec9 u\u1ed1ng t\u1ed1i \u0111a 1-2 g\u00f3i, kh\u00f4ng qu\u00e1 4 g\u00f3i (&gt;12g di\u1ebfp c\u00e1 kh\u00f4).<\/p>\n<p>U\u1ed1ng tr\u00e0 di\u1ebfp c\u00e1 c\u00f3 m\u1ea5t ng\u1ee7 kh\u00f4ng? Trong tr\u00e0 di\u1ebfp c\u00e1 kh\u00f4ng ch\u1ee9a cafein n\u00ean kh\u00f4ng g\u00e2y m\u1ea5t ng\u1ee7. Ng\u01b0\u1ee3c l\u1ea1i\u00a0c\u00f2n gi\u00fap\u00a0ng\u1ee7 ngon v\u00e0 s\u00e2u gi\u1ea5c h\u01a1n, v\u00ec di\u1ebfp c\u00e1 c\u00f3 ch\u1ee9a phytonutrient hay lactucarium &#8211;\u00a0ch\u1ea5t \u201cg\u00e2y ng\u1ee7\u201d.<\/p>\n<p>Tr\u00e0 di\u1ebfp c\u00e1 Orihiro b\u1ea7u u\u1ed1ng \u0111\u01b0\u1ee3c kh\u00f4ng? Cho con b\u00fa u\u1ed1ng \u0111\u01b0\u1ee3c kh\u00f4ng? N\u00ean d\u00f9ng cho ng\u01b0\u1eddi l\u1edbn (&gt;18 tu\u1ed5i). Kh\u00f4ng s\u1eed d\u1ee5ng cho tr\u1ebb em, ph\u1ee5 n\u1eef mang thai v\u00e0 m\u1eb9 \u0111ang cho con b\u00fa, ng\u01b0\u1eddi \u0111ang u\u1ed1ng thu\u1ed1c \u0111i\u1ec1u tr\u1ecb b\u1ec7nh.<\/p>\n<p>D\u1ea1ng tr\u00e0 t\u00fai l\u1ecdc (60 g\u00f3i)\u00a0n\u00ean ti\u1ec7n l\u1ee3i m\u1ed7i khi s\u1eed d\u1ee5ng. Bao b\u00ec c\u0169ng nh\u1ecf g\u1ecdn, d\u1ec5 d\u00e0ng mang theo b\u1ea5t k\u1ef3 n\u01a1i \u0111\u00e2u<\/p>\n","protected":false},"excerpt":{"rendered":"<div class=\"rowl\">\n<p class=\"intro\">Tr\u00e0 di\u1ebfp c\u00e1 thanh nhi\u1ec7t th\u1ea3i \u0111\u1ed9c Orihiro Dokudami Tea 60 g\u00f3i c\u1ee7a Nh\u1eadt b\u1ea3n v\u1edbi th\u00e0nh ph\u1ea7n 100% t\u1ef1 nhi\u00ean. C\u00f3 c\u00f4ng d\u1ee5ng gi\u00fap l\u00e0m m\u00e1t gan, ti\u00eau di\u1ec7t k\u00fd sinh tr\u00f9ng.<\/p>\n<\/div>\n<div class=\"rowr\"><\/div>\n","protected":false},"featured_media":222,"comment_status":"open","ping_status":"closed","template":"","meta":[],"product_brand":[],"product_cat":[21],"product_tag":[],"class_list":{"0":"post-221","1":"product","2":"type-product","3":"status-publish","4":"has-post-thumbnail","6":"product_cat-thuc-pham-chuc-nang","8":"first","9":"instock","10":"shipping-taxable","11":"purchasable","12":"product-type-simple"},"yoast_head":"<!-- This site is optimized with the Yoast SEO Premium plugin v22.3 (Yoast SEO v27.1.1) - https:\/\/yoast.com\/product\/yoast-seo-premium-wordpress\/ -->\n<title>Th\u1ef1c ph\u1ea9m ch\u1ee9c n\u0103ng Tr\u00e0 th\u1ea3i \u0111\u1ed9c di\u1ebfp c\u00e1 Orihiro Dokudami Tea c\u1ee7a Nh\u1eadt B\u1ea3n - Ly Daily<\/title>\n<meta name=\"robots\" content=\"index, follow, max-snippet:-1, max-image-preview:large, max-video-preview:-1\" \/>\n<link rel=\"canonical\" href=\"https:\/\/lydaily.vn\/jp\/san-pham\/thuc-pham-chuc-nang-tra-thai-doc-diep-ca-orihiro-dokudami-tea-cua-nhat-ban\/\" \/>\n<meta property=\"og:locale\" content=\"vi_VN\" \/>\n<meta property=\"og:type\" content=\"article\" \/>\n<meta property=\"og:title\" content=\"Th\u1ef1c ph\u1ea9m ch\u1ee9c n\u0103ng Tr\u00e0 th\u1ea3i \u0111\u1ed9c di\u1ebfp c\u00e1 Orihiro Dokudami Tea c\u1ee7a Nh\u1eadt B\u1ea3n\" \/>\n<meta property=\"og:description\" content=\"Tr\u00e0 di\u1ebfp c\u00e1 thanh nhi\u1ec7t th\u1ea3i \u0111\u1ed9c Orihiro Dokudami Tea 60 g\u00f3i c\u1ee7a Nh\u1eadt b\u1ea3n v\u1edbi th\u00e0nh ph\u1ea7n 100% t\u1ef1 nhi\u00ean. C\u00f3 c\u00f4ng d\u1ee5ng gi\u00fap l\u00e0m m\u00e1t gan, ti\u00eau di\u1ec7t k\u00fd sinh tr\u00f9ng.\" \/>\n<meta property=\"og:url\" content=\"https:\/\/lydaily.vn\/jp\/san-pham\/thuc-pham-chuc-nang-tra-thai-doc-diep-ca-orihiro-dokudami-tea-cua-nhat-ban\/\" \/>\n<meta property=\"og:site_name\" content=\"Ly Daily\" \/>\n<meta property=\"article:modified_time\" content=\"2026-03-13T04:59:58+00:00\" \/>\n<meta property=\"og:image\" content=\"https:\/\/lydaily.vn\/jp\/wp-content\/uploads\/2026\/02\/Thuc-pham-chuc-nang-Tra-thai-doc-diep-ca-Orihiro-Dokudami-Tea-cua-Nhat-Ban.jpg\" \/>\n\t<meta property=\"og:image:width\" content=\"800\" \/>\n\t<meta property=\"og:image:height\" content=\"800\" \/>\n\t<meta property=\"og:image:type\" content=\"image\/jpeg\" \/>\n<meta name=\"twitter:card\" content=\"summary_large_image\" \/>\n<meta name=\"twitter:label1\" content=\"\u01af\u1edbc t\u00ednh th\u1eddi gian \u0111\u1ecdc\" \/>\n\t<meta name=\"twitter:data1\" content=\"3 ph\u00fat\" \/>\n<script type=\"application\/ld+json\" class=\"yoast-schema-graph\">{\"@context\":\"https:\/\/schema.org\",\"@graph\":[{\"@type\":\"WebPage\",\"@id\":\"https:\/\/lydaily.vn\/jp\/san-pham\/thuc-pham-chuc-nang-tra-thai-doc-diep-ca-orihiro-dokudami-tea-cua-nhat-ban\/\",\"url\":\"https:\/\/lydaily.vn\/jp\/san-pham\/thuc-pham-chuc-nang-tra-thai-doc-diep-ca-orihiro-dokudami-tea-cua-nhat-ban\/\",\"name\":\"Th\u1ef1c ph\u1ea9m ch\u1ee9c n\u0103ng Tr\u00e0 th\u1ea3i \u0111\u1ed9c di\u1ebfp c\u00e1 Orihiro Dokudami Tea c\u1ee7a Nh\u1eadt B\u1ea3n - Ly Daily\",\"isPartOf\":{\"@id\":\"https:\/\/lydaily.vn\/jp\/#website\"},\"primaryImageOfPage\":{\"@id\":\"https:\/\/lydaily.vn\/jp\/san-pham\/thuc-pham-chuc-nang-tra-thai-doc-diep-ca-orihiro-dokudami-tea-cua-nhat-ban\/#primaryimage\"},\"image\":{\"@id\":\"https:\/\/lydaily.vn\/jp\/san-pham\/thuc-pham-chuc-nang-tra-thai-doc-diep-ca-orihiro-dokudami-tea-cua-nhat-ban\/#primaryimage\"},\"thumbnailUrl\":\"https:\/\/lydaily.vn\/jp\/wp-content\/uploads\/2026\/02\/Thuc-pham-chuc-nang-Tra-thai-doc-diep-ca-Orihiro-Dokudami-Tea-cua-Nhat-Ban.jpg\",\"datePublished\":\"2026-02-28T02:35:58+00:00\",\"dateModified\":\"2026-03-13T04:59:58+00:00\",\"breadcrumb\":{\"@id\":\"https:\/\/lydaily.vn\/jp\/san-pham\/thuc-pham-chuc-nang-tra-thai-doc-diep-ca-orihiro-dokudami-tea-cua-nhat-ban\/#breadcrumb\"},\"inLanguage\":\"vi\",\"potentialAction\":[{\"@type\":\"ReadAction\",\"target\":[\"https:\/\/lydaily.vn\/jp\/san-pham\/thuc-pham-chuc-nang-tra-thai-doc-diep-ca-orihiro-dokudami-tea-cua-nhat-ban\/\"]}]},{\"@type\":\"ImageObject\",\"inLanguage\":\"vi\",\"@id\":\"https:\/\/lydaily.vn\/jp\/san-pham\/thuc-pham-chuc-nang-tra-thai-doc-diep-ca-orihiro-dokudami-tea-cua-nhat-ban\/#primaryimage\",\"url\":\"https:\/\/lydaily.vn\/jp\/wp-content\/uploads\/2026\/02\/Thuc-pham-chuc-nang-Tra-thai-doc-diep-ca-Orihiro-Dokudami-Tea-cua-Nhat-Ban.jpg\",\"contentUrl\":\"https:\/\/lydaily.vn\/jp\/wp-content\/uploads\/2026\/02\/Thuc-pham-chuc-nang-Tra-thai-doc-diep-ca-Orihiro-Dokudami-Tea-cua-Nhat-Ban.jpg\",\"width\":800,\"height\":800},{\"@type\":\"BreadcrumbList\",\"@id\":\"https:\/\/lydaily.vn\/jp\/san-pham\/thuc-pham-chuc-nang-tra-thai-doc-diep-ca-orihiro-dokudami-tea-cua-nhat-ban\/#breadcrumb\",\"itemListElement\":[{\"@type\":\"ListItem\",\"position\":1,\"name\":\"Home\",\"item\":\"https:\/\/lydaily.vn\/jp\/\"},{\"@type\":\"ListItem\",\"position\":2,\"name\":\"S\u1ea3n ph\u1ea9m\",\"item\":\"https:\/\/lydaily.vn\/jp\/san-pham\/\"},{\"@type\":\"ListItem\",\"position\":3,\"name\":\"Th\u1ef1c ph\u1ea9m ch\u1ee9c n\u0103ng Tr\u00e0 th\u1ea3i \u0111\u1ed9c di\u1ebfp c\u00e1 Orihiro Dokudami Tea c\u1ee7a Nh\u1eadt B\u1ea3n\"}]},{\"@type\":\"WebSite\",\"@id\":\"https:\/\/lydaily.vn\/jp\/#website\",\"url\":\"https:\/\/lydaily.vn\/jp\/\",\"name\":\"Ly Daily\",\"description\":\"Th\u1ef1c Ph\u1ea9m Ch\u1ee9c N\u0103ng &amp; M\u1ef9 Ph\u1ea9m t\u1ea1i Nh\u1eadt B\u1ea3n v\u00e0 Vi\u1ec7t Nam\",\"potentialAction\":[{\"@type\":\"SearchAction\",\"target\":{\"@type\":\"EntryPoint\",\"urlTemplate\":\"https:\/\/lydaily.vn\/jp\/?s={search_term_string}\"},\"query-input\":{\"@type\":\"PropertyValueSpecification\",\"valueRequired\":true,\"valueName\":\"search_term_string\"}}],\"inLanguage\":\"vi\"}]}<\/script>\n<!-- \/ Yoast SEO Premium plugin. -->","yoast_head_json":{"title":"Th\u1ef1c ph\u1ea9m ch\u1ee9c n\u0103ng Tr\u00e0 th\u1ea3i \u0111\u1ed9c di\u1ebfp c\u00e1 Orihiro Dokudami Tea c\u1ee7a Nh\u1eadt B\u1ea3n - Ly Daily","robots":{"index":"index","follow":"follow","max-snippet":"max-snippet:-1","max-image-preview":"max-image-preview:large","max-video-preview":"max-video-preview:-1"},"canonical":"https:\/\/lydaily.vn\/jp\/san-pham\/thuc-pham-chuc-nang-tra-thai-doc-diep-ca-orihiro-dokudami-tea-cua-nhat-ban\/","og_locale":"vi_VN","og_type":"article","og_title":"Th\u1ef1c ph\u1ea9m ch\u1ee9c n\u0103ng Tr\u00e0 th\u1ea3i \u0111\u1ed9c di\u1ebfp c\u00e1 Orihiro Dokudami Tea c\u1ee7a Nh\u1eadt B\u1ea3n","og_description":"Tr\u00e0 di\u1ebfp c\u00e1 thanh nhi\u1ec7t th\u1ea3i \u0111\u1ed9c Orihiro Dokudami Tea 60 g\u00f3i c\u1ee7a Nh\u1eadt b\u1ea3n v\u1edbi th\u00e0nh ph\u1ea7n 100% t\u1ef1 nhi\u00ean. C\u00f3 c\u00f4ng d\u1ee5ng gi\u00fap l\u00e0m m\u00e1t gan, ti\u00eau di\u1ec7t k\u00fd sinh tr\u00f9ng.","og_url":"https:\/\/lydaily.vn\/jp\/san-pham\/thuc-pham-chuc-nang-tra-thai-doc-diep-ca-orihiro-dokudami-tea-cua-nhat-ban\/","og_site_name":"Ly Daily","article_modified_time":"2026-03-13T04:59:58+00:00","og_image":[{"width":800,"height":800,"url":"https:\/\/lydaily.vn\/jp\/wp-content\/uploads\/2026\/02\/Thuc-pham-chuc-nang-Tra-thai-doc-diep-ca-Orihiro-Dokudami-Tea-cua-Nhat-Ban.jpg","type":"image\/jpeg"}],"twitter_card":"summary_large_image","twitter_misc":{"\u01af\u1edbc t\u00ednh th\u1eddi gian \u0111\u1ecdc":"3 ph\u00fat"},"schema":{"@context":"https:\/\/schema.org","@graph":[{"@type":"WebPage","@id":"https:\/\/lydaily.vn\/jp\/san-pham\/thuc-pham-chuc-nang-tra-thai-doc-diep-ca-orihiro-dokudami-tea-cua-nhat-ban\/","url":"https:\/\/lydaily.vn\/jp\/san-pham\/thuc-pham-chuc-nang-tra-thai-doc-diep-ca-orihiro-dokudami-tea-cua-nhat-ban\/","name":"Th\u1ef1c ph\u1ea9m ch\u1ee9c n\u0103ng Tr\u00e0 th\u1ea3i \u0111\u1ed9c di\u1ebfp c\u00e1 Orihiro Dokudami Tea c\u1ee7a Nh\u1eadt B\u1ea3n - Ly Daily","isPartOf":{"@id":"https:\/\/lydaily.vn\/jp\/#website"},"primaryImageOfPage":{"@id":"https:\/\/lydaily.vn\/jp\/san-pham\/thuc-pham-chuc-nang-tra-thai-doc-diep-ca-orihiro-dokudami-tea-cua-nhat-ban\/#primaryimage"},"image":{"@id":"https:\/\/lydaily.vn\/jp\/san-pham\/thuc-pham-chuc-nang-tra-thai-doc-diep-ca-orihiro-dokudami-tea-cua-nhat-ban\/#primaryimage"},"thumbnailUrl":"https:\/\/lydaily.vn\/jp\/wp-content\/uploads\/2026\/02\/Thuc-pham-chuc-nang-Tra-thai-doc-diep-ca-Orihiro-Dokudami-Tea-cua-Nhat-Ban.jpg","datePublished":"2026-02-28T02:35:58+00:00","dateModified":"2026-03-13T04:59:58+00:00","breadcrumb":{"@id":"https:\/\/lydaily.vn\/jp\/san-pham\/thuc-pham-chuc-nang-tra-thai-doc-diep-ca-orihiro-dokudami-tea-cua-nhat-ban\/#breadcrumb"},"inLanguage":"vi","potentialAction":[{"@type":"ReadAction","target":["https:\/\/lydaily.vn\/jp\/san-pham\/thuc-pham-chuc-nang-tra-thai-doc-diep-ca-orihiro-dokudami-tea-cua-nhat-ban\/"]}]},{"@type":"ImageObject","inLanguage":"vi","@id":"https:\/\/lydaily.vn\/jp\/san-pham\/thuc-pham-chuc-nang-tra-thai-doc-diep-ca-orihiro-dokudami-tea-cua-nhat-ban\/#primaryimage","url":"https:\/\/lydaily.vn\/jp\/wp-content\/uploads\/2026\/02\/Thuc-pham-chuc-nang-Tra-thai-doc-diep-ca-Orihiro-Dokudami-Tea-cua-Nhat-Ban.jpg","contentUrl":"https:\/\/lydaily.vn\/jp\/wp-content\/uploads\/2026\/02\/Thuc-pham-chuc-nang-Tra-thai-doc-diep-ca-Orihiro-Dokudami-Tea-cua-Nhat-Ban.jpg","width":800,"height":800},{"@type":"BreadcrumbList","@id":"https:\/\/lydaily.vn\/jp\/san-pham\/thuc-pham-chuc-nang-tra-thai-doc-diep-ca-orihiro-dokudami-tea-cua-nhat-ban\/#breadcrumb","itemListElement":[{"@type":"ListItem","position":1,"name":"Home","item":"https:\/\/lydaily.vn\/jp\/"},{"@type":"ListItem","position":2,"name":"S\u1ea3n ph\u1ea9m","item":"https:\/\/lydaily.vn\/jp\/san-pham\/"},{"@type":"ListItem","position":3,"name":"Th\u1ef1c ph\u1ea9m ch\u1ee9c n\u0103ng Tr\u00e0 th\u1ea3i \u0111\u1ed9c di\u1ebfp c\u00e1 Orihiro Dokudami Tea c\u1ee7a Nh\u1eadt B\u1ea3n"}]},{"@type":"WebSite","@id":"https:\/\/lydaily.vn\/jp\/#website","url":"https:\/\/lydaily.vn\/jp\/","name":"Ly Daily","description":"Th\u1ef1c Ph\u1ea9m Ch\u1ee9c N\u0103ng &amp; M\u1ef9 Ph\u1ea9m t\u1ea1i Nh\u1eadt B\u1ea3n v\u00e0 Vi\u1ec7t Nam","potentialAction":[{"@type":"SearchAction","target":{"@type":"EntryPoint","urlTemplate":"https:\/\/lydaily.vn\/jp\/?s={search_term_string}"},"query-input":{"@type":"PropertyValueSpecification","valueRequired":true,"valueName":"search_term_string"}}],"inLanguage":"vi"}]}},"_links":{"self":[{"href":"https:\/\/lydaily.vn\/jp\/wp-json\/wp\/v2\/product\/221","targetHints":{"allow":["GET"]}}],"collection":[{"href":"https:\/\/lydaily.vn\/jp\/wp-json\/wp\/v2\/product"}],"about":[{"href":"https:\/\/lydaily.vn\/jp\/wp-json\/wp\/v2\/types\/product"}],"replies":[{"embeddable":true,"href":"https:\/\/lydaily.vn\/jp\/wp-json\/wp\/v2\/comments?post=221"}],"wp:featuredmedia":[{"embeddable":true,"href":"https:\/\/lydaily.vn\/jp\/wp-json\/wp\/v2\/media\/222"}],"wp:attachment":[{"href":"https:\/\/lydaily.vn\/jp\/wp-json\/wp\/v2\/media?parent=221"}],"wp:term":[{"taxonomy":"product_brand","embeddable":true,"href":"https:\/\/lydaily.vn\/jp\/wp-json\/wp\/v2\/product_brand?post=221"},{"taxonomy":"product_cat","embeddable":true,"href":"https:\/\/lydaily.vn\/jp\/wp-json\/wp\/v2\/product_cat?post=221"},{"taxonomy":"product_tag","embeddable":true,"href":"https:\/\/lydaily.vn\/jp\/wp-json\/wp\/v2\/product_tag?post=221"}],"curies":[{"name":"wp","href":"https:\/\/api.w.org\/{rel}","templated":true}]}}