{"id":217,"date":"2026-02-28T02:29:41","date_gmt":"2026-02-28T02:29:41","guid":{"rendered":"https:\/\/lydaily.qweb.com.vn\/?post_type=product&#038;p=217"},"modified":"2026-03-13T04:58:25","modified_gmt":"2026-03-13T04:58:25","slug":"hong-sam-cu-kho-so-15-daedong-korean-red-ginseng-good-300g-10-cu","status":"publish","type":"product","link":"https:\/\/lydaily.vn\/jp\/san-pham\/hong-sam-cu-kho-so-15-daedong-korean-red-ginseng-good-300g-10-cu\/","title":{"rendered":"H\u1ed3ng s\u00e2m c\u1ee7 kh\u00f4 s\u1ed1 15 Daedong Korean Red Ginseng Good 300g (10 c\u1ee7)"},"content":{"rendered":"<h2>Th\u00e0nh ph\u1ea7n<\/h2>\n<p>100% t\u1eeb h\u1ed3ng s\u00e2m nguy\u00ean c\u1ee7 H\u00e0n Qu\u1ed1c 6 n\u0103m tu\u1ed5i \u0111\u00e3 qua h\u1ea5p ch\u00edn, s\u1ea5y kh\u00f4<\/p>\n<p><strong>Ph\u00e2n t\u00edch th\u00e0nh ph\u1ea7n c\u1ee7a H\u1ed3ng s\u00e2m c\u1ee7 kh\u00f4 H\u00e0n Qu\u1ed1c good\u00a0<\/strong><\/p>\n<p><strong>H\u1ed3ng s\u00e2m nguy\u00ean c\u1ee7 H\u00e0n Qu\u1ed1c 6 n\u0103m tu\u1ed5i:\u00a0<\/strong>L\u00e0 nh\u00e2n s\u00e2m \u0111\u00e3 qua h\u1ea5p ch\u00edn, s\u1ea5y kh\u00f4 d\u01b0\u1edbi nhi\u1ec7t \u0111\u1ed9 cao ho\u1eb7c d\u01b0\u1edbi \u00e1nh s\u00e1ng m\u1eb7t tr\u1eddi, ch\u1ee9a nhi\u1ec1u lo\u1ea1i\u00a0ginsenosides nh\u1ea5t so v\u1edbi c\u00e1c lo\u1ea1i nh\u00e2n s\u00e2m kh\u00e1c v\u00e0 ch\u1ee9a\u00a0 saponin triterpenoid, h\u1ee3p ch\u1ea5t polyphenolic c\u00f3 \u0111\u1eb7c t\u00ednh ch\u1ed1ng oxy h\u00f3a,\u2026Gi\u00fap th\u00fac \u0111\u1ea9y tu\u1ea7n ho\u00e0n m\u00e1u; c\u1ea3i thi\u1ec7n t\u00e2m tr\u1ea1ng, t\u0103ng t\u1ec9nh t\u00e1o, gi\u1ea3m c\u0103ng th\u1eb3ng. H\u1ed7 tr\u1ee3 \u1ed5n \u0111\u1ecbnh c\u00e1c cytokine n\u00ean ch\u1ed1ng vi\u00eam. T\u0103ng c\u01b0\u1eddng kh\u1ea3 n\u0103ng trao \u0111\u1ed5i ch\u1ea5t, gi\u00fap c\u01a1 th\u1ec3 t\u0103ng c\u01b0\u1eddng \u0111\u1ed1t ch\u00e1y ch\u1ea5t b\u00e9o; gi\u1ea3m l\u01b0\u1ee3ng \u0111\u01b0\u1eddng trong m\u00e1u n\u00ean c\u00f3 l\u1ee3i cho s\u1ee9c kh\u1ecfe tim m\u1ea1ch. C\u1ea3i thi\u1ec7n tri\u1ec7u ch\u1ee9ng m\u00e3n kinh kh\u00f3 ch\u1ecbu nh\u01b0 b\u1ed1c h\u1ecfa, t\u00e2m tr\u1ea1ng thay \u0111\u1ed5i th\u1ea5t th\u01b0\u1eddng, tr\u1ea7m c\u1ea3m,\u00a0 kh\u00f4 \u00e2m \u0111\u1ea1o,\u2026<\/p>\n<div id=\"lieu-dung-cach-dung\" class=\"margin-bottom-20\">\n<h2>Li\u1ec1u d\u00f9ng &#8211; c\u00e1ch d\u00f9ng<\/h2>\n<p>D\u00f9ng t\u1eeb 2 &#8211; 3 l\u00e1t ng\u00e0y d\u00f9ng 3 l\u1ea7n t\u00f9y th\u1ec3 tr\u1ea1ng (n\u00ean d\u00f9ng sau b\u1eefa \u0103n) k\u00e9o d\u00e0i li\u00ean t\u1ee5c t\u1eeb 15 \u2013 30 ng\u00e0y:<\/p>\n<ul>\n<li>C\u00f3 th\u1ec3 th\u00e1i tr\u1ef1c ti\u1ebfp \u0111\u1ec3 ng\u1eadm c\u0169ng c\u00f3 th\u1ec3 h\u1ea5p v\u1edbi m\u1eadt ong (k\u00e8m 1 \u00edt n\u01b0\u1edbc) cho m\u1ec1m r\u1ed3i s\u1eed d\u1ee5ng d\u1ea7n.<\/li>\n<li>Tr\u1ebb em d\u01b0\u1edbi 15 tu\u1ed5i u\u1ed1ng n\u1eeda so v\u1edbi ng\u01b0\u1eddi l\u1edbn (ch\u1ec9 n\u00ean d\u00f9ng cho tr\u1ebb ch\u1eadm l\u1edbn suy dinh d\u01b0\u1ee1ng xanh xao \u1ed1m y\u1ebfu d\u1eady th\u00ec mu\u1ed9n).<\/li>\n<\/ul>\n<\/div>\n<div id=\"advantage\">\n<h2>\u01afu \u0111i\u1ec3m n\u1ed5i b\u1eadt<\/h2>\n<ul>\n<li><strong>Th\u01b0\u01a1ng hi\u1ec7u uy t\u00edn:\u00a0<\/strong>Ch\u1ebf ph\u1ea9m c\u00f3 xu\u1ea5t x\u1ee9 H\u00e0n Qu\u1ed1c, \u0111\u1ebfn t\u1eeb Daedong Korea Ginseng \u2013 th\u01b0\u01a1ng hi\u1ec7u n\u1ed5i ti\u1ebfng v\u1edbi c\u00e1c d\u00f2ng nh\u00e2n s\u00e2m ch\u1ea5t l\u01b0\u1ee3ng cao. V\u1edbi s\u1ef1 n\u1ed7 l\u1ef1c kh\u00f4ng ng\u1eebng, ch\u00fa tr\u1ecdng v\u00e0o ch\u1ea5t l\u01b0\u1ee3ng, c\u00e1c s\u1ea3n ph\u1ea9m c\u00f3 \u0111\u01a1n v\u1ecb n\u00e0y ti\u1ebfn v\u00e0o nhi\u1ec1u th\u1ecb tr\u01b0\u1eddng nh\u01b0 M\u1ef9, H\u1ed3ng Kong, Vi\u1ec7t Nam.<\/li>\n<li><strong>Ch\u1ea5t l\u01b0\u1ee3ng:<\/strong>\u00a0C\u1ee7 h\u1ed3ng s\u00e2m \u0111\u01b0\u1ee3c h\u1ea5p 9 l\u1ea7n v\u00e0 s\u1ea5y kh\u00f4 9 l\u1ea7n n\u00ean \u0111em \u0111\u1ebfn h\u01b0\u01a1ng v\u1ecb ngon h\u1ea3o h\u1ea1ng, \u0111\u1ea1t ch\u1ea5t l\u01b0\u1ee3ng cao.<\/li>\n<li><strong>Ph\u00e2n ph\u1ed1i r\u1ed9ng:\u00a0<\/strong>S\u1ea3n ph\u1ea9m \u0111\u01b0\u1ee3c ph\u00e2n ph\u1ed1i r\u1ed9ng \u1edf c\u00e1c nh\u00e0 thu\u1ed1c v\u00e0 c\u00e1c trang th\u01b0\u01a1ng m\u1ea1i online, thu\u1eadn ti\u00ean ng\u01b0\u1eddi d\u00f9ng mua v\u00e0 s\u1eed d\u1ee5ng.<\/li>\n<\/ul>\n<\/div>\n","protected":false},"excerpt":{"rendered":"<div>\n<p>Daedong Korean Red Ginseng s\u1ebd ng\u0103n ng\u1eeba v\u00e0 h\u1ed7 tr\u1ee3 \u0111i\u1ec1u tr\u1ecb ung th\u01b0, ti\u1ec3u \u0111\u01b0\u1eddng, h\u1ea1 \u0111\u01b0\u1eddng huy\u1ebft, ph\u1ee5c h\u1ed3i ch\u1ee9c n\u0103ng tim m\u1ea1ch v\u00e0 l\u00e0m \u0111\u1eb9p da.<\/p>\n<p>&nbsp;<\/p>\n<\/div>\n","protected":false},"featured_media":218,"comment_status":"open","ping_status":"closed","template":"","meta":[],"product_brand":[],"product_cat":[21],"product_tag":[],"class_list":{"0":"post-217","1":"product","2":"type-product","3":"status-publish","4":"has-post-thumbnail","6":"product_cat-thuc-pham-chuc-nang","8":"first","9":"instock","10":"shipping-taxable","11":"purchasable","12":"product-type-simple"},"yoast_head":"<!-- This site is optimized with the Yoast SEO Premium plugin v22.3 (Yoast SEO v27.1.1) - https:\/\/yoast.com\/product\/yoast-seo-premium-wordpress\/ -->\n<title>H\u1ed3ng s\u00e2m c\u1ee7 kh\u00f4 s\u1ed1 15 Daedong Korean Red Ginseng Good 300g (10 c\u1ee7) - Ly Daily<\/title>\n<meta name=\"robots\" content=\"index, follow, max-snippet:-1, max-image-preview:large, max-video-preview:-1\" \/>\n<link rel=\"canonical\" href=\"https:\/\/lydaily.vn\/jp\/san-pham\/hong-sam-cu-kho-so-15-daedong-korean-red-ginseng-good-300g-10-cu\/\" \/>\n<meta property=\"og:locale\" content=\"vi_VN\" \/>\n<meta property=\"og:type\" content=\"article\" \/>\n<meta property=\"og:title\" content=\"H\u1ed3ng s\u00e2m c\u1ee7 kh\u00f4 s\u1ed1 15 Daedong Korean Red Ginseng Good 300g (10 c\u1ee7)\" \/>\n<meta property=\"og:description\" content=\"Daedong Korean Red Ginseng s\u1ebd ng\u0103n ng\u1eeba v\u00e0 h\u1ed7 tr\u1ee3 \u0111i\u1ec1u tr\u1ecb ung th\u01b0, ti\u1ec3u \u0111\u01b0\u1eddng, h\u1ea1 \u0111\u01b0\u1eddng huy\u1ebft, ph\u1ee5c h\u1ed3i ch\u1ee9c n\u0103ng tim m\u1ea1ch v\u00e0 l\u00e0m \u0111\u1eb9p da.  &nbsp;\" \/>\n<meta property=\"og:url\" content=\"https:\/\/lydaily.vn\/jp\/san-pham\/hong-sam-cu-kho-so-15-daedong-korean-red-ginseng-good-300g-10-cu\/\" \/>\n<meta property=\"og:site_name\" content=\"Ly Daily\" \/>\n<meta property=\"article:modified_time\" content=\"2026-03-13T04:58:25+00:00\" \/>\n<meta property=\"og:image\" content=\"https:\/\/lydaily.vn\/jp\/wp-content\/uploads\/2026\/02\/Hong-sam-cu-kho-so-15-Daedong-Korean-Red-Ginseng-Good-300g-10-cu.jpg\" \/>\n\t<meta property=\"og:image:width\" content=\"700\" \/>\n\t<meta property=\"og:image:height\" content=\"700\" \/>\n\t<meta property=\"og:image:type\" content=\"image\/jpeg\" \/>\n<meta name=\"twitter:card\" content=\"summary_large_image\" \/>\n<meta name=\"twitter:label1\" content=\"\u01af\u1edbc t\u00ednh th\u1eddi gian \u0111\u1ecdc\" \/>\n\t<meta name=\"twitter:data1\" content=\"3 ph\u00fat\" \/>\n<script type=\"application\/ld+json\" class=\"yoast-schema-graph\">{\"@context\":\"https:\/\/schema.org\",\"@graph\":[{\"@type\":\"WebPage\",\"@id\":\"https:\/\/lydaily.vn\/jp\/san-pham\/hong-sam-cu-kho-so-15-daedong-korean-red-ginseng-good-300g-10-cu\/\",\"url\":\"https:\/\/lydaily.vn\/jp\/san-pham\/hong-sam-cu-kho-so-15-daedong-korean-red-ginseng-good-300g-10-cu\/\",\"name\":\"H\u1ed3ng s\u00e2m c\u1ee7 kh\u00f4 s\u1ed1 15 Daedong Korean Red Ginseng Good 300g (10 c\u1ee7) - Ly Daily\",\"isPartOf\":{\"@id\":\"https:\/\/lydaily.vn\/jp\/#website\"},\"primaryImageOfPage\":{\"@id\":\"https:\/\/lydaily.vn\/jp\/san-pham\/hong-sam-cu-kho-so-15-daedong-korean-red-ginseng-good-300g-10-cu\/#primaryimage\"},\"image\":{\"@id\":\"https:\/\/lydaily.vn\/jp\/san-pham\/hong-sam-cu-kho-so-15-daedong-korean-red-ginseng-good-300g-10-cu\/#primaryimage\"},\"thumbnailUrl\":\"https:\/\/lydaily.vn\/jp\/wp-content\/uploads\/2026\/02\/Hong-sam-cu-kho-so-15-Daedong-Korean-Red-Ginseng-Good-300g-10-cu.jpg\",\"datePublished\":\"2026-02-28T02:29:41+00:00\",\"dateModified\":\"2026-03-13T04:58:25+00:00\",\"breadcrumb\":{\"@id\":\"https:\/\/lydaily.vn\/jp\/san-pham\/hong-sam-cu-kho-so-15-daedong-korean-red-ginseng-good-300g-10-cu\/#breadcrumb\"},\"inLanguage\":\"vi\",\"potentialAction\":[{\"@type\":\"ReadAction\",\"target\":[\"https:\/\/lydaily.vn\/jp\/san-pham\/hong-sam-cu-kho-so-15-daedong-korean-red-ginseng-good-300g-10-cu\/\"]}]},{\"@type\":\"ImageObject\",\"inLanguage\":\"vi\",\"@id\":\"https:\/\/lydaily.vn\/jp\/san-pham\/hong-sam-cu-kho-so-15-daedong-korean-red-ginseng-good-300g-10-cu\/#primaryimage\",\"url\":\"https:\/\/lydaily.vn\/jp\/wp-content\/uploads\/2026\/02\/Hong-sam-cu-kho-so-15-Daedong-Korean-Red-Ginseng-Good-300g-10-cu.jpg\",\"contentUrl\":\"https:\/\/lydaily.vn\/jp\/wp-content\/uploads\/2026\/02\/Hong-sam-cu-kho-so-15-Daedong-Korean-Red-Ginseng-Good-300g-10-cu.jpg\",\"width\":700,\"height\":700},{\"@type\":\"BreadcrumbList\",\"@id\":\"https:\/\/lydaily.vn\/jp\/san-pham\/hong-sam-cu-kho-so-15-daedong-korean-red-ginseng-good-300g-10-cu\/#breadcrumb\",\"itemListElement\":[{\"@type\":\"ListItem\",\"position\":1,\"name\":\"Home\",\"item\":\"https:\/\/lydaily.vn\/jp\/\"},{\"@type\":\"ListItem\",\"position\":2,\"name\":\"S\u1ea3n ph\u1ea9m\",\"item\":\"https:\/\/lydaily.vn\/jp\/san-pham\/\"},{\"@type\":\"ListItem\",\"position\":3,\"name\":\"H\u1ed3ng s\u00e2m c\u1ee7 kh\u00f4 s\u1ed1 15 Daedong Korean Red Ginseng Good 300g (10 c\u1ee7)\"}]},{\"@type\":\"WebSite\",\"@id\":\"https:\/\/lydaily.vn\/jp\/#website\",\"url\":\"https:\/\/lydaily.vn\/jp\/\",\"name\":\"Ly Daily\",\"description\":\"Th\u1ef1c Ph\u1ea9m Ch\u1ee9c N\u0103ng &amp; M\u1ef9 Ph\u1ea9m t\u1ea1i Nh\u1eadt B\u1ea3n v\u00e0 Vi\u1ec7t Nam\",\"potentialAction\":[{\"@type\":\"SearchAction\",\"target\":{\"@type\":\"EntryPoint\",\"urlTemplate\":\"https:\/\/lydaily.vn\/jp\/?s={search_term_string}\"},\"query-input\":{\"@type\":\"PropertyValueSpecification\",\"valueRequired\":true,\"valueName\":\"search_term_string\"}}],\"inLanguage\":\"vi\"}]}<\/script>\n<!-- \/ Yoast SEO Premium plugin. -->","yoast_head_json":{"title":"H\u1ed3ng s\u00e2m c\u1ee7 kh\u00f4 s\u1ed1 15 Daedong Korean Red Ginseng Good 300g (10 c\u1ee7) - Ly Daily","robots":{"index":"index","follow":"follow","max-snippet":"max-snippet:-1","max-image-preview":"max-image-preview:large","max-video-preview":"max-video-preview:-1"},"canonical":"https:\/\/lydaily.vn\/jp\/san-pham\/hong-sam-cu-kho-so-15-daedong-korean-red-ginseng-good-300g-10-cu\/","og_locale":"vi_VN","og_type":"article","og_title":"H\u1ed3ng s\u00e2m c\u1ee7 kh\u00f4 s\u1ed1 15 Daedong Korean Red Ginseng Good 300g (10 c\u1ee7)","og_description":"Daedong Korean Red Ginseng s\u1ebd ng\u0103n ng\u1eeba v\u00e0 h\u1ed7 tr\u1ee3 \u0111i\u1ec1u tr\u1ecb ung th\u01b0, ti\u1ec3u \u0111\u01b0\u1eddng, h\u1ea1 \u0111\u01b0\u1eddng huy\u1ebft, ph\u1ee5c h\u1ed3i ch\u1ee9c n\u0103ng tim m\u1ea1ch v\u00e0 l\u00e0m \u0111\u1eb9p da.  &nbsp;","og_url":"https:\/\/lydaily.vn\/jp\/san-pham\/hong-sam-cu-kho-so-15-daedong-korean-red-ginseng-good-300g-10-cu\/","og_site_name":"Ly Daily","article_modified_time":"2026-03-13T04:58:25+00:00","og_image":[{"width":700,"height":700,"url":"https:\/\/lydaily.vn\/jp\/wp-content\/uploads\/2026\/02\/Hong-sam-cu-kho-so-15-Daedong-Korean-Red-Ginseng-Good-300g-10-cu.jpg","type":"image\/jpeg"}],"twitter_card":"summary_large_image","twitter_misc":{"\u01af\u1edbc t\u00ednh th\u1eddi gian \u0111\u1ecdc":"3 ph\u00fat"},"schema":{"@context":"https:\/\/schema.org","@graph":[{"@type":"WebPage","@id":"https:\/\/lydaily.vn\/jp\/san-pham\/hong-sam-cu-kho-so-15-daedong-korean-red-ginseng-good-300g-10-cu\/","url":"https:\/\/lydaily.vn\/jp\/san-pham\/hong-sam-cu-kho-so-15-daedong-korean-red-ginseng-good-300g-10-cu\/","name":"H\u1ed3ng s\u00e2m c\u1ee7 kh\u00f4 s\u1ed1 15 Daedong Korean Red Ginseng Good 300g (10 c\u1ee7) - Ly Daily","isPartOf":{"@id":"https:\/\/lydaily.vn\/jp\/#website"},"primaryImageOfPage":{"@id":"https:\/\/lydaily.vn\/jp\/san-pham\/hong-sam-cu-kho-so-15-daedong-korean-red-ginseng-good-300g-10-cu\/#primaryimage"},"image":{"@id":"https:\/\/lydaily.vn\/jp\/san-pham\/hong-sam-cu-kho-so-15-daedong-korean-red-ginseng-good-300g-10-cu\/#primaryimage"},"thumbnailUrl":"https:\/\/lydaily.vn\/jp\/wp-content\/uploads\/2026\/02\/Hong-sam-cu-kho-so-15-Daedong-Korean-Red-Ginseng-Good-300g-10-cu.jpg","datePublished":"2026-02-28T02:29:41+00:00","dateModified":"2026-03-13T04:58:25+00:00","breadcrumb":{"@id":"https:\/\/lydaily.vn\/jp\/san-pham\/hong-sam-cu-kho-so-15-daedong-korean-red-ginseng-good-300g-10-cu\/#breadcrumb"},"inLanguage":"vi","potentialAction":[{"@type":"ReadAction","target":["https:\/\/lydaily.vn\/jp\/san-pham\/hong-sam-cu-kho-so-15-daedong-korean-red-ginseng-good-300g-10-cu\/"]}]},{"@type":"ImageObject","inLanguage":"vi","@id":"https:\/\/lydaily.vn\/jp\/san-pham\/hong-sam-cu-kho-so-15-daedong-korean-red-ginseng-good-300g-10-cu\/#primaryimage","url":"https:\/\/lydaily.vn\/jp\/wp-content\/uploads\/2026\/02\/Hong-sam-cu-kho-so-15-Daedong-Korean-Red-Ginseng-Good-300g-10-cu.jpg","contentUrl":"https:\/\/lydaily.vn\/jp\/wp-content\/uploads\/2026\/02\/Hong-sam-cu-kho-so-15-Daedong-Korean-Red-Ginseng-Good-300g-10-cu.jpg","width":700,"height":700},{"@type":"BreadcrumbList","@id":"https:\/\/lydaily.vn\/jp\/san-pham\/hong-sam-cu-kho-so-15-daedong-korean-red-ginseng-good-300g-10-cu\/#breadcrumb","itemListElement":[{"@type":"ListItem","position":1,"name":"Home","item":"https:\/\/lydaily.vn\/jp\/"},{"@type":"ListItem","position":2,"name":"S\u1ea3n ph\u1ea9m","item":"https:\/\/lydaily.vn\/jp\/san-pham\/"},{"@type":"ListItem","position":3,"name":"H\u1ed3ng s\u00e2m c\u1ee7 kh\u00f4 s\u1ed1 15 Daedong Korean Red Ginseng Good 300g (10 c\u1ee7)"}]},{"@type":"WebSite","@id":"https:\/\/lydaily.vn\/jp\/#website","url":"https:\/\/lydaily.vn\/jp\/","name":"Ly Daily","description":"Th\u1ef1c Ph\u1ea9m Ch\u1ee9c N\u0103ng &amp; M\u1ef9 Ph\u1ea9m t\u1ea1i Nh\u1eadt B\u1ea3n v\u00e0 Vi\u1ec7t Nam","potentialAction":[{"@type":"SearchAction","target":{"@type":"EntryPoint","urlTemplate":"https:\/\/lydaily.vn\/jp\/?s={search_term_string}"},"query-input":{"@type":"PropertyValueSpecification","valueRequired":true,"valueName":"search_term_string"}}],"inLanguage":"vi"}]}},"_links":{"self":[{"href":"https:\/\/lydaily.vn\/jp\/wp-json\/wp\/v2\/product\/217","targetHints":{"allow":["GET"]}}],"collection":[{"href":"https:\/\/lydaily.vn\/jp\/wp-json\/wp\/v2\/product"}],"about":[{"href":"https:\/\/lydaily.vn\/jp\/wp-json\/wp\/v2\/types\/product"}],"replies":[{"embeddable":true,"href":"https:\/\/lydaily.vn\/jp\/wp-json\/wp\/v2\/comments?post=217"}],"wp:featuredmedia":[{"embeddable":true,"href":"https:\/\/lydaily.vn\/jp\/wp-json\/wp\/v2\/media\/218"}],"wp:attachment":[{"href":"https:\/\/lydaily.vn\/jp\/wp-json\/wp\/v2\/media?parent=217"}],"wp:term":[{"taxonomy":"product_brand","embeddable":true,"href":"https:\/\/lydaily.vn\/jp\/wp-json\/wp\/v2\/product_brand?post=217"},{"taxonomy":"product_cat","embeddable":true,"href":"https:\/\/lydaily.vn\/jp\/wp-json\/wp\/v2\/product_cat?post=217"},{"taxonomy":"product_tag","embeddable":true,"href":"https:\/\/lydaily.vn\/jp\/wp-json\/wp\/v2\/product_tag?post=217"}],"curies":[{"name":"wp","href":"https:\/\/api.w.org\/{rel}","templated":true}]}}