{"id":214,"date":"2026-02-28T02:25:47","date_gmt":"2026-02-28T02:25:47","guid":{"rendered":"https:\/\/lydaily.qweb.com.vn\/?post_type=product&#038;p=214"},"modified":"2026-03-13T04:57:24","modified_gmt":"2026-03-13T04:57:24","slug":"vitamin-tong-hop-khoang-chat-nature-made-super-multiple-bo-sung-12-vitamin-7-khoang-chat-ho-tro-suc-khoe-dep-da","status":"publish","type":"product","link":"https:\/\/lydaily.vn\/jp\/san-pham\/vitamin-tong-hop-khoang-chat-nature-made-super-multiple-bo-sung-12-vitamin-7-khoang-chat-ho-tro-suc-khoe-dep-da\/","title":{"rendered":"Vitamin T\u1ed5ng H\u1ee3p &#038; Kho\u00e1ng Ch\u1ea5t Nature Made Super Multiple &#8211; B\u1ed5 Sung 12 Vitamin &#038; 7 Kho\u00e1ng Ch\u1ea5t H\u1ed7 Tr\u1ee3 S\u1ee9c Kh\u1ecfe &#038; \u0110\u1eb9p Da"},"content":{"rendered":"<p class=\"QN2lPu\">1. C\u00f4ng d\u1ee5ng c\u1ee7a vi\u00ean u\u1ed1ng b\u1ed5 sung vitamin t\u1ed5ng h\u1ee3p Nature Made<\/p>\n<p class=\"QN2lPu\">&#8211; B\u1ed5 sung vitamin v\u00e0 kho\u00e1ng ch\u1ea5t thi\u1ebft y\u1ebfu, c\u1ea3i thi\u1ec7n h\u1ec7 mi\u1ec5n d\u1ecbch, n\u00e2ng cao s\u1ee9c \u0111\u1ec1 kh\u00e1ng v\u00e0 t\u0103ng c\u01b0\u1eddng s\u1ee9c kh\u1ecfe.<\/p>\n<p class=\"QN2lPu\">&#8211; Cung c\u1ea5p \u0111\u1ea7y \u0111\u1ee7 ch\u1ea5t dinh d\u01b0\u1ee1ng cho ng\u01b0\u1eddi \u0111ang th\u1ef1c hi\u1ec7n ch\u1ebf \u0111\u1ed9 \u0103n ki\u00eang.<\/p>\n<p class=\"QN2lPu\">&#8211; Gi\u00fap c\u01a1 th\u1ec3 b\u1ed5 sung th\u00eam canxi \u0111\u1ec3 h\u1ec7 c\u01a1, x\u01b0\u01a1ng kh\u1edbp lu\u00f4n ch\u1eafc kh\u1ecfe.<\/p>\n<p class=\"QN2lPu\">&#8211; Ch\u0103m s\u00f3c l\u00e0n da t\u1eeb s\u00e2u b\u00ean trong, c\u1ea3i thi\u1ec7n t\u00ecnh tr\u1ea1ng da \u0111en s\u1ea1m, x\u1ec9n m\u00e0u, th\u00f4 r\u00e1p, mang \u0111\u1ebfn l\u00e0n da m\u1ecbn m\u00e0ng, tr\u00e0n \u0111\u1ea7y s\u1ee9c s\u1ed1ng.<\/p>\n<p class=\"QN2lPu\">2. Nh\u1eefng ai n\u00ean d\u00f9ng vi\u00ean u\u1ed1ng b\u1ed5 sung vitamin t\u1ed5ng h\u1ee3p Nature Made?<\/p>\n<p class=\"QN2lPu\">&#8211; Ng\u01b0\u1eddi \u0111ang \u0103n ki\u00eang v\u00e0 c\u1ea7n b\u1ed5 sung dinh d\u01b0\u1ee1ng.<\/p>\n<p class=\"QN2lPu\">&#8211; Ng\u01b0\u1eddi l\u01b0\u1eddi \u0103n rau, c\u1ee7, qu\u1ea3.<\/p>\n<p class=\"QN2lPu\">&#8211; Ng\u01b0\u1eddi mu\u1ed1n t\u0103ng c\u01b0\u1eddng s\u1ee9c kh\u1ecfe v\u00e0 c\u1ea3i thi\u1ec7n l\u00e0n da.<\/p>\n<p class=\"QN2lPu\">&#8211; Ng\u01b0\u1eddi mu\u1ed1n c\u1ea3i thi\u1ec7n s\u1ee9c \u0111\u1ec1 kh\u00e1ng v\u00e0o th\u1eddi \u0111i\u1ec3m giao m\u00f9a.<\/p>\n<p class=\"QN2lPu\">&#8211; Ng\u01b0\u1eddi th\u01b0\u1eddng xuy\u00ean v\u1eadn \u0111\u1ed9ng n\u1eb7ng, ch\u01a1i th\u1ec3 thao, l\u00e0m vi\u1ec7c m\u1ec7t nh\u1ecdc mu\u1ed1n t\u0103ng c\u01b0\u1eddng th\u1ec3 l\u1ef1c.<\/p>\n<p class=\"QN2lPu\">3. H\u01b0\u1edbng d\u1eabn s\u1eed d\u1ee5ng vi\u00ean u\u1ed1ng b\u1ed5 sung vitamin t\u1ed5ng h\u1ee3p Nature Made<\/p>\n<p class=\"QN2lPu\">&#8211; M\u1ed7i ng\u00e0y u\u1ed1ng 1 vi\u00ean, t\u1ed1t nh\u1ea5t l\u00e0 v\u00e0o sau b\u1eefa s\u00e1ng.<\/p>\n<p class=\"QN2lPu\">&#8211; B\u1ea3o qu\u1ea3n s\u1ea3n ph\u1ea9m \u1edf n\u01a1i kh\u00f4 r\u00e1o, tho\u00e1ng m\u00e1t, tr\u00e1nh \u00e1nh n\u1eafng tr\u1ef1c ti\u1ebfp, \u0111\u1ec3 xa t\u1ea7m tay tr\u1ebb em.<\/p>\n<p class=\"QN2lPu\">&#8211; S\u1ea3n ph\u1ea9m vitamin t\u1ed5ng h\u1ee3p Nature Made l\u00e0 th\u1ef1c ph\u1ea9m ch\u1ee9c n\u0103ng, kh\u00f4ng ph\u1ea3i l\u00e0 thu\u1ed1c v\u00e0 kh\u00f4ng c\u00f3 t\u00e1c d\u1ee5ng thay th\u1ebf thu\u1ed1c ch\u1eefa b\u1ec7nh.<\/p>\n","protected":false},"excerpt":{"rendered":"<p class=\"QN2lPu\">&#8211; H\u00e3ng s\u1ea3n xu\u1ea5t: Nature Made<\/p>\n<p class=\"QN2lPu\">&#8211; Xu\u1ea5t x\u1ee9: Nh\u1eadt B\u1ea3n<\/p>\n<p class=\"QN2lPu\">&#8211; Quy c\u00e1ch: H\u1ed9p 120 vi\u00ean<\/p>\n","protected":false},"featured_media":216,"comment_status":"open","ping_status":"closed","template":"","meta":[],"product_brand":[],"product_cat":[21],"product_tag":[],"class_list":{"0":"post-214","1":"product","2":"type-product","3":"status-publish","4":"has-post-thumbnail","6":"product_cat-thuc-pham-chuc-nang","8":"first","9":"instock","10":"shipping-taxable","11":"purchasable","12":"product-type-simple"},"yoast_head":"<!-- This site is optimized with the Yoast SEO Premium plugin v22.3 (Yoast SEO v27.1.1) - https:\/\/yoast.com\/product\/yoast-seo-premium-wordpress\/ -->\n<title>Vitamin T\u1ed5ng H\u1ee3p &amp; Kho\u00e1ng Ch\u1ea5t Nature Made Super Multiple - B\u1ed5 Sung 12 Vitamin &amp; 7 Kho\u00e1ng Ch\u1ea5t H\u1ed7 Tr\u1ee3 S\u1ee9c Kh\u1ecfe &amp; \u0110\u1eb9p Da - Ly Daily<\/title>\n<meta name=\"robots\" content=\"index, follow, max-snippet:-1, max-image-preview:large, max-video-preview:-1\" \/>\n<link rel=\"canonical\" href=\"https:\/\/lydaily.vn\/jp\/san-pham\/vitamin-tong-hop-khoang-chat-nature-made-super-multiple-bo-sung-12-vitamin-7-khoang-chat-ho-tro-suc-khoe-dep-da\/\" \/>\n<meta property=\"og:locale\" content=\"vi_VN\" \/>\n<meta property=\"og:type\" content=\"article\" \/>\n<meta property=\"og:title\" content=\"Vitamin T\u1ed5ng H\u1ee3p &amp; Kho\u00e1ng Ch\u1ea5t Nature Made Super Multiple - B\u1ed5 Sung 12 Vitamin &amp; 7 Kho\u00e1ng Ch\u1ea5t H\u1ed7 Tr\u1ee3 S\u1ee9c Kh\u1ecfe &amp; \u0110\u1eb9p Da\" \/>\n<meta property=\"og:description\" content=\"- H\u00e3ng s\u1ea3n xu\u1ea5t: Nature Made - Xu\u1ea5t x\u1ee9: Nh\u1eadt B\u1ea3n - Quy c\u00e1ch: H\u1ed9p 120 vi\u00ean\" \/>\n<meta property=\"og:url\" content=\"https:\/\/lydaily.vn\/jp\/san-pham\/vitamin-tong-hop-khoang-chat-nature-made-super-multiple-bo-sung-12-vitamin-7-khoang-chat-ho-tro-suc-khoe-dep-da\/\" \/>\n<meta property=\"og:site_name\" content=\"Ly Daily\" \/>\n<meta property=\"article:modified_time\" content=\"2026-03-13T04:57:24+00:00\" \/>\n<meta property=\"og:image\" content=\"https:\/\/lydaily.vn\/jp\/wp-content\/uploads\/2026\/02\/Vitamin-Tong-Hop-Khoang-Chat-Nature-Made-Super-Multiple-Bo-Sung-12-Vitamin-7-Khoang-Chat-Ho-Tro-Suc-Khoe-Dep-Da-1.png\" \/>\n\t<meta property=\"og:image:width\" content=\"960\" \/>\n\t<meta property=\"og:image:height\" content=\"960\" \/>\n\t<meta property=\"og:image:type\" content=\"image\/png\" \/>\n<meta name=\"twitter:card\" content=\"summary_large_image\" \/>\n<meta name=\"twitter:label1\" content=\"\u01af\u1edbc t\u00ednh th\u1eddi gian \u0111\u1ecdc\" \/>\n\t<meta name=\"twitter:data1\" content=\"2 ph\u00fat\" \/>\n<script type=\"application\/ld+json\" class=\"yoast-schema-graph\">{\"@context\":\"https:\/\/schema.org\",\"@graph\":[{\"@type\":\"WebPage\",\"@id\":\"https:\/\/lydaily.vn\/jp\/san-pham\/vitamin-tong-hop-khoang-chat-nature-made-super-multiple-bo-sung-12-vitamin-7-khoang-chat-ho-tro-suc-khoe-dep-da\/\",\"url\":\"https:\/\/lydaily.vn\/jp\/san-pham\/vitamin-tong-hop-khoang-chat-nature-made-super-multiple-bo-sung-12-vitamin-7-khoang-chat-ho-tro-suc-khoe-dep-da\/\",\"name\":\"Vitamin T\u1ed5ng H\u1ee3p & Kho\u00e1ng Ch\u1ea5t Nature Made Super Multiple - B\u1ed5 Sung 12 Vitamin & 7 Kho\u00e1ng Ch\u1ea5t H\u1ed7 Tr\u1ee3 S\u1ee9c Kh\u1ecfe & \u0110\u1eb9p Da - Ly Daily\",\"isPartOf\":{\"@id\":\"https:\/\/lydaily.vn\/jp\/#website\"},\"primaryImageOfPage\":{\"@id\":\"https:\/\/lydaily.vn\/jp\/san-pham\/vitamin-tong-hop-khoang-chat-nature-made-super-multiple-bo-sung-12-vitamin-7-khoang-chat-ho-tro-suc-khoe-dep-da\/#primaryimage\"},\"image\":{\"@id\":\"https:\/\/lydaily.vn\/jp\/san-pham\/vitamin-tong-hop-khoang-chat-nature-made-super-multiple-bo-sung-12-vitamin-7-khoang-chat-ho-tro-suc-khoe-dep-da\/#primaryimage\"},\"thumbnailUrl\":\"https:\/\/lydaily.vn\/jp\/wp-content\/uploads\/2026\/02\/Vitamin-Tong-Hop-Khoang-Chat-Nature-Made-Super-Multiple-Bo-Sung-12-Vitamin-7-Khoang-Chat-Ho-Tro-Suc-Khoe-Dep-Da-1.png\",\"datePublished\":\"2026-02-28T02:25:47+00:00\",\"dateModified\":\"2026-03-13T04:57:24+00:00\",\"breadcrumb\":{\"@id\":\"https:\/\/lydaily.vn\/jp\/san-pham\/vitamin-tong-hop-khoang-chat-nature-made-super-multiple-bo-sung-12-vitamin-7-khoang-chat-ho-tro-suc-khoe-dep-da\/#breadcrumb\"},\"inLanguage\":\"vi\",\"potentialAction\":[{\"@type\":\"ReadAction\",\"target\":[\"https:\/\/lydaily.vn\/jp\/san-pham\/vitamin-tong-hop-khoang-chat-nature-made-super-multiple-bo-sung-12-vitamin-7-khoang-chat-ho-tro-suc-khoe-dep-da\/\"]}]},{\"@type\":\"ImageObject\",\"inLanguage\":\"vi\",\"@id\":\"https:\/\/lydaily.vn\/jp\/san-pham\/vitamin-tong-hop-khoang-chat-nature-made-super-multiple-bo-sung-12-vitamin-7-khoang-chat-ho-tro-suc-khoe-dep-da\/#primaryimage\",\"url\":\"https:\/\/lydaily.vn\/jp\/wp-content\/uploads\/2026\/02\/Vitamin-Tong-Hop-Khoang-Chat-Nature-Made-Super-Multiple-Bo-Sung-12-Vitamin-7-Khoang-Chat-Ho-Tro-Suc-Khoe-Dep-Da-1.png\",\"contentUrl\":\"https:\/\/lydaily.vn\/jp\/wp-content\/uploads\/2026\/02\/Vitamin-Tong-Hop-Khoang-Chat-Nature-Made-Super-Multiple-Bo-Sung-12-Vitamin-7-Khoang-Chat-Ho-Tro-Suc-Khoe-Dep-Da-1.png\",\"width\":960,\"height\":960},{\"@type\":\"BreadcrumbList\",\"@id\":\"https:\/\/lydaily.vn\/jp\/san-pham\/vitamin-tong-hop-khoang-chat-nature-made-super-multiple-bo-sung-12-vitamin-7-khoang-chat-ho-tro-suc-khoe-dep-da\/#breadcrumb\",\"itemListElement\":[{\"@type\":\"ListItem\",\"position\":1,\"name\":\"Home\",\"item\":\"https:\/\/lydaily.vn\/jp\/\"},{\"@type\":\"ListItem\",\"position\":2,\"name\":\"S\u1ea3n ph\u1ea9m\",\"item\":\"https:\/\/lydaily.vn\/jp\/san-pham\/\"},{\"@type\":\"ListItem\",\"position\":3,\"name\":\"Vitamin T\u1ed5ng H\u1ee3p &#038; Kho\u00e1ng Ch\u1ea5t Nature Made Super Multiple &#8211; B\u1ed5 Sung 12 Vitamin &#038; 7 Kho\u00e1ng Ch\u1ea5t H\u1ed7 Tr\u1ee3 S\u1ee9c Kh\u1ecfe &#038; \u0110\u1eb9p Da\"}]},{\"@type\":\"WebSite\",\"@id\":\"https:\/\/lydaily.vn\/jp\/#website\",\"url\":\"https:\/\/lydaily.vn\/jp\/\",\"name\":\"Ly Daily\",\"description\":\"Th\u1ef1c Ph\u1ea9m Ch\u1ee9c N\u0103ng &amp; M\u1ef9 Ph\u1ea9m t\u1ea1i Nh\u1eadt B\u1ea3n v\u00e0 Vi\u1ec7t Nam\",\"potentialAction\":[{\"@type\":\"SearchAction\",\"target\":{\"@type\":\"EntryPoint\",\"urlTemplate\":\"https:\/\/lydaily.vn\/jp\/?s={search_term_string}\"},\"query-input\":{\"@type\":\"PropertyValueSpecification\",\"valueRequired\":true,\"valueName\":\"search_term_string\"}}],\"inLanguage\":\"vi\"}]}<\/script>\n<!-- \/ Yoast SEO Premium plugin. -->","yoast_head_json":{"title":"Vitamin T\u1ed5ng H\u1ee3p & Kho\u00e1ng Ch\u1ea5t Nature Made Super Multiple - B\u1ed5 Sung 12 Vitamin & 7 Kho\u00e1ng Ch\u1ea5t H\u1ed7 Tr\u1ee3 S\u1ee9c Kh\u1ecfe & \u0110\u1eb9p Da - Ly Daily","robots":{"index":"index","follow":"follow","max-snippet":"max-snippet:-1","max-image-preview":"max-image-preview:large","max-video-preview":"max-video-preview:-1"},"canonical":"https:\/\/lydaily.vn\/jp\/san-pham\/vitamin-tong-hop-khoang-chat-nature-made-super-multiple-bo-sung-12-vitamin-7-khoang-chat-ho-tro-suc-khoe-dep-da\/","og_locale":"vi_VN","og_type":"article","og_title":"Vitamin T\u1ed5ng H\u1ee3p & Kho\u00e1ng Ch\u1ea5t Nature Made Super Multiple - B\u1ed5 Sung 12 Vitamin & 7 Kho\u00e1ng Ch\u1ea5t H\u1ed7 Tr\u1ee3 S\u1ee9c Kh\u1ecfe & \u0110\u1eb9p Da","og_description":"- H\u00e3ng s\u1ea3n xu\u1ea5t: Nature Made - Xu\u1ea5t x\u1ee9: Nh\u1eadt B\u1ea3n - Quy c\u00e1ch: H\u1ed9p 120 vi\u00ean","og_url":"https:\/\/lydaily.vn\/jp\/san-pham\/vitamin-tong-hop-khoang-chat-nature-made-super-multiple-bo-sung-12-vitamin-7-khoang-chat-ho-tro-suc-khoe-dep-da\/","og_site_name":"Ly Daily","article_modified_time":"2026-03-13T04:57:24+00:00","og_image":[{"width":960,"height":960,"url":"https:\/\/lydaily.vn\/jp\/wp-content\/uploads\/2026\/02\/Vitamin-Tong-Hop-Khoang-Chat-Nature-Made-Super-Multiple-Bo-Sung-12-Vitamin-7-Khoang-Chat-Ho-Tro-Suc-Khoe-Dep-Da-1.png","type":"image\/png"}],"twitter_card":"summary_large_image","twitter_misc":{"\u01af\u1edbc t\u00ednh th\u1eddi gian \u0111\u1ecdc":"2 ph\u00fat"},"schema":{"@context":"https:\/\/schema.org","@graph":[{"@type":"WebPage","@id":"https:\/\/lydaily.vn\/jp\/san-pham\/vitamin-tong-hop-khoang-chat-nature-made-super-multiple-bo-sung-12-vitamin-7-khoang-chat-ho-tro-suc-khoe-dep-da\/","url":"https:\/\/lydaily.vn\/jp\/san-pham\/vitamin-tong-hop-khoang-chat-nature-made-super-multiple-bo-sung-12-vitamin-7-khoang-chat-ho-tro-suc-khoe-dep-da\/","name":"Vitamin T\u1ed5ng H\u1ee3p & Kho\u00e1ng Ch\u1ea5t Nature Made Super Multiple - B\u1ed5 Sung 12 Vitamin & 7 Kho\u00e1ng Ch\u1ea5t H\u1ed7 Tr\u1ee3 S\u1ee9c Kh\u1ecfe & \u0110\u1eb9p Da - Ly Daily","isPartOf":{"@id":"https:\/\/lydaily.vn\/jp\/#website"},"primaryImageOfPage":{"@id":"https:\/\/lydaily.vn\/jp\/san-pham\/vitamin-tong-hop-khoang-chat-nature-made-super-multiple-bo-sung-12-vitamin-7-khoang-chat-ho-tro-suc-khoe-dep-da\/#primaryimage"},"image":{"@id":"https:\/\/lydaily.vn\/jp\/san-pham\/vitamin-tong-hop-khoang-chat-nature-made-super-multiple-bo-sung-12-vitamin-7-khoang-chat-ho-tro-suc-khoe-dep-da\/#primaryimage"},"thumbnailUrl":"https:\/\/lydaily.vn\/jp\/wp-content\/uploads\/2026\/02\/Vitamin-Tong-Hop-Khoang-Chat-Nature-Made-Super-Multiple-Bo-Sung-12-Vitamin-7-Khoang-Chat-Ho-Tro-Suc-Khoe-Dep-Da-1.png","datePublished":"2026-02-28T02:25:47+00:00","dateModified":"2026-03-13T04:57:24+00:00","breadcrumb":{"@id":"https:\/\/lydaily.vn\/jp\/san-pham\/vitamin-tong-hop-khoang-chat-nature-made-super-multiple-bo-sung-12-vitamin-7-khoang-chat-ho-tro-suc-khoe-dep-da\/#breadcrumb"},"inLanguage":"vi","potentialAction":[{"@type":"ReadAction","target":["https:\/\/lydaily.vn\/jp\/san-pham\/vitamin-tong-hop-khoang-chat-nature-made-super-multiple-bo-sung-12-vitamin-7-khoang-chat-ho-tro-suc-khoe-dep-da\/"]}]},{"@type":"ImageObject","inLanguage":"vi","@id":"https:\/\/lydaily.vn\/jp\/san-pham\/vitamin-tong-hop-khoang-chat-nature-made-super-multiple-bo-sung-12-vitamin-7-khoang-chat-ho-tro-suc-khoe-dep-da\/#primaryimage","url":"https:\/\/lydaily.vn\/jp\/wp-content\/uploads\/2026\/02\/Vitamin-Tong-Hop-Khoang-Chat-Nature-Made-Super-Multiple-Bo-Sung-12-Vitamin-7-Khoang-Chat-Ho-Tro-Suc-Khoe-Dep-Da-1.png","contentUrl":"https:\/\/lydaily.vn\/jp\/wp-content\/uploads\/2026\/02\/Vitamin-Tong-Hop-Khoang-Chat-Nature-Made-Super-Multiple-Bo-Sung-12-Vitamin-7-Khoang-Chat-Ho-Tro-Suc-Khoe-Dep-Da-1.png","width":960,"height":960},{"@type":"BreadcrumbList","@id":"https:\/\/lydaily.vn\/jp\/san-pham\/vitamin-tong-hop-khoang-chat-nature-made-super-multiple-bo-sung-12-vitamin-7-khoang-chat-ho-tro-suc-khoe-dep-da\/#breadcrumb","itemListElement":[{"@type":"ListItem","position":1,"name":"Home","item":"https:\/\/lydaily.vn\/jp\/"},{"@type":"ListItem","position":2,"name":"S\u1ea3n ph\u1ea9m","item":"https:\/\/lydaily.vn\/jp\/san-pham\/"},{"@type":"ListItem","position":3,"name":"Vitamin T\u1ed5ng H\u1ee3p &#038; Kho\u00e1ng Ch\u1ea5t Nature Made Super Multiple &#8211; B\u1ed5 Sung 12 Vitamin &#038; 7 Kho\u00e1ng Ch\u1ea5t H\u1ed7 Tr\u1ee3 S\u1ee9c Kh\u1ecfe &#038; \u0110\u1eb9p Da"}]},{"@type":"WebSite","@id":"https:\/\/lydaily.vn\/jp\/#website","url":"https:\/\/lydaily.vn\/jp\/","name":"Ly Daily","description":"Th\u1ef1c Ph\u1ea9m Ch\u1ee9c N\u0103ng &amp; M\u1ef9 Ph\u1ea9m t\u1ea1i Nh\u1eadt B\u1ea3n v\u00e0 Vi\u1ec7t Nam","potentialAction":[{"@type":"SearchAction","target":{"@type":"EntryPoint","urlTemplate":"https:\/\/lydaily.vn\/jp\/?s={search_term_string}"},"query-input":{"@type":"PropertyValueSpecification","valueRequired":true,"valueName":"search_term_string"}}],"inLanguage":"vi"}]}},"_links":{"self":[{"href":"https:\/\/lydaily.vn\/jp\/wp-json\/wp\/v2\/product\/214","targetHints":{"allow":["GET"]}}],"collection":[{"href":"https:\/\/lydaily.vn\/jp\/wp-json\/wp\/v2\/product"}],"about":[{"href":"https:\/\/lydaily.vn\/jp\/wp-json\/wp\/v2\/types\/product"}],"replies":[{"embeddable":true,"href":"https:\/\/lydaily.vn\/jp\/wp-json\/wp\/v2\/comments?post=214"}],"wp:featuredmedia":[{"embeddable":true,"href":"https:\/\/lydaily.vn\/jp\/wp-json\/wp\/v2\/media\/216"}],"wp:attachment":[{"href":"https:\/\/lydaily.vn\/jp\/wp-json\/wp\/v2\/media?parent=214"}],"wp:term":[{"taxonomy":"product_brand","embeddable":true,"href":"https:\/\/lydaily.vn\/jp\/wp-json\/wp\/v2\/product_brand?post=214"},{"taxonomy":"product_cat","embeddable":true,"href":"https:\/\/lydaily.vn\/jp\/wp-json\/wp\/v2\/product_cat?post=214"},{"taxonomy":"product_tag","embeddable":true,"href":"https:\/\/lydaily.vn\/jp\/wp-json\/wp\/v2\/product_tag?post=214"}],"curies":[{"name":"wp","href":"https:\/\/api.w.org\/{rel}","templated":true}]}}