{"id":212,"date":"2026-02-28T02:21:53","date_gmt":"2026-02-28T02:21:53","guid":{"rendered":"https:\/\/lydaily.qweb.com.vn\/?post_type=product&#038;p=212"},"modified":"2026-03-13T04:56:49","modified_gmt":"2026-03-13T04:56:49","slug":"vien-uong-bo-nao-dha-1000s-nhat-ban-120-vien","status":"publish","type":"product","link":"https:\/\/lydaily.vn\/jp\/san-pham\/vien-uong-bo-nao-dha-1000s-nhat-ban-120-vien\/","title":{"rendered":"Vi\u00ean u\u1ed1ng b\u1ed5 n\u00e3o DHA 1000s Nh\u1eadt B\u1ea3n 120 vi\u00ean"},"content":{"rendered":"<h3><strong>T\u00e1c d\u1ee5ng c\u1ee7a b\u1ed5 n\u00e3o DHA 1000s Nh\u1eadt B\u1ea3n<\/strong><\/h3>\n<ul>\n<li>H\u1ed7 tr\u1ee3 ghi nh\u1edb v\u00e0 t\u1eadp trung c\u1ee7a n\u00e3o b\u1ed9,<\/li>\n<li>C\u1ea3i thi\u1ec7n th\u1ecb l\u1ef1c, h\u1ed7 tr\u1ee3 ph\u00e1t tri\u1ec3n h\u1ec7 th\u1ea7n kinh \u1edf tr\u1ebb em.<\/li>\n<li>H\u1ed7 tr\u1ee3 n\u00e3o, h\u1ec7 th\u1ea7n kinh ho\u1ea1t \u0111\u1ed9ng b\u00ecnh th\u01b0\u1eddng<\/li>\n<li>H\u1ed7 tr\u1ee3 gi\u1ea3m strees, l\u00e0m d\u1ecbu th\u1ea7n kinh gi\u00fap d\u1ec5 \u0111i v\u00e0o gi\u1ea5c ng\u1ee7<\/li>\n<li>H\u1ed7 tr\u1ee3 l\u00e0m ch\u1eadm qu\u00e1 tr\u00ecnh l\u00e3o h\u00f3a x\u1ea3y ra \u1edf n\u00e3o b\u1ed9 nh\u1eefng ng\u01b0\u1eddi cao tu\u1ed5i.<\/li>\n<li>H\u1ed7 tr\u1ee3 gi\u1ea3m cholesterol, triglyceride, LDL \u2013 cholesterol, \u1ee9c ch\u1ebf qu\u00e1 tr\u00ecnh \u0111\u00f4ng v\u00f3n ti\u1ec3u c\u1ea7u, ng\u0103n ng\u1eeba h\u00ecnh th\u00e0nh huy\u1ebft kh\u1ed1i qua \u0111\u00f3 ph\u00f2ng ng\u1eeba v\u00e0 h\u1ed7 tr\u1ee3 \u0111i.\u1ec1.u t.r\u1ecb x\u01a1 v\u1eefa \u0111\u1ed9ng m\u1ea1ch.<\/li>\n<li>C\u1ea3i thi\u1ec7n mi\u1ec5n d\u1ecbch c\u1ee7a c\u01a1 th\u1ec3, h\u1ed7 tr\u1ee3 t\u0103ng tu\u1ea7n ho\u00e0n m\u00e1u.<\/li>\n<\/ul>\n<h3><strong>Th\u00e0nh ph\u1ea7n DHA 1000mg &amp; EPA 14mg\u00a0<\/strong><b>ITOH\u00a0<\/b><strong>120 vi\u00ean<\/strong><\/h3>\n<ul>\n<li>DHA (1000mg), EPA (14mg), vitamin E (48mg).<\/li>\n<li>Ngo\u00e0i ra c\u00f2n m\u1ed9t s\u1ed1 th\u00e0nh ph\u1ea7n kh\u00e1c nh\u01b0: protein, lipid, carbohydrate hay ch\u00ednh l\u00e0 gluxit, glycerin.<\/li>\n<\/ul>\n","protected":false},"excerpt":{"rendered":"<ul>\n<li>Xu\u1ea5t x\u1ee9: Nh\u1eadt B\u1ea3n<\/li>\n<li>HSX: Itoh<\/li>\n<li>\u0110\u00f3ng g\u00f3i: h\u1ed9p 120 vi\u00ean<\/li>\n<\/ul>\n","protected":false},"featured_media":213,"comment_status":"open","ping_status":"closed","template":"","meta":[],"product_brand":[],"product_cat":[21],"product_tag":[],"class_list":{"0":"post-212","1":"product","2":"type-product","3":"status-publish","4":"has-post-thumbnail","6":"product_cat-thuc-pham-chuc-nang","8":"first","9":"instock","10":"shipping-taxable","11":"purchasable","12":"product-type-simple"},"yoast_head":"<!-- This site is optimized with the Yoast SEO Premium plugin v22.3 (Yoast SEO v27.1.1) - https:\/\/yoast.com\/product\/yoast-seo-premium-wordpress\/ -->\n<title>Vi\u00ean u\u1ed1ng b\u1ed5 n\u00e3o DHA 1000s Nh\u1eadt B\u1ea3n 120 vi\u00ean - Ly Daily<\/title>\n<meta name=\"robots\" content=\"index, follow, max-snippet:-1, max-image-preview:large, max-video-preview:-1\" \/>\n<link rel=\"canonical\" href=\"https:\/\/lydaily.vn\/jp\/san-pham\/vien-uong-bo-nao-dha-1000s-nhat-ban-120-vien\/\" \/>\n<meta property=\"og:locale\" content=\"vi_VN\" \/>\n<meta property=\"og:type\" content=\"article\" \/>\n<meta property=\"og:title\" content=\"Vi\u00ean u\u1ed1ng b\u1ed5 n\u00e3o DHA 1000s Nh\u1eadt B\u1ea3n 120 vi\u00ean\" \/>\n<meta property=\"og:description\" content=\"Xu\u1ea5t x\u1ee9: Nh\u1eadt B\u1ea3n  HSX: Itoh  \u0110\u00f3ng g\u00f3i: h\u1ed9p 120 vi\u00ean\" \/>\n<meta property=\"og:url\" content=\"https:\/\/lydaily.vn\/jp\/san-pham\/vien-uong-bo-nao-dha-1000s-nhat-ban-120-vien\/\" \/>\n<meta property=\"og:site_name\" content=\"Ly Daily\" \/>\n<meta property=\"article:modified_time\" content=\"2026-03-13T04:56:49+00:00\" \/>\n<meta property=\"og:image\" content=\"https:\/\/lydaily.vn\/jp\/wp-content\/uploads\/2026\/02\/Vien-uong-bo-nao-DHA-1000s-Nhat-Ban-120-vien.jpg\" \/>\n\t<meta property=\"og:image:width\" content=\"650\" \/>\n\t<meta property=\"og:image:height\" content=\"650\" \/>\n\t<meta property=\"og:image:type\" content=\"image\/jpeg\" \/>\n<meta name=\"twitter:card\" content=\"summary_large_image\" \/>\n<meta name=\"twitter:label1\" content=\"\u01af\u1edbc t\u00ednh th\u1eddi gian \u0111\u1ecdc\" \/>\n\t<meta name=\"twitter:data1\" content=\"2 ph\u00fat\" \/>\n<script type=\"application\/ld+json\" class=\"yoast-schema-graph\">{\"@context\":\"https:\/\/schema.org\",\"@graph\":[{\"@type\":\"WebPage\",\"@id\":\"https:\/\/lydaily.vn\/jp\/san-pham\/vien-uong-bo-nao-dha-1000s-nhat-ban-120-vien\/\",\"url\":\"https:\/\/lydaily.vn\/jp\/san-pham\/vien-uong-bo-nao-dha-1000s-nhat-ban-120-vien\/\",\"name\":\"Vi\u00ean u\u1ed1ng b\u1ed5 n\u00e3o DHA 1000s Nh\u1eadt B\u1ea3n 120 vi\u00ean - Ly Daily\",\"isPartOf\":{\"@id\":\"https:\/\/lydaily.vn\/jp\/#website\"},\"primaryImageOfPage\":{\"@id\":\"https:\/\/lydaily.vn\/jp\/san-pham\/vien-uong-bo-nao-dha-1000s-nhat-ban-120-vien\/#primaryimage\"},\"image\":{\"@id\":\"https:\/\/lydaily.vn\/jp\/san-pham\/vien-uong-bo-nao-dha-1000s-nhat-ban-120-vien\/#primaryimage\"},\"thumbnailUrl\":\"https:\/\/lydaily.vn\/jp\/wp-content\/uploads\/2026\/02\/Vien-uong-bo-nao-DHA-1000s-Nhat-Ban-120-vien.jpg\",\"datePublished\":\"2026-02-28T02:21:53+00:00\",\"dateModified\":\"2026-03-13T04:56:49+00:00\",\"breadcrumb\":{\"@id\":\"https:\/\/lydaily.vn\/jp\/san-pham\/vien-uong-bo-nao-dha-1000s-nhat-ban-120-vien\/#breadcrumb\"},\"inLanguage\":\"vi\",\"potentialAction\":[{\"@type\":\"ReadAction\",\"target\":[\"https:\/\/lydaily.vn\/jp\/san-pham\/vien-uong-bo-nao-dha-1000s-nhat-ban-120-vien\/\"]}]},{\"@type\":\"ImageObject\",\"inLanguage\":\"vi\",\"@id\":\"https:\/\/lydaily.vn\/jp\/san-pham\/vien-uong-bo-nao-dha-1000s-nhat-ban-120-vien\/#primaryimage\",\"url\":\"https:\/\/lydaily.vn\/jp\/wp-content\/uploads\/2026\/02\/Vien-uong-bo-nao-DHA-1000s-Nhat-Ban-120-vien.jpg\",\"contentUrl\":\"https:\/\/lydaily.vn\/jp\/wp-content\/uploads\/2026\/02\/Vien-uong-bo-nao-DHA-1000s-Nhat-Ban-120-vien.jpg\",\"width\":650,\"height\":650},{\"@type\":\"BreadcrumbList\",\"@id\":\"https:\/\/lydaily.vn\/jp\/san-pham\/vien-uong-bo-nao-dha-1000s-nhat-ban-120-vien\/#breadcrumb\",\"itemListElement\":[{\"@type\":\"ListItem\",\"position\":1,\"name\":\"Home\",\"item\":\"https:\/\/lydaily.vn\/jp\/\"},{\"@type\":\"ListItem\",\"position\":2,\"name\":\"S\u1ea3n ph\u1ea9m\",\"item\":\"https:\/\/lydaily.vn\/jp\/san-pham\/\"},{\"@type\":\"ListItem\",\"position\":3,\"name\":\"Vi\u00ean u\u1ed1ng b\u1ed5 n\u00e3o DHA 1000s Nh\u1eadt B\u1ea3n 120 vi\u00ean\"}]},{\"@type\":\"WebSite\",\"@id\":\"https:\/\/lydaily.vn\/jp\/#website\",\"url\":\"https:\/\/lydaily.vn\/jp\/\",\"name\":\"Ly Daily\",\"description\":\"Th\u1ef1c Ph\u1ea9m Ch\u1ee9c N\u0103ng &amp; M\u1ef9 Ph\u1ea9m t\u1ea1i Nh\u1eadt B\u1ea3n v\u00e0 Vi\u1ec7t Nam\",\"potentialAction\":[{\"@type\":\"SearchAction\",\"target\":{\"@type\":\"EntryPoint\",\"urlTemplate\":\"https:\/\/lydaily.vn\/jp\/?s={search_term_string}\"},\"query-input\":{\"@type\":\"PropertyValueSpecification\",\"valueRequired\":true,\"valueName\":\"search_term_string\"}}],\"inLanguage\":\"vi\"}]}<\/script>\n<!-- \/ Yoast SEO Premium plugin. -->","yoast_head_json":{"title":"Vi\u00ean u\u1ed1ng b\u1ed5 n\u00e3o DHA 1000s Nh\u1eadt B\u1ea3n 120 vi\u00ean - Ly Daily","robots":{"index":"index","follow":"follow","max-snippet":"max-snippet:-1","max-image-preview":"max-image-preview:large","max-video-preview":"max-video-preview:-1"},"canonical":"https:\/\/lydaily.vn\/jp\/san-pham\/vien-uong-bo-nao-dha-1000s-nhat-ban-120-vien\/","og_locale":"vi_VN","og_type":"article","og_title":"Vi\u00ean u\u1ed1ng b\u1ed5 n\u00e3o DHA 1000s Nh\u1eadt B\u1ea3n 120 vi\u00ean","og_description":"Xu\u1ea5t x\u1ee9: Nh\u1eadt B\u1ea3n  HSX: Itoh  \u0110\u00f3ng g\u00f3i: h\u1ed9p 120 vi\u00ean","og_url":"https:\/\/lydaily.vn\/jp\/san-pham\/vien-uong-bo-nao-dha-1000s-nhat-ban-120-vien\/","og_site_name":"Ly Daily","article_modified_time":"2026-03-13T04:56:49+00:00","og_image":[{"width":650,"height":650,"url":"https:\/\/lydaily.vn\/jp\/wp-content\/uploads\/2026\/02\/Vien-uong-bo-nao-DHA-1000s-Nhat-Ban-120-vien.jpg","type":"image\/jpeg"}],"twitter_card":"summary_large_image","twitter_misc":{"\u01af\u1edbc t\u00ednh th\u1eddi gian \u0111\u1ecdc":"2 ph\u00fat"},"schema":{"@context":"https:\/\/schema.org","@graph":[{"@type":"WebPage","@id":"https:\/\/lydaily.vn\/jp\/san-pham\/vien-uong-bo-nao-dha-1000s-nhat-ban-120-vien\/","url":"https:\/\/lydaily.vn\/jp\/san-pham\/vien-uong-bo-nao-dha-1000s-nhat-ban-120-vien\/","name":"Vi\u00ean u\u1ed1ng b\u1ed5 n\u00e3o DHA 1000s Nh\u1eadt B\u1ea3n 120 vi\u00ean - Ly Daily","isPartOf":{"@id":"https:\/\/lydaily.vn\/jp\/#website"},"primaryImageOfPage":{"@id":"https:\/\/lydaily.vn\/jp\/san-pham\/vien-uong-bo-nao-dha-1000s-nhat-ban-120-vien\/#primaryimage"},"image":{"@id":"https:\/\/lydaily.vn\/jp\/san-pham\/vien-uong-bo-nao-dha-1000s-nhat-ban-120-vien\/#primaryimage"},"thumbnailUrl":"https:\/\/lydaily.vn\/jp\/wp-content\/uploads\/2026\/02\/Vien-uong-bo-nao-DHA-1000s-Nhat-Ban-120-vien.jpg","datePublished":"2026-02-28T02:21:53+00:00","dateModified":"2026-03-13T04:56:49+00:00","breadcrumb":{"@id":"https:\/\/lydaily.vn\/jp\/san-pham\/vien-uong-bo-nao-dha-1000s-nhat-ban-120-vien\/#breadcrumb"},"inLanguage":"vi","potentialAction":[{"@type":"ReadAction","target":["https:\/\/lydaily.vn\/jp\/san-pham\/vien-uong-bo-nao-dha-1000s-nhat-ban-120-vien\/"]}]},{"@type":"ImageObject","inLanguage":"vi","@id":"https:\/\/lydaily.vn\/jp\/san-pham\/vien-uong-bo-nao-dha-1000s-nhat-ban-120-vien\/#primaryimage","url":"https:\/\/lydaily.vn\/jp\/wp-content\/uploads\/2026\/02\/Vien-uong-bo-nao-DHA-1000s-Nhat-Ban-120-vien.jpg","contentUrl":"https:\/\/lydaily.vn\/jp\/wp-content\/uploads\/2026\/02\/Vien-uong-bo-nao-DHA-1000s-Nhat-Ban-120-vien.jpg","width":650,"height":650},{"@type":"BreadcrumbList","@id":"https:\/\/lydaily.vn\/jp\/san-pham\/vien-uong-bo-nao-dha-1000s-nhat-ban-120-vien\/#breadcrumb","itemListElement":[{"@type":"ListItem","position":1,"name":"Home","item":"https:\/\/lydaily.vn\/jp\/"},{"@type":"ListItem","position":2,"name":"S\u1ea3n ph\u1ea9m","item":"https:\/\/lydaily.vn\/jp\/san-pham\/"},{"@type":"ListItem","position":3,"name":"Vi\u00ean u\u1ed1ng b\u1ed5 n\u00e3o DHA 1000s Nh\u1eadt B\u1ea3n 120 vi\u00ean"}]},{"@type":"WebSite","@id":"https:\/\/lydaily.vn\/jp\/#website","url":"https:\/\/lydaily.vn\/jp\/","name":"Ly Daily","description":"Th\u1ef1c Ph\u1ea9m Ch\u1ee9c N\u0103ng &amp; M\u1ef9 Ph\u1ea9m t\u1ea1i Nh\u1eadt B\u1ea3n v\u00e0 Vi\u1ec7t Nam","potentialAction":[{"@type":"SearchAction","target":{"@type":"EntryPoint","urlTemplate":"https:\/\/lydaily.vn\/jp\/?s={search_term_string}"},"query-input":{"@type":"PropertyValueSpecification","valueRequired":true,"valueName":"search_term_string"}}],"inLanguage":"vi"}]}},"_links":{"self":[{"href":"https:\/\/lydaily.vn\/jp\/wp-json\/wp\/v2\/product\/212","targetHints":{"allow":["GET"]}}],"collection":[{"href":"https:\/\/lydaily.vn\/jp\/wp-json\/wp\/v2\/product"}],"about":[{"href":"https:\/\/lydaily.vn\/jp\/wp-json\/wp\/v2\/types\/product"}],"replies":[{"embeddable":true,"href":"https:\/\/lydaily.vn\/jp\/wp-json\/wp\/v2\/comments?post=212"}],"wp:featuredmedia":[{"embeddable":true,"href":"https:\/\/lydaily.vn\/jp\/wp-json\/wp\/v2\/media\/213"}],"wp:attachment":[{"href":"https:\/\/lydaily.vn\/jp\/wp-json\/wp\/v2\/media?parent=212"}],"wp:term":[{"taxonomy":"product_brand","embeddable":true,"href":"https:\/\/lydaily.vn\/jp\/wp-json\/wp\/v2\/product_brand?post=212"},{"taxonomy":"product_cat","embeddable":true,"href":"https:\/\/lydaily.vn\/jp\/wp-json\/wp\/v2\/product_cat?post=212"},{"taxonomy":"product_tag","embeddable":true,"href":"https:\/\/lydaily.vn\/jp\/wp-json\/wp\/v2\/product_tag?post=212"}],"curies":[{"name":"wp","href":"https:\/\/api.w.org\/{rel}","templated":true}]}}