{"id":210,"date":"2026-02-28T02:18:12","date_gmt":"2026-02-28T02:18:12","guid":{"rendered":"https:\/\/lydaily.qweb.com.vn\/?post_type=product&#038;p=210"},"modified":"2026-03-13T04:56:09","modified_gmt":"2026-03-13T04:56:09","slug":"sam-lat-tam-mat-ong-chinh-phu-200g","status":"publish","type":"product","link":"https:\/\/lydaily.vn\/jp\/san-pham\/sam-lat-tam-mat-ong-chinh-phu-200g\/","title":{"rendered":"S\u00c2M L\u00c1T T\u1ea8M M\u1eacT ONG CH\u00cdNH PH\u1ee6 \u2013 200g"},"content":{"rendered":"<h3 data-end=\"690\" data-start=\"657\"><strong data-end=\"688\" data-start=\"664\">C\u00f4ng d\u1ee5ng:<\/strong><\/h3>\n<ul data-end=\"1055\" data-start=\"691\">\n<li data-end=\"760\" data-start=\"691\">\n<p data-end=\"760\" data-start=\"693\">B\u1ed3i b\u1ed5 s\u1ee9c kh\u1ecfe to\u00e0n di\u1ec7n, ph\u1ee5c h\u1ed3i nhanh sau \u1ed1m ho\u1eb7c ph\u1eabu thu\u1eadt.<\/p>\n<\/li>\n<li data-end=\"812\" data-start=\"761\">\n<p data-end=\"812\" data-start=\"763\">T\u0103ng c\u01b0\u1eddng th\u1ec3 l\u1ef1c, gi\u1ea3m stress, ch\u1ed1ng m\u1ec7t m\u1ecfi.<\/p>\n<\/li>\n<li data-end=\"883\" data-start=\"813\">\n<p data-end=\"883\" data-start=\"815\">H\u1ed7 tr\u1ee3 ph\u00f2ng ng\u1eeba ung th\u01b0, \u1ee9c ch\u1ebf s\u1ef1 ph\u00e1t tri\u1ec3n c\u1ee7a t\u1ebf b\u00e0o u b\u01b0\u1edbu.<\/p>\n<\/li>\n<li data-end=\"949\" data-start=\"884\">\n<p data-end=\"949\" data-start=\"886\">Gi\u1ea3m cholesterol, \u1ed5n \u0111\u1ecbnh \u0111\u01b0\u1eddng huy\u1ebft, ph\u00f2ng ng\u1eeba ti\u1ec3u \u0111\u01b0\u1eddng.<\/p>\n<\/li>\n<li data-end=\"989\" data-start=\"950\">\n<p data-end=\"989\" data-start=\"952\">\u0110i\u1ec1u h\u00f2a huy\u1ebft \u00e1p, b\u1ea3o v\u1ec7 tim m\u1ea1ch.<\/p>\n<\/li>\n<li data-end=\"1055\" data-start=\"990\">\n<p data-end=\"1055\" data-start=\"992\">L\u00e0m \u0111\u1eb9p da, ch\u1ed1ng l\u00e3o h\u00f3a, c\u00e2n b\u1eb1ng sinh l\u00fd cho c\u1ea3 nam v\u00e0 n\u1eef.<\/p>\n<\/li>\n<\/ul>\n<h3 data-end=\"1088\" data-start=\"1057\"><strong data-end=\"1086\" data-start=\"1064\">\u0110\u1ed1i t\u01b0\u1ee3ng s\u1eed d\u1ee5ng:<\/strong><\/h3>\n<ul data-end=\"1216\" data-start=\"1089\">\n<li data-end=\"1154\" data-start=\"1089\">\n<p data-end=\"1154\" data-start=\"1091\">Ng\u01b0\u1eddi l\u00e0m vi\u1ec7c c\u0103ng th\u1eb3ng, \u00e1p l\u1ef1c cao, ch\u01a1i th\u1ec3 thao qu\u00e1 s\u1ee9c.<\/p>\n<\/li>\n<li data-end=\"1216\" data-start=\"1155\">\n<p data-end=\"1216\" data-start=\"1157\">Ng\u01b0\u1eddi c\u1ea7n ph\u1ee5c h\u1ed3i s\u1ee9c kh\u1ecfe sau b\u1ec7nh ho\u1eb7c sau ph\u1eabu thu\u1eadt.<\/p>\n<\/li>\n<\/ul>\n<h3 data-end=\"1241\" data-start=\"1218\"><strong data-end=\"1239\" data-start=\"1225\">C\u00e1ch d\u00f9ng:<\/strong><\/h3>\n<ul data-end=\"1368\" data-start=\"1242\">\n<li data-end=\"1290\" data-start=\"1242\">\n<p data-end=\"1290\" data-start=\"1244\">\u0102n tr\u1ef1c ti\u1ebfp: ng\u00e0y 2\u20133 l\u1ea7n, m\u1ed7i l\u1ea7n 1\u20132 l\u00e1t.<\/p>\n<\/li>\n<li data-end=\"1368\" data-start=\"1291\">\n<p data-end=\"1368\" data-start=\"1293\">Khi m\u1ec7t m\u1ecfi, thi\u1ebfu t\u1ec9nh t\u00e1o c\u00f3 th\u1ec3 ng\u1eadm ngay 1 l\u00e1t \u0111\u1ec3 l\u1ea5y l\u1ea1i n\u0103ng l\u01b0\u1ee3ng.<\/p>\n<\/li>\n<\/ul>\n","protected":false},"excerpt":{"rendered":"<div class=\"product_description\">\n<div class=\"rte description rte-summary\">\n<p>S\u00e2m l\u00e1t t\u1ea9m m\u1eadt ong Ch\u00ednh Ph\u1ee7 200g t\u1eeb 100% h\u1ed3ng s\u00e2m \u0111\u1ecf v\u00e0 m\u1eadt ong H\u00e0n Qu\u1ed1c, gi\u00fap b\u1ed3i b\u1ed5 s\u1ee9c kh\u1ecfe, t\u0103ng \u0111\u1ec1 kh\u00e1ng, gi\u1ea3m c\u0103ng th\u1eb3ng, ch\u1ed1ng l\u00e3o h\u00f3a v\u00e0 b\u1ea3o v\u1ec7 tim m\u1ea1ch.<\/p>\n<\/div>\n<\/div>\n<div class=\"form-product\">\n<form id=\"add-to-cart-form\" class=\"form-inline margin-bottom-10 dqdt-form\" action=\"https:\/\/kangnammart.com\/cart\/add\" enctype=\"multipart\/form-data\" method=\"post\">\n<div class=\"box-variant clearfix \"><\/div>\n<div class=\"form-group form-groupx form-detail-action clearfix\">\n<div class=\" \">\n<div class=\"custom custom-btn-number\"><\/div>\n<\/div>\n<\/div>\n<\/form>\n<\/div>\n","protected":false},"featured_media":211,"comment_status":"open","ping_status":"closed","template":"","meta":[],"product_brand":[],"product_cat":[21],"product_tag":[],"class_list":{"0":"post-210","1":"product","2":"type-product","3":"status-publish","4":"has-post-thumbnail","6":"product_cat-thuc-pham-chuc-nang","8":"first","9":"instock","10":"shipping-taxable","11":"purchasable","12":"product-type-simple"},"yoast_head":"<!-- This site is optimized with the Yoast SEO Premium plugin v22.3 (Yoast SEO v27.1.1) - https:\/\/yoast.com\/product\/yoast-seo-premium-wordpress\/ -->\n<title>S\u00c2M L\u00c1T T\u1ea8M M\u1eacT ONG CH\u00cdNH PH\u1ee6 \u2013 200g - Ly Daily<\/title>\n<meta name=\"robots\" content=\"index, follow, max-snippet:-1, max-image-preview:large, max-video-preview:-1\" \/>\n<link rel=\"canonical\" href=\"https:\/\/lydaily.vn\/jp\/san-pham\/sam-lat-tam-mat-ong-chinh-phu-200g\/\" \/>\n<meta property=\"og:locale\" content=\"vi_VN\" \/>\n<meta property=\"og:type\" content=\"article\" \/>\n<meta property=\"og:title\" content=\"S\u00c2M L\u00c1T T\u1ea8M M\u1eacT ONG CH\u00cdNH PH\u1ee6 \u2013 200g\" \/>\n<meta property=\"og:description\" content=\"S\u00e2m l\u00e1t t\u1ea9m m\u1eadt ong Ch\u00ednh Ph\u1ee7 200g t\u1eeb 100% h\u1ed3ng s\u00e2m \u0111\u1ecf v\u00e0 m\u1eadt ong H\u00e0n Qu\u1ed1c, gi\u00fap b\u1ed3i b\u1ed5 s\u1ee9c kh\u1ecfe, t\u0103ng \u0111\u1ec1 kh\u00e1ng, gi\u1ea3m c\u0103ng th\u1eb3ng, ch\u1ed1ng l\u00e3o h\u00f3a v\u00e0 b\u1ea3o v\u1ec7 tim m\u1ea1ch.\" \/>\n<meta property=\"og:url\" content=\"https:\/\/lydaily.vn\/jp\/san-pham\/sam-lat-tam-mat-ong-chinh-phu-200g\/\" \/>\n<meta property=\"og:site_name\" content=\"Ly Daily\" \/>\n<meta property=\"article:modified_time\" content=\"2026-03-13T04:56:09+00:00\" \/>\n<meta property=\"og:image\" content=\"https:\/\/lydaily.vn\/jp\/wp-content\/uploads\/2026\/02\/SAM-LAT-TAM-MAT-ONG-CHINH-PHU-\u2013-200g.webp\" \/>\n\t<meta property=\"og:image:width\" content=\"450\" \/>\n\t<meta property=\"og:image:height\" content=\"600\" \/>\n\t<meta property=\"og:image:type\" content=\"image\/webp\" \/>\n<meta name=\"twitter:card\" content=\"summary_large_image\" \/>\n<meta name=\"twitter:label1\" content=\"\u01af\u1edbc t\u00ednh th\u1eddi gian \u0111\u1ecdc\" \/>\n\t<meta name=\"twitter:data1\" content=\"1 ph\u00fat\" \/>\n<script type=\"application\/ld+json\" class=\"yoast-schema-graph\">{\"@context\":\"https:\/\/schema.org\",\"@graph\":[{\"@type\":\"WebPage\",\"@id\":\"https:\/\/lydaily.vn\/jp\/san-pham\/sam-lat-tam-mat-ong-chinh-phu-200g\/\",\"url\":\"https:\/\/lydaily.vn\/jp\/san-pham\/sam-lat-tam-mat-ong-chinh-phu-200g\/\",\"name\":\"S\u00c2M L\u00c1T T\u1ea8M M\u1eacT ONG CH\u00cdNH PH\u1ee6 \u2013 200g - Ly Daily\",\"isPartOf\":{\"@id\":\"https:\/\/lydaily.vn\/jp\/#website\"},\"primaryImageOfPage\":{\"@id\":\"https:\/\/lydaily.vn\/jp\/san-pham\/sam-lat-tam-mat-ong-chinh-phu-200g\/#primaryimage\"},\"image\":{\"@id\":\"https:\/\/lydaily.vn\/jp\/san-pham\/sam-lat-tam-mat-ong-chinh-phu-200g\/#primaryimage\"},\"thumbnailUrl\":\"https:\/\/lydaily.vn\/jp\/wp-content\/uploads\/2026\/02\/SAM-LAT-TAM-MAT-ONG-CHINH-PHU-\u2013-200g.webp\",\"datePublished\":\"2026-02-28T02:18:12+00:00\",\"dateModified\":\"2026-03-13T04:56:09+00:00\",\"breadcrumb\":{\"@id\":\"https:\/\/lydaily.vn\/jp\/san-pham\/sam-lat-tam-mat-ong-chinh-phu-200g\/#breadcrumb\"},\"inLanguage\":\"vi\",\"potentialAction\":[{\"@type\":\"ReadAction\",\"target\":[\"https:\/\/lydaily.vn\/jp\/san-pham\/sam-lat-tam-mat-ong-chinh-phu-200g\/\"]}]},{\"@type\":\"ImageObject\",\"inLanguage\":\"vi\",\"@id\":\"https:\/\/lydaily.vn\/jp\/san-pham\/sam-lat-tam-mat-ong-chinh-phu-200g\/#primaryimage\",\"url\":\"https:\/\/lydaily.vn\/jp\/wp-content\/uploads\/2026\/02\/SAM-LAT-TAM-MAT-ONG-CHINH-PHU-\u2013-200g.webp\",\"contentUrl\":\"https:\/\/lydaily.vn\/jp\/wp-content\/uploads\/2026\/02\/SAM-LAT-TAM-MAT-ONG-CHINH-PHU-\u2013-200g.webp\",\"width\":450,\"height\":600},{\"@type\":\"BreadcrumbList\",\"@id\":\"https:\/\/lydaily.vn\/jp\/san-pham\/sam-lat-tam-mat-ong-chinh-phu-200g\/#breadcrumb\",\"itemListElement\":[{\"@type\":\"ListItem\",\"position\":1,\"name\":\"Home\",\"item\":\"https:\/\/lydaily.vn\/jp\/\"},{\"@type\":\"ListItem\",\"position\":2,\"name\":\"S\u1ea3n ph\u1ea9m\",\"item\":\"https:\/\/lydaily.vn\/jp\/san-pham\/\"},{\"@type\":\"ListItem\",\"position\":3,\"name\":\"S\u00c2M L\u00c1T T\u1ea8M M\u1eacT ONG CH\u00cdNH PH\u1ee6 \u2013 200g\"}]},{\"@type\":\"WebSite\",\"@id\":\"https:\/\/lydaily.vn\/jp\/#website\",\"url\":\"https:\/\/lydaily.vn\/jp\/\",\"name\":\"Ly Daily\",\"description\":\"Th\u1ef1c Ph\u1ea9m Ch\u1ee9c N\u0103ng &amp; M\u1ef9 Ph\u1ea9m t\u1ea1i Nh\u1eadt B\u1ea3n v\u00e0 Vi\u1ec7t Nam\",\"potentialAction\":[{\"@type\":\"SearchAction\",\"target\":{\"@type\":\"EntryPoint\",\"urlTemplate\":\"https:\/\/lydaily.vn\/jp\/?s={search_term_string}\"},\"query-input\":{\"@type\":\"PropertyValueSpecification\",\"valueRequired\":true,\"valueName\":\"search_term_string\"}}],\"inLanguage\":\"vi\"}]}<\/script>\n<!-- \/ Yoast SEO Premium plugin. -->","yoast_head_json":{"title":"S\u00c2M L\u00c1T T\u1ea8M M\u1eacT ONG CH\u00cdNH PH\u1ee6 \u2013 200g - Ly Daily","robots":{"index":"index","follow":"follow","max-snippet":"max-snippet:-1","max-image-preview":"max-image-preview:large","max-video-preview":"max-video-preview:-1"},"canonical":"https:\/\/lydaily.vn\/jp\/san-pham\/sam-lat-tam-mat-ong-chinh-phu-200g\/","og_locale":"vi_VN","og_type":"article","og_title":"S\u00c2M L\u00c1T T\u1ea8M M\u1eacT ONG CH\u00cdNH PH\u1ee6 \u2013 200g","og_description":"S\u00e2m l\u00e1t t\u1ea9m m\u1eadt ong Ch\u00ednh Ph\u1ee7 200g t\u1eeb 100% h\u1ed3ng s\u00e2m \u0111\u1ecf v\u00e0 m\u1eadt ong H\u00e0n Qu\u1ed1c, gi\u00fap b\u1ed3i b\u1ed5 s\u1ee9c kh\u1ecfe, t\u0103ng \u0111\u1ec1 kh\u00e1ng, gi\u1ea3m c\u0103ng th\u1eb3ng, ch\u1ed1ng l\u00e3o h\u00f3a v\u00e0 b\u1ea3o v\u1ec7 tim m\u1ea1ch.","og_url":"https:\/\/lydaily.vn\/jp\/san-pham\/sam-lat-tam-mat-ong-chinh-phu-200g\/","og_site_name":"Ly Daily","article_modified_time":"2026-03-13T04:56:09+00:00","og_image":[{"width":450,"height":600,"url":"https:\/\/lydaily.vn\/jp\/wp-content\/uploads\/2026\/02\/SAM-LAT-TAM-MAT-ONG-CHINH-PHU-\u2013-200g.webp","type":"image\/webp"}],"twitter_card":"summary_large_image","twitter_misc":{"\u01af\u1edbc t\u00ednh th\u1eddi gian \u0111\u1ecdc":"1 ph\u00fat"},"schema":{"@context":"https:\/\/schema.org","@graph":[{"@type":"WebPage","@id":"https:\/\/lydaily.vn\/jp\/san-pham\/sam-lat-tam-mat-ong-chinh-phu-200g\/","url":"https:\/\/lydaily.vn\/jp\/san-pham\/sam-lat-tam-mat-ong-chinh-phu-200g\/","name":"S\u00c2M L\u00c1T T\u1ea8M M\u1eacT ONG CH\u00cdNH PH\u1ee6 \u2013 200g - Ly Daily","isPartOf":{"@id":"https:\/\/lydaily.vn\/jp\/#website"},"primaryImageOfPage":{"@id":"https:\/\/lydaily.vn\/jp\/san-pham\/sam-lat-tam-mat-ong-chinh-phu-200g\/#primaryimage"},"image":{"@id":"https:\/\/lydaily.vn\/jp\/san-pham\/sam-lat-tam-mat-ong-chinh-phu-200g\/#primaryimage"},"thumbnailUrl":"https:\/\/lydaily.vn\/jp\/wp-content\/uploads\/2026\/02\/SAM-LAT-TAM-MAT-ONG-CHINH-PHU-\u2013-200g.webp","datePublished":"2026-02-28T02:18:12+00:00","dateModified":"2026-03-13T04:56:09+00:00","breadcrumb":{"@id":"https:\/\/lydaily.vn\/jp\/san-pham\/sam-lat-tam-mat-ong-chinh-phu-200g\/#breadcrumb"},"inLanguage":"vi","potentialAction":[{"@type":"ReadAction","target":["https:\/\/lydaily.vn\/jp\/san-pham\/sam-lat-tam-mat-ong-chinh-phu-200g\/"]}]},{"@type":"ImageObject","inLanguage":"vi","@id":"https:\/\/lydaily.vn\/jp\/san-pham\/sam-lat-tam-mat-ong-chinh-phu-200g\/#primaryimage","url":"https:\/\/lydaily.vn\/jp\/wp-content\/uploads\/2026\/02\/SAM-LAT-TAM-MAT-ONG-CHINH-PHU-\u2013-200g.webp","contentUrl":"https:\/\/lydaily.vn\/jp\/wp-content\/uploads\/2026\/02\/SAM-LAT-TAM-MAT-ONG-CHINH-PHU-\u2013-200g.webp","width":450,"height":600},{"@type":"BreadcrumbList","@id":"https:\/\/lydaily.vn\/jp\/san-pham\/sam-lat-tam-mat-ong-chinh-phu-200g\/#breadcrumb","itemListElement":[{"@type":"ListItem","position":1,"name":"Home","item":"https:\/\/lydaily.vn\/jp\/"},{"@type":"ListItem","position":2,"name":"S\u1ea3n ph\u1ea9m","item":"https:\/\/lydaily.vn\/jp\/san-pham\/"},{"@type":"ListItem","position":3,"name":"S\u00c2M L\u00c1T T\u1ea8M M\u1eacT ONG CH\u00cdNH PH\u1ee6 \u2013 200g"}]},{"@type":"WebSite","@id":"https:\/\/lydaily.vn\/jp\/#website","url":"https:\/\/lydaily.vn\/jp\/","name":"Ly Daily","description":"Th\u1ef1c Ph\u1ea9m Ch\u1ee9c N\u0103ng &amp; M\u1ef9 Ph\u1ea9m t\u1ea1i Nh\u1eadt B\u1ea3n v\u00e0 Vi\u1ec7t Nam","potentialAction":[{"@type":"SearchAction","target":{"@type":"EntryPoint","urlTemplate":"https:\/\/lydaily.vn\/jp\/?s={search_term_string}"},"query-input":{"@type":"PropertyValueSpecification","valueRequired":true,"valueName":"search_term_string"}}],"inLanguage":"vi"}]}},"_links":{"self":[{"href":"https:\/\/lydaily.vn\/jp\/wp-json\/wp\/v2\/product\/210","targetHints":{"allow":["GET"]}}],"collection":[{"href":"https:\/\/lydaily.vn\/jp\/wp-json\/wp\/v2\/product"}],"about":[{"href":"https:\/\/lydaily.vn\/jp\/wp-json\/wp\/v2\/types\/product"}],"replies":[{"embeddable":true,"href":"https:\/\/lydaily.vn\/jp\/wp-json\/wp\/v2\/comments?post=210"}],"wp:featuredmedia":[{"embeddable":true,"href":"https:\/\/lydaily.vn\/jp\/wp-json\/wp\/v2\/media\/211"}],"wp:attachment":[{"href":"https:\/\/lydaily.vn\/jp\/wp-json\/wp\/v2\/media?parent=210"}],"wp:term":[{"taxonomy":"product_brand","embeddable":true,"href":"https:\/\/lydaily.vn\/jp\/wp-json\/wp\/v2\/product_brand?post=210"},{"taxonomy":"product_cat","embeddable":true,"href":"https:\/\/lydaily.vn\/jp\/wp-json\/wp\/v2\/product_cat?post=210"},{"taxonomy":"product_tag","embeddable":true,"href":"https:\/\/lydaily.vn\/jp\/wp-json\/wp\/v2\/product_tag?post=210"}],"curies":[{"name":"wp","href":"https:\/\/api.w.org\/{rel}","templated":true}]}}