{"id":208,"date":"2026-02-28T02:02:17","date_gmt":"2026-02-28T02:02:17","guid":{"rendered":"https:\/\/lydaily.qweb.com.vn\/?post_type=product&#038;p=208"},"modified":"2026-03-13T04:55:30","modified_gmt":"2026-03-13T04:55:30","slug":"vien-uong-bo-nao-dha-epa-chiet-xuat-la-bach-qua-60v-nhat","status":"publish","type":"product","link":"https:\/\/lydaily.vn\/jp\/san-pham\/vien-uong-bo-nao-dha-epa-chiet-xuat-la-bach-qua-60v-nhat\/","title":{"rendered":"Vi\u00ean u\u1ed1ng b\u1ed5 n\u00e3o DHA &#8211; EPA chi\u1ebft xu\u1ea5t l\u00e1 b\u1ea1ch qu\u1ea3 60v &#8211; Nh\u1eadt"},"content":{"rendered":"<h1>Vi\u00ean u\u1ed1ng b\u1ed5 n\u00e3o DHA &#8211; EPA &#8211; Nh\u1eadt v\u1edbi chi\u1ebft xu\u1ea5t 100% t\u1eeb l\u00e1 c\u00e2y b\u1ea1ch qu\u1ea3 ginkgo biloba 140mg gi\u00fap n\u00e3o b\u1ed9 kh\u1ecfe m\u1ea1nh, t\u0103ng c\u01b0\u1eddng tr\u00ed nh\u1edb, t\u0103ng tu\u1ea7n ho\u00e0n m\u00e1u n\u00e3o, tr\u1ecb c\u00e1c tri\u1ec7u ch\u1ee9ng c\u1ee7a b\u1ec7nh ti\u1ec1n \u0111\u00ecnh, gi\u00fap\u00a0\u0111\u1ea7u \u00f3c minh m\u1eabn, l\u00e0m vi\u1ec7c hi\u1ec7u qu\u1ea3,\u00a0gi\u1ea3m Stress c\u0103ng th\u1eb3ng, m\u1ec7t m\u1ecfi.<\/h1>\n<h1><strong>Th\u00e0nh ph\u1ea7n<\/strong><\/h1>\n<h2>DHA c\u00f3 trong d\u1ea7u c\u00e1 tinh khi\u1ebft, gelatin, chi\u1ebft xu\u1ea5t b\u1ed9t l\u00e1 b\u1ea1ch qu\u1ea3, phospholipid phosphatidylserine, tinh b\u1ed9t khoai t\u00e2y, serine, glycerol, lecithin, s\u00e1p ong, vitamin B12.<\/h2>\n<p>&#8211; DHA: 90Mg<\/p>\n<p>&#8211; EPA: 16Mg<\/p>\n<p>&#8211; Ginkgo l\u00e1 chi\u1ebft xu\u1ea5t b\u1ed9t: 140mg<\/p>\n<p>&#8211; Lecithin \u0111\u1eadu n\u00e0nh: 60mg<\/p>\n<p>&#8211; Phosphatidylserine: 5mg<\/p>\n<p>&#8211; Vinpocetine: 10mg<\/p>\n<p><strong>Th\u00e0nh ph\u1ea7n dinh d\u01b0\u1ee1ng<\/strong><\/p>\n<p>&#8211; Calo\u00a05,6 kcal<\/p>\n<p>&#8211; Protein 0,26 g<\/p>\n<p>&#8211; Lipid 0,41 g<\/p>\n<p>&#8211; Carbohydrate 0,23 g<\/p>\n<p>&#8211; Natri 017 mg<\/p>\n<p><strong>C\u00f4ng d\u1ee5ng<\/strong><\/p>\n<p>&#8211; Vi\u00ean u\u1ed1ng b\u1ed5 n\u00e3o Ginkgo DHA &#8211; EPA gi\u00fap c\u1ea3i thi\u1ec7n ch\u1ee9ng thi\u1ec3u n\u0103ng tu\u1ea7n ho\u00e0n n\u00e3o v\u00e0 c\u00e1c bi\u1ec3u hi\u1ec7n\u00a0nh\u01b0 ch\u00f3ng m\u1eb7t, nh\u1ee9c \u0111\u1ea7u, gi\u1ea3m tr\u00ed nh\u1edb, gi\u1ea3m kh\u1ea3 n\u0103ng nh\u1eadn th\u1ee9c, r\u1ed1i lo\u1ea1n v\u1eadn \u0111\u1ed9ng, r\u1ed1i lo\u1ea1n c\u1ea3m x\u00fac v\u00e0 nh\u00e2n c\u00e1ch.<\/p>\n<p>&#8211; C\u1ea3i thi\u1ec7n di ch\u1ee9ng tai bi\u1ebfn m\u1ea1ch m\u00e1u n\u00e3o v\u00e0 ch\u1ea5n th\u01b0\u01a1ng s\u1ecd n\u00e3o, r\u1ed1i lo\u1ea1n m\u1ea1ch m\u00e1u ngo\u1ea1i bi\u00ean: b\u1ec7nh \u0111\u1ed9ng m\u1ea1ch chi d\u01b0\u1edbi, h\u1ed9i ch\u1ee9ng Raynaud, t\u00ea l\u1ea1nh v\u00e0 t\u00edm t\u00e1i \u0111\u1ea7u chi.<\/p>\n<p>&#8211; B\u1ea3o v\u1ec7 v\u00e0 l\u00e0m gi\u1ea3m tho\u00e1i h\u00f3a v\u00f5ng m\u1ea1c, r\u1ed1i lo\u1ea1n th\u1ea7n kinh c\u1ea3m gi\u00e1c, tu\u1ea7n ho\u00e0n \u1edf m\u1eaft, tai m\u0169i h\u1ecdng.<\/p>\n<p>&#8211; H\u1ed7 tr\u1ee3 ph\u00f2ng ng\u1eeba v\u00e0 l\u00e0m ch\u1eadm ti\u1ebfn tri\u1ec3n c\u1ee7a b\u1ec7nh Alzheimer\u2019s (b\u1ec7nh sa s\u00fat tr\u00ed tu\u1ec7 \u1edf ng\u01b0\u1eddi c\u00f3 tu\u1ed5i g\u00e2y ra r\u1ed1i lo\u1ea1n tr\u00ed nh\u1edb, gi\u1ea3m kh\u1ea3 n\u0103ng tr\u00ed tu\u1ec7, l\u00fa l\u1eabn v\u00e0 r\u1ed1i lo\u1ea1n trong h\u00e0nh vi v\u00e0 c\u01b0 x\u1eed).<\/p>\n<h2><strong>H\u01b0\u1edbng d\u1eabn s\u1eed d\u1ee5ng:<\/strong>\u00a0Ng\u00e0y u\u1ed1ng 2 vi\u00ean v\u1edbi n\u01b0\u1edbc \u1ea5m sau khi \u0103n<\/h2>\n<h2><strong>L\u01b0u \u00fd:<\/strong>\u00a0S\u1ea3n ph\u1ea9m kh\u00f4ng ph\u1ea3i l\u00e0 thu\u1ed1c, kh\u00f4ng c\u00f3 t\u00e1c d\u1ee5ng thay th\u1ebf thu\u1ed1c ch\u1eefa b\u1ec7nh<\/h2>\n<p>&nbsp;<\/p>\n","protected":false},"excerpt":{"rendered":"<p>T\u00ean s\u1ea3n ph\u1ea9m\u00a0 : Vi\u00ean u\u1ed1ng b\u1ed5 n\u00e3o DHA &#8211; EPA chi\u1ebft xu\u1ea5t l\u00e1 b\u1ea1ch qu\u1ea3 60v &#8211; Nh\u1eadt<\/p>\n<p>Kh\u1ed1i l\u01b0\u1ee3ng\u00a0 \u00a0 \u00a0 \u00a0 : 60 vi\u00ean<\/p>\n<p>Xu\u1ea5t x\u1ee9\u00a0 \u00a0 \u00a0 \u00a0 \u00a0 \u00a0 \u00a0: Nh\u1eadt<\/p>\n","protected":false},"featured_media":209,"comment_status":"open","ping_status":"closed","template":"","meta":[],"product_brand":[],"product_cat":[21],"product_tag":[],"class_list":{"0":"post-208","1":"product","2":"type-product","3":"status-publish","4":"has-post-thumbnail","6":"product_cat-thuc-pham-chuc-nang","8":"first","9":"instock","10":"shipping-taxable","11":"purchasable","12":"product-type-simple"},"yoast_head":"<!-- This site is optimized with the Yoast SEO Premium plugin v22.3 (Yoast SEO v27.1.1) - https:\/\/yoast.com\/product\/yoast-seo-premium-wordpress\/ -->\n<title>Vi\u00ean u\u1ed1ng b\u1ed5 n\u00e3o DHA - EPA chi\u1ebft xu\u1ea5t l\u00e1 b\u1ea1ch qu\u1ea3 60v - Nh\u1eadt - Ly Daily<\/title>\n<meta name=\"robots\" content=\"index, follow, max-snippet:-1, max-image-preview:large, max-video-preview:-1\" \/>\n<link rel=\"canonical\" href=\"https:\/\/lydaily.vn\/jp\/san-pham\/vien-uong-bo-nao-dha-epa-chiet-xuat-la-bach-qua-60v-nhat\/\" \/>\n<meta property=\"og:locale\" content=\"vi_VN\" \/>\n<meta property=\"og:type\" content=\"article\" \/>\n<meta property=\"og:title\" content=\"Vi\u00ean u\u1ed1ng b\u1ed5 n\u00e3o DHA - EPA chi\u1ebft xu\u1ea5t l\u00e1 b\u1ea1ch qu\u1ea3 60v - Nh\u1eadt\" \/>\n<meta property=\"og:description\" content=\"T\u00ean s\u1ea3n ph\u1ea9m\u00a0 : Vi\u00ean u\u1ed1ng b\u1ed5 n\u00e3o DHA - EPA chi\u1ebft xu\u1ea5t l\u00e1 b\u1ea1ch qu\u1ea3 60v - Nh\u1eadt  Kh\u1ed1i l\u01b0\u1ee3ng\u00a0 \u00a0 \u00a0 \u00a0 : 60 vi\u00ean  Xu\u1ea5t x\u1ee9\u00a0 \u00a0 \u00a0 \u00a0 \u00a0 \u00a0 \u00a0: Nh\u1eadt\" \/>\n<meta property=\"og:url\" content=\"https:\/\/lydaily.vn\/jp\/san-pham\/vien-uong-bo-nao-dha-epa-chiet-xuat-la-bach-qua-60v-nhat\/\" \/>\n<meta property=\"og:site_name\" content=\"Ly Daily\" \/>\n<meta property=\"article:modified_time\" content=\"2026-03-13T04:55:30+00:00\" \/>\n<meta property=\"og:image\" content=\"https:\/\/lydaily.vn\/jp\/wp-content\/uploads\/2026\/02\/Vien-uong-bo-nao-DHA-EPA-chiet-xuat-la-bach-qua-60v-Nhat.webp\" \/>\n\t<meta property=\"og:image:width\" content=\"480\" \/>\n\t<meta property=\"og:image:height\" content=\"480\" \/>\n\t<meta property=\"og:image:type\" content=\"image\/webp\" \/>\n<meta name=\"twitter:card\" content=\"summary_large_image\" \/>\n<meta name=\"twitter:label1\" content=\"\u01af\u1edbc t\u00ednh th\u1eddi gian \u0111\u1ecdc\" \/>\n\t<meta name=\"twitter:data1\" content=\"2 ph\u00fat\" \/>\n<script type=\"application\/ld+json\" class=\"yoast-schema-graph\">{\"@context\":\"https:\/\/schema.org\",\"@graph\":[{\"@type\":\"WebPage\",\"@id\":\"https:\/\/lydaily.vn\/jp\/san-pham\/vien-uong-bo-nao-dha-epa-chiet-xuat-la-bach-qua-60v-nhat\/\",\"url\":\"https:\/\/lydaily.vn\/jp\/san-pham\/vien-uong-bo-nao-dha-epa-chiet-xuat-la-bach-qua-60v-nhat\/\",\"name\":\"Vi\u00ean u\u1ed1ng b\u1ed5 n\u00e3o DHA - EPA chi\u1ebft xu\u1ea5t l\u00e1 b\u1ea1ch qu\u1ea3 60v - Nh\u1eadt - Ly Daily\",\"isPartOf\":{\"@id\":\"https:\/\/lydaily.vn\/jp\/#website\"},\"primaryImageOfPage\":{\"@id\":\"https:\/\/lydaily.vn\/jp\/san-pham\/vien-uong-bo-nao-dha-epa-chiet-xuat-la-bach-qua-60v-nhat\/#primaryimage\"},\"image\":{\"@id\":\"https:\/\/lydaily.vn\/jp\/san-pham\/vien-uong-bo-nao-dha-epa-chiet-xuat-la-bach-qua-60v-nhat\/#primaryimage\"},\"thumbnailUrl\":\"https:\/\/lydaily.vn\/jp\/wp-content\/uploads\/2026\/02\/Vien-uong-bo-nao-DHA-EPA-chiet-xuat-la-bach-qua-60v-Nhat.webp\",\"datePublished\":\"2026-02-28T02:02:17+00:00\",\"dateModified\":\"2026-03-13T04:55:30+00:00\",\"breadcrumb\":{\"@id\":\"https:\/\/lydaily.vn\/jp\/san-pham\/vien-uong-bo-nao-dha-epa-chiet-xuat-la-bach-qua-60v-nhat\/#breadcrumb\"},\"inLanguage\":\"vi\",\"potentialAction\":[{\"@type\":\"ReadAction\",\"target\":[\"https:\/\/lydaily.vn\/jp\/san-pham\/vien-uong-bo-nao-dha-epa-chiet-xuat-la-bach-qua-60v-nhat\/\"]}]},{\"@type\":\"ImageObject\",\"inLanguage\":\"vi\",\"@id\":\"https:\/\/lydaily.vn\/jp\/san-pham\/vien-uong-bo-nao-dha-epa-chiet-xuat-la-bach-qua-60v-nhat\/#primaryimage\",\"url\":\"https:\/\/lydaily.vn\/jp\/wp-content\/uploads\/2026\/02\/Vien-uong-bo-nao-DHA-EPA-chiet-xuat-la-bach-qua-60v-Nhat.webp\",\"contentUrl\":\"https:\/\/lydaily.vn\/jp\/wp-content\/uploads\/2026\/02\/Vien-uong-bo-nao-DHA-EPA-chiet-xuat-la-bach-qua-60v-Nhat.webp\",\"width\":480,\"height\":480},{\"@type\":\"BreadcrumbList\",\"@id\":\"https:\/\/lydaily.vn\/jp\/san-pham\/vien-uong-bo-nao-dha-epa-chiet-xuat-la-bach-qua-60v-nhat\/#breadcrumb\",\"itemListElement\":[{\"@type\":\"ListItem\",\"position\":1,\"name\":\"Home\",\"item\":\"https:\/\/lydaily.vn\/jp\/\"},{\"@type\":\"ListItem\",\"position\":2,\"name\":\"S\u1ea3n ph\u1ea9m\",\"item\":\"https:\/\/lydaily.vn\/jp\/san-pham\/\"},{\"@type\":\"ListItem\",\"position\":3,\"name\":\"Vi\u00ean u\u1ed1ng b\u1ed5 n\u00e3o DHA &#8211; EPA chi\u1ebft xu\u1ea5t l\u00e1 b\u1ea1ch qu\u1ea3 60v &#8211; Nh\u1eadt\"}]},{\"@type\":\"WebSite\",\"@id\":\"https:\/\/lydaily.vn\/jp\/#website\",\"url\":\"https:\/\/lydaily.vn\/jp\/\",\"name\":\"Ly Daily\",\"description\":\"Th\u1ef1c Ph\u1ea9m Ch\u1ee9c N\u0103ng &amp; M\u1ef9 Ph\u1ea9m t\u1ea1i Nh\u1eadt B\u1ea3n v\u00e0 Vi\u1ec7t Nam\",\"potentialAction\":[{\"@type\":\"SearchAction\",\"target\":{\"@type\":\"EntryPoint\",\"urlTemplate\":\"https:\/\/lydaily.vn\/jp\/?s={search_term_string}\"},\"query-input\":{\"@type\":\"PropertyValueSpecification\",\"valueRequired\":true,\"valueName\":\"search_term_string\"}}],\"inLanguage\":\"vi\"}]}<\/script>\n<!-- \/ Yoast SEO Premium plugin. -->","yoast_head_json":{"title":"Vi\u00ean u\u1ed1ng b\u1ed5 n\u00e3o DHA - EPA chi\u1ebft xu\u1ea5t l\u00e1 b\u1ea1ch qu\u1ea3 60v - Nh\u1eadt - Ly Daily","robots":{"index":"index","follow":"follow","max-snippet":"max-snippet:-1","max-image-preview":"max-image-preview:large","max-video-preview":"max-video-preview:-1"},"canonical":"https:\/\/lydaily.vn\/jp\/san-pham\/vien-uong-bo-nao-dha-epa-chiet-xuat-la-bach-qua-60v-nhat\/","og_locale":"vi_VN","og_type":"article","og_title":"Vi\u00ean u\u1ed1ng b\u1ed5 n\u00e3o DHA - EPA chi\u1ebft xu\u1ea5t l\u00e1 b\u1ea1ch qu\u1ea3 60v - Nh\u1eadt","og_description":"T\u00ean s\u1ea3n ph\u1ea9m\u00a0 : Vi\u00ean u\u1ed1ng b\u1ed5 n\u00e3o DHA - EPA chi\u1ebft xu\u1ea5t l\u00e1 b\u1ea1ch qu\u1ea3 60v - Nh\u1eadt  Kh\u1ed1i l\u01b0\u1ee3ng\u00a0 \u00a0 \u00a0 \u00a0 : 60 vi\u00ean  Xu\u1ea5t x\u1ee9\u00a0 \u00a0 \u00a0 \u00a0 \u00a0 \u00a0 \u00a0: Nh\u1eadt","og_url":"https:\/\/lydaily.vn\/jp\/san-pham\/vien-uong-bo-nao-dha-epa-chiet-xuat-la-bach-qua-60v-nhat\/","og_site_name":"Ly Daily","article_modified_time":"2026-03-13T04:55:30+00:00","og_image":[{"width":480,"height":480,"url":"https:\/\/lydaily.vn\/jp\/wp-content\/uploads\/2026\/02\/Vien-uong-bo-nao-DHA-EPA-chiet-xuat-la-bach-qua-60v-Nhat.webp","type":"image\/webp"}],"twitter_card":"summary_large_image","twitter_misc":{"\u01af\u1edbc t\u00ednh th\u1eddi gian \u0111\u1ecdc":"2 ph\u00fat"},"schema":{"@context":"https:\/\/schema.org","@graph":[{"@type":"WebPage","@id":"https:\/\/lydaily.vn\/jp\/san-pham\/vien-uong-bo-nao-dha-epa-chiet-xuat-la-bach-qua-60v-nhat\/","url":"https:\/\/lydaily.vn\/jp\/san-pham\/vien-uong-bo-nao-dha-epa-chiet-xuat-la-bach-qua-60v-nhat\/","name":"Vi\u00ean u\u1ed1ng b\u1ed5 n\u00e3o DHA - EPA chi\u1ebft xu\u1ea5t l\u00e1 b\u1ea1ch qu\u1ea3 60v - Nh\u1eadt - Ly Daily","isPartOf":{"@id":"https:\/\/lydaily.vn\/jp\/#website"},"primaryImageOfPage":{"@id":"https:\/\/lydaily.vn\/jp\/san-pham\/vien-uong-bo-nao-dha-epa-chiet-xuat-la-bach-qua-60v-nhat\/#primaryimage"},"image":{"@id":"https:\/\/lydaily.vn\/jp\/san-pham\/vien-uong-bo-nao-dha-epa-chiet-xuat-la-bach-qua-60v-nhat\/#primaryimage"},"thumbnailUrl":"https:\/\/lydaily.vn\/jp\/wp-content\/uploads\/2026\/02\/Vien-uong-bo-nao-DHA-EPA-chiet-xuat-la-bach-qua-60v-Nhat.webp","datePublished":"2026-02-28T02:02:17+00:00","dateModified":"2026-03-13T04:55:30+00:00","breadcrumb":{"@id":"https:\/\/lydaily.vn\/jp\/san-pham\/vien-uong-bo-nao-dha-epa-chiet-xuat-la-bach-qua-60v-nhat\/#breadcrumb"},"inLanguage":"vi","potentialAction":[{"@type":"ReadAction","target":["https:\/\/lydaily.vn\/jp\/san-pham\/vien-uong-bo-nao-dha-epa-chiet-xuat-la-bach-qua-60v-nhat\/"]}]},{"@type":"ImageObject","inLanguage":"vi","@id":"https:\/\/lydaily.vn\/jp\/san-pham\/vien-uong-bo-nao-dha-epa-chiet-xuat-la-bach-qua-60v-nhat\/#primaryimage","url":"https:\/\/lydaily.vn\/jp\/wp-content\/uploads\/2026\/02\/Vien-uong-bo-nao-DHA-EPA-chiet-xuat-la-bach-qua-60v-Nhat.webp","contentUrl":"https:\/\/lydaily.vn\/jp\/wp-content\/uploads\/2026\/02\/Vien-uong-bo-nao-DHA-EPA-chiet-xuat-la-bach-qua-60v-Nhat.webp","width":480,"height":480},{"@type":"BreadcrumbList","@id":"https:\/\/lydaily.vn\/jp\/san-pham\/vien-uong-bo-nao-dha-epa-chiet-xuat-la-bach-qua-60v-nhat\/#breadcrumb","itemListElement":[{"@type":"ListItem","position":1,"name":"Home","item":"https:\/\/lydaily.vn\/jp\/"},{"@type":"ListItem","position":2,"name":"S\u1ea3n ph\u1ea9m","item":"https:\/\/lydaily.vn\/jp\/san-pham\/"},{"@type":"ListItem","position":3,"name":"Vi\u00ean u\u1ed1ng b\u1ed5 n\u00e3o DHA &#8211; EPA chi\u1ebft xu\u1ea5t l\u00e1 b\u1ea1ch qu\u1ea3 60v &#8211; Nh\u1eadt"}]},{"@type":"WebSite","@id":"https:\/\/lydaily.vn\/jp\/#website","url":"https:\/\/lydaily.vn\/jp\/","name":"Ly Daily","description":"Th\u1ef1c Ph\u1ea9m Ch\u1ee9c N\u0103ng &amp; M\u1ef9 Ph\u1ea9m t\u1ea1i Nh\u1eadt B\u1ea3n v\u00e0 Vi\u1ec7t Nam","potentialAction":[{"@type":"SearchAction","target":{"@type":"EntryPoint","urlTemplate":"https:\/\/lydaily.vn\/jp\/?s={search_term_string}"},"query-input":{"@type":"PropertyValueSpecification","valueRequired":true,"valueName":"search_term_string"}}],"inLanguage":"vi"}]}},"_links":{"self":[{"href":"https:\/\/lydaily.vn\/jp\/wp-json\/wp\/v2\/product\/208","targetHints":{"allow":["GET"]}}],"collection":[{"href":"https:\/\/lydaily.vn\/jp\/wp-json\/wp\/v2\/product"}],"about":[{"href":"https:\/\/lydaily.vn\/jp\/wp-json\/wp\/v2\/types\/product"}],"replies":[{"embeddable":true,"href":"https:\/\/lydaily.vn\/jp\/wp-json\/wp\/v2\/comments?post=208"}],"wp:featuredmedia":[{"embeddable":true,"href":"https:\/\/lydaily.vn\/jp\/wp-json\/wp\/v2\/media\/209"}],"wp:attachment":[{"href":"https:\/\/lydaily.vn\/jp\/wp-json\/wp\/v2\/media?parent=208"}],"wp:term":[{"taxonomy":"product_brand","embeddable":true,"href":"https:\/\/lydaily.vn\/jp\/wp-json\/wp\/v2\/product_brand?post=208"},{"taxonomy":"product_cat","embeddable":true,"href":"https:\/\/lydaily.vn\/jp\/wp-json\/wp\/v2\/product_cat?post=208"},{"taxonomy":"product_tag","embeddable":true,"href":"https:\/\/lydaily.vn\/jp\/wp-json\/wp\/v2\/product_tag?post=208"}],"curies":[{"name":"wp","href":"https:\/\/api.w.org\/{rel}","templated":true}]}}