{"id":206,"date":"2026-02-28T01:59:53","date_gmt":"2026-02-28T01:59:53","guid":{"rendered":"https:\/\/lydaily.qweb.com.vn\/?post_type=product&#038;p=206"},"modified":"2026-03-13T04:54:55","modified_gmt":"2026-03-13T04:54:55","slug":"vien-uong-bo-nao-dha-epa-orihiro-180-vien","status":"publish","type":"product","link":"https:\/\/lydaily.vn\/jp\/san-pham\/vien-uong-bo-nao-dha-epa-orihiro-180-vien\/","title":{"rendered":"Vi\u00ean u\u1ed1ng b\u1ed5 n\u00e3o DHA, EPA Orihiro 180 Vi\u00ean"},"content":{"rendered":"<section id=\"shopify-section-template--19342473855200__main\" class=\"shopify-section\">\n<div class=\" #section-body @spaced \">\n<div class=\"#container @width:default\">\n<div class=\"#section-body-wrapper \">\n<div class=\"#section-body-content\">\n<div class=\"#product\">\n<div class=\"#grid @type:template #product-grid\">\n<div class=\"#product-meta\">\n<div class=\"#product-meta-block \" data-meta-block=\"\">\n<div class=\"#product-description-expand-content\" data-content=\"\">\n<div class=\"#product-description\">\n<p>&nbsp;<\/p>\n<h2>C\u00f4ng d\u1ee5ng vi\u00ean u\u1ed1ng DPA, EPA Orihiro Nh\u1eadt B\u1ea3n<\/h2>\n<ul>\n<li>H\u1ed7 tr\u1ee3 ph\u00e1t tri\u1ec3n n\u00e3o b\u1ed9 cho tr\u1ebb em v\u00e0 c\u00e0i thi\u1ec7n ch\u1ee9c n\u0103ng h\u1ec7 th\u1ea7n kinh cho ng\u01b0\u1eddi cao tu\u1ed5i.<\/li>\n<li>C\u1ea3i thi\u1ec7n kh\u1ea3 n\u0103ng ghi nh\u1edb c\u1ee7a ng\u01b0\u1eddi tr\u01b0\u1edfng th\u00e0nh.<\/li>\n<li>H\u1ed7 tr\u1ee3 b\u1ea3o v\u1ec7 h\u1ec7 tim m\u1ea1ch.<\/li>\n<li>Gi\u1ea3m nguy c\u01a1 x\u01a1 v\u1eefa \u0111\u1ed9ng m\u1ea1ch, nh\u1ed3i m\u00e1u c\u01a1 tim, tho\u00e1i h\u00f3a n\u00e3o v\u00e0 c\u00e1c b\u1ec7nh v\u1ec1 m\u1eaft.<\/li>\n<li>B\u1ed5 sung d\u01b0\u1ee1ng ch\u1ea5t cho b\u00e0 b\u1ea7u v\u00e0 thai nhi.<\/li>\n<\/ul>\n<h2>\u0110\u1ed1i t\u01b0\u1ee3ng s\u1eed d\u1ee5ng vi\u00ean u\u1ed1ng DHA, EPA Orihiro Nh\u1eadt B\u1ea3n<\/h2>\n<ul>\n<li>Ng\u01b0\u1eddi tr\u00ed nh\u1edb k\u00e9m, hay c\u0103ng th\u1eb3ng m\u1ec7t m\u1ecfi, c\u1ea7n c\u1ea3i thi\u1ec7n th\u1ecb l\u1ef1c, h\u1ed7 tr\u1ee3 \u0111i\u1ec1u tr\u1ecb c\u00e1c b\u1ec7nh v\u1ec1 tr\u00ed nh\u1edb, n\u00e2ng cao s\u1ee9c kh\u1ecfe.<\/li>\n<li>\u0110\u1ed1i v\u1edbi tr\u01b0\u1eddng h\u1ee3p \u0111ang tr\u1ecb li\u1ec7u, ph\u1ee5 n\u1eef c\u00f3 thai v\u00e0 cho con b\u00fa c\u1ea7n tham kh\u1ea3o \u00fd ki\u1ebfn b\u00e1c s\u0129 tr\u01b0\u1edbc khi s\u1eed d\u1ee5ng.<\/li>\n<\/ul>\n<h2>H\u01b0\u1edbng d\u1eabn s\u1eed d\u1ee5ng<\/h2>\n<ul>\n<li>6\u00a0vi\u00ean\/ng\u00e0y v\u1edbi n\u01b0\u1edbc l\u1ecdc ho\u1eb7c n\u01b0\u1edbc \u1ea5m.<\/li>\n<\/ul>\n<h2>Th\u00e0nh ph\u1ea7n vi\u00ean u\u1ed1ng DPA, EPA Orihiro<\/h2>\n<p>Th\u00e0nh ph\u1ea7n ch\u00ednh\/6 vi\u00ean: D\u1ea7u c\u00e1 tinh ch\u1ea5t ch\u1ee9a DHA v\u00e0 EPA DHA: 780mg, EPA: 80mg<\/p>\n<p>Ph\u1ee5 li\u1ec7u:\u00a0 D\u1ea7u th\u1ef1c v\u1eadt ch\u1ee9a vitamin E,\u00a0<span class=\"fontstyle0\">Getalin, glycerin, tinh b\u1ed9t \u0111\u00e3 \u0111\u01b0\u1ee3c x\u1eed l\u00fd v\u1eeba \u0111\u1ee7 4 vi\u00ean.<\/span><\/p>\n<p><span class=\"fontstyle0\"><strong>Quy c\u00e1ch \u0111\u00f3ng g\u00f3i<\/strong>: 180 vi\u00ean\/l\u1ecd th\u1ee7y tinh<\/span><\/p>\n<p><span class=\"fontstyle0\"><strong>H\u1ea1n s\u1eed d\u1ee5ng:<\/strong>\u00a02 n\u0103m k\u1ec3 t\u1eeb ng\u00e0y s\u1ea3n xu\u1ea5t<\/span><\/p>\n<p>&nbsp;<\/p>\n<\/div>\n<\/div>\n<\/div>\n<\/div>\n<\/div>\n<\/div>\n<\/div>\n<\/div>\n<\/div>\n<\/div>\n<\/section>\n<div id=\"shopify-section-template--19342473855200__16635744338edc5f72\" class=\"shopify-section\">\n<div class=\" #section-body \">\n<div class=\"#container @width:default\">\n<div class=\"#section-body-wrapper \">\n<div class=\"#section-body-content\">\n<div class=\"#grid @type:columns @outer-gap-mobile:y\">\n<div class=\"#feature-card \">\n<div class=\"#feature-card-icon\"><\/div>\n<div class=\"#feature-card-body\"><\/div>\n<\/div>\n<\/div>\n<\/div>\n<\/div>\n<\/div>\n<\/div>\n<\/div>\n","protected":false},"excerpt":{"rendered":"<p>DHA, EPA Orihiro l\u00e0 th\u1ef1c ph\u1ea9m ch\u1ee9c n\u0103ng Nh\u1eadt B\u1ea3n n\u1ed9i \u0111\u1ecba \u0111\u01b0\u1ee3c chi\u1ebft xu\u1ea5t t\u1eeb d\u1ea7u c\u00e1 ch\u1ee9a DHA v\u00e0 EPA r\u1ea5t t\u1ed1t cho n\u00e3o b\u1ed9, m\u1eaft v\u00e0 h\u1ec7 tim m\u1ea1ch.<\/p>\n","protected":false},"featured_media":207,"comment_status":"open","ping_status":"closed","template":"","meta":[],"product_brand":[],"product_cat":[21],"product_tag":[],"class_list":{"0":"post-206","1":"product","2":"type-product","3":"status-publish","4":"has-post-thumbnail","6":"product_cat-thuc-pham-chuc-nang","8":"first","9":"instock","10":"shipping-taxable","11":"purchasable","12":"product-type-simple"},"yoast_head":"<!-- This site is optimized with the Yoast SEO Premium plugin v22.3 (Yoast SEO v27.1.1) - https:\/\/yoast.com\/product\/yoast-seo-premium-wordpress\/ -->\n<title>Vi\u00ean u\u1ed1ng b\u1ed5 n\u00e3o DHA, EPA Orihiro 180 Vi\u00ean - Ly Daily<\/title>\n<meta name=\"robots\" content=\"index, follow, max-snippet:-1, max-image-preview:large, max-video-preview:-1\" \/>\n<link rel=\"canonical\" href=\"https:\/\/lydaily.vn\/jp\/san-pham\/vien-uong-bo-nao-dha-epa-orihiro-180-vien\/\" \/>\n<meta property=\"og:locale\" content=\"vi_VN\" \/>\n<meta property=\"og:type\" content=\"article\" \/>\n<meta property=\"og:title\" content=\"Vi\u00ean u\u1ed1ng b\u1ed5 n\u00e3o DHA, EPA Orihiro 180 Vi\u00ean\" \/>\n<meta property=\"og:description\" content=\"DHA, EPA Orihiro l\u00e0 th\u1ef1c ph\u1ea9m ch\u1ee9c n\u0103ng Nh\u1eadt B\u1ea3n n\u1ed9i \u0111\u1ecba \u0111\u01b0\u1ee3c chi\u1ebft xu\u1ea5t t\u1eeb d\u1ea7u c\u00e1 ch\u1ee9a DHA v\u00e0 EPA r\u1ea5t t\u1ed1t cho n\u00e3o b\u1ed9, m\u1eaft v\u00e0 h\u1ec7 tim m\u1ea1ch.\" \/>\n<meta property=\"og:url\" content=\"https:\/\/lydaily.vn\/jp\/san-pham\/vien-uong-bo-nao-dha-epa-orihiro-180-vien\/\" \/>\n<meta property=\"og:site_name\" content=\"Ly Daily\" \/>\n<meta property=\"article:modified_time\" content=\"2026-03-13T04:54:55+00:00\" \/>\n<meta property=\"og:image\" content=\"https:\/\/lydaily.vn\/jp\/wp-content\/uploads\/2026\/02\/Vien-uong-bo-nao-DHA-EPA-Orihiro-180-Vien.jpg\" \/>\n\t<meta property=\"og:image:width\" content=\"640\" \/>\n\t<meta property=\"og:image:height\" content=\"480\" \/>\n\t<meta property=\"og:image:type\" content=\"image\/jpeg\" \/>\n<meta name=\"twitter:card\" content=\"summary_large_image\" \/>\n<meta name=\"twitter:label1\" content=\"\u01af\u1edbc t\u00ednh th\u1eddi gian \u0111\u1ecdc\" \/>\n\t<meta name=\"twitter:data1\" content=\"2 ph\u00fat\" \/>\n<script type=\"application\/ld+json\" class=\"yoast-schema-graph\">{\"@context\":\"https:\/\/schema.org\",\"@graph\":[{\"@type\":\"WebPage\",\"@id\":\"https:\/\/lydaily.vn\/jp\/san-pham\/vien-uong-bo-nao-dha-epa-orihiro-180-vien\/\",\"url\":\"https:\/\/lydaily.vn\/jp\/san-pham\/vien-uong-bo-nao-dha-epa-orihiro-180-vien\/\",\"name\":\"Vi\u00ean u\u1ed1ng b\u1ed5 n\u00e3o DHA, EPA Orihiro 180 Vi\u00ean - Ly Daily\",\"isPartOf\":{\"@id\":\"https:\/\/lydaily.vn\/jp\/#website\"},\"primaryImageOfPage\":{\"@id\":\"https:\/\/lydaily.vn\/jp\/san-pham\/vien-uong-bo-nao-dha-epa-orihiro-180-vien\/#primaryimage\"},\"image\":{\"@id\":\"https:\/\/lydaily.vn\/jp\/san-pham\/vien-uong-bo-nao-dha-epa-orihiro-180-vien\/#primaryimage\"},\"thumbnailUrl\":\"https:\/\/lydaily.vn\/jp\/wp-content\/uploads\/2026\/02\/Vien-uong-bo-nao-DHA-EPA-Orihiro-180-Vien.jpg\",\"datePublished\":\"2026-02-28T01:59:53+00:00\",\"dateModified\":\"2026-03-13T04:54:55+00:00\",\"breadcrumb\":{\"@id\":\"https:\/\/lydaily.vn\/jp\/san-pham\/vien-uong-bo-nao-dha-epa-orihiro-180-vien\/#breadcrumb\"},\"inLanguage\":\"vi\",\"potentialAction\":[{\"@type\":\"ReadAction\",\"target\":[\"https:\/\/lydaily.vn\/jp\/san-pham\/vien-uong-bo-nao-dha-epa-orihiro-180-vien\/\"]}]},{\"@type\":\"ImageObject\",\"inLanguage\":\"vi\",\"@id\":\"https:\/\/lydaily.vn\/jp\/san-pham\/vien-uong-bo-nao-dha-epa-orihiro-180-vien\/#primaryimage\",\"url\":\"https:\/\/lydaily.vn\/jp\/wp-content\/uploads\/2026\/02\/Vien-uong-bo-nao-DHA-EPA-Orihiro-180-Vien.jpg\",\"contentUrl\":\"https:\/\/lydaily.vn\/jp\/wp-content\/uploads\/2026\/02\/Vien-uong-bo-nao-DHA-EPA-Orihiro-180-Vien.jpg\",\"width\":640,\"height\":480},{\"@type\":\"BreadcrumbList\",\"@id\":\"https:\/\/lydaily.vn\/jp\/san-pham\/vien-uong-bo-nao-dha-epa-orihiro-180-vien\/#breadcrumb\",\"itemListElement\":[{\"@type\":\"ListItem\",\"position\":1,\"name\":\"Home\",\"item\":\"https:\/\/lydaily.vn\/jp\/\"},{\"@type\":\"ListItem\",\"position\":2,\"name\":\"S\u1ea3n ph\u1ea9m\",\"item\":\"https:\/\/lydaily.vn\/jp\/san-pham\/\"},{\"@type\":\"ListItem\",\"position\":3,\"name\":\"Vi\u00ean u\u1ed1ng b\u1ed5 n\u00e3o DHA, EPA Orihiro 180 Vi\u00ean\"}]},{\"@type\":\"WebSite\",\"@id\":\"https:\/\/lydaily.vn\/jp\/#website\",\"url\":\"https:\/\/lydaily.vn\/jp\/\",\"name\":\"Ly Daily\",\"description\":\"Th\u1ef1c Ph\u1ea9m Ch\u1ee9c N\u0103ng &amp; M\u1ef9 Ph\u1ea9m t\u1ea1i Nh\u1eadt B\u1ea3n v\u00e0 Vi\u1ec7t Nam\",\"potentialAction\":[{\"@type\":\"SearchAction\",\"target\":{\"@type\":\"EntryPoint\",\"urlTemplate\":\"https:\/\/lydaily.vn\/jp\/?s={search_term_string}\"},\"query-input\":{\"@type\":\"PropertyValueSpecification\",\"valueRequired\":true,\"valueName\":\"search_term_string\"}}],\"inLanguage\":\"vi\"}]}<\/script>\n<!-- \/ Yoast SEO Premium plugin. -->","yoast_head_json":{"title":"Vi\u00ean u\u1ed1ng b\u1ed5 n\u00e3o DHA, EPA Orihiro 180 Vi\u00ean - Ly Daily","robots":{"index":"index","follow":"follow","max-snippet":"max-snippet:-1","max-image-preview":"max-image-preview:large","max-video-preview":"max-video-preview:-1"},"canonical":"https:\/\/lydaily.vn\/jp\/san-pham\/vien-uong-bo-nao-dha-epa-orihiro-180-vien\/","og_locale":"vi_VN","og_type":"article","og_title":"Vi\u00ean u\u1ed1ng b\u1ed5 n\u00e3o DHA, EPA Orihiro 180 Vi\u00ean","og_description":"DHA, EPA Orihiro l\u00e0 th\u1ef1c ph\u1ea9m ch\u1ee9c n\u0103ng Nh\u1eadt B\u1ea3n n\u1ed9i \u0111\u1ecba \u0111\u01b0\u1ee3c chi\u1ebft xu\u1ea5t t\u1eeb d\u1ea7u c\u00e1 ch\u1ee9a DHA v\u00e0 EPA r\u1ea5t t\u1ed1t cho n\u00e3o b\u1ed9, m\u1eaft v\u00e0 h\u1ec7 tim m\u1ea1ch.","og_url":"https:\/\/lydaily.vn\/jp\/san-pham\/vien-uong-bo-nao-dha-epa-orihiro-180-vien\/","og_site_name":"Ly Daily","article_modified_time":"2026-03-13T04:54:55+00:00","og_image":[{"width":640,"height":480,"url":"https:\/\/lydaily.vn\/jp\/wp-content\/uploads\/2026\/02\/Vien-uong-bo-nao-DHA-EPA-Orihiro-180-Vien.jpg","type":"image\/jpeg"}],"twitter_card":"summary_large_image","twitter_misc":{"\u01af\u1edbc t\u00ednh th\u1eddi gian \u0111\u1ecdc":"2 ph\u00fat"},"schema":{"@context":"https:\/\/schema.org","@graph":[{"@type":"WebPage","@id":"https:\/\/lydaily.vn\/jp\/san-pham\/vien-uong-bo-nao-dha-epa-orihiro-180-vien\/","url":"https:\/\/lydaily.vn\/jp\/san-pham\/vien-uong-bo-nao-dha-epa-orihiro-180-vien\/","name":"Vi\u00ean u\u1ed1ng b\u1ed5 n\u00e3o DHA, EPA Orihiro 180 Vi\u00ean - Ly Daily","isPartOf":{"@id":"https:\/\/lydaily.vn\/jp\/#website"},"primaryImageOfPage":{"@id":"https:\/\/lydaily.vn\/jp\/san-pham\/vien-uong-bo-nao-dha-epa-orihiro-180-vien\/#primaryimage"},"image":{"@id":"https:\/\/lydaily.vn\/jp\/san-pham\/vien-uong-bo-nao-dha-epa-orihiro-180-vien\/#primaryimage"},"thumbnailUrl":"https:\/\/lydaily.vn\/jp\/wp-content\/uploads\/2026\/02\/Vien-uong-bo-nao-DHA-EPA-Orihiro-180-Vien.jpg","datePublished":"2026-02-28T01:59:53+00:00","dateModified":"2026-03-13T04:54:55+00:00","breadcrumb":{"@id":"https:\/\/lydaily.vn\/jp\/san-pham\/vien-uong-bo-nao-dha-epa-orihiro-180-vien\/#breadcrumb"},"inLanguage":"vi","potentialAction":[{"@type":"ReadAction","target":["https:\/\/lydaily.vn\/jp\/san-pham\/vien-uong-bo-nao-dha-epa-orihiro-180-vien\/"]}]},{"@type":"ImageObject","inLanguage":"vi","@id":"https:\/\/lydaily.vn\/jp\/san-pham\/vien-uong-bo-nao-dha-epa-orihiro-180-vien\/#primaryimage","url":"https:\/\/lydaily.vn\/jp\/wp-content\/uploads\/2026\/02\/Vien-uong-bo-nao-DHA-EPA-Orihiro-180-Vien.jpg","contentUrl":"https:\/\/lydaily.vn\/jp\/wp-content\/uploads\/2026\/02\/Vien-uong-bo-nao-DHA-EPA-Orihiro-180-Vien.jpg","width":640,"height":480},{"@type":"BreadcrumbList","@id":"https:\/\/lydaily.vn\/jp\/san-pham\/vien-uong-bo-nao-dha-epa-orihiro-180-vien\/#breadcrumb","itemListElement":[{"@type":"ListItem","position":1,"name":"Home","item":"https:\/\/lydaily.vn\/jp\/"},{"@type":"ListItem","position":2,"name":"S\u1ea3n ph\u1ea9m","item":"https:\/\/lydaily.vn\/jp\/san-pham\/"},{"@type":"ListItem","position":3,"name":"Vi\u00ean u\u1ed1ng b\u1ed5 n\u00e3o DHA, EPA Orihiro 180 Vi\u00ean"}]},{"@type":"WebSite","@id":"https:\/\/lydaily.vn\/jp\/#website","url":"https:\/\/lydaily.vn\/jp\/","name":"Ly Daily","description":"Th\u1ef1c Ph\u1ea9m Ch\u1ee9c N\u0103ng &amp; M\u1ef9 Ph\u1ea9m t\u1ea1i Nh\u1eadt B\u1ea3n v\u00e0 Vi\u1ec7t Nam","potentialAction":[{"@type":"SearchAction","target":{"@type":"EntryPoint","urlTemplate":"https:\/\/lydaily.vn\/jp\/?s={search_term_string}"},"query-input":{"@type":"PropertyValueSpecification","valueRequired":true,"valueName":"search_term_string"}}],"inLanguage":"vi"}]}},"_links":{"self":[{"href":"https:\/\/lydaily.vn\/jp\/wp-json\/wp\/v2\/product\/206","targetHints":{"allow":["GET"]}}],"collection":[{"href":"https:\/\/lydaily.vn\/jp\/wp-json\/wp\/v2\/product"}],"about":[{"href":"https:\/\/lydaily.vn\/jp\/wp-json\/wp\/v2\/types\/product"}],"replies":[{"embeddable":true,"href":"https:\/\/lydaily.vn\/jp\/wp-json\/wp\/v2\/comments?post=206"}],"wp:featuredmedia":[{"embeddable":true,"href":"https:\/\/lydaily.vn\/jp\/wp-json\/wp\/v2\/media\/207"}],"wp:attachment":[{"href":"https:\/\/lydaily.vn\/jp\/wp-json\/wp\/v2\/media?parent=206"}],"wp:term":[{"taxonomy":"product_brand","embeddable":true,"href":"https:\/\/lydaily.vn\/jp\/wp-json\/wp\/v2\/product_brand?post=206"},{"taxonomy":"product_cat","embeddable":true,"href":"https:\/\/lydaily.vn\/jp\/wp-json\/wp\/v2\/product_cat?post=206"},{"taxonomy":"product_tag","embeddable":true,"href":"https:\/\/lydaily.vn\/jp\/wp-json\/wp\/v2\/product_tag?post=206"}],"curies":[{"name":"wp","href":"https:\/\/api.w.org\/{rel}","templated":true}]}}