{"id":204,"date":"2026-02-28T01:57:38","date_gmt":"2026-02-28T01:57:38","guid":{"rendered":"https:\/\/lydaily.qweb.com.vn\/?post_type=product&#038;p=204"},"modified":"2026-03-13T04:54:04","modified_gmt":"2026-03-13T04:54:04","slug":"thuc-pham-ho-tro-suc-khoe-orihiro-new-oyster-extract-chiet-xuat-hau-tuoi-hop-120-vien","status":"publish","type":"product","link":"https:\/\/lydaily.vn\/jp\/san-pham\/thuc-pham-ho-tro-suc-khoe-orihiro-new-oyster-extract-chiet-xuat-hau-tuoi-hop-120-vien\/","title":{"rendered":"Th\u1ef1c Ph\u1ea9m H\u1ed7 Tr\u1ee3 S\u1ee9c Kh\u1ecfe Orihiro New Oyster Extract Chi\u1ebft Xu\u1ea5t H\u00e0u T\u01b0\u01a1i H\u1ed9p 120 Vi\u00ean"},"content":{"rendered":"<p class=\"QN2lPu\">C\u00d4NG D\u1ee4NG:<\/p>\n<p class=\"QN2lPu\">&#8211; H\u1ed7 tr\u1ee3 t\u0103ng c\u01b0\u1eddng sinh l\u00fd nam gi\u1edbi.<\/p>\n<p class=\"QN2lPu\">&#8211; H\u1ed7 tr\u1ee3 t\u0103ng s\u1ed1 l\u01b0\u1ee3ng v\u00e0 c\u1ea3i thi\u1ec7n ch\u1ea5t l\u01b0\u1ee3ng tinh tr\u00f9ng, gi\u1ea3m t\u1ef7 l\u1ec7 d\u1ecb t\u1eadt tinh tr\u00f9ng, t\u0103ng kh\u1ea3 n\u0103ng th\u1ee5 thai.<\/p>\n<p class=\"QN2lPu\">&#8211; T\u0103ng c\u01b0\u1eddng ho\u1ea1t \u0111\u1ed9ng c\u1ee7a gan, c\u1ea3i thi\u1ec7n s\u1ef1 ph\u00e1 h\u1ee7y gan do bia r\u01b0\u1ee3u g\u00e2y ra, \u1ed5n \u0111\u1ecbnh huy\u1ebft \u00e1p, gi\u1ea3m ch\u1ee9ng \u0111au s\u01b0ng, gi\u1ea3m c\u1ea3m gi\u00e1c h\u1ed3i h\u1ed9p, kh\u00f3 th\u1edf.<\/p>\n<p class=\"QN2lPu\">&#8211; Th\u1ea3i \u0111\u1ed9c, ph\u00e2n gi\u1ea3i c\u00e1c y\u1ebfu t\u1ed1 kim lo\u1ea1i n\u1eb7ng, t\u0103ng c\u01b0\u1eddng mi\u1ec5n d\u1ecbch.<\/p>\n<p class=\"QN2lPu\">C\u00c1CH D\u00d9NG: Ng\u00e0y 4 vi\u00ean chia l\u00e0m 2 l\u1ea7n, c\u00f3 th\u1ec3 d\u00f9ng trong b\u1eefa \u0103n, u\u1ed1ng v\u1edbi n\u01b0\u1edbc n\u00f3ng hay l\u1ea1nh \u0111\u1ec1u \u0111\u01b0\u1ee3c<\/p>\n<p class=\"QN2lPu\">**** S\u1ea3n ph\u1ea9m kh\u00f4ng ph\u1ea3i l\u00e0 thu\u1ed1c, kh\u00f4ng c\u00f3 t\u00e1c d\u1ee5ng thay th\u1ebf thu\u1ed1c ch\u1eefa b\u1ec7nh ****<\/p>\n","protected":false},"excerpt":{"rendered":"<p class=\"QN2lPu\">TPBVSK Vi\u00ean h\u00e0u t\u01b0\u01a1i h\u1ed7 tr\u1ee3 t\u0103ng c\u01b0\u1eddng sinh l\u00fd nam Orihiro New Oyster Extract Nh\u1eadt B\u1ea3n 120 vi\u00ean<\/p>\n<p class=\"QN2lPu\">TH\u00c0NH PH\u1ea6N: Tinh ch\u1ea5t h\u00e0u, K\u1ebdm, Vitamin B1, Vitamin B2, Vitamin B6, Vitamin B12.<\/p>\n","protected":false},"featured_media":205,"comment_status":"open","ping_status":"closed","template":"","meta":[],"product_brand":[],"product_cat":[21],"product_tag":[],"class_list":{"0":"post-204","1":"product","2":"type-product","3":"status-publish","4":"has-post-thumbnail","6":"product_cat-thuc-pham-chuc-nang","8":"first","9":"instock","10":"shipping-taxable","11":"purchasable","12":"product-type-simple"},"yoast_head":"<!-- This site is optimized with the Yoast SEO Premium plugin v22.3 (Yoast SEO v27.1.1) - https:\/\/yoast.com\/product\/yoast-seo-premium-wordpress\/ -->\n<title>Th\u1ef1c Ph\u1ea9m H\u1ed7 Tr\u1ee3 S\u1ee9c Kh\u1ecfe Orihiro New Oyster Extract Chi\u1ebft Xu\u1ea5t H\u00e0u T\u01b0\u01a1i H\u1ed9p 120 Vi\u00ean - Ly Daily<\/title>\n<meta name=\"robots\" content=\"index, follow, max-snippet:-1, max-image-preview:large, max-video-preview:-1\" \/>\n<link rel=\"canonical\" href=\"https:\/\/lydaily.vn\/jp\/san-pham\/thuc-pham-ho-tro-suc-khoe-orihiro-new-oyster-extract-chiet-xuat-hau-tuoi-hop-120-vien\/\" \/>\n<meta property=\"og:locale\" content=\"vi_VN\" \/>\n<meta property=\"og:type\" content=\"article\" \/>\n<meta property=\"og:title\" content=\"Th\u1ef1c Ph\u1ea9m H\u1ed7 Tr\u1ee3 S\u1ee9c Kh\u1ecfe Orihiro New Oyster Extract Chi\u1ebft Xu\u1ea5t H\u00e0u T\u01b0\u01a1i H\u1ed9p 120 Vi\u00ean\" \/>\n<meta property=\"og:description\" content=\"TPBVSK Vi\u00ean h\u00e0u t\u01b0\u01a1i h\u1ed7 tr\u1ee3 t\u0103ng c\u01b0\u1eddng sinh l\u00fd nam Orihiro New Oyster Extract Nh\u1eadt B\u1ea3n 120 vi\u00ean TH\u00c0NH PH\u1ea6N: Tinh ch\u1ea5t h\u00e0u, K\u1ebdm, Vitamin B1, Vitamin B2, Vitamin B6, Vitamin B12.\" \/>\n<meta property=\"og:url\" content=\"https:\/\/lydaily.vn\/jp\/san-pham\/thuc-pham-ho-tro-suc-khoe-orihiro-new-oyster-extract-chiet-xuat-hau-tuoi-hop-120-vien\/\" \/>\n<meta property=\"og:site_name\" content=\"Ly Daily\" \/>\n<meta property=\"article:modified_time\" content=\"2026-03-13T04:54:04+00:00\" \/>\n<meta property=\"og:image\" content=\"https:\/\/lydaily.vn\/jp\/wp-content\/uploads\/2026\/02\/Thuc-Pham-Ho-Tro-Suc-Khoe-Orihiro-New-Oyster-Extract-Chiet-Xuat-Hau-Tuoi-Hop-120-Vien.jpg\" \/>\n\t<meta property=\"og:image:width\" content=\"1200\" \/>\n\t<meta property=\"og:image:height\" content=\"1200\" \/>\n\t<meta property=\"og:image:type\" content=\"image\/jpeg\" \/>\n<meta name=\"twitter:card\" content=\"summary_large_image\" \/>\n<meta name=\"twitter:label1\" content=\"\u01af\u1edbc t\u00ednh th\u1eddi gian \u0111\u1ecdc\" \/>\n\t<meta name=\"twitter:data1\" content=\"1 ph\u00fat\" \/>\n<script type=\"application\/ld+json\" class=\"yoast-schema-graph\">{\"@context\":\"https:\/\/schema.org\",\"@graph\":[{\"@type\":\"WebPage\",\"@id\":\"https:\/\/lydaily.vn\/jp\/san-pham\/thuc-pham-ho-tro-suc-khoe-orihiro-new-oyster-extract-chiet-xuat-hau-tuoi-hop-120-vien\/\",\"url\":\"https:\/\/lydaily.vn\/jp\/san-pham\/thuc-pham-ho-tro-suc-khoe-orihiro-new-oyster-extract-chiet-xuat-hau-tuoi-hop-120-vien\/\",\"name\":\"Th\u1ef1c Ph\u1ea9m H\u1ed7 Tr\u1ee3 S\u1ee9c Kh\u1ecfe Orihiro New Oyster Extract Chi\u1ebft Xu\u1ea5t H\u00e0u T\u01b0\u01a1i H\u1ed9p 120 Vi\u00ean - Ly Daily\",\"isPartOf\":{\"@id\":\"https:\/\/lydaily.vn\/jp\/#website\"},\"primaryImageOfPage\":{\"@id\":\"https:\/\/lydaily.vn\/jp\/san-pham\/thuc-pham-ho-tro-suc-khoe-orihiro-new-oyster-extract-chiet-xuat-hau-tuoi-hop-120-vien\/#primaryimage\"},\"image\":{\"@id\":\"https:\/\/lydaily.vn\/jp\/san-pham\/thuc-pham-ho-tro-suc-khoe-orihiro-new-oyster-extract-chiet-xuat-hau-tuoi-hop-120-vien\/#primaryimage\"},\"thumbnailUrl\":\"https:\/\/lydaily.vn\/jp\/wp-content\/uploads\/2026\/02\/Thuc-Pham-Ho-Tro-Suc-Khoe-Orihiro-New-Oyster-Extract-Chiet-Xuat-Hau-Tuoi-Hop-120-Vien.jpg\",\"datePublished\":\"2026-02-28T01:57:38+00:00\",\"dateModified\":\"2026-03-13T04:54:04+00:00\",\"breadcrumb\":{\"@id\":\"https:\/\/lydaily.vn\/jp\/san-pham\/thuc-pham-ho-tro-suc-khoe-orihiro-new-oyster-extract-chiet-xuat-hau-tuoi-hop-120-vien\/#breadcrumb\"},\"inLanguage\":\"vi\",\"potentialAction\":[{\"@type\":\"ReadAction\",\"target\":[\"https:\/\/lydaily.vn\/jp\/san-pham\/thuc-pham-ho-tro-suc-khoe-orihiro-new-oyster-extract-chiet-xuat-hau-tuoi-hop-120-vien\/\"]}]},{\"@type\":\"ImageObject\",\"inLanguage\":\"vi\",\"@id\":\"https:\/\/lydaily.vn\/jp\/san-pham\/thuc-pham-ho-tro-suc-khoe-orihiro-new-oyster-extract-chiet-xuat-hau-tuoi-hop-120-vien\/#primaryimage\",\"url\":\"https:\/\/lydaily.vn\/jp\/wp-content\/uploads\/2026\/02\/Thuc-Pham-Ho-Tro-Suc-Khoe-Orihiro-New-Oyster-Extract-Chiet-Xuat-Hau-Tuoi-Hop-120-Vien.jpg\",\"contentUrl\":\"https:\/\/lydaily.vn\/jp\/wp-content\/uploads\/2026\/02\/Thuc-Pham-Ho-Tro-Suc-Khoe-Orihiro-New-Oyster-Extract-Chiet-Xuat-Hau-Tuoi-Hop-120-Vien.jpg\",\"width\":1200,\"height\":1200},{\"@type\":\"BreadcrumbList\",\"@id\":\"https:\/\/lydaily.vn\/jp\/san-pham\/thuc-pham-ho-tro-suc-khoe-orihiro-new-oyster-extract-chiet-xuat-hau-tuoi-hop-120-vien\/#breadcrumb\",\"itemListElement\":[{\"@type\":\"ListItem\",\"position\":1,\"name\":\"Home\",\"item\":\"https:\/\/lydaily.vn\/jp\/\"},{\"@type\":\"ListItem\",\"position\":2,\"name\":\"S\u1ea3n ph\u1ea9m\",\"item\":\"https:\/\/lydaily.vn\/jp\/san-pham\/\"},{\"@type\":\"ListItem\",\"position\":3,\"name\":\"Th\u1ef1c Ph\u1ea9m H\u1ed7 Tr\u1ee3 S\u1ee9c Kh\u1ecfe Orihiro New Oyster Extract Chi\u1ebft Xu\u1ea5t H\u00e0u T\u01b0\u01a1i H\u1ed9p 120 Vi\u00ean\"}]},{\"@type\":\"WebSite\",\"@id\":\"https:\/\/lydaily.vn\/jp\/#website\",\"url\":\"https:\/\/lydaily.vn\/jp\/\",\"name\":\"Ly Daily\",\"description\":\"Th\u1ef1c Ph\u1ea9m Ch\u1ee9c N\u0103ng &amp; M\u1ef9 Ph\u1ea9m t\u1ea1i Nh\u1eadt B\u1ea3n v\u00e0 Vi\u1ec7t Nam\",\"potentialAction\":[{\"@type\":\"SearchAction\",\"target\":{\"@type\":\"EntryPoint\",\"urlTemplate\":\"https:\/\/lydaily.vn\/jp\/?s={search_term_string}\"},\"query-input\":{\"@type\":\"PropertyValueSpecification\",\"valueRequired\":true,\"valueName\":\"search_term_string\"}}],\"inLanguage\":\"vi\"}]}<\/script>\n<!-- \/ Yoast SEO Premium plugin. -->","yoast_head_json":{"title":"Th\u1ef1c Ph\u1ea9m H\u1ed7 Tr\u1ee3 S\u1ee9c Kh\u1ecfe Orihiro New Oyster Extract Chi\u1ebft Xu\u1ea5t H\u00e0u T\u01b0\u01a1i H\u1ed9p 120 Vi\u00ean - Ly Daily","robots":{"index":"index","follow":"follow","max-snippet":"max-snippet:-1","max-image-preview":"max-image-preview:large","max-video-preview":"max-video-preview:-1"},"canonical":"https:\/\/lydaily.vn\/jp\/san-pham\/thuc-pham-ho-tro-suc-khoe-orihiro-new-oyster-extract-chiet-xuat-hau-tuoi-hop-120-vien\/","og_locale":"vi_VN","og_type":"article","og_title":"Th\u1ef1c Ph\u1ea9m H\u1ed7 Tr\u1ee3 S\u1ee9c Kh\u1ecfe Orihiro New Oyster Extract Chi\u1ebft Xu\u1ea5t H\u00e0u T\u01b0\u01a1i H\u1ed9p 120 Vi\u00ean","og_description":"TPBVSK Vi\u00ean h\u00e0u t\u01b0\u01a1i h\u1ed7 tr\u1ee3 t\u0103ng c\u01b0\u1eddng sinh l\u00fd nam Orihiro New Oyster Extract Nh\u1eadt B\u1ea3n 120 vi\u00ean TH\u00c0NH PH\u1ea6N: Tinh ch\u1ea5t h\u00e0u, K\u1ebdm, Vitamin B1, Vitamin B2, Vitamin B6, Vitamin B12.","og_url":"https:\/\/lydaily.vn\/jp\/san-pham\/thuc-pham-ho-tro-suc-khoe-orihiro-new-oyster-extract-chiet-xuat-hau-tuoi-hop-120-vien\/","og_site_name":"Ly Daily","article_modified_time":"2026-03-13T04:54:04+00:00","og_image":[{"width":1200,"height":1200,"url":"https:\/\/lydaily.vn\/jp\/wp-content\/uploads\/2026\/02\/Thuc-Pham-Ho-Tro-Suc-Khoe-Orihiro-New-Oyster-Extract-Chiet-Xuat-Hau-Tuoi-Hop-120-Vien.jpg","type":"image\/jpeg"}],"twitter_card":"summary_large_image","twitter_misc":{"\u01af\u1edbc t\u00ednh th\u1eddi gian \u0111\u1ecdc":"1 ph\u00fat"},"schema":{"@context":"https:\/\/schema.org","@graph":[{"@type":"WebPage","@id":"https:\/\/lydaily.vn\/jp\/san-pham\/thuc-pham-ho-tro-suc-khoe-orihiro-new-oyster-extract-chiet-xuat-hau-tuoi-hop-120-vien\/","url":"https:\/\/lydaily.vn\/jp\/san-pham\/thuc-pham-ho-tro-suc-khoe-orihiro-new-oyster-extract-chiet-xuat-hau-tuoi-hop-120-vien\/","name":"Th\u1ef1c Ph\u1ea9m H\u1ed7 Tr\u1ee3 S\u1ee9c Kh\u1ecfe Orihiro New Oyster Extract Chi\u1ebft Xu\u1ea5t H\u00e0u T\u01b0\u01a1i H\u1ed9p 120 Vi\u00ean - Ly Daily","isPartOf":{"@id":"https:\/\/lydaily.vn\/jp\/#website"},"primaryImageOfPage":{"@id":"https:\/\/lydaily.vn\/jp\/san-pham\/thuc-pham-ho-tro-suc-khoe-orihiro-new-oyster-extract-chiet-xuat-hau-tuoi-hop-120-vien\/#primaryimage"},"image":{"@id":"https:\/\/lydaily.vn\/jp\/san-pham\/thuc-pham-ho-tro-suc-khoe-orihiro-new-oyster-extract-chiet-xuat-hau-tuoi-hop-120-vien\/#primaryimage"},"thumbnailUrl":"https:\/\/lydaily.vn\/jp\/wp-content\/uploads\/2026\/02\/Thuc-Pham-Ho-Tro-Suc-Khoe-Orihiro-New-Oyster-Extract-Chiet-Xuat-Hau-Tuoi-Hop-120-Vien.jpg","datePublished":"2026-02-28T01:57:38+00:00","dateModified":"2026-03-13T04:54:04+00:00","breadcrumb":{"@id":"https:\/\/lydaily.vn\/jp\/san-pham\/thuc-pham-ho-tro-suc-khoe-orihiro-new-oyster-extract-chiet-xuat-hau-tuoi-hop-120-vien\/#breadcrumb"},"inLanguage":"vi","potentialAction":[{"@type":"ReadAction","target":["https:\/\/lydaily.vn\/jp\/san-pham\/thuc-pham-ho-tro-suc-khoe-orihiro-new-oyster-extract-chiet-xuat-hau-tuoi-hop-120-vien\/"]}]},{"@type":"ImageObject","inLanguage":"vi","@id":"https:\/\/lydaily.vn\/jp\/san-pham\/thuc-pham-ho-tro-suc-khoe-orihiro-new-oyster-extract-chiet-xuat-hau-tuoi-hop-120-vien\/#primaryimage","url":"https:\/\/lydaily.vn\/jp\/wp-content\/uploads\/2026\/02\/Thuc-Pham-Ho-Tro-Suc-Khoe-Orihiro-New-Oyster-Extract-Chiet-Xuat-Hau-Tuoi-Hop-120-Vien.jpg","contentUrl":"https:\/\/lydaily.vn\/jp\/wp-content\/uploads\/2026\/02\/Thuc-Pham-Ho-Tro-Suc-Khoe-Orihiro-New-Oyster-Extract-Chiet-Xuat-Hau-Tuoi-Hop-120-Vien.jpg","width":1200,"height":1200},{"@type":"BreadcrumbList","@id":"https:\/\/lydaily.vn\/jp\/san-pham\/thuc-pham-ho-tro-suc-khoe-orihiro-new-oyster-extract-chiet-xuat-hau-tuoi-hop-120-vien\/#breadcrumb","itemListElement":[{"@type":"ListItem","position":1,"name":"Home","item":"https:\/\/lydaily.vn\/jp\/"},{"@type":"ListItem","position":2,"name":"S\u1ea3n ph\u1ea9m","item":"https:\/\/lydaily.vn\/jp\/san-pham\/"},{"@type":"ListItem","position":3,"name":"Th\u1ef1c Ph\u1ea9m H\u1ed7 Tr\u1ee3 S\u1ee9c Kh\u1ecfe Orihiro New Oyster Extract Chi\u1ebft Xu\u1ea5t H\u00e0u T\u01b0\u01a1i H\u1ed9p 120 Vi\u00ean"}]},{"@type":"WebSite","@id":"https:\/\/lydaily.vn\/jp\/#website","url":"https:\/\/lydaily.vn\/jp\/","name":"Ly Daily","description":"Th\u1ef1c Ph\u1ea9m Ch\u1ee9c N\u0103ng &amp; M\u1ef9 Ph\u1ea9m t\u1ea1i Nh\u1eadt B\u1ea3n v\u00e0 Vi\u1ec7t Nam","potentialAction":[{"@type":"SearchAction","target":{"@type":"EntryPoint","urlTemplate":"https:\/\/lydaily.vn\/jp\/?s={search_term_string}"},"query-input":{"@type":"PropertyValueSpecification","valueRequired":true,"valueName":"search_term_string"}}],"inLanguage":"vi"}]}},"_links":{"self":[{"href":"https:\/\/lydaily.vn\/jp\/wp-json\/wp\/v2\/product\/204","targetHints":{"allow":["GET"]}}],"collection":[{"href":"https:\/\/lydaily.vn\/jp\/wp-json\/wp\/v2\/product"}],"about":[{"href":"https:\/\/lydaily.vn\/jp\/wp-json\/wp\/v2\/types\/product"}],"replies":[{"embeddable":true,"href":"https:\/\/lydaily.vn\/jp\/wp-json\/wp\/v2\/comments?post=204"}],"wp:featuredmedia":[{"embeddable":true,"href":"https:\/\/lydaily.vn\/jp\/wp-json\/wp\/v2\/media\/205"}],"wp:attachment":[{"href":"https:\/\/lydaily.vn\/jp\/wp-json\/wp\/v2\/media?parent=204"}],"wp:term":[{"taxonomy":"product_brand","embeddable":true,"href":"https:\/\/lydaily.vn\/jp\/wp-json\/wp\/v2\/product_brand?post=204"},{"taxonomy":"product_cat","embeddable":true,"href":"https:\/\/lydaily.vn\/jp\/wp-json\/wp\/v2\/product_cat?post=204"},{"taxonomy":"product_tag","embeddable":true,"href":"https:\/\/lydaily.vn\/jp\/wp-json\/wp\/v2\/product_tag?post=204"}],"curies":[{"name":"wp","href":"https:\/\/api.w.org\/{rel}","templated":true}]}}