{"id":202,"date":"2026-02-27T11:51:45","date_gmt":"2026-02-27T11:51:45","guid":{"rendered":"https:\/\/lydaily.qweb.com.vn\/?post_type=product&#038;p=202"},"modified":"2026-03-13T04:53:21","modified_gmt":"2026-03-13T04:53:21","slug":"tao-xoan-spirulina-japan-algae-tui-2400-vien","status":"publish","type":"product","link":"https:\/\/lydaily.vn\/jp\/san-pham\/tao-xoan-spirulina-japan-algae-tui-2400-vien\/","title":{"rendered":"T\u1ea3o Xo\u1eafn Spirulina Japan Algae T\u00fai 2400 Vi\u00ean"},"content":{"rendered":"<p><strong>I.\u00a0\u00a0 \u00a0Gi\u1edbi Thi\u1ec7u Chung<\/strong><\/p>\n<p>\u2756\u00a0\u00a0 \u00a0Ngu\u1ed3n g\u1ed1c s\u1ea3n ph\u1ea9m: H\u00e3ng Japan Algae &#8211; N\u1ed9i \u0111\u1ecba Nh\u1eadt B\u1ea3n<\/p>\n<p>\u2756\u00a0\u00a0 \u00a0Quy c\u00e1ch \u0111\u00f3ng g\u00f3i: T\u00fai 2400 vi\u00ean<\/p>\n<p>\u2756\u00a0\u00a0 \u00a0Japan Algae l\u00e0 c\u00f4ng ty c\u00f4ng ngh\u1ec7 sinh h\u1ecdc \u0111\u01b0\u1ee3c th\u00e0nh l\u1eadp v\u00e0o n\u0103m 1980, t\u1eadp trung nghi\u00ean c\u1ee9u v\u00e0 s\u1ea3n xu\u1ea5t Germanium h\u1eefu c\u01a1 v\u00e0 t\u1ea3o xo\u1eafn Spirulina. T\u1ea3o xo\u1eafn Spirulina c\u1ee7a Japan Algae \u0111\u01b0\u1ee3c \u0111\u00e1nh gi\u00e1 l\u00e0 th\u1ef1c ph\u1ea9m c\u00f3 h\u00e0m l\u01b0\u1ee3ng dinh d\u01b0\u1ee1ng cao v\u00e0 \u0111\u01b0\u1ee3c s\u1eed d\u1ee5ng r\u1ed9ng r\u00e3i t\u1ea1i h\u01a1n 70 qu\u1ed1c gia tr\u00ean to\u00e0n th\u1ebf gi\u1edbi. N\u0103m 2020, Japan Algae \u0111\u1ea1t \u0111\u01b0\u1ee3c ch\u1ee9ng nh\u1eadn GMP &#8211; Th\u1ef1c h\u00e0nh t\u1ed1t s\u1ea3n xu\u1ea5t, minh ch\u1ee9ng r\u00f5 n\u00e9t v\u1ec1 ch\u1ea5t l\u01b0\u1ee3ng v\u00e0 hi\u1ec7u qu\u1ea3 s\u1ea3n xu\u1ea5t c\u1ee7a th\u01b0\u01a1ng hi\u1ec7u.<\/p>\n<p><strong>II.\u00a0\u00a0 \u00a0\u01afu \u0110i\u1ec3m N\u1ed5i B\u1eadt<\/strong><\/p>\n<p>\u2756\u00a0\u00a0 \u00a0Vi\u00ean U\u1ed1ng T\u1ea3o Xo\u1eafn Spirulina c\u1ee7a Nh\u1eadt B\u1ea3n c\u00f3 ch\u1ee9a \u0111\u1ebfn 18 lo\u1ea1i axit amin, \u0111\u01b0\u1ee3c chi\u1ebft xu\u1ea5t nguy\u00ean ch\u1ea5t t\u1eeb t\u1ea3o Spirulina t\u1ef1 nhi\u00ean, gi\u1eef nguy\u00ean \u0111\u01b0\u1ee3c to\u00e0n b\u1ed9 dinh d\u01b0\u1ee1ng c\u1ee7a t\u1ea3o xo\u1eafn, gi\u00fap n\u00e2ng cao s\u1ee9c \u0111\u1ec1 kh\u00e1ng v\u00e0 h\u1ec7 mi\u1ec5n d\u1ecbch cho c\u01a1 th\u1ec3, cung c\u1ea5p \u0111\u1ea7y \u0111\u1ee7 ch\u1ea5t dinh d\u01b0\u1ee1ng v\u00e0 vitamin c\u1ea7n thi\u1ebft cho s\u1ee9c kh\u1ecfe v\u00e0 l\u00e0n da, gi\u00fap gi\u1ea3m t\u00ecnh tr\u1ea1ng b\u00e9o ph\u00ec, b\u1ea3o v\u1ec7 h\u1ec7 ti\u00eau h\u00f3a, gi\u1ea3m n\u1ed3ng \u0111\u1ed9 cholesterol trong m\u00e1u, t\u1ed1t cho h\u1ec7 tim m\u1ea1ch.<\/p>\n<p>\u2756\u00a0\u00a0 \u00a0S\u1ea3n ph\u1ea9m c\u00f3 th\u1ec3 s\u1eed d\u1ee5ng \u0111\u01b0\u1ee3c cho c\u1ea3 tr\u1ebb em l\u1eabn ng\u01b0\u1eddi cao tu\u1ed5i, ph\u1ee5 n\u1eef c\u00f3 thai ho\u1eb7c \u0111ang cho con b\u00fa.<\/p>\n<p><strong>III.\u00a0\u00a0 \u00a0\u0110\u1ed1i T\u01b0\u1ee3ng S\u1eed D\u1ee5ng<\/strong><\/p>\n<p>\u2756\u00a0\u00a0 \u00a0Ng\u01b0\u1eddi c\u00f3 ch\u1ebf \u0111\u1ed9 \u0103n th\u1ea5t th\u01b0\u1eddng, kh\u00f4ng \u0111\u1ee7 ch\u1ea5t.<\/p>\n<p>\u2756\u00a0\u00a0 \u00a0Ng\u01b0\u1eddi lao \u0111\u1ed9ng qu\u00e1 s\u1ee9c, suy nh\u01b0\u1ee3c c\u01a1 th\u1ec3.<\/p>\n<p>\u2756\u00a0\u00a0 \u00a0Ng\u01b0\u1eddi cao tu\u1ed5i c\u1ea7n n\u00e2ng cao s\u1ee9c \u0111\u1ec1 kh\u00e1ng.<\/p>\n<p>\u2756\u00a0\u00a0 \u00a0Ng\u01b0\u1eddi c\u1ea7n b\u1ed3i b\u1ed5 h\u1ed3i ph\u1ee5c s\u1ee9c kh\u1ecfe h\u1eadu ph\u1eabu thu\u1eadt, sau khi b\u1ecb \u1ed1m.<\/p>\n<p>\u2756\u00a0\u00a0 \u00a0Ng\u01b0\u1eddi lo ng\u1ea1i v\u1ec1 c\u00e2n n\u1eb7ng v\u00e0 c\u00e1c v\u1ea5n \u0111\u1ec1 li\u00ean quan t\u1edbi tim m\u1ea1ch.<\/p>\n<p><strong>IV.\u00a0\u00a0 \u00a0H\u01b0\u1edbng D\u1eabn S\u1eed D\u1ee5ng<\/strong><\/p>\n<p>\u2756\u00a0\u00a0 \u00a0U\u1ed1ng kh\u00f4ng qu\u00e1 40 vi\u00ean (8 g)\/ng\u00e0y, chia 3-4 l\u1ea7n.<\/p>\n<p>\u2756\u00a0\u00a0 \u00a0Ng\u01b0\u1eddi m\u1edbi u\u1ed1ng c\u00f3 th\u1ec3 b\u1eaft \u0111\u1ea7u t\u1eeb 5 vi\u00ean\/ng\u00e0y v\u00e0 t\u0103ng d\u1ea7n l\u00ean t\u00f9y theo nhu c\u1ea7u v\u00e0 th\u1ec3 tr\u1ea1ng c\u1ee7a c\u01a1 th\u1ec3.<\/p>\n<p><strong>V.\u00a0\u00a0 \u00a0B\u1ea3ng Th\u00e0nh Ph\u1ea7n<\/strong><\/p>\n<p>\u2756\u00a0\u00a0 \u00a0Th\u00e0nh ph\u1ea7n: B\u1ed9t t\u1ea3o xo\u1eafn Spirulina.<\/p>\n<p>\u2756\u00a0\u00a0 \u00a0H\u00e0m l\u01b0\u1ee3ng dinh d\u01b0\u1ee1ng c\u00f3 trong 40 vi\u00ean u\u1ed1ng (8 g):<\/p>\n<p>+ N\u0103ng l\u01b0\u1ee3ng: 21~31 kcal<\/p>\n<p>+ Ch\u1ea5t \u0111\u1ea1m: 4~6 g<\/p>\n<p>+ Ch\u1ea5t b\u00e9o: 0,5~1 g<\/p>\n<p>+ Carbohydrate: 1 g (Tinh b\u1ed9t: 0,3~0,4 g; Ch\u1ea5t x\u01a1: 0,5~0,8 g)<\/p>\n<p>+ Natri: 35~52 mg (Mu\u1ed1i t\u01b0\u01a1ng \u0111\u01b0\u01a1ng: 0,1 g)<\/p>\n<p>+ Canxi: 24~46 mg<\/p>\n<p>+ S\u1eaft: 5,7~10,6 mg<\/p>\n<p>+ Kali: 91~171 mg<\/p>\n<p>+ Magie: 19~35 mg<\/p>\n<p>+ K\u1ebdm: 0,3~0,6 mg<\/p>\n<p>+ \u0110\u1ed3ng: 0,04~0,1 mg<\/p>\n<p>+ Mangan: 0,3~0,6 mg<\/p>\n<p>+ Selen: 0,5~1 \u03bcg<\/p>\n<p>+ Ph\u1ed1t pho: 62~117 mg<\/p>\n<p>+ Vitamin B1: 0,2~0,5 mg<\/p>\n<p>+ Vitamin B2: 0,2~0,5 mg<\/p>\n<p>+ Vitamin B6: 0,1 mg<\/p>\n<p>+ Vitamin B12: 18,7~42 \u03bcg<\/p>\n<p>+ Vitamin E: 0,6~1,1 mg<\/p>\n<p>+ Niacin: 1~2 mg<\/p>\n<p>+ Axit folic: 14~31 \u03bcg<\/p>\n<p>+ Axit pantothenic: 0,1~0,2 mg<\/p>\n<p>+ Biotin: 2~5 \u03bcg<\/p>\n<p>+ Vitamin K: 100~187 \u03bcg<\/p>\n<p>+ \u03b2-carotene: 8960~13440 \u03bcg<\/p>\n<p>+ Axit nucleic (RNA): 182~274 mg<\/p>\n<p>+ Axit nucleic (DNA): 51~77 mg<\/p>\n<p>+ Inositol: 7~10 mg<\/p>\n<p>+ Axit \u03b3-linolenic: 87~131 mg<\/p>\n<p>+ Axit linoleic: 80~120 mg<\/p>\n<p>+ Phycocyanin: 528~792 mg<\/p>\n<p>+ Ch\u1ea5t di\u1ec7p l\u1ee5c a: 59~89 mg<\/p>\n<p>+ Zeaxanthin: 7~10 mg<\/p>\n<p><strong>VI.\u00a0\u00a0 \u00a0C\u00f4ng D\u1ee5ng<\/strong><\/p>\n<p>\u2756\u00a0\u00a0 \u00a0Cung c\u1ea5p ngu\u1ed3n dinh d\u01b0\u1ee1ng d\u1ed3i d\u00e0o, t\u1eeb \u0111\u00f3 t\u0103ng s\u1ee9c \u0111\u1ec1 kh\u00e1ng, c\u0169ng nh\u01b0 gi\u00fap c\u01a1 th\u1ec3 h\u1ed3i ph\u1ee5c sau khi b\u1ecb b\u1ec7nh, h\u1eadu ph\u1eabu thu\u1eadt.<\/p>\n<p>\u2756\u00a0\u00a0 \u00a0Gi\u1ea3m l\u01b0\u1ee3ng cholesterol x\u1ea5u v\u00e0 triglyceride, h\u1ea1n ch\u1ebf nguy c\u01a1 m\u1eafc b\u1ec7nh tim m\u1ea1ch, \u0111\u1ed9t qu\u1ef5.<\/p>\n<p>\u2756\u00a0\u00a0 \u00a0Ch\u1ed1ng oxy h\u00f3a v\u00e0 ch\u1ed1ng vi\u00eam nh\u1edd c\u00f3 ch\u1ee9a ch\u1ea5t Phycocyanin.<\/p>\n<p>\u2756\u00a0\u00a0 \u00a0Gi\u00fap thanh l\u1ecdc c\u01a1 th\u1ec3, h\u1ed7 tr\u1ee3 \u0111\u00e0o th\u1ea3i c\u00e1c \u0111\u1ed9c t\u1ed1, t\u1eeb \u0111\u00f3 \u1ed5n \u0111\u1ecbnh c\u00e2n n\u1eb7ng v\u00e0 c\u1ea3i thi\u1ec7n v\u00f3c d\u00e1ng, c\u0169ng nh\u01b0 g\u00f3p ph\u1ea7n gi\u1ea3m m\u1ee5n v\u00e0 l\u00e0m \u0111\u1eb9p da.<\/p>\n","protected":false},"excerpt":{"rendered":"<p>\u2756\u00a0\u00a0 \u00a0Ngu\u1ed3n g\u1ed1c s\u1ea3n ph\u1ea9m: H\u00e3ng Japan Algae &#8211; N\u1ed9i \u0111\u1ecba Nh\u1eadt B\u1ea3n<\/p>\n<p>\u2756\u00a0\u00a0 \u00a0Quy c\u00e1ch \u0111\u00f3ng g\u00f3i: T\u00fai 2400 vi\u00ean<\/p>\n","protected":false},"featured_media":203,"comment_status":"open","ping_status":"closed","template":"","meta":[],"product_brand":[],"product_cat":[21],"product_tag":[],"class_list":{"0":"post-202","1":"product","2":"type-product","3":"status-publish","4":"has-post-thumbnail","6":"product_cat-thuc-pham-chuc-nang","8":"first","9":"instock","10":"shipping-taxable","11":"purchasable","12":"product-type-simple"},"yoast_head":"<!-- This site is optimized with the Yoast SEO Premium plugin v22.3 (Yoast SEO v27.1.1) - https:\/\/yoast.com\/product\/yoast-seo-premium-wordpress\/ -->\n<title>T\u1ea3o Xo\u1eafn Spirulina Japan Algae T\u00fai 2400 Vi\u00ean - Ly Daily<\/title>\n<meta name=\"robots\" content=\"index, follow, max-snippet:-1, max-image-preview:large, max-video-preview:-1\" \/>\n<link rel=\"canonical\" href=\"https:\/\/lydaily.vn\/jp\/san-pham\/tao-xoan-spirulina-japan-algae-tui-2400-vien\/\" \/>\n<meta property=\"og:locale\" content=\"vi_VN\" \/>\n<meta property=\"og:type\" content=\"article\" \/>\n<meta property=\"og:title\" content=\"T\u1ea3o Xo\u1eafn Spirulina Japan Algae T\u00fai 2400 Vi\u00ean\" \/>\n<meta property=\"og:description\" content=\"\u2756\u00a0\u00a0 \u00a0Ngu\u1ed3n g\u1ed1c s\u1ea3n ph\u1ea9m: H\u00e3ng Japan Algae - N\u1ed9i \u0111\u1ecba Nh\u1eadt B\u1ea3n  \u2756\u00a0\u00a0 \u00a0Quy c\u00e1ch \u0111\u00f3ng g\u00f3i: T\u00fai 2400 vi\u00ean\" \/>\n<meta property=\"og:url\" content=\"https:\/\/lydaily.vn\/jp\/san-pham\/tao-xoan-spirulina-japan-algae-tui-2400-vien\/\" \/>\n<meta property=\"og:site_name\" content=\"Ly Daily\" \/>\n<meta property=\"article:modified_time\" content=\"2026-03-13T04:53:21+00:00\" \/>\n<meta property=\"og:image\" content=\"https:\/\/lydaily.vn\/jp\/wp-content\/uploads\/2026\/02\/tao-xoan-1.webp\" \/>\n\t<meta property=\"og:image:width\" content=\"1200\" \/>\n\t<meta property=\"og:image:height\" content=\"1200\" \/>\n\t<meta property=\"og:image:type\" content=\"image\/webp\" \/>\n<meta name=\"twitter:card\" content=\"summary_large_image\" \/>\n<meta name=\"twitter:label1\" content=\"\u01af\u1edbc t\u00ednh th\u1eddi gian \u0111\u1ecdc\" \/>\n\t<meta name=\"twitter:data1\" content=\"4 ph\u00fat\" \/>\n<script type=\"application\/ld+json\" class=\"yoast-schema-graph\">{\"@context\":\"https:\/\/schema.org\",\"@graph\":[{\"@type\":\"WebPage\",\"@id\":\"https:\/\/lydaily.vn\/jp\/san-pham\/tao-xoan-spirulina-japan-algae-tui-2400-vien\/\",\"url\":\"https:\/\/lydaily.vn\/jp\/san-pham\/tao-xoan-spirulina-japan-algae-tui-2400-vien\/\",\"name\":\"T\u1ea3o Xo\u1eafn Spirulina Japan Algae T\u00fai 2400 Vi\u00ean - Ly Daily\",\"isPartOf\":{\"@id\":\"https:\/\/lydaily.vn\/jp\/#website\"},\"primaryImageOfPage\":{\"@id\":\"https:\/\/lydaily.vn\/jp\/san-pham\/tao-xoan-spirulina-japan-algae-tui-2400-vien\/#primaryimage\"},\"image\":{\"@id\":\"https:\/\/lydaily.vn\/jp\/san-pham\/tao-xoan-spirulina-japan-algae-tui-2400-vien\/#primaryimage\"},\"thumbnailUrl\":\"https:\/\/lydaily.vn\/jp\/wp-content\/uploads\/2026\/02\/tao-xoan-1.webp\",\"datePublished\":\"2026-02-27T11:51:45+00:00\",\"dateModified\":\"2026-03-13T04:53:21+00:00\",\"breadcrumb\":{\"@id\":\"https:\/\/lydaily.vn\/jp\/san-pham\/tao-xoan-spirulina-japan-algae-tui-2400-vien\/#breadcrumb\"},\"inLanguage\":\"vi\",\"potentialAction\":[{\"@type\":\"ReadAction\",\"target\":[\"https:\/\/lydaily.vn\/jp\/san-pham\/tao-xoan-spirulina-japan-algae-tui-2400-vien\/\"]}]},{\"@type\":\"ImageObject\",\"inLanguage\":\"vi\",\"@id\":\"https:\/\/lydaily.vn\/jp\/san-pham\/tao-xoan-spirulina-japan-algae-tui-2400-vien\/#primaryimage\",\"url\":\"https:\/\/lydaily.vn\/jp\/wp-content\/uploads\/2026\/02\/tao-xoan-1.webp\",\"contentUrl\":\"https:\/\/lydaily.vn\/jp\/wp-content\/uploads\/2026\/02\/tao-xoan-1.webp\",\"width\":1200,\"height\":1200},{\"@type\":\"BreadcrumbList\",\"@id\":\"https:\/\/lydaily.vn\/jp\/san-pham\/tao-xoan-spirulina-japan-algae-tui-2400-vien\/#breadcrumb\",\"itemListElement\":[{\"@type\":\"ListItem\",\"position\":1,\"name\":\"Home\",\"item\":\"https:\/\/lydaily.vn\/jp\/\"},{\"@type\":\"ListItem\",\"position\":2,\"name\":\"S\u1ea3n ph\u1ea9m\",\"item\":\"https:\/\/lydaily.vn\/jp\/san-pham\/\"},{\"@type\":\"ListItem\",\"position\":3,\"name\":\"T\u1ea3o Xo\u1eafn Spirulina Japan Algae T\u00fai 2400 Vi\u00ean\"}]},{\"@type\":\"WebSite\",\"@id\":\"https:\/\/lydaily.vn\/jp\/#website\",\"url\":\"https:\/\/lydaily.vn\/jp\/\",\"name\":\"Ly Daily\",\"description\":\"Th\u1ef1c Ph\u1ea9m Ch\u1ee9c N\u0103ng &amp; M\u1ef9 Ph\u1ea9m t\u1ea1i Nh\u1eadt B\u1ea3n v\u00e0 Vi\u1ec7t Nam\",\"potentialAction\":[{\"@type\":\"SearchAction\",\"target\":{\"@type\":\"EntryPoint\",\"urlTemplate\":\"https:\/\/lydaily.vn\/jp\/?s={search_term_string}\"},\"query-input\":{\"@type\":\"PropertyValueSpecification\",\"valueRequired\":true,\"valueName\":\"search_term_string\"}}],\"inLanguage\":\"vi\"}]}<\/script>\n<!-- \/ Yoast SEO Premium plugin. -->","yoast_head_json":{"title":"T\u1ea3o Xo\u1eafn Spirulina Japan Algae T\u00fai 2400 Vi\u00ean - Ly Daily","robots":{"index":"index","follow":"follow","max-snippet":"max-snippet:-1","max-image-preview":"max-image-preview:large","max-video-preview":"max-video-preview:-1"},"canonical":"https:\/\/lydaily.vn\/jp\/san-pham\/tao-xoan-spirulina-japan-algae-tui-2400-vien\/","og_locale":"vi_VN","og_type":"article","og_title":"T\u1ea3o Xo\u1eafn Spirulina Japan Algae T\u00fai 2400 Vi\u00ean","og_description":"\u2756\u00a0\u00a0 \u00a0Ngu\u1ed3n g\u1ed1c s\u1ea3n ph\u1ea9m: H\u00e3ng Japan Algae - N\u1ed9i \u0111\u1ecba Nh\u1eadt B\u1ea3n  \u2756\u00a0\u00a0 \u00a0Quy c\u00e1ch \u0111\u00f3ng g\u00f3i: T\u00fai 2400 vi\u00ean","og_url":"https:\/\/lydaily.vn\/jp\/san-pham\/tao-xoan-spirulina-japan-algae-tui-2400-vien\/","og_site_name":"Ly Daily","article_modified_time":"2026-03-13T04:53:21+00:00","og_image":[{"width":1200,"height":1200,"url":"https:\/\/lydaily.vn\/jp\/wp-content\/uploads\/2026\/02\/tao-xoan-1.webp","type":"image\/webp"}],"twitter_card":"summary_large_image","twitter_misc":{"\u01af\u1edbc t\u00ednh th\u1eddi gian \u0111\u1ecdc":"4 ph\u00fat"},"schema":{"@context":"https:\/\/schema.org","@graph":[{"@type":"WebPage","@id":"https:\/\/lydaily.vn\/jp\/san-pham\/tao-xoan-spirulina-japan-algae-tui-2400-vien\/","url":"https:\/\/lydaily.vn\/jp\/san-pham\/tao-xoan-spirulina-japan-algae-tui-2400-vien\/","name":"T\u1ea3o Xo\u1eafn Spirulina Japan Algae T\u00fai 2400 Vi\u00ean - Ly Daily","isPartOf":{"@id":"https:\/\/lydaily.vn\/jp\/#website"},"primaryImageOfPage":{"@id":"https:\/\/lydaily.vn\/jp\/san-pham\/tao-xoan-spirulina-japan-algae-tui-2400-vien\/#primaryimage"},"image":{"@id":"https:\/\/lydaily.vn\/jp\/san-pham\/tao-xoan-spirulina-japan-algae-tui-2400-vien\/#primaryimage"},"thumbnailUrl":"https:\/\/lydaily.vn\/jp\/wp-content\/uploads\/2026\/02\/tao-xoan-1.webp","datePublished":"2026-02-27T11:51:45+00:00","dateModified":"2026-03-13T04:53:21+00:00","breadcrumb":{"@id":"https:\/\/lydaily.vn\/jp\/san-pham\/tao-xoan-spirulina-japan-algae-tui-2400-vien\/#breadcrumb"},"inLanguage":"vi","potentialAction":[{"@type":"ReadAction","target":["https:\/\/lydaily.vn\/jp\/san-pham\/tao-xoan-spirulina-japan-algae-tui-2400-vien\/"]}]},{"@type":"ImageObject","inLanguage":"vi","@id":"https:\/\/lydaily.vn\/jp\/san-pham\/tao-xoan-spirulina-japan-algae-tui-2400-vien\/#primaryimage","url":"https:\/\/lydaily.vn\/jp\/wp-content\/uploads\/2026\/02\/tao-xoan-1.webp","contentUrl":"https:\/\/lydaily.vn\/jp\/wp-content\/uploads\/2026\/02\/tao-xoan-1.webp","width":1200,"height":1200},{"@type":"BreadcrumbList","@id":"https:\/\/lydaily.vn\/jp\/san-pham\/tao-xoan-spirulina-japan-algae-tui-2400-vien\/#breadcrumb","itemListElement":[{"@type":"ListItem","position":1,"name":"Home","item":"https:\/\/lydaily.vn\/jp\/"},{"@type":"ListItem","position":2,"name":"S\u1ea3n ph\u1ea9m","item":"https:\/\/lydaily.vn\/jp\/san-pham\/"},{"@type":"ListItem","position":3,"name":"T\u1ea3o Xo\u1eafn Spirulina Japan Algae T\u00fai 2400 Vi\u00ean"}]},{"@type":"WebSite","@id":"https:\/\/lydaily.vn\/jp\/#website","url":"https:\/\/lydaily.vn\/jp\/","name":"Ly Daily","description":"Th\u1ef1c Ph\u1ea9m Ch\u1ee9c N\u0103ng &amp; M\u1ef9 Ph\u1ea9m t\u1ea1i Nh\u1eadt B\u1ea3n v\u00e0 Vi\u1ec7t Nam","potentialAction":[{"@type":"SearchAction","target":{"@type":"EntryPoint","urlTemplate":"https:\/\/lydaily.vn\/jp\/?s={search_term_string}"},"query-input":{"@type":"PropertyValueSpecification","valueRequired":true,"valueName":"search_term_string"}}],"inLanguage":"vi"}]}},"_links":{"self":[{"href":"https:\/\/lydaily.vn\/jp\/wp-json\/wp\/v2\/product\/202","targetHints":{"allow":["GET"]}}],"collection":[{"href":"https:\/\/lydaily.vn\/jp\/wp-json\/wp\/v2\/product"}],"about":[{"href":"https:\/\/lydaily.vn\/jp\/wp-json\/wp\/v2\/types\/product"}],"replies":[{"embeddable":true,"href":"https:\/\/lydaily.vn\/jp\/wp-json\/wp\/v2\/comments?post=202"}],"wp:featuredmedia":[{"embeddable":true,"href":"https:\/\/lydaily.vn\/jp\/wp-json\/wp\/v2\/media\/203"}],"wp:attachment":[{"href":"https:\/\/lydaily.vn\/jp\/wp-json\/wp\/v2\/media?parent=202"}],"wp:term":[{"taxonomy":"product_brand","embeddable":true,"href":"https:\/\/lydaily.vn\/jp\/wp-json\/wp\/v2\/product_brand?post=202"},{"taxonomy":"product_cat","embeddable":true,"href":"https:\/\/lydaily.vn\/jp\/wp-json\/wp\/v2\/product_cat?post=202"},{"taxonomy":"product_tag","embeddable":true,"href":"https:\/\/lydaily.vn\/jp\/wp-json\/wp\/v2\/product_tag?post=202"}],"curies":[{"name":"wp","href":"https:\/\/api.w.org\/{rel}","templated":true}]}}