{"id":200,"date":"2026-02-27T11:47:52","date_gmt":"2026-02-27T11:47:52","guid":{"rendered":"https:\/\/lydaily.qweb.com.vn\/?post_type=product&#038;p=200"},"modified":"2026-03-02T14:15:30","modified_gmt":"2026-03-02T14:15:30","slug":"tao-xoan-spirulina-nhat-hop-2200-vien-thuc-pham-chuc-nang-nhat-ban","status":"publish","type":"product","link":"https:\/\/lydaily.vn\/jp\/san-pham\/tao-xoan-spirulina-nhat-hop-2200-vien-thuc-pham-chuc-nang-nhat-ban\/","title":{"rendered":"T\u1ea3o xo\u1eafn Spirulina Nh\u1eadt h\u1ed9p 2200 vi\u00ean &#8211; Th\u1ef1c ph\u1ea9m ch\u1ee9c n\u0103ng Nh\u1eadt B\u1ea3n"},"content":{"rendered":"<h2><strong>T\u1ea3o Spirulina l\u00e0 g\u00ec?<\/strong><\/h2>\n<p><strong>T\u1ea3o Spirulina<\/strong>\u00a0(Spirulina platensis) l\u00e0 m\u1ed9t lo\u00e0i vi t\u1ea3o c\u00f3 d\u1ea1ng\u00a0<strong>xo\u1eafn<\/strong>\u00a0h\u00ecnh l\u00f2 so, m\u1ea7u xanh lam v\u1edbi k\u00edch th\u01b0\u1edbc ch\u1ec9 kho\u1ea3ng 0,25mm. Ch\u00fang s\u1ed1ng trong m\u00f4i tr\u01b0\u1eddng n\u01b0\u1edbc gi\u00e0u bicarbonat (HCO3) v\u00e0 \u0111\u1ed9 ki\u1ec1m cao (pH t\u1eeb 8,5-11).<\/p>\n<p>V\u00e0o nh\u1eefng n\u0103m cu\u1ed1i th\u1eadp k\u1ef7 t\u00e1m m\u01b0\u01a1i th\u1ebf k\u1ef7 20 \u2013 nhi\u1ec1u gi\u00e1 tr\u1ecb dinh d\u01b0\u1ee1ng v\u00e0 ch\u1ee9c n\u0103ng sinh h\u1ecdc c\u1ee7a t\u1ea3o Spirulina \u0111\u00e3 \u0111\u01b0\u1ee3c kh\u00e1m ph\u00e1 v\u00e0 c\u00f4ng b\u1ed1 r\u1ed9ng r\u00e3i \u1edf nhi\u1ec1u n\u01b0\u1edbc kh\u00e1c tr\u00ean th\u1ebf gi\u1edbi nh\u01b0 M\u1ef9, Nh\u1eadt, Canada, Mehico, \u0110\u00e0i Loan\u2026 H\u1ea7u h\u1ebft c\u00e1c nghi\u00ean c\u1ee9u \u0111\u1ec1u \u0111\u00e3 ch\u1ec9 ra r\u1eb1ng t\u1ea3o Spirulina r\u1ea5t gi\u00e0u protein (t\u1edbi 60-70% tr\u1ecdng l\u01b0\u1ee3ng kh\u00f4 c\u1ee7a t\u1ea3o) trong khi th\u1ecbt b\u00f2 lo\u1ea1i I ch\u1ec9 c\u00f3 21%, th\u1ecbt g\u00e0 ta 20,3%, th\u1ecbt l\u1ee3n n\u1ea1c 19%, th\u1ecbt ch\u00f3 s\u1ea5n 16%\u2026 Ch\u1ec9 s\u1ed1 h\u00f3a h\u1ecdc (chemical score \u2013 C.S) c\u1ee7a protein c\u1ee7a t\u1ea3o c\u0169ng r\u1ea5t cao trong \u0111\u00f3 c\u00e1c lo\u1ea1i acid amin ch\u1ee7 y\u1ebfu nh\u01b0 leucin, isoleucin, valin, lysin, methionin v\u00e0 tryptophan \u0111\u1ec1u c\u00f3 m\u1eb7t v\u1edbi t\u1ef7 l\u1ec7 v\u01b0\u1ee3t tr\u1ed9i so v\u1edbi chu\u1ea9n c\u1ee7a t\u1ed5 ch\u1ee9c l\u01b0\u01a1ng n\u00f4ng qu\u1ed1c t\u1ebf (F.A.O) quy \u0111\u1ecbnh. H\u1ec7 s\u1ed1 ti\u00eau h\u00f3a v\u00e0 h\u1ec7 s\u1ed1 s\u1eed d\u1ee5ng protein (net protein utilization \u2013 N.P.U) r\u1ea5t cao (80-85% protein c\u1ee7a t\u1ea3o \u0111\u01b0\u1ee3c h\u1ea5p thu sau 18 gi\u1edd).<\/p>\n<p>Trong 100g b\u1ed9t t\u1ea3o ch\u1ee9a t\u1edbi 1g (1%) acid gama linolenic (ti\u1ec1n th\u00e2n c\u1ee7a ch\u1ea5t prostaglandin, c\u00f3 t\u00e1c d\u1ee5ng c\u00f9ng v\u1edbi vitamin E ch\u1ed1ng v\u1eefa x\u01a1 \u0111\u1ed9ng m\u1ea1ch, \u0111i\u1ec1u h\u00f2a huy\u1ebft \u00e1p, b\u1ea3o v\u1ec7 gan v\u00e0 c\u00e1c t\u1ebf b\u00e0o th\u1ea7n kinh.<\/p>\n<p><strong>C\u00e1ch d\u00f9ng\u00a0T\u1ea3o bi\u1ec3n Nh\u1eadt Spirulina:<\/strong><br \/>\n&#8211; D\u00f9ng t\u1eeb 20 &#8211; 40 vi\u00ean chia l\u00e0m 2 &#8211; 3 l\u1ea7n m\u1ed7i ng\u00e0y theo ti\u00eau chu\u1ea9n c\u1ee7a ng\u01b0\u1eddi Nh\u1eadt.<br \/>\n&#8211; Tr\u1ebb em tr\u00ean 5 tu\u1ed5i c\u00f3 th\u1ec3 u\u1ed1ng t\u1eeb 10 &#8211; 20 vi\u00ean m\u1ed7i ng\u00e0y.<br \/>\n&#8211; Tr\u1ebb em d\u01b0\u1edbi 5 tu\u1ed5i 3 &#8211; 5 vi\u00ean m\u1ed7i ng\u00e0y.<br \/>\n&#8211; N\u00ean u\u1ed1ng th\u1eadt nhi\u1ec1u n\u01b0\u1edbc khi d\u00f9ng\u00a0<strong>T\u1ea3o bi\u1ec3n Nh\u1eadt Spirulin<\/strong><strong>a<\/strong>\u00a0\u0111\u1ec3 c\u00f3 k\u1ebft qu\u1ea3 t\u1ed1t h\u01a1n<br \/>\n&#8211; N\u1ebfu mu\u1ed1n gi\u1ea3m ho\u1eb7c gi\u1eef c\u00e2n n\u00ean u\u1ed1ng\u00a0<strong>T\u1ea3o bi\u1ec3n Nh\u1eadt Spirulina<\/strong>\u00a0tr\u01b0\u1edbc b\u1eefa \u0103n 30 ph\u00fat. B\u1ea1n mu\u1ed1n t\u0103ng c\u00e2n n\u00ean u\u1ed1ng sau b\u1eefa \u0103n.<\/p>\n","protected":false},"excerpt":{"rendered":"<div class=\"property\"><label>Th\u01b0\u01a1ng hi\u1ec7u:<\/label>Japan Algae Co.,Ltd<\/div>\n<div class=\"property\"><label>Xu\u1ea5t x\u1ee9:<\/label>Nh\u1eadt B\u1ea3n<\/div>\n<div class=\"property\"><label>Quy c\u00e1ch:<\/label>H\u1ed9p 2200 vi\u00ean<\/div>\n<div class=\"property\"><\/div>\n","protected":false},"featured_media":201,"comment_status":"open","ping_status":"closed","template":"","meta":[],"product_brand":[],"product_cat":[21],"product_tag":[],"class_list":{"0":"post-200","1":"product","2":"type-product","3":"status-publish","4":"has-post-thumbnail","6":"product_cat-thuc-pham-chuc-nang","8":"first","9":"instock","10":"shipping-taxable","11":"purchasable","12":"product-type-simple"},"yoast_head":"<!-- This site is optimized with the Yoast SEO Premium plugin v22.3 (Yoast SEO v27.1.1) - https:\/\/yoast.com\/product\/yoast-seo-premium-wordpress\/ -->\n<title>T\u1ea3o xo\u1eafn Spirulina Nh\u1eadt h\u1ed9p 2200 vi\u00ean - Th\u1ef1c ph\u1ea9m ch\u1ee9c n\u0103ng Nh\u1eadt B\u1ea3n - Ly Daily<\/title>\n<meta name=\"robots\" content=\"index, follow, max-snippet:-1, max-image-preview:large, max-video-preview:-1\" \/>\n<link rel=\"canonical\" href=\"https:\/\/lydaily.vn\/jp\/san-pham\/tao-xoan-spirulina-nhat-hop-2200-vien-thuc-pham-chuc-nang-nhat-ban\/\" \/>\n<meta property=\"og:locale\" content=\"vi_VN\" \/>\n<meta property=\"og:type\" content=\"article\" \/>\n<meta property=\"og:title\" content=\"T\u1ea3o xo\u1eafn Spirulina Nh\u1eadt h\u1ed9p 2200 vi\u00ean - Th\u1ef1c ph\u1ea9m ch\u1ee9c n\u0103ng Nh\u1eadt B\u1ea3n\" \/>\n<meta property=\"og:description\" content=\"Th\u01b0\u01a1ng hi\u1ec7u:Japan Algae Co.,Ltd Xu\u1ea5t x\u1ee9:Nh\u1eadt B\u1ea3n Quy c\u00e1ch:H\u1ed9p 2200 vi\u00ean\" \/>\n<meta property=\"og:url\" content=\"https:\/\/lydaily.vn\/jp\/san-pham\/tao-xoan-spirulina-nhat-hop-2200-vien-thuc-pham-chuc-nang-nhat-ban\/\" \/>\n<meta property=\"og:site_name\" content=\"Ly Daily\" \/>\n<meta property=\"article:modified_time\" content=\"2026-03-02T14:15:30+00:00\" \/>\n<meta property=\"og:image\" content=\"https:\/\/lydaily.vn\/jp\/wp-content\/uploads\/2026\/02\/tao-xoan.jpg\" \/>\n\t<meta property=\"og:image:width\" content=\"764\" \/>\n\t<meta property=\"og:image:height\" content=\"764\" \/>\n\t<meta property=\"og:image:type\" content=\"image\/jpeg\" \/>\n<meta name=\"twitter:card\" content=\"summary_large_image\" \/>\n<meta name=\"twitter:label1\" content=\"\u01af\u1edbc t\u00ednh th\u1eddi gian \u0111\u1ecdc\" \/>\n\t<meta name=\"twitter:data1\" content=\"3 ph\u00fat\" \/>\n<script type=\"application\/ld+json\" class=\"yoast-schema-graph\">{\"@context\":\"https:\/\/schema.org\",\"@graph\":[{\"@type\":\"WebPage\",\"@id\":\"https:\/\/lydaily.vn\/jp\/san-pham\/tao-xoan-spirulina-nhat-hop-2200-vien-thuc-pham-chuc-nang-nhat-ban\/\",\"url\":\"https:\/\/lydaily.vn\/jp\/san-pham\/tao-xoan-spirulina-nhat-hop-2200-vien-thuc-pham-chuc-nang-nhat-ban\/\",\"name\":\"T\u1ea3o xo\u1eafn Spirulina Nh\u1eadt h\u1ed9p 2200 vi\u00ean - Th\u1ef1c ph\u1ea9m ch\u1ee9c n\u0103ng Nh\u1eadt B\u1ea3n - Ly Daily\",\"isPartOf\":{\"@id\":\"https:\/\/lydaily.vn\/jp\/#website\"},\"primaryImageOfPage\":{\"@id\":\"https:\/\/lydaily.vn\/jp\/san-pham\/tao-xoan-spirulina-nhat-hop-2200-vien-thuc-pham-chuc-nang-nhat-ban\/#primaryimage\"},\"image\":{\"@id\":\"https:\/\/lydaily.vn\/jp\/san-pham\/tao-xoan-spirulina-nhat-hop-2200-vien-thuc-pham-chuc-nang-nhat-ban\/#primaryimage\"},\"thumbnailUrl\":\"https:\/\/lydaily.vn\/jp\/wp-content\/uploads\/2026\/02\/tao-xoan.jpg\",\"datePublished\":\"2026-02-27T11:47:52+00:00\",\"dateModified\":\"2026-03-02T14:15:30+00:00\",\"breadcrumb\":{\"@id\":\"https:\/\/lydaily.vn\/jp\/san-pham\/tao-xoan-spirulina-nhat-hop-2200-vien-thuc-pham-chuc-nang-nhat-ban\/#breadcrumb\"},\"inLanguage\":\"vi\",\"potentialAction\":[{\"@type\":\"ReadAction\",\"target\":[\"https:\/\/lydaily.vn\/jp\/san-pham\/tao-xoan-spirulina-nhat-hop-2200-vien-thuc-pham-chuc-nang-nhat-ban\/\"]}]},{\"@type\":\"ImageObject\",\"inLanguage\":\"vi\",\"@id\":\"https:\/\/lydaily.vn\/jp\/san-pham\/tao-xoan-spirulina-nhat-hop-2200-vien-thuc-pham-chuc-nang-nhat-ban\/#primaryimage\",\"url\":\"https:\/\/lydaily.vn\/jp\/wp-content\/uploads\/2026\/02\/tao-xoan.jpg\",\"contentUrl\":\"https:\/\/lydaily.vn\/jp\/wp-content\/uploads\/2026\/02\/tao-xoan.jpg\",\"width\":764,\"height\":764},{\"@type\":\"BreadcrumbList\",\"@id\":\"https:\/\/lydaily.vn\/jp\/san-pham\/tao-xoan-spirulina-nhat-hop-2200-vien-thuc-pham-chuc-nang-nhat-ban\/#breadcrumb\",\"itemListElement\":[{\"@type\":\"ListItem\",\"position\":1,\"name\":\"Home\",\"item\":\"https:\/\/lydaily.vn\/jp\/\"},{\"@type\":\"ListItem\",\"position\":2,\"name\":\"S\u1ea3n ph\u1ea9m\",\"item\":\"https:\/\/lydaily.vn\/jp\/san-pham\/\"},{\"@type\":\"ListItem\",\"position\":3,\"name\":\"T\u1ea3o xo\u1eafn Spirulina Nh\u1eadt h\u1ed9p 2200 vi\u00ean &#8211; Th\u1ef1c ph\u1ea9m ch\u1ee9c n\u0103ng Nh\u1eadt B\u1ea3n\"}]},{\"@type\":\"WebSite\",\"@id\":\"https:\/\/lydaily.vn\/jp\/#website\",\"url\":\"https:\/\/lydaily.vn\/jp\/\",\"name\":\"Ly Daily\",\"description\":\"Th\u1ef1c Ph\u1ea9m Ch\u1ee9c N\u0103ng &amp; M\u1ef9 Ph\u1ea9m t\u1ea1i Nh\u1eadt B\u1ea3n v\u00e0 Vi\u1ec7t Nam\",\"potentialAction\":[{\"@type\":\"SearchAction\",\"target\":{\"@type\":\"EntryPoint\",\"urlTemplate\":\"https:\/\/lydaily.vn\/jp\/?s={search_term_string}\"},\"query-input\":{\"@type\":\"PropertyValueSpecification\",\"valueRequired\":true,\"valueName\":\"search_term_string\"}}],\"inLanguage\":\"vi\"}]}<\/script>\n<!-- \/ Yoast SEO Premium plugin. -->","yoast_head_json":{"title":"T\u1ea3o xo\u1eafn Spirulina Nh\u1eadt h\u1ed9p 2200 vi\u00ean - Th\u1ef1c ph\u1ea9m ch\u1ee9c n\u0103ng Nh\u1eadt B\u1ea3n - Ly Daily","robots":{"index":"index","follow":"follow","max-snippet":"max-snippet:-1","max-image-preview":"max-image-preview:large","max-video-preview":"max-video-preview:-1"},"canonical":"https:\/\/lydaily.vn\/jp\/san-pham\/tao-xoan-spirulina-nhat-hop-2200-vien-thuc-pham-chuc-nang-nhat-ban\/","og_locale":"vi_VN","og_type":"article","og_title":"T\u1ea3o xo\u1eafn Spirulina Nh\u1eadt h\u1ed9p 2200 vi\u00ean - Th\u1ef1c ph\u1ea9m ch\u1ee9c n\u0103ng Nh\u1eadt B\u1ea3n","og_description":"Th\u01b0\u01a1ng hi\u1ec7u:Japan Algae Co.,Ltd Xu\u1ea5t x\u1ee9:Nh\u1eadt B\u1ea3n Quy c\u00e1ch:H\u1ed9p 2200 vi\u00ean","og_url":"https:\/\/lydaily.vn\/jp\/san-pham\/tao-xoan-spirulina-nhat-hop-2200-vien-thuc-pham-chuc-nang-nhat-ban\/","og_site_name":"Ly Daily","article_modified_time":"2026-03-02T14:15:30+00:00","og_image":[{"width":764,"height":764,"url":"https:\/\/lydaily.vn\/jp\/wp-content\/uploads\/2026\/02\/tao-xoan.jpg","type":"image\/jpeg"}],"twitter_card":"summary_large_image","twitter_misc":{"\u01af\u1edbc t\u00ednh th\u1eddi gian \u0111\u1ecdc":"3 ph\u00fat"},"schema":{"@context":"https:\/\/schema.org","@graph":[{"@type":"WebPage","@id":"https:\/\/lydaily.vn\/jp\/san-pham\/tao-xoan-spirulina-nhat-hop-2200-vien-thuc-pham-chuc-nang-nhat-ban\/","url":"https:\/\/lydaily.vn\/jp\/san-pham\/tao-xoan-spirulina-nhat-hop-2200-vien-thuc-pham-chuc-nang-nhat-ban\/","name":"T\u1ea3o xo\u1eafn Spirulina Nh\u1eadt h\u1ed9p 2200 vi\u00ean - Th\u1ef1c ph\u1ea9m ch\u1ee9c n\u0103ng Nh\u1eadt B\u1ea3n - Ly Daily","isPartOf":{"@id":"https:\/\/lydaily.vn\/jp\/#website"},"primaryImageOfPage":{"@id":"https:\/\/lydaily.vn\/jp\/san-pham\/tao-xoan-spirulina-nhat-hop-2200-vien-thuc-pham-chuc-nang-nhat-ban\/#primaryimage"},"image":{"@id":"https:\/\/lydaily.vn\/jp\/san-pham\/tao-xoan-spirulina-nhat-hop-2200-vien-thuc-pham-chuc-nang-nhat-ban\/#primaryimage"},"thumbnailUrl":"https:\/\/lydaily.vn\/jp\/wp-content\/uploads\/2026\/02\/tao-xoan.jpg","datePublished":"2026-02-27T11:47:52+00:00","dateModified":"2026-03-02T14:15:30+00:00","breadcrumb":{"@id":"https:\/\/lydaily.vn\/jp\/san-pham\/tao-xoan-spirulina-nhat-hop-2200-vien-thuc-pham-chuc-nang-nhat-ban\/#breadcrumb"},"inLanguage":"vi","potentialAction":[{"@type":"ReadAction","target":["https:\/\/lydaily.vn\/jp\/san-pham\/tao-xoan-spirulina-nhat-hop-2200-vien-thuc-pham-chuc-nang-nhat-ban\/"]}]},{"@type":"ImageObject","inLanguage":"vi","@id":"https:\/\/lydaily.vn\/jp\/san-pham\/tao-xoan-spirulina-nhat-hop-2200-vien-thuc-pham-chuc-nang-nhat-ban\/#primaryimage","url":"https:\/\/lydaily.vn\/jp\/wp-content\/uploads\/2026\/02\/tao-xoan.jpg","contentUrl":"https:\/\/lydaily.vn\/jp\/wp-content\/uploads\/2026\/02\/tao-xoan.jpg","width":764,"height":764},{"@type":"BreadcrumbList","@id":"https:\/\/lydaily.vn\/jp\/san-pham\/tao-xoan-spirulina-nhat-hop-2200-vien-thuc-pham-chuc-nang-nhat-ban\/#breadcrumb","itemListElement":[{"@type":"ListItem","position":1,"name":"Home","item":"https:\/\/lydaily.vn\/jp\/"},{"@type":"ListItem","position":2,"name":"S\u1ea3n ph\u1ea9m","item":"https:\/\/lydaily.vn\/jp\/san-pham\/"},{"@type":"ListItem","position":3,"name":"T\u1ea3o xo\u1eafn Spirulina Nh\u1eadt h\u1ed9p 2200 vi\u00ean &#8211; Th\u1ef1c ph\u1ea9m ch\u1ee9c n\u0103ng Nh\u1eadt B\u1ea3n"}]},{"@type":"WebSite","@id":"https:\/\/lydaily.vn\/jp\/#website","url":"https:\/\/lydaily.vn\/jp\/","name":"Ly Daily","description":"Th\u1ef1c Ph\u1ea9m Ch\u1ee9c N\u0103ng &amp; M\u1ef9 Ph\u1ea9m t\u1ea1i Nh\u1eadt B\u1ea3n v\u00e0 Vi\u1ec7t Nam","potentialAction":[{"@type":"SearchAction","target":{"@type":"EntryPoint","urlTemplate":"https:\/\/lydaily.vn\/jp\/?s={search_term_string}"},"query-input":{"@type":"PropertyValueSpecification","valueRequired":true,"valueName":"search_term_string"}}],"inLanguage":"vi"}]}},"_links":{"self":[{"href":"https:\/\/lydaily.vn\/jp\/wp-json\/wp\/v2\/product\/200","targetHints":{"allow":["GET"]}}],"collection":[{"href":"https:\/\/lydaily.vn\/jp\/wp-json\/wp\/v2\/product"}],"about":[{"href":"https:\/\/lydaily.vn\/jp\/wp-json\/wp\/v2\/types\/product"}],"replies":[{"embeddable":true,"href":"https:\/\/lydaily.vn\/jp\/wp-json\/wp\/v2\/comments?post=200"}],"wp:featuredmedia":[{"embeddable":true,"href":"https:\/\/lydaily.vn\/jp\/wp-json\/wp\/v2\/media\/201"}],"wp:attachment":[{"href":"https:\/\/lydaily.vn\/jp\/wp-json\/wp\/v2\/media?parent=200"}],"wp:term":[{"taxonomy":"product_brand","embeddable":true,"href":"https:\/\/lydaily.vn\/jp\/wp-json\/wp\/v2\/product_brand?post=200"},{"taxonomy":"product_cat","embeddable":true,"href":"https:\/\/lydaily.vn\/jp\/wp-json\/wp\/v2\/product_cat?post=200"},{"taxonomy":"product_tag","embeddable":true,"href":"https:\/\/lydaily.vn\/jp\/wp-json\/wp\/v2\/product_tag?post=200"}],"curies":[{"name":"wp","href":"https:\/\/api.w.org\/{rel}","templated":true}]}}