{"id":198,"date":"2026-02-27T11:44:59","date_gmt":"2026-02-27T11:44:59","guid":{"rendered":"https:\/\/lydaily.qweb.com.vn\/?post_type=product&#038;p=198"},"modified":"2026-03-13T04:50:46","modified_gmt":"2026-03-13T04:50:46","slug":"vien-uong-sun-vi-ca-map-orihiro-squalene-nhat-ban-dau-gan-ca-map-orihiro-nhat-ban","status":"publish","type":"product","link":"https:\/\/lydaily.vn\/jp\/san-pham\/vien-uong-sun-vi-ca-map-orihiro-squalene-nhat-ban-dau-gan-ca-map-orihiro-nhat-ban\/","title":{"rendered":"Vi\u00ean U\u1ed1ng S\u1ee5n Vi C\u00e1 M\u1eadp Orihiro Squalene Nh\u1eadt B\u1ea3n, D\u1ea7u Gan C\u00e1 M\u1eadp Orihiro Nh\u1eadt B\u1ea3n"},"content":{"rendered":"<p class=\"QN2lPu\">1. C\u00f4ng d\u1ee5ng c\u1ee7a s\u1ee5n c\u00e1 m\u1eadp Squalene Orihiro<\/p>\n<p class=\"QN2lPu\">&#8211; B\u1ed5 x\u01b0\u01a1ng kh\u1edbp, gi\u1ea3m c\u00e1c tri\u1ec7u ch\u1ee9ng vi\u00eam kh\u1edbp, \u0111au l\u01b0ng, gi\u1ea3m \u0111au tuy\u1ebfn ti\u1ec1n li\u1ec7t.<\/p>\n<p class=\"QN2lPu\">&#8211; B\u1ed5 n\u00e3o, c\u1ea3i thi\u1ec7n t\u00ecnh tr\u1ea1ng suy gi\u1ea3m tr\u00ed nh\u1edb, t\u0103ng kh\u1ea3 n\u0103ng t\u1eadp trung; gi\u1ea3m c\u00e1c t\u00ecnh tr\u1ea1ng r\u1ed1i lo\u1ea1n lo \u00e2u v\u00e0 r\u1ed1i lo\u1ea1n t\u00e2m th\u1ea7n.<\/p>\n<p class=\"QN2lPu\">&#8211; T\u1ed1t cho h\u1ec7 tim m\u1ea1ch, gi\u1ea3m cholesterol x\u1ea5u trong m\u00e1u, b\u1ea3o v\u1ec7 tim m\u1ea1ch, c\u1ea3i thi\u1ec7n t\u00ecnh tr\u1ea1ng cao huy\u1ebft \u00e1p, ng\u0103n ng\u1eeba \u0111\u1ed9t qu\u1ef5 v\u00e0 c\u00e1c b\u1ec7nh v\u1ec1 tim m\u1ea1ch.<\/p>\n<p class=\"QN2lPu\">&#8211; B\u1ea3o v\u1ec7 m\u1eaft, gi\u00fap cho \u0111\u00f4i m\u1eaft lu\u00f4n s\u00e1ng, kh\u1ecfe v\u00e0 \u0111\u1eb9p.<\/p>\n<p class=\"QN2lPu\">&#8211; Ng\u0103n ng\u1eeba qu\u00e1 tr\u00ecnh l\u00e3o h\u00f3a, mang \u0111\u1ebfn l\u00e0n da kh\u1ecfe v\u00e0 c\u0103ng b\u00f3ng.<\/p>\n<p class=\"QN2lPu\">&#8211; Ng\u0103n ng\u1eeba hi\u1ec7u qu\u1ea3 c\u00e1c nguy c\u01a1 ung th\u01b0 v\u00fa, da, ru\u1ed9t k\u1ebft v\u00e0 tuy\u1ebfn ti\u1ec1n li\u1ec7t.<\/p>\n<p class=\"QN2lPu\">2. Th\u00e0nh ph\u1ea7n c\u1ee7a s\u1ee5n c\u00e1 m\u1eadp Squalene Orihiro<\/p>\n<p class=\"QN2lPu\">D\u1ea7u gan c\u00e1 m\u1eadp nguy\u00ean ch\u1ea5t, glycerin, glucosamine s\u1ee5n vi c\u00e1 m\u1eadp, gelatin, canxi, collagen, protein, glycosaminoglycans.<\/p>\n<p class=\"QN2lPu\">3. H\u01b0\u1edbng d\u1eabn s\u1eed d\u1ee5ng s\u1ee5n c\u00e1 m\u1eadp Squalene Orihiro<\/p>\n<p class=\"QN2lPu\">&#8211; M\u1ed7i ng\u00e0y u\u1ed1ng 6 vi\u00ean, d\u00f9ng sau b\u1eefa \u0103n, c\u00f3 th\u1ec3 chia nh\u1ecf ra l\u00e0m 2 \u0111\u1ebfn 3 l\u1ea7n u\u1ed1ng.<\/p>\n<p class=\"QN2lPu\">&#8211; U\u1ed1ng vi\u00ean s\u1ee5n c\u00e1 m\u1eadp v\u1edbi n\u01b0\u1edbc \u1ea5m l\u00e0 t\u1ed1t nh\u1ea5t.<\/p>\n<p class=\"QN2lPu\">&#8211; Ph\u1ee5 n\u1eef c\u00f3 thai v\u00e0 cho con b\u00fa, tr\u1ebb em d\u01b0\u1edbi 18 tu\u1ed5i, \u0111\u1ed1i t\u01b0\u1ee3ng \u0111ang c\u00f3 v\u1ea5n \u0111\u1ec1 v\u1ec1 y t\u1ebf c\u1ea7n xin t\u01b0 v\u1ea5n c\u1ee7a b\u00e1c s\u0129 tr\u01b0\u1edbc khi d\u00f9ng s\u1ea3n ph\u1ea9m.<\/p>\n<p class=\"QN2lPu\">&#8211; Kh\u00f4ng t\u1ef1 \u00fd t\u0103ng li\u1ec1u l\u01b0\u1ee3ng c\u1ee7a TPCN s\u1ee5n c\u00e1 m\u1eadp Squalene Orihiro.<\/p>\n<p class=\"QN2lPu\">&#8211; B\u1ea3o qu\u1ea3n n\u01a1i kh\u00f4 r\u00e1o, tho\u00e1ng m\u00e1t, tr\u00e1nh \u00e1nh n\u1eafng tr\u1ef1c ti\u1ebfp v\u00e0 \u0111\u1ec3 xa t\u1ea7m tay tr\u1ebb em.<\/p>\n<p class=\"QN2lPu\">&#8211; S\u1ea3n ph\u1ea9m s\u1ee5n c\u00e1 m\u1eadp Squalene Orihiro kh\u00f4ng ph\u1ea3i l\u00e0 thu\u1ed1c, kh\u00f4ng c\u00f3 t\u00e1c d\u1ee5ng thay th\u1ebf thu\u1ed1c ch\u1eefa b\u1ec7nh.<\/p>\n<p class=\"QN2lPu\">\n","protected":false},"excerpt":{"rendered":"<p class=\"QN2lPu\">&#8211; H\u00e3ng s\u1ea3n xu\u1ea5t: Orihiro<\/p>\n<p class=\"QN2lPu\">&#8211; Xu\u1ea5t x\u1ee9: Nh\u1eadt B\u1ea3n<\/p>\n<p class=\"QN2lPu\">&#8211; Quy c\u00e1ch: D\u1ea1ng vi\u00ean, h\u1ed9p g\u1ed3m 360 vi\u00ean<\/p>\n<p class=\"QN2lPu\">&#8211; H\u1ea1n s\u1eed d\u1ee5ng: In tr\u00ean bao b\u00ec, 24 th\u00e1ng k\u1ec3 t\u1eeb ng\u00e0y s\u1ea3n xu\u1ea5t.<\/p>\n","protected":false},"featured_media":199,"comment_status":"open","ping_status":"closed","template":"","meta":[],"product_brand":[],"product_cat":[21],"product_tag":[],"class_list":{"0":"post-198","1":"product","2":"type-product","3":"status-publish","4":"has-post-thumbnail","6":"product_cat-thuc-pham-chuc-nang","8":"first","9":"instock","10":"shipping-taxable","11":"purchasable","12":"product-type-simple"},"yoast_head":"<!-- This site is optimized with the Yoast SEO Premium plugin v22.3 (Yoast SEO v27.1.1) - https:\/\/yoast.com\/product\/yoast-seo-premium-wordpress\/ -->\n<title>Vi\u00ean U\u1ed1ng S\u1ee5n Vi C\u00e1 M\u1eadp Orihiro Squalene Nh\u1eadt B\u1ea3n, D\u1ea7u Gan C\u00e1 M\u1eadp Orihiro Nh\u1eadt B\u1ea3n - Ly Daily<\/title>\n<meta name=\"robots\" content=\"index, follow, max-snippet:-1, max-image-preview:large, max-video-preview:-1\" \/>\n<link rel=\"canonical\" href=\"https:\/\/lydaily.vn\/jp\/san-pham\/vien-uong-sun-vi-ca-map-orihiro-squalene-nhat-ban-dau-gan-ca-map-orihiro-nhat-ban\/\" \/>\n<meta property=\"og:locale\" content=\"vi_VN\" \/>\n<meta property=\"og:type\" content=\"article\" \/>\n<meta property=\"og:title\" content=\"Vi\u00ean U\u1ed1ng S\u1ee5n Vi C\u00e1 M\u1eadp Orihiro Squalene Nh\u1eadt B\u1ea3n, D\u1ea7u Gan C\u00e1 M\u1eadp Orihiro Nh\u1eadt B\u1ea3n\" \/>\n<meta property=\"og:description\" content=\"- H\u00e3ng s\u1ea3n xu\u1ea5t: Orihiro - Xu\u1ea5t x\u1ee9: Nh\u1eadt B\u1ea3n - Quy c\u00e1ch: D\u1ea1ng vi\u00ean, h\u1ed9p g\u1ed3m 360 vi\u00ean - H\u1ea1n s\u1eed d\u1ee5ng: In tr\u00ean bao b\u00ec, 24 th\u00e1ng k\u1ec3 t\u1eeb ng\u00e0y s\u1ea3n xu\u1ea5t.\" \/>\n<meta property=\"og:url\" content=\"https:\/\/lydaily.vn\/jp\/san-pham\/vien-uong-sun-vi-ca-map-orihiro-squalene-nhat-ban-dau-gan-ca-map-orihiro-nhat-ban\/\" \/>\n<meta property=\"og:site_name\" content=\"Ly Daily\" \/>\n<meta property=\"article:modified_time\" content=\"2026-03-13T04:50:46+00:00\" \/>\n<meta property=\"og:image\" content=\"https:\/\/lydaily.vn\/jp\/wp-content\/uploads\/2026\/02\/Vien-Uong-Sun-Vi-Ca-Map-Orihiro-Squalene-Nhat-Ban-Dau-Gan-Ca-Map-Orihiro-Nhat-Ban-1.jpg\" \/>\n\t<meta property=\"og:image:width\" content=\"225\" \/>\n\t<meta property=\"og:image:height\" content=\"225\" \/>\n\t<meta property=\"og:image:type\" content=\"image\/jpeg\" \/>\n<meta name=\"twitter:card\" content=\"summary_large_image\" \/>\n<meta name=\"twitter:label1\" content=\"\u01af\u1edbc t\u00ednh th\u1eddi gian \u0111\u1ecdc\" \/>\n\t<meta name=\"twitter:data1\" content=\"2 ph\u00fat\" \/>\n<script type=\"application\/ld+json\" class=\"yoast-schema-graph\">{\"@context\":\"https:\/\/schema.org\",\"@graph\":[{\"@type\":\"WebPage\",\"@id\":\"https:\/\/lydaily.vn\/jp\/san-pham\/vien-uong-sun-vi-ca-map-orihiro-squalene-nhat-ban-dau-gan-ca-map-orihiro-nhat-ban\/\",\"url\":\"https:\/\/lydaily.vn\/jp\/san-pham\/vien-uong-sun-vi-ca-map-orihiro-squalene-nhat-ban-dau-gan-ca-map-orihiro-nhat-ban\/\",\"name\":\"Vi\u00ean U\u1ed1ng S\u1ee5n Vi C\u00e1 M\u1eadp Orihiro Squalene Nh\u1eadt B\u1ea3n, D\u1ea7u Gan C\u00e1 M\u1eadp Orihiro Nh\u1eadt B\u1ea3n - Ly Daily\",\"isPartOf\":{\"@id\":\"https:\/\/lydaily.vn\/jp\/#website\"},\"primaryImageOfPage\":{\"@id\":\"https:\/\/lydaily.vn\/jp\/san-pham\/vien-uong-sun-vi-ca-map-orihiro-squalene-nhat-ban-dau-gan-ca-map-orihiro-nhat-ban\/#primaryimage\"},\"image\":{\"@id\":\"https:\/\/lydaily.vn\/jp\/san-pham\/vien-uong-sun-vi-ca-map-orihiro-squalene-nhat-ban-dau-gan-ca-map-orihiro-nhat-ban\/#primaryimage\"},\"thumbnailUrl\":\"https:\/\/lydaily.vn\/jp\/wp-content\/uploads\/2026\/02\/Vien-Uong-Sun-Vi-Ca-Map-Orihiro-Squalene-Nhat-Ban-Dau-Gan-Ca-Map-Orihiro-Nhat-Ban-1.jpg\",\"datePublished\":\"2026-02-27T11:44:59+00:00\",\"dateModified\":\"2026-03-13T04:50:46+00:00\",\"breadcrumb\":{\"@id\":\"https:\/\/lydaily.vn\/jp\/san-pham\/vien-uong-sun-vi-ca-map-orihiro-squalene-nhat-ban-dau-gan-ca-map-orihiro-nhat-ban\/#breadcrumb\"},\"inLanguage\":\"vi\",\"potentialAction\":[{\"@type\":\"ReadAction\",\"target\":[\"https:\/\/lydaily.vn\/jp\/san-pham\/vien-uong-sun-vi-ca-map-orihiro-squalene-nhat-ban-dau-gan-ca-map-orihiro-nhat-ban\/\"]}]},{\"@type\":\"ImageObject\",\"inLanguage\":\"vi\",\"@id\":\"https:\/\/lydaily.vn\/jp\/san-pham\/vien-uong-sun-vi-ca-map-orihiro-squalene-nhat-ban-dau-gan-ca-map-orihiro-nhat-ban\/#primaryimage\",\"url\":\"https:\/\/lydaily.vn\/jp\/wp-content\/uploads\/2026\/02\/Vien-Uong-Sun-Vi-Ca-Map-Orihiro-Squalene-Nhat-Ban-Dau-Gan-Ca-Map-Orihiro-Nhat-Ban-1.jpg\",\"contentUrl\":\"https:\/\/lydaily.vn\/jp\/wp-content\/uploads\/2026\/02\/Vien-Uong-Sun-Vi-Ca-Map-Orihiro-Squalene-Nhat-Ban-Dau-Gan-Ca-Map-Orihiro-Nhat-Ban-1.jpg\",\"width\":225,\"height\":225},{\"@type\":\"BreadcrumbList\",\"@id\":\"https:\/\/lydaily.vn\/jp\/san-pham\/vien-uong-sun-vi-ca-map-orihiro-squalene-nhat-ban-dau-gan-ca-map-orihiro-nhat-ban\/#breadcrumb\",\"itemListElement\":[{\"@type\":\"ListItem\",\"position\":1,\"name\":\"Home\",\"item\":\"https:\/\/lydaily.vn\/jp\/\"},{\"@type\":\"ListItem\",\"position\":2,\"name\":\"S\u1ea3n ph\u1ea9m\",\"item\":\"https:\/\/lydaily.vn\/jp\/san-pham\/\"},{\"@type\":\"ListItem\",\"position\":3,\"name\":\"Vi\u00ean U\u1ed1ng S\u1ee5n Vi C\u00e1 M\u1eadp Orihiro Squalene Nh\u1eadt B\u1ea3n, D\u1ea7u Gan C\u00e1 M\u1eadp Orihiro Nh\u1eadt B\u1ea3n\"}]},{\"@type\":\"WebSite\",\"@id\":\"https:\/\/lydaily.vn\/jp\/#website\",\"url\":\"https:\/\/lydaily.vn\/jp\/\",\"name\":\"Ly Daily\",\"description\":\"Th\u1ef1c Ph\u1ea9m Ch\u1ee9c N\u0103ng &amp; M\u1ef9 Ph\u1ea9m t\u1ea1i Nh\u1eadt B\u1ea3n v\u00e0 Vi\u1ec7t Nam\",\"potentialAction\":[{\"@type\":\"SearchAction\",\"target\":{\"@type\":\"EntryPoint\",\"urlTemplate\":\"https:\/\/lydaily.vn\/jp\/?s={search_term_string}\"},\"query-input\":{\"@type\":\"PropertyValueSpecification\",\"valueRequired\":true,\"valueName\":\"search_term_string\"}}],\"inLanguage\":\"vi\"}]}<\/script>\n<!-- \/ Yoast SEO Premium plugin. -->","yoast_head_json":{"title":"Vi\u00ean U\u1ed1ng S\u1ee5n Vi C\u00e1 M\u1eadp Orihiro Squalene Nh\u1eadt B\u1ea3n, D\u1ea7u Gan C\u00e1 M\u1eadp Orihiro Nh\u1eadt B\u1ea3n - Ly Daily","robots":{"index":"index","follow":"follow","max-snippet":"max-snippet:-1","max-image-preview":"max-image-preview:large","max-video-preview":"max-video-preview:-1"},"canonical":"https:\/\/lydaily.vn\/jp\/san-pham\/vien-uong-sun-vi-ca-map-orihiro-squalene-nhat-ban-dau-gan-ca-map-orihiro-nhat-ban\/","og_locale":"vi_VN","og_type":"article","og_title":"Vi\u00ean U\u1ed1ng S\u1ee5n Vi C\u00e1 M\u1eadp Orihiro Squalene Nh\u1eadt B\u1ea3n, D\u1ea7u Gan C\u00e1 M\u1eadp Orihiro Nh\u1eadt B\u1ea3n","og_description":"- H\u00e3ng s\u1ea3n xu\u1ea5t: Orihiro - Xu\u1ea5t x\u1ee9: Nh\u1eadt B\u1ea3n - Quy c\u00e1ch: D\u1ea1ng vi\u00ean, h\u1ed9p g\u1ed3m 360 vi\u00ean - H\u1ea1n s\u1eed d\u1ee5ng: In tr\u00ean bao b\u00ec, 24 th\u00e1ng k\u1ec3 t\u1eeb ng\u00e0y s\u1ea3n xu\u1ea5t.","og_url":"https:\/\/lydaily.vn\/jp\/san-pham\/vien-uong-sun-vi-ca-map-orihiro-squalene-nhat-ban-dau-gan-ca-map-orihiro-nhat-ban\/","og_site_name":"Ly Daily","article_modified_time":"2026-03-13T04:50:46+00:00","og_image":[{"width":225,"height":225,"url":"https:\/\/lydaily.vn\/jp\/wp-content\/uploads\/2026\/02\/Vien-Uong-Sun-Vi-Ca-Map-Orihiro-Squalene-Nhat-Ban-Dau-Gan-Ca-Map-Orihiro-Nhat-Ban-1.jpg","type":"image\/jpeg"}],"twitter_card":"summary_large_image","twitter_misc":{"\u01af\u1edbc t\u00ednh th\u1eddi gian \u0111\u1ecdc":"2 ph\u00fat"},"schema":{"@context":"https:\/\/schema.org","@graph":[{"@type":"WebPage","@id":"https:\/\/lydaily.vn\/jp\/san-pham\/vien-uong-sun-vi-ca-map-orihiro-squalene-nhat-ban-dau-gan-ca-map-orihiro-nhat-ban\/","url":"https:\/\/lydaily.vn\/jp\/san-pham\/vien-uong-sun-vi-ca-map-orihiro-squalene-nhat-ban-dau-gan-ca-map-orihiro-nhat-ban\/","name":"Vi\u00ean U\u1ed1ng S\u1ee5n Vi C\u00e1 M\u1eadp Orihiro Squalene Nh\u1eadt B\u1ea3n, D\u1ea7u Gan C\u00e1 M\u1eadp Orihiro Nh\u1eadt B\u1ea3n - Ly Daily","isPartOf":{"@id":"https:\/\/lydaily.vn\/jp\/#website"},"primaryImageOfPage":{"@id":"https:\/\/lydaily.vn\/jp\/san-pham\/vien-uong-sun-vi-ca-map-orihiro-squalene-nhat-ban-dau-gan-ca-map-orihiro-nhat-ban\/#primaryimage"},"image":{"@id":"https:\/\/lydaily.vn\/jp\/san-pham\/vien-uong-sun-vi-ca-map-orihiro-squalene-nhat-ban-dau-gan-ca-map-orihiro-nhat-ban\/#primaryimage"},"thumbnailUrl":"https:\/\/lydaily.vn\/jp\/wp-content\/uploads\/2026\/02\/Vien-Uong-Sun-Vi-Ca-Map-Orihiro-Squalene-Nhat-Ban-Dau-Gan-Ca-Map-Orihiro-Nhat-Ban-1.jpg","datePublished":"2026-02-27T11:44:59+00:00","dateModified":"2026-03-13T04:50:46+00:00","breadcrumb":{"@id":"https:\/\/lydaily.vn\/jp\/san-pham\/vien-uong-sun-vi-ca-map-orihiro-squalene-nhat-ban-dau-gan-ca-map-orihiro-nhat-ban\/#breadcrumb"},"inLanguage":"vi","potentialAction":[{"@type":"ReadAction","target":["https:\/\/lydaily.vn\/jp\/san-pham\/vien-uong-sun-vi-ca-map-orihiro-squalene-nhat-ban-dau-gan-ca-map-orihiro-nhat-ban\/"]}]},{"@type":"ImageObject","inLanguage":"vi","@id":"https:\/\/lydaily.vn\/jp\/san-pham\/vien-uong-sun-vi-ca-map-orihiro-squalene-nhat-ban-dau-gan-ca-map-orihiro-nhat-ban\/#primaryimage","url":"https:\/\/lydaily.vn\/jp\/wp-content\/uploads\/2026\/02\/Vien-Uong-Sun-Vi-Ca-Map-Orihiro-Squalene-Nhat-Ban-Dau-Gan-Ca-Map-Orihiro-Nhat-Ban-1.jpg","contentUrl":"https:\/\/lydaily.vn\/jp\/wp-content\/uploads\/2026\/02\/Vien-Uong-Sun-Vi-Ca-Map-Orihiro-Squalene-Nhat-Ban-Dau-Gan-Ca-Map-Orihiro-Nhat-Ban-1.jpg","width":225,"height":225},{"@type":"BreadcrumbList","@id":"https:\/\/lydaily.vn\/jp\/san-pham\/vien-uong-sun-vi-ca-map-orihiro-squalene-nhat-ban-dau-gan-ca-map-orihiro-nhat-ban\/#breadcrumb","itemListElement":[{"@type":"ListItem","position":1,"name":"Home","item":"https:\/\/lydaily.vn\/jp\/"},{"@type":"ListItem","position":2,"name":"S\u1ea3n ph\u1ea9m","item":"https:\/\/lydaily.vn\/jp\/san-pham\/"},{"@type":"ListItem","position":3,"name":"Vi\u00ean U\u1ed1ng S\u1ee5n Vi C\u00e1 M\u1eadp Orihiro Squalene Nh\u1eadt B\u1ea3n, D\u1ea7u Gan C\u00e1 M\u1eadp Orihiro Nh\u1eadt B\u1ea3n"}]},{"@type":"WebSite","@id":"https:\/\/lydaily.vn\/jp\/#website","url":"https:\/\/lydaily.vn\/jp\/","name":"Ly Daily","description":"Th\u1ef1c Ph\u1ea9m Ch\u1ee9c N\u0103ng &amp; M\u1ef9 Ph\u1ea9m t\u1ea1i Nh\u1eadt B\u1ea3n v\u00e0 Vi\u1ec7t Nam","potentialAction":[{"@type":"SearchAction","target":{"@type":"EntryPoint","urlTemplate":"https:\/\/lydaily.vn\/jp\/?s={search_term_string}"},"query-input":{"@type":"PropertyValueSpecification","valueRequired":true,"valueName":"search_term_string"}}],"inLanguage":"vi"}]}},"_links":{"self":[{"href":"https:\/\/lydaily.vn\/jp\/wp-json\/wp\/v2\/product\/198","targetHints":{"allow":["GET"]}}],"collection":[{"href":"https:\/\/lydaily.vn\/jp\/wp-json\/wp\/v2\/product"}],"about":[{"href":"https:\/\/lydaily.vn\/jp\/wp-json\/wp\/v2\/types\/product"}],"replies":[{"embeddable":true,"href":"https:\/\/lydaily.vn\/jp\/wp-json\/wp\/v2\/comments?post=198"}],"wp:featuredmedia":[{"embeddable":true,"href":"https:\/\/lydaily.vn\/jp\/wp-json\/wp\/v2\/media\/199"}],"wp:attachment":[{"href":"https:\/\/lydaily.vn\/jp\/wp-json\/wp\/v2\/media?parent=198"}],"wp:term":[{"taxonomy":"product_brand","embeddable":true,"href":"https:\/\/lydaily.vn\/jp\/wp-json\/wp\/v2\/product_brand?post=198"},{"taxonomy":"product_cat","embeddable":true,"href":"https:\/\/lydaily.vn\/jp\/wp-json\/wp\/v2\/product_cat?post=198"},{"taxonomy":"product_tag","embeddable":true,"href":"https:\/\/lydaily.vn\/jp\/wp-json\/wp\/v2\/product_tag?post=198"}],"curies":[{"name":"wp","href":"https:\/\/api.w.org\/{rel}","templated":true}]}}