{"id":196,"date":"2026-02-27T11:38:08","date_gmt":"2026-02-27T11:38:08","guid":{"rendered":"https:\/\/lydaily.qweb.com.vn\/?post_type=product&#038;p=196"},"modified":"2026-03-13T04:46:39","modified_gmt":"2026-03-13T04:46:39","slug":"vien-uong-ho-tro-dieu-tri-tai-bien-orihiro-nattokinase-2000fu-60-vien-nhap-khau-chinh-hang","status":"publish","type":"product","link":"https:\/\/lydaily.vn\/jp\/san-pham\/vien-uong-ho-tro-dieu-tri-tai-bien-orihiro-nattokinase-2000fu-60-vien-nhap-khau-chinh-hang\/","title":{"rendered":"Vi\u00ean u\u1ed1ng h\u1ed7 tr\u1ee3 \u0111i\u1ec1u tr\u1ecb tai bi\u1ebfn Orihiro Nattokinase 2000FU 60 vi\u00ean, nh\u1eadp kh\u1ea9u ch\u00ednh h\u00e3ng"},"content":{"rendered":"","protected":false},"excerpt":{"rendered":"<p>Orihiro Nattokinase, m\u1ed9t s\u1ea3n ph\u1ea9m t\u1eeb Nh\u1eadt B\u1ea3n ch\u1ee9a ho\u1ea1t ch\u1ea5t nattokinase. Nattokinase c\u00f3 t\u00e1c d\u1ee5ng gi\u1ea3m c\u1ee5c m\u00e1u \u0111\u00f4ng, h\u1ed7 tr\u1ee3 l\u01b0u th\u00f4ng m\u00e1u v\u00e0 gi\u1ea3m nguy c\u01a1 \u0111\u1ed9t qu\u1ef5, tai bi\u1ebfn m\u1ea1ch m\u00e1u n\u00e3o. S\u1ea3n ph\u1ea9m c\u0169ng gi\u00fap ng\u0103n ng\u1eeba h\u00ecnh th\u00e0nh c\u1ee5c m\u00e1u \u0111\u00f4ng v\u00e0 m\u1ea3ng x\u01a1 v\u1eefa \u0111\u1ed9ng m\u1ea1ch, b\u1ea3o v\u1ec7 n\u00e3o b\u1ed9 v\u00e0 t\u0103ng kh\u1ea3 n\u0103ng ph\u1ee5c h\u1ed3i sau \u0111\u1ed9t qu\u1ef5.<\/p>\n","protected":false},"featured_media":197,"comment_status":"open","ping_status":"closed","template":"","meta":[],"product_brand":[],"product_cat":[21],"product_tag":[],"class_list":{"0":"post-196","1":"product","2":"type-product","3":"status-publish","4":"has-post-thumbnail","6":"product_cat-thuc-pham-chuc-nang","8":"first","9":"instock","10":"shipping-taxable","11":"purchasable","12":"product-type-simple"},"yoast_head":"<!-- This site is optimized with the Yoast SEO Premium plugin v22.3 (Yoast SEO v27.1.1) - https:\/\/yoast.com\/product\/yoast-seo-premium-wordpress\/ -->\n<title>Vi\u00ean u\u1ed1ng h\u1ed7 tr\u1ee3 \u0111i\u1ec1u tr\u1ecb tai bi\u1ebfn Orihiro Nattokinase 2000FU 60 vi\u00ean, nh\u1eadp kh\u1ea9u ch\u00ednh h\u00e3ng - Ly Daily<\/title>\n<meta name=\"robots\" content=\"index, follow, max-snippet:-1, max-image-preview:large, max-video-preview:-1\" \/>\n<link rel=\"canonical\" href=\"https:\/\/lydaily.vn\/jp\/san-pham\/vien-uong-ho-tro-dieu-tri-tai-bien-orihiro-nattokinase-2000fu-60-vien-nhap-khau-chinh-hang\/\" \/>\n<meta property=\"og:locale\" content=\"vi_VN\" \/>\n<meta property=\"og:type\" content=\"article\" \/>\n<meta property=\"og:title\" content=\"Vi\u00ean u\u1ed1ng h\u1ed7 tr\u1ee3 \u0111i\u1ec1u tr\u1ecb tai bi\u1ebfn Orihiro Nattokinase 2000FU 60 vi\u00ean, nh\u1eadp kh\u1ea9u ch\u00ednh h\u00e3ng\" \/>\n<meta property=\"og:description\" content=\"Orihiro Nattokinase, m\u1ed9t s\u1ea3n ph\u1ea9m t\u1eeb Nh\u1eadt B\u1ea3n ch\u1ee9a ho\u1ea1t ch\u1ea5t nattokinase. Nattokinase c\u00f3 t\u00e1c d\u1ee5ng gi\u1ea3m c\u1ee5c m\u00e1u \u0111\u00f4ng, h\u1ed7 tr\u1ee3 l\u01b0u th\u00f4ng m\u00e1u v\u00e0 gi\u1ea3m nguy c\u01a1 \u0111\u1ed9t qu\u1ef5, tai bi\u1ebfn m\u1ea1ch m\u00e1u n\u00e3o. S\u1ea3n ph\u1ea9m c\u0169ng gi\u00fap ng\u0103n ng\u1eeba h\u00ecnh th\u00e0nh c\u1ee5c m\u00e1u \u0111\u00f4ng v\u00e0 m\u1ea3ng x\u01a1 v\u1eefa \u0111\u1ed9ng m\u1ea1ch, b\u1ea3o v\u1ec7 n\u00e3o b\u1ed9 v\u00e0 t\u0103ng kh\u1ea3 n\u0103ng ph\u1ee5c h\u1ed3i sau \u0111\u1ed9t qu\u1ef5.\" \/>\n<meta property=\"og:url\" content=\"https:\/\/lydaily.vn\/jp\/san-pham\/vien-uong-ho-tro-dieu-tri-tai-bien-orihiro-nattokinase-2000fu-60-vien-nhap-khau-chinh-hang\/\" \/>\n<meta property=\"og:site_name\" content=\"Ly Daily\" \/>\n<meta property=\"article:modified_time\" content=\"2026-03-13T04:46:39+00:00\" \/>\n<meta property=\"og:image\" content=\"https:\/\/lydaily.vn\/jp\/wp-content\/uploads\/2026\/02\/Vien-uong-ho-tro-dieu-tri-tai-bien-Orihiro-Nattokinase-2000FU-60-vien-nhap-khau-chinh-hang.jpg\" \/>\n\t<meta property=\"og:image:width\" content=\"600\" \/>\n\t<meta property=\"og:image:height\" content=\"600\" \/>\n\t<meta property=\"og:image:type\" content=\"image\/jpeg\" \/>\n<meta name=\"twitter:card\" content=\"summary_large_image\" \/>\n<meta name=\"twitter:label1\" content=\"\u01af\u1edbc t\u00ednh th\u1eddi gian \u0111\u1ecdc\" \/>\n\t<meta name=\"twitter:data1\" content=\"1 ph\u00fat\" \/>\n<script type=\"application\/ld+json\" class=\"yoast-schema-graph\">{\"@context\":\"https:\/\/schema.org\",\"@graph\":[{\"@type\":\"WebPage\",\"@id\":\"https:\/\/lydaily.vn\/jp\/san-pham\/vien-uong-ho-tro-dieu-tri-tai-bien-orihiro-nattokinase-2000fu-60-vien-nhap-khau-chinh-hang\/\",\"url\":\"https:\/\/lydaily.vn\/jp\/san-pham\/vien-uong-ho-tro-dieu-tri-tai-bien-orihiro-nattokinase-2000fu-60-vien-nhap-khau-chinh-hang\/\",\"name\":\"Vi\u00ean u\u1ed1ng h\u1ed7 tr\u1ee3 \u0111i\u1ec1u tr\u1ecb tai bi\u1ebfn Orihiro Nattokinase 2000FU 60 vi\u00ean, nh\u1eadp kh\u1ea9u ch\u00ednh h\u00e3ng - Ly Daily\",\"isPartOf\":{\"@id\":\"https:\/\/lydaily.vn\/jp\/#website\"},\"primaryImageOfPage\":{\"@id\":\"https:\/\/lydaily.vn\/jp\/san-pham\/vien-uong-ho-tro-dieu-tri-tai-bien-orihiro-nattokinase-2000fu-60-vien-nhap-khau-chinh-hang\/#primaryimage\"},\"image\":{\"@id\":\"https:\/\/lydaily.vn\/jp\/san-pham\/vien-uong-ho-tro-dieu-tri-tai-bien-orihiro-nattokinase-2000fu-60-vien-nhap-khau-chinh-hang\/#primaryimage\"},\"thumbnailUrl\":\"https:\/\/lydaily.vn\/jp\/wp-content\/uploads\/2026\/02\/Vien-uong-ho-tro-dieu-tri-tai-bien-Orihiro-Nattokinase-2000FU-60-vien-nhap-khau-chinh-hang.jpg\",\"datePublished\":\"2026-02-27T11:38:08+00:00\",\"dateModified\":\"2026-03-13T04:46:39+00:00\",\"breadcrumb\":{\"@id\":\"https:\/\/lydaily.vn\/jp\/san-pham\/vien-uong-ho-tro-dieu-tri-tai-bien-orihiro-nattokinase-2000fu-60-vien-nhap-khau-chinh-hang\/#breadcrumb\"},\"inLanguage\":\"vi\",\"potentialAction\":[{\"@type\":\"ReadAction\",\"target\":[\"https:\/\/lydaily.vn\/jp\/san-pham\/vien-uong-ho-tro-dieu-tri-tai-bien-orihiro-nattokinase-2000fu-60-vien-nhap-khau-chinh-hang\/\"]}]},{\"@type\":\"ImageObject\",\"inLanguage\":\"vi\",\"@id\":\"https:\/\/lydaily.vn\/jp\/san-pham\/vien-uong-ho-tro-dieu-tri-tai-bien-orihiro-nattokinase-2000fu-60-vien-nhap-khau-chinh-hang\/#primaryimage\",\"url\":\"https:\/\/lydaily.vn\/jp\/wp-content\/uploads\/2026\/02\/Vien-uong-ho-tro-dieu-tri-tai-bien-Orihiro-Nattokinase-2000FU-60-vien-nhap-khau-chinh-hang.jpg\",\"contentUrl\":\"https:\/\/lydaily.vn\/jp\/wp-content\/uploads\/2026\/02\/Vien-uong-ho-tro-dieu-tri-tai-bien-Orihiro-Nattokinase-2000FU-60-vien-nhap-khau-chinh-hang.jpg\",\"width\":600,\"height\":600},{\"@type\":\"BreadcrumbList\",\"@id\":\"https:\/\/lydaily.vn\/jp\/san-pham\/vien-uong-ho-tro-dieu-tri-tai-bien-orihiro-nattokinase-2000fu-60-vien-nhap-khau-chinh-hang\/#breadcrumb\",\"itemListElement\":[{\"@type\":\"ListItem\",\"position\":1,\"name\":\"Home\",\"item\":\"https:\/\/lydaily.vn\/jp\/\"},{\"@type\":\"ListItem\",\"position\":2,\"name\":\"S\u1ea3n ph\u1ea9m\",\"item\":\"https:\/\/lydaily.vn\/jp\/san-pham\/\"},{\"@type\":\"ListItem\",\"position\":3,\"name\":\"Vi\u00ean u\u1ed1ng h\u1ed7 tr\u1ee3 \u0111i\u1ec1u tr\u1ecb tai bi\u1ebfn Orihiro Nattokinase 2000FU 60 vi\u00ean, nh\u1eadp kh\u1ea9u ch\u00ednh h\u00e3ng\"}]},{\"@type\":\"WebSite\",\"@id\":\"https:\/\/lydaily.vn\/jp\/#website\",\"url\":\"https:\/\/lydaily.vn\/jp\/\",\"name\":\"Ly Daily\",\"description\":\"Th\u1ef1c Ph\u1ea9m Ch\u1ee9c N\u0103ng &amp; M\u1ef9 Ph\u1ea9m t\u1ea1i Nh\u1eadt B\u1ea3n v\u00e0 Vi\u1ec7t Nam\",\"potentialAction\":[{\"@type\":\"SearchAction\",\"target\":{\"@type\":\"EntryPoint\",\"urlTemplate\":\"https:\/\/lydaily.vn\/jp\/?s={search_term_string}\"},\"query-input\":{\"@type\":\"PropertyValueSpecification\",\"valueRequired\":true,\"valueName\":\"search_term_string\"}}],\"inLanguage\":\"vi\"}]}<\/script>\n<!-- \/ Yoast SEO Premium plugin. -->","yoast_head_json":{"title":"Vi\u00ean u\u1ed1ng h\u1ed7 tr\u1ee3 \u0111i\u1ec1u tr\u1ecb tai bi\u1ebfn Orihiro Nattokinase 2000FU 60 vi\u00ean, nh\u1eadp kh\u1ea9u ch\u00ednh h\u00e3ng - Ly Daily","robots":{"index":"index","follow":"follow","max-snippet":"max-snippet:-1","max-image-preview":"max-image-preview:large","max-video-preview":"max-video-preview:-1"},"canonical":"https:\/\/lydaily.vn\/jp\/san-pham\/vien-uong-ho-tro-dieu-tri-tai-bien-orihiro-nattokinase-2000fu-60-vien-nhap-khau-chinh-hang\/","og_locale":"vi_VN","og_type":"article","og_title":"Vi\u00ean u\u1ed1ng h\u1ed7 tr\u1ee3 \u0111i\u1ec1u tr\u1ecb tai bi\u1ebfn Orihiro Nattokinase 2000FU 60 vi\u00ean, nh\u1eadp kh\u1ea9u ch\u00ednh h\u00e3ng","og_description":"Orihiro Nattokinase, m\u1ed9t s\u1ea3n ph\u1ea9m t\u1eeb Nh\u1eadt B\u1ea3n ch\u1ee9a ho\u1ea1t ch\u1ea5t nattokinase. Nattokinase c\u00f3 t\u00e1c d\u1ee5ng gi\u1ea3m c\u1ee5c m\u00e1u \u0111\u00f4ng, h\u1ed7 tr\u1ee3 l\u01b0u th\u00f4ng m\u00e1u v\u00e0 gi\u1ea3m nguy c\u01a1 \u0111\u1ed9t qu\u1ef5, tai bi\u1ebfn m\u1ea1ch m\u00e1u n\u00e3o. S\u1ea3n ph\u1ea9m c\u0169ng gi\u00fap ng\u0103n ng\u1eeba h\u00ecnh th\u00e0nh c\u1ee5c m\u00e1u \u0111\u00f4ng v\u00e0 m\u1ea3ng x\u01a1 v\u1eefa \u0111\u1ed9ng m\u1ea1ch, b\u1ea3o v\u1ec7 n\u00e3o b\u1ed9 v\u00e0 t\u0103ng kh\u1ea3 n\u0103ng ph\u1ee5c h\u1ed3i sau \u0111\u1ed9t qu\u1ef5.","og_url":"https:\/\/lydaily.vn\/jp\/san-pham\/vien-uong-ho-tro-dieu-tri-tai-bien-orihiro-nattokinase-2000fu-60-vien-nhap-khau-chinh-hang\/","og_site_name":"Ly Daily","article_modified_time":"2026-03-13T04:46:39+00:00","og_image":[{"width":600,"height":600,"url":"https:\/\/lydaily.vn\/jp\/wp-content\/uploads\/2026\/02\/Vien-uong-ho-tro-dieu-tri-tai-bien-Orihiro-Nattokinase-2000FU-60-vien-nhap-khau-chinh-hang.jpg","type":"image\/jpeg"}],"twitter_card":"summary_large_image","twitter_misc":{"\u01af\u1edbc t\u00ednh th\u1eddi gian \u0111\u1ecdc":"1 ph\u00fat"},"schema":{"@context":"https:\/\/schema.org","@graph":[{"@type":"WebPage","@id":"https:\/\/lydaily.vn\/jp\/san-pham\/vien-uong-ho-tro-dieu-tri-tai-bien-orihiro-nattokinase-2000fu-60-vien-nhap-khau-chinh-hang\/","url":"https:\/\/lydaily.vn\/jp\/san-pham\/vien-uong-ho-tro-dieu-tri-tai-bien-orihiro-nattokinase-2000fu-60-vien-nhap-khau-chinh-hang\/","name":"Vi\u00ean u\u1ed1ng h\u1ed7 tr\u1ee3 \u0111i\u1ec1u tr\u1ecb tai bi\u1ebfn Orihiro Nattokinase 2000FU 60 vi\u00ean, nh\u1eadp kh\u1ea9u ch\u00ednh h\u00e3ng - Ly Daily","isPartOf":{"@id":"https:\/\/lydaily.vn\/jp\/#website"},"primaryImageOfPage":{"@id":"https:\/\/lydaily.vn\/jp\/san-pham\/vien-uong-ho-tro-dieu-tri-tai-bien-orihiro-nattokinase-2000fu-60-vien-nhap-khau-chinh-hang\/#primaryimage"},"image":{"@id":"https:\/\/lydaily.vn\/jp\/san-pham\/vien-uong-ho-tro-dieu-tri-tai-bien-orihiro-nattokinase-2000fu-60-vien-nhap-khau-chinh-hang\/#primaryimage"},"thumbnailUrl":"https:\/\/lydaily.vn\/jp\/wp-content\/uploads\/2026\/02\/Vien-uong-ho-tro-dieu-tri-tai-bien-Orihiro-Nattokinase-2000FU-60-vien-nhap-khau-chinh-hang.jpg","datePublished":"2026-02-27T11:38:08+00:00","dateModified":"2026-03-13T04:46:39+00:00","breadcrumb":{"@id":"https:\/\/lydaily.vn\/jp\/san-pham\/vien-uong-ho-tro-dieu-tri-tai-bien-orihiro-nattokinase-2000fu-60-vien-nhap-khau-chinh-hang\/#breadcrumb"},"inLanguage":"vi","potentialAction":[{"@type":"ReadAction","target":["https:\/\/lydaily.vn\/jp\/san-pham\/vien-uong-ho-tro-dieu-tri-tai-bien-orihiro-nattokinase-2000fu-60-vien-nhap-khau-chinh-hang\/"]}]},{"@type":"ImageObject","inLanguage":"vi","@id":"https:\/\/lydaily.vn\/jp\/san-pham\/vien-uong-ho-tro-dieu-tri-tai-bien-orihiro-nattokinase-2000fu-60-vien-nhap-khau-chinh-hang\/#primaryimage","url":"https:\/\/lydaily.vn\/jp\/wp-content\/uploads\/2026\/02\/Vien-uong-ho-tro-dieu-tri-tai-bien-Orihiro-Nattokinase-2000FU-60-vien-nhap-khau-chinh-hang.jpg","contentUrl":"https:\/\/lydaily.vn\/jp\/wp-content\/uploads\/2026\/02\/Vien-uong-ho-tro-dieu-tri-tai-bien-Orihiro-Nattokinase-2000FU-60-vien-nhap-khau-chinh-hang.jpg","width":600,"height":600},{"@type":"BreadcrumbList","@id":"https:\/\/lydaily.vn\/jp\/san-pham\/vien-uong-ho-tro-dieu-tri-tai-bien-orihiro-nattokinase-2000fu-60-vien-nhap-khau-chinh-hang\/#breadcrumb","itemListElement":[{"@type":"ListItem","position":1,"name":"Home","item":"https:\/\/lydaily.vn\/jp\/"},{"@type":"ListItem","position":2,"name":"S\u1ea3n ph\u1ea9m","item":"https:\/\/lydaily.vn\/jp\/san-pham\/"},{"@type":"ListItem","position":3,"name":"Vi\u00ean u\u1ed1ng h\u1ed7 tr\u1ee3 \u0111i\u1ec1u tr\u1ecb tai bi\u1ebfn Orihiro Nattokinase 2000FU 60 vi\u00ean, nh\u1eadp kh\u1ea9u ch\u00ednh h\u00e3ng"}]},{"@type":"WebSite","@id":"https:\/\/lydaily.vn\/jp\/#website","url":"https:\/\/lydaily.vn\/jp\/","name":"Ly Daily","description":"Th\u1ef1c Ph\u1ea9m Ch\u1ee9c N\u0103ng &amp; M\u1ef9 Ph\u1ea9m t\u1ea1i Nh\u1eadt B\u1ea3n v\u00e0 Vi\u1ec7t Nam","potentialAction":[{"@type":"SearchAction","target":{"@type":"EntryPoint","urlTemplate":"https:\/\/lydaily.vn\/jp\/?s={search_term_string}"},"query-input":{"@type":"PropertyValueSpecification","valueRequired":true,"valueName":"search_term_string"}}],"inLanguage":"vi"}]}},"_links":{"self":[{"href":"https:\/\/lydaily.vn\/jp\/wp-json\/wp\/v2\/product\/196","targetHints":{"allow":["GET"]}}],"collection":[{"href":"https:\/\/lydaily.vn\/jp\/wp-json\/wp\/v2\/product"}],"about":[{"href":"https:\/\/lydaily.vn\/jp\/wp-json\/wp\/v2\/types\/product"}],"replies":[{"embeddable":true,"href":"https:\/\/lydaily.vn\/jp\/wp-json\/wp\/v2\/comments?post=196"}],"wp:featuredmedia":[{"embeddable":true,"href":"https:\/\/lydaily.vn\/jp\/wp-json\/wp\/v2\/media\/197"}],"wp:attachment":[{"href":"https:\/\/lydaily.vn\/jp\/wp-json\/wp\/v2\/media?parent=196"}],"wp:term":[{"taxonomy":"product_brand","embeddable":true,"href":"https:\/\/lydaily.vn\/jp\/wp-json\/wp\/v2\/product_brand?post=196"},{"taxonomy":"product_cat","embeddable":true,"href":"https:\/\/lydaily.vn\/jp\/wp-json\/wp\/v2\/product_cat?post=196"},{"taxonomy":"product_tag","embeddable":true,"href":"https:\/\/lydaily.vn\/jp\/wp-json\/wp\/v2\/product_tag?post=196"}],"curies":[{"name":"wp","href":"https:\/\/api.w.org\/{rel}","templated":true}]}}