{"id":194,"date":"2026-02-27T11:35:32","date_gmt":"2026-02-27T11:35:32","guid":{"rendered":"https:\/\/lydaily.qweb.com.vn\/?post_type=product&#038;p=194"},"modified":"2026-03-13T04:45:32","modified_gmt":"2026-03-13T04:45:32","slug":"vien-uong-bo-sung-glucosamine-orihiro-nhat-ban-giam-dau-xuong-khop-900-vien","status":"publish","type":"product","link":"https:\/\/lydaily.vn\/jp\/san-pham\/vien-uong-bo-sung-glucosamine-orihiro-nhat-ban-giam-dau-xuong-khop-900-vien\/","title":{"rendered":"Vi\u00ean u\u1ed1ng b\u1ed5 sung Glucosamine ORIHIRO Nh\u1eadt B\u1ea3n gi\u1ea3m \u0111au x\u01b0\u01a1ng kh\u1edbp 900 vi\u00ean"},"content":{"rendered":"<p class=\"QN2lPu\">Th\u1ef1c ph\u1ea9m b\u1ea3o v\u1ec7 s\u1ee9c kh\u1ecfe\u00a0ORIHIRO High purity Glucosamine grain Economical bottle<\/p>\n<p class=\"QN2lPu\">1. Th\u00f4ng tin chi ti\u1ebft s\u1ea3n ph\u1ea9m<\/p>\n<p class=\"QN2lPu\">&#8211; Xu\u1ea5t x\u1ee9: Nh\u1eadt B\u1ea3n<\/p>\n<p class=\"QN2lPu\">&#8211; Nh\u00e0 s\u1ea3n xu\u1ea5t: ORIHIRO Plantdew Co., Ltd.<\/p>\n<p class=\"QN2lPu\">&#8211; Quy c\u00e1ch \u0111\u00f3ng g\u00f3i: D\u1ea1ng vi\u00ean, 900 vi\u00ean\/ H\u1ed9p<\/p>\n<p class=\"QN2lPu\">&#8211; Kh\u1ed1i l\u01b0\u1ee3ng: 250 mg\/vi\u00ean<\/p>\n<p class=\"QN2lPu\">2. C\u00f4ng d\u1ee5ng ch\u00ednh c\u1ee7a s\u1ea3n ph\u1ea9m<\/p>\n<p class=\"QN2lPu\">&#8211; H\u1ed7 tr\u1ee3 b\u1ea3o v\u1ec7 kh\u1edbp, gi\u00fap kh\u1edbp v\u1eadn \u0111\u1ed9ng linh ho\u1ea1t.<\/p>\n<p class=\"QN2lPu\">&#8211; CH\u00da \u00dd: Th\u1ef1c ph\u1ea9m n\u00e0y kh\u00f4ng ph\u1ea3i l\u00e0 thu\u1ed1c, kh\u00f4ng c\u00f3 t\u00e1c d\u1ee5ng thay th\u1ebf thu\u1ed1c ch\u1eefa b\u1ec7nh.<\/p>\n<p class=\"QN2lPu\">&#8211; Kh\u00f4ng s\u1eed d\u1ee5ng cho ng\u01b0\u1eddi c\u00f3 m\u1eabn c\u1ea3m v\u1edbi b\u1ea5t k\u1ef3 th\u00e0nh ph\u1ea7n n\u00e0o c\u1ee7a s\u1ea3n ph\u1ea9m.<\/p>\n<p class=\"QN2lPu\">3. Th\u00e0nh ph\u1ea7n ch\u00ednh c\u1ee7a s\u1ea3n ph\u1ea9m<\/p>\n<p class=\"QN2lPu\">&#8211; Trong 1 vi\u00ean c\u00f3 ch\u1ee9a: Ph\u1ee9c h\u1ee3p Protein Mucopolysacarit (ch\u1ee9a chondroitin), collagen th\u1ee7y ph\u00e2n (bao g\u1ed3m\u00a0gelatin), glucosamine (c\u00f3 ngu\u1ed3n g\u1ed1c t\u1eeb t\u00f4m), dolomite (ch\u1ee9a canxi), men ch\u1ee9a k\u1ebdm, chi\u1ebft xu\u1ea5t s\u1ee5n g\u00e0, chi\u1ebft\u00a0xu\u1ea5t m\u1ea7m \u0111\u1eadu n\u00e0nh, Vitamin K, Vitamin B6, Vitamin B1, axit hyaluronic, Vitamin D, axit folic.<\/p>\n<p class=\"QN2lPu\">&#8211; Ph\u1ee5 li\u1ec7u: Dextrin, Cellulose tinh th\u1ec3, ester axit b\u00e9o glycerin, Silicon dioxide<\/p>\n<p class=\"QN2lPu\">4. C\u00e1ch s\u1eed d\u1ee5ng s\u1ea3n ph\u1ea9m<\/p>\n<p class=\"QN2lPu\">&#8211; Li\u1ec1u l\u01b0\u1ee3ng: 10 vi\u00ean\/ng\u00e0y, u\u1ed1ng v\u1edbi nhi\u1ec1u n\u01b0\u1edbc ho\u1eb7c n\u01b0\u1edbc \u1ea5m<\/p>\n<p class=\"QN2lPu\">L\u01b0u \u00fd khi s\u1eed d\u1ee5ng:<\/p>\n<p class=\"QN2lPu\">\u2013 Duy tr\u00ec l\u01b0\u1ee3ng s\u1eed d\u1ee5ng theo h\u01b0\u1edbng d\u1eabn.<\/p>\n<p class=\"QN2lPu\">\u2013 C\u00e1c tinh th\u1ec3 m\u00e0u tr\u1eafng c\u00f3 th\u1ec3 n\u1ed5i l\u00ean b\u1ec1 m\u1eb7t c\u1ee7a vi\u00ean, c\u00f3 v\u1ecb kh\u00e1c (v\u1ecb \u0111\u1eafng, v\u1ecb chua) nh\u01b0ng l\u00e0 \u0111\u01b0\u1eddng\u00a0\u0111\u01b0\u1ee3c k\u1ebft tinh n\u00ean kh\u00f4ng \u1ea3nh h\u01b0\u1edfng t\u1edbi ch\u1ea5t l\u01b0\u1ee3ng c\u1ee7a s\u1ea3n ph\u1ea9m.<\/p>\n<p class=\"QN2lPu\">\u2013 N\u1ebfu \u0111ang s\u1eed d\u1ee5ng thu\u1ed1c k\u00ea \u0111\u01a1n n\u00ean tham kh\u1ea3o \u00fd ki\u1ebfn b\u00e1c s\u1ef9 tr\u01b0\u1edbc khi d\u00f9ng<\/p>\n<p class=\"QN2lPu\">\u2013 Kh\u00f4ng d\u00f9ng cho ng\u01b0\u1eddi \u0111ang b\u1ecb b\u1ec7nh, ph\u1ee5 n\u1eef c\u00f3 thai, cho con b\u00fa v\u00e0 ng\u01b0\u1eddi d\u01b0\u1edbi 18 tu\u1ed5i<\/p>\n<p class=\"QN2lPu\">5. \u0110\u1ed1i t\u01b0\u1ee3ng s\u1eed d\u1ee5ng s\u1ea3n ph\u1ea9m<\/p>\n<p class=\"QN2lPu\">&#8211; Ng\u01b0\u1eddi tr\u01b0\u1edfng th\u00e0nh b\u1ecb kh\u00f4 kh\u1edbp, c\u1ee9ng kh\u1edbp, g\u00e2y v\u1eadn \u0111\u1ed9ng kh\u00f3 kh\u0103n.<\/p>\n<p class=\"QN2lPu\">S\u1ea3n ph\u1ea9m kh\u00f4ng ph\u1ea3i l\u00e0 thu\u1ed1c, kh\u00f4ng c\u00f3 t\u00e1c d\u1ee5ng thay th\u1ebf thu\u1ed1c ch\u1eefa b\u1ec7nh. (B\u1ea3o qu\u1ea3n s\u1ea3n ph\u1ea9m n\u01a1i kh\u00f4 r\u00e1o, tho\u00e1ng m\u00e1t, tr\u00e1nh \u00e1nh n\u1eafng tr\u1ef1c ti\u1ebfp)<\/p>\n","protected":false},"excerpt":{"rendered":"<p class=\"QN2lPu\">&#8211; Xu\u1ea5t x\u1ee9: Nh\u1eadt B\u1ea3n<\/p>\n<p class=\"QN2lPu\">&#8211; Nh\u00e0 s\u1ea3n xu\u1ea5t: ORIHIRO Plantdew Co., Ltd.<\/p>\n<p class=\"QN2lPu\">&#8211; Quy c\u00e1ch \u0111\u00f3ng g\u00f3i: D\u1ea1ng vi\u00ean, 900 vi\u00ean\/ H\u1ed9p<\/p>\n<p class=\"QN2lPu\">&#8211; Kh\u1ed1i l\u01b0\u1ee3ng: 250 mg\/vi\u00ean<\/p>\n","protected":false},"featured_media":195,"comment_status":"open","ping_status":"closed","template":"","meta":[],"product_brand":[],"product_cat":[21],"product_tag":[],"class_list":{"0":"post-194","1":"product","2":"type-product","3":"status-publish","4":"has-post-thumbnail","6":"product_cat-thuc-pham-chuc-nang","8":"first","9":"instock","10":"shipping-taxable","11":"purchasable","12":"product-type-simple"},"yoast_head":"<!-- This site is optimized with the Yoast SEO Premium plugin v22.3 (Yoast SEO v27.1.1) - https:\/\/yoast.com\/product\/yoast-seo-premium-wordpress\/ -->\n<title>Vi\u00ean u\u1ed1ng b\u1ed5 sung Glucosamine ORIHIRO Nh\u1eadt B\u1ea3n gi\u1ea3m \u0111au x\u01b0\u01a1ng kh\u1edbp 900 vi\u00ean - Ly Daily<\/title>\n<meta name=\"robots\" content=\"index, follow, max-snippet:-1, max-image-preview:large, max-video-preview:-1\" \/>\n<link rel=\"canonical\" href=\"https:\/\/lydaily.vn\/jp\/san-pham\/vien-uong-bo-sung-glucosamine-orihiro-nhat-ban-giam-dau-xuong-khop-900-vien\/\" \/>\n<meta property=\"og:locale\" content=\"vi_VN\" \/>\n<meta property=\"og:type\" content=\"article\" \/>\n<meta property=\"og:title\" content=\"Vi\u00ean u\u1ed1ng b\u1ed5 sung Glucosamine ORIHIRO Nh\u1eadt B\u1ea3n gi\u1ea3m \u0111au x\u01b0\u01a1ng kh\u1edbp 900 vi\u00ean\" \/>\n<meta property=\"og:description\" content=\"- Xu\u1ea5t x\u1ee9: Nh\u1eadt B\u1ea3n - Nh\u00e0 s\u1ea3n xu\u1ea5t: ORIHIRO Plantdew Co., Ltd. - Quy c\u00e1ch \u0111\u00f3ng g\u00f3i: D\u1ea1ng vi\u00ean, 900 vi\u00ean\/ H\u1ed9p - Kh\u1ed1i l\u01b0\u1ee3ng: 250 mg\/vi\u00ean\" \/>\n<meta property=\"og:url\" content=\"https:\/\/lydaily.vn\/jp\/san-pham\/vien-uong-bo-sung-glucosamine-orihiro-nhat-ban-giam-dau-xuong-khop-900-vien\/\" \/>\n<meta property=\"og:site_name\" content=\"Ly Daily\" \/>\n<meta property=\"article:modified_time\" content=\"2026-03-13T04:45:32+00:00\" \/>\n<meta property=\"og:image\" content=\"https:\/\/lydaily.vn\/jp\/wp-content\/uploads\/2026\/02\/Vien-uong-bo-sung-Glucosamine-ORIHIRO-Nhat-Ban-giam-dau-xuong-khop-900-vien-950-vien.webp\" \/>\n\t<meta property=\"og:image:width\" content=\"900\" \/>\n\t<meta property=\"og:image:height\" content=\"900\" \/>\n\t<meta property=\"og:image:type\" content=\"image\/webp\" \/>\n<meta name=\"twitter:card\" content=\"summary_large_image\" \/>\n<meta name=\"twitter:label1\" content=\"\u01af\u1edbc t\u00ednh th\u1eddi gian \u0111\u1ecdc\" \/>\n\t<meta name=\"twitter:data1\" content=\"2 ph\u00fat\" \/>\n<script type=\"application\/ld+json\" class=\"yoast-schema-graph\">{\"@context\":\"https:\/\/schema.org\",\"@graph\":[{\"@type\":\"WebPage\",\"@id\":\"https:\/\/lydaily.vn\/jp\/san-pham\/vien-uong-bo-sung-glucosamine-orihiro-nhat-ban-giam-dau-xuong-khop-900-vien\/\",\"url\":\"https:\/\/lydaily.vn\/jp\/san-pham\/vien-uong-bo-sung-glucosamine-orihiro-nhat-ban-giam-dau-xuong-khop-900-vien\/\",\"name\":\"Vi\u00ean u\u1ed1ng b\u1ed5 sung Glucosamine ORIHIRO Nh\u1eadt B\u1ea3n gi\u1ea3m \u0111au x\u01b0\u01a1ng kh\u1edbp 900 vi\u00ean - Ly Daily\",\"isPartOf\":{\"@id\":\"https:\/\/lydaily.vn\/jp\/#website\"},\"primaryImageOfPage\":{\"@id\":\"https:\/\/lydaily.vn\/jp\/san-pham\/vien-uong-bo-sung-glucosamine-orihiro-nhat-ban-giam-dau-xuong-khop-900-vien\/#primaryimage\"},\"image\":{\"@id\":\"https:\/\/lydaily.vn\/jp\/san-pham\/vien-uong-bo-sung-glucosamine-orihiro-nhat-ban-giam-dau-xuong-khop-900-vien\/#primaryimage\"},\"thumbnailUrl\":\"https:\/\/lydaily.vn\/jp\/wp-content\/uploads\/2026\/02\/Vien-uong-bo-sung-Glucosamine-ORIHIRO-Nhat-Ban-giam-dau-xuong-khop-900-vien-950-vien.webp\",\"datePublished\":\"2026-02-27T11:35:32+00:00\",\"dateModified\":\"2026-03-13T04:45:32+00:00\",\"breadcrumb\":{\"@id\":\"https:\/\/lydaily.vn\/jp\/san-pham\/vien-uong-bo-sung-glucosamine-orihiro-nhat-ban-giam-dau-xuong-khop-900-vien\/#breadcrumb\"},\"inLanguage\":\"vi\",\"potentialAction\":[{\"@type\":\"ReadAction\",\"target\":[\"https:\/\/lydaily.vn\/jp\/san-pham\/vien-uong-bo-sung-glucosamine-orihiro-nhat-ban-giam-dau-xuong-khop-900-vien\/\"]}]},{\"@type\":\"ImageObject\",\"inLanguage\":\"vi\",\"@id\":\"https:\/\/lydaily.vn\/jp\/san-pham\/vien-uong-bo-sung-glucosamine-orihiro-nhat-ban-giam-dau-xuong-khop-900-vien\/#primaryimage\",\"url\":\"https:\/\/lydaily.vn\/jp\/wp-content\/uploads\/2026\/02\/Vien-uong-bo-sung-Glucosamine-ORIHIRO-Nhat-Ban-giam-dau-xuong-khop-900-vien-950-vien.webp\",\"contentUrl\":\"https:\/\/lydaily.vn\/jp\/wp-content\/uploads\/2026\/02\/Vien-uong-bo-sung-Glucosamine-ORIHIRO-Nhat-Ban-giam-dau-xuong-khop-900-vien-950-vien.webp\",\"width\":900,\"height\":900},{\"@type\":\"BreadcrumbList\",\"@id\":\"https:\/\/lydaily.vn\/jp\/san-pham\/vien-uong-bo-sung-glucosamine-orihiro-nhat-ban-giam-dau-xuong-khop-900-vien\/#breadcrumb\",\"itemListElement\":[{\"@type\":\"ListItem\",\"position\":1,\"name\":\"Home\",\"item\":\"https:\/\/lydaily.vn\/jp\/\"},{\"@type\":\"ListItem\",\"position\":2,\"name\":\"S\u1ea3n ph\u1ea9m\",\"item\":\"https:\/\/lydaily.vn\/jp\/san-pham\/\"},{\"@type\":\"ListItem\",\"position\":3,\"name\":\"Vi\u00ean u\u1ed1ng b\u1ed5 sung Glucosamine ORIHIRO Nh\u1eadt B\u1ea3n gi\u1ea3m \u0111au x\u01b0\u01a1ng kh\u1edbp 900 vi\u00ean\"}]},{\"@type\":\"WebSite\",\"@id\":\"https:\/\/lydaily.vn\/jp\/#website\",\"url\":\"https:\/\/lydaily.vn\/jp\/\",\"name\":\"Ly Daily\",\"description\":\"Th\u1ef1c Ph\u1ea9m Ch\u1ee9c N\u0103ng &amp; M\u1ef9 Ph\u1ea9m t\u1ea1i Nh\u1eadt B\u1ea3n v\u00e0 Vi\u1ec7t Nam\",\"potentialAction\":[{\"@type\":\"SearchAction\",\"target\":{\"@type\":\"EntryPoint\",\"urlTemplate\":\"https:\/\/lydaily.vn\/jp\/?s={search_term_string}\"},\"query-input\":{\"@type\":\"PropertyValueSpecification\",\"valueRequired\":true,\"valueName\":\"search_term_string\"}}],\"inLanguage\":\"vi\"}]}<\/script>\n<!-- \/ Yoast SEO Premium plugin. -->","yoast_head_json":{"title":"Vi\u00ean u\u1ed1ng b\u1ed5 sung Glucosamine ORIHIRO Nh\u1eadt B\u1ea3n gi\u1ea3m \u0111au x\u01b0\u01a1ng kh\u1edbp 900 vi\u00ean - Ly Daily","robots":{"index":"index","follow":"follow","max-snippet":"max-snippet:-1","max-image-preview":"max-image-preview:large","max-video-preview":"max-video-preview:-1"},"canonical":"https:\/\/lydaily.vn\/jp\/san-pham\/vien-uong-bo-sung-glucosamine-orihiro-nhat-ban-giam-dau-xuong-khop-900-vien\/","og_locale":"vi_VN","og_type":"article","og_title":"Vi\u00ean u\u1ed1ng b\u1ed5 sung Glucosamine ORIHIRO Nh\u1eadt B\u1ea3n gi\u1ea3m \u0111au x\u01b0\u01a1ng kh\u1edbp 900 vi\u00ean","og_description":"- Xu\u1ea5t x\u1ee9: Nh\u1eadt B\u1ea3n - Nh\u00e0 s\u1ea3n xu\u1ea5t: ORIHIRO Plantdew Co., Ltd. - Quy c\u00e1ch \u0111\u00f3ng g\u00f3i: D\u1ea1ng vi\u00ean, 900 vi\u00ean\/ H\u1ed9p - Kh\u1ed1i l\u01b0\u1ee3ng: 250 mg\/vi\u00ean","og_url":"https:\/\/lydaily.vn\/jp\/san-pham\/vien-uong-bo-sung-glucosamine-orihiro-nhat-ban-giam-dau-xuong-khop-900-vien\/","og_site_name":"Ly Daily","article_modified_time":"2026-03-13T04:45:32+00:00","og_image":[{"width":900,"height":900,"url":"https:\/\/lydaily.vn\/jp\/wp-content\/uploads\/2026\/02\/Vien-uong-bo-sung-Glucosamine-ORIHIRO-Nhat-Ban-giam-dau-xuong-khop-900-vien-950-vien.webp","type":"image\/webp"}],"twitter_card":"summary_large_image","twitter_misc":{"\u01af\u1edbc t\u00ednh th\u1eddi gian \u0111\u1ecdc":"2 ph\u00fat"},"schema":{"@context":"https:\/\/schema.org","@graph":[{"@type":"WebPage","@id":"https:\/\/lydaily.vn\/jp\/san-pham\/vien-uong-bo-sung-glucosamine-orihiro-nhat-ban-giam-dau-xuong-khop-900-vien\/","url":"https:\/\/lydaily.vn\/jp\/san-pham\/vien-uong-bo-sung-glucosamine-orihiro-nhat-ban-giam-dau-xuong-khop-900-vien\/","name":"Vi\u00ean u\u1ed1ng b\u1ed5 sung Glucosamine ORIHIRO Nh\u1eadt B\u1ea3n gi\u1ea3m \u0111au x\u01b0\u01a1ng kh\u1edbp 900 vi\u00ean - Ly Daily","isPartOf":{"@id":"https:\/\/lydaily.vn\/jp\/#website"},"primaryImageOfPage":{"@id":"https:\/\/lydaily.vn\/jp\/san-pham\/vien-uong-bo-sung-glucosamine-orihiro-nhat-ban-giam-dau-xuong-khop-900-vien\/#primaryimage"},"image":{"@id":"https:\/\/lydaily.vn\/jp\/san-pham\/vien-uong-bo-sung-glucosamine-orihiro-nhat-ban-giam-dau-xuong-khop-900-vien\/#primaryimage"},"thumbnailUrl":"https:\/\/lydaily.vn\/jp\/wp-content\/uploads\/2026\/02\/Vien-uong-bo-sung-Glucosamine-ORIHIRO-Nhat-Ban-giam-dau-xuong-khop-900-vien-950-vien.webp","datePublished":"2026-02-27T11:35:32+00:00","dateModified":"2026-03-13T04:45:32+00:00","breadcrumb":{"@id":"https:\/\/lydaily.vn\/jp\/san-pham\/vien-uong-bo-sung-glucosamine-orihiro-nhat-ban-giam-dau-xuong-khop-900-vien\/#breadcrumb"},"inLanguage":"vi","potentialAction":[{"@type":"ReadAction","target":["https:\/\/lydaily.vn\/jp\/san-pham\/vien-uong-bo-sung-glucosamine-orihiro-nhat-ban-giam-dau-xuong-khop-900-vien\/"]}]},{"@type":"ImageObject","inLanguage":"vi","@id":"https:\/\/lydaily.vn\/jp\/san-pham\/vien-uong-bo-sung-glucosamine-orihiro-nhat-ban-giam-dau-xuong-khop-900-vien\/#primaryimage","url":"https:\/\/lydaily.vn\/jp\/wp-content\/uploads\/2026\/02\/Vien-uong-bo-sung-Glucosamine-ORIHIRO-Nhat-Ban-giam-dau-xuong-khop-900-vien-950-vien.webp","contentUrl":"https:\/\/lydaily.vn\/jp\/wp-content\/uploads\/2026\/02\/Vien-uong-bo-sung-Glucosamine-ORIHIRO-Nhat-Ban-giam-dau-xuong-khop-900-vien-950-vien.webp","width":900,"height":900},{"@type":"BreadcrumbList","@id":"https:\/\/lydaily.vn\/jp\/san-pham\/vien-uong-bo-sung-glucosamine-orihiro-nhat-ban-giam-dau-xuong-khop-900-vien\/#breadcrumb","itemListElement":[{"@type":"ListItem","position":1,"name":"Home","item":"https:\/\/lydaily.vn\/jp\/"},{"@type":"ListItem","position":2,"name":"S\u1ea3n ph\u1ea9m","item":"https:\/\/lydaily.vn\/jp\/san-pham\/"},{"@type":"ListItem","position":3,"name":"Vi\u00ean u\u1ed1ng b\u1ed5 sung Glucosamine ORIHIRO Nh\u1eadt B\u1ea3n gi\u1ea3m \u0111au x\u01b0\u01a1ng kh\u1edbp 900 vi\u00ean"}]},{"@type":"WebSite","@id":"https:\/\/lydaily.vn\/jp\/#website","url":"https:\/\/lydaily.vn\/jp\/","name":"Ly Daily","description":"Th\u1ef1c Ph\u1ea9m Ch\u1ee9c N\u0103ng &amp; M\u1ef9 Ph\u1ea9m t\u1ea1i Nh\u1eadt B\u1ea3n v\u00e0 Vi\u1ec7t Nam","potentialAction":[{"@type":"SearchAction","target":{"@type":"EntryPoint","urlTemplate":"https:\/\/lydaily.vn\/jp\/?s={search_term_string}"},"query-input":{"@type":"PropertyValueSpecification","valueRequired":true,"valueName":"search_term_string"}}],"inLanguage":"vi"}]}},"_links":{"self":[{"href":"https:\/\/lydaily.vn\/jp\/wp-json\/wp\/v2\/product\/194","targetHints":{"allow":["GET"]}}],"collection":[{"href":"https:\/\/lydaily.vn\/jp\/wp-json\/wp\/v2\/product"}],"about":[{"href":"https:\/\/lydaily.vn\/jp\/wp-json\/wp\/v2\/types\/product"}],"replies":[{"embeddable":true,"href":"https:\/\/lydaily.vn\/jp\/wp-json\/wp\/v2\/comments?post=194"}],"wp:featuredmedia":[{"embeddable":true,"href":"https:\/\/lydaily.vn\/jp\/wp-json\/wp\/v2\/media\/195"}],"wp:attachment":[{"href":"https:\/\/lydaily.vn\/jp\/wp-json\/wp\/v2\/media?parent=194"}],"wp:term":[{"taxonomy":"product_brand","embeddable":true,"href":"https:\/\/lydaily.vn\/jp\/wp-json\/wp\/v2\/product_brand?post=194"},{"taxonomy":"product_cat","embeddable":true,"href":"https:\/\/lydaily.vn\/jp\/wp-json\/wp\/v2\/product_cat?post=194"},{"taxonomy":"product_tag","embeddable":true,"href":"https:\/\/lydaily.vn\/jp\/wp-json\/wp\/v2\/product_tag?post=194"}],"curies":[{"name":"wp","href":"https:\/\/api.w.org\/{rel}","templated":true}]}}