{"id":192,"date":"2026-02-27T11:31:47","date_gmt":"2026-02-27T11:31:47","guid":{"rendered":"https:\/\/lydaily.qweb.com.vn\/?post_type=product&#038;p=192"},"modified":"2026-03-13T04:44:56","modified_gmt":"2026-03-13T04:44:56","slug":"vien-uong-chong-dot-quy-natto-kinase-4000fu-60-vien","status":"publish","type":"product","link":"https:\/\/lydaily.vn\/jp\/san-pham\/vien-uong-chong-dot-quy-natto-kinase-4000fu-60-vien\/","title":{"rendered":"Vi\u00ean U\u1ed1ng Ch\u1ed1ng \u0110\u1ed9t Qu\u1ef5 Natto Kinase 4000FU (60 Vi\u00ean)"},"content":{"rendered":"<p><strong>TH\u00c0NH PH\u1ea6N V\u00c0 C\u00d4NG D\u1ee4NG VI\u00caN U\u1ed0NG CH\u1ed0NG \u0110\u1ed8T QU\u1ef4 NATTO KINASE<\/strong><\/p>\n<p><strong>Th\u00e0nh ph\u1ea7n:\u00a0<\/strong>D\u1ea7u c\u00e1 tinh khi\u1ebft ch\u1ee9a DHA, b\u1ed9t chi\u1ebft xu\u1ea5t v\u0103n h\u00f3a Bacillus natto (dextrin, chi\u1ebft xu\u1ea5t v\u0103n h\u00f3a Bacillus natto (bao g\u1ed3m \u0111\u1eadu n\u00e0nh)), d\u1ea7u c\u00e2y rum, GABA, d\u1ea7u th\u1ef1c v\u1eadt ch\u1ee9a vitamin E \/ gelatin, glycerin, glycerin, axit b\u00e9o glycerin Rutin, thu\u1ed1c nhu\u1ed9m cacao, doperidin.<\/p>\n<p><strong>C\u00f4ng d\u1ee5ng:\u00a0<\/strong><\/p>\n<p>-C\u1ea3i thi\u1ec7n t\u00ecnh trang suy gi\u1ea3m tr\u00ed nh\u1edb<\/p>\n<p>&#8211; Lecithin h\u1ed7 tr\u1ee3 chuy\u1ec3n h\u00f3a lipt trong m\u00e1u, ng\u0103n ch\u1eb7n h\u00ecnh th\u00e0nh cholesterol gi\u00fap lo\u1ea1i b\u1ecf m\u1ee1 trong m\u00e1u,\u00a0gi\u1ea3m chrolesterol x\u1ea5u,\u00a0ch\u1ed1ng x\u01a1 v\u1eefa \u0111\u1ed9ng m\u1ea1ch.<\/p>\n<p>&#8211; T\u0103ng c\u01b0\u1eddng d\u01b0\u1ee1ng ch\u1ea5t b\u1ed5 n\u00e3o, gi\u00fap h\u1ec7 th\u1ea7n kinh ho\u1ea1t \u0111\u1ed9ng hi\u1ec7u qu\u1ea3<\/p>\n<p>&#8211; Ng\u1eafn ng\u1eeba v\u00e0\u00a0 ti\u00eau m\u00e1u \u0111\u00f4ng, th\u00fac \u0111\u1ea9y l\u01b0u th\u00f4ng m\u00e1u l\u00ean n\u00e3o<\/p>\n<p><strong>H\u01af\u1edaNG D\u1eaaN S\u1eec D\u1ee4NG VI\u00caN U\u1ed0NG CH\u1ed0NG \u0110\u1ed8T QU\u1ef4 NATTO KINASE<\/strong><\/p>\n<p>&#8211; Duy tr\u00ec u\u1ed1ng 2 vi\u00ean m\u1ed7i ng\u00e0y v\u1edbi n\u01b0\u1edbc \u1ea5m tr\u01b0\u1edbc khi ng\u1ee7<\/p>\n<p>&#8211; K\u1ebft h\u1ee3p cung c\u1ea5p \u0111\u1ee7 n\u01b0\u1edbc cho c\u01a1 th\u1ec3<\/p>\n<p>&#8211; Ng\u01b0\u1eddi \u0111ang \u0111i\u1ec1u tr\u1ecb b\u1ec7n kh\u00e1c, ph\u1ee5 n\u1eef c\u00f3 thai v\u00e0 \u0111ang cho con b\u00fa n\u00ean xin \u00fd ki\u1ebfn b\u00e1c s\u0129 tr\u01b0\u1edbc khi s\u1eed d\u1ee5ng<\/p>\n<p>&#8211; \u0110\u1ec3 xa t\u1ea7m tay tr\u1ebb em, v\u0103n ch\u1eb7t n\u1eafp sau khi s\u1eed d\u1ee5ng<\/p>\n<p>&#8211; B\u1ea3o qu\u1ea3n s\u1ea3n ph\u1ea9m n\u01a1i kh\u00f4 r\u00e1o, tho\u00e1ng m\u00e1t, tr\u00e1nh ti\u1ebfp x\u00fac \u00e1nh n\u1eafng m\u1eb7t tr\u1eddi.<\/p>\n<p><strong>\u0110\u1ed0I T\u01af\u1ee2NG S\u1eec D\u1ee4NG VI\u00caN U\u1ed0NG NATTO KINASE<\/strong><\/p>\n<p>-B\u1ec7nh nh\u00e2n \u0111\u00e3 \u0111\u1ed9t qu\u1ef5, tai bi\u1ebfn<\/p>\n<p>-Ng\u01b0\u1eddi m\u00e1u l\u01b0u th\u00f4ng k\u00e9m, c\u00f3 c\u1ee5c m\u00e1u \u0111\u00f4ng, x\u01a1 v\u1eefa \u0111\u1ed9ng m\u1ea1ch<\/p>\n<p>&nbsp;<\/p>\n","protected":false},"excerpt":{"rendered":"<p>&#8211; -C\u1ea3i thi\u1ec7n t\u00ecnh trang suy gi\u1ea3m tr\u00ed nh\u1edb<\/p>\n<p>&#8211; Lecithin h\u1ed7 tr\u1ee3 chuy\u1ec3n h\u00f3a lipt trong m\u00e1u, ng\u0103n ch\u1eb7n h\u00ecnh th\u00e0nh cholesterol gi\u00fap lo\u1ea1i b\u1ecf m\u1ee1 trong m\u00e1u,\u00a0gi\u1ea3m chrolesterol x\u1ea5u,\u00a0ch\u1ed1ng x\u01a1 v\u1eefa \u0111\u1ed9ng m\u1ea1ch.<\/p>\n<p>&#8211; T\u0103ng c\u01b0\u1eddng d\u01b0\u1ee1ng ch\u1ea5t b\u1ed5 n\u00e3o, gi\u00fap h\u1ec7 th\u1ea7n kinh ho\u1ea1t \u0111\u1ed9ng hi\u1ec7u qu\u1ea3<\/p>\n<p>&#8211; Ng\u1eafn ng\u1eeba v\u00e0\u00a0 ti\u00eau m\u00e1u \u0111\u00f4ng, th\u00fac \u0111\u1ea9y l\u01b0u th\u00f4ng m\u00e1u l\u00ean n\u00e3o<\/p>\n","protected":false},"featured_media":193,"comment_status":"open","ping_status":"closed","template":"","meta":[],"product_brand":[],"product_cat":[21],"product_tag":[],"class_list":{"0":"post-192","1":"product","2":"type-product","3":"status-publish","4":"has-post-thumbnail","6":"product_cat-thuc-pham-chuc-nang","8":"first","9":"instock","10":"shipping-taxable","11":"purchasable","12":"product-type-simple"},"yoast_head":"<!-- This site is optimized with the Yoast SEO Premium plugin v22.3 (Yoast SEO v27.1.1) - https:\/\/yoast.com\/product\/yoast-seo-premium-wordpress\/ -->\n<title>Vi\u00ean U\u1ed1ng Ch\u1ed1ng \u0110\u1ed9t Qu\u1ef5 Natto Kinase 4000FU (60 Vi\u00ean) - Ly Daily<\/title>\n<meta name=\"robots\" content=\"index, follow, max-snippet:-1, max-image-preview:large, max-video-preview:-1\" \/>\n<link rel=\"canonical\" href=\"https:\/\/lydaily.vn\/jp\/san-pham\/vien-uong-chong-dot-quy-natto-kinase-4000fu-60-vien\/\" \/>\n<meta property=\"og:locale\" content=\"vi_VN\" \/>\n<meta property=\"og:type\" content=\"article\" \/>\n<meta property=\"og:title\" content=\"Vi\u00ean U\u1ed1ng Ch\u1ed1ng \u0110\u1ed9t Qu\u1ef5 Natto Kinase 4000FU (60 Vi\u00ean)\" \/>\n<meta property=\"og:description\" content=\"- -C\u1ea3i thi\u1ec7n t\u00ecnh trang suy gi\u1ea3m tr\u00ed nh\u1edb  - Lecithin h\u1ed7 tr\u1ee3 chuy\u1ec3n h\u00f3a lipt trong m\u00e1u, ng\u0103n ch\u1eb7n h\u00ecnh th\u00e0nh cholesterol gi\u00fap lo\u1ea1i b\u1ecf m\u1ee1 trong m\u00e1u,\u00a0gi\u1ea3m chrolesterol x\u1ea5u,\u00a0ch\u1ed1ng x\u01a1 v\u1eefa \u0111\u1ed9ng m\u1ea1ch.  - T\u0103ng c\u01b0\u1eddng d\u01b0\u1ee1ng ch\u1ea5t b\u1ed5 n\u00e3o, gi\u00fap h\u1ec7 th\u1ea7n kinh ho\u1ea1t \u0111\u1ed9ng hi\u1ec7u qu\u1ea3  - Ng\u1eafn ng\u1eeba v\u00e0\u00a0 ti\u00eau m\u00e1u \u0111\u00f4ng, th\u00fac \u0111\u1ea9y l\u01b0u th\u00f4ng m\u00e1u l\u00ean n\u00e3o\" \/>\n<meta property=\"og:url\" content=\"https:\/\/lydaily.vn\/jp\/san-pham\/vien-uong-chong-dot-quy-natto-kinase-4000fu-60-vien\/\" \/>\n<meta property=\"og:site_name\" content=\"Ly Daily\" \/>\n<meta property=\"article:modified_time\" content=\"2026-03-13T04:44:56+00:00\" \/>\n<meta property=\"og:image\" content=\"https:\/\/lydaily.vn\/jp\/wp-content\/uploads\/2026\/02\/Vien-Uong-Chong-Dot-Quy-Natto-Kinase-4000FU-60-Vien.jpg\" \/>\n\t<meta property=\"og:image:width\" content=\"600\" \/>\n\t<meta property=\"og:image:height\" content=\"600\" \/>\n\t<meta property=\"og:image:type\" content=\"image\/jpeg\" \/>\n<meta name=\"twitter:card\" content=\"summary_large_image\" \/>\n<meta name=\"twitter:label1\" content=\"\u01af\u1edbc t\u00ednh th\u1eddi gian \u0111\u1ecdc\" \/>\n\t<meta name=\"twitter:data1\" content=\"2 ph\u00fat\" \/>\n<script type=\"application\/ld+json\" class=\"yoast-schema-graph\">{\"@context\":\"https:\/\/schema.org\",\"@graph\":[{\"@type\":\"WebPage\",\"@id\":\"https:\/\/lydaily.vn\/jp\/san-pham\/vien-uong-chong-dot-quy-natto-kinase-4000fu-60-vien\/\",\"url\":\"https:\/\/lydaily.vn\/jp\/san-pham\/vien-uong-chong-dot-quy-natto-kinase-4000fu-60-vien\/\",\"name\":\"Vi\u00ean U\u1ed1ng Ch\u1ed1ng \u0110\u1ed9t Qu\u1ef5 Natto Kinase 4000FU (60 Vi\u00ean) - Ly Daily\",\"isPartOf\":{\"@id\":\"https:\/\/lydaily.vn\/jp\/#website\"},\"primaryImageOfPage\":{\"@id\":\"https:\/\/lydaily.vn\/jp\/san-pham\/vien-uong-chong-dot-quy-natto-kinase-4000fu-60-vien\/#primaryimage\"},\"image\":{\"@id\":\"https:\/\/lydaily.vn\/jp\/san-pham\/vien-uong-chong-dot-quy-natto-kinase-4000fu-60-vien\/#primaryimage\"},\"thumbnailUrl\":\"https:\/\/lydaily.vn\/jp\/wp-content\/uploads\/2026\/02\/Vien-Uong-Chong-Dot-Quy-Natto-Kinase-4000FU-60-Vien.jpg\",\"datePublished\":\"2026-02-27T11:31:47+00:00\",\"dateModified\":\"2026-03-13T04:44:56+00:00\",\"breadcrumb\":{\"@id\":\"https:\/\/lydaily.vn\/jp\/san-pham\/vien-uong-chong-dot-quy-natto-kinase-4000fu-60-vien\/#breadcrumb\"},\"inLanguage\":\"vi\",\"potentialAction\":[{\"@type\":\"ReadAction\",\"target\":[\"https:\/\/lydaily.vn\/jp\/san-pham\/vien-uong-chong-dot-quy-natto-kinase-4000fu-60-vien\/\"]}]},{\"@type\":\"ImageObject\",\"inLanguage\":\"vi\",\"@id\":\"https:\/\/lydaily.vn\/jp\/san-pham\/vien-uong-chong-dot-quy-natto-kinase-4000fu-60-vien\/#primaryimage\",\"url\":\"https:\/\/lydaily.vn\/jp\/wp-content\/uploads\/2026\/02\/Vien-Uong-Chong-Dot-Quy-Natto-Kinase-4000FU-60-Vien.jpg\",\"contentUrl\":\"https:\/\/lydaily.vn\/jp\/wp-content\/uploads\/2026\/02\/Vien-Uong-Chong-Dot-Quy-Natto-Kinase-4000FU-60-Vien.jpg\",\"width\":600,\"height\":600},{\"@type\":\"BreadcrumbList\",\"@id\":\"https:\/\/lydaily.vn\/jp\/san-pham\/vien-uong-chong-dot-quy-natto-kinase-4000fu-60-vien\/#breadcrumb\",\"itemListElement\":[{\"@type\":\"ListItem\",\"position\":1,\"name\":\"Home\",\"item\":\"https:\/\/lydaily.vn\/jp\/\"},{\"@type\":\"ListItem\",\"position\":2,\"name\":\"S\u1ea3n ph\u1ea9m\",\"item\":\"https:\/\/lydaily.vn\/jp\/san-pham\/\"},{\"@type\":\"ListItem\",\"position\":3,\"name\":\"Vi\u00ean U\u1ed1ng Ch\u1ed1ng \u0110\u1ed9t Qu\u1ef5 Natto Kinase 4000FU (60 Vi\u00ean)\"}]},{\"@type\":\"WebSite\",\"@id\":\"https:\/\/lydaily.vn\/jp\/#website\",\"url\":\"https:\/\/lydaily.vn\/jp\/\",\"name\":\"Ly Daily\",\"description\":\"Th\u1ef1c Ph\u1ea9m Ch\u1ee9c N\u0103ng &amp; M\u1ef9 Ph\u1ea9m t\u1ea1i Nh\u1eadt B\u1ea3n v\u00e0 Vi\u1ec7t Nam\",\"potentialAction\":[{\"@type\":\"SearchAction\",\"target\":{\"@type\":\"EntryPoint\",\"urlTemplate\":\"https:\/\/lydaily.vn\/jp\/?s={search_term_string}\"},\"query-input\":{\"@type\":\"PropertyValueSpecification\",\"valueRequired\":true,\"valueName\":\"search_term_string\"}}],\"inLanguage\":\"vi\"}]}<\/script>\n<!-- \/ Yoast SEO Premium plugin. -->","yoast_head_json":{"title":"Vi\u00ean U\u1ed1ng Ch\u1ed1ng \u0110\u1ed9t Qu\u1ef5 Natto Kinase 4000FU (60 Vi\u00ean) - Ly Daily","robots":{"index":"index","follow":"follow","max-snippet":"max-snippet:-1","max-image-preview":"max-image-preview:large","max-video-preview":"max-video-preview:-1"},"canonical":"https:\/\/lydaily.vn\/jp\/san-pham\/vien-uong-chong-dot-quy-natto-kinase-4000fu-60-vien\/","og_locale":"vi_VN","og_type":"article","og_title":"Vi\u00ean U\u1ed1ng Ch\u1ed1ng \u0110\u1ed9t Qu\u1ef5 Natto Kinase 4000FU (60 Vi\u00ean)","og_description":"- -C\u1ea3i thi\u1ec7n t\u00ecnh trang suy gi\u1ea3m tr\u00ed nh\u1edb  - Lecithin h\u1ed7 tr\u1ee3 chuy\u1ec3n h\u00f3a lipt trong m\u00e1u, ng\u0103n ch\u1eb7n h\u00ecnh th\u00e0nh cholesterol gi\u00fap lo\u1ea1i b\u1ecf m\u1ee1 trong m\u00e1u,\u00a0gi\u1ea3m chrolesterol x\u1ea5u,\u00a0ch\u1ed1ng x\u01a1 v\u1eefa \u0111\u1ed9ng m\u1ea1ch.  - T\u0103ng c\u01b0\u1eddng d\u01b0\u1ee1ng ch\u1ea5t b\u1ed5 n\u00e3o, gi\u00fap h\u1ec7 th\u1ea7n kinh ho\u1ea1t \u0111\u1ed9ng hi\u1ec7u qu\u1ea3  - Ng\u1eafn ng\u1eeba v\u00e0\u00a0 ti\u00eau m\u00e1u \u0111\u00f4ng, th\u00fac \u0111\u1ea9y l\u01b0u th\u00f4ng m\u00e1u l\u00ean n\u00e3o","og_url":"https:\/\/lydaily.vn\/jp\/san-pham\/vien-uong-chong-dot-quy-natto-kinase-4000fu-60-vien\/","og_site_name":"Ly Daily","article_modified_time":"2026-03-13T04:44:56+00:00","og_image":[{"width":600,"height":600,"url":"https:\/\/lydaily.vn\/jp\/wp-content\/uploads\/2026\/02\/Vien-Uong-Chong-Dot-Quy-Natto-Kinase-4000FU-60-Vien.jpg","type":"image\/jpeg"}],"twitter_card":"summary_large_image","twitter_misc":{"\u01af\u1edbc t\u00ednh th\u1eddi gian \u0111\u1ecdc":"2 ph\u00fat"},"schema":{"@context":"https:\/\/schema.org","@graph":[{"@type":"WebPage","@id":"https:\/\/lydaily.vn\/jp\/san-pham\/vien-uong-chong-dot-quy-natto-kinase-4000fu-60-vien\/","url":"https:\/\/lydaily.vn\/jp\/san-pham\/vien-uong-chong-dot-quy-natto-kinase-4000fu-60-vien\/","name":"Vi\u00ean U\u1ed1ng Ch\u1ed1ng \u0110\u1ed9t Qu\u1ef5 Natto Kinase 4000FU (60 Vi\u00ean) - Ly Daily","isPartOf":{"@id":"https:\/\/lydaily.vn\/jp\/#website"},"primaryImageOfPage":{"@id":"https:\/\/lydaily.vn\/jp\/san-pham\/vien-uong-chong-dot-quy-natto-kinase-4000fu-60-vien\/#primaryimage"},"image":{"@id":"https:\/\/lydaily.vn\/jp\/san-pham\/vien-uong-chong-dot-quy-natto-kinase-4000fu-60-vien\/#primaryimage"},"thumbnailUrl":"https:\/\/lydaily.vn\/jp\/wp-content\/uploads\/2026\/02\/Vien-Uong-Chong-Dot-Quy-Natto-Kinase-4000FU-60-Vien.jpg","datePublished":"2026-02-27T11:31:47+00:00","dateModified":"2026-03-13T04:44:56+00:00","breadcrumb":{"@id":"https:\/\/lydaily.vn\/jp\/san-pham\/vien-uong-chong-dot-quy-natto-kinase-4000fu-60-vien\/#breadcrumb"},"inLanguage":"vi","potentialAction":[{"@type":"ReadAction","target":["https:\/\/lydaily.vn\/jp\/san-pham\/vien-uong-chong-dot-quy-natto-kinase-4000fu-60-vien\/"]}]},{"@type":"ImageObject","inLanguage":"vi","@id":"https:\/\/lydaily.vn\/jp\/san-pham\/vien-uong-chong-dot-quy-natto-kinase-4000fu-60-vien\/#primaryimage","url":"https:\/\/lydaily.vn\/jp\/wp-content\/uploads\/2026\/02\/Vien-Uong-Chong-Dot-Quy-Natto-Kinase-4000FU-60-Vien.jpg","contentUrl":"https:\/\/lydaily.vn\/jp\/wp-content\/uploads\/2026\/02\/Vien-Uong-Chong-Dot-Quy-Natto-Kinase-4000FU-60-Vien.jpg","width":600,"height":600},{"@type":"BreadcrumbList","@id":"https:\/\/lydaily.vn\/jp\/san-pham\/vien-uong-chong-dot-quy-natto-kinase-4000fu-60-vien\/#breadcrumb","itemListElement":[{"@type":"ListItem","position":1,"name":"Home","item":"https:\/\/lydaily.vn\/jp\/"},{"@type":"ListItem","position":2,"name":"S\u1ea3n ph\u1ea9m","item":"https:\/\/lydaily.vn\/jp\/san-pham\/"},{"@type":"ListItem","position":3,"name":"Vi\u00ean U\u1ed1ng Ch\u1ed1ng \u0110\u1ed9t Qu\u1ef5 Natto Kinase 4000FU (60 Vi\u00ean)"}]},{"@type":"WebSite","@id":"https:\/\/lydaily.vn\/jp\/#website","url":"https:\/\/lydaily.vn\/jp\/","name":"Ly Daily","description":"Th\u1ef1c Ph\u1ea9m Ch\u1ee9c N\u0103ng &amp; M\u1ef9 Ph\u1ea9m t\u1ea1i Nh\u1eadt B\u1ea3n v\u00e0 Vi\u1ec7t Nam","potentialAction":[{"@type":"SearchAction","target":{"@type":"EntryPoint","urlTemplate":"https:\/\/lydaily.vn\/jp\/?s={search_term_string}"},"query-input":{"@type":"PropertyValueSpecification","valueRequired":true,"valueName":"search_term_string"}}],"inLanguage":"vi"}]}},"_links":{"self":[{"href":"https:\/\/lydaily.vn\/jp\/wp-json\/wp\/v2\/product\/192","targetHints":{"allow":["GET"]}}],"collection":[{"href":"https:\/\/lydaily.vn\/jp\/wp-json\/wp\/v2\/product"}],"about":[{"href":"https:\/\/lydaily.vn\/jp\/wp-json\/wp\/v2\/types\/product"}],"replies":[{"embeddable":true,"href":"https:\/\/lydaily.vn\/jp\/wp-json\/wp\/v2\/comments?post=192"}],"wp:featuredmedia":[{"embeddable":true,"href":"https:\/\/lydaily.vn\/jp\/wp-json\/wp\/v2\/media\/193"}],"wp:attachment":[{"href":"https:\/\/lydaily.vn\/jp\/wp-json\/wp\/v2\/media?parent=192"}],"wp:term":[{"taxonomy":"product_brand","embeddable":true,"href":"https:\/\/lydaily.vn\/jp\/wp-json\/wp\/v2\/product_brand?post=192"},{"taxonomy":"product_cat","embeddable":true,"href":"https:\/\/lydaily.vn\/jp\/wp-json\/wp\/v2\/product_cat?post=192"},{"taxonomy":"product_tag","embeddable":true,"href":"https:\/\/lydaily.vn\/jp\/wp-json\/wp\/v2\/product_tag?post=192"}],"curies":[{"name":"wp","href":"https:\/\/api.w.org\/{rel}","templated":true}]}}