{"id":190,"date":"2026-02-27T11:26:41","date_gmt":"2026-02-27T11:26:41","guid":{"rendered":"https:\/\/lydaily.qweb.com.vn\/?post_type=product&#038;p=190"},"modified":"2026-03-13T04:44:08","modified_gmt":"2026-03-13T04:44:08","slug":"vien-dau-ca-hoi-pure-alaska-omega-3-wild-salmon-oil-333mg-540v-nhat-ban-tokyo","status":"publish","type":"product","link":"https:\/\/lydaily.vn\/jp\/san-pham\/vien-dau-ca-hoi-pure-alaska-omega-3-wild-salmon-oil-333mg-540v-nhat-ban-tokyo\/","title":{"rendered":"Vi\u00ean d\u1ea7u c\u00e1 h\u1ed3i Pure Alaska Omega-3 Wild Salmon Oil 333mg 540v Nh\u1eadt B\u1ea3n &#8211; Tokyo"},"content":{"rendered":"<p><i>Omega 3 Pure Alaska Omega 333mg ch\u1ee9a h\u00e0m l\u01b0\u1ee3ng Omega 3 v\u00e0 c\u00e1c d\u01b0\u1ee1ng ch\u1ea5t \u0111\u01b0\u1ee3c chi\u1ebft xu\u1ea5t t\u1eeb c\u00e1 h\u1ed3i \u0111\u1ea1i d\u01b0\u01a1ng Alaska s\u1ea1ch, h\u1ed7 tr\u1ee3 ch\u0103m s\u00f3c m\u1eaft, tim m\u1ea1ch..d\u00f9ng \u0111\u01b0\u1ee3c cho c\u1ea3 ng\u01b0\u1eddi l\u1edbn<\/i><\/p>\n<h3><b>C\u00f4ng d\u1ee5ng Omega 3 Pure Alaska Omega 333mg Nh\u1eadt<\/b><\/h3>\n<ul>\n<li aria-level=\"1\">H\u1ed7 tr\u1ee3 cung c\u1ea5p l\u01b0\u1ee3ng omega 3, axit b\u00e9o m\u1ed7i ng\u00e0y cho c\u01a1 th\u1ec3.<\/li>\n<li aria-level=\"1\">H\u1ed7 tr\u1ee3 kh\u1eafc ph\u1ee5c v\u00e0 ng\u0103n ng\u1eeba c\u00e1c b\u1ec7nh nh\u01b0: tim m\u1ea1ch, huy\u1ebft \u00e1p,<\/li>\n<li aria-level=\"1\">H\u1ed7 tr\u1ee3 t\u0103ng c\u01b0\u1eddng s\u1ee9c kho\u1ebb cho \u0111\u00f4i m\u1eaft, h\u1ea1n ch\u1ebf: m\u1ecfi m\u1eaft, m\u1edd, qu\u00e1ng g\u00e0, kh\u00f4 m\u1eaft..<\/li>\n<li aria-level=\"1\">C\u1ea3i thi\u1ec7n tr\u00ed nh\u1edb, s\u1ef1 t\u1eadp trung \u1edf ng\u01b0\u1eddi l\u1edbn, ph\u00e1t tri\u1ec3n n\u00e3o \u1edf tr\u1ebb em.<\/li>\n<li aria-level=\"1\">H\u1ed7 tr\u1ee3 gi\u1ea3m h\u00ecnh th\u00e0nh m\u1ee1 th\u1eeba, thay \u0111\u1ed5i c\u00e2n n\u1eb7ng, ph\u00f2ng \u0111\u01b0\u1ee3c b\u1ec7nh m\u1ee1 m\u00e1u, gan nhi\u1ec5m m\u1ee1,\u00a0\u0111\u1ed9t qu\u1ef5<\/li>\n<li aria-level=\"1\">\u0110\u1ed3ng th\u1eddi, d\u01b0\u1ee1ng da kho\u1ebb \u0111\u1eb9p, m\u1ecbn m\u00e0ng.<\/li>\n<\/ul>\n","protected":false},"excerpt":{"rendered":"<ul>\n<li aria-level=\"1\">Th\u01b0\u01a1ng hi\u1ec7u: Pure Alaska Omega<\/li>\n<li aria-level=\"1\">Xu\u1ea5t x\u1ee9: Nh\u1eadt B\u1ea3n<\/li>\n<li aria-level=\"1\">Quy c\u00e1ch: Vi\u00ean n\u00e9n<\/li>\n<\/ul>\n","protected":false},"featured_media":191,"comment_status":"open","ping_status":"closed","template":"","meta":[],"product_brand":[],"product_cat":[21],"product_tag":[],"class_list":{"0":"post-190","1":"product","2":"type-product","3":"status-publish","4":"has-post-thumbnail","6":"product_cat-thuc-pham-chuc-nang","8":"first","9":"instock","10":"shipping-taxable","11":"purchasable","12":"product-type-simple"},"yoast_head":"<!-- This site is optimized with the Yoast SEO Premium plugin v22.3 (Yoast SEO v27.1.1) - https:\/\/yoast.com\/product\/yoast-seo-premium-wordpress\/ -->\n<title>Vi\u00ean d\u1ea7u c\u00e1 h\u1ed3i Pure Alaska Omega-3 Wild Salmon Oil 333mg 540v Nh\u1eadt B\u1ea3n - Tokyo - Ly Daily<\/title>\n<meta name=\"robots\" content=\"index, follow, max-snippet:-1, max-image-preview:large, max-video-preview:-1\" \/>\n<link rel=\"canonical\" href=\"https:\/\/lydaily.vn\/jp\/san-pham\/vien-dau-ca-hoi-pure-alaska-omega-3-wild-salmon-oil-333mg-540v-nhat-ban-tokyo\/\" \/>\n<meta property=\"og:locale\" content=\"vi_VN\" \/>\n<meta property=\"og:type\" content=\"article\" \/>\n<meta property=\"og:title\" content=\"Vi\u00ean d\u1ea7u c\u00e1 h\u1ed3i Pure Alaska Omega-3 Wild Salmon Oil 333mg 540v Nh\u1eadt B\u1ea3n - Tokyo\" \/>\n<meta property=\"og:description\" content=\"Th\u01b0\u01a1ng hi\u1ec7u: Pure Alaska Omega  Xu\u1ea5t x\u1ee9: Nh\u1eadt B\u1ea3n  Quy c\u00e1ch: Vi\u00ean n\u00e9n\" \/>\n<meta property=\"og:url\" content=\"https:\/\/lydaily.vn\/jp\/san-pham\/vien-dau-ca-hoi-pure-alaska-omega-3-wild-salmon-oil-333mg-540v-nhat-ban-tokyo\/\" \/>\n<meta property=\"og:site_name\" content=\"Ly Daily\" \/>\n<meta property=\"article:modified_time\" content=\"2026-03-13T04:44:08+00:00\" \/>\n<meta property=\"og:image\" content=\"https:\/\/lydaily.vn\/jp\/wp-content\/uploads\/2026\/02\/Vien-dau-ca-hoi-Pure-Alaska-Omega-3-Wild-Salmon-Oil-333mg-540v-Nhat-Ban-Tokyo.webp\" \/>\n\t<meta property=\"og:image:width\" content=\"800\" \/>\n\t<meta property=\"og:image:height\" content=\"800\" \/>\n\t<meta property=\"og:image:type\" content=\"image\/webp\" \/>\n<meta name=\"twitter:card\" content=\"summary_large_image\" \/>\n<meta name=\"twitter:label1\" content=\"\u01af\u1edbc t\u00ednh th\u1eddi gian \u0111\u1ecdc\" \/>\n\t<meta name=\"twitter:data1\" content=\"1 ph\u00fat\" \/>\n<script type=\"application\/ld+json\" class=\"yoast-schema-graph\">{\"@context\":\"https:\/\/schema.org\",\"@graph\":[{\"@type\":\"WebPage\",\"@id\":\"https:\/\/lydaily.vn\/jp\/san-pham\/vien-dau-ca-hoi-pure-alaska-omega-3-wild-salmon-oil-333mg-540v-nhat-ban-tokyo\/\",\"url\":\"https:\/\/lydaily.vn\/jp\/san-pham\/vien-dau-ca-hoi-pure-alaska-omega-3-wild-salmon-oil-333mg-540v-nhat-ban-tokyo\/\",\"name\":\"Vi\u00ean d\u1ea7u c\u00e1 h\u1ed3i Pure Alaska Omega-3 Wild Salmon Oil 333mg 540v Nh\u1eadt B\u1ea3n - Tokyo - Ly Daily\",\"isPartOf\":{\"@id\":\"https:\/\/lydaily.vn\/jp\/#website\"},\"primaryImageOfPage\":{\"@id\":\"https:\/\/lydaily.vn\/jp\/san-pham\/vien-dau-ca-hoi-pure-alaska-omega-3-wild-salmon-oil-333mg-540v-nhat-ban-tokyo\/#primaryimage\"},\"image\":{\"@id\":\"https:\/\/lydaily.vn\/jp\/san-pham\/vien-dau-ca-hoi-pure-alaska-omega-3-wild-salmon-oil-333mg-540v-nhat-ban-tokyo\/#primaryimage\"},\"thumbnailUrl\":\"https:\/\/lydaily.vn\/jp\/wp-content\/uploads\/2026\/02\/Vien-dau-ca-hoi-Pure-Alaska-Omega-3-Wild-Salmon-Oil-333mg-540v-Nhat-Ban-Tokyo.webp\",\"datePublished\":\"2026-02-27T11:26:41+00:00\",\"dateModified\":\"2026-03-13T04:44:08+00:00\",\"breadcrumb\":{\"@id\":\"https:\/\/lydaily.vn\/jp\/san-pham\/vien-dau-ca-hoi-pure-alaska-omega-3-wild-salmon-oil-333mg-540v-nhat-ban-tokyo\/#breadcrumb\"},\"inLanguage\":\"vi\",\"potentialAction\":[{\"@type\":\"ReadAction\",\"target\":[\"https:\/\/lydaily.vn\/jp\/san-pham\/vien-dau-ca-hoi-pure-alaska-omega-3-wild-salmon-oil-333mg-540v-nhat-ban-tokyo\/\"]}]},{\"@type\":\"ImageObject\",\"inLanguage\":\"vi\",\"@id\":\"https:\/\/lydaily.vn\/jp\/san-pham\/vien-dau-ca-hoi-pure-alaska-omega-3-wild-salmon-oil-333mg-540v-nhat-ban-tokyo\/#primaryimage\",\"url\":\"https:\/\/lydaily.vn\/jp\/wp-content\/uploads\/2026\/02\/Vien-dau-ca-hoi-Pure-Alaska-Omega-3-Wild-Salmon-Oil-333mg-540v-Nhat-Ban-Tokyo.webp\",\"contentUrl\":\"https:\/\/lydaily.vn\/jp\/wp-content\/uploads\/2026\/02\/Vien-dau-ca-hoi-Pure-Alaska-Omega-3-Wild-Salmon-Oil-333mg-540v-Nhat-Ban-Tokyo.webp\",\"width\":800,\"height\":800},{\"@type\":\"BreadcrumbList\",\"@id\":\"https:\/\/lydaily.vn\/jp\/san-pham\/vien-dau-ca-hoi-pure-alaska-omega-3-wild-salmon-oil-333mg-540v-nhat-ban-tokyo\/#breadcrumb\",\"itemListElement\":[{\"@type\":\"ListItem\",\"position\":1,\"name\":\"Home\",\"item\":\"https:\/\/lydaily.vn\/jp\/\"},{\"@type\":\"ListItem\",\"position\":2,\"name\":\"S\u1ea3n ph\u1ea9m\",\"item\":\"https:\/\/lydaily.vn\/jp\/san-pham\/\"},{\"@type\":\"ListItem\",\"position\":3,\"name\":\"Vi\u00ean d\u1ea7u c\u00e1 h\u1ed3i Pure Alaska Omega-3 Wild Salmon Oil 333mg 540v Nh\u1eadt B\u1ea3n &#8211; Tokyo\"}]},{\"@type\":\"WebSite\",\"@id\":\"https:\/\/lydaily.vn\/jp\/#website\",\"url\":\"https:\/\/lydaily.vn\/jp\/\",\"name\":\"Ly Daily\",\"description\":\"Th\u1ef1c Ph\u1ea9m Ch\u1ee9c N\u0103ng &amp; M\u1ef9 Ph\u1ea9m t\u1ea1i Nh\u1eadt B\u1ea3n v\u00e0 Vi\u1ec7t Nam\",\"potentialAction\":[{\"@type\":\"SearchAction\",\"target\":{\"@type\":\"EntryPoint\",\"urlTemplate\":\"https:\/\/lydaily.vn\/jp\/?s={search_term_string}\"},\"query-input\":{\"@type\":\"PropertyValueSpecification\",\"valueRequired\":true,\"valueName\":\"search_term_string\"}}],\"inLanguage\":\"vi\"}]}<\/script>\n<!-- \/ Yoast SEO Premium plugin. -->","yoast_head_json":{"title":"Vi\u00ean d\u1ea7u c\u00e1 h\u1ed3i Pure Alaska Omega-3 Wild Salmon Oil 333mg 540v Nh\u1eadt B\u1ea3n - Tokyo - Ly Daily","robots":{"index":"index","follow":"follow","max-snippet":"max-snippet:-1","max-image-preview":"max-image-preview:large","max-video-preview":"max-video-preview:-1"},"canonical":"https:\/\/lydaily.vn\/jp\/san-pham\/vien-dau-ca-hoi-pure-alaska-omega-3-wild-salmon-oil-333mg-540v-nhat-ban-tokyo\/","og_locale":"vi_VN","og_type":"article","og_title":"Vi\u00ean d\u1ea7u c\u00e1 h\u1ed3i Pure Alaska Omega-3 Wild Salmon Oil 333mg 540v Nh\u1eadt B\u1ea3n - Tokyo","og_description":"Th\u01b0\u01a1ng hi\u1ec7u: Pure Alaska Omega  Xu\u1ea5t x\u1ee9: Nh\u1eadt B\u1ea3n  Quy c\u00e1ch: Vi\u00ean n\u00e9n","og_url":"https:\/\/lydaily.vn\/jp\/san-pham\/vien-dau-ca-hoi-pure-alaska-omega-3-wild-salmon-oil-333mg-540v-nhat-ban-tokyo\/","og_site_name":"Ly Daily","article_modified_time":"2026-03-13T04:44:08+00:00","og_image":[{"width":800,"height":800,"url":"https:\/\/lydaily.vn\/jp\/wp-content\/uploads\/2026\/02\/Vien-dau-ca-hoi-Pure-Alaska-Omega-3-Wild-Salmon-Oil-333mg-540v-Nhat-Ban-Tokyo.webp","type":"image\/webp"}],"twitter_card":"summary_large_image","twitter_misc":{"\u01af\u1edbc t\u00ednh th\u1eddi gian \u0111\u1ecdc":"1 ph\u00fat"},"schema":{"@context":"https:\/\/schema.org","@graph":[{"@type":"WebPage","@id":"https:\/\/lydaily.vn\/jp\/san-pham\/vien-dau-ca-hoi-pure-alaska-omega-3-wild-salmon-oil-333mg-540v-nhat-ban-tokyo\/","url":"https:\/\/lydaily.vn\/jp\/san-pham\/vien-dau-ca-hoi-pure-alaska-omega-3-wild-salmon-oil-333mg-540v-nhat-ban-tokyo\/","name":"Vi\u00ean d\u1ea7u c\u00e1 h\u1ed3i Pure Alaska Omega-3 Wild Salmon Oil 333mg 540v Nh\u1eadt B\u1ea3n - Tokyo - Ly Daily","isPartOf":{"@id":"https:\/\/lydaily.vn\/jp\/#website"},"primaryImageOfPage":{"@id":"https:\/\/lydaily.vn\/jp\/san-pham\/vien-dau-ca-hoi-pure-alaska-omega-3-wild-salmon-oil-333mg-540v-nhat-ban-tokyo\/#primaryimage"},"image":{"@id":"https:\/\/lydaily.vn\/jp\/san-pham\/vien-dau-ca-hoi-pure-alaska-omega-3-wild-salmon-oil-333mg-540v-nhat-ban-tokyo\/#primaryimage"},"thumbnailUrl":"https:\/\/lydaily.vn\/jp\/wp-content\/uploads\/2026\/02\/Vien-dau-ca-hoi-Pure-Alaska-Omega-3-Wild-Salmon-Oil-333mg-540v-Nhat-Ban-Tokyo.webp","datePublished":"2026-02-27T11:26:41+00:00","dateModified":"2026-03-13T04:44:08+00:00","breadcrumb":{"@id":"https:\/\/lydaily.vn\/jp\/san-pham\/vien-dau-ca-hoi-pure-alaska-omega-3-wild-salmon-oil-333mg-540v-nhat-ban-tokyo\/#breadcrumb"},"inLanguage":"vi","potentialAction":[{"@type":"ReadAction","target":["https:\/\/lydaily.vn\/jp\/san-pham\/vien-dau-ca-hoi-pure-alaska-omega-3-wild-salmon-oil-333mg-540v-nhat-ban-tokyo\/"]}]},{"@type":"ImageObject","inLanguage":"vi","@id":"https:\/\/lydaily.vn\/jp\/san-pham\/vien-dau-ca-hoi-pure-alaska-omega-3-wild-salmon-oil-333mg-540v-nhat-ban-tokyo\/#primaryimage","url":"https:\/\/lydaily.vn\/jp\/wp-content\/uploads\/2026\/02\/Vien-dau-ca-hoi-Pure-Alaska-Omega-3-Wild-Salmon-Oil-333mg-540v-Nhat-Ban-Tokyo.webp","contentUrl":"https:\/\/lydaily.vn\/jp\/wp-content\/uploads\/2026\/02\/Vien-dau-ca-hoi-Pure-Alaska-Omega-3-Wild-Salmon-Oil-333mg-540v-Nhat-Ban-Tokyo.webp","width":800,"height":800},{"@type":"BreadcrumbList","@id":"https:\/\/lydaily.vn\/jp\/san-pham\/vien-dau-ca-hoi-pure-alaska-omega-3-wild-salmon-oil-333mg-540v-nhat-ban-tokyo\/#breadcrumb","itemListElement":[{"@type":"ListItem","position":1,"name":"Home","item":"https:\/\/lydaily.vn\/jp\/"},{"@type":"ListItem","position":2,"name":"S\u1ea3n ph\u1ea9m","item":"https:\/\/lydaily.vn\/jp\/san-pham\/"},{"@type":"ListItem","position":3,"name":"Vi\u00ean d\u1ea7u c\u00e1 h\u1ed3i Pure Alaska Omega-3 Wild Salmon Oil 333mg 540v Nh\u1eadt B\u1ea3n &#8211; Tokyo"}]},{"@type":"WebSite","@id":"https:\/\/lydaily.vn\/jp\/#website","url":"https:\/\/lydaily.vn\/jp\/","name":"Ly Daily","description":"Th\u1ef1c Ph\u1ea9m Ch\u1ee9c N\u0103ng &amp; M\u1ef9 Ph\u1ea9m t\u1ea1i Nh\u1eadt B\u1ea3n v\u00e0 Vi\u1ec7t Nam","potentialAction":[{"@type":"SearchAction","target":{"@type":"EntryPoint","urlTemplate":"https:\/\/lydaily.vn\/jp\/?s={search_term_string}"},"query-input":{"@type":"PropertyValueSpecification","valueRequired":true,"valueName":"search_term_string"}}],"inLanguage":"vi"}]}},"_links":{"self":[{"href":"https:\/\/lydaily.vn\/jp\/wp-json\/wp\/v2\/product\/190","targetHints":{"allow":["GET"]}}],"collection":[{"href":"https:\/\/lydaily.vn\/jp\/wp-json\/wp\/v2\/product"}],"about":[{"href":"https:\/\/lydaily.vn\/jp\/wp-json\/wp\/v2\/types\/product"}],"replies":[{"embeddable":true,"href":"https:\/\/lydaily.vn\/jp\/wp-json\/wp\/v2\/comments?post=190"}],"wp:featuredmedia":[{"embeddable":true,"href":"https:\/\/lydaily.vn\/jp\/wp-json\/wp\/v2\/media\/191"}],"wp:attachment":[{"href":"https:\/\/lydaily.vn\/jp\/wp-json\/wp\/v2\/media?parent=190"}],"wp:term":[{"taxonomy":"product_brand","embeddable":true,"href":"https:\/\/lydaily.vn\/jp\/wp-json\/wp\/v2\/product_brand?post=190"},{"taxonomy":"product_cat","embeddable":true,"href":"https:\/\/lydaily.vn\/jp\/wp-json\/wp\/v2\/product_cat?post=190"},{"taxonomy":"product_tag","embeddable":true,"href":"https:\/\/lydaily.vn\/jp\/wp-json\/wp\/v2\/product_tag?post=190"}],"curies":[{"name":"wp","href":"https:\/\/api.w.org\/{rel}","templated":true}]}}