{"id":186,"date":"2026-02-27T11:12:40","date_gmt":"2026-02-27T11:12:40","guid":{"rendered":"https:\/\/lydaily.qweb.com.vn\/?post_type=product&#038;p=186"},"modified":"2026-03-13T04:42:52","modified_gmt":"2026-03-13T04:42:52","slug":"thuc-pham-chuc-nang-tao-nau-fucoidan-okinawa-kanehide-bio-180-vien-nhat-ban","status":"publish","type":"product","link":"https:\/\/lydaily.vn\/jp\/san-pham\/thuc-pham-chuc-nang-tao-nau-fucoidan-okinawa-kanehide-bio-180-vien-nhat-ban\/","title":{"rendered":"Th\u1ef1c ph\u1ea9m ch\u1ee9c n\u0103ng T\u1ea3o n\u00e2u Fucoidan Okinawa Kanehide Bio 180 vi\u00ean Nh\u1eadt B\u1ea3n"},"content":{"rendered":"<h3>Kanehide Bio Okinawa Fucoidan c\u00f3 t\u1ed1t kh\u00f4ng?<\/h3>\n<p><u>Th\u01b0\u01a1ng hi\u1ec7u uy t\u00edn<\/u><\/p>\n<p>Okinawa Fucoidan Kanehide Bio 180 vi\u00ean c\u00f3 xu\u1ea5t x\u1ee9 t\u1eeb Nh\u1eadt B\u1ea3n (Kanehide Bio Co., Ltd). S\u1edf h\u1eefu\u00a0nh\u00e0 m\u00e1y hi\u1ec7n \u0111\u1ea1i, ti\u00ean phong \u1ee9ng d\u1ee5ng c\u00f4ng ngh\u1ec7 t\u1ea1o h\u1ea1t\u00a0nano trong s\u1ea3n xu\u1ea5t fucoidan (\u0111\u00e3 \u0111\u01b0\u1ee3c c\u1ea5p b\u1eb1ng s\u00e1ng ch\u1ebf b\u1edfi vi\u1ec7n qu\u1ed1c gia khoa h\u1ecdc c\u00f4ng nghi\u1ec7p &amp; c\u00f4ng ngh\u1ec7 AIST\u00a0&#8211;\u00a0Tokyo). V\u1edbi ti\u00eau chu\u1ea9n ch\u1ea5t l\u01b0\u1ee3ng cao, \u0111\u01b0\u1ee3c qu\u1ea3n l\u00fd ch\u1eb7t ch\u1ebd b\u1edfi c\u00e1c chuy\u00ean gia.\u00a0C\u00f3 ch\u1ee9ng nh\u1eadn:\u00a0ISO 22000 v\u00e0 ISO 9001 &#8211;\u00a0JAS &#8211;\u00a0HACCP &#8211;\u00a0GMP t\u1ea1i Nh\u1eadt B\u1ea3n.<\/p>\n<p><u>Th\u00e0nh ph\u1ea7n an to\u00e0n<\/u><\/p>\n<p>Ngu\u1ed3n th\u00e0nh ph\u1ea7n \u0111\u00e3 ki\u1ec3m \u0111\u1ecbnh l\u00e0 an to\u00e0n\u00a0s\u1ee9c kh\u1ecfe, kh\u00f4ng g\u00e2y t\u00e1c d\u1ee5ng ph\u1ee5 khi b\u1ed5 sung l\u00e2u d\u00e0i. Chi\u1ebft xu\u1ea5t 100% t\u1eeb t\u1ea3o n\u00e2u Mozuku t\u1ef1 nhi\u00ean s\u1ed1ng \u1edf v\u00f9ng bi\u1ec3n s\u1ea1ch Okinawa. Chi\u1ebft t\u00e1ch theo tr\u1ecdng l\u01b0\u1ee3ng ph\u00e2n t\u1eed\u00a0v\u00e0\u00a0ph\u01b0\u01a1ng ph\u00e1p si\u00eau l\u1ecdc \u0111\u1ec3 thu \u0111\u01b0\u1ee3c fucoidan v\u1edbi \u0111\u1ed9 tinh khi\u1ebft cao (kh\u00f4ng s\u1ea5y kh\u00f4), gi\u1eef \u0111\u01b0\u1ee3c tr\u1ecdn v\u1eb9n d\u01b0\u1ee1ng ch\u1ea5t v\u00e0 kh\u00f4ng l\u00e0m v\u1ee1\u00a0c\u1ea5u tr\u00fac polysaccharide. H\u00e0m l\u01b0\u1ee3ng t\u00ednh to\u00e1n \u0111\u1ec3 ph\u00f9 h\u1ee3p v\u1edbi s\u1ef1 h\u1ea5p thu\u00a0c\u01a1 th\u1ec3.<\/p>\n<p>Ng\u01b0\u1eddi b\u00ecnh th\u01b0\u1eddng c\u00f3 n\u00ean u\u1ed1ng Fucoidan? C\u00f3. S\u1ea3n ph\u1ea9m d\u00e0nh cho m\u1ecdi \u0111\u1ed1i t\u01b0\u1ee3ng (&gt;18 tu\u1ed5i). Ri\u00eang v\u1edbi tr\u1ebb em, ph\u1ee5 n\u1eef mang thai v\u00e0 m\u1eb9 \u0111ang cho con b\u00fa, ng\u01b0\u1eddi d\u1ecb \u1ee9ng t\u1ea3o bi\u1ec3n,&#8230; c\u1ea7n t\u01b0 v\u1ea5n \u00fd ki\u1ebfn c\u00e1c\u00a0b\u00e1c s\u0129 tr\u01b0\u1edbc.<\/p>\n<p><u>D\u1ec5 d\u00e0ng s\u1eed d\u1ee5ng<\/u><\/p>\n<p>\u0110i\u1ec1u ch\u1ebf d\u1ea1ng vi\u00ean nang con nh\u1ed9ng, k\u00edch th\u01b0\u1edbc v\u1eeba ph\u1ea3i (kh\u00f4ng m\u00f9i v\u1ecb kh\u00f3 ch\u1ecbu) n\u00ean d\u1ec5 u\u1ed1ng d\u1ec5 nu\u1ed1t c\u00f9ng n\u01b0\u1edbc. H\u1ed9p th\u1ee7y tinh 180 capsules v\u1edbi n\u1eafp v\u1eb7n m\u1edf r\u1ea5t ch\u1eafc ch\u1eafn. Thi\u1ebft k\u1ebf\u00a0nh\u1ecf g\u1ecdn d\u1ec5 mang theo v\u00e0 s\u1eed d\u1ee5ng<\/p>\n<h3>C\u00f4ng\u00a0d\u1ee5ng c\u1ee7a Okinawa Fucoidan Kanehide Bio<\/h3>\n<p>T\u1ea3o n\u00e2u Mozuku ch\u1ee9a h\u00e0m l\u01b0\u1ee3ng fucoidan (1 lo\u1ea1i polysaccharide) cao nh\u1ea5t trong t\u1ea5t c\u1ea3 c\u00e1c lo\u1ea1i, v\u00e0 c\u00f2n nhi\u1ec1u vitamin &#8211; kho\u00e1ng ch\u1ea5t &#8211; acid amin thi\u1ebft y\u1ebfu. C\u00f3 t\u00e1c d\u1ee5ng gi\u00fap h\u1ed7 tr\u1ee3 ph\u00f2ng ng\u1eeba v\u00e0 \u0111i\u1ec1u tr\u1ecb ung th\u01b0, ch\u1ed1ng di c\u0103n v\u00e0\u00a0x\u00e2m l\u1ea5n sang\u00a0c\u00e1c t\u1ebf b\u00e0o b\u00ecnh th\u01b0\u1eddng, l\u00e0m gi\u1ea3m t\u00e1c d\u1ee5ng ph\u1ee5 c\u1ee7a h\u00f3a tr\u1ecb v\u00e0 x\u1ea1 tr\u1ecb trong \u0111i\u1ec1u tr\u1ecb ung th\u01b0.<\/p>\n<p>Fucoidan s\u1ebd t\u1ea1o th\u00e0nh l\u1edbp m\u00e0ng bao b\u1ecdc l\u1ea5y t\u1ebf b\u00e0o ung th\u01b0, ng\u0103n ng\u1eeba h\u00ecnh th\u00e0nh m\u1ea1ch m\u00e1u m\u1edbi xung quanh \u0111\u1ec3 c\u1eaft \u0111i ngu\u1ed3n dinh d\u01b0\u1ee1ng kh\u00f4ng cho t\u1ebf b\u00e0o ung th\u01b0 ph\u00e1t tri\u1ec3n. K\u00edch ho\u1ea1t l\u1ea1i chu\u00a0tr\u00ecnh t\u1ef1 h\u1ee7y (apoptosis), l\u00e0m cho t\u1ebf b\u00e0o ung th\u01b0 c\u0169ng\u00a0sinh ra v\u00e0 ch\u1ebft \u0111i nh\u01b0\u00a0t\u1ebf b\u00e0o b\u00ecnh th\u01b0\u1eddng. Cung c\u1ea5p d\u01b0\u1ee1ng ch\u1ea5t gi\u00fap\u00a0c\u01a1 th\u1ec3 kh\u00f4ng b\u1ecb suy ki\u1ec7t b\u1edfi bi\u1ec7t\u00a0ph\u00e1p can thi\u1ec7p, ph\u1ee5c h\u1ed3i ch\u1ee9c n\u0103ng b\u1ea1ch c\u1ea7u v\u00e0\u00a0qu\u00e1 tr\u00ecnh \u0111\u1ea1i th\u1ef1c b\u00e0o.<\/p>\n<p>\u2714 N\u00e2ng cao s\u1ee9c kh\u1ecfe t\u1ed5ng th\u1ec3 (t\u0103ng \u0111\u1ec1 kh\u00e1ng v\u00e0 t\u0103ng mi\u1ec5n d\u1ecbch), trung h\u00f2a\u00a0g\u1ed1c t\u1ef1 do g\u00e2y h\u1ea1i t\u1eeb b\u00ean trong.<\/p>\n<p>\u2714 Ph\u00f2ng ng\u1eeba m\u1eafc b\u1ec7nh v\u1ec1 tim m\u1ea1ch, gi\u1ea3m cholesterol, \u0111i\u1ec1u h\u00f2a huy\u1ebft \u00e1p, b\u1ea3o v\u1ec7 ni\u00eam m\u1ea1c c\u1ee7a d\u1ea1 d\u00e0y.<\/p>\n","protected":false},"excerpt":{"rendered":"<div class=\"rowl\">\n<p class=\"intro\">Vi\u00ean u\u1ed1ng t\u1ea3o n\u00e2u Fucoidan Okinawa Kanehide Bio 180 capsules h\u1ed9p xanh c\u1ee7a Nh\u1eadt B\u1ea3n. Thu\u1ed1c c\u00f3 c\u00f4ng d\u1ee5ng gi\u00fap t\u0103ng c\u01b0\u1eddng s\u1ee9c kh\u1ecfe, ng\u0103n ng\u1eeba v\u00e0 \u0111i\u1ec1u tr\u1ecb ung th\u01b0<\/p>\n<\/div>\n<div class=\"rowr\"><\/div>\n","protected":false},"featured_media":187,"comment_status":"open","ping_status":"closed","template":"","meta":[],"product_brand":[],"product_cat":[21],"product_tag":[],"class_list":{"0":"post-186","1":"product","2":"type-product","3":"status-publish","4":"has-post-thumbnail","6":"product_cat-thuc-pham-chuc-nang","8":"first","9":"instock","10":"shipping-taxable","11":"purchasable","12":"product-type-simple"},"yoast_head":"<!-- This site is optimized with the Yoast SEO Premium plugin v22.3 (Yoast SEO v27.1.1) - https:\/\/yoast.com\/product\/yoast-seo-premium-wordpress\/ -->\n<title>Th\u1ef1c ph\u1ea9m ch\u1ee9c n\u0103ng T\u1ea3o n\u00e2u Fucoidan Okinawa Kanehide Bio 180 vi\u00ean Nh\u1eadt B\u1ea3n - Ly Daily<\/title>\n<meta name=\"robots\" content=\"index, follow, max-snippet:-1, max-image-preview:large, max-video-preview:-1\" \/>\n<link rel=\"canonical\" href=\"https:\/\/lydaily.vn\/jp\/san-pham\/thuc-pham-chuc-nang-tao-nau-fucoidan-okinawa-kanehide-bio-180-vien-nhat-ban\/\" \/>\n<meta property=\"og:locale\" content=\"vi_VN\" \/>\n<meta property=\"og:type\" content=\"article\" \/>\n<meta property=\"og:title\" content=\"Th\u1ef1c ph\u1ea9m ch\u1ee9c n\u0103ng T\u1ea3o n\u00e2u Fucoidan Okinawa Kanehide Bio 180 vi\u00ean Nh\u1eadt B\u1ea3n\" \/>\n<meta property=\"og:description\" content=\"Vi\u00ean u\u1ed1ng t\u1ea3o n\u00e2u Fucoidan Okinawa Kanehide Bio 180 capsules h\u1ed9p xanh c\u1ee7a Nh\u1eadt B\u1ea3n. Thu\u1ed1c c\u00f3 c\u00f4ng d\u1ee5ng gi\u00fap t\u0103ng c\u01b0\u1eddng s\u1ee9c kh\u1ecfe, ng\u0103n ng\u1eeba v\u00e0 \u0111i\u1ec1u tr\u1ecb ung th\u01b0\" \/>\n<meta property=\"og:url\" content=\"https:\/\/lydaily.vn\/jp\/san-pham\/thuc-pham-chuc-nang-tao-nau-fucoidan-okinawa-kanehide-bio-180-vien-nhat-ban\/\" \/>\n<meta property=\"og:site_name\" content=\"Ly Daily\" \/>\n<meta property=\"article:modified_time\" content=\"2026-03-13T04:42:52+00:00\" \/>\n<meta property=\"og:image\" content=\"https:\/\/lydaily.vn\/jp\/wp-content\/uploads\/2026\/02\/Thuc-pham-chuc-nang-Tao-nau-Fucoidan-Okinawa-Kanehide-Bio-180-vien-Nhat-Ban.jpg\" \/>\n\t<meta property=\"og:image:width\" content=\"200\" \/>\n\t<meta property=\"og:image:height\" content=\"200\" \/>\n\t<meta property=\"og:image:type\" content=\"image\/jpeg\" \/>\n<meta name=\"twitter:card\" content=\"summary_large_image\" \/>\n<meta name=\"twitter:label1\" content=\"\u01af\u1edbc t\u00ednh th\u1eddi gian \u0111\u1ecdc\" \/>\n\t<meta name=\"twitter:data1\" content=\"3 ph\u00fat\" \/>\n<script type=\"application\/ld+json\" class=\"yoast-schema-graph\">{\"@context\":\"https:\/\/schema.org\",\"@graph\":[{\"@type\":\"WebPage\",\"@id\":\"https:\/\/lydaily.vn\/jp\/san-pham\/thuc-pham-chuc-nang-tao-nau-fucoidan-okinawa-kanehide-bio-180-vien-nhat-ban\/\",\"url\":\"https:\/\/lydaily.vn\/jp\/san-pham\/thuc-pham-chuc-nang-tao-nau-fucoidan-okinawa-kanehide-bio-180-vien-nhat-ban\/\",\"name\":\"Th\u1ef1c ph\u1ea9m ch\u1ee9c n\u0103ng T\u1ea3o n\u00e2u Fucoidan Okinawa Kanehide Bio 180 vi\u00ean Nh\u1eadt B\u1ea3n - Ly Daily\",\"isPartOf\":{\"@id\":\"https:\/\/lydaily.vn\/jp\/#website\"},\"primaryImageOfPage\":{\"@id\":\"https:\/\/lydaily.vn\/jp\/san-pham\/thuc-pham-chuc-nang-tao-nau-fucoidan-okinawa-kanehide-bio-180-vien-nhat-ban\/#primaryimage\"},\"image\":{\"@id\":\"https:\/\/lydaily.vn\/jp\/san-pham\/thuc-pham-chuc-nang-tao-nau-fucoidan-okinawa-kanehide-bio-180-vien-nhat-ban\/#primaryimage\"},\"thumbnailUrl\":\"https:\/\/lydaily.vn\/jp\/wp-content\/uploads\/2026\/02\/Thuc-pham-chuc-nang-Tao-nau-Fucoidan-Okinawa-Kanehide-Bio-180-vien-Nhat-Ban.jpg\",\"datePublished\":\"2026-02-27T11:12:40+00:00\",\"dateModified\":\"2026-03-13T04:42:52+00:00\",\"breadcrumb\":{\"@id\":\"https:\/\/lydaily.vn\/jp\/san-pham\/thuc-pham-chuc-nang-tao-nau-fucoidan-okinawa-kanehide-bio-180-vien-nhat-ban\/#breadcrumb\"},\"inLanguage\":\"vi\",\"potentialAction\":[{\"@type\":\"ReadAction\",\"target\":[\"https:\/\/lydaily.vn\/jp\/san-pham\/thuc-pham-chuc-nang-tao-nau-fucoidan-okinawa-kanehide-bio-180-vien-nhat-ban\/\"]}]},{\"@type\":\"ImageObject\",\"inLanguage\":\"vi\",\"@id\":\"https:\/\/lydaily.vn\/jp\/san-pham\/thuc-pham-chuc-nang-tao-nau-fucoidan-okinawa-kanehide-bio-180-vien-nhat-ban\/#primaryimage\",\"url\":\"https:\/\/lydaily.vn\/jp\/wp-content\/uploads\/2026\/02\/Thuc-pham-chuc-nang-Tao-nau-Fucoidan-Okinawa-Kanehide-Bio-180-vien-Nhat-Ban.jpg\",\"contentUrl\":\"https:\/\/lydaily.vn\/jp\/wp-content\/uploads\/2026\/02\/Thuc-pham-chuc-nang-Tao-nau-Fucoidan-Okinawa-Kanehide-Bio-180-vien-Nhat-Ban.jpg\",\"width\":200,\"height\":200},{\"@type\":\"BreadcrumbList\",\"@id\":\"https:\/\/lydaily.vn\/jp\/san-pham\/thuc-pham-chuc-nang-tao-nau-fucoidan-okinawa-kanehide-bio-180-vien-nhat-ban\/#breadcrumb\",\"itemListElement\":[{\"@type\":\"ListItem\",\"position\":1,\"name\":\"Home\",\"item\":\"https:\/\/lydaily.vn\/jp\/\"},{\"@type\":\"ListItem\",\"position\":2,\"name\":\"S\u1ea3n ph\u1ea9m\",\"item\":\"https:\/\/lydaily.vn\/jp\/san-pham\/\"},{\"@type\":\"ListItem\",\"position\":3,\"name\":\"Th\u1ef1c ph\u1ea9m ch\u1ee9c n\u0103ng T\u1ea3o n\u00e2u Fucoidan Okinawa Kanehide Bio 180 vi\u00ean Nh\u1eadt B\u1ea3n\"}]},{\"@type\":\"WebSite\",\"@id\":\"https:\/\/lydaily.vn\/jp\/#website\",\"url\":\"https:\/\/lydaily.vn\/jp\/\",\"name\":\"Ly Daily\",\"description\":\"Th\u1ef1c Ph\u1ea9m Ch\u1ee9c N\u0103ng &amp; M\u1ef9 Ph\u1ea9m t\u1ea1i Nh\u1eadt B\u1ea3n v\u00e0 Vi\u1ec7t Nam\",\"potentialAction\":[{\"@type\":\"SearchAction\",\"target\":{\"@type\":\"EntryPoint\",\"urlTemplate\":\"https:\/\/lydaily.vn\/jp\/?s={search_term_string}\"},\"query-input\":{\"@type\":\"PropertyValueSpecification\",\"valueRequired\":true,\"valueName\":\"search_term_string\"}}],\"inLanguage\":\"vi\"}]}<\/script>\n<!-- \/ Yoast SEO Premium plugin. -->","yoast_head_json":{"title":"Th\u1ef1c ph\u1ea9m ch\u1ee9c n\u0103ng T\u1ea3o n\u00e2u Fucoidan Okinawa Kanehide Bio 180 vi\u00ean Nh\u1eadt B\u1ea3n - Ly Daily","robots":{"index":"index","follow":"follow","max-snippet":"max-snippet:-1","max-image-preview":"max-image-preview:large","max-video-preview":"max-video-preview:-1"},"canonical":"https:\/\/lydaily.vn\/jp\/san-pham\/thuc-pham-chuc-nang-tao-nau-fucoidan-okinawa-kanehide-bio-180-vien-nhat-ban\/","og_locale":"vi_VN","og_type":"article","og_title":"Th\u1ef1c ph\u1ea9m ch\u1ee9c n\u0103ng T\u1ea3o n\u00e2u Fucoidan Okinawa Kanehide Bio 180 vi\u00ean Nh\u1eadt B\u1ea3n","og_description":"Vi\u00ean u\u1ed1ng t\u1ea3o n\u00e2u Fucoidan Okinawa Kanehide Bio 180 capsules h\u1ed9p xanh c\u1ee7a Nh\u1eadt B\u1ea3n. Thu\u1ed1c c\u00f3 c\u00f4ng d\u1ee5ng gi\u00fap t\u0103ng c\u01b0\u1eddng s\u1ee9c kh\u1ecfe, ng\u0103n ng\u1eeba v\u00e0 \u0111i\u1ec1u tr\u1ecb ung th\u01b0","og_url":"https:\/\/lydaily.vn\/jp\/san-pham\/thuc-pham-chuc-nang-tao-nau-fucoidan-okinawa-kanehide-bio-180-vien-nhat-ban\/","og_site_name":"Ly Daily","article_modified_time":"2026-03-13T04:42:52+00:00","og_image":[{"width":200,"height":200,"url":"https:\/\/lydaily.vn\/jp\/wp-content\/uploads\/2026\/02\/Thuc-pham-chuc-nang-Tao-nau-Fucoidan-Okinawa-Kanehide-Bio-180-vien-Nhat-Ban.jpg","type":"image\/jpeg"}],"twitter_card":"summary_large_image","twitter_misc":{"\u01af\u1edbc t\u00ednh th\u1eddi gian \u0111\u1ecdc":"3 ph\u00fat"},"schema":{"@context":"https:\/\/schema.org","@graph":[{"@type":"WebPage","@id":"https:\/\/lydaily.vn\/jp\/san-pham\/thuc-pham-chuc-nang-tao-nau-fucoidan-okinawa-kanehide-bio-180-vien-nhat-ban\/","url":"https:\/\/lydaily.vn\/jp\/san-pham\/thuc-pham-chuc-nang-tao-nau-fucoidan-okinawa-kanehide-bio-180-vien-nhat-ban\/","name":"Th\u1ef1c ph\u1ea9m ch\u1ee9c n\u0103ng T\u1ea3o n\u00e2u Fucoidan Okinawa Kanehide Bio 180 vi\u00ean Nh\u1eadt B\u1ea3n - Ly Daily","isPartOf":{"@id":"https:\/\/lydaily.vn\/jp\/#website"},"primaryImageOfPage":{"@id":"https:\/\/lydaily.vn\/jp\/san-pham\/thuc-pham-chuc-nang-tao-nau-fucoidan-okinawa-kanehide-bio-180-vien-nhat-ban\/#primaryimage"},"image":{"@id":"https:\/\/lydaily.vn\/jp\/san-pham\/thuc-pham-chuc-nang-tao-nau-fucoidan-okinawa-kanehide-bio-180-vien-nhat-ban\/#primaryimage"},"thumbnailUrl":"https:\/\/lydaily.vn\/jp\/wp-content\/uploads\/2026\/02\/Thuc-pham-chuc-nang-Tao-nau-Fucoidan-Okinawa-Kanehide-Bio-180-vien-Nhat-Ban.jpg","datePublished":"2026-02-27T11:12:40+00:00","dateModified":"2026-03-13T04:42:52+00:00","breadcrumb":{"@id":"https:\/\/lydaily.vn\/jp\/san-pham\/thuc-pham-chuc-nang-tao-nau-fucoidan-okinawa-kanehide-bio-180-vien-nhat-ban\/#breadcrumb"},"inLanguage":"vi","potentialAction":[{"@type":"ReadAction","target":["https:\/\/lydaily.vn\/jp\/san-pham\/thuc-pham-chuc-nang-tao-nau-fucoidan-okinawa-kanehide-bio-180-vien-nhat-ban\/"]}]},{"@type":"ImageObject","inLanguage":"vi","@id":"https:\/\/lydaily.vn\/jp\/san-pham\/thuc-pham-chuc-nang-tao-nau-fucoidan-okinawa-kanehide-bio-180-vien-nhat-ban\/#primaryimage","url":"https:\/\/lydaily.vn\/jp\/wp-content\/uploads\/2026\/02\/Thuc-pham-chuc-nang-Tao-nau-Fucoidan-Okinawa-Kanehide-Bio-180-vien-Nhat-Ban.jpg","contentUrl":"https:\/\/lydaily.vn\/jp\/wp-content\/uploads\/2026\/02\/Thuc-pham-chuc-nang-Tao-nau-Fucoidan-Okinawa-Kanehide-Bio-180-vien-Nhat-Ban.jpg","width":200,"height":200},{"@type":"BreadcrumbList","@id":"https:\/\/lydaily.vn\/jp\/san-pham\/thuc-pham-chuc-nang-tao-nau-fucoidan-okinawa-kanehide-bio-180-vien-nhat-ban\/#breadcrumb","itemListElement":[{"@type":"ListItem","position":1,"name":"Home","item":"https:\/\/lydaily.vn\/jp\/"},{"@type":"ListItem","position":2,"name":"S\u1ea3n ph\u1ea9m","item":"https:\/\/lydaily.vn\/jp\/san-pham\/"},{"@type":"ListItem","position":3,"name":"Th\u1ef1c ph\u1ea9m ch\u1ee9c n\u0103ng T\u1ea3o n\u00e2u Fucoidan Okinawa Kanehide Bio 180 vi\u00ean Nh\u1eadt B\u1ea3n"}]},{"@type":"WebSite","@id":"https:\/\/lydaily.vn\/jp\/#website","url":"https:\/\/lydaily.vn\/jp\/","name":"Ly Daily","description":"Th\u1ef1c Ph\u1ea9m Ch\u1ee9c N\u0103ng &amp; M\u1ef9 Ph\u1ea9m t\u1ea1i Nh\u1eadt B\u1ea3n v\u00e0 Vi\u1ec7t Nam","potentialAction":[{"@type":"SearchAction","target":{"@type":"EntryPoint","urlTemplate":"https:\/\/lydaily.vn\/jp\/?s={search_term_string}"},"query-input":{"@type":"PropertyValueSpecification","valueRequired":true,"valueName":"search_term_string"}}],"inLanguage":"vi"}]}},"_links":{"self":[{"href":"https:\/\/lydaily.vn\/jp\/wp-json\/wp\/v2\/product\/186","targetHints":{"allow":["GET"]}}],"collection":[{"href":"https:\/\/lydaily.vn\/jp\/wp-json\/wp\/v2\/product"}],"about":[{"href":"https:\/\/lydaily.vn\/jp\/wp-json\/wp\/v2\/types\/product"}],"replies":[{"embeddable":true,"href":"https:\/\/lydaily.vn\/jp\/wp-json\/wp\/v2\/comments?post=186"}],"wp:featuredmedia":[{"embeddable":true,"href":"https:\/\/lydaily.vn\/jp\/wp-json\/wp\/v2\/media\/187"}],"wp:attachment":[{"href":"https:\/\/lydaily.vn\/jp\/wp-json\/wp\/v2\/media?parent=186"}],"wp:term":[{"taxonomy":"product_brand","embeddable":true,"href":"https:\/\/lydaily.vn\/jp\/wp-json\/wp\/v2\/product_brand?post=186"},{"taxonomy":"product_cat","embeddable":true,"href":"https:\/\/lydaily.vn\/jp\/wp-json\/wp\/v2\/product_cat?post=186"},{"taxonomy":"product_tag","embeddable":true,"href":"https:\/\/lydaily.vn\/jp\/wp-json\/wp\/v2\/product_tag?post=186"}],"curies":[{"name":"wp","href":"https:\/\/api.w.org\/{rel}","templated":true}]}}