{"id":184,"date":"2026-02-27T11:09:20","date_gmt":"2026-02-27T11:09:20","guid":{"rendered":"https:\/\/lydaily.qweb.com.vn\/?post_type=product&#038;p=184"},"modified":"2026-03-13T04:41:14","modified_gmt":"2026-03-13T04:41:14","slug":"vien-uong-ho-tro-giam-gout-nhat-ban-anserine-minami-240-vien","status":"publish","type":"product","link":"https:\/\/lydaily.vn\/jp\/san-pham\/vien-uong-ho-tro-giam-gout-nhat-ban-anserine-minami-240-vien\/","title":{"rendered":"Vi\u00ean u\u1ed1ng h\u1ed7 tr\u1ee3 gi\u1ea3m Gout Nh\u1eadt B\u1ea3n Anserine Minami 240 Vi\u00ean"},"content":{"rendered":"<h2><strong>C\u00f4ng d\u1ee5ng c\u1ee7a vi\u00ean u\u1ed1ng Gout Anserine Minami<\/strong><\/h2>\n<p>&#8211; Xoa d\u1ecbu c\u00e1c c\u01a1n \u0111au r\u00e1t, s\u01b0ng t\u1ea5y \u1edf c\u00e1c kh\u1edbp tay, ch\u00e2n.<\/p>\n<p>&#8211; L\u00e0m suy gi\u1ea3m h\u00e0m l\u01b0\u1ee3ng acid uric t\u1ed3n \u0111\u1ed9ng \u1edf c\u00e1c kh\u1edbp x\u01b0\u01a1ng, \u0111\u00e1nh bay nguy\u00ean nh\u00e2n ch\u00ednh c\u1ee7a Gout.<\/p>\n<p>&#8211; H\u1ed7 tr\u1ee3 th\u00fac \u0111\u1ea9y qu\u00e1 tr\u00ecnh t\u1ef1 \u0111\u00e0o th\u1ea3i ch\u1ea5t \u0111\u1ed9c h\u1ea1i ra kh\u1ecfi c\u01a1 th\u1ec3, gi\u00fap c\u01a1 th\u1ec3 nh\u1eb9 nh\u00e0ng\u00a0v\u00e0 kh\u1ecfe kho\u1eafn h\u01a1n.<\/p>\n<p>&#8211; C\u00e2n b\u1eb1ng l\u01b0\u1ee3ng m\u1ee1 trong m\u00e1u, gi\u1ea3m vi\u00eam, xoa d\u1ecbu c\u00e1c tri\u1ec7u ch\u1ee9ng v\u00e0 bi\u1ebfn ch\u1ee9ng c\u1ee7a Gout \u1edf ng\u01b0\u1eddi d\u00f9ng.<\/p>\n<h2><strong>Th\u00e0nh ph\u1ea7n c\u1ee7a vi\u00ean u\u1ed1ng Gout Anserine Minami<\/strong><\/h2>\n<p>Chi\u1ebft xu\u1ea5t v\u1ecf c\u00e2y li\u1ec5u tr\u1eafng, anserin d\u1ea1ng peptit chi\u1ebft xu\u1ea5t t\u1eeb c\u00e1, d\u1ecbch v\u1ecf c\u00e2y western, lactose, cellulose d\u1ea1ng tinh th\u1ec3, sucrose ester,\u2026<\/p>\n<h2><strong>C\u00e1ch s\u1eed d\u1ee5ng vi\u00ean u\u1ed1ng\u00a0Gout Anserine Minami<\/strong><\/h2>\n<p>&#8211; U\u1ed1ng m\u1ed7i ng\u00e0y 8 vi\u00ean, chia th\u00e0nh 2 \u0111\u1ebfn 3 l\u1ea7n, u\u1ed1ng sau b\u1eefa \u0103n.<\/p>\n<p>&#8211; Khi s\u1eed d\u1ee5ng s\u1ea3n ph\u1ea9m, n\u00ean u\u1ed1ng nhi\u1ec1u n\u01b0\u1edbc \u0111\u1ec3 gi\u00fap h\u1ea5p th\u1ee5 t\u1ed1t v\u00e0 h\u1ed7 tr\u1ee3 \u0111\u00e0o th\u1ea3i nhanh nh\u1eefng \u0111\u1ed9c t\u1ed1 b\u00ean trong c\u01a1 th\u1ec3.<\/p>\n<p>&#8211; S\u1eed d\u1ee5ng \u0111\u1ec1u \u0111\u1eb7n m\u1ed7i ng\u00e0y \u0111\u1ec3 mang l\u1ea1i hi\u1ec7u qu\u1ea3 t\u1ed1t nh\u1ea5t.<\/p>\n<p><strong>L\u01b0u \u00fd:<\/strong><\/p>\n<p>&#8211; S\u1ea3n ph\u1ea9m kh\u00f4ng d\u00e0nh cho tr\u1ebb em d\u01b0\u1edbi 15 tu\u1ed5i, ph\u1ee5 n\u1eef \u0111ang mang thai ho\u1eb7c cho con b\u00fa.<\/p>\n<p>&#8211; Vi\u00ean u\u1ed1ng n\u00e0y kh\u00f4ng ph\u1ea3i l\u00e0 thu\u1ed1c n\u00ean kh\u00f4ng c\u00f3 c\u00f4ng d\u1ee5ng ch\u1eefa b\u1ec7nh.<\/p>\n<p>&#8211; Hi\u1ec7u qu\u1ea3 c\u00f3 th\u1ec3 kh\u00e1c nhau tu\u1ef3 theo c\u01a1 \u0111\u1ecba ng\u01b0\u1eddi d\u00f9ng.<\/p>\n<h2><strong>C\u00e1ch b\u1ea3o qu\u1ea3n<\/strong><\/h2>\n<p>&#8211; Tr\u00e1nh xa t\u1ea7m tay tr\u1ebb em<\/p>\n<p>&#8211; \u0110\u1ec3 n\u01a1i tho\u00e1ng m\u00e1t, tr\u00e1nh \u00e1nh n\u1eafng m\u1eb7t tr\u1eddi v\u00e0 nhi\u1ec7t \u0111\u1ed9 cao ti\u1ebfp x\u00fac tr\u1ef1c ti\u1ebfp.<\/p>\n","protected":false},"excerpt":{"rendered":"<table class=\"cs-table-product cs-productstructtable\">\n<tbody>\n<tr class=\"cs-itemproinfo\">\n<td>D\u1ea1ng b\u00e0o ch\u1ebf<\/td>\n<td>Vi\u00ean n\u00e9n<\/td>\n<\/tr>\n<tr class=\"cs-itemproinfo\">\n<td>Quy c\u00e1ch \u0111\u00f3ng g\u00f3i<\/td>\n<td>H\u1ed9p 240 vi\u00ean<\/td>\n<\/tr>\n<tr id=\"cs-hoat-chat\">\n<td>Ho\u1ea1t ch\u1ea5t<\/td>\n<td>Anserine<\/td>\n<\/tr>\n<tr id=\"cs-hoat-chat\">\n<td>D\u01b0\u1ee3c li\u1ec7u<\/td>\n<td>Li\u1ec5u r\u1ee7 (Li\u1ec5u r\u0169 &#8211; Salix babylonica L.)<\/td>\n<\/tr>\n<tr>\n<td>Xu\u1ea5t x\u1ee9<\/td>\n<td>Nh\u1eadt B\u1ea3n<\/td>\n<\/tr>\n<\/tbody>\n<\/table>\n","protected":false},"featured_media":185,"comment_status":"open","ping_status":"closed","template":"","meta":[],"product_brand":[],"product_cat":[21],"product_tag":[],"class_list":{"0":"post-184","1":"product","2":"type-product","3":"status-publish","4":"has-post-thumbnail","6":"product_cat-thuc-pham-chuc-nang","8":"first","9":"instock","10":"shipping-taxable","11":"purchasable","12":"product-type-simple"},"yoast_head":"<!-- This site is optimized with the Yoast SEO Premium plugin v22.3 (Yoast SEO v27.1.1) - https:\/\/yoast.com\/product\/yoast-seo-premium-wordpress\/ -->\n<title>Vi\u00ean u\u1ed1ng h\u1ed7 tr\u1ee3 gi\u1ea3m Gout Nh\u1eadt B\u1ea3n Anserine Minami 240 Vi\u00ean - Ly Daily<\/title>\n<meta name=\"robots\" content=\"index, follow, max-snippet:-1, max-image-preview:large, max-video-preview:-1\" \/>\n<link rel=\"canonical\" href=\"https:\/\/lydaily.vn\/jp\/san-pham\/vien-uong-ho-tro-giam-gout-nhat-ban-anserine-minami-240-vien\/\" \/>\n<meta property=\"og:locale\" content=\"vi_VN\" \/>\n<meta property=\"og:type\" content=\"article\" \/>\n<meta property=\"og:title\" content=\"Vi\u00ean u\u1ed1ng h\u1ed7 tr\u1ee3 gi\u1ea3m Gout Nh\u1eadt B\u1ea3n Anserine Minami 240 Vi\u00ean\" \/>\n<meta property=\"og:description\" content=\"D\u1ea1ng b\u00e0o ch\u1ebf Vi\u00ean n\u00e9n   Quy c\u00e1ch \u0111\u00f3ng g\u00f3i H\u1ed9p 240 vi\u00ean   Ho\u1ea1t ch\u1ea5t Anserine   D\u01b0\u1ee3c li\u1ec7u Li\u1ec5u r\u1ee7 (Li\u1ec5u r\u0169 - Salix babylonica L.)   Xu\u1ea5t x\u1ee9 Nh\u1eadt B\u1ea3n\" \/>\n<meta property=\"og:url\" content=\"https:\/\/lydaily.vn\/jp\/san-pham\/vien-uong-ho-tro-giam-gout-nhat-ban-anserine-minami-240-vien\/\" \/>\n<meta property=\"og:site_name\" content=\"Ly Daily\" \/>\n<meta property=\"article:modified_time\" content=\"2026-03-13T04:41:14+00:00\" \/>\n<meta property=\"og:image\" content=\"https:\/\/lydaily.vn\/jp\/wp-content\/uploads\/2026\/02\/Vien-uong-ho-tro-giam-Gout-Nhat-Ban-Anserine-Minami-240-Vien.webp\" \/>\n\t<meta property=\"og:image:width\" content=\"700\" \/>\n\t<meta property=\"og:image:height\" content=\"700\" \/>\n\t<meta property=\"og:image:type\" content=\"image\/webp\" \/>\n<meta name=\"twitter:card\" content=\"summary_large_image\" \/>\n<meta name=\"twitter:label1\" content=\"\u01af\u1edbc t\u00ednh th\u1eddi gian \u0111\u1ecdc\" \/>\n\t<meta name=\"twitter:data1\" content=\"2 ph\u00fat\" \/>\n<script type=\"application\/ld+json\" class=\"yoast-schema-graph\">{\"@context\":\"https:\/\/schema.org\",\"@graph\":[{\"@type\":\"WebPage\",\"@id\":\"https:\/\/lydaily.vn\/jp\/san-pham\/vien-uong-ho-tro-giam-gout-nhat-ban-anserine-minami-240-vien\/\",\"url\":\"https:\/\/lydaily.vn\/jp\/san-pham\/vien-uong-ho-tro-giam-gout-nhat-ban-anserine-minami-240-vien\/\",\"name\":\"Vi\u00ean u\u1ed1ng h\u1ed7 tr\u1ee3 gi\u1ea3m Gout Nh\u1eadt B\u1ea3n Anserine Minami 240 Vi\u00ean - Ly Daily\",\"isPartOf\":{\"@id\":\"https:\/\/lydaily.vn\/jp\/#website\"},\"primaryImageOfPage\":{\"@id\":\"https:\/\/lydaily.vn\/jp\/san-pham\/vien-uong-ho-tro-giam-gout-nhat-ban-anserine-minami-240-vien\/#primaryimage\"},\"image\":{\"@id\":\"https:\/\/lydaily.vn\/jp\/san-pham\/vien-uong-ho-tro-giam-gout-nhat-ban-anserine-minami-240-vien\/#primaryimage\"},\"thumbnailUrl\":\"https:\/\/lydaily.vn\/jp\/wp-content\/uploads\/2026\/02\/Vien-uong-ho-tro-giam-Gout-Nhat-Ban-Anserine-Minami-240-Vien.webp\",\"datePublished\":\"2026-02-27T11:09:20+00:00\",\"dateModified\":\"2026-03-13T04:41:14+00:00\",\"breadcrumb\":{\"@id\":\"https:\/\/lydaily.vn\/jp\/san-pham\/vien-uong-ho-tro-giam-gout-nhat-ban-anserine-minami-240-vien\/#breadcrumb\"},\"inLanguage\":\"vi\",\"potentialAction\":[{\"@type\":\"ReadAction\",\"target\":[\"https:\/\/lydaily.vn\/jp\/san-pham\/vien-uong-ho-tro-giam-gout-nhat-ban-anserine-minami-240-vien\/\"]}]},{\"@type\":\"ImageObject\",\"inLanguage\":\"vi\",\"@id\":\"https:\/\/lydaily.vn\/jp\/san-pham\/vien-uong-ho-tro-giam-gout-nhat-ban-anserine-minami-240-vien\/#primaryimage\",\"url\":\"https:\/\/lydaily.vn\/jp\/wp-content\/uploads\/2026\/02\/Vien-uong-ho-tro-giam-Gout-Nhat-Ban-Anserine-Minami-240-Vien.webp\",\"contentUrl\":\"https:\/\/lydaily.vn\/jp\/wp-content\/uploads\/2026\/02\/Vien-uong-ho-tro-giam-Gout-Nhat-Ban-Anserine-Minami-240-Vien.webp\",\"width\":700,\"height\":700},{\"@type\":\"BreadcrumbList\",\"@id\":\"https:\/\/lydaily.vn\/jp\/san-pham\/vien-uong-ho-tro-giam-gout-nhat-ban-anserine-minami-240-vien\/#breadcrumb\",\"itemListElement\":[{\"@type\":\"ListItem\",\"position\":1,\"name\":\"Home\",\"item\":\"https:\/\/lydaily.vn\/jp\/\"},{\"@type\":\"ListItem\",\"position\":2,\"name\":\"S\u1ea3n ph\u1ea9m\",\"item\":\"https:\/\/lydaily.vn\/jp\/san-pham\/\"},{\"@type\":\"ListItem\",\"position\":3,\"name\":\"Vi\u00ean u\u1ed1ng h\u1ed7 tr\u1ee3 gi\u1ea3m Gout Nh\u1eadt B\u1ea3n Anserine Minami 240 Vi\u00ean\"}]},{\"@type\":\"WebSite\",\"@id\":\"https:\/\/lydaily.vn\/jp\/#website\",\"url\":\"https:\/\/lydaily.vn\/jp\/\",\"name\":\"Ly Daily\",\"description\":\"Th\u1ef1c Ph\u1ea9m Ch\u1ee9c N\u0103ng &amp; M\u1ef9 Ph\u1ea9m t\u1ea1i Nh\u1eadt B\u1ea3n v\u00e0 Vi\u1ec7t Nam\",\"potentialAction\":[{\"@type\":\"SearchAction\",\"target\":{\"@type\":\"EntryPoint\",\"urlTemplate\":\"https:\/\/lydaily.vn\/jp\/?s={search_term_string}\"},\"query-input\":{\"@type\":\"PropertyValueSpecification\",\"valueRequired\":true,\"valueName\":\"search_term_string\"}}],\"inLanguage\":\"vi\"}]}<\/script>\n<!-- \/ Yoast SEO Premium plugin. -->","yoast_head_json":{"title":"Vi\u00ean u\u1ed1ng h\u1ed7 tr\u1ee3 gi\u1ea3m Gout Nh\u1eadt B\u1ea3n Anserine Minami 240 Vi\u00ean - Ly Daily","robots":{"index":"index","follow":"follow","max-snippet":"max-snippet:-1","max-image-preview":"max-image-preview:large","max-video-preview":"max-video-preview:-1"},"canonical":"https:\/\/lydaily.vn\/jp\/san-pham\/vien-uong-ho-tro-giam-gout-nhat-ban-anserine-minami-240-vien\/","og_locale":"vi_VN","og_type":"article","og_title":"Vi\u00ean u\u1ed1ng h\u1ed7 tr\u1ee3 gi\u1ea3m Gout Nh\u1eadt B\u1ea3n Anserine Minami 240 Vi\u00ean","og_description":"D\u1ea1ng b\u00e0o ch\u1ebf Vi\u00ean n\u00e9n   Quy c\u00e1ch \u0111\u00f3ng g\u00f3i H\u1ed9p 240 vi\u00ean   Ho\u1ea1t ch\u1ea5t Anserine   D\u01b0\u1ee3c li\u1ec7u Li\u1ec5u r\u1ee7 (Li\u1ec5u r\u0169 - Salix babylonica L.)   Xu\u1ea5t x\u1ee9 Nh\u1eadt B\u1ea3n","og_url":"https:\/\/lydaily.vn\/jp\/san-pham\/vien-uong-ho-tro-giam-gout-nhat-ban-anserine-minami-240-vien\/","og_site_name":"Ly Daily","article_modified_time":"2026-03-13T04:41:14+00:00","og_image":[{"width":700,"height":700,"url":"https:\/\/lydaily.vn\/jp\/wp-content\/uploads\/2026\/02\/Vien-uong-ho-tro-giam-Gout-Nhat-Ban-Anserine-Minami-240-Vien.webp","type":"image\/webp"}],"twitter_card":"summary_large_image","twitter_misc":{"\u01af\u1edbc t\u00ednh th\u1eddi gian \u0111\u1ecdc":"2 ph\u00fat"},"schema":{"@context":"https:\/\/schema.org","@graph":[{"@type":"WebPage","@id":"https:\/\/lydaily.vn\/jp\/san-pham\/vien-uong-ho-tro-giam-gout-nhat-ban-anserine-minami-240-vien\/","url":"https:\/\/lydaily.vn\/jp\/san-pham\/vien-uong-ho-tro-giam-gout-nhat-ban-anserine-minami-240-vien\/","name":"Vi\u00ean u\u1ed1ng h\u1ed7 tr\u1ee3 gi\u1ea3m Gout Nh\u1eadt B\u1ea3n Anserine Minami 240 Vi\u00ean - Ly Daily","isPartOf":{"@id":"https:\/\/lydaily.vn\/jp\/#website"},"primaryImageOfPage":{"@id":"https:\/\/lydaily.vn\/jp\/san-pham\/vien-uong-ho-tro-giam-gout-nhat-ban-anserine-minami-240-vien\/#primaryimage"},"image":{"@id":"https:\/\/lydaily.vn\/jp\/san-pham\/vien-uong-ho-tro-giam-gout-nhat-ban-anserine-minami-240-vien\/#primaryimage"},"thumbnailUrl":"https:\/\/lydaily.vn\/jp\/wp-content\/uploads\/2026\/02\/Vien-uong-ho-tro-giam-Gout-Nhat-Ban-Anserine-Minami-240-Vien.webp","datePublished":"2026-02-27T11:09:20+00:00","dateModified":"2026-03-13T04:41:14+00:00","breadcrumb":{"@id":"https:\/\/lydaily.vn\/jp\/san-pham\/vien-uong-ho-tro-giam-gout-nhat-ban-anserine-minami-240-vien\/#breadcrumb"},"inLanguage":"vi","potentialAction":[{"@type":"ReadAction","target":["https:\/\/lydaily.vn\/jp\/san-pham\/vien-uong-ho-tro-giam-gout-nhat-ban-anserine-minami-240-vien\/"]}]},{"@type":"ImageObject","inLanguage":"vi","@id":"https:\/\/lydaily.vn\/jp\/san-pham\/vien-uong-ho-tro-giam-gout-nhat-ban-anserine-minami-240-vien\/#primaryimage","url":"https:\/\/lydaily.vn\/jp\/wp-content\/uploads\/2026\/02\/Vien-uong-ho-tro-giam-Gout-Nhat-Ban-Anserine-Minami-240-Vien.webp","contentUrl":"https:\/\/lydaily.vn\/jp\/wp-content\/uploads\/2026\/02\/Vien-uong-ho-tro-giam-Gout-Nhat-Ban-Anserine-Minami-240-Vien.webp","width":700,"height":700},{"@type":"BreadcrumbList","@id":"https:\/\/lydaily.vn\/jp\/san-pham\/vien-uong-ho-tro-giam-gout-nhat-ban-anserine-minami-240-vien\/#breadcrumb","itemListElement":[{"@type":"ListItem","position":1,"name":"Home","item":"https:\/\/lydaily.vn\/jp\/"},{"@type":"ListItem","position":2,"name":"S\u1ea3n ph\u1ea9m","item":"https:\/\/lydaily.vn\/jp\/san-pham\/"},{"@type":"ListItem","position":3,"name":"Vi\u00ean u\u1ed1ng h\u1ed7 tr\u1ee3 gi\u1ea3m Gout Nh\u1eadt B\u1ea3n Anserine Minami 240 Vi\u00ean"}]},{"@type":"WebSite","@id":"https:\/\/lydaily.vn\/jp\/#website","url":"https:\/\/lydaily.vn\/jp\/","name":"Ly Daily","description":"Th\u1ef1c Ph\u1ea9m Ch\u1ee9c N\u0103ng &amp; M\u1ef9 Ph\u1ea9m t\u1ea1i Nh\u1eadt B\u1ea3n v\u00e0 Vi\u1ec7t Nam","potentialAction":[{"@type":"SearchAction","target":{"@type":"EntryPoint","urlTemplate":"https:\/\/lydaily.vn\/jp\/?s={search_term_string}"},"query-input":{"@type":"PropertyValueSpecification","valueRequired":true,"valueName":"search_term_string"}}],"inLanguage":"vi"}]}},"_links":{"self":[{"href":"https:\/\/lydaily.vn\/jp\/wp-json\/wp\/v2\/product\/184","targetHints":{"allow":["GET"]}}],"collection":[{"href":"https:\/\/lydaily.vn\/jp\/wp-json\/wp\/v2\/product"}],"about":[{"href":"https:\/\/lydaily.vn\/jp\/wp-json\/wp\/v2\/types\/product"}],"replies":[{"embeddable":true,"href":"https:\/\/lydaily.vn\/jp\/wp-json\/wp\/v2\/comments?post=184"}],"wp:featuredmedia":[{"embeddable":true,"href":"https:\/\/lydaily.vn\/jp\/wp-json\/wp\/v2\/media\/185"}],"wp:attachment":[{"href":"https:\/\/lydaily.vn\/jp\/wp-json\/wp\/v2\/media?parent=184"}],"wp:term":[{"taxonomy":"product_brand","embeddable":true,"href":"https:\/\/lydaily.vn\/jp\/wp-json\/wp\/v2\/product_brand?post=184"},{"taxonomy":"product_cat","embeddable":true,"href":"https:\/\/lydaily.vn\/jp\/wp-json\/wp\/v2\/product_cat?post=184"},{"taxonomy":"product_tag","embeddable":true,"href":"https:\/\/lydaily.vn\/jp\/wp-json\/wp\/v2\/product_tag?post=184"}],"curies":[{"name":"wp","href":"https:\/\/api.w.org\/{rel}","templated":true}]}}